{"id":84452,"date":"2026-04-22T14:52:26","date_gmt":"2026-04-22T13:52:27","guid":{"rendered":"https:\/\/www.guardsmandogguards.co.uk\/?post_type=product&#038;p=84452"},"modified":"2026-04-22T15:16:28","modified_gmt":"2026-04-22T14:16:28","slug":"mini-aceman-grille-de-separation-pour-chien-et-grille-de-division-adaptable-g1772b-copy","status":"publish","type":"product","link":"https:\/\/www.guardsmandogguards.co.uk\/fr\/produit\/mini-aceman-grille-de-separation-pour-chien-et-grille-de-division-adaptable-g1772b-copy\/","title":{"rendered":"MINI Countryman #3 (U25) GRILLE DE S\u00c9PARATION POUR CHIEN ET GRILLE DE DIVISION ADAPTABLE (G1777B*)"},"content":{"rendered":"<p>Notre kit \u00ab GUARDSMAN \u00bb MINI Countryman #3 comprenant une grille de s\u00e9paration pour chien et un s\u00e9parateur de coffre modulable inclut une grille de s\u00e9paration sp\u00e9cifique \u00e0 votre v\u00e9hicule, cr\u00e9ant une barri\u00e8re s\u00e9curis\u00e9e entre le coffre et l&rsquo;habitacle, ainsi qu&rsquo;un s\u00e9parateur de coffre modulable permettant de diviser l&rsquo;espace de chargement en deux compartiments de tailles diff\u00e9rentes, de 40\/60 \u00e0 60\/40.<\/p>\n<p>Pour une installation correcte, les si\u00e8ges arri\u00e8re doivent \u00eatre r\u00e9gl\u00e9s et maintenus dans une position pr\u00e9cise. Veuillez consulter les images sur cette page produit et les instructions de montage.<\/p>\n<p>La hauteur du plancher du coffre peut varier selon les sp\u00e9cifications de votre v\u00e9hicule. Afin de fabriquer un s\u00e9parateur de coffre \u00e0 la hauteur id\u00e9ale pour votre voiture, nous vous demandons de nous communiquer une dimension.<\/p>\n<p>Regardez cette vid\u00e9o YouTube qui vous montre comment mesurer correctement la hauteur de votre coffre\u00a0:<\/p>\n<p><a href=\"https:\/\/www.youtube.com\/watch?v=N55z-8rOCfo\" target=\"_blank\" rel=\"noopener\">Comment mesurer pour Votre Diviseur Guardsman<\/a><\/p>\n<p>Ces mesures nous permettront de fabriquer un s\u00e9parateur de coffre aux dimensions exactes.<\/p>\n<p>Veuillez saisir la mesure dans le formulaire de commande en ligne lors de sa validation.<\/p>\n<ul>\n<li>Id\u00e9ale pour la s\u00e9paration de deux chiens, ou pour s\u00e9parer les bagages du chien<\/li>\n<li>Montage rapide sans besoin de modifier le v\u00e9hicule<\/li>\n<li>Instructions de montage et toutes fixations n\u00e9cessaires fournis<\/li>\n<li>Cadre externe de la grille fabriqu\u00e9 en tuyau de 19 mm, maille en acier 50mm- tr\u00e8s r\u00e9sistant et durable.<\/li>\n<li>Peint en rev\u00eatement de poudre noir, conforme aux normes automobiles internationaux.<\/li>\n<li>Fabriqu\u00e9 selon les m\u00eames sp\u00e9cifications que les produits fournis aux constructeurs d\u2019automobiles.<\/li>\n<li>Conforme aux normes de qualit\u00e9 internationales ISO 9001<\/li>\n<\/ul>\n","protected":false},"excerpt":{"rendered":"<p>Notre kit \u00ab GUARDSMAN \u00bb MINI Countryman #3 comprenant une grille de s\u00e9paration pour chien et un s\u00e9parateur de coffre modulable inclut une grille de s\u00e9paration sp\u00e9cifique \u00e0 votre v\u00e9hicule, cr\u00e9ant une barri\u00e8re s\u00e9curis\u00e9e entre le coffre et l&rsquo;habitacle, ainsi [&hellip;]<\/p>\n","protected":false},"featured_media":84437,"template":"","meta":[],"product_brand":[],"product_cat":[1327],"product_tag":[],"class_list":{"0":"post-84452","1":"product","2":"type-product","3":"status-publish","4":"has-post-thumbnail","6":"product_cat-mini-countryman-3-a-partir-de-2024","7":"product_shipping_class-bundle-fr","9":"first","10":"instock","11":"taxable","12":"shipping-taxable","13":"purchasable","14":"product-type-simple"},"yoast_head":"<!-- This site is optimized with the Yoast SEO plugin v26.0 - https:\/\/yoast.com\/wordpress\/plugins\/seo\/ -->\n<title>MINI COUNTRYMAN Grille de division adaptable - Guardsman<\/title>\n<meta name=\"description\" content=\"Vous recherchez un diviseur de garde ou de garde pour la MINI COUNTRYMAN? Ce diviseur de bottes construit au Royaume-Uni constitue une barri\u00e8re solide et s\u00e9curis\u00e9e pour le chien et les passagers.\" \/>\n<meta name=\"robots\" content=\"index, follow, max-snippet:-1, max-image-preview:large, max-video-preview:-1\" \/>\n<link rel=\"canonical\" href=\"https:\/\/www.guardsmandogguards.co.uk\/fr\/produit\/mini-aceman-grille-de-separation-pour-chien-et-grille-de-division-adaptable-g1772b-copy\/\" \/>\n<meta property=\"og:locale\" content=\"fr_FR\" \/>\n<meta property=\"og:type\" content=\"article\" \/>\n<meta property=\"og:title\" content=\"MINI COUNTRYMAN Grille de division adaptable - Guardsman\" \/>\n<meta property=\"og:description\" content=\"Vous recherchez un diviseur de garde ou de garde pour la MINI COUNTRYMAN? Ce diviseur de bottes construit au Royaume-Uni constitue une barri\u00e8re solide et s\u00e9curis\u00e9e pour le chien et les passagers.\" \/>\n<meta property=\"og:url\" content=\"https:\/\/www.guardsmandogguards.co.uk\/fr\/produit\/mini-aceman-grille-de-separation-pour-chien-et-grille-de-division-adaptable-g1772b-copy\/\" \/>\n<meta property=\"og:site_name\" content=\"Guardsman Dog Guards\" \/>\n<meta property=\"article:publisher\" content=\"https:\/\/www.facebook.com\/AthagGuardsman\" \/>\n<meta property=\"article:modified_time\" content=\"2026-04-22T14:16:28+00:00\" \/>\n<meta property=\"og:image\" content=\"https:\/\/www.guardsmandogguards.co.uk\/wp-content\/uploads\/2026\/04\/g1777-mini-countryman.jpg\" \/>\n\t<meta property=\"og:image:width\" content=\"886\" \/>\n\t<meta property=\"og:image:height\" content=\"550\" \/>\n\t<meta property=\"og:image:type\" content=\"image\/jpeg\" \/>\n<meta name=\"twitter:card\" content=\"summary_large_image\" \/>\n<meta name=\"twitter:site\" content=\"@AthagGuardsman\" \/>\n<meta name=\"twitter:label1\" content=\"Dur\u00e9e de lecture estim\u00e9e\" \/>\n\t<meta name=\"twitter:data1\" content=\"1 minute\" \/>\n<script type=\"application\/ld+json\" class=\"yoast-schema-graph\">{\"@context\":\"https:\/\/schema.org\",\"@graph\":[{\"@type\":\"WebPage\",\"@id\":\"https:\/\/www.guardsmandogguards.co.uk\/fr\/produit\/mini-aceman-grille-de-separation-pour-chien-et-grille-de-division-adaptable-g1772b-copy\/\",\"url\":\"https:\/\/www.guardsmandogguards.co.uk\/fr\/produit\/mini-aceman-grille-de-separation-pour-chien-et-grille-de-division-adaptable-g1772b-copy\/\",\"name\":\"MINI COUNTRYMAN Grille de division adaptable - Guardsman\",\"isPartOf\":{\"@id\":\"https:\/\/www.guardsmandogguards.co.uk\/#website\"},\"primaryImageOfPage\":{\"@id\":\"https:\/\/www.guardsmandogguards.co.uk\/fr\/produit\/mini-aceman-grille-de-separation-pour-chien-et-grille-de-division-adaptable-g1772b-copy\/#primaryimage\"},\"image\":{\"@id\":\"https:\/\/www.guardsmandogguards.co.uk\/fr\/produit\/mini-aceman-grille-de-separation-pour-chien-et-grille-de-division-adaptable-g1772b-copy\/#primaryimage\"},\"thumbnailUrl\":\"https:\/\/www.guardsmandogguards.co.uk\/wp-content\/uploads\/2026\/04\/g1777-mini-countryman.jpg\",\"datePublished\":\"2026-04-22T13:52:27+00:00\",\"dateModified\":\"2026-04-22T14:16:28+00:00\",\"description\":\"Vous recherchez un diviseur de garde ou de garde pour la MINI COUNTRYMAN? Ce diviseur de bottes construit au Royaume-Uni constitue une barri\u00e8re solide et s\u00e9curis\u00e9e pour le chien et les passagers.\",\"breadcrumb\":{\"@id\":\"https:\/\/www.guardsmandogguards.co.uk\/fr\/produit\/mini-aceman-grille-de-separation-pour-chien-et-grille-de-division-adaptable-g1772b-copy\/#breadcrumb\"},\"inLanguage\":\"fr-FR\",\"potentialAction\":[{\"@type\":\"ReadAction\",\"target\":[\"https:\/\/www.guardsmandogguards.co.uk\/fr\/produit\/mini-aceman-grille-de-separation-pour-chien-et-grille-de-division-adaptable-g1772b-copy\/\"]}]},{\"@type\":\"ImageObject\",\"inLanguage\":\"fr-FR\",\"@id\":\"https:\/\/www.guardsmandogguards.co.uk\/fr\/produit\/mini-aceman-grille-de-separation-pour-chien-et-grille-de-division-adaptable-g1772b-copy\/#primaryimage\",\"url\":\"https:\/\/www.guardsmandogguards.co.uk\/wp-content\/uploads\/2026\/04\/g1777-mini-countryman.jpg\",\"contentUrl\":\"https:\/\/www.guardsmandogguards.co.uk\/wp-content\/uploads\/2026\/04\/g1777-mini-countryman.jpg\",\"width\":886,\"height\":550},{\"@type\":\"BreadcrumbList\",\"@id\":\"https:\/\/www.guardsmandogguards.co.uk\/fr\/produit\/mini-aceman-grille-de-separation-pour-chien-et-grille-de-division-adaptable-g1772b-copy\/#breadcrumb\",\"itemListElement\":[{\"@type\":\"ListItem\",\"position\":1,\"name\":\"Home\",\"item\":\"https:\/\/www.guardsmandogguards.co.uk\/fr\/\"},{\"@type\":\"ListItem\",\"position\":2,\"name\":\"Products\",\"item\":\"https:\/\/www.guardsmandogguards.co.uk\/shop\/\"},{\"@type\":\"ListItem\",\"position\":3,\"name\":\"MINI Countryman #3 (U25) GRILLE DE S\u00c9PARATION POUR CHIEN ET GRILLE DE DIVISION ADAPTABLE (G1777B*)\"}]},{\"@type\":\"WebSite\",\"@id\":\"https:\/\/www.guardsmandogguards.co.uk\/#website\",\"url\":\"https:\/\/www.guardsmandogguards.co.uk\/\",\"name\":\"Guardsman Dog Guards\",\"description\":\"A full range of Dog Guards and Boot Dividers for all Car Brands and Models\",\"publisher\":{\"@id\":\"https:\/\/www.guardsmandogguards.co.uk\/#organization\"},\"potentialAction\":[{\"@type\":\"SearchAction\",\"target\":{\"@type\":\"EntryPoint\",\"urlTemplate\":\"https:\/\/www.guardsmandogguards.co.uk\/?s={search_term_string}\"},\"query-input\":{\"@type\":\"PropertyValueSpecification\",\"valueRequired\":true,\"valueName\":\"search_term_string\"}}],\"inLanguage\":\"fr-FR\"},{\"@type\":\"Organization\",\"@id\":\"https:\/\/www.guardsmandogguards.co.uk\/#organization\",\"name\":\"Guardsman Dog Guards\",\"url\":\"https:\/\/www.guardsmandogguards.co.uk\/\",\"logo\":{\"@type\":\"ImageObject\",\"inLanguage\":\"fr-FR\",\"@id\":\"https:\/\/www.guardsmandogguards.co.uk\/#\/schema\/logo\/image\/\",\"url\":\"https:\/\/www.guardsmandogguards.co.uk\/wp-content\/uploads\/2017\/08\/guardsman.jpg\",\"contentUrl\":\"https:\/\/www.guardsmandogguards.co.uk\/wp-content\/uploads\/2017\/08\/guardsman.jpg\",\"width\":235,\"height\":235,\"caption\":\"Guardsman Dog Guards\"},\"image\":{\"@id\":\"https:\/\/www.guardsmandogguards.co.uk\/#\/schema\/logo\/image\/\"},\"sameAs\":[\"https:\/\/www.facebook.com\/AthagGuardsman\",\"https:\/\/x.com\/AthagGuardsman\",\"https:\/\/www.linkedin.com\/in\/athag-guardsman-44a5699a\/\"]}]}<\/script>\n<!-- \/ Yoast SEO plugin. -->","yoast_head_json":{"title":"MINI COUNTRYMAN Grille de division adaptable - Guardsman","description":"Vous recherchez un diviseur de garde ou de garde pour la MINI COUNTRYMAN? Ce diviseur de bottes construit au Royaume-Uni constitue une barri\u00e8re solide et s\u00e9curis\u00e9e pour le chien et les passagers.","robots":{"index":"index","follow":"follow","max-snippet":"max-snippet:-1","max-image-preview":"max-image-preview:large","max-video-preview":"max-video-preview:-1"},"canonical":"https:\/\/www.guardsmandogguards.co.uk\/fr\/produit\/mini-aceman-grille-de-separation-pour-chien-et-grille-de-division-adaptable-g1772b-copy\/","og_locale":"fr_FR","og_type":"article","og_title":"MINI COUNTRYMAN Grille de division adaptable - Guardsman","og_description":"Vous recherchez un diviseur de garde ou de garde pour la MINI COUNTRYMAN? Ce diviseur de bottes construit au Royaume-Uni constitue une barri\u00e8re solide et s\u00e9curis\u00e9e pour le chien et les passagers.","og_url":"https:\/\/www.guardsmandogguards.co.uk\/fr\/produit\/mini-aceman-grille-de-separation-pour-chien-et-grille-de-division-adaptable-g1772b-copy\/","og_site_name":"Guardsman Dog Guards","article_publisher":"https:\/\/www.facebook.com\/AthagGuardsman","article_modified_time":"2026-04-22T14:16:28+00:00","og_image":[{"width":886,"height":550,"url":"https:\/\/www.guardsmandogguards.co.uk\/wp-content\/uploads\/2026\/04\/g1777-mini-countryman.jpg","type":"image\/jpeg"}],"twitter_card":"summary_large_image","twitter_site":"@AthagGuardsman","twitter_misc":{"Dur\u00e9e de lecture estim\u00e9e":"1 minute"},"schema":{"@context":"https:\/\/schema.org","@graph":[{"@type":"WebPage","@id":"https:\/\/www.guardsmandogguards.co.uk\/fr\/produit\/mini-aceman-grille-de-separation-pour-chien-et-grille-de-division-adaptable-g1772b-copy\/","url":"https:\/\/www.guardsmandogguards.co.uk\/fr\/produit\/mini-aceman-grille-de-separation-pour-chien-et-grille-de-division-adaptable-g1772b-copy\/","name":"MINI COUNTRYMAN Grille de division adaptable - Guardsman","isPartOf":{"@id":"https:\/\/www.guardsmandogguards.co.uk\/#website"},"primaryImageOfPage":{"@id":"https:\/\/www.guardsmandogguards.co.uk\/fr\/produit\/mini-aceman-grille-de-separation-pour-chien-et-grille-de-division-adaptable-g1772b-copy\/#primaryimage"},"image":{"@id":"https:\/\/www.guardsmandogguards.co.uk\/fr\/produit\/mini-aceman-grille-de-separation-pour-chien-et-grille-de-division-adaptable-g1772b-copy\/#primaryimage"},"thumbnailUrl":"https:\/\/www.guardsmandogguards.co.uk\/wp-content\/uploads\/2026\/04\/g1777-mini-countryman.jpg","datePublished":"2026-04-22T13:52:27+00:00","dateModified":"2026-04-22T14:16:28+00:00","description":"Vous recherchez un diviseur de garde ou de garde pour la MINI COUNTRYMAN? Ce diviseur de bottes construit au Royaume-Uni constitue une barri\u00e8re solide et s\u00e9curis\u00e9e pour le chien et les passagers.","breadcrumb":{"@id":"https:\/\/www.guardsmandogguards.co.uk\/fr\/produit\/mini-aceman-grille-de-separation-pour-chien-et-grille-de-division-adaptable-g1772b-copy\/#breadcrumb"},"inLanguage":"fr-FR","potentialAction":[{"@type":"ReadAction","target":["https:\/\/www.guardsmandogguards.co.uk\/fr\/produit\/mini-aceman-grille-de-separation-pour-chien-et-grille-de-division-adaptable-g1772b-copy\/"]}]},{"@type":"ImageObject","inLanguage":"fr-FR","@id":"https:\/\/www.guardsmandogguards.co.uk\/fr\/produit\/mini-aceman-grille-de-separation-pour-chien-et-grille-de-division-adaptable-g1772b-copy\/#primaryimage","url":"https:\/\/www.guardsmandogguards.co.uk\/wp-content\/uploads\/2026\/04\/g1777-mini-countryman.jpg","contentUrl":"https:\/\/www.guardsmandogguards.co.uk\/wp-content\/uploads\/2026\/04\/g1777-mini-countryman.jpg","width":886,"height":550},{"@type":"BreadcrumbList","@id":"https:\/\/www.guardsmandogguards.co.uk\/fr\/produit\/mini-aceman-grille-de-separation-pour-chien-et-grille-de-division-adaptable-g1772b-copy\/#breadcrumb","itemListElement":[{"@type":"ListItem","position":1,"name":"Home","item":"https:\/\/www.guardsmandogguards.co.uk\/fr\/"},{"@type":"ListItem","position":2,"name":"Products","item":"https:\/\/www.guardsmandogguards.co.uk\/shop\/"},{"@type":"ListItem","position":3,"name":"MINI Countryman #3 (U25) GRILLE DE S\u00c9PARATION POUR CHIEN ET GRILLE DE DIVISION ADAPTABLE (G1777B*)"}]},{"@type":"WebSite","@id":"https:\/\/www.guardsmandogguards.co.uk\/#website","url":"https:\/\/www.guardsmandogguards.co.uk\/","name":"Guardsman Dog Guards","description":"A full range of Dog Guards and Boot Dividers for all Car Brands and Models","publisher":{"@id":"https:\/\/www.guardsmandogguards.co.uk\/#organization"},"potentialAction":[{"@type":"SearchAction","target":{"@type":"EntryPoint","urlTemplate":"https:\/\/www.guardsmandogguards.co.uk\/?s={search_term_string}"},"query-input":{"@type":"PropertyValueSpecification","valueRequired":true,"valueName":"search_term_string"}}],"inLanguage":"fr-FR"},{"@type":"Organization","@id":"https:\/\/www.guardsmandogguards.co.uk\/#organization","name":"Guardsman Dog Guards","url":"https:\/\/www.guardsmandogguards.co.uk\/","logo":{"@type":"ImageObject","inLanguage":"fr-FR","@id":"https:\/\/www.guardsmandogguards.co.uk\/#\/schema\/logo\/image\/","url":"https:\/\/www.guardsmandogguards.co.uk\/wp-content\/uploads\/2017\/08\/guardsman.jpg","contentUrl":"https:\/\/www.guardsmandogguards.co.uk\/wp-content\/uploads\/2017\/08\/guardsman.jpg","width":235,"height":235,"caption":"Guardsman Dog Guards"},"image":{"@id":"https:\/\/www.guardsmandogguards.co.uk\/#\/schema\/logo\/image\/"},"sameAs":["https:\/\/www.facebook.com\/AthagGuardsman","https:\/\/x.com\/AthagGuardsman","https:\/\/www.linkedin.com\/in\/athag-guardsman-44a5699a\/"]}]}},"_links":{"self":[{"href":"https:\/\/www.guardsmandogguards.co.uk\/fr\/wp-json\/wp\/v2\/product\/84452","targetHints":{"allow":["GET"]}}],"collection":[{"href":"https:\/\/www.guardsmandogguards.co.uk\/fr\/wp-json\/wp\/v2\/product"}],"about":[{"href":"https:\/\/www.guardsmandogguards.co.uk\/fr\/wp-json\/wp\/v2\/types\/product"}],"wp:featuredmedia":[{"embeddable":true,"href":"https:\/\/www.guardsmandogguards.co.uk\/fr\/wp-json\/wp\/v2\/media\/84437"}],"wp:attachment":[{"href":"https:\/\/www.guardsmandogguards.co.uk\/fr\/wp-json\/wp\/v2\/media?parent=84452"}],"wp:term":[{"taxonomy":"product_brand","embeddable":true,"href":"https:\/\/www.guardsmandogguards.co.uk\/fr\/wp-json\/wp\/v2\/product_brand?post=84452"},{"taxonomy":"product_cat","embeddable":true,"href":"https:\/\/www.guardsmandogguards.co.uk\/fr\/wp-json\/wp\/v2\/product_cat?post=84452"},{"taxonomy":"product_tag","embeddable":true,"href":"https:\/\/www.guardsmandogguards.co.uk\/fr\/wp-json\/wp\/v2\/product_tag?post=84452"}],"curies":[{"name":"wp","href":"https:\/\/api.w.org\/{rel}","templated":true}]}}