{"id":81446,"date":"2026-02-06T18:12:21","date_gmt":"2026-02-06T18:12:22","guid":{"rendered":"https:\/\/www.guardsmandogguards.co.uk\/?post_type=product&#038;p=81446"},"modified":"2026-03-09T10:03:55","modified_gmt":"2026-03-09T10:03:55","slug":"porsche-cayenne-3-grille-de-separation-pour-chien-et-grille-de-division-adaptable-g1616b-copy","status":"publish","type":"product","link":"https:\/\/www.guardsmandogguards.co.uk\/fr\/produit\/porsche-cayenne-3-grille-de-separation-pour-chien-et-grille-de-division-adaptable-g1616b-copy\/","title":{"rendered":"Porsche Cayenne COUPE Grille de S\u00e9paration pour Chien et Grille de Division Adaptable (G1775B)"},"content":{"rendered":"<p><span style=\"font-weight: 400;\">Notre ensemble de Grille de S\u00e9paration pour Chiens et de Grille de Division Adaptable pour la Porsche Cayenne COUPE- <\/span><span style=\"font-weight: 400;\">(2019~),\u00a0 comprend un pare-chien sp\u00e9cifique au v\u00e9hicule qui offre une barri\u00e8re de s\u00e9curit\u00e9 entre le coffre et l&rsquo;habitacle, ainsi qu&rsquo;un s\u00e9parateur de coffre variable qui permet de divis\u00e9 en deux compartiments.<\/span><\/p>\n<p>Cette grille de s\u00e9paration pour chien n\u00e9cessite un r\u00e9glage pr\u00e9cis du dossier du si\u00e8ge et du plancher du coffre, comme indiqu\u00e9 sur les images de cette page. Cliquez sur le bouton \u00ab\u00a0Guide d\u2019installation\u00a0\u00bb pour plus d\u2019informations.<\/p>\n<p><strong>Si vous avez la version HYBRID,<\/strong> veuillez le mentionner sur votre commande car nous devons faire le <span style=\"font-weight: 400;\">Grille de Division Adaptable<\/span> \u00e0 une hauteur diff\u00e9rente.<\/p>\n<p>Il s&rsquo;agit d&rsquo;un produit Premium fabriqu\u00e9 au Royaume-Uni sp\u00e9cifiquement pour les Coup\u00e9, pas la version SUV.<\/p>\n<ul>\n<li><span style=\"font-weight: 400;\">Id\u00e9ale pour la s\u00e9paration de deux chiens, ou pour s\u00e9parer les bagages du chien <\/span><\/li>\n<li><span style=\"font-weight: 400;\">Montage rapide sans besoin de modifier le v\u00e9hicule<\/span><\/li>\n<li><span style=\"font-weight: 400;\">Instructions de montage et toutes fixations n\u00e9cessaires fournis <\/span><\/li>\n<li><span style=\"font-weight: 400;\">Cadre externe de la grille fabriqu\u00e9 en tuyau de 19 mm, maille en acier 50mm- tr\u00e8s r\u00e9sistant et durable.<\/span><\/li>\n<li><span style=\"font-weight: 400;\">Peint en rev\u00eatement de poudre noir, conforme aux normes automobiles internationaux.<\/span><\/li>\n<li><span style=\"font-weight: 400;\">Fabriqu\u00e9 selon les m\u00eames sp\u00e9cifications que les produits fournis aux constructeurs d\u2019automobiles.<\/span><\/li>\n<li><span style=\"font-weight: 400;\">Conforme aux normes de qualit\u00e9 internationales ISO 9001<\/span><\/li>\n<\/ul>\n","protected":false},"excerpt":{"rendered":"<p>Notre ensemble de Grille de S\u00e9paration pour Chiens et de Grille de Division Adaptable pour la Porsche Cayenne COUPE- (2019~),\u00a0 comprend un pare-chien sp\u00e9cifique au v\u00e9hicule qui offre une barri\u00e8re de s\u00e9curit\u00e9 entre le coffre et l&rsquo;habitacle, ainsi qu&rsquo;un s\u00e9parateur [&hellip;]<\/p>\n","protected":false},"featured_media":82618,"template":"","meta":[],"product_brand":[],"product_cat":[1317],"product_tag":[],"class_list":{"0":"post-81446","1":"product","2":"type-product","3":"status-publish","4":"has-post-thumbnail","6":"product_cat-porsche-cayenne-coupe-2019-onwards","7":"product_shipping_class-bundle-fr","9":"first","10":"outofstock","11":"taxable","12":"shipping-taxable","13":"purchasable","14":"product-type-simple"},"yoast_head":"<!-- This site is optimized with the Yoast SEO plugin v26.0 - https:\/\/yoast.com\/wordpress\/plugins\/seo\/ -->\n<title>Porsche Cayenne COUPE Grille de S\u00e9paration pour Chien et Grille de Division Adaptable (G1775B) - Guardsman Dog Guards<\/title>\n<meta name=\"description\" content=\"Vous \u00eates \u00e0 la recherche d&#039;un pare-chien et d&#039;un s\u00e9parateur de coffre solides, s\u00e9curis\u00e9s et faciles \u00e0 installer pour votre Porsche Cayenne ? Mont\u00e9 en 10 minutes.\" \/>\n<meta name=\"robots\" content=\"index, follow, max-snippet:-1, max-image-preview:large, max-video-preview:-1\" \/>\n<link rel=\"canonical\" href=\"https:\/\/www.guardsmandogguards.co.uk\/fr\/produit\/porsche-cayenne-3-grille-de-separation-pour-chien-et-grille-de-division-adaptable-g1616b-copy\/\" \/>\n<meta property=\"og:locale\" content=\"fr_FR\" \/>\n<meta property=\"og:type\" content=\"article\" \/>\n<meta property=\"og:title\" content=\"Porsche Cayenne COUPE Grille de S\u00e9paration pour Chien et Grille de Division Adaptable (G1775B) - Guardsman Dog Guards\" \/>\n<meta property=\"og:description\" content=\"Vous \u00eates \u00e0 la recherche d&#039;un pare-chien et d&#039;un s\u00e9parateur de coffre solides, s\u00e9curis\u00e9s et faciles \u00e0 installer pour votre Porsche Cayenne ? Mont\u00e9 en 10 minutes.\" \/>\n<meta property=\"og:url\" content=\"https:\/\/www.guardsmandogguards.co.uk\/fr\/produit\/porsche-cayenne-3-grille-de-separation-pour-chien-et-grille-de-division-adaptable-g1616b-copy\/\" \/>\n<meta property=\"og:site_name\" content=\"Guardsman Dog Guards\" \/>\n<meta property=\"article:publisher\" content=\"https:\/\/www.facebook.com\/AthagGuardsman\" \/>\n<meta property=\"article:modified_time\" content=\"2026-03-09T10:03:55+00:00\" \/>\n<meta property=\"og:image\" content=\"https:\/\/www.guardsmandogguards.co.uk\/wp-content\/uploads\/2026\/02\/g1775b-fitted-centrally.jpg\" \/>\n\t<meta property=\"og:image:width\" content=\"886\" \/>\n\t<meta property=\"og:image:height\" content=\"591\" \/>\n\t<meta property=\"og:image:type\" content=\"image\/jpeg\" \/>\n<meta name=\"twitter:card\" content=\"summary_large_image\" \/>\n<meta name=\"twitter:site\" content=\"@AthagGuardsman\" \/>\n<meta name=\"twitter:label1\" content=\"Dur\u00e9e de lecture estim\u00e9e\" \/>\n\t<meta name=\"twitter:data1\" content=\"1 minute\" \/>\n<script type=\"application\/ld+json\" class=\"yoast-schema-graph\">{\"@context\":\"https:\/\/schema.org\",\"@graph\":[{\"@type\":\"WebPage\",\"@id\":\"https:\/\/www.guardsmandogguards.co.uk\/fr\/produit\/porsche-cayenne-3-grille-de-separation-pour-chien-et-grille-de-division-adaptable-g1616b-copy\/\",\"url\":\"https:\/\/www.guardsmandogguards.co.uk\/fr\/produit\/porsche-cayenne-3-grille-de-separation-pour-chien-et-grille-de-division-adaptable-g1616b-copy\/\",\"name\":\"Porsche Cayenne COUPE Grille de S\u00e9paration pour Chien et Grille de Division Adaptable (G1775B) - Guardsman Dog Guards\",\"isPartOf\":{\"@id\":\"https:\/\/www.guardsmandogguards.co.uk\/#website\"},\"primaryImageOfPage\":{\"@id\":\"https:\/\/www.guardsmandogguards.co.uk\/fr\/produit\/porsche-cayenne-3-grille-de-separation-pour-chien-et-grille-de-division-adaptable-g1616b-copy\/#primaryimage\"},\"image\":{\"@id\":\"https:\/\/www.guardsmandogguards.co.uk\/fr\/produit\/porsche-cayenne-3-grille-de-separation-pour-chien-et-grille-de-division-adaptable-g1616b-copy\/#primaryimage\"},\"thumbnailUrl\":\"https:\/\/www.guardsmandogguards.co.uk\/wp-content\/uploads\/2026\/02\/g1775b-fitted-centrally.jpg\",\"datePublished\":\"2026-02-06T18:12:22+00:00\",\"dateModified\":\"2026-03-09T10:03:55+00:00\",\"description\":\"Vous \u00eates \u00e0 la recherche d'un pare-chien et d'un s\u00e9parateur de coffre solides, s\u00e9curis\u00e9s et faciles \u00e0 installer pour votre Porsche Cayenne ? Mont\u00e9 en 10 minutes.\",\"breadcrumb\":{\"@id\":\"https:\/\/www.guardsmandogguards.co.uk\/fr\/produit\/porsche-cayenne-3-grille-de-separation-pour-chien-et-grille-de-division-adaptable-g1616b-copy\/#breadcrumb\"},\"inLanguage\":\"fr-FR\",\"potentialAction\":[{\"@type\":\"ReadAction\",\"target\":[\"https:\/\/www.guardsmandogguards.co.uk\/fr\/produit\/porsche-cayenne-3-grille-de-separation-pour-chien-et-grille-de-division-adaptable-g1616b-copy\/\"]}]},{\"@type\":\"ImageObject\",\"inLanguage\":\"fr-FR\",\"@id\":\"https:\/\/www.guardsmandogguards.co.uk\/fr\/produit\/porsche-cayenne-3-grille-de-separation-pour-chien-et-grille-de-division-adaptable-g1616b-copy\/#primaryimage\",\"url\":\"https:\/\/www.guardsmandogguards.co.uk\/wp-content\/uploads\/2026\/02\/g1775b-fitted-centrally.jpg\",\"contentUrl\":\"https:\/\/www.guardsmandogguards.co.uk\/wp-content\/uploads\/2026\/02\/g1775b-fitted-centrally.jpg\",\"width\":886,\"height\":591},{\"@type\":\"BreadcrumbList\",\"@id\":\"https:\/\/www.guardsmandogguards.co.uk\/fr\/produit\/porsche-cayenne-3-grille-de-separation-pour-chien-et-grille-de-division-adaptable-g1616b-copy\/#breadcrumb\",\"itemListElement\":[{\"@type\":\"ListItem\",\"position\":1,\"name\":\"Home\",\"item\":\"https:\/\/www.guardsmandogguards.co.uk\/fr\/\"},{\"@type\":\"ListItem\",\"position\":2,\"name\":\"Products\",\"item\":\"https:\/\/www.guardsmandogguards.co.uk\/shop\/\"},{\"@type\":\"ListItem\",\"position\":3,\"name\":\"Porsche Cayenne COUPE Grille de S\u00e9paration pour Chien et Grille de Division Adaptable (G1775B)\"}]},{\"@type\":\"WebSite\",\"@id\":\"https:\/\/www.guardsmandogguards.co.uk\/#website\",\"url\":\"https:\/\/www.guardsmandogguards.co.uk\/\",\"name\":\"Guardsman Dog Guards\",\"description\":\"A full range of Dog Guards and Boot Dividers for all Car Brands and Models\",\"publisher\":{\"@id\":\"https:\/\/www.guardsmandogguards.co.uk\/#organization\"},\"potentialAction\":[{\"@type\":\"SearchAction\",\"target\":{\"@type\":\"EntryPoint\",\"urlTemplate\":\"https:\/\/www.guardsmandogguards.co.uk\/?s={search_term_string}\"},\"query-input\":{\"@type\":\"PropertyValueSpecification\",\"valueRequired\":true,\"valueName\":\"search_term_string\"}}],\"inLanguage\":\"fr-FR\"},{\"@type\":\"Organization\",\"@id\":\"https:\/\/www.guardsmandogguards.co.uk\/#organization\",\"name\":\"Guardsman Dog Guards\",\"url\":\"https:\/\/www.guardsmandogguards.co.uk\/\",\"logo\":{\"@type\":\"ImageObject\",\"inLanguage\":\"fr-FR\",\"@id\":\"https:\/\/www.guardsmandogguards.co.uk\/#\/schema\/logo\/image\/\",\"url\":\"https:\/\/www.guardsmandogguards.co.uk\/wp-content\/uploads\/2017\/08\/guardsman.jpg\",\"contentUrl\":\"https:\/\/www.guardsmandogguards.co.uk\/wp-content\/uploads\/2017\/08\/guardsman.jpg\",\"width\":235,\"height\":235,\"caption\":\"Guardsman Dog Guards\"},\"image\":{\"@id\":\"https:\/\/www.guardsmandogguards.co.uk\/#\/schema\/logo\/image\/\"},\"sameAs\":[\"https:\/\/www.facebook.com\/AthagGuardsman\",\"https:\/\/x.com\/AthagGuardsman\",\"https:\/\/www.linkedin.com\/in\/athag-guardsman-44a5699a\/\"]}]}<\/script>\n<!-- \/ Yoast SEO plugin. -->","yoast_head_json":{"title":"Porsche Cayenne COUPE Grille de S\u00e9paration pour Chien et Grille de Division Adaptable (G1775B) - Guardsman Dog Guards","description":"Vous \u00eates \u00e0 la recherche d'un pare-chien et d'un s\u00e9parateur de coffre solides, s\u00e9curis\u00e9s et faciles \u00e0 installer pour votre Porsche Cayenne ? Mont\u00e9 en 10 minutes.","robots":{"index":"index","follow":"follow","max-snippet":"max-snippet:-1","max-image-preview":"max-image-preview:large","max-video-preview":"max-video-preview:-1"},"canonical":"https:\/\/www.guardsmandogguards.co.uk\/fr\/produit\/porsche-cayenne-3-grille-de-separation-pour-chien-et-grille-de-division-adaptable-g1616b-copy\/","og_locale":"fr_FR","og_type":"article","og_title":"Porsche Cayenne COUPE Grille de S\u00e9paration pour Chien et Grille de Division Adaptable (G1775B) - Guardsman Dog Guards","og_description":"Vous \u00eates \u00e0 la recherche d'un pare-chien et d'un s\u00e9parateur de coffre solides, s\u00e9curis\u00e9s et faciles \u00e0 installer pour votre Porsche Cayenne ? Mont\u00e9 en 10 minutes.","og_url":"https:\/\/www.guardsmandogguards.co.uk\/fr\/produit\/porsche-cayenne-3-grille-de-separation-pour-chien-et-grille-de-division-adaptable-g1616b-copy\/","og_site_name":"Guardsman Dog Guards","article_publisher":"https:\/\/www.facebook.com\/AthagGuardsman","article_modified_time":"2026-03-09T10:03:55+00:00","og_image":[{"width":886,"height":591,"url":"https:\/\/www.guardsmandogguards.co.uk\/wp-content\/uploads\/2026\/02\/g1775b-fitted-centrally.jpg","type":"image\/jpeg"}],"twitter_card":"summary_large_image","twitter_site":"@AthagGuardsman","twitter_misc":{"Dur\u00e9e de lecture estim\u00e9e":"1 minute"},"schema":{"@context":"https:\/\/schema.org","@graph":[{"@type":"WebPage","@id":"https:\/\/www.guardsmandogguards.co.uk\/fr\/produit\/porsche-cayenne-3-grille-de-separation-pour-chien-et-grille-de-division-adaptable-g1616b-copy\/","url":"https:\/\/www.guardsmandogguards.co.uk\/fr\/produit\/porsche-cayenne-3-grille-de-separation-pour-chien-et-grille-de-division-adaptable-g1616b-copy\/","name":"Porsche Cayenne COUPE Grille de S\u00e9paration pour Chien et Grille de Division Adaptable (G1775B) - Guardsman Dog Guards","isPartOf":{"@id":"https:\/\/www.guardsmandogguards.co.uk\/#website"},"primaryImageOfPage":{"@id":"https:\/\/www.guardsmandogguards.co.uk\/fr\/produit\/porsche-cayenne-3-grille-de-separation-pour-chien-et-grille-de-division-adaptable-g1616b-copy\/#primaryimage"},"image":{"@id":"https:\/\/www.guardsmandogguards.co.uk\/fr\/produit\/porsche-cayenne-3-grille-de-separation-pour-chien-et-grille-de-division-adaptable-g1616b-copy\/#primaryimage"},"thumbnailUrl":"https:\/\/www.guardsmandogguards.co.uk\/wp-content\/uploads\/2026\/02\/g1775b-fitted-centrally.jpg","datePublished":"2026-02-06T18:12:22+00:00","dateModified":"2026-03-09T10:03:55+00:00","description":"Vous \u00eates \u00e0 la recherche d'un pare-chien et d'un s\u00e9parateur de coffre solides, s\u00e9curis\u00e9s et faciles \u00e0 installer pour votre Porsche Cayenne ? Mont\u00e9 en 10 minutes.","breadcrumb":{"@id":"https:\/\/www.guardsmandogguards.co.uk\/fr\/produit\/porsche-cayenne-3-grille-de-separation-pour-chien-et-grille-de-division-adaptable-g1616b-copy\/#breadcrumb"},"inLanguage":"fr-FR","potentialAction":[{"@type":"ReadAction","target":["https:\/\/www.guardsmandogguards.co.uk\/fr\/produit\/porsche-cayenne-3-grille-de-separation-pour-chien-et-grille-de-division-adaptable-g1616b-copy\/"]}]},{"@type":"ImageObject","inLanguage":"fr-FR","@id":"https:\/\/www.guardsmandogguards.co.uk\/fr\/produit\/porsche-cayenne-3-grille-de-separation-pour-chien-et-grille-de-division-adaptable-g1616b-copy\/#primaryimage","url":"https:\/\/www.guardsmandogguards.co.uk\/wp-content\/uploads\/2026\/02\/g1775b-fitted-centrally.jpg","contentUrl":"https:\/\/www.guardsmandogguards.co.uk\/wp-content\/uploads\/2026\/02\/g1775b-fitted-centrally.jpg","width":886,"height":591},{"@type":"BreadcrumbList","@id":"https:\/\/www.guardsmandogguards.co.uk\/fr\/produit\/porsche-cayenne-3-grille-de-separation-pour-chien-et-grille-de-division-adaptable-g1616b-copy\/#breadcrumb","itemListElement":[{"@type":"ListItem","position":1,"name":"Home","item":"https:\/\/www.guardsmandogguards.co.uk\/fr\/"},{"@type":"ListItem","position":2,"name":"Products","item":"https:\/\/www.guardsmandogguards.co.uk\/shop\/"},{"@type":"ListItem","position":3,"name":"Porsche Cayenne COUPE Grille de S\u00e9paration pour Chien et Grille de Division Adaptable (G1775B)"}]},{"@type":"WebSite","@id":"https:\/\/www.guardsmandogguards.co.uk\/#website","url":"https:\/\/www.guardsmandogguards.co.uk\/","name":"Guardsman Dog Guards","description":"A full range of Dog Guards and Boot Dividers for all Car Brands and Models","publisher":{"@id":"https:\/\/www.guardsmandogguards.co.uk\/#organization"},"potentialAction":[{"@type":"SearchAction","target":{"@type":"EntryPoint","urlTemplate":"https:\/\/www.guardsmandogguards.co.uk\/?s={search_term_string}"},"query-input":{"@type":"PropertyValueSpecification","valueRequired":true,"valueName":"search_term_string"}}],"inLanguage":"fr-FR"},{"@type":"Organization","@id":"https:\/\/www.guardsmandogguards.co.uk\/#organization","name":"Guardsman Dog Guards","url":"https:\/\/www.guardsmandogguards.co.uk\/","logo":{"@type":"ImageObject","inLanguage":"fr-FR","@id":"https:\/\/www.guardsmandogguards.co.uk\/#\/schema\/logo\/image\/","url":"https:\/\/www.guardsmandogguards.co.uk\/wp-content\/uploads\/2017\/08\/guardsman.jpg","contentUrl":"https:\/\/www.guardsmandogguards.co.uk\/wp-content\/uploads\/2017\/08\/guardsman.jpg","width":235,"height":235,"caption":"Guardsman Dog Guards"},"image":{"@id":"https:\/\/www.guardsmandogguards.co.uk\/#\/schema\/logo\/image\/"},"sameAs":["https:\/\/www.facebook.com\/AthagGuardsman","https:\/\/x.com\/AthagGuardsman","https:\/\/www.linkedin.com\/in\/athag-guardsman-44a5699a\/"]}]}},"_links":{"self":[{"href":"https:\/\/www.guardsmandogguards.co.uk\/fr\/wp-json\/wp\/v2\/product\/81446","targetHints":{"allow":["GET"]}}],"collection":[{"href":"https:\/\/www.guardsmandogguards.co.uk\/fr\/wp-json\/wp\/v2\/product"}],"about":[{"href":"https:\/\/www.guardsmandogguards.co.uk\/fr\/wp-json\/wp\/v2\/types\/product"}],"wp:featuredmedia":[{"embeddable":true,"href":"https:\/\/www.guardsmandogguards.co.uk\/fr\/wp-json\/wp\/v2\/media\/82618"}],"wp:attachment":[{"href":"https:\/\/www.guardsmandogguards.co.uk\/fr\/wp-json\/wp\/v2\/media?parent=81446"}],"wp:term":[{"taxonomy":"product_brand","embeddable":true,"href":"https:\/\/www.guardsmandogguards.co.uk\/fr\/wp-json\/wp\/v2\/product_brand?post=81446"},{"taxonomy":"product_cat","embeddable":true,"href":"https:\/\/www.guardsmandogguards.co.uk\/fr\/wp-json\/wp\/v2\/product_cat?post=81446"},{"taxonomy":"product_tag","embeddable":true,"href":"https:\/\/www.guardsmandogguards.co.uk\/fr\/wp-json\/wp\/v2\/product_tag?post=81446"}],"curies":[{"name":"wp","href":"https:\/\/api.w.org\/{rel}","templated":true}]}}