{"id":73592,"date":"2025-06-05T15:24:19","date_gmt":"2025-06-05T14:24:19","guid":{"rendered":"https:\/\/www.guardsmandogguards.co.uk\/product\/defender-130-grille-de-separation-pour-chien-g1728\/"},"modified":"2025-06-06T14:42:23","modified_gmt":"2025-06-06T13:42:23","slug":"defender-130-grille-de-separation-pour-chien-g1728","status":"publish","type":"product","link":"https:\/\/www.guardsmandogguards.co.uk\/fr\/produit\/defender-130-grille-de-separation-pour-chien-g1728\/","title":{"rendered":"LAND ROVER DEFENDER 130 Grille de S\u00e9paration pour Chien (G1728)"},"content":{"rendered":"<p>La grille de s\u00e9paration pour chiens GUARDSMAN, accessoire con\u00e7ue sp\u00e9cifiquement pour la Land Rover Defender 130 assure une barri\u00e8re solide et sur entre le coffre et le compartiment voyageurs.<\/p>\n<p>La deuxi\u00e8me rang\u00e9e de si\u00e8ges devra \u00eatre r\u00e9gl\u00e9e dans la position sp\u00e9cifique indiqu\u00e9e sur les photos. Ils ne pourront alors plus \u00eatre r\u00e9gl\u00e9s avec la grille pare-chien install\u00e9e.<\/p>\n<ul>\n<li>Id\u00e9ale pour cr\u00e9er une barri\u00e8re entre le compartiment voyageur et les chiens.<\/li>\n<li>Montage rapide sans besoin de modifier le v\u00e9hicule.<\/li>\n<li>Instructions de montage et toutes fixations n\u00e9cessaires fournis.<\/li>\n<li>Cadre externe de la grille fabriqu\u00e9 en tuyau de 19 mm, maille en acier 50mm- tr\u00e8s r\u00e9sistant et durable.<\/li>\n<li>Peint en rev\u00eatement de poudre noir, conforme aux normes automobiles internationaux.<\/li>\n<li>Fabriqu\u00e9 selon les m\u00eames sp\u00e9cifications que les produits fournis aux constructeurs d\u2019automobiles.<\/li>\n<li>Con\u00e7u et fabriqu\u00e9 au Royaume Uni, conforme aux normes de qualit\u00e9 internationales ISO 9001.<\/li>\n<\/ul>\n","protected":false},"excerpt":{"rendered":"<p>La grille de s\u00e9paration pour chiens GUARDSMAN, accessoire con\u00e7ue sp\u00e9cifiquement pour la Land Rover Defender 130 assure une barri\u00e8re solide et sur entre le coffre et le compartiment voyageurs. La deuxi\u00e8me rang\u00e9e de si\u00e8ges devra \u00eatre r\u00e9gl\u00e9e dans la position [&hellip;]<\/p>\n","protected":false},"featured_media":73581,"template":"","meta":[],"product_brand":[],"product_cat":[1233],"product_tag":[],"class_list":{"0":"post-73592","1":"product","2":"type-product","3":"status-publish","4":"has-post-thumbnail","6":"product_cat-land-rover-defender-130-fr","7":"product_shipping_class-dog-guard-fr","9":"first","10":"instock","11":"taxable","12":"shipping-taxable","13":"purchasable","14":"product-type-simple"},"yoast_head":"<!-- This site is optimized with the Yoast SEO plugin v26.0 - https:\/\/yoast.com\/wordpress\/plugins\/seo\/ -->\n<title>LAND ROVER DEFENDER 130 Grille de S\u00e9paration pour Chien (G1728) - Guardsman Dog Guards<\/title>\n<meta name=\"robots\" content=\"index, follow, max-snippet:-1, max-image-preview:large, max-video-preview:-1\" \/>\n<link rel=\"canonical\" href=\"https:\/\/www.guardsmandogguards.co.uk\/fr\/produit\/defender-130-grille-de-separation-pour-chien-g1728\/\" \/>\n<meta property=\"og:locale\" content=\"fr_FR\" \/>\n<meta property=\"og:type\" content=\"article\" \/>\n<meta property=\"og:title\" content=\"LAND ROVER DEFENDER 130 Grille de S\u00e9paration pour Chien (G1728) - Guardsman Dog Guards\" \/>\n<meta property=\"og:description\" content=\"La grille de s\u00e9paration pour chiens GUARDSMAN, accessoire con\u00e7ue sp\u00e9cifiquement pour la Land Rover Defender 130 assure une barri\u00e8re solide et sur entre le coffre et le compartiment voyageurs. La deuxi\u00e8me rang\u00e9e de si\u00e8ges devra \u00eatre r\u00e9gl\u00e9e dans la position [&hellip;]\" \/>\n<meta property=\"og:url\" content=\"https:\/\/www.guardsmandogguards.co.uk\/fr\/produit\/defender-130-grille-de-separation-pour-chien-g1728\/\" \/>\n<meta property=\"og:site_name\" content=\"Guardsman Dog Guards\" \/>\n<meta property=\"article:publisher\" content=\"https:\/\/www.facebook.com\/AthagGuardsman\" \/>\n<meta property=\"article:modified_time\" content=\"2025-06-06T13:42:23+00:00\" \/>\n<meta property=\"og:image\" content=\"https:\/\/www.guardsmandogguards.co.uk\/wp-content\/uploads\/2025\/06\/g1728-MAIN.jpg\" \/>\n\t<meta property=\"og:image:width\" content=\"719\" \/>\n\t<meta property=\"og:image:height\" content=\"457\" \/>\n\t<meta property=\"og:image:type\" content=\"image\/jpeg\" \/>\n<meta name=\"twitter:card\" content=\"summary_large_image\" \/>\n<meta name=\"twitter:site\" content=\"@AthagGuardsman\" \/>\n<meta name=\"twitter:label1\" content=\"Dur\u00e9e de lecture estim\u00e9e\" \/>\n\t<meta name=\"twitter:data1\" content=\"1 minute\" \/>\n<script type=\"application\/ld+json\" class=\"yoast-schema-graph\">{\"@context\":\"https:\/\/schema.org\",\"@graph\":[{\"@type\":\"WebPage\",\"@id\":\"https:\/\/www.guardsmandogguards.co.uk\/fr\/produit\/defender-130-grille-de-separation-pour-chien-g1728\/\",\"url\":\"https:\/\/www.guardsmandogguards.co.uk\/fr\/produit\/defender-130-grille-de-separation-pour-chien-g1728\/\",\"name\":\"LAND ROVER DEFENDER 130 Grille de S\u00e9paration pour Chien (G1728) - Guardsman Dog Guards\",\"isPartOf\":{\"@id\":\"https:\/\/www.guardsmandogguards.co.uk\/#website\"},\"primaryImageOfPage\":{\"@id\":\"https:\/\/www.guardsmandogguards.co.uk\/fr\/produit\/defender-130-grille-de-separation-pour-chien-g1728\/#primaryimage\"},\"image\":{\"@id\":\"https:\/\/www.guardsmandogguards.co.uk\/fr\/produit\/defender-130-grille-de-separation-pour-chien-g1728\/#primaryimage\"},\"thumbnailUrl\":\"https:\/\/www.guardsmandogguards.co.uk\/wp-content\/uploads\/2025\/06\/g1728-MAIN.jpg\",\"datePublished\":\"2025-06-05T14:24:19+00:00\",\"dateModified\":\"2025-06-06T13:42:23+00:00\",\"breadcrumb\":{\"@id\":\"https:\/\/www.guardsmandogguards.co.uk\/fr\/produit\/defender-130-grille-de-separation-pour-chien-g1728\/#breadcrumb\"},\"inLanguage\":\"fr-FR\",\"potentialAction\":[{\"@type\":\"ReadAction\",\"target\":[\"https:\/\/www.guardsmandogguards.co.uk\/fr\/produit\/defender-130-grille-de-separation-pour-chien-g1728\/\"]}]},{\"@type\":\"ImageObject\",\"inLanguage\":\"fr-FR\",\"@id\":\"https:\/\/www.guardsmandogguards.co.uk\/fr\/produit\/defender-130-grille-de-separation-pour-chien-g1728\/#primaryimage\",\"url\":\"https:\/\/www.guardsmandogguards.co.uk\/wp-content\/uploads\/2025\/06\/g1728-MAIN.jpg\",\"contentUrl\":\"https:\/\/www.guardsmandogguards.co.uk\/wp-content\/uploads\/2025\/06\/g1728-MAIN.jpg\",\"width\":719,\"height\":457},{\"@type\":\"BreadcrumbList\",\"@id\":\"https:\/\/www.guardsmandogguards.co.uk\/fr\/produit\/defender-130-grille-de-separation-pour-chien-g1728\/#breadcrumb\",\"itemListElement\":[{\"@type\":\"ListItem\",\"position\":1,\"name\":\"Home\",\"item\":\"https:\/\/www.guardsmandogguards.co.uk\/fr\/\"},{\"@type\":\"ListItem\",\"position\":2,\"name\":\"Products\",\"item\":\"https:\/\/www.guardsmandogguards.co.uk\/shop\/\"},{\"@type\":\"ListItem\",\"position\":3,\"name\":\"LAND ROVER DEFENDER 130 Grille de S\u00e9paration pour Chien (G1728)\"}]},{\"@type\":\"WebSite\",\"@id\":\"https:\/\/www.guardsmandogguards.co.uk\/#website\",\"url\":\"https:\/\/www.guardsmandogguards.co.uk\/\",\"name\":\"Guardsman Dog Guards\",\"description\":\"A full range of Dog Guards and Boot Dividers for all Car Brands and Models\",\"publisher\":{\"@id\":\"https:\/\/www.guardsmandogguards.co.uk\/#organization\"},\"potentialAction\":[{\"@type\":\"SearchAction\",\"target\":{\"@type\":\"EntryPoint\",\"urlTemplate\":\"https:\/\/www.guardsmandogguards.co.uk\/?s={search_term_string}\"},\"query-input\":{\"@type\":\"PropertyValueSpecification\",\"valueRequired\":true,\"valueName\":\"search_term_string\"}}],\"inLanguage\":\"fr-FR\"},{\"@type\":\"Organization\",\"@id\":\"https:\/\/www.guardsmandogguards.co.uk\/#organization\",\"name\":\"Guardsman Dog Guards\",\"url\":\"https:\/\/www.guardsmandogguards.co.uk\/\",\"logo\":{\"@type\":\"ImageObject\",\"inLanguage\":\"fr-FR\",\"@id\":\"https:\/\/www.guardsmandogguards.co.uk\/#\/schema\/logo\/image\/\",\"url\":\"https:\/\/www.guardsmandogguards.co.uk\/wp-content\/uploads\/2017\/08\/guardsman.jpg\",\"contentUrl\":\"https:\/\/www.guardsmandogguards.co.uk\/wp-content\/uploads\/2017\/08\/guardsman.jpg\",\"width\":235,\"height\":235,\"caption\":\"Guardsman Dog Guards\"},\"image\":{\"@id\":\"https:\/\/www.guardsmandogguards.co.uk\/#\/schema\/logo\/image\/\"},\"sameAs\":[\"https:\/\/www.facebook.com\/AthagGuardsman\",\"https:\/\/x.com\/AthagGuardsman\",\"https:\/\/www.linkedin.com\/in\/athag-guardsman-44a5699a\/\"]}]}<\/script>\n<!-- \/ Yoast SEO plugin. -->","yoast_head_json":{"title":"LAND ROVER DEFENDER 130 Grille de S\u00e9paration pour Chien (G1728) - Guardsman Dog Guards","robots":{"index":"index","follow":"follow","max-snippet":"max-snippet:-1","max-image-preview":"max-image-preview:large","max-video-preview":"max-video-preview:-1"},"canonical":"https:\/\/www.guardsmandogguards.co.uk\/fr\/produit\/defender-130-grille-de-separation-pour-chien-g1728\/","og_locale":"fr_FR","og_type":"article","og_title":"LAND ROVER DEFENDER 130 Grille de S\u00e9paration pour Chien (G1728) - Guardsman Dog Guards","og_description":"La grille de s\u00e9paration pour chiens GUARDSMAN, accessoire con\u00e7ue sp\u00e9cifiquement pour la Land Rover Defender 130 assure une barri\u00e8re solide et sur entre le coffre et le compartiment voyageurs. La deuxi\u00e8me rang\u00e9e de si\u00e8ges devra \u00eatre r\u00e9gl\u00e9e dans la position [&hellip;]","og_url":"https:\/\/www.guardsmandogguards.co.uk\/fr\/produit\/defender-130-grille-de-separation-pour-chien-g1728\/","og_site_name":"Guardsman Dog Guards","article_publisher":"https:\/\/www.facebook.com\/AthagGuardsman","article_modified_time":"2025-06-06T13:42:23+00:00","og_image":[{"width":719,"height":457,"url":"https:\/\/www.guardsmandogguards.co.uk\/wp-content\/uploads\/2025\/06\/g1728-MAIN.jpg","type":"image\/jpeg"}],"twitter_card":"summary_large_image","twitter_site":"@AthagGuardsman","twitter_misc":{"Dur\u00e9e de lecture estim\u00e9e":"1 minute"},"schema":{"@context":"https:\/\/schema.org","@graph":[{"@type":"WebPage","@id":"https:\/\/www.guardsmandogguards.co.uk\/fr\/produit\/defender-130-grille-de-separation-pour-chien-g1728\/","url":"https:\/\/www.guardsmandogguards.co.uk\/fr\/produit\/defender-130-grille-de-separation-pour-chien-g1728\/","name":"LAND ROVER DEFENDER 130 Grille de S\u00e9paration pour Chien (G1728) - Guardsman Dog Guards","isPartOf":{"@id":"https:\/\/www.guardsmandogguards.co.uk\/#website"},"primaryImageOfPage":{"@id":"https:\/\/www.guardsmandogguards.co.uk\/fr\/produit\/defender-130-grille-de-separation-pour-chien-g1728\/#primaryimage"},"image":{"@id":"https:\/\/www.guardsmandogguards.co.uk\/fr\/produit\/defender-130-grille-de-separation-pour-chien-g1728\/#primaryimage"},"thumbnailUrl":"https:\/\/www.guardsmandogguards.co.uk\/wp-content\/uploads\/2025\/06\/g1728-MAIN.jpg","datePublished":"2025-06-05T14:24:19+00:00","dateModified":"2025-06-06T13:42:23+00:00","breadcrumb":{"@id":"https:\/\/www.guardsmandogguards.co.uk\/fr\/produit\/defender-130-grille-de-separation-pour-chien-g1728\/#breadcrumb"},"inLanguage":"fr-FR","potentialAction":[{"@type":"ReadAction","target":["https:\/\/www.guardsmandogguards.co.uk\/fr\/produit\/defender-130-grille-de-separation-pour-chien-g1728\/"]}]},{"@type":"ImageObject","inLanguage":"fr-FR","@id":"https:\/\/www.guardsmandogguards.co.uk\/fr\/produit\/defender-130-grille-de-separation-pour-chien-g1728\/#primaryimage","url":"https:\/\/www.guardsmandogguards.co.uk\/wp-content\/uploads\/2025\/06\/g1728-MAIN.jpg","contentUrl":"https:\/\/www.guardsmandogguards.co.uk\/wp-content\/uploads\/2025\/06\/g1728-MAIN.jpg","width":719,"height":457},{"@type":"BreadcrumbList","@id":"https:\/\/www.guardsmandogguards.co.uk\/fr\/produit\/defender-130-grille-de-separation-pour-chien-g1728\/#breadcrumb","itemListElement":[{"@type":"ListItem","position":1,"name":"Home","item":"https:\/\/www.guardsmandogguards.co.uk\/fr\/"},{"@type":"ListItem","position":2,"name":"Products","item":"https:\/\/www.guardsmandogguards.co.uk\/shop\/"},{"@type":"ListItem","position":3,"name":"LAND ROVER DEFENDER 130 Grille de S\u00e9paration pour Chien (G1728)"}]},{"@type":"WebSite","@id":"https:\/\/www.guardsmandogguards.co.uk\/#website","url":"https:\/\/www.guardsmandogguards.co.uk\/","name":"Guardsman Dog Guards","description":"A full range of Dog Guards and Boot Dividers for all Car Brands and Models","publisher":{"@id":"https:\/\/www.guardsmandogguards.co.uk\/#organization"},"potentialAction":[{"@type":"SearchAction","target":{"@type":"EntryPoint","urlTemplate":"https:\/\/www.guardsmandogguards.co.uk\/?s={search_term_string}"},"query-input":{"@type":"PropertyValueSpecification","valueRequired":true,"valueName":"search_term_string"}}],"inLanguage":"fr-FR"},{"@type":"Organization","@id":"https:\/\/www.guardsmandogguards.co.uk\/#organization","name":"Guardsman Dog Guards","url":"https:\/\/www.guardsmandogguards.co.uk\/","logo":{"@type":"ImageObject","inLanguage":"fr-FR","@id":"https:\/\/www.guardsmandogguards.co.uk\/#\/schema\/logo\/image\/","url":"https:\/\/www.guardsmandogguards.co.uk\/wp-content\/uploads\/2017\/08\/guardsman.jpg","contentUrl":"https:\/\/www.guardsmandogguards.co.uk\/wp-content\/uploads\/2017\/08\/guardsman.jpg","width":235,"height":235,"caption":"Guardsman Dog Guards"},"image":{"@id":"https:\/\/www.guardsmandogguards.co.uk\/#\/schema\/logo\/image\/"},"sameAs":["https:\/\/www.facebook.com\/AthagGuardsman","https:\/\/x.com\/AthagGuardsman","https:\/\/www.linkedin.com\/in\/athag-guardsman-44a5699a\/"]}]}},"_links":{"self":[{"href":"https:\/\/www.guardsmandogguards.co.uk\/fr\/wp-json\/wp\/v2\/product\/73592","targetHints":{"allow":["GET"]}}],"collection":[{"href":"https:\/\/www.guardsmandogguards.co.uk\/fr\/wp-json\/wp\/v2\/product"}],"about":[{"href":"https:\/\/www.guardsmandogguards.co.uk\/fr\/wp-json\/wp\/v2\/types\/product"}],"wp:featuredmedia":[{"embeddable":true,"href":"https:\/\/www.guardsmandogguards.co.uk\/fr\/wp-json\/wp\/v2\/media\/73581"}],"wp:attachment":[{"href":"https:\/\/www.guardsmandogguards.co.uk\/fr\/wp-json\/wp\/v2\/media?parent=73592"}],"wp:term":[{"taxonomy":"product_brand","embeddable":true,"href":"https:\/\/www.guardsmandogguards.co.uk\/fr\/wp-json\/wp\/v2\/product_brand?post=73592"},{"taxonomy":"product_cat","embeddable":true,"href":"https:\/\/www.guardsmandogguards.co.uk\/fr\/wp-json\/wp\/v2\/product_cat?post=73592"},{"taxonomy":"product_tag","embeddable":true,"href":"https:\/\/www.guardsmandogguards.co.uk\/fr\/wp-json\/wp\/v2\/product_tag?post=73592"}],"curies":[{"name":"wp","href":"https:\/\/api.w.org\/{rel}","templated":true}]}}