{"id":73569,"date":"2025-06-05T13:05:06","date_gmt":"2025-06-05T12:05:06","guid":{"rendered":"https:\/\/www.guardsmandogguards.co.uk\/product\/vw-passat-combi-b9-grille-de-separation-et-grille-de-division-a-partir-de-2025-g1724b\/"},"modified":"2025-06-06T14:37:22","modified_gmt":"2025-06-06T13:37:22","slug":"vw-passat-combi-b9-grille-de-separation-et-grille-de-division-a-partir-de-2025-g1724b","status":"publish","type":"product","link":"https:\/\/www.guardsmandogguards.co.uk\/fr\/produit\/vw-passat-combi-b9-grille-de-separation-et-grille-de-division-a-partir-de-2025-g1724b\/","title":{"rendered":"VW PASSAT COMBI B9 Grille de S\u00e9paration et Grille de Division &#8211; \u00e0 partir de 2025 (G1724B*)"},"content":{"rendered":"<p>Notre ensemble de Grille de S\u00e9paration pour chiens et de Grille de Division Adaptable por la VOLKSWAGEN PASSAT COMBI B9, \u00e0 partir de 2025, comprend un pare-chien sp\u00e9cifique au v\u00e9hicule qui offre une barri\u00e8re de s\u00e9curit\u00e9 entre le coffre et l\u2019habitacle, ainsi qu\u2019un s\u00e9parateur de coffre variable qui permet de divis\u00e9 en deux compartiments.<\/p>\n<p>Cette grille de protection pour chien s\u2019adapte aux voitures avec et sans toit ouvrant.<\/p>\n<p>Selon les sp\u00e9cifications de votre voiture, il existe diff\u00e9rents niveaux de hauteur auxquels votre plancher de coffre peut \u00eatre r\u00e9gl\u00e9. Nous devons faire en sorte que le s\u00e9parateur de coffre soit \u00e0 la bonne hauteur pour s\u2019adapter \u00e0 votre voiture, c\u2019est donc l\u00e0 que nous avons besoin de votre aide.<\/p>\n<p>Jetez un oeil \u00e0 ce clip youtube qui montre la bonne fa\u00e7on de mesurer la hauteur de votre botte<\/p>\n<p><a href=\"https:\/\/www.youtube.com\/watch?v=N55z-8rOCfo\" target=\"_blank\" rel=\"noopener\">Comment mesurer pour Votre Diviseur Guardsman<\/a><\/p>\n<p>Cela nous permettra de faire votre commande \u00e0 la bonne taille.<\/p>\n<p><strong>Veuillez vous assurer de saisir la mesure sur le formulaire de commande en ligne lorsque vous le soumettez. Nous vous ferons savoir si nous avons d\u2019autres questions.<\/strong><\/p>\n<ul>\n<li>Id\u00e9ale pour la s\u00e9paration de deux chiens, ou pour s\u00e9parer les bagages du chien.<\/li>\n<li>Montage rapide sans besoin de modifier le v\u00e9hicule.<\/li>\n<li>Instructions de montage et toutes fixations n\u00e9cessaires fournis.<\/li>\n<li>Cadre externe de la grille fabriqu\u00e9 en tuyau de 19 mm, maille en acier 50mm- tr\u00e8s r\u00e9sistant et durable.<\/li>\n<li>Peint en rev\u00eatement de poudre noir, conforme aux normes automobiles internationaux.<\/li>\n<li>Fabriqu\u00e9 selon les m\u00eames sp\u00e9cifications que les produits fournis aux constructeurs d\u2019automobiles.<\/li>\n<li>Conforme aux normes de qualit\u00e9 internationales ISO 9001.<\/li>\n<\/ul>\n","protected":false},"excerpt":{"rendered":"<p>Notre ensemble de Grille de S\u00e9paration pour chiens et de Grille de Division Adaptable por la VOLKSWAGEN PASSAT COMBI B9, \u00e0 partir de 2025, comprend un pare-chien sp\u00e9cifique au v\u00e9hicule qui offre une barri\u00e8re de s\u00e9curit\u00e9 entre le coffre et [&hellip;]<\/p>\n","protected":false},"featured_media":73567,"template":"","meta":[],"product_brand":[],"product_cat":[1227],"product_tag":[],"class_list":{"0":"post-73569","1":"product","2":"type-product","3":"status-publish","4":"has-post-thumbnail","6":"product_cat-vw-passat-variant-b9","7":"product_shipping_class-bundle-fr","9":"first","10":"instock","11":"taxable","12":"shipping-taxable","13":"purchasable","14":"product-type-simple"},"yoast_head":"<!-- This site is optimized with the Yoast SEO plugin v26.0 - https:\/\/yoast.com\/wordpress\/plugins\/seo\/ -->\n<title>VW PASSAT COMBI B9 Grille de S\u00e9paration et Grille de Division - \u00e0 partir de 2025 (G1724B*) - Guardsman Dog Guards<\/title>\n<meta name=\"robots\" content=\"index, follow, max-snippet:-1, max-image-preview:large, max-video-preview:-1\" \/>\n<link rel=\"canonical\" href=\"https:\/\/www.guardsmandogguards.co.uk\/fr\/produit\/vw-passat-combi-b9-grille-de-separation-et-grille-de-division-a-partir-de-2025-g1724b\/\" \/>\n<meta property=\"og:locale\" content=\"fr_FR\" \/>\n<meta property=\"og:type\" content=\"article\" \/>\n<meta property=\"og:title\" content=\"VW PASSAT COMBI B9 Grille de S\u00e9paration et Grille de Division - \u00e0 partir de 2025 (G1724B*) - Guardsman Dog Guards\" \/>\n<meta property=\"og:description\" content=\"Notre ensemble de Grille de S\u00e9paration pour chiens et de Grille de Division Adaptable por la VOLKSWAGEN PASSAT COMBI B9, \u00e0 partir de 2025, comprend un pare-chien sp\u00e9cifique au v\u00e9hicule qui offre une barri\u00e8re de s\u00e9curit\u00e9 entre le coffre et [&hellip;]\" \/>\n<meta property=\"og:url\" content=\"https:\/\/www.guardsmandogguards.co.uk\/fr\/produit\/vw-passat-combi-b9-grille-de-separation-et-grille-de-division-a-partir-de-2025-g1724b\/\" \/>\n<meta property=\"og:site_name\" content=\"Guardsman Dog Guards\" \/>\n<meta property=\"article:publisher\" content=\"https:\/\/www.facebook.com\/AthagGuardsman\" \/>\n<meta property=\"article:modified_time\" content=\"2025-06-06T13:37:22+00:00\" \/>\n<meta property=\"og:image\" content=\"https:\/\/www.guardsmandogguards.co.uk\/wp-content\/uploads\/2025\/06\/G1724-CENTRAL-2.jpg\" \/>\n\t<meta property=\"og:image:width\" content=\"886\" \/>\n\t<meta property=\"og:image:height\" content=\"591\" \/>\n\t<meta property=\"og:image:type\" content=\"image\/jpeg\" \/>\n<meta name=\"twitter:card\" content=\"summary_large_image\" \/>\n<meta name=\"twitter:site\" content=\"@AthagGuardsman\" \/>\n<meta name=\"twitter:label1\" content=\"Dur\u00e9e de lecture estim\u00e9e\" \/>\n\t<meta name=\"twitter:data1\" content=\"1 minute\" \/>\n<script type=\"application\/ld+json\" class=\"yoast-schema-graph\">{\"@context\":\"https:\/\/schema.org\",\"@graph\":[{\"@type\":\"WebPage\",\"@id\":\"https:\/\/www.guardsmandogguards.co.uk\/fr\/produit\/vw-passat-combi-b9-grille-de-separation-et-grille-de-division-a-partir-de-2025-g1724b\/\",\"url\":\"https:\/\/www.guardsmandogguards.co.uk\/fr\/produit\/vw-passat-combi-b9-grille-de-separation-et-grille-de-division-a-partir-de-2025-g1724b\/\",\"name\":\"VW PASSAT COMBI B9 Grille de S\u00e9paration et Grille de Division - \u00e0 partir de 2025 (G1724B*) - Guardsman Dog Guards\",\"isPartOf\":{\"@id\":\"https:\/\/www.guardsmandogguards.co.uk\/#website\"},\"primaryImageOfPage\":{\"@id\":\"https:\/\/www.guardsmandogguards.co.uk\/fr\/produit\/vw-passat-combi-b9-grille-de-separation-et-grille-de-division-a-partir-de-2025-g1724b\/#primaryimage\"},\"image\":{\"@id\":\"https:\/\/www.guardsmandogguards.co.uk\/fr\/produit\/vw-passat-combi-b9-grille-de-separation-et-grille-de-division-a-partir-de-2025-g1724b\/#primaryimage\"},\"thumbnailUrl\":\"https:\/\/www.guardsmandogguards.co.uk\/wp-content\/uploads\/2025\/06\/G1724-CENTRAL-2.jpg\",\"datePublished\":\"2025-06-05T12:05:06+00:00\",\"dateModified\":\"2025-06-06T13:37:22+00:00\",\"breadcrumb\":{\"@id\":\"https:\/\/www.guardsmandogguards.co.uk\/fr\/produit\/vw-passat-combi-b9-grille-de-separation-et-grille-de-division-a-partir-de-2025-g1724b\/#breadcrumb\"},\"inLanguage\":\"fr-FR\",\"potentialAction\":[{\"@type\":\"ReadAction\",\"target\":[\"https:\/\/www.guardsmandogguards.co.uk\/fr\/produit\/vw-passat-combi-b9-grille-de-separation-et-grille-de-division-a-partir-de-2025-g1724b\/\"]}]},{\"@type\":\"ImageObject\",\"inLanguage\":\"fr-FR\",\"@id\":\"https:\/\/www.guardsmandogguards.co.uk\/fr\/produit\/vw-passat-combi-b9-grille-de-separation-et-grille-de-division-a-partir-de-2025-g1724b\/#primaryimage\",\"url\":\"https:\/\/www.guardsmandogguards.co.uk\/wp-content\/uploads\/2025\/06\/G1724-CENTRAL-2.jpg\",\"contentUrl\":\"https:\/\/www.guardsmandogguards.co.uk\/wp-content\/uploads\/2025\/06\/G1724-CENTRAL-2.jpg\",\"width\":886,\"height\":591},{\"@type\":\"BreadcrumbList\",\"@id\":\"https:\/\/www.guardsmandogguards.co.uk\/fr\/produit\/vw-passat-combi-b9-grille-de-separation-et-grille-de-division-a-partir-de-2025-g1724b\/#breadcrumb\",\"itemListElement\":[{\"@type\":\"ListItem\",\"position\":1,\"name\":\"Home\",\"item\":\"https:\/\/www.guardsmandogguards.co.uk\/fr\/\"},{\"@type\":\"ListItem\",\"position\":2,\"name\":\"Products\",\"item\":\"https:\/\/www.guardsmandogguards.co.uk\/shop\/\"},{\"@type\":\"ListItem\",\"position\":3,\"name\":\"VW PASSAT COMBI B9 Grille de S\u00e9paration et Grille de Division &#8211; \u00e0 partir de 2025 (G1724B*)\"}]},{\"@type\":\"WebSite\",\"@id\":\"https:\/\/www.guardsmandogguards.co.uk\/#website\",\"url\":\"https:\/\/www.guardsmandogguards.co.uk\/\",\"name\":\"Guardsman Dog Guards\",\"description\":\"A full range of Dog Guards and Boot Dividers for all Car Brands and Models\",\"publisher\":{\"@id\":\"https:\/\/www.guardsmandogguards.co.uk\/#organization\"},\"potentialAction\":[{\"@type\":\"SearchAction\",\"target\":{\"@type\":\"EntryPoint\",\"urlTemplate\":\"https:\/\/www.guardsmandogguards.co.uk\/?s={search_term_string}\"},\"query-input\":{\"@type\":\"PropertyValueSpecification\",\"valueRequired\":true,\"valueName\":\"search_term_string\"}}],\"inLanguage\":\"fr-FR\"},{\"@type\":\"Organization\",\"@id\":\"https:\/\/www.guardsmandogguards.co.uk\/#organization\",\"name\":\"Guardsman Dog Guards\",\"url\":\"https:\/\/www.guardsmandogguards.co.uk\/\",\"logo\":{\"@type\":\"ImageObject\",\"inLanguage\":\"fr-FR\",\"@id\":\"https:\/\/www.guardsmandogguards.co.uk\/#\/schema\/logo\/image\/\",\"url\":\"https:\/\/www.guardsmandogguards.co.uk\/wp-content\/uploads\/2017\/08\/guardsman.jpg\",\"contentUrl\":\"https:\/\/www.guardsmandogguards.co.uk\/wp-content\/uploads\/2017\/08\/guardsman.jpg\",\"width\":235,\"height\":235,\"caption\":\"Guardsman Dog Guards\"},\"image\":{\"@id\":\"https:\/\/www.guardsmandogguards.co.uk\/#\/schema\/logo\/image\/\"},\"sameAs\":[\"https:\/\/www.facebook.com\/AthagGuardsman\",\"https:\/\/x.com\/AthagGuardsman\",\"https:\/\/www.linkedin.com\/in\/athag-guardsman-44a5699a\/\"]}]}<\/script>\n<!-- \/ Yoast SEO plugin. -->","yoast_head_json":{"title":"VW PASSAT COMBI B9 Grille de S\u00e9paration et Grille de Division - \u00e0 partir de 2025 (G1724B*) - Guardsman Dog Guards","robots":{"index":"index","follow":"follow","max-snippet":"max-snippet:-1","max-image-preview":"max-image-preview:large","max-video-preview":"max-video-preview:-1"},"canonical":"https:\/\/www.guardsmandogguards.co.uk\/fr\/produit\/vw-passat-combi-b9-grille-de-separation-et-grille-de-division-a-partir-de-2025-g1724b\/","og_locale":"fr_FR","og_type":"article","og_title":"VW PASSAT COMBI B9 Grille de S\u00e9paration et Grille de Division - \u00e0 partir de 2025 (G1724B*) - Guardsman Dog Guards","og_description":"Notre ensemble de Grille de S\u00e9paration pour chiens et de Grille de Division Adaptable por la VOLKSWAGEN PASSAT COMBI B9, \u00e0 partir de 2025, comprend un pare-chien sp\u00e9cifique au v\u00e9hicule qui offre une barri\u00e8re de s\u00e9curit\u00e9 entre le coffre et [&hellip;]","og_url":"https:\/\/www.guardsmandogguards.co.uk\/fr\/produit\/vw-passat-combi-b9-grille-de-separation-et-grille-de-division-a-partir-de-2025-g1724b\/","og_site_name":"Guardsman Dog Guards","article_publisher":"https:\/\/www.facebook.com\/AthagGuardsman","article_modified_time":"2025-06-06T13:37:22+00:00","og_image":[{"width":886,"height":591,"url":"https:\/\/www.guardsmandogguards.co.uk\/wp-content\/uploads\/2025\/06\/G1724-CENTRAL-2.jpg","type":"image\/jpeg"}],"twitter_card":"summary_large_image","twitter_site":"@AthagGuardsman","twitter_misc":{"Dur\u00e9e de lecture estim\u00e9e":"1 minute"},"schema":{"@context":"https:\/\/schema.org","@graph":[{"@type":"WebPage","@id":"https:\/\/www.guardsmandogguards.co.uk\/fr\/produit\/vw-passat-combi-b9-grille-de-separation-et-grille-de-division-a-partir-de-2025-g1724b\/","url":"https:\/\/www.guardsmandogguards.co.uk\/fr\/produit\/vw-passat-combi-b9-grille-de-separation-et-grille-de-division-a-partir-de-2025-g1724b\/","name":"VW PASSAT COMBI B9 Grille de S\u00e9paration et Grille de Division - \u00e0 partir de 2025 (G1724B*) - Guardsman Dog Guards","isPartOf":{"@id":"https:\/\/www.guardsmandogguards.co.uk\/#website"},"primaryImageOfPage":{"@id":"https:\/\/www.guardsmandogguards.co.uk\/fr\/produit\/vw-passat-combi-b9-grille-de-separation-et-grille-de-division-a-partir-de-2025-g1724b\/#primaryimage"},"image":{"@id":"https:\/\/www.guardsmandogguards.co.uk\/fr\/produit\/vw-passat-combi-b9-grille-de-separation-et-grille-de-division-a-partir-de-2025-g1724b\/#primaryimage"},"thumbnailUrl":"https:\/\/www.guardsmandogguards.co.uk\/wp-content\/uploads\/2025\/06\/G1724-CENTRAL-2.jpg","datePublished":"2025-06-05T12:05:06+00:00","dateModified":"2025-06-06T13:37:22+00:00","breadcrumb":{"@id":"https:\/\/www.guardsmandogguards.co.uk\/fr\/produit\/vw-passat-combi-b9-grille-de-separation-et-grille-de-division-a-partir-de-2025-g1724b\/#breadcrumb"},"inLanguage":"fr-FR","potentialAction":[{"@type":"ReadAction","target":["https:\/\/www.guardsmandogguards.co.uk\/fr\/produit\/vw-passat-combi-b9-grille-de-separation-et-grille-de-division-a-partir-de-2025-g1724b\/"]}]},{"@type":"ImageObject","inLanguage":"fr-FR","@id":"https:\/\/www.guardsmandogguards.co.uk\/fr\/produit\/vw-passat-combi-b9-grille-de-separation-et-grille-de-division-a-partir-de-2025-g1724b\/#primaryimage","url":"https:\/\/www.guardsmandogguards.co.uk\/wp-content\/uploads\/2025\/06\/G1724-CENTRAL-2.jpg","contentUrl":"https:\/\/www.guardsmandogguards.co.uk\/wp-content\/uploads\/2025\/06\/G1724-CENTRAL-2.jpg","width":886,"height":591},{"@type":"BreadcrumbList","@id":"https:\/\/www.guardsmandogguards.co.uk\/fr\/produit\/vw-passat-combi-b9-grille-de-separation-et-grille-de-division-a-partir-de-2025-g1724b\/#breadcrumb","itemListElement":[{"@type":"ListItem","position":1,"name":"Home","item":"https:\/\/www.guardsmandogguards.co.uk\/fr\/"},{"@type":"ListItem","position":2,"name":"Products","item":"https:\/\/www.guardsmandogguards.co.uk\/shop\/"},{"@type":"ListItem","position":3,"name":"VW PASSAT COMBI B9 Grille de S\u00e9paration et Grille de Division &#8211; \u00e0 partir de 2025 (G1724B*)"}]},{"@type":"WebSite","@id":"https:\/\/www.guardsmandogguards.co.uk\/#website","url":"https:\/\/www.guardsmandogguards.co.uk\/","name":"Guardsman Dog Guards","description":"A full range of Dog Guards and Boot Dividers for all Car Brands and Models","publisher":{"@id":"https:\/\/www.guardsmandogguards.co.uk\/#organization"},"potentialAction":[{"@type":"SearchAction","target":{"@type":"EntryPoint","urlTemplate":"https:\/\/www.guardsmandogguards.co.uk\/?s={search_term_string}"},"query-input":{"@type":"PropertyValueSpecification","valueRequired":true,"valueName":"search_term_string"}}],"inLanguage":"fr-FR"},{"@type":"Organization","@id":"https:\/\/www.guardsmandogguards.co.uk\/#organization","name":"Guardsman Dog Guards","url":"https:\/\/www.guardsmandogguards.co.uk\/","logo":{"@type":"ImageObject","inLanguage":"fr-FR","@id":"https:\/\/www.guardsmandogguards.co.uk\/#\/schema\/logo\/image\/","url":"https:\/\/www.guardsmandogguards.co.uk\/wp-content\/uploads\/2017\/08\/guardsman.jpg","contentUrl":"https:\/\/www.guardsmandogguards.co.uk\/wp-content\/uploads\/2017\/08\/guardsman.jpg","width":235,"height":235,"caption":"Guardsman Dog Guards"},"image":{"@id":"https:\/\/www.guardsmandogguards.co.uk\/#\/schema\/logo\/image\/"},"sameAs":["https:\/\/www.facebook.com\/AthagGuardsman","https:\/\/x.com\/AthagGuardsman","https:\/\/www.linkedin.com\/in\/athag-guardsman-44a5699a\/"]}]}},"_links":{"self":[{"href":"https:\/\/www.guardsmandogguards.co.uk\/fr\/wp-json\/wp\/v2\/product\/73569","targetHints":{"allow":["GET"]}}],"collection":[{"href":"https:\/\/www.guardsmandogguards.co.uk\/fr\/wp-json\/wp\/v2\/product"}],"about":[{"href":"https:\/\/www.guardsmandogguards.co.uk\/fr\/wp-json\/wp\/v2\/types\/product"}],"wp:featuredmedia":[{"embeddable":true,"href":"https:\/\/www.guardsmandogguards.co.uk\/fr\/wp-json\/wp\/v2\/media\/73567"}],"wp:attachment":[{"href":"https:\/\/www.guardsmandogguards.co.uk\/fr\/wp-json\/wp\/v2\/media?parent=73569"}],"wp:term":[{"taxonomy":"product_brand","embeddable":true,"href":"https:\/\/www.guardsmandogguards.co.uk\/fr\/wp-json\/wp\/v2\/product_brand?post=73569"},{"taxonomy":"product_cat","embeddable":true,"href":"https:\/\/www.guardsmandogguards.co.uk\/fr\/wp-json\/wp\/v2\/product_cat?post=73569"},{"taxonomy":"product_tag","embeddable":true,"href":"https:\/\/www.guardsmandogguards.co.uk\/fr\/wp-json\/wp\/v2\/product_tag?post=73569"}],"curies":[{"name":"wp","href":"https:\/\/api.w.org\/{rel}","templated":true}]}}