{"id":73175,"date":"2025-05-24T13:55:37","date_gmt":"2025-05-24T12:55:38","guid":{"rendered":"https:\/\/www.guardsmandogguards.co.uk\/?post_type=product&#038;p=73175"},"modified":"2026-01-23T08:37:26","modified_gmt":"2026-01-23T08:37:26","slug":"peugeot-5008-3-a-partir-de-2025-grille-de-separation-pour-chien-et-grille-de-division-adaptable-copy","status":"publish","type":"product","link":"https:\/\/www.guardsmandogguards.co.uk\/fr\/produit\/peugeot-5008-3-a-partir-de-2025-grille-de-separation-pour-chien-et-grille-de-division-adaptable-copy\/","title":{"rendered":"PEUGEOT 5008 #3 \/e5008 (\u00c0 PARTIR DE 2025)  Grille de S\u00e9paration pour Chien et Grille de division adaptable G1748B"},"content":{"rendered":"<p><span style=\"font-weight: 400;\">Notre ensemble de Grille de S\u00e9paration pour chiens et de Grille de Division Adaptable Peugeot 5008 #3 (\u00c0 partir de 2025)<\/span><span style=\"font-weight: 400;\"> comprend un pare-chien sp\u00e9cifique au v\u00e9hicule qui offre une barri\u00e8re de s\u00e9curit\u00e9 entre le coffre et l&rsquo;habitacle, ainsi qu&rsquo;un s\u00e9parateur de coffre variable qui permet de divis\u00e9 en deux compartiments.<\/span><\/p>\n<p>Il s&rsquo;agit d&rsquo;un produit haut de gamme fabriqu\u00e9 au Royaume-Uni, con\u00e7u sp\u00e9cifiquement pour la version sept places de ce v\u00e9hicule. Si vous poss\u00e9dez la version cinq places, veuillez nous le pr\u00e9ciser lors de votre commande afin que nous puissions adapter la cloison de s\u00e9paration.<\/p>\n<ul>\n<li style=\"font-weight: 400;\"><span style=\"font-weight: 400;\">Id\u00e9ale pour la s\u00e9paration de deux chiens, ou pour s\u00e9parer les bagages du chien\u00a0<\/span><\/li>\n<li style=\"font-weight: 400;\"><span style=\"font-weight: 400;\">Montage rapide sans besoin de modifier le v\u00e9hicule<\/span><\/li>\n<li style=\"font-weight: 400;\"><span style=\"font-weight: 400;\">Instructions de montage et toutes fixations n\u00e9cessaires fournis\u00a0<\/span><\/li>\n<li style=\"font-weight: 400;\"><span style=\"font-weight: 400;\">Cadre externe de la grille fabriqu\u00e9 en tuyau de 19 mm, maille en acier 50mm- tr\u00e8s r\u00e9sistant et durable.<\/span><\/li>\n<li style=\"font-weight: 400;\"><span style=\"font-weight: 400;\">Peint en rev\u00eatement de poudre noir, conforme aux normes automobiles internationaux.<\/span><\/li>\n<li style=\"font-weight: 400;\"><span style=\"font-weight: 400;\">Fabriqu\u00e9 selon les m\u00eames sp\u00e9cifications que les produits fournis aux constructeurs d\u2019automobiles.<\/span><\/li>\n<li style=\"font-weight: 400;\"><span style=\"font-weight: 400;\">Conforme aux normes de qualit\u00e9 internationales ISO 9001<\/span><\/li>\n<\/ul>\n","protected":false},"excerpt":{"rendered":"<p>Notre ensemble de Grille de S\u00e9paration pour chiens et de Grille de Division Adaptable Peugeot 5008 #3 (\u00c0 partir de 2025) comprend un pare-chien sp\u00e9cifique au v\u00e9hicule qui offre une barri\u00e8re de s\u00e9curit\u00e9 entre le coffre et l&rsquo;habitacle, ainsi qu&rsquo;un [&hellip;]<\/p>\n","protected":false},"featured_media":73156,"template":"","meta":[],"product_brand":[],"product_cat":[1217],"product_tag":[653,648],"class_list":{"0":"post-73175","1":"product","2":"type-product","3":"status-publish","4":"has-post-thumbnail","6":"product_cat-peugeot-5008-3-a-partir-de-2025","7":"product_tag-5008-fr","8":"product_tag-peugeot-fr","9":"product_shipping_class-bundle-fr","11":"first","12":"instock","13":"taxable","14":"shipping-taxable","15":"purchasable","16":"product-type-simple"},"yoast_head":"<!-- This site is optimized with the Yoast SEO plugin v26.0 - https:\/\/yoast.com\/wordpress\/plugins\/seo\/ -->\n<title>Peugeot 5008 #3 ((\u00c0partir de 2025) Grille de S\u00e9paration pour Chien et Grille de Division adaptable - Guardsman<\/title>\n<meta name=\"description\" content=\"Vous recherchez une Grille de protection pour Chien et un S\u00e9parateur de Coffre pour un Peugeot 5008 #3 (\u00e0 partir de 2025)? Ces pi\u00e8ces sont fabriqu\u00e9es au Royaume-Uni et offrent une grille facile \u00e0 installer et s\u00e9curis\u00e9e qui assure la s\u00e9curit\u00e9 des chiens et des passagers.\" \/>\n<meta name=\"robots\" content=\"index, follow, max-snippet:-1, max-image-preview:large, max-video-preview:-1\" \/>\n<link rel=\"canonical\" href=\"https:\/\/www.guardsmandogguards.co.uk\/fr\/produit\/peugeot-5008-3-a-partir-de-2025-grille-de-separation-pour-chien-et-grille-de-division-adaptable-copy\/\" \/>\n<meta property=\"og:locale\" content=\"fr_FR\" \/>\n<meta property=\"og:type\" content=\"article\" \/>\n<meta property=\"og:title\" content=\"Peugeot 5008 #3 ((\u00c0partir de 2025) Grille de S\u00e9paration pour Chien et Grille de Division adaptable - Guardsman\" \/>\n<meta property=\"og:description\" content=\"Vous recherchez une Grille de protection pour Chien et un S\u00e9parateur de Coffre pour un Peugeot 5008 #3 (\u00e0 partir de 2025)? Ces pi\u00e8ces sont fabriqu\u00e9es au Royaume-Uni et offrent une grille facile \u00e0 installer et s\u00e9curis\u00e9e qui assure la s\u00e9curit\u00e9 des chiens et des passagers.\" \/>\n<meta property=\"og:url\" content=\"https:\/\/www.guardsmandogguards.co.uk\/fr\/produit\/peugeot-5008-3-a-partir-de-2025-grille-de-separation-pour-chien-et-grille-de-division-adaptable-copy\/\" \/>\n<meta property=\"og:site_name\" content=\"Guardsman Dog Guards\" \/>\n<meta property=\"article:publisher\" content=\"https:\/\/www.facebook.com\/AthagGuardsman\" \/>\n<meta property=\"article:modified_time\" content=\"2026-01-23T08:37:26+00:00\" \/>\n<meta property=\"og:image\" content=\"https:\/\/www.guardsmandogguards.co.uk\/wp-content\/uploads\/2025\/05\/garys-dog.jpg\" \/>\n\t<meta property=\"og:image:width\" content=\"640\" \/>\n\t<meta property=\"og:image:height\" content=\"480\" \/>\n\t<meta property=\"og:image:type\" content=\"image\/jpeg\" \/>\n<meta name=\"twitter:card\" content=\"summary_large_image\" \/>\n<meta name=\"twitter:site\" content=\"@AthagGuardsman\" \/>\n<meta name=\"twitter:label1\" content=\"Dur\u00e9e de lecture estim\u00e9e\" \/>\n\t<meta name=\"twitter:data1\" content=\"1 minute\" \/>\n<script type=\"application\/ld+json\" class=\"yoast-schema-graph\">{\"@context\":\"https:\/\/schema.org\",\"@graph\":[{\"@type\":\"WebPage\",\"@id\":\"https:\/\/www.guardsmandogguards.co.uk\/fr\/produit\/peugeot-5008-3-a-partir-de-2025-grille-de-separation-pour-chien-et-grille-de-division-adaptable-copy\/\",\"url\":\"https:\/\/www.guardsmandogguards.co.uk\/fr\/produit\/peugeot-5008-3-a-partir-de-2025-grille-de-separation-pour-chien-et-grille-de-division-adaptable-copy\/\",\"name\":\"Peugeot 5008 #3 ((\u00c0partir de 2025) Grille de S\u00e9paration pour Chien et Grille de Division adaptable - Guardsman\",\"isPartOf\":{\"@id\":\"https:\/\/www.guardsmandogguards.co.uk\/#website\"},\"primaryImageOfPage\":{\"@id\":\"https:\/\/www.guardsmandogguards.co.uk\/fr\/produit\/peugeot-5008-3-a-partir-de-2025-grille-de-separation-pour-chien-et-grille-de-division-adaptable-copy\/#primaryimage\"},\"image\":{\"@id\":\"https:\/\/www.guardsmandogguards.co.uk\/fr\/produit\/peugeot-5008-3-a-partir-de-2025-grille-de-separation-pour-chien-et-grille-de-division-adaptable-copy\/#primaryimage\"},\"thumbnailUrl\":\"https:\/\/www.guardsmandogguards.co.uk\/wp-content\/uploads\/2025\/05\/garys-dog.jpg\",\"datePublished\":\"2025-05-24T12:55:38+00:00\",\"dateModified\":\"2026-01-23T08:37:26+00:00\",\"description\":\"Vous recherchez une Grille de protection pour Chien et un S\u00e9parateur de Coffre pour un Peugeot 5008 #3 (\u00e0 partir de 2025)? Ces pi\u00e8ces sont fabriqu\u00e9es au Royaume-Uni et offrent une grille facile \u00e0 installer et s\u00e9curis\u00e9e qui assure la s\u00e9curit\u00e9 des chiens et des passagers.\",\"breadcrumb\":{\"@id\":\"https:\/\/www.guardsmandogguards.co.uk\/fr\/produit\/peugeot-5008-3-a-partir-de-2025-grille-de-separation-pour-chien-et-grille-de-division-adaptable-copy\/#breadcrumb\"},\"inLanguage\":\"fr-FR\",\"potentialAction\":[{\"@type\":\"ReadAction\",\"target\":[\"https:\/\/www.guardsmandogguards.co.uk\/fr\/produit\/peugeot-5008-3-a-partir-de-2025-grille-de-separation-pour-chien-et-grille-de-division-adaptable-copy\/\"]}]},{\"@type\":\"ImageObject\",\"inLanguage\":\"fr-FR\",\"@id\":\"https:\/\/www.guardsmandogguards.co.uk\/fr\/produit\/peugeot-5008-3-a-partir-de-2025-grille-de-separation-pour-chien-et-grille-de-division-adaptable-copy\/#primaryimage\",\"url\":\"https:\/\/www.guardsmandogguards.co.uk\/wp-content\/uploads\/2025\/05\/garys-dog.jpg\",\"contentUrl\":\"https:\/\/www.guardsmandogguards.co.uk\/wp-content\/uploads\/2025\/05\/garys-dog.jpg\",\"width\":640,\"height\":480},{\"@type\":\"BreadcrumbList\",\"@id\":\"https:\/\/www.guardsmandogguards.co.uk\/fr\/produit\/peugeot-5008-3-a-partir-de-2025-grille-de-separation-pour-chien-et-grille-de-division-adaptable-copy\/#breadcrumb\",\"itemListElement\":[{\"@type\":\"ListItem\",\"position\":1,\"name\":\"Home\",\"item\":\"https:\/\/www.guardsmandogguards.co.uk\/fr\/\"},{\"@type\":\"ListItem\",\"position\":2,\"name\":\"Products\",\"item\":\"https:\/\/www.guardsmandogguards.co.uk\/shop\/\"},{\"@type\":\"ListItem\",\"position\":3,\"name\":\"PEUGEOT 5008 #3 \/e5008 (\u00c0 PARTIR DE 2025) Grille de S\u00e9paration pour Chien et Grille de division adaptable G1748B\"}]},{\"@type\":\"WebSite\",\"@id\":\"https:\/\/www.guardsmandogguards.co.uk\/#website\",\"url\":\"https:\/\/www.guardsmandogguards.co.uk\/\",\"name\":\"Guardsman Dog Guards\",\"description\":\"A full range of Dog Guards and Boot Dividers for all Car Brands and Models\",\"publisher\":{\"@id\":\"https:\/\/www.guardsmandogguards.co.uk\/#organization\"},\"potentialAction\":[{\"@type\":\"SearchAction\",\"target\":{\"@type\":\"EntryPoint\",\"urlTemplate\":\"https:\/\/www.guardsmandogguards.co.uk\/?s={search_term_string}\"},\"query-input\":{\"@type\":\"PropertyValueSpecification\",\"valueRequired\":true,\"valueName\":\"search_term_string\"}}],\"inLanguage\":\"fr-FR\"},{\"@type\":\"Organization\",\"@id\":\"https:\/\/www.guardsmandogguards.co.uk\/#organization\",\"name\":\"Guardsman Dog Guards\",\"url\":\"https:\/\/www.guardsmandogguards.co.uk\/\",\"logo\":{\"@type\":\"ImageObject\",\"inLanguage\":\"fr-FR\",\"@id\":\"https:\/\/www.guardsmandogguards.co.uk\/#\/schema\/logo\/image\/\",\"url\":\"https:\/\/www.guardsmandogguards.co.uk\/wp-content\/uploads\/2017\/08\/guardsman.jpg\",\"contentUrl\":\"https:\/\/www.guardsmandogguards.co.uk\/wp-content\/uploads\/2017\/08\/guardsman.jpg\",\"width\":235,\"height\":235,\"caption\":\"Guardsman Dog Guards\"},\"image\":{\"@id\":\"https:\/\/www.guardsmandogguards.co.uk\/#\/schema\/logo\/image\/\"},\"sameAs\":[\"https:\/\/www.facebook.com\/AthagGuardsman\",\"https:\/\/x.com\/AthagGuardsman\",\"https:\/\/www.linkedin.com\/in\/athag-guardsman-44a5699a\/\"]}]}<\/script>\n<!-- \/ Yoast SEO plugin. -->","yoast_head_json":{"title":"Peugeot 5008 #3 ((\u00c0partir de 2025) Grille de S\u00e9paration pour Chien et Grille de Division adaptable - Guardsman","description":"Vous recherchez une Grille de protection pour Chien et un S\u00e9parateur de Coffre pour un Peugeot 5008 #3 (\u00e0 partir de 2025)? Ces pi\u00e8ces sont fabriqu\u00e9es au Royaume-Uni et offrent une grille facile \u00e0 installer et s\u00e9curis\u00e9e qui assure la s\u00e9curit\u00e9 des chiens et des passagers.","robots":{"index":"index","follow":"follow","max-snippet":"max-snippet:-1","max-image-preview":"max-image-preview:large","max-video-preview":"max-video-preview:-1"},"canonical":"https:\/\/www.guardsmandogguards.co.uk\/fr\/produit\/peugeot-5008-3-a-partir-de-2025-grille-de-separation-pour-chien-et-grille-de-division-adaptable-copy\/","og_locale":"fr_FR","og_type":"article","og_title":"Peugeot 5008 #3 ((\u00c0partir de 2025) Grille de S\u00e9paration pour Chien et Grille de Division adaptable - Guardsman","og_description":"Vous recherchez une Grille de protection pour Chien et un S\u00e9parateur de Coffre pour un Peugeot 5008 #3 (\u00e0 partir de 2025)? Ces pi\u00e8ces sont fabriqu\u00e9es au Royaume-Uni et offrent une grille facile \u00e0 installer et s\u00e9curis\u00e9e qui assure la s\u00e9curit\u00e9 des chiens et des passagers.","og_url":"https:\/\/www.guardsmandogguards.co.uk\/fr\/produit\/peugeot-5008-3-a-partir-de-2025-grille-de-separation-pour-chien-et-grille-de-division-adaptable-copy\/","og_site_name":"Guardsman Dog Guards","article_publisher":"https:\/\/www.facebook.com\/AthagGuardsman","article_modified_time":"2026-01-23T08:37:26+00:00","og_image":[{"width":640,"height":480,"url":"https:\/\/www.guardsmandogguards.co.uk\/wp-content\/uploads\/2025\/05\/garys-dog.jpg","type":"image\/jpeg"}],"twitter_card":"summary_large_image","twitter_site":"@AthagGuardsman","twitter_misc":{"Dur\u00e9e de lecture estim\u00e9e":"1 minute"},"schema":{"@context":"https:\/\/schema.org","@graph":[{"@type":"WebPage","@id":"https:\/\/www.guardsmandogguards.co.uk\/fr\/produit\/peugeot-5008-3-a-partir-de-2025-grille-de-separation-pour-chien-et-grille-de-division-adaptable-copy\/","url":"https:\/\/www.guardsmandogguards.co.uk\/fr\/produit\/peugeot-5008-3-a-partir-de-2025-grille-de-separation-pour-chien-et-grille-de-division-adaptable-copy\/","name":"Peugeot 5008 #3 ((\u00c0partir de 2025) Grille de S\u00e9paration pour Chien et Grille de Division adaptable - Guardsman","isPartOf":{"@id":"https:\/\/www.guardsmandogguards.co.uk\/#website"},"primaryImageOfPage":{"@id":"https:\/\/www.guardsmandogguards.co.uk\/fr\/produit\/peugeot-5008-3-a-partir-de-2025-grille-de-separation-pour-chien-et-grille-de-division-adaptable-copy\/#primaryimage"},"image":{"@id":"https:\/\/www.guardsmandogguards.co.uk\/fr\/produit\/peugeot-5008-3-a-partir-de-2025-grille-de-separation-pour-chien-et-grille-de-division-adaptable-copy\/#primaryimage"},"thumbnailUrl":"https:\/\/www.guardsmandogguards.co.uk\/wp-content\/uploads\/2025\/05\/garys-dog.jpg","datePublished":"2025-05-24T12:55:38+00:00","dateModified":"2026-01-23T08:37:26+00:00","description":"Vous recherchez une Grille de protection pour Chien et un S\u00e9parateur de Coffre pour un Peugeot 5008 #3 (\u00e0 partir de 2025)? Ces pi\u00e8ces sont fabriqu\u00e9es au Royaume-Uni et offrent une grille facile \u00e0 installer et s\u00e9curis\u00e9e qui assure la s\u00e9curit\u00e9 des chiens et des passagers.","breadcrumb":{"@id":"https:\/\/www.guardsmandogguards.co.uk\/fr\/produit\/peugeot-5008-3-a-partir-de-2025-grille-de-separation-pour-chien-et-grille-de-division-adaptable-copy\/#breadcrumb"},"inLanguage":"fr-FR","potentialAction":[{"@type":"ReadAction","target":["https:\/\/www.guardsmandogguards.co.uk\/fr\/produit\/peugeot-5008-3-a-partir-de-2025-grille-de-separation-pour-chien-et-grille-de-division-adaptable-copy\/"]}]},{"@type":"ImageObject","inLanguage":"fr-FR","@id":"https:\/\/www.guardsmandogguards.co.uk\/fr\/produit\/peugeot-5008-3-a-partir-de-2025-grille-de-separation-pour-chien-et-grille-de-division-adaptable-copy\/#primaryimage","url":"https:\/\/www.guardsmandogguards.co.uk\/wp-content\/uploads\/2025\/05\/garys-dog.jpg","contentUrl":"https:\/\/www.guardsmandogguards.co.uk\/wp-content\/uploads\/2025\/05\/garys-dog.jpg","width":640,"height":480},{"@type":"BreadcrumbList","@id":"https:\/\/www.guardsmandogguards.co.uk\/fr\/produit\/peugeot-5008-3-a-partir-de-2025-grille-de-separation-pour-chien-et-grille-de-division-adaptable-copy\/#breadcrumb","itemListElement":[{"@type":"ListItem","position":1,"name":"Home","item":"https:\/\/www.guardsmandogguards.co.uk\/fr\/"},{"@type":"ListItem","position":2,"name":"Products","item":"https:\/\/www.guardsmandogguards.co.uk\/shop\/"},{"@type":"ListItem","position":3,"name":"PEUGEOT 5008 #3 \/e5008 (\u00c0 PARTIR DE 2025) Grille de S\u00e9paration pour Chien et Grille de division adaptable G1748B"}]},{"@type":"WebSite","@id":"https:\/\/www.guardsmandogguards.co.uk\/#website","url":"https:\/\/www.guardsmandogguards.co.uk\/","name":"Guardsman Dog Guards","description":"A full range of Dog Guards and Boot Dividers for all Car Brands and Models","publisher":{"@id":"https:\/\/www.guardsmandogguards.co.uk\/#organization"},"potentialAction":[{"@type":"SearchAction","target":{"@type":"EntryPoint","urlTemplate":"https:\/\/www.guardsmandogguards.co.uk\/?s={search_term_string}"},"query-input":{"@type":"PropertyValueSpecification","valueRequired":true,"valueName":"search_term_string"}}],"inLanguage":"fr-FR"},{"@type":"Organization","@id":"https:\/\/www.guardsmandogguards.co.uk\/#organization","name":"Guardsman Dog Guards","url":"https:\/\/www.guardsmandogguards.co.uk\/","logo":{"@type":"ImageObject","inLanguage":"fr-FR","@id":"https:\/\/www.guardsmandogguards.co.uk\/#\/schema\/logo\/image\/","url":"https:\/\/www.guardsmandogguards.co.uk\/wp-content\/uploads\/2017\/08\/guardsman.jpg","contentUrl":"https:\/\/www.guardsmandogguards.co.uk\/wp-content\/uploads\/2017\/08\/guardsman.jpg","width":235,"height":235,"caption":"Guardsman Dog Guards"},"image":{"@id":"https:\/\/www.guardsmandogguards.co.uk\/#\/schema\/logo\/image\/"},"sameAs":["https:\/\/www.facebook.com\/AthagGuardsman","https:\/\/x.com\/AthagGuardsman","https:\/\/www.linkedin.com\/in\/athag-guardsman-44a5699a\/"]}]}},"_links":{"self":[{"href":"https:\/\/www.guardsmandogguards.co.uk\/fr\/wp-json\/wp\/v2\/product\/73175","targetHints":{"allow":["GET"]}}],"collection":[{"href":"https:\/\/www.guardsmandogguards.co.uk\/fr\/wp-json\/wp\/v2\/product"}],"about":[{"href":"https:\/\/www.guardsmandogguards.co.uk\/fr\/wp-json\/wp\/v2\/types\/product"}],"wp:featuredmedia":[{"embeddable":true,"href":"https:\/\/www.guardsmandogguards.co.uk\/fr\/wp-json\/wp\/v2\/media\/73156"}],"wp:attachment":[{"href":"https:\/\/www.guardsmandogguards.co.uk\/fr\/wp-json\/wp\/v2\/media?parent=73175"}],"wp:term":[{"taxonomy":"product_brand","embeddable":true,"href":"https:\/\/www.guardsmandogguards.co.uk\/fr\/wp-json\/wp\/v2\/product_brand?post=73175"},{"taxonomy":"product_cat","embeddable":true,"href":"https:\/\/www.guardsmandogguards.co.uk\/fr\/wp-json\/wp\/v2\/product_cat?post=73175"},{"taxonomy":"product_tag","embeddable":true,"href":"https:\/\/www.guardsmandogguards.co.uk\/fr\/wp-json\/wp\/v2\/product_tag?post=73175"}],"curies":[{"name":"wp","href":"https:\/\/api.w.org\/{rel}","templated":true}]}}