{"id":71678,"date":"2025-04-11T12:02:43","date_gmt":"2025-04-11T11:02:44","guid":{"rendered":"https:\/\/www.guardsmandogguards.co.uk\/?post_type=product&#038;p=71678"},"modified":"2025-04-12T18:22:45","modified_gmt":"2025-04-12T17:22:45","slug":"byd-sealion-7-grille-de-separation-et-grille-de-division-g1729b","status":"publish","type":"product","link":"https:\/\/www.guardsmandogguards.co.uk\/fr\/produit\/byd-sealion-7-grille-de-separation-et-grille-de-division-g1729b\/","title":{"rendered":"BYD SEALION 7 Grille de S\u00e9paration et Grille de Division  (G1729B*)"},"content":{"rendered":"<p><span style=\"font-weight: 400;\">Notre ensemble de Grille de S\u00e9paration pour chiens et de Grille de Division Adaptable pour la BYD SEALION 7<\/span><span style=\"font-weight: 400;\"> comprend un pare-chien sp\u00e9cifique au v\u00e9hicule qui offre une barri\u00e8re de s\u00e9curit\u00e9 entre le coffre et l&rsquo;habitacle, ainsi qu&rsquo;un s\u00e9parateur de coffre variable qui permet de divis\u00e9 en deux compartiments.<\/span><\/p>\n<p>Selon les sp\u00e9cifications de votre voiture, il existe diff\u00e9rents niveaux de hauteur auxquels votre plancher de coffre peut \u00eatre r\u00e9gl\u00e9. Nous devons faire en sorte que le s\u00e9parateur de coffre soit \u00e0 la bonne hauteur pour s&rsquo;adapter \u00e0 votre voiture, c&rsquo;est donc l\u00e0 que nous avons besoin de votre aide.<\/p>\n<p>Jetez un oeil \u00e0 ce clip youtube qui montre la bonne fa\u00e7on de mesurer la hauteur de votre botte<\/p>\n<p><a href=\"https:\/\/www.youtube.com\/watch?v=N55z-8rOCfo\" target=\"_blank\" rel=\"noopener\">Comment mesurer pour Votre Diviseur Guardsman<\/a><\/p>\n<p>cela nous permettra de faire votre commande \u00e0 la bonne taille.<\/p>\n<p><strong>Veuillez vous assurer de saisir la mesure sur le formulaire de commande en ligne lorsque vous le soumettez. Nous vous ferons savoir si nous avons d\u2019autres questions.<\/strong><\/p>\n<ul>\n<li style=\"font-weight: 400;\"><span style=\"font-weight: 400;\">Id\u00e9ale pour la s\u00e9paration de deux chiens, ou pour s\u00e9parer les bagages du chien.<\/span><\/li>\n<li style=\"font-weight: 400;\"><span style=\"font-weight: 400;\">Montage rapide sans besoin de modifier le v\u00e9hicule.<\/span><\/li>\n<li style=\"font-weight: 400;\"><span style=\"font-weight: 400;\">Instructions de montage et toutes fixations n\u00e9cessaires fournis.<\/span><\/li>\n<li style=\"font-weight: 400;\"><span style=\"font-weight: 400;\">Cadre externe de la grille fabriqu\u00e9 en tuyau de 19 mm, maille en acier 50mm- tr\u00e8s r\u00e9sistant et durable.<\/span><\/li>\n<li style=\"font-weight: 400;\"><span style=\"font-weight: 400;\">Peint en rev\u00eatement de poudre noir, conforme aux normes automobiles internationaux.<\/span><\/li>\n<li style=\"font-weight: 400;\"><span style=\"font-weight: 400;\">Fabriqu\u00e9 selon les m\u00eames sp\u00e9cifications que les produits fournis aux constructeurs d\u2019automobiles.<\/span><\/li>\n<li style=\"font-weight: 400;\"><span style=\"font-weight: 400;\">Conforme aux normes de qualit\u00e9 internationales ISO 9001.<\/span><\/li>\n<\/ul>\n","protected":false},"excerpt":{"rendered":"<p>Notre ensemble de Grille de S\u00e9paration pour chiens et de Grille de Division Adaptable pour la BYD SEALION 7 comprend un pare-chien sp\u00e9cifique au v\u00e9hicule qui offre une barri\u00e8re de s\u00e9curit\u00e9 entre le coffre et l&rsquo;habitacle, ainsi qu&rsquo;un s\u00e9parateur de [&hellip;]<\/p>\n","protected":false},"featured_media":71680,"template":"","meta":[],"product_brand":[],"product_cat":[1196],"product_tag":[1155],"class_list":{"0":"post-71678","1":"product","2":"type-product","3":"status-publish","4":"has-post-thumbnail","6":"product_cat-byd-sealion-7-fr","7":"product_tag-byd-seal-u-fr","8":"product_shipping_class-bundle-fr","10":"first","11":"instock","12":"sold-individually","13":"taxable","14":"shipping-taxable","15":"purchasable","16":"product-type-simple"},"yoast_head":"<!-- This site is optimized with the Yoast SEO plugin v26.0 - https:\/\/yoast.com\/wordpress\/plugins\/seo\/ -->\n<title>BYD SEALION 7 Grille de S\u00e9paration et Grille de Division (G1729B*) - Guardsman Dog Guards<\/title>\n<meta name=\"description\" content=\"Fabriqu\u00e9 au Royaume-Uni, notre grille de protection pour chien et s\u00e9parateur de coffre \u00ab Guardsman \u00bb s\u00e9parera vos chiens de l&#039;habitacle de votre voiture dans votre BYD SEALION 7.\" \/>\n<meta name=\"robots\" content=\"index, follow, max-snippet:-1, max-image-preview:large, max-video-preview:-1\" \/>\n<link rel=\"canonical\" href=\"https:\/\/www.guardsmandogguards.co.uk\/fr\/produit\/byd-sealion-7-grille-de-separation-et-grille-de-division-g1729b\/\" \/>\n<meta property=\"og:locale\" content=\"fr_FR\" \/>\n<meta property=\"og:type\" content=\"article\" \/>\n<meta property=\"og:title\" content=\"BYD SEALION 7 Grille de S\u00e9paration et Grille de Division (G1729B*) - Guardsman Dog Guards\" \/>\n<meta property=\"og:description\" content=\"Fabriqu\u00e9 au Royaume-Uni, notre grille de protection pour chien et s\u00e9parateur de coffre \u00ab Guardsman \u00bb s\u00e9parera vos chiens de l&#039;habitacle de votre voiture dans votre BYD SEALION 7.\" \/>\n<meta property=\"og:url\" content=\"https:\/\/www.guardsmandogguards.co.uk\/fr\/produit\/byd-sealion-7-grille-de-separation-et-grille-de-division-g1729b\/\" \/>\n<meta property=\"og:site_name\" content=\"Guardsman Dog Guards\" \/>\n<meta property=\"article:publisher\" content=\"https:\/\/www.facebook.com\/AthagGuardsman\" \/>\n<meta property=\"article:modified_time\" content=\"2025-04-12T17:22:45+00:00\" \/>\n<meta property=\"og:image\" content=\"https:\/\/www.guardsmandogguards.co.uk\/wp-content\/uploads\/2025\/04\/G1729B-BYD-SEA-LION-PRIMARY.jpg\" \/>\n\t<meta property=\"og:image:width\" content=\"2400\" \/>\n\t<meta property=\"og:image:height\" content=\"1600\" \/>\n\t<meta property=\"og:image:type\" content=\"image\/jpeg\" \/>\n<meta name=\"twitter:card\" content=\"summary_large_image\" \/>\n<meta name=\"twitter:site\" content=\"@AthagGuardsman\" \/>\n<meta name=\"twitter:label1\" content=\"Dur\u00e9e de lecture estim\u00e9e\" \/>\n\t<meta name=\"twitter:data1\" content=\"2 minutes\" \/>\n<script type=\"application\/ld+json\" class=\"yoast-schema-graph\">{\"@context\":\"https:\/\/schema.org\",\"@graph\":[{\"@type\":\"WebPage\",\"@id\":\"https:\/\/www.guardsmandogguards.co.uk\/fr\/produit\/byd-sealion-7-grille-de-separation-et-grille-de-division-g1729b\/\",\"url\":\"https:\/\/www.guardsmandogguards.co.uk\/fr\/produit\/byd-sealion-7-grille-de-separation-et-grille-de-division-g1729b\/\",\"name\":\"BYD SEALION 7 Grille de S\u00e9paration et Grille de Division (G1729B*) - Guardsman Dog Guards\",\"isPartOf\":{\"@id\":\"https:\/\/www.guardsmandogguards.co.uk\/#website\"},\"primaryImageOfPage\":{\"@id\":\"https:\/\/www.guardsmandogguards.co.uk\/fr\/produit\/byd-sealion-7-grille-de-separation-et-grille-de-division-g1729b\/#primaryimage\"},\"image\":{\"@id\":\"https:\/\/www.guardsmandogguards.co.uk\/fr\/produit\/byd-sealion-7-grille-de-separation-et-grille-de-division-g1729b\/#primaryimage\"},\"thumbnailUrl\":\"https:\/\/www.guardsmandogguards.co.uk\/wp-content\/uploads\/2025\/04\/G1729B-BYD-SEA-LION-PRIMARY.jpg\",\"datePublished\":\"2025-04-11T11:02:44+00:00\",\"dateModified\":\"2025-04-12T17:22:45+00:00\",\"description\":\"Fabriqu\u00e9 au Royaume-Uni, notre grille de protection pour chien et s\u00e9parateur de coffre \u00ab Guardsman \u00bb s\u00e9parera vos chiens de l'habitacle de votre voiture dans votre BYD SEALION 7.\",\"breadcrumb\":{\"@id\":\"https:\/\/www.guardsmandogguards.co.uk\/fr\/produit\/byd-sealion-7-grille-de-separation-et-grille-de-division-g1729b\/#breadcrumb\"},\"inLanguage\":\"fr-FR\",\"potentialAction\":[{\"@type\":\"ReadAction\",\"target\":[\"https:\/\/www.guardsmandogguards.co.uk\/fr\/produit\/byd-sealion-7-grille-de-separation-et-grille-de-division-g1729b\/\"]}]},{\"@type\":\"ImageObject\",\"inLanguage\":\"fr-FR\",\"@id\":\"https:\/\/www.guardsmandogguards.co.uk\/fr\/produit\/byd-sealion-7-grille-de-separation-et-grille-de-division-g1729b\/#primaryimage\",\"url\":\"https:\/\/www.guardsmandogguards.co.uk\/wp-content\/uploads\/2025\/04\/G1729B-BYD-SEA-LION-PRIMARY.jpg\",\"contentUrl\":\"https:\/\/www.guardsmandogguards.co.uk\/wp-content\/uploads\/2025\/04\/G1729B-BYD-SEA-LION-PRIMARY.jpg\",\"width\":2400,\"height\":1600},{\"@type\":\"BreadcrumbList\",\"@id\":\"https:\/\/www.guardsmandogguards.co.uk\/fr\/produit\/byd-sealion-7-grille-de-separation-et-grille-de-division-g1729b\/#breadcrumb\",\"itemListElement\":[{\"@type\":\"ListItem\",\"position\":1,\"name\":\"Home\",\"item\":\"https:\/\/www.guardsmandogguards.co.uk\/fr\/\"},{\"@type\":\"ListItem\",\"position\":2,\"name\":\"Products\",\"item\":\"https:\/\/www.guardsmandogguards.co.uk\/shop\/\"},{\"@type\":\"ListItem\",\"position\":3,\"name\":\"BYD SEALION 7 Grille de S\u00e9paration et Grille de Division (G1729B*)\"}]},{\"@type\":\"WebSite\",\"@id\":\"https:\/\/www.guardsmandogguards.co.uk\/#website\",\"url\":\"https:\/\/www.guardsmandogguards.co.uk\/\",\"name\":\"Guardsman Dog Guards\",\"description\":\"A full range of Dog Guards and Boot Dividers for all Car Brands and Models\",\"publisher\":{\"@id\":\"https:\/\/www.guardsmandogguards.co.uk\/#organization\"},\"potentialAction\":[{\"@type\":\"SearchAction\",\"target\":{\"@type\":\"EntryPoint\",\"urlTemplate\":\"https:\/\/www.guardsmandogguards.co.uk\/?s={search_term_string}\"},\"query-input\":{\"@type\":\"PropertyValueSpecification\",\"valueRequired\":true,\"valueName\":\"search_term_string\"}}],\"inLanguage\":\"fr-FR\"},{\"@type\":\"Organization\",\"@id\":\"https:\/\/www.guardsmandogguards.co.uk\/#organization\",\"name\":\"Guardsman Dog Guards\",\"url\":\"https:\/\/www.guardsmandogguards.co.uk\/\",\"logo\":{\"@type\":\"ImageObject\",\"inLanguage\":\"fr-FR\",\"@id\":\"https:\/\/www.guardsmandogguards.co.uk\/#\/schema\/logo\/image\/\",\"url\":\"https:\/\/www.guardsmandogguards.co.uk\/wp-content\/uploads\/2017\/08\/guardsman.jpg\",\"contentUrl\":\"https:\/\/www.guardsmandogguards.co.uk\/wp-content\/uploads\/2017\/08\/guardsman.jpg\",\"width\":235,\"height\":235,\"caption\":\"Guardsman Dog Guards\"},\"image\":{\"@id\":\"https:\/\/www.guardsmandogguards.co.uk\/#\/schema\/logo\/image\/\"},\"sameAs\":[\"https:\/\/www.facebook.com\/AthagGuardsman\",\"https:\/\/x.com\/AthagGuardsman\",\"https:\/\/www.linkedin.com\/in\/athag-guardsman-44a5699a\/\"]}]}<\/script>\n<!-- \/ Yoast SEO plugin. -->","yoast_head_json":{"title":"BYD SEALION 7 Grille de S\u00e9paration et Grille de Division (G1729B*) - Guardsman Dog Guards","description":"Fabriqu\u00e9 au Royaume-Uni, notre grille de protection pour chien et s\u00e9parateur de coffre \u00ab Guardsman \u00bb s\u00e9parera vos chiens de l'habitacle de votre voiture dans votre BYD SEALION 7.","robots":{"index":"index","follow":"follow","max-snippet":"max-snippet:-1","max-image-preview":"max-image-preview:large","max-video-preview":"max-video-preview:-1"},"canonical":"https:\/\/www.guardsmandogguards.co.uk\/fr\/produit\/byd-sealion-7-grille-de-separation-et-grille-de-division-g1729b\/","og_locale":"fr_FR","og_type":"article","og_title":"BYD SEALION 7 Grille de S\u00e9paration et Grille de Division (G1729B*) - Guardsman Dog Guards","og_description":"Fabriqu\u00e9 au Royaume-Uni, notre grille de protection pour chien et s\u00e9parateur de coffre \u00ab Guardsman \u00bb s\u00e9parera vos chiens de l'habitacle de votre voiture dans votre BYD SEALION 7.","og_url":"https:\/\/www.guardsmandogguards.co.uk\/fr\/produit\/byd-sealion-7-grille-de-separation-et-grille-de-division-g1729b\/","og_site_name":"Guardsman Dog Guards","article_publisher":"https:\/\/www.facebook.com\/AthagGuardsman","article_modified_time":"2025-04-12T17:22:45+00:00","og_image":[{"width":2400,"height":1600,"url":"https:\/\/www.guardsmandogguards.co.uk\/wp-content\/uploads\/2025\/04\/G1729B-BYD-SEA-LION-PRIMARY.jpg","type":"image\/jpeg"}],"twitter_card":"summary_large_image","twitter_site":"@AthagGuardsman","twitter_misc":{"Dur\u00e9e de lecture estim\u00e9e":"2 minutes"},"schema":{"@context":"https:\/\/schema.org","@graph":[{"@type":"WebPage","@id":"https:\/\/www.guardsmandogguards.co.uk\/fr\/produit\/byd-sealion-7-grille-de-separation-et-grille-de-division-g1729b\/","url":"https:\/\/www.guardsmandogguards.co.uk\/fr\/produit\/byd-sealion-7-grille-de-separation-et-grille-de-division-g1729b\/","name":"BYD SEALION 7 Grille de S\u00e9paration et Grille de Division (G1729B*) - Guardsman Dog Guards","isPartOf":{"@id":"https:\/\/www.guardsmandogguards.co.uk\/#website"},"primaryImageOfPage":{"@id":"https:\/\/www.guardsmandogguards.co.uk\/fr\/produit\/byd-sealion-7-grille-de-separation-et-grille-de-division-g1729b\/#primaryimage"},"image":{"@id":"https:\/\/www.guardsmandogguards.co.uk\/fr\/produit\/byd-sealion-7-grille-de-separation-et-grille-de-division-g1729b\/#primaryimage"},"thumbnailUrl":"https:\/\/www.guardsmandogguards.co.uk\/wp-content\/uploads\/2025\/04\/G1729B-BYD-SEA-LION-PRIMARY.jpg","datePublished":"2025-04-11T11:02:44+00:00","dateModified":"2025-04-12T17:22:45+00:00","description":"Fabriqu\u00e9 au Royaume-Uni, notre grille de protection pour chien et s\u00e9parateur de coffre \u00ab Guardsman \u00bb s\u00e9parera vos chiens de l'habitacle de votre voiture dans votre BYD SEALION 7.","breadcrumb":{"@id":"https:\/\/www.guardsmandogguards.co.uk\/fr\/produit\/byd-sealion-7-grille-de-separation-et-grille-de-division-g1729b\/#breadcrumb"},"inLanguage":"fr-FR","potentialAction":[{"@type":"ReadAction","target":["https:\/\/www.guardsmandogguards.co.uk\/fr\/produit\/byd-sealion-7-grille-de-separation-et-grille-de-division-g1729b\/"]}]},{"@type":"ImageObject","inLanguage":"fr-FR","@id":"https:\/\/www.guardsmandogguards.co.uk\/fr\/produit\/byd-sealion-7-grille-de-separation-et-grille-de-division-g1729b\/#primaryimage","url":"https:\/\/www.guardsmandogguards.co.uk\/wp-content\/uploads\/2025\/04\/G1729B-BYD-SEA-LION-PRIMARY.jpg","contentUrl":"https:\/\/www.guardsmandogguards.co.uk\/wp-content\/uploads\/2025\/04\/G1729B-BYD-SEA-LION-PRIMARY.jpg","width":2400,"height":1600},{"@type":"BreadcrumbList","@id":"https:\/\/www.guardsmandogguards.co.uk\/fr\/produit\/byd-sealion-7-grille-de-separation-et-grille-de-division-g1729b\/#breadcrumb","itemListElement":[{"@type":"ListItem","position":1,"name":"Home","item":"https:\/\/www.guardsmandogguards.co.uk\/fr\/"},{"@type":"ListItem","position":2,"name":"Products","item":"https:\/\/www.guardsmandogguards.co.uk\/shop\/"},{"@type":"ListItem","position":3,"name":"BYD SEALION 7 Grille de S\u00e9paration et Grille de Division (G1729B*)"}]},{"@type":"WebSite","@id":"https:\/\/www.guardsmandogguards.co.uk\/#website","url":"https:\/\/www.guardsmandogguards.co.uk\/","name":"Guardsman Dog Guards","description":"A full range of Dog Guards and Boot Dividers for all Car Brands and Models","publisher":{"@id":"https:\/\/www.guardsmandogguards.co.uk\/#organization"},"potentialAction":[{"@type":"SearchAction","target":{"@type":"EntryPoint","urlTemplate":"https:\/\/www.guardsmandogguards.co.uk\/?s={search_term_string}"},"query-input":{"@type":"PropertyValueSpecification","valueRequired":true,"valueName":"search_term_string"}}],"inLanguage":"fr-FR"},{"@type":"Organization","@id":"https:\/\/www.guardsmandogguards.co.uk\/#organization","name":"Guardsman Dog Guards","url":"https:\/\/www.guardsmandogguards.co.uk\/","logo":{"@type":"ImageObject","inLanguage":"fr-FR","@id":"https:\/\/www.guardsmandogguards.co.uk\/#\/schema\/logo\/image\/","url":"https:\/\/www.guardsmandogguards.co.uk\/wp-content\/uploads\/2017\/08\/guardsman.jpg","contentUrl":"https:\/\/www.guardsmandogguards.co.uk\/wp-content\/uploads\/2017\/08\/guardsman.jpg","width":235,"height":235,"caption":"Guardsman Dog Guards"},"image":{"@id":"https:\/\/www.guardsmandogguards.co.uk\/#\/schema\/logo\/image\/"},"sameAs":["https:\/\/www.facebook.com\/AthagGuardsman","https:\/\/x.com\/AthagGuardsman","https:\/\/www.linkedin.com\/in\/athag-guardsman-44a5699a\/"]}]}},"_links":{"self":[{"href":"https:\/\/www.guardsmandogguards.co.uk\/fr\/wp-json\/wp\/v2\/product\/71678","targetHints":{"allow":["GET"]}}],"collection":[{"href":"https:\/\/www.guardsmandogguards.co.uk\/fr\/wp-json\/wp\/v2\/product"}],"about":[{"href":"https:\/\/www.guardsmandogguards.co.uk\/fr\/wp-json\/wp\/v2\/types\/product"}],"wp:featuredmedia":[{"embeddable":true,"href":"https:\/\/www.guardsmandogguards.co.uk\/fr\/wp-json\/wp\/v2\/media\/71680"}],"wp:attachment":[{"href":"https:\/\/www.guardsmandogguards.co.uk\/fr\/wp-json\/wp\/v2\/media?parent=71678"}],"wp:term":[{"taxonomy":"product_brand","embeddable":true,"href":"https:\/\/www.guardsmandogguards.co.uk\/fr\/wp-json\/wp\/v2\/product_brand?post=71678"},{"taxonomy":"product_cat","embeddable":true,"href":"https:\/\/www.guardsmandogguards.co.uk\/fr\/wp-json\/wp\/v2\/product_cat?post=71678"},{"taxonomy":"product_tag","embeddable":true,"href":"https:\/\/www.guardsmandogguards.co.uk\/fr\/wp-json\/wp\/v2\/product_tag?post=71678"}],"curies":[{"name":"wp","href":"https:\/\/api.w.org\/{rel}","templated":true}]}}