{"id":71289,"date":"2025-04-02T16:23:31","date_gmt":"2025-04-02T15:23:32","guid":{"rendered":"https:\/\/www.guardsmandogguards.co.uk\/?post_type=product&#038;p=71289"},"modified":"2025-04-07T09:14:19","modified_gmt":"2025-04-07T08:14:19","slug":"polestar-2-grille-de-separation-pour-chien-et-grille-de-division-g1627b-copy","status":"publish","type":"product","link":"https:\/\/www.guardsmandogguards.co.uk\/fr\/produit\/polestar-2-grille-de-separation-pour-chien-et-grille-de-division-g1627b-copy\/","title":{"rendered":"POLESTAR 3 GRILLE DE S\u00c9PARATION POUR CHIEN ET GRILLE DE DIVISION (G1732B*)"},"content":{"rendered":"<p>Notre ensemble de Grille de S\u00e9paration pour chiens et de Grille de Division Adaptable pour la Polestar 3 comprend un pare-chien sp\u00e9cifique au v\u00e9hicule qui offre une barri\u00e8re de s\u00e9curit\u00e9 entre le coffre et l\u2019habitacle, ainsi qu\u2019un s\u00e9parateur de coffre variable qui permet de divis\u00e9 en deux compartiments.<\/p>\n<p class=\"\" data-start=\"31\" data-end=\"290\">Selon les sp\u00e9cifications de votre voiture, le plancher de votre coffre peut \u00eatre r\u00e9gl\u00e9 \u00e0 diff\u00e9rentes hauteurs. Nous devons fabriquer la cloison de coffre \u00e0 la hauteur correcte pour s\u2019adapter \u00e0 votre v\u00e9hicule, et c\u2019est l\u00e0 que nous avons besoin de votre aide.<\/p>\n<p class=\"\" data-start=\"292\" data-end=\"388\">Regardez cette vid\u00e9o YouTube qui montre la bonne fa\u00e7on de mesurer la hauteur de votre coffre :<\/p>\n<p class=\"\" data-start=\"292\" data-end=\"388\"><a href=\"https:\/\/www.youtube.com\/watch?v=N55z-8rOCfo\">Comment mesurer pour votre cloison Guardsman<\/a><\/p>\n<p class=\"\" data-start=\"442\" data-end=\"513\">Cela nous permettra de r\u00e9aliser votre commande aux bonnes dimensions.<\/p>\n<p class=\"\" data-start=\"515\" data-end=\"684\">Veuillez vous assurer d\u2019indiquer cette mesure sur le formulaire de commande en ligne lors de votre soumission. Nous vous contacterons si nous avons d&rsquo;autres questions.<\/p>\n<ul>\n<li>Id\u00e9ale pour la s\u00e9paration de deux chiens, ou pour s\u00e9parer les bagages du chien<\/li>\n<li>Montage rapide sans besoin de modifier le v\u00e9hicule<\/li>\n<li>Instructions de montage et toutes fixations n\u00e9cessaires fournis<\/li>\n<li>Cadre externe de la grille fabriqu\u00e9 en tuyau de 19 mm, maille en acier 50mm- tr\u00e8s r\u00e9sistant et durable.<\/li>\n<li>Peint en rev\u00eatement de poudre noir, conforme aux normes automobiles internationaux.<\/li>\n<li>Fabriqu\u00e9 selon les m\u00eames sp\u00e9cifications que les produits fournis aux constructeurs d\u2019automobiles.<\/li>\n<li>Conforme aux normes de qualit\u00e9 internationales ISO 9001<\/li>\n<\/ul>\n","protected":false},"excerpt":{"rendered":"<p>Notre ensemble de Grille de S\u00e9paration pour chiens et de Grille de Division Adaptable pour la Polestar 3 comprend un pare-chien sp\u00e9cifique au v\u00e9hicule qui offre une barri\u00e8re de s\u00e9curit\u00e9 entre le coffre et l\u2019habitacle, ainsi qu\u2019un s\u00e9parateur de coffre [&hellip;]<\/p>\n","protected":false},"featured_media":71291,"template":"","meta":[],"product_brand":[],"product_cat":[1181],"product_tag":[],"class_list":{"0":"post-71289","1":"product","2":"type-product","3":"status-publish","4":"has-post-thumbnail","6":"product_cat-polestar-3-fr","7":"product_shipping_class-bundle-fr","9":"first","10":"instock","11":"sale","12":"taxable","13":"shipping-taxable","14":"purchasable","15":"product-type-simple"},"yoast_head":"<!-- This site is optimized with the Yoast SEO plugin v26.0 - https:\/\/yoast.com\/wordpress\/plugins\/seo\/ -->\n<title>Polestar 3 Grille de division adaptable - Guardsman<\/title>\n<meta name=\"description\" content=\"Vous recherchez un diviseur de garde ou de garde pour la Polestar 3? Ce diviseur de bottes construit au Royaume-Uni constitue une barri\u00e8re solide et s\u00e9curis\u00e9e pour le chien et les passagers\" \/>\n<meta name=\"robots\" content=\"index, follow, max-snippet:-1, max-image-preview:large, max-video-preview:-1\" \/>\n<link rel=\"canonical\" href=\"https:\/\/www.guardsmandogguards.co.uk\/fr\/produit\/polestar-2-grille-de-separation-pour-chien-et-grille-de-division-g1627b-copy\/\" \/>\n<meta property=\"og:locale\" content=\"fr_FR\" \/>\n<meta property=\"og:type\" content=\"article\" \/>\n<meta property=\"og:title\" content=\"Polestar 3 Grille de division adaptable - Guardsman\" \/>\n<meta property=\"og:description\" content=\"Vous recherchez un diviseur de garde ou de garde pour la Polestar 3? Ce diviseur de bottes construit au Royaume-Uni constitue une barri\u00e8re solide et s\u00e9curis\u00e9e pour le chien et les passagers\" \/>\n<meta property=\"og:url\" content=\"https:\/\/www.guardsmandogguards.co.uk\/fr\/produit\/polestar-2-grille-de-separation-pour-chien-et-grille-de-division-g1627b-copy\/\" \/>\n<meta property=\"og:site_name\" content=\"Guardsman Dog Guards\" \/>\n<meta property=\"article:publisher\" content=\"https:\/\/www.facebook.com\/AthagGuardsman\" \/>\n<meta property=\"article:modified_time\" content=\"2025-04-07T08:14:19+00:00\" \/>\n<meta property=\"og:image\" content=\"https:\/\/www.guardsmandogguards.co.uk\/wp-content\/uploads\/2025\/04\/G1732B-POLESTAR-3-DOG-GUARD-AND-BOOT-DIVIDER-1.jpg\" \/>\n\t<meta property=\"og:image:width\" content=\"792\" \/>\n\t<meta property=\"og:image:height\" content=\"509\" \/>\n\t<meta property=\"og:image:type\" content=\"image\/jpeg\" \/>\n<meta name=\"twitter:card\" content=\"summary_large_image\" \/>\n<meta name=\"twitter:site\" content=\"@AthagGuardsman\" \/>\n<meta name=\"twitter:label1\" content=\"Dur\u00e9e de lecture estim\u00e9e\" \/>\n\t<meta name=\"twitter:data1\" content=\"1 minute\" \/>\n<script type=\"application\/ld+json\" class=\"yoast-schema-graph\">{\"@context\":\"https:\/\/schema.org\",\"@graph\":[{\"@type\":\"WebPage\",\"@id\":\"https:\/\/www.guardsmandogguards.co.uk\/fr\/produit\/polestar-2-grille-de-separation-pour-chien-et-grille-de-division-g1627b-copy\/\",\"url\":\"https:\/\/www.guardsmandogguards.co.uk\/fr\/produit\/polestar-2-grille-de-separation-pour-chien-et-grille-de-division-g1627b-copy\/\",\"name\":\"Polestar 3 Grille de division adaptable - Guardsman\",\"isPartOf\":{\"@id\":\"https:\/\/www.guardsmandogguards.co.uk\/#website\"},\"primaryImageOfPage\":{\"@id\":\"https:\/\/www.guardsmandogguards.co.uk\/fr\/produit\/polestar-2-grille-de-separation-pour-chien-et-grille-de-division-g1627b-copy\/#primaryimage\"},\"image\":{\"@id\":\"https:\/\/www.guardsmandogguards.co.uk\/fr\/produit\/polestar-2-grille-de-separation-pour-chien-et-grille-de-division-g1627b-copy\/#primaryimage\"},\"thumbnailUrl\":\"https:\/\/www.guardsmandogguards.co.uk\/wp-content\/uploads\/2025\/04\/G1732B-POLESTAR-3-DOG-GUARD-AND-BOOT-DIVIDER-1.jpg\",\"datePublished\":\"2025-04-02T15:23:32+00:00\",\"dateModified\":\"2025-04-07T08:14:19+00:00\",\"description\":\"Vous recherchez un diviseur de garde ou de garde pour la Polestar 3? Ce diviseur de bottes construit au Royaume-Uni constitue une barri\u00e8re solide et s\u00e9curis\u00e9e pour le chien et les passagers\",\"breadcrumb\":{\"@id\":\"https:\/\/www.guardsmandogguards.co.uk\/fr\/produit\/polestar-2-grille-de-separation-pour-chien-et-grille-de-division-g1627b-copy\/#breadcrumb\"},\"inLanguage\":\"fr-FR\",\"potentialAction\":[{\"@type\":\"ReadAction\",\"target\":[\"https:\/\/www.guardsmandogguards.co.uk\/fr\/produit\/polestar-2-grille-de-separation-pour-chien-et-grille-de-division-g1627b-copy\/\"]}]},{\"@type\":\"ImageObject\",\"inLanguage\":\"fr-FR\",\"@id\":\"https:\/\/www.guardsmandogguards.co.uk\/fr\/produit\/polestar-2-grille-de-separation-pour-chien-et-grille-de-division-g1627b-copy\/#primaryimage\",\"url\":\"https:\/\/www.guardsmandogguards.co.uk\/wp-content\/uploads\/2025\/04\/G1732B-POLESTAR-3-DOG-GUARD-AND-BOOT-DIVIDER-1.jpg\",\"contentUrl\":\"https:\/\/www.guardsmandogguards.co.uk\/wp-content\/uploads\/2025\/04\/G1732B-POLESTAR-3-DOG-GUARD-AND-BOOT-DIVIDER-1.jpg\",\"width\":792,\"height\":509},{\"@type\":\"BreadcrumbList\",\"@id\":\"https:\/\/www.guardsmandogguards.co.uk\/fr\/produit\/polestar-2-grille-de-separation-pour-chien-et-grille-de-division-g1627b-copy\/#breadcrumb\",\"itemListElement\":[{\"@type\":\"ListItem\",\"position\":1,\"name\":\"Home\",\"item\":\"https:\/\/www.guardsmandogguards.co.uk\/fr\/\"},{\"@type\":\"ListItem\",\"position\":2,\"name\":\"Products\",\"item\":\"https:\/\/www.guardsmandogguards.co.uk\/shop\/\"},{\"@type\":\"ListItem\",\"position\":3,\"name\":\"POLESTAR 3 GRILLE DE S\u00c9PARATION POUR CHIEN ET GRILLE DE DIVISION (G1732B*)\"}]},{\"@type\":\"WebSite\",\"@id\":\"https:\/\/www.guardsmandogguards.co.uk\/#website\",\"url\":\"https:\/\/www.guardsmandogguards.co.uk\/\",\"name\":\"Guardsman Dog Guards\",\"description\":\"A full range of Dog Guards and Boot Dividers for all Car Brands and Models\",\"publisher\":{\"@id\":\"https:\/\/www.guardsmandogguards.co.uk\/#organization\"},\"potentialAction\":[{\"@type\":\"SearchAction\",\"target\":{\"@type\":\"EntryPoint\",\"urlTemplate\":\"https:\/\/www.guardsmandogguards.co.uk\/?s={search_term_string}\"},\"query-input\":{\"@type\":\"PropertyValueSpecification\",\"valueRequired\":true,\"valueName\":\"search_term_string\"}}],\"inLanguage\":\"fr-FR\"},{\"@type\":\"Organization\",\"@id\":\"https:\/\/www.guardsmandogguards.co.uk\/#organization\",\"name\":\"Guardsman Dog Guards\",\"url\":\"https:\/\/www.guardsmandogguards.co.uk\/\",\"logo\":{\"@type\":\"ImageObject\",\"inLanguage\":\"fr-FR\",\"@id\":\"https:\/\/www.guardsmandogguards.co.uk\/#\/schema\/logo\/image\/\",\"url\":\"https:\/\/www.guardsmandogguards.co.uk\/wp-content\/uploads\/2017\/08\/guardsman.jpg\",\"contentUrl\":\"https:\/\/www.guardsmandogguards.co.uk\/wp-content\/uploads\/2017\/08\/guardsman.jpg\",\"width\":235,\"height\":235,\"caption\":\"Guardsman Dog Guards\"},\"image\":{\"@id\":\"https:\/\/www.guardsmandogguards.co.uk\/#\/schema\/logo\/image\/\"},\"sameAs\":[\"https:\/\/www.facebook.com\/AthagGuardsman\",\"https:\/\/x.com\/AthagGuardsman\",\"https:\/\/www.linkedin.com\/in\/athag-guardsman-44a5699a\/\"]}]}<\/script>\n<!-- \/ Yoast SEO plugin. -->","yoast_head_json":{"title":"Polestar 3 Grille de division adaptable - Guardsman","description":"Vous recherchez un diviseur de garde ou de garde pour la Polestar 3? Ce diviseur de bottes construit au Royaume-Uni constitue une barri\u00e8re solide et s\u00e9curis\u00e9e pour le chien et les passagers","robots":{"index":"index","follow":"follow","max-snippet":"max-snippet:-1","max-image-preview":"max-image-preview:large","max-video-preview":"max-video-preview:-1"},"canonical":"https:\/\/www.guardsmandogguards.co.uk\/fr\/produit\/polestar-2-grille-de-separation-pour-chien-et-grille-de-division-g1627b-copy\/","og_locale":"fr_FR","og_type":"article","og_title":"Polestar 3 Grille de division adaptable - Guardsman","og_description":"Vous recherchez un diviseur de garde ou de garde pour la Polestar 3? Ce diviseur de bottes construit au Royaume-Uni constitue une barri\u00e8re solide et s\u00e9curis\u00e9e pour le chien et les passagers","og_url":"https:\/\/www.guardsmandogguards.co.uk\/fr\/produit\/polestar-2-grille-de-separation-pour-chien-et-grille-de-division-g1627b-copy\/","og_site_name":"Guardsman Dog Guards","article_publisher":"https:\/\/www.facebook.com\/AthagGuardsman","article_modified_time":"2025-04-07T08:14:19+00:00","og_image":[{"width":792,"height":509,"url":"https:\/\/www.guardsmandogguards.co.uk\/wp-content\/uploads\/2025\/04\/G1732B-POLESTAR-3-DOG-GUARD-AND-BOOT-DIVIDER-1.jpg","type":"image\/jpeg"}],"twitter_card":"summary_large_image","twitter_site":"@AthagGuardsman","twitter_misc":{"Dur\u00e9e de lecture estim\u00e9e":"1 minute"},"schema":{"@context":"https:\/\/schema.org","@graph":[{"@type":"WebPage","@id":"https:\/\/www.guardsmandogguards.co.uk\/fr\/produit\/polestar-2-grille-de-separation-pour-chien-et-grille-de-division-g1627b-copy\/","url":"https:\/\/www.guardsmandogguards.co.uk\/fr\/produit\/polestar-2-grille-de-separation-pour-chien-et-grille-de-division-g1627b-copy\/","name":"Polestar 3 Grille de division adaptable - Guardsman","isPartOf":{"@id":"https:\/\/www.guardsmandogguards.co.uk\/#website"},"primaryImageOfPage":{"@id":"https:\/\/www.guardsmandogguards.co.uk\/fr\/produit\/polestar-2-grille-de-separation-pour-chien-et-grille-de-division-g1627b-copy\/#primaryimage"},"image":{"@id":"https:\/\/www.guardsmandogguards.co.uk\/fr\/produit\/polestar-2-grille-de-separation-pour-chien-et-grille-de-division-g1627b-copy\/#primaryimage"},"thumbnailUrl":"https:\/\/www.guardsmandogguards.co.uk\/wp-content\/uploads\/2025\/04\/G1732B-POLESTAR-3-DOG-GUARD-AND-BOOT-DIVIDER-1.jpg","datePublished":"2025-04-02T15:23:32+00:00","dateModified":"2025-04-07T08:14:19+00:00","description":"Vous recherchez un diviseur de garde ou de garde pour la Polestar 3? Ce diviseur de bottes construit au Royaume-Uni constitue une barri\u00e8re solide et s\u00e9curis\u00e9e pour le chien et les passagers","breadcrumb":{"@id":"https:\/\/www.guardsmandogguards.co.uk\/fr\/produit\/polestar-2-grille-de-separation-pour-chien-et-grille-de-division-g1627b-copy\/#breadcrumb"},"inLanguage":"fr-FR","potentialAction":[{"@type":"ReadAction","target":["https:\/\/www.guardsmandogguards.co.uk\/fr\/produit\/polestar-2-grille-de-separation-pour-chien-et-grille-de-division-g1627b-copy\/"]}]},{"@type":"ImageObject","inLanguage":"fr-FR","@id":"https:\/\/www.guardsmandogguards.co.uk\/fr\/produit\/polestar-2-grille-de-separation-pour-chien-et-grille-de-division-g1627b-copy\/#primaryimage","url":"https:\/\/www.guardsmandogguards.co.uk\/wp-content\/uploads\/2025\/04\/G1732B-POLESTAR-3-DOG-GUARD-AND-BOOT-DIVIDER-1.jpg","contentUrl":"https:\/\/www.guardsmandogguards.co.uk\/wp-content\/uploads\/2025\/04\/G1732B-POLESTAR-3-DOG-GUARD-AND-BOOT-DIVIDER-1.jpg","width":792,"height":509},{"@type":"BreadcrumbList","@id":"https:\/\/www.guardsmandogguards.co.uk\/fr\/produit\/polestar-2-grille-de-separation-pour-chien-et-grille-de-division-g1627b-copy\/#breadcrumb","itemListElement":[{"@type":"ListItem","position":1,"name":"Home","item":"https:\/\/www.guardsmandogguards.co.uk\/fr\/"},{"@type":"ListItem","position":2,"name":"Products","item":"https:\/\/www.guardsmandogguards.co.uk\/shop\/"},{"@type":"ListItem","position":3,"name":"POLESTAR 3 GRILLE DE S\u00c9PARATION POUR CHIEN ET GRILLE DE DIVISION (G1732B*)"}]},{"@type":"WebSite","@id":"https:\/\/www.guardsmandogguards.co.uk\/#website","url":"https:\/\/www.guardsmandogguards.co.uk\/","name":"Guardsman Dog Guards","description":"A full range of Dog Guards and Boot Dividers for all Car Brands and Models","publisher":{"@id":"https:\/\/www.guardsmandogguards.co.uk\/#organization"},"potentialAction":[{"@type":"SearchAction","target":{"@type":"EntryPoint","urlTemplate":"https:\/\/www.guardsmandogguards.co.uk\/?s={search_term_string}"},"query-input":{"@type":"PropertyValueSpecification","valueRequired":true,"valueName":"search_term_string"}}],"inLanguage":"fr-FR"},{"@type":"Organization","@id":"https:\/\/www.guardsmandogguards.co.uk\/#organization","name":"Guardsman Dog Guards","url":"https:\/\/www.guardsmandogguards.co.uk\/","logo":{"@type":"ImageObject","inLanguage":"fr-FR","@id":"https:\/\/www.guardsmandogguards.co.uk\/#\/schema\/logo\/image\/","url":"https:\/\/www.guardsmandogguards.co.uk\/wp-content\/uploads\/2017\/08\/guardsman.jpg","contentUrl":"https:\/\/www.guardsmandogguards.co.uk\/wp-content\/uploads\/2017\/08\/guardsman.jpg","width":235,"height":235,"caption":"Guardsman Dog Guards"},"image":{"@id":"https:\/\/www.guardsmandogguards.co.uk\/#\/schema\/logo\/image\/"},"sameAs":["https:\/\/www.facebook.com\/AthagGuardsman","https:\/\/x.com\/AthagGuardsman","https:\/\/www.linkedin.com\/in\/athag-guardsman-44a5699a\/"]}]}},"_links":{"self":[{"href":"https:\/\/www.guardsmandogguards.co.uk\/fr\/wp-json\/wp\/v2\/product\/71289","targetHints":{"allow":["GET"]}}],"collection":[{"href":"https:\/\/www.guardsmandogguards.co.uk\/fr\/wp-json\/wp\/v2\/product"}],"about":[{"href":"https:\/\/www.guardsmandogguards.co.uk\/fr\/wp-json\/wp\/v2\/types\/product"}],"wp:featuredmedia":[{"embeddable":true,"href":"https:\/\/www.guardsmandogguards.co.uk\/fr\/wp-json\/wp\/v2\/media\/71291"}],"wp:attachment":[{"href":"https:\/\/www.guardsmandogguards.co.uk\/fr\/wp-json\/wp\/v2\/media?parent=71289"}],"wp:term":[{"taxonomy":"product_brand","embeddable":true,"href":"https:\/\/www.guardsmandogguards.co.uk\/fr\/wp-json\/wp\/v2\/product_brand?post=71289"},{"taxonomy":"product_cat","embeddable":true,"href":"https:\/\/www.guardsmandogguards.co.uk\/fr\/wp-json\/wp\/v2\/product_cat?post=71289"},{"taxonomy":"product_tag","embeddable":true,"href":"https:\/\/www.guardsmandogguards.co.uk\/fr\/wp-json\/wp\/v2\/product_tag?post=71289"}],"curies":[{"name":"wp","href":"https:\/\/api.w.org\/{rel}","templated":true}]}}