{"id":69711,"date":"2025-02-10T20:44:45","date_gmt":"2025-02-10T20:44:46","guid":{"rendered":"https:\/\/www.guardsmandogguards.co.uk\/?post_type=product&#038;p=69711"},"modified":"2026-04-21T10:40:50","modified_gmt":"2026-04-21T09:40:50","slug":"porsche-taycan-cross-sport-turismo-grille-de-separation-pour-chiens-g1619-copy","status":"publish","type":"product","link":"https:\/\/www.guardsmandogguards.co.uk\/fr\/produit\/porsche-taycan-cross-sport-turismo-grille-de-separation-pour-chiens-g1619-copy\/","title":{"rendered":"Porsche Panamera Sport Turismo #2 (2017-2023) Grille de S\u00e9paration pour Chiens (G1717)"},"content":{"rendered":"<p><span style=\"font-weight: 400;\">La Grille de S\u00e9paration pour Chiens GUARDSMAN, <\/span><span style=\"font-weight: 400;\">accessoire<\/span><span style=\"font-weight: 400;\"> con\u00e7ue sp\u00e9cifiquement pour la Porsche Panamera Sport Turismo #2 <\/span><span style=\"font-weight: 400;\">assure une barri\u00e8re solide et sur entre le coffre et le compartiment voyageurs.<\/span><\/p>\n<p>Remarque : ce produit n\u00e9cessite que le si\u00e8ge soit r\u00e9gl\u00e9 dans la position sp\u00e9cifique comme indiqu\u00e9 sur les images de cette page.<br \/>\nLe si\u00e8ge ne peut pas \u00eatre r\u00e9gl\u00e9 lorsque la grille de protection pour chien est install\u00e9e.<\/p>\n<ul>\n<li><span style=\"font-weight: 400;\">Id\u00e9ale pour cr\u00e9er une barri\u00e8re entre le <\/span><span style=\"font-weight: 400;\">compartiment voyageur et les chiens<\/span><\/li>\n<li><span style=\"font-weight: 400;\">Montage rapide sans besoin de modifier le v\u00e9hicule<\/span><\/li>\n<li><span style=\"font-weight: 400;\">Instructions de montage et toutes fixations n\u00e9cessaires fournis <\/span><\/li>\n<li><span style=\"font-weight: 400;\">Cadre externe de la grille fabriqu\u00e9 en tuyau de 19 mm, maille en acier 50mm- tr\u00e8s r\u00e9sistant et durable.<\/span><\/li>\n<li><span style=\"font-weight: 400;\">Peint en rev\u00eatement de poudre noir, conforme aux normes automobiles internationaux.<\/span><\/li>\n<li><span style=\"font-weight: 400;\">Fabriqu\u00e9 selon les m\u00eames sp\u00e9cifications que les produits fournis aux constructeurs d\u2019automobiles.<\/span><\/li>\n<li><span style=\"font-weight: 400;\">Con\u00e7u et fabriqu\u00e9 au Royaume Uni, conforme aux normes de qualit\u00e9 internationales ISO 9001<\/span><\/li>\n<\/ul>\n","protected":false},"excerpt":{"rendered":"<p><br data-mce-bogus=\"1\"><\/p>\n","protected":false},"featured_media":69716,"template":"","meta":[],"product_brand":[],"product_cat":[1170],"product_tag":[],"class_list":{"0":"post-69711","1":"product","2":"type-product","3":"status-publish","4":"has-post-thumbnail","6":"product_cat-porsche-panamera-2-2017-2023","7":"product_shipping_class-dog-guard-fr","9":"first","10":"instock","11":"taxable","12":"shipping-taxable","13":"purchasable","14":"product-type-simple"},"yoast_head":"<!-- This site is optimized with the Yoast SEO plugin v26.0 - https:\/\/yoast.com\/wordpress\/plugins\/seo\/ -->\n<title>Porsche-Panamera-sport-Turismo-Guardsman<\/title>\n<meta name=\"description\" content=\"Vous recherchez un Grille de S\u00e9paration pour Chiens pour la Porsche Panamera Sport Turismo? Ce diviseur de bottes construit au Royaume-Uni constitue une barri\u00e8re solide et s\u00e9curis\u00e9e pour le chien et les passagers.\" \/>\n<meta name=\"robots\" content=\"index, follow, max-snippet:-1, max-image-preview:large, max-video-preview:-1\" \/>\n<link rel=\"canonical\" href=\"https:\/\/www.guardsmandogguards.co.uk\/fr\/produit\/porsche-taycan-cross-sport-turismo-grille-de-separation-pour-chiens-g1619-copy\/\" \/>\n<meta property=\"og:locale\" content=\"fr_FR\" \/>\n<meta property=\"og:type\" content=\"article\" \/>\n<meta property=\"og:title\" content=\"Porsche-Panamera-sport-Turismo-Guardsman\" \/>\n<meta property=\"og:description\" content=\"Vous recherchez un Grille de S\u00e9paration pour Chiens pour la Porsche Panamera Sport Turismo? Ce diviseur de bottes construit au Royaume-Uni constitue une barri\u00e8re solide et s\u00e9curis\u00e9e pour le chien et les passagers.\" \/>\n<meta property=\"og:url\" content=\"https:\/\/www.guardsmandogguards.co.uk\/fr\/produit\/porsche-taycan-cross-sport-turismo-grille-de-separation-pour-chiens-g1619-copy\/\" \/>\n<meta property=\"og:site_name\" content=\"Guardsman Dog Guards\" \/>\n<meta property=\"article:publisher\" content=\"https:\/\/www.facebook.com\/AthagGuardsman\" \/>\n<meta property=\"article:modified_time\" content=\"2026-04-21T09:40:50+00:00\" \/>\n<meta property=\"og:image\" content=\"https:\/\/www.guardsmandogguards.co.uk\/wp-content\/uploads\/2025\/02\/panamera-gt-dog-guard.jpg\" \/>\n\t<meta property=\"og:image:width\" content=\"886\" \/>\n\t<meta property=\"og:image:height\" content=\"591\" \/>\n\t<meta property=\"og:image:type\" content=\"image\/jpeg\" \/>\n<meta name=\"twitter:card\" content=\"summary_large_image\" \/>\n<meta name=\"twitter:site\" content=\"@AthagGuardsman\" \/>\n<meta name=\"twitter:label1\" content=\"Dur\u00e9e de lecture estim\u00e9e\" \/>\n\t<meta name=\"twitter:data1\" content=\"1 minute\" \/>\n<script type=\"application\/ld+json\" class=\"yoast-schema-graph\">{\"@context\":\"https:\/\/schema.org\",\"@graph\":[{\"@type\":\"WebPage\",\"@id\":\"https:\/\/www.guardsmandogguards.co.uk\/fr\/produit\/porsche-taycan-cross-sport-turismo-grille-de-separation-pour-chiens-g1619-copy\/\",\"url\":\"https:\/\/www.guardsmandogguards.co.uk\/fr\/produit\/porsche-taycan-cross-sport-turismo-grille-de-separation-pour-chiens-g1619-copy\/\",\"name\":\"Porsche-Panamera-sport-Turismo-Guardsman\",\"isPartOf\":{\"@id\":\"https:\/\/www.guardsmandogguards.co.uk\/#website\"},\"primaryImageOfPage\":{\"@id\":\"https:\/\/www.guardsmandogguards.co.uk\/fr\/produit\/porsche-taycan-cross-sport-turismo-grille-de-separation-pour-chiens-g1619-copy\/#primaryimage\"},\"image\":{\"@id\":\"https:\/\/www.guardsmandogguards.co.uk\/fr\/produit\/porsche-taycan-cross-sport-turismo-grille-de-separation-pour-chiens-g1619-copy\/#primaryimage\"},\"thumbnailUrl\":\"https:\/\/www.guardsmandogguards.co.uk\/wp-content\/uploads\/2025\/02\/panamera-gt-dog-guard.jpg\",\"datePublished\":\"2025-02-10T20:44:46+00:00\",\"dateModified\":\"2026-04-21T09:40:50+00:00\",\"description\":\"Vous recherchez un Grille de S\u00e9paration pour Chiens pour la Porsche Panamera Sport Turismo? Ce diviseur de bottes construit au Royaume-Uni constitue une barri\u00e8re solide et s\u00e9curis\u00e9e pour le chien et les passagers.\",\"breadcrumb\":{\"@id\":\"https:\/\/www.guardsmandogguards.co.uk\/fr\/produit\/porsche-taycan-cross-sport-turismo-grille-de-separation-pour-chiens-g1619-copy\/#breadcrumb\"},\"inLanguage\":\"fr-FR\",\"potentialAction\":[{\"@type\":\"ReadAction\",\"target\":[\"https:\/\/www.guardsmandogguards.co.uk\/fr\/produit\/porsche-taycan-cross-sport-turismo-grille-de-separation-pour-chiens-g1619-copy\/\"]}]},{\"@type\":\"ImageObject\",\"inLanguage\":\"fr-FR\",\"@id\":\"https:\/\/www.guardsmandogguards.co.uk\/fr\/produit\/porsche-taycan-cross-sport-turismo-grille-de-separation-pour-chiens-g1619-copy\/#primaryimage\",\"url\":\"https:\/\/www.guardsmandogguards.co.uk\/wp-content\/uploads\/2025\/02\/panamera-gt-dog-guard.jpg\",\"contentUrl\":\"https:\/\/www.guardsmandogguards.co.uk\/wp-content\/uploads\/2025\/02\/panamera-gt-dog-guard.jpg\",\"width\":886,\"height\":591},{\"@type\":\"BreadcrumbList\",\"@id\":\"https:\/\/www.guardsmandogguards.co.uk\/fr\/produit\/porsche-taycan-cross-sport-turismo-grille-de-separation-pour-chiens-g1619-copy\/#breadcrumb\",\"itemListElement\":[{\"@type\":\"ListItem\",\"position\":1,\"name\":\"Home\",\"item\":\"https:\/\/www.guardsmandogguards.co.uk\/fr\/\"},{\"@type\":\"ListItem\",\"position\":2,\"name\":\"Products\",\"item\":\"https:\/\/www.guardsmandogguards.co.uk\/shop\/\"},{\"@type\":\"ListItem\",\"position\":3,\"name\":\"Porsche Panamera Sport Turismo #2 (2017-2023) Grille de S\u00e9paration pour Chiens (G1717)\"}]},{\"@type\":\"WebSite\",\"@id\":\"https:\/\/www.guardsmandogguards.co.uk\/#website\",\"url\":\"https:\/\/www.guardsmandogguards.co.uk\/\",\"name\":\"Guardsman Dog Guards\",\"description\":\"A full range of Dog Guards and Boot Dividers for all Car Brands and Models\",\"publisher\":{\"@id\":\"https:\/\/www.guardsmandogguards.co.uk\/#organization\"},\"potentialAction\":[{\"@type\":\"SearchAction\",\"target\":{\"@type\":\"EntryPoint\",\"urlTemplate\":\"https:\/\/www.guardsmandogguards.co.uk\/?s={search_term_string}\"},\"query-input\":{\"@type\":\"PropertyValueSpecification\",\"valueRequired\":true,\"valueName\":\"search_term_string\"}}],\"inLanguage\":\"fr-FR\"},{\"@type\":\"Organization\",\"@id\":\"https:\/\/www.guardsmandogguards.co.uk\/#organization\",\"name\":\"Guardsman Dog Guards\",\"url\":\"https:\/\/www.guardsmandogguards.co.uk\/\",\"logo\":{\"@type\":\"ImageObject\",\"inLanguage\":\"fr-FR\",\"@id\":\"https:\/\/www.guardsmandogguards.co.uk\/#\/schema\/logo\/image\/\",\"url\":\"https:\/\/www.guardsmandogguards.co.uk\/wp-content\/uploads\/2017\/08\/guardsman.jpg\",\"contentUrl\":\"https:\/\/www.guardsmandogguards.co.uk\/wp-content\/uploads\/2017\/08\/guardsman.jpg\",\"width\":235,\"height\":235,\"caption\":\"Guardsman Dog Guards\"},\"image\":{\"@id\":\"https:\/\/www.guardsmandogguards.co.uk\/#\/schema\/logo\/image\/\"},\"sameAs\":[\"https:\/\/www.facebook.com\/AthagGuardsman\",\"https:\/\/x.com\/AthagGuardsman\",\"https:\/\/www.linkedin.com\/in\/athag-guardsman-44a5699a\/\"]}]}<\/script>\n<!-- \/ Yoast SEO plugin. -->","yoast_head_json":{"title":"Porsche-Panamera-sport-Turismo-Guardsman","description":"Vous recherchez un Grille de S\u00e9paration pour Chiens pour la Porsche Panamera Sport Turismo? Ce diviseur de bottes construit au Royaume-Uni constitue une barri\u00e8re solide et s\u00e9curis\u00e9e pour le chien et les passagers.","robots":{"index":"index","follow":"follow","max-snippet":"max-snippet:-1","max-image-preview":"max-image-preview:large","max-video-preview":"max-video-preview:-1"},"canonical":"https:\/\/www.guardsmandogguards.co.uk\/fr\/produit\/porsche-taycan-cross-sport-turismo-grille-de-separation-pour-chiens-g1619-copy\/","og_locale":"fr_FR","og_type":"article","og_title":"Porsche-Panamera-sport-Turismo-Guardsman","og_description":"Vous recherchez un Grille de S\u00e9paration pour Chiens pour la Porsche Panamera Sport Turismo? Ce diviseur de bottes construit au Royaume-Uni constitue une barri\u00e8re solide et s\u00e9curis\u00e9e pour le chien et les passagers.","og_url":"https:\/\/www.guardsmandogguards.co.uk\/fr\/produit\/porsche-taycan-cross-sport-turismo-grille-de-separation-pour-chiens-g1619-copy\/","og_site_name":"Guardsman Dog Guards","article_publisher":"https:\/\/www.facebook.com\/AthagGuardsman","article_modified_time":"2026-04-21T09:40:50+00:00","og_image":[{"width":886,"height":591,"url":"https:\/\/www.guardsmandogguards.co.uk\/wp-content\/uploads\/2025\/02\/panamera-gt-dog-guard.jpg","type":"image\/jpeg"}],"twitter_card":"summary_large_image","twitter_site":"@AthagGuardsman","twitter_misc":{"Dur\u00e9e de lecture estim\u00e9e":"1 minute"},"schema":{"@context":"https:\/\/schema.org","@graph":[{"@type":"WebPage","@id":"https:\/\/www.guardsmandogguards.co.uk\/fr\/produit\/porsche-taycan-cross-sport-turismo-grille-de-separation-pour-chiens-g1619-copy\/","url":"https:\/\/www.guardsmandogguards.co.uk\/fr\/produit\/porsche-taycan-cross-sport-turismo-grille-de-separation-pour-chiens-g1619-copy\/","name":"Porsche-Panamera-sport-Turismo-Guardsman","isPartOf":{"@id":"https:\/\/www.guardsmandogguards.co.uk\/#website"},"primaryImageOfPage":{"@id":"https:\/\/www.guardsmandogguards.co.uk\/fr\/produit\/porsche-taycan-cross-sport-turismo-grille-de-separation-pour-chiens-g1619-copy\/#primaryimage"},"image":{"@id":"https:\/\/www.guardsmandogguards.co.uk\/fr\/produit\/porsche-taycan-cross-sport-turismo-grille-de-separation-pour-chiens-g1619-copy\/#primaryimage"},"thumbnailUrl":"https:\/\/www.guardsmandogguards.co.uk\/wp-content\/uploads\/2025\/02\/panamera-gt-dog-guard.jpg","datePublished":"2025-02-10T20:44:46+00:00","dateModified":"2026-04-21T09:40:50+00:00","description":"Vous recherchez un Grille de S\u00e9paration pour Chiens pour la Porsche Panamera Sport Turismo? Ce diviseur de bottes construit au Royaume-Uni constitue une barri\u00e8re solide et s\u00e9curis\u00e9e pour le chien et les passagers.","breadcrumb":{"@id":"https:\/\/www.guardsmandogguards.co.uk\/fr\/produit\/porsche-taycan-cross-sport-turismo-grille-de-separation-pour-chiens-g1619-copy\/#breadcrumb"},"inLanguage":"fr-FR","potentialAction":[{"@type":"ReadAction","target":["https:\/\/www.guardsmandogguards.co.uk\/fr\/produit\/porsche-taycan-cross-sport-turismo-grille-de-separation-pour-chiens-g1619-copy\/"]}]},{"@type":"ImageObject","inLanguage":"fr-FR","@id":"https:\/\/www.guardsmandogguards.co.uk\/fr\/produit\/porsche-taycan-cross-sport-turismo-grille-de-separation-pour-chiens-g1619-copy\/#primaryimage","url":"https:\/\/www.guardsmandogguards.co.uk\/wp-content\/uploads\/2025\/02\/panamera-gt-dog-guard.jpg","contentUrl":"https:\/\/www.guardsmandogguards.co.uk\/wp-content\/uploads\/2025\/02\/panamera-gt-dog-guard.jpg","width":886,"height":591},{"@type":"BreadcrumbList","@id":"https:\/\/www.guardsmandogguards.co.uk\/fr\/produit\/porsche-taycan-cross-sport-turismo-grille-de-separation-pour-chiens-g1619-copy\/#breadcrumb","itemListElement":[{"@type":"ListItem","position":1,"name":"Home","item":"https:\/\/www.guardsmandogguards.co.uk\/fr\/"},{"@type":"ListItem","position":2,"name":"Products","item":"https:\/\/www.guardsmandogguards.co.uk\/shop\/"},{"@type":"ListItem","position":3,"name":"Porsche Panamera Sport Turismo #2 (2017-2023) Grille de S\u00e9paration pour Chiens (G1717)"}]},{"@type":"WebSite","@id":"https:\/\/www.guardsmandogguards.co.uk\/#website","url":"https:\/\/www.guardsmandogguards.co.uk\/","name":"Guardsman Dog Guards","description":"A full range of Dog Guards and Boot Dividers for all Car Brands and Models","publisher":{"@id":"https:\/\/www.guardsmandogguards.co.uk\/#organization"},"potentialAction":[{"@type":"SearchAction","target":{"@type":"EntryPoint","urlTemplate":"https:\/\/www.guardsmandogguards.co.uk\/?s={search_term_string}"},"query-input":{"@type":"PropertyValueSpecification","valueRequired":true,"valueName":"search_term_string"}}],"inLanguage":"fr-FR"},{"@type":"Organization","@id":"https:\/\/www.guardsmandogguards.co.uk\/#organization","name":"Guardsman Dog Guards","url":"https:\/\/www.guardsmandogguards.co.uk\/","logo":{"@type":"ImageObject","inLanguage":"fr-FR","@id":"https:\/\/www.guardsmandogguards.co.uk\/#\/schema\/logo\/image\/","url":"https:\/\/www.guardsmandogguards.co.uk\/wp-content\/uploads\/2017\/08\/guardsman.jpg","contentUrl":"https:\/\/www.guardsmandogguards.co.uk\/wp-content\/uploads\/2017\/08\/guardsman.jpg","width":235,"height":235,"caption":"Guardsman Dog Guards"},"image":{"@id":"https:\/\/www.guardsmandogguards.co.uk\/#\/schema\/logo\/image\/"},"sameAs":["https:\/\/www.facebook.com\/AthagGuardsman","https:\/\/x.com\/AthagGuardsman","https:\/\/www.linkedin.com\/in\/athag-guardsman-44a5699a\/"]}]}},"_links":{"self":[{"href":"https:\/\/www.guardsmandogguards.co.uk\/fr\/wp-json\/wp\/v2\/product\/69711","targetHints":{"allow":["GET"]}}],"collection":[{"href":"https:\/\/www.guardsmandogguards.co.uk\/fr\/wp-json\/wp\/v2\/product"}],"about":[{"href":"https:\/\/www.guardsmandogguards.co.uk\/fr\/wp-json\/wp\/v2\/types\/product"}],"wp:featuredmedia":[{"embeddable":true,"href":"https:\/\/www.guardsmandogguards.co.uk\/fr\/wp-json\/wp\/v2\/media\/69716"}],"wp:attachment":[{"href":"https:\/\/www.guardsmandogguards.co.uk\/fr\/wp-json\/wp\/v2\/media?parent=69711"}],"wp:term":[{"taxonomy":"product_brand","embeddable":true,"href":"https:\/\/www.guardsmandogguards.co.uk\/fr\/wp-json\/wp\/v2\/product_brand?post=69711"},{"taxonomy":"product_cat","embeddable":true,"href":"https:\/\/www.guardsmandogguards.co.uk\/fr\/wp-json\/wp\/v2\/product_cat?post=69711"},{"taxonomy":"product_tag","embeddable":true,"href":"https:\/\/www.guardsmandogguards.co.uk\/fr\/wp-json\/wp\/v2\/product_tag?post=69711"}],"curies":[{"name":"wp","href":"https:\/\/api.w.org\/{rel}","templated":true}]}}