{"id":69175,"date":"2025-01-23T20:26:04","date_gmt":"2025-01-23T20:26:05","guid":{"rendered":"https:\/\/www.guardsmandogguards.co.uk\/?post_type=product&#038;p=69175"},"modified":"2026-03-10T10:08:50","modified_gmt":"2026-03-10T10:08:50","slug":"volkswagen-id-7-grille-de-separation-pour-chien-g1778","status":"publish","type":"product","link":"https:\/\/www.guardsmandogguards.co.uk\/fr\/produit\/volkswagen-id-7-grille-de-separation-pour-chien-g1778\/","title":{"rendered":"Volkswagen ID.7 Grille de S\u00e9paration pour Chien (G1778)"},"content":{"rendered":"<p>La Grille de S\u00e9paration pour Chiens GUARDSMAN, accessoire con\u00e7ue sp\u00e9cifiquement pour la Volkswagen ID.7 assure une barri\u00e8re solide et sur entre le coffre et le compartiment voyageurs.<\/p>\n<p>Il s\u2019agit d\u2019un produit Premium fabriqu\u00e9 au Royaume-Uni sp\u00e9cifiquement pour l\u2019 VW ID.7 Tourer uniquement.<\/p>\n<ul>\n<li>Id\u00e9ale pour cr\u00e9er une barri\u00e8re entre le\u00a0compartiment voyageur et les chiens<\/li>\n<li>Montage rapide sans besoin de modifier le v\u00e9hicule<\/li>\n<li>Instructions de montage et toutes fixations n\u00e9cessaires fournis<\/li>\n<li>Cadre externe de la grille fabriqu\u00e9 en tuyau de 19 mm, maille en acier 50mm- tr\u00e8s r\u00e9sistant et durable.<\/li>\n<li>Peint en rev\u00eatement de poudre noir, conforme aux normes automobiles internationaux.<\/li>\n<li>Fabriqu\u00e9 selon les m\u00eames sp\u00e9cifications que les produits fournis aux constructeurs d\u2019automobiles.<\/li>\n<li>Con\u00e7u et fabriqu\u00e9 au Royaume Uni, conforme aux normes de qualit\u00e9 internationales ISO 9001<\/li>\n<\/ul>\n","protected":false},"excerpt":{"rendered":"<p>La Grille de S\u00e9paration pour Chiens GUARDSMAN, accessoire con\u00e7ue sp\u00e9cifiquement pour la Volkswagen ID.7 assure une barri\u00e8re solide et sur entre le coffre et le compartiment voyageurs. Il s\u2019agit d\u2019un produit Premium fabriqu\u00e9 au Royaume-Uni sp\u00e9cifiquement pour l\u2019 VW ID.7 [&hellip;]<\/p>\n","protected":false},"featured_media":68277,"template":"","meta":[],"product_brand":[],"product_cat":[1320],"product_tag":[],"class_list":{"0":"post-69175","1":"product","2":"type-product","3":"status-publish","4":"has-post-thumbnail","6":"product_cat-vw-id-7-saloon","7":"product_shipping_class-dog-guard-fr","9":"first","10":"instock","11":"taxable","12":"shipping-taxable","13":"purchasable","14":"product-type-simple"},"yoast_head":"<!-- This site is optimized with the Yoast SEO plugin v26.0 - https:\/\/yoast.com\/wordpress\/plugins\/seo\/ -->\n<title>VW ID.7 Grille de S\u00e9paration pour Chien<\/title>\n<meta name=\"description\" content=\"Vous recherchez une grille pour chien pour la VW ID.7 ? Ce produit Guardsman Grille de S\u00e9paration pour Chien fournit une barri\u00e8re solide et s\u00e9curis\u00e9e pour les chiens et les passagers.\" \/>\n<meta name=\"robots\" content=\"index, follow, max-snippet:-1, max-image-preview:large, max-video-preview:-1\" \/>\n<link rel=\"canonical\" href=\"https:\/\/www.guardsmandogguards.co.uk\/fr\/produit\/volkswagen-id-7-grille-de-separation-pour-chien-g1778\/\" \/>\n<meta property=\"og:locale\" content=\"fr_FR\" \/>\n<meta property=\"og:type\" content=\"article\" \/>\n<meta property=\"og:title\" content=\"VW ID.7 Grille de S\u00e9paration pour Chien\" \/>\n<meta property=\"og:description\" content=\"Vous recherchez une grille pour chien pour la VW ID.7 ? Ce produit Guardsman Grille de S\u00e9paration pour Chien fournit une barri\u00e8re solide et s\u00e9curis\u00e9e pour les chiens et les passagers.\" \/>\n<meta property=\"og:url\" content=\"https:\/\/www.guardsmandogguards.co.uk\/fr\/produit\/volkswagen-id-7-grille-de-separation-pour-chien-g1778\/\" \/>\n<meta property=\"og:site_name\" content=\"Guardsman Dog Guards\" \/>\n<meta property=\"article:publisher\" content=\"https:\/\/www.facebook.com\/AthagGuardsman\" \/>\n<meta property=\"article:modified_time\" content=\"2026-03-10T10:08:50+00:00\" \/>\n<meta property=\"og:image\" content=\"https:\/\/www.guardsmandogguards.co.uk\/wp-content\/uploads\/2023\/03\/G1713-fitted.jpg\" \/>\n\t<meta property=\"og:image:width\" content=\"816\" \/>\n\t<meta property=\"og:image:height\" content=\"551\" \/>\n\t<meta property=\"og:image:type\" content=\"image\/jpeg\" \/>\n<meta name=\"twitter:card\" content=\"summary_large_image\" \/>\n<meta name=\"twitter:site\" content=\"@AthagGuardsman\" \/>\n<meta name=\"twitter:label1\" content=\"Dur\u00e9e de lecture estim\u00e9e\" \/>\n\t<meta name=\"twitter:data1\" content=\"1 minute\" \/>\n<script type=\"application\/ld+json\" class=\"yoast-schema-graph\">{\"@context\":\"https:\/\/schema.org\",\"@graph\":[{\"@type\":\"WebPage\",\"@id\":\"https:\/\/www.guardsmandogguards.co.uk\/fr\/produit\/volkswagen-id-7-grille-de-separation-pour-chien-g1778\/\",\"url\":\"https:\/\/www.guardsmandogguards.co.uk\/fr\/produit\/volkswagen-id-7-grille-de-separation-pour-chien-g1778\/\",\"name\":\"VW ID.7 Grille de S\u00e9paration pour Chien\",\"isPartOf\":{\"@id\":\"https:\/\/www.guardsmandogguards.co.uk\/#website\"},\"primaryImageOfPage\":{\"@id\":\"https:\/\/www.guardsmandogguards.co.uk\/fr\/produit\/volkswagen-id-7-grille-de-separation-pour-chien-g1778\/#primaryimage\"},\"image\":{\"@id\":\"https:\/\/www.guardsmandogguards.co.uk\/fr\/produit\/volkswagen-id-7-grille-de-separation-pour-chien-g1778\/#primaryimage\"},\"thumbnailUrl\":\"https:\/\/www.guardsmandogguards.co.uk\/wp-content\/uploads\/2023\/03\/G1713-fitted.jpg\",\"datePublished\":\"2025-01-23T20:26:05+00:00\",\"dateModified\":\"2026-03-10T10:08:50+00:00\",\"description\":\"Vous recherchez une grille pour chien pour la VW ID.7 ? Ce produit Guardsman Grille de S\u00e9paration pour Chien fournit une barri\u00e8re solide et s\u00e9curis\u00e9e pour les chiens et les passagers.\",\"breadcrumb\":{\"@id\":\"https:\/\/www.guardsmandogguards.co.uk\/fr\/produit\/volkswagen-id-7-grille-de-separation-pour-chien-g1778\/#breadcrumb\"},\"inLanguage\":\"fr-FR\",\"potentialAction\":[{\"@type\":\"ReadAction\",\"target\":[\"https:\/\/www.guardsmandogguards.co.uk\/fr\/produit\/volkswagen-id-7-grille-de-separation-pour-chien-g1778\/\"]}]},{\"@type\":\"ImageObject\",\"inLanguage\":\"fr-FR\",\"@id\":\"https:\/\/www.guardsmandogguards.co.uk\/fr\/produit\/volkswagen-id-7-grille-de-separation-pour-chien-g1778\/#primaryimage\",\"url\":\"https:\/\/www.guardsmandogguards.co.uk\/wp-content\/uploads\/2023\/03\/G1713-fitted.jpg\",\"contentUrl\":\"https:\/\/www.guardsmandogguards.co.uk\/wp-content\/uploads\/2023\/03\/G1713-fitted.jpg\",\"width\":816,\"height\":551},{\"@type\":\"BreadcrumbList\",\"@id\":\"https:\/\/www.guardsmandogguards.co.uk\/fr\/produit\/volkswagen-id-7-grille-de-separation-pour-chien-g1778\/#breadcrumb\",\"itemListElement\":[{\"@type\":\"ListItem\",\"position\":1,\"name\":\"Home\",\"item\":\"https:\/\/www.guardsmandogguards.co.uk\/fr\/\"},{\"@type\":\"ListItem\",\"position\":2,\"name\":\"Products\",\"item\":\"https:\/\/www.guardsmandogguards.co.uk\/shop\/\"},{\"@type\":\"ListItem\",\"position\":3,\"name\":\"Volkswagen ID.7 Grille de S\u00e9paration pour Chien (G1778)\"}]},{\"@type\":\"WebSite\",\"@id\":\"https:\/\/www.guardsmandogguards.co.uk\/#website\",\"url\":\"https:\/\/www.guardsmandogguards.co.uk\/\",\"name\":\"Guardsman Dog Guards\",\"description\":\"A full range of Dog Guards and Boot Dividers for all Car Brands and Models\",\"publisher\":{\"@id\":\"https:\/\/www.guardsmandogguards.co.uk\/#organization\"},\"potentialAction\":[{\"@type\":\"SearchAction\",\"target\":{\"@type\":\"EntryPoint\",\"urlTemplate\":\"https:\/\/www.guardsmandogguards.co.uk\/?s={search_term_string}\"},\"query-input\":{\"@type\":\"PropertyValueSpecification\",\"valueRequired\":true,\"valueName\":\"search_term_string\"}}],\"inLanguage\":\"fr-FR\"},{\"@type\":\"Organization\",\"@id\":\"https:\/\/www.guardsmandogguards.co.uk\/#organization\",\"name\":\"Guardsman Dog Guards\",\"url\":\"https:\/\/www.guardsmandogguards.co.uk\/\",\"logo\":{\"@type\":\"ImageObject\",\"inLanguage\":\"fr-FR\",\"@id\":\"https:\/\/www.guardsmandogguards.co.uk\/#\/schema\/logo\/image\/\",\"url\":\"https:\/\/www.guardsmandogguards.co.uk\/wp-content\/uploads\/2017\/08\/guardsman.jpg\",\"contentUrl\":\"https:\/\/www.guardsmandogguards.co.uk\/wp-content\/uploads\/2017\/08\/guardsman.jpg\",\"width\":235,\"height\":235,\"caption\":\"Guardsman Dog Guards\"},\"image\":{\"@id\":\"https:\/\/www.guardsmandogguards.co.uk\/#\/schema\/logo\/image\/\"},\"sameAs\":[\"https:\/\/www.facebook.com\/AthagGuardsman\",\"https:\/\/x.com\/AthagGuardsman\",\"https:\/\/www.linkedin.com\/in\/athag-guardsman-44a5699a\/\"]}]}<\/script>\n<!-- \/ Yoast SEO plugin. -->","yoast_head_json":{"title":"VW ID.7 Grille de S\u00e9paration pour Chien","description":"Vous recherchez une grille pour chien pour la VW ID.7 ? Ce produit Guardsman Grille de S\u00e9paration pour Chien fournit une barri\u00e8re solide et s\u00e9curis\u00e9e pour les chiens et les passagers.","robots":{"index":"index","follow":"follow","max-snippet":"max-snippet:-1","max-image-preview":"max-image-preview:large","max-video-preview":"max-video-preview:-1"},"canonical":"https:\/\/www.guardsmandogguards.co.uk\/fr\/produit\/volkswagen-id-7-grille-de-separation-pour-chien-g1778\/","og_locale":"fr_FR","og_type":"article","og_title":"VW ID.7 Grille de S\u00e9paration pour Chien","og_description":"Vous recherchez une grille pour chien pour la VW ID.7 ? Ce produit Guardsman Grille de S\u00e9paration pour Chien fournit une barri\u00e8re solide et s\u00e9curis\u00e9e pour les chiens et les passagers.","og_url":"https:\/\/www.guardsmandogguards.co.uk\/fr\/produit\/volkswagen-id-7-grille-de-separation-pour-chien-g1778\/","og_site_name":"Guardsman Dog Guards","article_publisher":"https:\/\/www.facebook.com\/AthagGuardsman","article_modified_time":"2026-03-10T10:08:50+00:00","og_image":[{"width":816,"height":551,"url":"https:\/\/www.guardsmandogguards.co.uk\/wp-content\/uploads\/2023\/03\/G1713-fitted.jpg","type":"image\/jpeg"}],"twitter_card":"summary_large_image","twitter_site":"@AthagGuardsman","twitter_misc":{"Dur\u00e9e de lecture estim\u00e9e":"1 minute"},"schema":{"@context":"https:\/\/schema.org","@graph":[{"@type":"WebPage","@id":"https:\/\/www.guardsmandogguards.co.uk\/fr\/produit\/volkswagen-id-7-grille-de-separation-pour-chien-g1778\/","url":"https:\/\/www.guardsmandogguards.co.uk\/fr\/produit\/volkswagen-id-7-grille-de-separation-pour-chien-g1778\/","name":"VW ID.7 Grille de S\u00e9paration pour Chien","isPartOf":{"@id":"https:\/\/www.guardsmandogguards.co.uk\/#website"},"primaryImageOfPage":{"@id":"https:\/\/www.guardsmandogguards.co.uk\/fr\/produit\/volkswagen-id-7-grille-de-separation-pour-chien-g1778\/#primaryimage"},"image":{"@id":"https:\/\/www.guardsmandogguards.co.uk\/fr\/produit\/volkswagen-id-7-grille-de-separation-pour-chien-g1778\/#primaryimage"},"thumbnailUrl":"https:\/\/www.guardsmandogguards.co.uk\/wp-content\/uploads\/2023\/03\/G1713-fitted.jpg","datePublished":"2025-01-23T20:26:05+00:00","dateModified":"2026-03-10T10:08:50+00:00","description":"Vous recherchez une grille pour chien pour la VW ID.7 ? Ce produit Guardsman Grille de S\u00e9paration pour Chien fournit une barri\u00e8re solide et s\u00e9curis\u00e9e pour les chiens et les passagers.","breadcrumb":{"@id":"https:\/\/www.guardsmandogguards.co.uk\/fr\/produit\/volkswagen-id-7-grille-de-separation-pour-chien-g1778\/#breadcrumb"},"inLanguage":"fr-FR","potentialAction":[{"@type":"ReadAction","target":["https:\/\/www.guardsmandogguards.co.uk\/fr\/produit\/volkswagen-id-7-grille-de-separation-pour-chien-g1778\/"]}]},{"@type":"ImageObject","inLanguage":"fr-FR","@id":"https:\/\/www.guardsmandogguards.co.uk\/fr\/produit\/volkswagen-id-7-grille-de-separation-pour-chien-g1778\/#primaryimage","url":"https:\/\/www.guardsmandogguards.co.uk\/wp-content\/uploads\/2023\/03\/G1713-fitted.jpg","contentUrl":"https:\/\/www.guardsmandogguards.co.uk\/wp-content\/uploads\/2023\/03\/G1713-fitted.jpg","width":816,"height":551},{"@type":"BreadcrumbList","@id":"https:\/\/www.guardsmandogguards.co.uk\/fr\/produit\/volkswagen-id-7-grille-de-separation-pour-chien-g1778\/#breadcrumb","itemListElement":[{"@type":"ListItem","position":1,"name":"Home","item":"https:\/\/www.guardsmandogguards.co.uk\/fr\/"},{"@type":"ListItem","position":2,"name":"Products","item":"https:\/\/www.guardsmandogguards.co.uk\/shop\/"},{"@type":"ListItem","position":3,"name":"Volkswagen ID.7 Grille de S\u00e9paration pour Chien (G1778)"}]},{"@type":"WebSite","@id":"https:\/\/www.guardsmandogguards.co.uk\/#website","url":"https:\/\/www.guardsmandogguards.co.uk\/","name":"Guardsman Dog Guards","description":"A full range of Dog Guards and Boot Dividers for all Car Brands and Models","publisher":{"@id":"https:\/\/www.guardsmandogguards.co.uk\/#organization"},"potentialAction":[{"@type":"SearchAction","target":{"@type":"EntryPoint","urlTemplate":"https:\/\/www.guardsmandogguards.co.uk\/?s={search_term_string}"},"query-input":{"@type":"PropertyValueSpecification","valueRequired":true,"valueName":"search_term_string"}}],"inLanguage":"fr-FR"},{"@type":"Organization","@id":"https:\/\/www.guardsmandogguards.co.uk\/#organization","name":"Guardsman Dog Guards","url":"https:\/\/www.guardsmandogguards.co.uk\/","logo":{"@type":"ImageObject","inLanguage":"fr-FR","@id":"https:\/\/www.guardsmandogguards.co.uk\/#\/schema\/logo\/image\/","url":"https:\/\/www.guardsmandogguards.co.uk\/wp-content\/uploads\/2017\/08\/guardsman.jpg","contentUrl":"https:\/\/www.guardsmandogguards.co.uk\/wp-content\/uploads\/2017\/08\/guardsman.jpg","width":235,"height":235,"caption":"Guardsman Dog Guards"},"image":{"@id":"https:\/\/www.guardsmandogguards.co.uk\/#\/schema\/logo\/image\/"},"sameAs":["https:\/\/www.facebook.com\/AthagGuardsman","https:\/\/x.com\/AthagGuardsman","https:\/\/www.linkedin.com\/in\/athag-guardsman-44a5699a\/"]}]}},"_links":{"self":[{"href":"https:\/\/www.guardsmandogguards.co.uk\/fr\/wp-json\/wp\/v2\/product\/69175","targetHints":{"allow":["GET"]}}],"collection":[{"href":"https:\/\/www.guardsmandogguards.co.uk\/fr\/wp-json\/wp\/v2\/product"}],"about":[{"href":"https:\/\/www.guardsmandogguards.co.uk\/fr\/wp-json\/wp\/v2\/types\/product"}],"wp:featuredmedia":[{"embeddable":true,"href":"https:\/\/www.guardsmandogguards.co.uk\/fr\/wp-json\/wp\/v2\/media\/68277"}],"wp:attachment":[{"href":"https:\/\/www.guardsmandogguards.co.uk\/fr\/wp-json\/wp\/v2\/media?parent=69175"}],"wp:term":[{"taxonomy":"product_brand","embeddable":true,"href":"https:\/\/www.guardsmandogguards.co.uk\/fr\/wp-json\/wp\/v2\/product_brand?post=69175"},{"taxonomy":"product_cat","embeddable":true,"href":"https:\/\/www.guardsmandogguards.co.uk\/fr\/wp-json\/wp\/v2\/product_cat?post=69175"},{"taxonomy":"product_tag","embeddable":true,"href":"https:\/\/www.guardsmandogguards.co.uk\/fr\/wp-json\/wp\/v2\/product_tag?post=69175"}],"curies":[{"name":"wp","href":"https:\/\/api.w.org\/{rel}","templated":true}]}}