{"id":68958,"date":"2022-09-12T15:22:07","date_gmt":"2022-09-12T14:22:07","guid":{"rendered":"https:\/\/www.guardsmandogguards.co.uk\/product\/grille-de-protection-pour-chien-range-rover-5-sans-sieges-executifs-a-partir-de-2022-ref-g1636\/"},"modified":"2025-02-07T16:09:25","modified_gmt":"2025-02-07T16:09:25","slug":"grille-de-protection-pour-chien-range-rover-5-sans-sieges-executifs-a-partir-de-2022-ref-g1636","status":"publish","type":"product","link":"https:\/\/www.guardsmandogguards.co.uk\/fr\/produit\/grille-de-protection-pour-chien-range-rover-5-sans-sieges-executifs-a-partir-de-2022-ref-g1636\/","title":{"rendered":"Grille de protection pour chien RANGE ROVER #5 (SANS SI\u00c8GES EX\u00c9CUTIFS) (\u00e0 partir de 2022) (r\u00e9f. G1636)"},"content":{"rendered":"<p>La grille de protection pour chien \u00ab GUARDSMAN \u00bb RANGE ROVER #5 est un accessoire sp\u00e9cifique au v\u00e9hicule qui constitue une barri\u00e8re solide et s\u00e9curis\u00e9e entre l&rsquo;espace du coffre et l&rsquo;habitacle.<\/p>\n<p>Cette grille de protection pour chien, une fois install\u00e9e, n\u00e9cessite que les si\u00e8ges soient r\u00e9gl\u00e9s et restent dans la position sp\u00e9cifique indiqu\u00e9e.<\/p>\n<p>Il s&rsquo;agit d&rsquo;un produit haut de gamme fabriqu\u00e9 dans les Midlands du Royaume-Uni sp\u00e9cialement pour votre voiture.<\/p>\n<p>Id\u00e9al pour s\u00e9parer les chiens de l&rsquo;habitacle.<br \/>\nMontage facile sans modification du v\u00e9hicule requise.<br \/>\nFourni avec toutes les fixations et instructions de montage.<br \/>\nCadre ext\u00e9rieur en acier robuste de 19 mm de diam\u00e8tre avec maille en acier de 50 mm.<br \/>\nRev\u00eatement en poudre noir conforme aux normes automobiles internationales.<br \/>\nFabriqu\u00e9 selon les m\u00eames sp\u00e9cifications que les produits que nous fournissons aux constructeurs automobiles.<br \/>\nCon\u00e7u et fabriqu\u00e9 au Royaume-Uni selon la norme de qualit\u00e9 ISO 14001 reconnue mondialement<\/p>\n","protected":false},"excerpt":{"rendered":"<p>La grille de protection pour chien \u00ab GUARDSMAN \u00bb RANGE ROVER #5 est un accessoire sp\u00e9cifique au v\u00e9hicule qui constitue une barri\u00e8re solide et s\u00e9curis\u00e9e entre l&rsquo;espace du coffre et l&rsquo;habitacle. Cette grille de protection pour chien, une fois install\u00e9e, [&hellip;]<\/p>\n","protected":false},"featured_media":68956,"template":"","meta":[],"product_brand":[],"product_cat":[1249],"product_tag":[],"class_list":{"0":"post-68958","1":"product","2":"type-product","3":"status-publish","4":"has-post-thumbnail","6":"product_cat-range-rover-5-l460-a-partir-de-2022","7":"product_shipping_class-dog-guard-fr","9":"first","10":"instock","11":"taxable","12":"shipping-taxable","13":"purchasable","14":"product-type-simple"},"yoast_head":"<!-- This site is optimized with the Yoast SEO plugin v26.0 - https:\/\/yoast.com\/wordpress\/plugins\/seo\/ -->\n<title>Grille de protection pour chien RANGE ROVER #5 (SANS SI\u00c8GES EX\u00c9CUTIFS) (\u00e0 partir de 2022) (r\u00e9f. G1636) - Guardsman Dog Guards<\/title>\n<meta name=\"description\" content=\"Vous recherchez une grille de s\u00e9paration pour chien pour Range Rover (2022)\u00a0? Ce produit Guardsman Dog Guard offre une barri\u00e8re solide et s\u00e9curis\u00e9e pour les chiens et les passagers.\" \/>\n<meta name=\"robots\" content=\"index, follow, max-snippet:-1, max-image-preview:large, max-video-preview:-1\" \/>\n<link rel=\"canonical\" href=\"https:\/\/www.guardsmandogguards.co.uk\/fr\/produit\/grille-de-protection-pour-chien-range-rover-5-sans-sieges-executifs-a-partir-de-2022-ref-g1636\/\" \/>\n<meta property=\"og:locale\" content=\"fr_FR\" \/>\n<meta property=\"og:type\" content=\"article\" \/>\n<meta property=\"og:title\" content=\"Grille de protection pour chien RANGE ROVER #5 (SANS SI\u00c8GES EX\u00c9CUTIFS) (\u00e0 partir de 2022) (r\u00e9f. G1636) - Guardsman Dog Guards\" \/>\n<meta property=\"og:description\" content=\"Vous recherchez une grille de s\u00e9paration pour chien pour Range Rover (2022)\u00a0? Ce produit Guardsman Dog Guard offre une barri\u00e8re solide et s\u00e9curis\u00e9e pour les chiens et les passagers.\" \/>\n<meta property=\"og:url\" content=\"https:\/\/www.guardsmandogguards.co.uk\/fr\/produit\/grille-de-protection-pour-chien-range-rover-5-sans-sieges-executifs-a-partir-de-2022-ref-g1636\/\" \/>\n<meta property=\"og:site_name\" content=\"Guardsman Dog Guards\" \/>\n<meta property=\"article:publisher\" content=\"https:\/\/www.facebook.com\/AthagGuardsman\" \/>\n<meta property=\"article:modified_time\" content=\"2025-02-07T16:09:25+00:00\" \/>\n<meta property=\"og:image\" content=\"https:\/\/www.guardsmandogguards.co.uk\/wp-content\/uploads\/2022\/09\/G1636-dog-guard-fitted.jpg\" \/>\n\t<meta property=\"og:image:width\" content=\"886\" \/>\n\t<meta property=\"og:image:height\" content=\"550\" \/>\n\t<meta property=\"og:image:type\" content=\"image\/jpeg\" \/>\n<meta name=\"twitter:card\" content=\"summary_large_image\" \/>\n<meta name=\"twitter:site\" content=\"@AthagGuardsman\" \/>\n<meta name=\"twitter:label1\" content=\"Dur\u00e9e de lecture estim\u00e9e\" \/>\n\t<meta name=\"twitter:data1\" content=\"1 minute\" \/>\n<script type=\"application\/ld+json\" class=\"yoast-schema-graph\">{\"@context\":\"https:\/\/schema.org\",\"@graph\":[{\"@type\":\"WebPage\",\"@id\":\"https:\/\/www.guardsmandogguards.co.uk\/fr\/produit\/grille-de-protection-pour-chien-range-rover-5-sans-sieges-executifs-a-partir-de-2022-ref-g1636\/\",\"url\":\"https:\/\/www.guardsmandogguards.co.uk\/fr\/produit\/grille-de-protection-pour-chien-range-rover-5-sans-sieges-executifs-a-partir-de-2022-ref-g1636\/\",\"name\":\"Grille de protection pour chien RANGE ROVER #5 (SANS SI\u00c8GES EX\u00c9CUTIFS) (\u00e0 partir de 2022) (r\u00e9f. G1636) - Guardsman Dog Guards\",\"isPartOf\":{\"@id\":\"https:\/\/www.guardsmandogguards.co.uk\/#website\"},\"primaryImageOfPage\":{\"@id\":\"https:\/\/www.guardsmandogguards.co.uk\/fr\/produit\/grille-de-protection-pour-chien-range-rover-5-sans-sieges-executifs-a-partir-de-2022-ref-g1636\/#primaryimage\"},\"image\":{\"@id\":\"https:\/\/www.guardsmandogguards.co.uk\/fr\/produit\/grille-de-protection-pour-chien-range-rover-5-sans-sieges-executifs-a-partir-de-2022-ref-g1636\/#primaryimage\"},\"thumbnailUrl\":\"https:\/\/www.guardsmandogguards.co.uk\/wp-content\/uploads\/2022\/09\/G1636-dog-guard-fitted.jpg\",\"datePublished\":\"2022-09-12T14:22:07+00:00\",\"dateModified\":\"2025-02-07T16:09:25+00:00\",\"description\":\"Vous recherchez une grille de s\u00e9paration pour chien pour Range Rover (2022)\u00a0? Ce produit Guardsman Dog Guard offre une barri\u00e8re solide et s\u00e9curis\u00e9e pour les chiens et les passagers.\",\"breadcrumb\":{\"@id\":\"https:\/\/www.guardsmandogguards.co.uk\/fr\/produit\/grille-de-protection-pour-chien-range-rover-5-sans-sieges-executifs-a-partir-de-2022-ref-g1636\/#breadcrumb\"},\"inLanguage\":\"fr-FR\",\"potentialAction\":[{\"@type\":\"ReadAction\",\"target\":[\"https:\/\/www.guardsmandogguards.co.uk\/fr\/produit\/grille-de-protection-pour-chien-range-rover-5-sans-sieges-executifs-a-partir-de-2022-ref-g1636\/\"]}]},{\"@type\":\"ImageObject\",\"inLanguage\":\"fr-FR\",\"@id\":\"https:\/\/www.guardsmandogguards.co.uk\/fr\/produit\/grille-de-protection-pour-chien-range-rover-5-sans-sieges-executifs-a-partir-de-2022-ref-g1636\/#primaryimage\",\"url\":\"https:\/\/www.guardsmandogguards.co.uk\/wp-content\/uploads\/2022\/09\/G1636-dog-guard-fitted.jpg\",\"contentUrl\":\"https:\/\/www.guardsmandogguards.co.uk\/wp-content\/uploads\/2022\/09\/G1636-dog-guard-fitted.jpg\",\"width\":886,\"height\":550},{\"@type\":\"BreadcrumbList\",\"@id\":\"https:\/\/www.guardsmandogguards.co.uk\/fr\/produit\/grille-de-protection-pour-chien-range-rover-5-sans-sieges-executifs-a-partir-de-2022-ref-g1636\/#breadcrumb\",\"itemListElement\":[{\"@type\":\"ListItem\",\"position\":1,\"name\":\"Home\",\"item\":\"https:\/\/www.guardsmandogguards.co.uk\/fr\/\"},{\"@type\":\"ListItem\",\"position\":2,\"name\":\"Products\",\"item\":\"https:\/\/www.guardsmandogguards.co.uk\/shop\/\"},{\"@type\":\"ListItem\",\"position\":3,\"name\":\"Grille de protection pour chien RANGE ROVER #5 (SANS SI\u00c8GES EX\u00c9CUTIFS) (\u00e0 partir de 2022) (r\u00e9f. G1636)\"}]},{\"@type\":\"WebSite\",\"@id\":\"https:\/\/www.guardsmandogguards.co.uk\/#website\",\"url\":\"https:\/\/www.guardsmandogguards.co.uk\/\",\"name\":\"Guardsman Dog Guards\",\"description\":\"A full range of Dog Guards and Boot Dividers for all Car Brands and Models\",\"publisher\":{\"@id\":\"https:\/\/www.guardsmandogguards.co.uk\/#organization\"},\"potentialAction\":[{\"@type\":\"SearchAction\",\"target\":{\"@type\":\"EntryPoint\",\"urlTemplate\":\"https:\/\/www.guardsmandogguards.co.uk\/?s={search_term_string}\"},\"query-input\":{\"@type\":\"PropertyValueSpecification\",\"valueRequired\":true,\"valueName\":\"search_term_string\"}}],\"inLanguage\":\"fr-FR\"},{\"@type\":\"Organization\",\"@id\":\"https:\/\/www.guardsmandogguards.co.uk\/#organization\",\"name\":\"Guardsman Dog Guards\",\"url\":\"https:\/\/www.guardsmandogguards.co.uk\/\",\"logo\":{\"@type\":\"ImageObject\",\"inLanguage\":\"fr-FR\",\"@id\":\"https:\/\/www.guardsmandogguards.co.uk\/#\/schema\/logo\/image\/\",\"url\":\"https:\/\/www.guardsmandogguards.co.uk\/wp-content\/uploads\/2017\/08\/guardsman.jpg\",\"contentUrl\":\"https:\/\/www.guardsmandogguards.co.uk\/wp-content\/uploads\/2017\/08\/guardsman.jpg\",\"width\":235,\"height\":235,\"caption\":\"Guardsman Dog Guards\"},\"image\":{\"@id\":\"https:\/\/www.guardsmandogguards.co.uk\/#\/schema\/logo\/image\/\"},\"sameAs\":[\"https:\/\/www.facebook.com\/AthagGuardsman\",\"https:\/\/x.com\/AthagGuardsman\",\"https:\/\/www.linkedin.com\/in\/athag-guardsman-44a5699a\/\"]}]}<\/script>\n<!-- \/ Yoast SEO plugin. -->","yoast_head_json":{"title":"Grille de protection pour chien RANGE ROVER #5 (SANS SI\u00c8GES EX\u00c9CUTIFS) (\u00e0 partir de 2022) (r\u00e9f. G1636) - Guardsman Dog Guards","description":"Vous recherchez une grille de s\u00e9paration pour chien pour Range Rover (2022)\u00a0? Ce produit Guardsman Dog Guard offre une barri\u00e8re solide et s\u00e9curis\u00e9e pour les chiens et les passagers.","robots":{"index":"index","follow":"follow","max-snippet":"max-snippet:-1","max-image-preview":"max-image-preview:large","max-video-preview":"max-video-preview:-1"},"canonical":"https:\/\/www.guardsmandogguards.co.uk\/fr\/produit\/grille-de-protection-pour-chien-range-rover-5-sans-sieges-executifs-a-partir-de-2022-ref-g1636\/","og_locale":"fr_FR","og_type":"article","og_title":"Grille de protection pour chien RANGE ROVER #5 (SANS SI\u00c8GES EX\u00c9CUTIFS) (\u00e0 partir de 2022) (r\u00e9f. G1636) - Guardsman Dog Guards","og_description":"Vous recherchez une grille de s\u00e9paration pour chien pour Range Rover (2022)\u00a0? Ce produit Guardsman Dog Guard offre une barri\u00e8re solide et s\u00e9curis\u00e9e pour les chiens et les passagers.","og_url":"https:\/\/www.guardsmandogguards.co.uk\/fr\/produit\/grille-de-protection-pour-chien-range-rover-5-sans-sieges-executifs-a-partir-de-2022-ref-g1636\/","og_site_name":"Guardsman Dog Guards","article_publisher":"https:\/\/www.facebook.com\/AthagGuardsman","article_modified_time":"2025-02-07T16:09:25+00:00","og_image":[{"width":886,"height":550,"url":"https:\/\/www.guardsmandogguards.co.uk\/wp-content\/uploads\/2022\/09\/G1636-dog-guard-fitted.jpg","type":"image\/jpeg"}],"twitter_card":"summary_large_image","twitter_site":"@AthagGuardsman","twitter_misc":{"Dur\u00e9e de lecture estim\u00e9e":"1 minute"},"schema":{"@context":"https:\/\/schema.org","@graph":[{"@type":"WebPage","@id":"https:\/\/www.guardsmandogguards.co.uk\/fr\/produit\/grille-de-protection-pour-chien-range-rover-5-sans-sieges-executifs-a-partir-de-2022-ref-g1636\/","url":"https:\/\/www.guardsmandogguards.co.uk\/fr\/produit\/grille-de-protection-pour-chien-range-rover-5-sans-sieges-executifs-a-partir-de-2022-ref-g1636\/","name":"Grille de protection pour chien RANGE ROVER #5 (SANS SI\u00c8GES EX\u00c9CUTIFS) (\u00e0 partir de 2022) (r\u00e9f. G1636) - Guardsman Dog Guards","isPartOf":{"@id":"https:\/\/www.guardsmandogguards.co.uk\/#website"},"primaryImageOfPage":{"@id":"https:\/\/www.guardsmandogguards.co.uk\/fr\/produit\/grille-de-protection-pour-chien-range-rover-5-sans-sieges-executifs-a-partir-de-2022-ref-g1636\/#primaryimage"},"image":{"@id":"https:\/\/www.guardsmandogguards.co.uk\/fr\/produit\/grille-de-protection-pour-chien-range-rover-5-sans-sieges-executifs-a-partir-de-2022-ref-g1636\/#primaryimage"},"thumbnailUrl":"https:\/\/www.guardsmandogguards.co.uk\/wp-content\/uploads\/2022\/09\/G1636-dog-guard-fitted.jpg","datePublished":"2022-09-12T14:22:07+00:00","dateModified":"2025-02-07T16:09:25+00:00","description":"Vous recherchez une grille de s\u00e9paration pour chien pour Range Rover (2022)\u00a0? Ce produit Guardsman Dog Guard offre une barri\u00e8re solide et s\u00e9curis\u00e9e pour les chiens et les passagers.","breadcrumb":{"@id":"https:\/\/www.guardsmandogguards.co.uk\/fr\/produit\/grille-de-protection-pour-chien-range-rover-5-sans-sieges-executifs-a-partir-de-2022-ref-g1636\/#breadcrumb"},"inLanguage":"fr-FR","potentialAction":[{"@type":"ReadAction","target":["https:\/\/www.guardsmandogguards.co.uk\/fr\/produit\/grille-de-protection-pour-chien-range-rover-5-sans-sieges-executifs-a-partir-de-2022-ref-g1636\/"]}]},{"@type":"ImageObject","inLanguage":"fr-FR","@id":"https:\/\/www.guardsmandogguards.co.uk\/fr\/produit\/grille-de-protection-pour-chien-range-rover-5-sans-sieges-executifs-a-partir-de-2022-ref-g1636\/#primaryimage","url":"https:\/\/www.guardsmandogguards.co.uk\/wp-content\/uploads\/2022\/09\/G1636-dog-guard-fitted.jpg","contentUrl":"https:\/\/www.guardsmandogguards.co.uk\/wp-content\/uploads\/2022\/09\/G1636-dog-guard-fitted.jpg","width":886,"height":550},{"@type":"BreadcrumbList","@id":"https:\/\/www.guardsmandogguards.co.uk\/fr\/produit\/grille-de-protection-pour-chien-range-rover-5-sans-sieges-executifs-a-partir-de-2022-ref-g1636\/#breadcrumb","itemListElement":[{"@type":"ListItem","position":1,"name":"Home","item":"https:\/\/www.guardsmandogguards.co.uk\/fr\/"},{"@type":"ListItem","position":2,"name":"Products","item":"https:\/\/www.guardsmandogguards.co.uk\/shop\/"},{"@type":"ListItem","position":3,"name":"Grille de protection pour chien RANGE ROVER #5 (SANS SI\u00c8GES EX\u00c9CUTIFS) (\u00e0 partir de 2022) (r\u00e9f. G1636)"}]},{"@type":"WebSite","@id":"https:\/\/www.guardsmandogguards.co.uk\/#website","url":"https:\/\/www.guardsmandogguards.co.uk\/","name":"Guardsman Dog Guards","description":"A full range of Dog Guards and Boot Dividers for all Car Brands and Models","publisher":{"@id":"https:\/\/www.guardsmandogguards.co.uk\/#organization"},"potentialAction":[{"@type":"SearchAction","target":{"@type":"EntryPoint","urlTemplate":"https:\/\/www.guardsmandogguards.co.uk\/?s={search_term_string}"},"query-input":{"@type":"PropertyValueSpecification","valueRequired":true,"valueName":"search_term_string"}}],"inLanguage":"fr-FR"},{"@type":"Organization","@id":"https:\/\/www.guardsmandogguards.co.uk\/#organization","name":"Guardsman Dog Guards","url":"https:\/\/www.guardsmandogguards.co.uk\/","logo":{"@type":"ImageObject","inLanguage":"fr-FR","@id":"https:\/\/www.guardsmandogguards.co.uk\/#\/schema\/logo\/image\/","url":"https:\/\/www.guardsmandogguards.co.uk\/wp-content\/uploads\/2017\/08\/guardsman.jpg","contentUrl":"https:\/\/www.guardsmandogguards.co.uk\/wp-content\/uploads\/2017\/08\/guardsman.jpg","width":235,"height":235,"caption":"Guardsman Dog Guards"},"image":{"@id":"https:\/\/www.guardsmandogguards.co.uk\/#\/schema\/logo\/image\/"},"sameAs":["https:\/\/www.facebook.com\/AthagGuardsman","https:\/\/x.com\/AthagGuardsman","https:\/\/www.linkedin.com\/in\/athag-guardsman-44a5699a\/"]}]}},"_links":{"self":[{"href":"https:\/\/www.guardsmandogguards.co.uk\/fr\/wp-json\/wp\/v2\/product\/68958","targetHints":{"allow":["GET"]}}],"collection":[{"href":"https:\/\/www.guardsmandogguards.co.uk\/fr\/wp-json\/wp\/v2\/product"}],"about":[{"href":"https:\/\/www.guardsmandogguards.co.uk\/fr\/wp-json\/wp\/v2\/types\/product"}],"wp:featuredmedia":[{"embeddable":true,"href":"https:\/\/www.guardsmandogguards.co.uk\/fr\/wp-json\/wp\/v2\/media\/68956"}],"wp:attachment":[{"href":"https:\/\/www.guardsmandogguards.co.uk\/fr\/wp-json\/wp\/v2\/media?parent=68958"}],"wp:term":[{"taxonomy":"product_brand","embeddable":true,"href":"https:\/\/www.guardsmandogguards.co.uk\/fr\/wp-json\/wp\/v2\/product_brand?post=68958"},{"taxonomy":"product_cat","embeddable":true,"href":"https:\/\/www.guardsmandogguards.co.uk\/fr\/wp-json\/wp\/v2\/product_cat?post=68958"},{"taxonomy":"product_tag","embeddable":true,"href":"https:\/\/www.guardsmandogguards.co.uk\/fr\/wp-json\/wp\/v2\/product_tag?post=68958"}],"curies":[{"name":"wp","href":"https:\/\/api.w.org\/{rel}","templated":true}]}}