{"id":61353,"date":"2024-04-18T10:40:06","date_gmt":"2024-04-18T09:40:08","guid":{"rendered":"https:\/\/www.guardsmandogguards.co.uk\/?post_type=product&#038;p=61353"},"modified":"2026-03-11T16:15:55","modified_gmt":"2026-03-11T16:15:55","slug":"nissan-x-trail-4-grille-de-separation-pour-chien-et-grille-de-division-adaptable-copy","status":"publish","type":"product","link":"https:\/\/www.guardsmandogguards.co.uk\/fr\/produit\/nissan-x-trail-4-grille-de-separation-pour-chien-et-grille-de-division-adaptable-copy\/","title":{"rendered":"NISSAN X TRAIL #4 (9\/2024 &#8211; ) Grille de S\u00e9paration pour Chien et Grille de division adaptable"},"content":{"rendered":"<p><span style=\"font-weight: 400;\">Notre ensemble de Grille de S\u00e9paration pour chiens et de Grille de Division Adaptable Nissan X Trail #4 <\/span><span style=\"font-weight: 400;\">comprend un pare-chien sp\u00e9cifique au v\u00e9hicule qui offre une barri\u00e8re de s\u00e9curit\u00e9 entre le coffre et l&rsquo;habitacle, ainsi qu&rsquo;un s\u00e9parateur de coffre variable qui permet de divis\u00e9 en deux compartiments.<\/span><\/p>\n<p><strong>Ce produit convient uniquement aux voitures dont les si\u00e8ges de la deuxi\u00e8me rang\u00e9e sont \u00e9quip\u00e9s de dossiers r\u00e9glables.<\/strong><\/p>\n<p>Il s&rsquo;agit d&rsquo;un produit haut de gamme fabriqu\u00e9 au Royaume-Uni, facile \u00e0 installer, qui ne n\u00e9cessite aucune modification du v\u00e9hicule et s&rsquo;installe en dix minutes.<\/p>\n<p><strong>Veuillez noter que le si\u00e8ge ne peut pas \u00eatre compl\u00e8tement inclin\u00e9 avec la grille de s\u00e9paration. Il suffit de quelques clics pour la retirer, comme illustr\u00e9 sur les photos.<\/strong><\/p>\n<ul>\n<li style=\"font-weight: 400;\"><span style=\"font-weight: 400;\">Id\u00e9ale pour la s\u00e9paration de deux chiens, ou pour s\u00e9parer les bagages du chien\u00a0<\/span><\/li>\n<li style=\"font-weight: 400;\"><span style=\"font-weight: 400;\">Montage rapide sans besoin de modifier le v\u00e9hicule<\/span><\/li>\n<li style=\"font-weight: 400;\"><span style=\"font-weight: 400;\">Instructions de montage et toutes fixations n\u00e9cessaires fournis\u00a0<\/span><\/li>\n<li style=\"font-weight: 400;\"><span style=\"font-weight: 400;\">Cadre externe de la grille fabriqu\u00e9 en tuyau de 19 mm, maille en acier 50mm- tr\u00e8s r\u00e9sistant et durable.<\/span><\/li>\n<li style=\"font-weight: 400;\"><span style=\"font-weight: 400;\">Peint en rev\u00eatement de poudre noir, conforme aux normes automobiles internationaux.<\/span><\/li>\n<li style=\"font-weight: 400;\"><span style=\"font-weight: 400;\">Fabriqu\u00e9 selon les m\u00eames sp\u00e9cifications que les produits fournis aux constructeurs d\u2019automobiles.<\/span><\/li>\n<li style=\"font-weight: 400;\"><span style=\"font-weight: 400;\">Conforme aux normes de qualit\u00e9 internationales ISO 9001<\/span><\/li>\n<\/ul>\n<p>S&rsquo;il vous pla\u00eet \u00eatre conscient que le si\u00e8ge ne peut pas \u00eatre compl\u00e8tement inclin\u00e9 avec le Dog Guard install\u00e9. C&rsquo;est un couple de \u00ab\u00a0clics\u00a0\u00bb comme indiqu\u00e9 sur les photos. Cela peut \u00eatre plus pertinent si vous avez l\u2019intention de vous installer dans un si\u00e8ge enfant. Nous vous recommandons de v\u00e9rifier le si\u00e8ge enfant avec le dossier du si\u00e8ge arri\u00e8re l\u00e9g\u00e8rement \u00e0 la verticale avant de commander.<\/p>\n","protected":false},"excerpt":{"rendered":"<p>Notre ensemble de Grille de S\u00e9paration pour chiens et de Grille de Division Adaptable Nissan X Trail #4 comprend un pare-chien sp\u00e9cifique au v\u00e9hicule qui offre une barri\u00e8re de s\u00e9curit\u00e9 entre le coffre et l&rsquo;habitacle, ainsi qu&rsquo;un s\u00e9parateur de coffre [&hellip;]<\/p>\n","protected":false},"featured_media":61845,"template":"","meta":[],"product_brand":[],"product_cat":[1095],"product_tag":[],"class_list":{"0":"post-61353","1":"product","2":"type-product","3":"status-publish","4":"has-post-thumbnail","6":"product_cat-nissan-x-trail-4-a-partir-de-2023","7":"product_shipping_class-bundle-fr","9":"first","10":"instock","11":"taxable","12":"shipping-taxable","13":"purchasable","14":"product-type-simple"},"yoast_head":"<!-- This site is optimized with the Yoast SEO plugin v26.0 - https:\/\/yoast.com\/wordpress\/plugins\/seo\/ -->\n<title>Nissan X Trail #4 Grille de S\u00e9paration pour Chien et Grille de division adaptable - Guardsman<\/title>\n<meta name=\"description\" content=\"Vous recherchez une grille de s\u00e9paration pour chien et un s\u00e9parateur de coffre pour votre Nissan X-Trail? Ce kit de grille de s\u00e9paration pour chien Guardsman offre une barri\u00e8re robuste et s\u00e9curis\u00e9e pour les chiens et les passagers.\" \/>\n<meta name=\"robots\" content=\"index, follow, max-snippet:-1, max-image-preview:large, max-video-preview:-1\" \/>\n<link rel=\"canonical\" href=\"https:\/\/www.guardsmandogguards.co.uk\/fr\/produit\/nissan-x-trail-4-grille-de-separation-pour-chien-et-grille-de-division-adaptable-copy\/\" \/>\n<meta property=\"og:locale\" content=\"fr_FR\" \/>\n<meta property=\"og:type\" content=\"article\" \/>\n<meta property=\"og:title\" content=\"Nissan X Trail #4 Grille de S\u00e9paration pour Chien et Grille de division adaptable - Guardsman\" \/>\n<meta property=\"og:description\" content=\"Vous recherchez une grille de s\u00e9paration pour chien et un s\u00e9parateur de coffre pour votre Nissan X-Trail? Ce kit de grille de s\u00e9paration pour chien Guardsman offre une barri\u00e8re robuste et s\u00e9curis\u00e9e pour les chiens et les passagers.\" \/>\n<meta property=\"og:url\" content=\"https:\/\/www.guardsmandogguards.co.uk\/fr\/produit\/nissan-x-trail-4-grille-de-separation-pour-chien-et-grille-de-division-adaptable-copy\/\" \/>\n<meta property=\"og:site_name\" content=\"Guardsman Dog Guards\" \/>\n<meta property=\"article:publisher\" content=\"https:\/\/www.facebook.com\/AthagGuardsman\" \/>\n<meta property=\"article:modified_time\" content=\"2026-03-11T16:15:55+00:00\" \/>\n<meta property=\"og:image\" content=\"https:\/\/www.guardsmandogguards.co.uk\/wp-content\/uploads\/2024\/04\/G1686B-2.jpg\" \/>\n\t<meta property=\"og:image:width\" content=\"886\" \/>\n\t<meta property=\"og:image:height\" content=\"591\" \/>\n\t<meta property=\"og:image:type\" content=\"image\/jpeg\" \/>\n<meta name=\"twitter:card\" content=\"summary_large_image\" \/>\n<meta name=\"twitter:site\" content=\"@AthagGuardsman\" \/>\n<meta name=\"twitter:label1\" content=\"Dur\u00e9e de lecture estim\u00e9e\" \/>\n\t<meta name=\"twitter:data1\" content=\"2 minutes\" \/>\n<script type=\"application\/ld+json\" class=\"yoast-schema-graph\">{\"@context\":\"https:\/\/schema.org\",\"@graph\":[{\"@type\":\"WebPage\",\"@id\":\"https:\/\/www.guardsmandogguards.co.uk\/fr\/produit\/nissan-x-trail-4-grille-de-separation-pour-chien-et-grille-de-division-adaptable-copy\/\",\"url\":\"https:\/\/www.guardsmandogguards.co.uk\/fr\/produit\/nissan-x-trail-4-grille-de-separation-pour-chien-et-grille-de-division-adaptable-copy\/\",\"name\":\"Nissan X Trail #4 Grille de S\u00e9paration pour Chien et Grille de division adaptable - Guardsman\",\"isPartOf\":{\"@id\":\"https:\/\/www.guardsmandogguards.co.uk\/#website\"},\"primaryImageOfPage\":{\"@id\":\"https:\/\/www.guardsmandogguards.co.uk\/fr\/produit\/nissan-x-trail-4-grille-de-separation-pour-chien-et-grille-de-division-adaptable-copy\/#primaryimage\"},\"image\":{\"@id\":\"https:\/\/www.guardsmandogguards.co.uk\/fr\/produit\/nissan-x-trail-4-grille-de-separation-pour-chien-et-grille-de-division-adaptable-copy\/#primaryimage\"},\"thumbnailUrl\":\"https:\/\/www.guardsmandogguards.co.uk\/wp-content\/uploads\/2024\/04\/G1686B-2.jpg\",\"datePublished\":\"2024-04-18T09:40:08+00:00\",\"dateModified\":\"2026-03-11T16:15:55+00:00\",\"description\":\"Vous recherchez une grille de s\u00e9paration pour chien et un s\u00e9parateur de coffre pour votre Nissan X-Trail? Ce kit de grille de s\u00e9paration pour chien Guardsman offre une barri\u00e8re robuste et s\u00e9curis\u00e9e pour les chiens et les passagers.\",\"breadcrumb\":{\"@id\":\"https:\/\/www.guardsmandogguards.co.uk\/fr\/produit\/nissan-x-trail-4-grille-de-separation-pour-chien-et-grille-de-division-adaptable-copy\/#breadcrumb\"},\"inLanguage\":\"fr-FR\",\"potentialAction\":[{\"@type\":\"ReadAction\",\"target\":[\"https:\/\/www.guardsmandogguards.co.uk\/fr\/produit\/nissan-x-trail-4-grille-de-separation-pour-chien-et-grille-de-division-adaptable-copy\/\"]}]},{\"@type\":\"ImageObject\",\"inLanguage\":\"fr-FR\",\"@id\":\"https:\/\/www.guardsmandogguards.co.uk\/fr\/produit\/nissan-x-trail-4-grille-de-separation-pour-chien-et-grille-de-division-adaptable-copy\/#primaryimage\",\"url\":\"https:\/\/www.guardsmandogguards.co.uk\/wp-content\/uploads\/2024\/04\/G1686B-2.jpg\",\"contentUrl\":\"https:\/\/www.guardsmandogguards.co.uk\/wp-content\/uploads\/2024\/04\/G1686B-2.jpg\",\"width\":886,\"height\":591},{\"@type\":\"BreadcrumbList\",\"@id\":\"https:\/\/www.guardsmandogguards.co.uk\/fr\/produit\/nissan-x-trail-4-grille-de-separation-pour-chien-et-grille-de-division-adaptable-copy\/#breadcrumb\",\"itemListElement\":[{\"@type\":\"ListItem\",\"position\":1,\"name\":\"Home\",\"item\":\"https:\/\/www.guardsmandogguards.co.uk\/fr\/\"},{\"@type\":\"ListItem\",\"position\":2,\"name\":\"Products\",\"item\":\"https:\/\/www.guardsmandogguards.co.uk\/shop\/\"},{\"@type\":\"ListItem\",\"position\":3,\"name\":\"NISSAN X TRAIL #4 (9\/2024 &#8211; ) Grille de S\u00e9paration pour Chien et Grille de division adaptable\"}]},{\"@type\":\"WebSite\",\"@id\":\"https:\/\/www.guardsmandogguards.co.uk\/#website\",\"url\":\"https:\/\/www.guardsmandogguards.co.uk\/\",\"name\":\"Guardsman Dog Guards\",\"description\":\"A full range of Dog Guards and Boot Dividers for all Car Brands and Models\",\"publisher\":{\"@id\":\"https:\/\/www.guardsmandogguards.co.uk\/#organization\"},\"potentialAction\":[{\"@type\":\"SearchAction\",\"target\":{\"@type\":\"EntryPoint\",\"urlTemplate\":\"https:\/\/www.guardsmandogguards.co.uk\/?s={search_term_string}\"},\"query-input\":{\"@type\":\"PropertyValueSpecification\",\"valueRequired\":true,\"valueName\":\"search_term_string\"}}],\"inLanguage\":\"fr-FR\"},{\"@type\":\"Organization\",\"@id\":\"https:\/\/www.guardsmandogguards.co.uk\/#organization\",\"name\":\"Guardsman Dog Guards\",\"url\":\"https:\/\/www.guardsmandogguards.co.uk\/\",\"logo\":{\"@type\":\"ImageObject\",\"inLanguage\":\"fr-FR\",\"@id\":\"https:\/\/www.guardsmandogguards.co.uk\/#\/schema\/logo\/image\/\",\"url\":\"https:\/\/www.guardsmandogguards.co.uk\/wp-content\/uploads\/2017\/08\/guardsman.jpg\",\"contentUrl\":\"https:\/\/www.guardsmandogguards.co.uk\/wp-content\/uploads\/2017\/08\/guardsman.jpg\",\"width\":235,\"height\":235,\"caption\":\"Guardsman Dog Guards\"},\"image\":{\"@id\":\"https:\/\/www.guardsmandogguards.co.uk\/#\/schema\/logo\/image\/\"},\"sameAs\":[\"https:\/\/www.facebook.com\/AthagGuardsman\",\"https:\/\/x.com\/AthagGuardsman\",\"https:\/\/www.linkedin.com\/in\/athag-guardsman-44a5699a\/\"]}]}<\/script>\n<!-- \/ Yoast SEO plugin. -->","yoast_head_json":{"title":"Nissan X Trail #4 Grille de S\u00e9paration pour Chien et Grille de division adaptable - Guardsman","description":"Vous recherchez une grille de s\u00e9paration pour chien et un s\u00e9parateur de coffre pour votre Nissan X-Trail? Ce kit de grille de s\u00e9paration pour chien Guardsman offre une barri\u00e8re robuste et s\u00e9curis\u00e9e pour les chiens et les passagers.","robots":{"index":"index","follow":"follow","max-snippet":"max-snippet:-1","max-image-preview":"max-image-preview:large","max-video-preview":"max-video-preview:-1"},"canonical":"https:\/\/www.guardsmandogguards.co.uk\/fr\/produit\/nissan-x-trail-4-grille-de-separation-pour-chien-et-grille-de-division-adaptable-copy\/","og_locale":"fr_FR","og_type":"article","og_title":"Nissan X Trail #4 Grille de S\u00e9paration pour Chien et Grille de division adaptable - Guardsman","og_description":"Vous recherchez une grille de s\u00e9paration pour chien et un s\u00e9parateur de coffre pour votre Nissan X-Trail? Ce kit de grille de s\u00e9paration pour chien Guardsman offre une barri\u00e8re robuste et s\u00e9curis\u00e9e pour les chiens et les passagers.","og_url":"https:\/\/www.guardsmandogguards.co.uk\/fr\/produit\/nissan-x-trail-4-grille-de-separation-pour-chien-et-grille-de-division-adaptable-copy\/","og_site_name":"Guardsman Dog Guards","article_publisher":"https:\/\/www.facebook.com\/AthagGuardsman","article_modified_time":"2026-03-11T16:15:55+00:00","og_image":[{"width":886,"height":591,"url":"https:\/\/www.guardsmandogguards.co.uk\/wp-content\/uploads\/2024\/04\/G1686B-2.jpg","type":"image\/jpeg"}],"twitter_card":"summary_large_image","twitter_site":"@AthagGuardsman","twitter_misc":{"Dur\u00e9e de lecture estim\u00e9e":"2 minutes"},"schema":{"@context":"https:\/\/schema.org","@graph":[{"@type":"WebPage","@id":"https:\/\/www.guardsmandogguards.co.uk\/fr\/produit\/nissan-x-trail-4-grille-de-separation-pour-chien-et-grille-de-division-adaptable-copy\/","url":"https:\/\/www.guardsmandogguards.co.uk\/fr\/produit\/nissan-x-trail-4-grille-de-separation-pour-chien-et-grille-de-division-adaptable-copy\/","name":"Nissan X Trail #4 Grille de S\u00e9paration pour Chien et Grille de division adaptable - Guardsman","isPartOf":{"@id":"https:\/\/www.guardsmandogguards.co.uk\/#website"},"primaryImageOfPage":{"@id":"https:\/\/www.guardsmandogguards.co.uk\/fr\/produit\/nissan-x-trail-4-grille-de-separation-pour-chien-et-grille-de-division-adaptable-copy\/#primaryimage"},"image":{"@id":"https:\/\/www.guardsmandogguards.co.uk\/fr\/produit\/nissan-x-trail-4-grille-de-separation-pour-chien-et-grille-de-division-adaptable-copy\/#primaryimage"},"thumbnailUrl":"https:\/\/www.guardsmandogguards.co.uk\/wp-content\/uploads\/2024\/04\/G1686B-2.jpg","datePublished":"2024-04-18T09:40:08+00:00","dateModified":"2026-03-11T16:15:55+00:00","description":"Vous recherchez une grille de s\u00e9paration pour chien et un s\u00e9parateur de coffre pour votre Nissan X-Trail? Ce kit de grille de s\u00e9paration pour chien Guardsman offre une barri\u00e8re robuste et s\u00e9curis\u00e9e pour les chiens et les passagers.","breadcrumb":{"@id":"https:\/\/www.guardsmandogguards.co.uk\/fr\/produit\/nissan-x-trail-4-grille-de-separation-pour-chien-et-grille-de-division-adaptable-copy\/#breadcrumb"},"inLanguage":"fr-FR","potentialAction":[{"@type":"ReadAction","target":["https:\/\/www.guardsmandogguards.co.uk\/fr\/produit\/nissan-x-trail-4-grille-de-separation-pour-chien-et-grille-de-division-adaptable-copy\/"]}]},{"@type":"ImageObject","inLanguage":"fr-FR","@id":"https:\/\/www.guardsmandogguards.co.uk\/fr\/produit\/nissan-x-trail-4-grille-de-separation-pour-chien-et-grille-de-division-adaptable-copy\/#primaryimage","url":"https:\/\/www.guardsmandogguards.co.uk\/wp-content\/uploads\/2024\/04\/G1686B-2.jpg","contentUrl":"https:\/\/www.guardsmandogguards.co.uk\/wp-content\/uploads\/2024\/04\/G1686B-2.jpg","width":886,"height":591},{"@type":"BreadcrumbList","@id":"https:\/\/www.guardsmandogguards.co.uk\/fr\/produit\/nissan-x-trail-4-grille-de-separation-pour-chien-et-grille-de-division-adaptable-copy\/#breadcrumb","itemListElement":[{"@type":"ListItem","position":1,"name":"Home","item":"https:\/\/www.guardsmandogguards.co.uk\/fr\/"},{"@type":"ListItem","position":2,"name":"Products","item":"https:\/\/www.guardsmandogguards.co.uk\/shop\/"},{"@type":"ListItem","position":3,"name":"NISSAN X TRAIL #4 (9\/2024 &#8211; ) Grille de S\u00e9paration pour Chien et Grille de division adaptable"}]},{"@type":"WebSite","@id":"https:\/\/www.guardsmandogguards.co.uk\/#website","url":"https:\/\/www.guardsmandogguards.co.uk\/","name":"Guardsman Dog Guards","description":"A full range of Dog Guards and Boot Dividers for all Car Brands and Models","publisher":{"@id":"https:\/\/www.guardsmandogguards.co.uk\/#organization"},"potentialAction":[{"@type":"SearchAction","target":{"@type":"EntryPoint","urlTemplate":"https:\/\/www.guardsmandogguards.co.uk\/?s={search_term_string}"},"query-input":{"@type":"PropertyValueSpecification","valueRequired":true,"valueName":"search_term_string"}}],"inLanguage":"fr-FR"},{"@type":"Organization","@id":"https:\/\/www.guardsmandogguards.co.uk\/#organization","name":"Guardsman Dog Guards","url":"https:\/\/www.guardsmandogguards.co.uk\/","logo":{"@type":"ImageObject","inLanguage":"fr-FR","@id":"https:\/\/www.guardsmandogguards.co.uk\/#\/schema\/logo\/image\/","url":"https:\/\/www.guardsmandogguards.co.uk\/wp-content\/uploads\/2017\/08\/guardsman.jpg","contentUrl":"https:\/\/www.guardsmandogguards.co.uk\/wp-content\/uploads\/2017\/08\/guardsman.jpg","width":235,"height":235,"caption":"Guardsman Dog Guards"},"image":{"@id":"https:\/\/www.guardsmandogguards.co.uk\/#\/schema\/logo\/image\/"},"sameAs":["https:\/\/www.facebook.com\/AthagGuardsman","https:\/\/x.com\/AthagGuardsman","https:\/\/www.linkedin.com\/in\/athag-guardsman-44a5699a\/"]}]}},"_links":{"self":[{"href":"https:\/\/www.guardsmandogguards.co.uk\/fr\/wp-json\/wp\/v2\/product\/61353","targetHints":{"allow":["GET"]}}],"collection":[{"href":"https:\/\/www.guardsmandogguards.co.uk\/fr\/wp-json\/wp\/v2\/product"}],"about":[{"href":"https:\/\/www.guardsmandogguards.co.uk\/fr\/wp-json\/wp\/v2\/types\/product"}],"wp:featuredmedia":[{"embeddable":true,"href":"https:\/\/www.guardsmandogguards.co.uk\/fr\/wp-json\/wp\/v2\/media\/61845"}],"wp:attachment":[{"href":"https:\/\/www.guardsmandogguards.co.uk\/fr\/wp-json\/wp\/v2\/media?parent=61353"}],"wp:term":[{"taxonomy":"product_brand","embeddable":true,"href":"https:\/\/www.guardsmandogguards.co.uk\/fr\/wp-json\/wp\/v2\/product_brand?post=61353"},{"taxonomy":"product_cat","embeddable":true,"href":"https:\/\/www.guardsmandogguards.co.uk\/fr\/wp-json\/wp\/v2\/product_cat?post=61353"},{"taxonomy":"product_tag","embeddable":true,"href":"https:\/\/www.guardsmandogguards.co.uk\/fr\/wp-json\/wp\/v2\/product_tag?post=61353"}],"curies":[{"name":"wp","href":"https:\/\/api.w.org\/{rel}","templated":true}]}}