{"id":51791,"date":"2023-05-11T16:32:18","date_gmt":"2023-05-11T15:32:20","guid":{"rendered":"https:\/\/www.guardsmandogguards.co.uk\/?post_type=product&#038;p=51791"},"modified":"2025-08-11T11:43:13","modified_gmt":"2025-08-11T10:43:13","slug":"id-buzz-grille-de-separation-pour-chien-a-partir-de-2022-g1651","status":"publish","type":"product","link":"https:\/\/www.guardsmandogguards.co.uk\/fr\/produit\/id-buzz-grille-de-separation-pour-chien-a-partir-de-2022-g1651\/","title":{"rendered":"ID.5 Buzz (Short Wheel Base) GRILLE DE S\u00c9PARATION POUR CHIEN &#8211; \u00c0 PARTIR DE 2022 (G1651)"},"content":{"rendered":"<p>La Grille de S\u00e9paration pour Chiens GUARDSMAN, accessoire con\u00e7ue sp\u00e9cifiquement pour la Volkswagen ID.Buzz\u00a0 (Short Wheel Base) (version 5 places) assure une barri\u00e8re solide et sur entre le coffre et le compartiment voyageurs.<\/p>\n<p>Cette grille pour chien ne s&rsquo;adapte qu&rsquo;aux v\u00e9hicules \u00e0 5 places et n\u00e9cessite que la deuxi\u00e8me rang\u00e9e de si\u00e8ges soit compl\u00e8tement gliss\u00e9e vers l&rsquo;arri\u00e8re avec les dossiers r\u00e9gl\u00e9s dans une position sp\u00e9cifique, comme indiqu\u00e9 sur les photos.<\/p>\n<ul>\n<li>Id\u00e9ale pour cr\u00e9er une barri\u00e8re entre le compartiment voyageur et les chiens<\/li>\n<li>Montage rapide sans besoin de modifier le v\u00e9hicule<\/li>\n<li>Instructions de montage et toutes fixations n\u00e9cessaires fournis<\/li>\n<li>Cadre externe de la grille fabriqu\u00e9 en tuyau de 19 mm, maille en acier 50mm- tr\u00e8s r\u00e9sistant et durable.<\/li>\n<li>Peint en rev\u00eatement de poudre noir, conforme aux normes automobiles internationaux.<\/li>\n<li>Fabriqu\u00e9 selon les m\u00eames sp\u00e9cifications que les produits fournis aux constructeurs d\u2019automobiles.<\/li>\n<li>Con\u00e7u et fabriqu\u00e9 au Royaume Uni, conforme aux normes de qualit\u00e9 internationales ISO 9001<\/li>\n<\/ul>\n","protected":false},"excerpt":{"rendered":"<p>La Grille de S\u00e9paration pour Chiens GUARDSMAN, accessoire con\u00e7ue sp\u00e9cifiquement pour la Volkswagen ID.Buzz\u00a0 (Short Wheel Base) (version 5 places) assure une barri\u00e8re solide et sur entre le coffre et le compartiment voyageurs. Cette grille pour chien ne s&rsquo;adapte qu&rsquo;aux [&hellip;]<\/p>\n","protected":false},"featured_media":52133,"template":"","meta":[],"product_brand":[],"product_cat":[1028],"product_tag":[],"class_list":{"0":"post-51791","1":"product","2":"type-product","3":"status-publish","4":"has-post-thumbnail","6":"product_cat-vw-id-buzz-5-places-a-partir-de-2023-volkswagen","7":"product_shipping_class-dog-guard-fr","9":"first","10":"instock","11":"taxable","12":"shipping-taxable","13":"purchasable","14":"product-type-simple"},"yoast_head":"<!-- This site is optimized with the Yoast SEO plugin v26.0 - https:\/\/yoast.com\/wordpress\/plugins\/seo\/ -->\n<title>VW ID.Buzz grille de separation pour chien a partir de 2023<\/title>\n<meta name=\"description\" content=\"vous cherchez un pare-chien VW ID.Buzz ? Ce garde-chien &#039;Guardsman&#039; offre une barri\u00e8re solide et s\u00e9curis\u00e9e pour les chiens et les passagers. Con\u00e7u et fabriqu\u00e9 au Royaume-Uni\" \/>\n<meta name=\"robots\" content=\"index, follow, max-snippet:-1, max-image-preview:large, max-video-preview:-1\" \/>\n<link rel=\"canonical\" href=\"https:\/\/www.guardsmandogguards.co.uk\/fr\/produit\/id-buzz-grille-de-separation-pour-chien-a-partir-de-2022-g1651\/\" \/>\n<meta property=\"og:locale\" content=\"fr_FR\" \/>\n<meta property=\"og:type\" content=\"article\" \/>\n<meta property=\"og:title\" content=\"VW ID.Buzz grille de separation pour chien a partir de 2023\" \/>\n<meta property=\"og:description\" content=\"vous cherchez un pare-chien VW ID.Buzz ? Ce garde-chien &#039;Guardsman&#039; offre une barri\u00e8re solide et s\u00e9curis\u00e9e pour les chiens et les passagers. Con\u00e7u et fabriqu\u00e9 au Royaume-Uni\" \/>\n<meta property=\"og:url\" content=\"https:\/\/www.guardsmandogguards.co.uk\/fr\/produit\/id-buzz-grille-de-separation-pour-chien-a-partir-de-2022-g1651\/\" \/>\n<meta property=\"og:site_name\" content=\"Guardsman Dog Guards\" \/>\n<meta property=\"article:publisher\" content=\"https:\/\/www.facebook.com\/AthagGuardsman\" \/>\n<meta property=\"article:modified_time\" content=\"2025-08-11T10:43:13+00:00\" \/>\n<meta property=\"og:image\" content=\"https:\/\/www.guardsmandogguards.co.uk\/wp-content\/uploads\/2023\/05\/G1651-FITTED-4.jpg\" \/>\n\t<meta property=\"og:image:width\" content=\"886\" \/>\n\t<meta property=\"og:image:height\" content=\"617\" \/>\n\t<meta property=\"og:image:type\" content=\"image\/jpeg\" \/>\n<meta name=\"twitter:card\" content=\"summary_large_image\" \/>\n<meta name=\"twitter:site\" content=\"@AthagGuardsman\" \/>\n<meta name=\"twitter:label1\" content=\"Dur\u00e9e de lecture estim\u00e9e\" \/>\n\t<meta name=\"twitter:data1\" content=\"1 minute\" \/>\n<script type=\"application\/ld+json\" class=\"yoast-schema-graph\">{\"@context\":\"https:\/\/schema.org\",\"@graph\":[{\"@type\":\"WebPage\",\"@id\":\"https:\/\/www.guardsmandogguards.co.uk\/fr\/produit\/id-buzz-grille-de-separation-pour-chien-a-partir-de-2022-g1651\/\",\"url\":\"https:\/\/www.guardsmandogguards.co.uk\/fr\/produit\/id-buzz-grille-de-separation-pour-chien-a-partir-de-2022-g1651\/\",\"name\":\"VW ID.Buzz grille de separation pour chien a partir de 2023\",\"isPartOf\":{\"@id\":\"https:\/\/www.guardsmandogguards.co.uk\/#website\"},\"primaryImageOfPage\":{\"@id\":\"https:\/\/www.guardsmandogguards.co.uk\/fr\/produit\/id-buzz-grille-de-separation-pour-chien-a-partir-de-2022-g1651\/#primaryimage\"},\"image\":{\"@id\":\"https:\/\/www.guardsmandogguards.co.uk\/fr\/produit\/id-buzz-grille-de-separation-pour-chien-a-partir-de-2022-g1651\/#primaryimage\"},\"thumbnailUrl\":\"https:\/\/www.guardsmandogguards.co.uk\/wp-content\/uploads\/2023\/05\/G1651-FITTED-4.jpg\",\"datePublished\":\"2023-05-11T15:32:20+00:00\",\"dateModified\":\"2025-08-11T10:43:13+00:00\",\"description\":\"vous cherchez un pare-chien VW ID.Buzz ? Ce garde-chien 'Guardsman' offre une barri\u00e8re solide et s\u00e9curis\u00e9e pour les chiens et les passagers. Con\u00e7u et fabriqu\u00e9 au Royaume-Uni\",\"breadcrumb\":{\"@id\":\"https:\/\/www.guardsmandogguards.co.uk\/fr\/produit\/id-buzz-grille-de-separation-pour-chien-a-partir-de-2022-g1651\/#breadcrumb\"},\"inLanguage\":\"fr-FR\",\"potentialAction\":[{\"@type\":\"ReadAction\",\"target\":[\"https:\/\/www.guardsmandogguards.co.uk\/fr\/produit\/id-buzz-grille-de-separation-pour-chien-a-partir-de-2022-g1651\/\"]}]},{\"@type\":\"ImageObject\",\"inLanguage\":\"fr-FR\",\"@id\":\"https:\/\/www.guardsmandogguards.co.uk\/fr\/produit\/id-buzz-grille-de-separation-pour-chien-a-partir-de-2022-g1651\/#primaryimage\",\"url\":\"https:\/\/www.guardsmandogguards.co.uk\/wp-content\/uploads\/2023\/05\/G1651-FITTED-4.jpg\",\"contentUrl\":\"https:\/\/www.guardsmandogguards.co.uk\/wp-content\/uploads\/2023\/05\/G1651-FITTED-4.jpg\",\"width\":886,\"height\":617},{\"@type\":\"BreadcrumbList\",\"@id\":\"https:\/\/www.guardsmandogguards.co.uk\/fr\/produit\/id-buzz-grille-de-separation-pour-chien-a-partir-de-2022-g1651\/#breadcrumb\",\"itemListElement\":[{\"@type\":\"ListItem\",\"position\":1,\"name\":\"Home\",\"item\":\"https:\/\/www.guardsmandogguards.co.uk\/fr\/\"},{\"@type\":\"ListItem\",\"position\":2,\"name\":\"Products\",\"item\":\"https:\/\/www.guardsmandogguards.co.uk\/shop\/\"},{\"@type\":\"ListItem\",\"position\":3,\"name\":\"ID.5 Buzz (Short Wheel Base) GRILLE DE S\u00c9PARATION POUR CHIEN &#8211; \u00c0 PARTIR DE 2022 (G1651)\"}]},{\"@type\":\"WebSite\",\"@id\":\"https:\/\/www.guardsmandogguards.co.uk\/#website\",\"url\":\"https:\/\/www.guardsmandogguards.co.uk\/\",\"name\":\"Guardsman Dog Guards\",\"description\":\"A full range of Dog Guards and Boot Dividers for all Car Brands and Models\",\"publisher\":{\"@id\":\"https:\/\/www.guardsmandogguards.co.uk\/#organization\"},\"potentialAction\":[{\"@type\":\"SearchAction\",\"target\":{\"@type\":\"EntryPoint\",\"urlTemplate\":\"https:\/\/www.guardsmandogguards.co.uk\/?s={search_term_string}\"},\"query-input\":{\"@type\":\"PropertyValueSpecification\",\"valueRequired\":true,\"valueName\":\"search_term_string\"}}],\"inLanguage\":\"fr-FR\"},{\"@type\":\"Organization\",\"@id\":\"https:\/\/www.guardsmandogguards.co.uk\/#organization\",\"name\":\"Guardsman Dog Guards\",\"url\":\"https:\/\/www.guardsmandogguards.co.uk\/\",\"logo\":{\"@type\":\"ImageObject\",\"inLanguage\":\"fr-FR\",\"@id\":\"https:\/\/www.guardsmandogguards.co.uk\/#\/schema\/logo\/image\/\",\"url\":\"https:\/\/www.guardsmandogguards.co.uk\/wp-content\/uploads\/2017\/08\/guardsman.jpg\",\"contentUrl\":\"https:\/\/www.guardsmandogguards.co.uk\/wp-content\/uploads\/2017\/08\/guardsman.jpg\",\"width\":235,\"height\":235,\"caption\":\"Guardsman Dog Guards\"},\"image\":{\"@id\":\"https:\/\/www.guardsmandogguards.co.uk\/#\/schema\/logo\/image\/\"},\"sameAs\":[\"https:\/\/www.facebook.com\/AthagGuardsman\",\"https:\/\/x.com\/AthagGuardsman\",\"https:\/\/www.linkedin.com\/in\/athag-guardsman-44a5699a\/\"]}]}<\/script>\n<!-- \/ Yoast SEO plugin. -->","yoast_head_json":{"title":"VW ID.Buzz grille de separation pour chien a partir de 2023","description":"vous cherchez un pare-chien VW ID.Buzz ? Ce garde-chien 'Guardsman' offre une barri\u00e8re solide et s\u00e9curis\u00e9e pour les chiens et les passagers. Con\u00e7u et fabriqu\u00e9 au Royaume-Uni","robots":{"index":"index","follow":"follow","max-snippet":"max-snippet:-1","max-image-preview":"max-image-preview:large","max-video-preview":"max-video-preview:-1"},"canonical":"https:\/\/www.guardsmandogguards.co.uk\/fr\/produit\/id-buzz-grille-de-separation-pour-chien-a-partir-de-2022-g1651\/","og_locale":"fr_FR","og_type":"article","og_title":"VW ID.Buzz grille de separation pour chien a partir de 2023","og_description":"vous cherchez un pare-chien VW ID.Buzz ? Ce garde-chien 'Guardsman' offre une barri\u00e8re solide et s\u00e9curis\u00e9e pour les chiens et les passagers. Con\u00e7u et fabriqu\u00e9 au Royaume-Uni","og_url":"https:\/\/www.guardsmandogguards.co.uk\/fr\/produit\/id-buzz-grille-de-separation-pour-chien-a-partir-de-2022-g1651\/","og_site_name":"Guardsman Dog Guards","article_publisher":"https:\/\/www.facebook.com\/AthagGuardsman","article_modified_time":"2025-08-11T10:43:13+00:00","og_image":[{"width":886,"height":617,"url":"https:\/\/www.guardsmandogguards.co.uk\/wp-content\/uploads\/2023\/05\/G1651-FITTED-4.jpg","type":"image\/jpeg"}],"twitter_card":"summary_large_image","twitter_site":"@AthagGuardsman","twitter_misc":{"Dur\u00e9e de lecture estim\u00e9e":"1 minute"},"schema":{"@context":"https:\/\/schema.org","@graph":[{"@type":"WebPage","@id":"https:\/\/www.guardsmandogguards.co.uk\/fr\/produit\/id-buzz-grille-de-separation-pour-chien-a-partir-de-2022-g1651\/","url":"https:\/\/www.guardsmandogguards.co.uk\/fr\/produit\/id-buzz-grille-de-separation-pour-chien-a-partir-de-2022-g1651\/","name":"VW ID.Buzz grille de separation pour chien a partir de 2023","isPartOf":{"@id":"https:\/\/www.guardsmandogguards.co.uk\/#website"},"primaryImageOfPage":{"@id":"https:\/\/www.guardsmandogguards.co.uk\/fr\/produit\/id-buzz-grille-de-separation-pour-chien-a-partir-de-2022-g1651\/#primaryimage"},"image":{"@id":"https:\/\/www.guardsmandogguards.co.uk\/fr\/produit\/id-buzz-grille-de-separation-pour-chien-a-partir-de-2022-g1651\/#primaryimage"},"thumbnailUrl":"https:\/\/www.guardsmandogguards.co.uk\/wp-content\/uploads\/2023\/05\/G1651-FITTED-4.jpg","datePublished":"2023-05-11T15:32:20+00:00","dateModified":"2025-08-11T10:43:13+00:00","description":"vous cherchez un pare-chien VW ID.Buzz ? Ce garde-chien 'Guardsman' offre une barri\u00e8re solide et s\u00e9curis\u00e9e pour les chiens et les passagers. Con\u00e7u et fabriqu\u00e9 au Royaume-Uni","breadcrumb":{"@id":"https:\/\/www.guardsmandogguards.co.uk\/fr\/produit\/id-buzz-grille-de-separation-pour-chien-a-partir-de-2022-g1651\/#breadcrumb"},"inLanguage":"fr-FR","potentialAction":[{"@type":"ReadAction","target":["https:\/\/www.guardsmandogguards.co.uk\/fr\/produit\/id-buzz-grille-de-separation-pour-chien-a-partir-de-2022-g1651\/"]}]},{"@type":"ImageObject","inLanguage":"fr-FR","@id":"https:\/\/www.guardsmandogguards.co.uk\/fr\/produit\/id-buzz-grille-de-separation-pour-chien-a-partir-de-2022-g1651\/#primaryimage","url":"https:\/\/www.guardsmandogguards.co.uk\/wp-content\/uploads\/2023\/05\/G1651-FITTED-4.jpg","contentUrl":"https:\/\/www.guardsmandogguards.co.uk\/wp-content\/uploads\/2023\/05\/G1651-FITTED-4.jpg","width":886,"height":617},{"@type":"BreadcrumbList","@id":"https:\/\/www.guardsmandogguards.co.uk\/fr\/produit\/id-buzz-grille-de-separation-pour-chien-a-partir-de-2022-g1651\/#breadcrumb","itemListElement":[{"@type":"ListItem","position":1,"name":"Home","item":"https:\/\/www.guardsmandogguards.co.uk\/fr\/"},{"@type":"ListItem","position":2,"name":"Products","item":"https:\/\/www.guardsmandogguards.co.uk\/shop\/"},{"@type":"ListItem","position":3,"name":"ID.5 Buzz (Short Wheel Base) GRILLE DE S\u00c9PARATION POUR CHIEN &#8211; \u00c0 PARTIR DE 2022 (G1651)"}]},{"@type":"WebSite","@id":"https:\/\/www.guardsmandogguards.co.uk\/#website","url":"https:\/\/www.guardsmandogguards.co.uk\/","name":"Guardsman Dog Guards","description":"A full range of Dog Guards and Boot Dividers for all Car Brands and Models","publisher":{"@id":"https:\/\/www.guardsmandogguards.co.uk\/#organization"},"potentialAction":[{"@type":"SearchAction","target":{"@type":"EntryPoint","urlTemplate":"https:\/\/www.guardsmandogguards.co.uk\/?s={search_term_string}"},"query-input":{"@type":"PropertyValueSpecification","valueRequired":true,"valueName":"search_term_string"}}],"inLanguage":"fr-FR"},{"@type":"Organization","@id":"https:\/\/www.guardsmandogguards.co.uk\/#organization","name":"Guardsman Dog Guards","url":"https:\/\/www.guardsmandogguards.co.uk\/","logo":{"@type":"ImageObject","inLanguage":"fr-FR","@id":"https:\/\/www.guardsmandogguards.co.uk\/#\/schema\/logo\/image\/","url":"https:\/\/www.guardsmandogguards.co.uk\/wp-content\/uploads\/2017\/08\/guardsman.jpg","contentUrl":"https:\/\/www.guardsmandogguards.co.uk\/wp-content\/uploads\/2017\/08\/guardsman.jpg","width":235,"height":235,"caption":"Guardsman Dog Guards"},"image":{"@id":"https:\/\/www.guardsmandogguards.co.uk\/#\/schema\/logo\/image\/"},"sameAs":["https:\/\/www.facebook.com\/AthagGuardsman","https:\/\/x.com\/AthagGuardsman","https:\/\/www.linkedin.com\/in\/athag-guardsman-44a5699a\/"]}]}},"_links":{"self":[{"href":"https:\/\/www.guardsmandogguards.co.uk\/fr\/wp-json\/wp\/v2\/product\/51791","targetHints":{"allow":["GET"]}}],"collection":[{"href":"https:\/\/www.guardsmandogguards.co.uk\/fr\/wp-json\/wp\/v2\/product"}],"about":[{"href":"https:\/\/www.guardsmandogguards.co.uk\/fr\/wp-json\/wp\/v2\/types\/product"}],"wp:featuredmedia":[{"embeddable":true,"href":"https:\/\/www.guardsmandogguards.co.uk\/fr\/wp-json\/wp\/v2\/media\/52133"}],"wp:attachment":[{"href":"https:\/\/www.guardsmandogguards.co.uk\/fr\/wp-json\/wp\/v2\/media?parent=51791"}],"wp:term":[{"taxonomy":"product_brand","embeddable":true,"href":"https:\/\/www.guardsmandogguards.co.uk\/fr\/wp-json\/wp\/v2\/product_brand?post=51791"},{"taxonomy":"product_cat","embeddable":true,"href":"https:\/\/www.guardsmandogguards.co.uk\/fr\/wp-json\/wp\/v2\/product_cat?post=51791"},{"taxonomy":"product_tag","embeddable":true,"href":"https:\/\/www.guardsmandogguards.co.uk\/fr\/wp-json\/wp\/v2\/product_tag?post=51791"}],"curies":[{"name":"wp","href":"https:\/\/api.w.org\/{rel}","templated":true}]}}