{"id":50622,"date":"2023-03-30T21:31:38","date_gmt":"2023-03-30T20:31:39","guid":{"rendered":"https:\/\/www.guardsmandogguards.co.uk\/?post_type=product&#038;p=50622"},"modified":"2024-01-28T19:05:02","modified_gmt":"2024-01-28T19:05:02","slug":"mercedes-c-class-estate-5-2022-grille-de-separation-pour-chien-et-grille-de-division-adaptable","status":"publish","type":"product","link":"https:\/\/www.guardsmandogguards.co.uk\/fr\/produit\/mercedes-c-class-estate-5-2022-grille-de-separation-pour-chien-et-grille-de-division-adaptable\/","title":{"rendered":"MERCEDES C CLASS ESTATE #5 (2022~) Grille de S\u00e9paration pour Chien et Grille de division adaptable"},"content":{"rendered":"<p><span style=\"font-weight: 400;\">Notre ensemble de Grille de S\u00e9paration pour chiens et de Grille de Division Adaptable Mercedes C class Estate #5 (2022~)<\/span><span style=\"font-weight: 400;\">\u00a0comprend un pare-chien sp\u00e9cifique au v\u00e9hicule qui offre une barri\u00e8re de s\u00e9curit\u00e9 entre le coffre et l&rsquo;habitacle, ainsi qu&rsquo;un s\u00e9parateur de coffre variable qui permet de divis\u00e9 en deux compartiments<\/span><\/p>\n<p>Selon les sp\u00e9cifications de votre voiture, il existe diff\u00e9rents niveaux de hauteur auxquels votre plancher de coffre peut \u00eatre r\u00e9gl\u00e9. Nous devons faire en sorte que le s\u00e9parateur de coffre soit \u00e0 la bonne hauteur pour s&rsquo;adapter \u00e0 votre voiture, c&rsquo;est donc l\u00e0 que nous avons besoin de votre aide.<\/p>\n<p>Jetez un \u0153il \u00e0 ce clip youtube qui montre la bonne fa\u00e7on de mesurer la hauteur de votre botte, cela nous permettra de faire votre commande \u00e0 la bonne taille.<\/p>\n<p><iframe loading=\"lazy\" title=\"How to correctly measure for your Guardsman Boot Divider\" width=\"500\" height=\"281\" src=\"https:\/\/www.youtube.com\/embed\/N55z-8rOCfo?feature=oembed\" frameborder=\"0\" allow=\"accelerometer; autoplay; clipboard-write; encrypted-media; gyroscope; picture-in-picture; web-share\" referrerpolicy=\"strict-origin-when-cross-origin\" allowfullscreen><\/iframe><\/p>\n<p>&nbsp;<\/p>\n<p>Veuillez vous assurer d&rsquo;entrer la mesure sur le formulaire de commande en ligne lorsque vous le soumettez. Nous vous r\u00e9pondrons si nous avons d&rsquo;autres questions.<\/p>\n<ul>\n<li style=\"font-weight: 400;\"><span style=\"font-weight: 400;\">Id\u00e9ale pour la s\u00e9paration de deux chiens, ou pour s\u00e9parer les bagages du chien\u00a0<\/span><\/li>\n<li style=\"font-weight: 400;\"><span style=\"font-weight: 400;\">Montage rapide sans besoin de modifier le v\u00e9hicule<\/span><\/li>\n<li style=\"font-weight: 400;\"><span style=\"font-weight: 400;\">Instructions de montage et toutes fixations n\u00e9cessaires fournis\u00a0<\/span><\/li>\n<li style=\"font-weight: 400;\"><span style=\"font-weight: 400;\">Cadre externe de la grille fabriqu\u00e9 en tuyau de 19 mm, maille en acier 50mm- tr\u00e8s r\u00e9sistant et durable.<\/span><\/li>\n<li style=\"font-weight: 400;\"><span style=\"font-weight: 400;\">Peint en rev\u00eatement de poudre noir, conforme aux normes automobiles internationaux.<\/span><\/li>\n<li style=\"font-weight: 400;\"><span style=\"font-weight: 400;\">Fabriqu\u00e9 selon les m\u00eames sp\u00e9cifications que les produits fournis aux constructeurs d\u2019automobiles.<\/span><\/li>\n<li style=\"font-weight: 400;\"><span style=\"font-weight: 400;\">Conforme aux normes de qualit\u00e9 internationales ISO 9001<\/span><\/li>\n<\/ul>\n","protected":false},"excerpt":{"rendered":"<p>Notre ensemble de Grille de S\u00e9paration pour chiens et de Grille de Division Adaptable Mercedes C class Estate #5 (2022~)\u00a0comprend un pare-chien sp\u00e9cifique au v\u00e9hicule qui offre une barri\u00e8re de s\u00e9curit\u00e9 entre le coffre et l&rsquo;habitacle, ainsi qu&rsquo;un s\u00e9parateur de [&hellip;]<\/p>\n","protected":false},"featured_media":51241,"template":"","meta":[],"product_brand":[],"product_cat":[1013],"product_tag":[],"class_list":{"0":"post-50622","1":"product","2":"type-product","3":"status-publish","4":"has-post-thumbnail","6":"product_cat-mercedes-classe-c-modele-t-combi-type-s205","7":"product_shipping_class-bundle-fr","9":"first","10":"instock","11":"taxable","12":"shipping-taxable","13":"purchasable","14":"product-type-simple"},"yoast_head":"<!-- This site is optimized with the Yoast SEO plugin v26.0 - https:\/\/yoast.com\/wordpress\/plugins\/seo\/ -->\n<title>Mercedes C Class Estate (\u00e0 partir de 2022) Grille de S\u00e9paration pour Chien et Grille de division adaptable - Guardsman<\/title>\n<meta name=\"description\" content=\"Vous recherchez un diviseur de garde ou de garde pour Mercedes C Class Estate (\u00e0 partir de 2014)? Ce diviseur de bottes construit au Royaume-Uni constitue une barri\u00e8re solide et s\u00e9curis\u00e9e pour le chien et les passagers.\" \/>\n<meta name=\"robots\" content=\"index, follow, max-snippet:-1, max-image-preview:large, max-video-preview:-1\" \/>\n<link rel=\"canonical\" href=\"https:\/\/www.guardsmandogguards.co.uk\/fr\/produit\/mercedes-c-class-estate-5-2022-grille-de-separation-pour-chien-et-grille-de-division-adaptable\/\" \/>\n<meta property=\"og:locale\" content=\"fr_FR\" \/>\n<meta property=\"og:type\" content=\"article\" \/>\n<meta property=\"og:title\" content=\"Mercedes C Class Estate (\u00e0 partir de 2022) Grille de S\u00e9paration pour Chien et Grille de division adaptable - Guardsman\" \/>\n<meta property=\"og:description\" content=\"Vous recherchez un diviseur de garde ou de garde pour Mercedes C Class Estate (\u00e0 partir de 2014)? Ce diviseur de bottes construit au Royaume-Uni constitue une barri\u00e8re solide et s\u00e9curis\u00e9e pour le chien et les passagers.\" \/>\n<meta property=\"og:url\" content=\"https:\/\/www.guardsmandogguards.co.uk\/fr\/produit\/mercedes-c-class-estate-5-2022-grille-de-separation-pour-chien-et-grille-de-division-adaptable\/\" \/>\n<meta property=\"og:site_name\" content=\"Guardsman Dog Guards\" \/>\n<meta property=\"article:publisher\" content=\"https:\/\/www.facebook.com\/AthagGuardsman\" \/>\n<meta property=\"article:modified_time\" content=\"2024-01-28T19:05:02+00:00\" \/>\n<meta property=\"og:image\" content=\"https:\/\/www.guardsmandogguards.co.uk\/wp-content\/uploads\/2023\/03\/G1648b-3.jpg\" \/>\n\t<meta property=\"og:image:width\" content=\"886\" \/>\n\t<meta property=\"og:image:height\" content=\"591\" \/>\n\t<meta property=\"og:image:type\" content=\"image\/jpeg\" \/>\n<meta name=\"twitter:card\" content=\"summary_large_image\" \/>\n<meta name=\"twitter:site\" content=\"@AthagGuardsman\" \/>\n<meta name=\"twitter:label1\" content=\"Dur\u00e9e de lecture estim\u00e9e\" \/>\n\t<meta name=\"twitter:data1\" content=\"1 minute\" \/>\n<script type=\"application\/ld+json\" class=\"yoast-schema-graph\">{\"@context\":\"https:\/\/schema.org\",\"@graph\":[{\"@type\":\"WebPage\",\"@id\":\"https:\/\/www.guardsmandogguards.co.uk\/fr\/produit\/mercedes-c-class-estate-5-2022-grille-de-separation-pour-chien-et-grille-de-division-adaptable\/\",\"url\":\"https:\/\/www.guardsmandogguards.co.uk\/fr\/produit\/mercedes-c-class-estate-5-2022-grille-de-separation-pour-chien-et-grille-de-division-adaptable\/\",\"name\":\"Mercedes C Class Estate (\u00e0 partir de 2022) Grille de S\u00e9paration pour Chien et Grille de division adaptable - Guardsman\",\"isPartOf\":{\"@id\":\"https:\/\/www.guardsmandogguards.co.uk\/#website\"},\"primaryImageOfPage\":{\"@id\":\"https:\/\/www.guardsmandogguards.co.uk\/fr\/produit\/mercedes-c-class-estate-5-2022-grille-de-separation-pour-chien-et-grille-de-division-adaptable\/#primaryimage\"},\"image\":{\"@id\":\"https:\/\/www.guardsmandogguards.co.uk\/fr\/produit\/mercedes-c-class-estate-5-2022-grille-de-separation-pour-chien-et-grille-de-division-adaptable\/#primaryimage\"},\"thumbnailUrl\":\"https:\/\/www.guardsmandogguards.co.uk\/wp-content\/uploads\/2023\/03\/G1648b-3.jpg\",\"datePublished\":\"2023-03-30T20:31:39+00:00\",\"dateModified\":\"2024-01-28T19:05:02+00:00\",\"description\":\"Vous recherchez un diviseur de garde ou de garde pour Mercedes C Class Estate (\u00e0 partir de 2014)? Ce diviseur de bottes construit au Royaume-Uni constitue une barri\u00e8re solide et s\u00e9curis\u00e9e pour le chien et les passagers.\",\"breadcrumb\":{\"@id\":\"https:\/\/www.guardsmandogguards.co.uk\/fr\/produit\/mercedes-c-class-estate-5-2022-grille-de-separation-pour-chien-et-grille-de-division-adaptable\/#breadcrumb\"},\"inLanguage\":\"fr-FR\",\"potentialAction\":[{\"@type\":\"ReadAction\",\"target\":[\"https:\/\/www.guardsmandogguards.co.uk\/fr\/produit\/mercedes-c-class-estate-5-2022-grille-de-separation-pour-chien-et-grille-de-division-adaptable\/\"]}]},{\"@type\":\"ImageObject\",\"inLanguage\":\"fr-FR\",\"@id\":\"https:\/\/www.guardsmandogguards.co.uk\/fr\/produit\/mercedes-c-class-estate-5-2022-grille-de-separation-pour-chien-et-grille-de-division-adaptable\/#primaryimage\",\"url\":\"https:\/\/www.guardsmandogguards.co.uk\/wp-content\/uploads\/2023\/03\/G1648b-3.jpg\",\"contentUrl\":\"https:\/\/www.guardsmandogguards.co.uk\/wp-content\/uploads\/2023\/03\/G1648b-3.jpg\",\"width\":886,\"height\":591},{\"@type\":\"BreadcrumbList\",\"@id\":\"https:\/\/www.guardsmandogguards.co.uk\/fr\/produit\/mercedes-c-class-estate-5-2022-grille-de-separation-pour-chien-et-grille-de-division-adaptable\/#breadcrumb\",\"itemListElement\":[{\"@type\":\"ListItem\",\"position\":1,\"name\":\"Home\",\"item\":\"https:\/\/www.guardsmandogguards.co.uk\/fr\/\"},{\"@type\":\"ListItem\",\"position\":2,\"name\":\"Products\",\"item\":\"https:\/\/www.guardsmandogguards.co.uk\/shop\/\"},{\"@type\":\"ListItem\",\"position\":3,\"name\":\"MERCEDES C CLASS ESTATE #5 (2022~) Grille de S\u00e9paration pour Chien et Grille de division adaptable\"}]},{\"@type\":\"WebSite\",\"@id\":\"https:\/\/www.guardsmandogguards.co.uk\/#website\",\"url\":\"https:\/\/www.guardsmandogguards.co.uk\/\",\"name\":\"Guardsman Dog Guards\",\"description\":\"A full range of Dog Guards and Boot Dividers for all Car Brands and Models\",\"publisher\":{\"@id\":\"https:\/\/www.guardsmandogguards.co.uk\/#organization\"},\"potentialAction\":[{\"@type\":\"SearchAction\",\"target\":{\"@type\":\"EntryPoint\",\"urlTemplate\":\"https:\/\/www.guardsmandogguards.co.uk\/?s={search_term_string}\"},\"query-input\":{\"@type\":\"PropertyValueSpecification\",\"valueRequired\":true,\"valueName\":\"search_term_string\"}}],\"inLanguage\":\"fr-FR\"},{\"@type\":\"Organization\",\"@id\":\"https:\/\/www.guardsmandogguards.co.uk\/#organization\",\"name\":\"Guardsman Dog Guards\",\"url\":\"https:\/\/www.guardsmandogguards.co.uk\/\",\"logo\":{\"@type\":\"ImageObject\",\"inLanguage\":\"fr-FR\",\"@id\":\"https:\/\/www.guardsmandogguards.co.uk\/#\/schema\/logo\/image\/\",\"url\":\"https:\/\/www.guardsmandogguards.co.uk\/wp-content\/uploads\/2017\/08\/guardsman.jpg\",\"contentUrl\":\"https:\/\/www.guardsmandogguards.co.uk\/wp-content\/uploads\/2017\/08\/guardsman.jpg\",\"width\":235,\"height\":235,\"caption\":\"Guardsman Dog Guards\"},\"image\":{\"@id\":\"https:\/\/www.guardsmandogguards.co.uk\/#\/schema\/logo\/image\/\"},\"sameAs\":[\"https:\/\/www.facebook.com\/AthagGuardsman\",\"https:\/\/x.com\/AthagGuardsman\",\"https:\/\/www.linkedin.com\/in\/athag-guardsman-44a5699a\/\"]}]}<\/script>\n<!-- \/ Yoast SEO plugin. -->","yoast_head_json":{"title":"Mercedes C Class Estate (\u00e0 partir de 2022) Grille de S\u00e9paration pour Chien et Grille de division adaptable - Guardsman","description":"Vous recherchez un diviseur de garde ou de garde pour Mercedes C Class Estate (\u00e0 partir de 2014)? Ce diviseur de bottes construit au Royaume-Uni constitue une barri\u00e8re solide et s\u00e9curis\u00e9e pour le chien et les passagers.","robots":{"index":"index","follow":"follow","max-snippet":"max-snippet:-1","max-image-preview":"max-image-preview:large","max-video-preview":"max-video-preview:-1"},"canonical":"https:\/\/www.guardsmandogguards.co.uk\/fr\/produit\/mercedes-c-class-estate-5-2022-grille-de-separation-pour-chien-et-grille-de-division-adaptable\/","og_locale":"fr_FR","og_type":"article","og_title":"Mercedes C Class Estate (\u00e0 partir de 2022) Grille de S\u00e9paration pour Chien et Grille de division adaptable - Guardsman","og_description":"Vous recherchez un diviseur de garde ou de garde pour Mercedes C Class Estate (\u00e0 partir de 2014)? Ce diviseur de bottes construit au Royaume-Uni constitue une barri\u00e8re solide et s\u00e9curis\u00e9e pour le chien et les passagers.","og_url":"https:\/\/www.guardsmandogguards.co.uk\/fr\/produit\/mercedes-c-class-estate-5-2022-grille-de-separation-pour-chien-et-grille-de-division-adaptable\/","og_site_name":"Guardsman Dog Guards","article_publisher":"https:\/\/www.facebook.com\/AthagGuardsman","article_modified_time":"2024-01-28T19:05:02+00:00","og_image":[{"width":886,"height":591,"url":"https:\/\/www.guardsmandogguards.co.uk\/wp-content\/uploads\/2023\/03\/G1648b-3.jpg","type":"image\/jpeg"}],"twitter_card":"summary_large_image","twitter_site":"@AthagGuardsman","twitter_misc":{"Dur\u00e9e de lecture estim\u00e9e":"1 minute"},"schema":{"@context":"https:\/\/schema.org","@graph":[{"@type":"WebPage","@id":"https:\/\/www.guardsmandogguards.co.uk\/fr\/produit\/mercedes-c-class-estate-5-2022-grille-de-separation-pour-chien-et-grille-de-division-adaptable\/","url":"https:\/\/www.guardsmandogguards.co.uk\/fr\/produit\/mercedes-c-class-estate-5-2022-grille-de-separation-pour-chien-et-grille-de-division-adaptable\/","name":"Mercedes C Class Estate (\u00e0 partir de 2022) Grille de S\u00e9paration pour Chien et Grille de division adaptable - Guardsman","isPartOf":{"@id":"https:\/\/www.guardsmandogguards.co.uk\/#website"},"primaryImageOfPage":{"@id":"https:\/\/www.guardsmandogguards.co.uk\/fr\/produit\/mercedes-c-class-estate-5-2022-grille-de-separation-pour-chien-et-grille-de-division-adaptable\/#primaryimage"},"image":{"@id":"https:\/\/www.guardsmandogguards.co.uk\/fr\/produit\/mercedes-c-class-estate-5-2022-grille-de-separation-pour-chien-et-grille-de-division-adaptable\/#primaryimage"},"thumbnailUrl":"https:\/\/www.guardsmandogguards.co.uk\/wp-content\/uploads\/2023\/03\/G1648b-3.jpg","datePublished":"2023-03-30T20:31:39+00:00","dateModified":"2024-01-28T19:05:02+00:00","description":"Vous recherchez un diviseur de garde ou de garde pour Mercedes C Class Estate (\u00e0 partir de 2014)? Ce diviseur de bottes construit au Royaume-Uni constitue une barri\u00e8re solide et s\u00e9curis\u00e9e pour le chien et les passagers.","breadcrumb":{"@id":"https:\/\/www.guardsmandogguards.co.uk\/fr\/produit\/mercedes-c-class-estate-5-2022-grille-de-separation-pour-chien-et-grille-de-division-adaptable\/#breadcrumb"},"inLanguage":"fr-FR","potentialAction":[{"@type":"ReadAction","target":["https:\/\/www.guardsmandogguards.co.uk\/fr\/produit\/mercedes-c-class-estate-5-2022-grille-de-separation-pour-chien-et-grille-de-division-adaptable\/"]}]},{"@type":"ImageObject","inLanguage":"fr-FR","@id":"https:\/\/www.guardsmandogguards.co.uk\/fr\/produit\/mercedes-c-class-estate-5-2022-grille-de-separation-pour-chien-et-grille-de-division-adaptable\/#primaryimage","url":"https:\/\/www.guardsmandogguards.co.uk\/wp-content\/uploads\/2023\/03\/G1648b-3.jpg","contentUrl":"https:\/\/www.guardsmandogguards.co.uk\/wp-content\/uploads\/2023\/03\/G1648b-3.jpg","width":886,"height":591},{"@type":"BreadcrumbList","@id":"https:\/\/www.guardsmandogguards.co.uk\/fr\/produit\/mercedes-c-class-estate-5-2022-grille-de-separation-pour-chien-et-grille-de-division-adaptable\/#breadcrumb","itemListElement":[{"@type":"ListItem","position":1,"name":"Home","item":"https:\/\/www.guardsmandogguards.co.uk\/fr\/"},{"@type":"ListItem","position":2,"name":"Products","item":"https:\/\/www.guardsmandogguards.co.uk\/shop\/"},{"@type":"ListItem","position":3,"name":"MERCEDES C CLASS ESTATE #5 (2022~) Grille de S\u00e9paration pour Chien et Grille de division adaptable"}]},{"@type":"WebSite","@id":"https:\/\/www.guardsmandogguards.co.uk\/#website","url":"https:\/\/www.guardsmandogguards.co.uk\/","name":"Guardsman Dog Guards","description":"A full range of Dog Guards and Boot Dividers for all Car Brands and Models","publisher":{"@id":"https:\/\/www.guardsmandogguards.co.uk\/#organization"},"potentialAction":[{"@type":"SearchAction","target":{"@type":"EntryPoint","urlTemplate":"https:\/\/www.guardsmandogguards.co.uk\/?s={search_term_string}"},"query-input":{"@type":"PropertyValueSpecification","valueRequired":true,"valueName":"search_term_string"}}],"inLanguage":"fr-FR"},{"@type":"Organization","@id":"https:\/\/www.guardsmandogguards.co.uk\/#organization","name":"Guardsman Dog Guards","url":"https:\/\/www.guardsmandogguards.co.uk\/","logo":{"@type":"ImageObject","inLanguage":"fr-FR","@id":"https:\/\/www.guardsmandogguards.co.uk\/#\/schema\/logo\/image\/","url":"https:\/\/www.guardsmandogguards.co.uk\/wp-content\/uploads\/2017\/08\/guardsman.jpg","contentUrl":"https:\/\/www.guardsmandogguards.co.uk\/wp-content\/uploads\/2017\/08\/guardsman.jpg","width":235,"height":235,"caption":"Guardsman Dog Guards"},"image":{"@id":"https:\/\/www.guardsmandogguards.co.uk\/#\/schema\/logo\/image\/"},"sameAs":["https:\/\/www.facebook.com\/AthagGuardsman","https:\/\/x.com\/AthagGuardsman","https:\/\/www.linkedin.com\/in\/athag-guardsman-44a5699a\/"]}]}},"_links":{"self":[{"href":"https:\/\/www.guardsmandogguards.co.uk\/fr\/wp-json\/wp\/v2\/product\/50622","targetHints":{"allow":["GET"]}}],"collection":[{"href":"https:\/\/www.guardsmandogguards.co.uk\/fr\/wp-json\/wp\/v2\/product"}],"about":[{"href":"https:\/\/www.guardsmandogguards.co.uk\/fr\/wp-json\/wp\/v2\/types\/product"}],"wp:featuredmedia":[{"embeddable":true,"href":"https:\/\/www.guardsmandogguards.co.uk\/fr\/wp-json\/wp\/v2\/media\/51241"}],"wp:attachment":[{"href":"https:\/\/www.guardsmandogguards.co.uk\/fr\/wp-json\/wp\/v2\/media?parent=50622"}],"wp:term":[{"taxonomy":"product_brand","embeddable":true,"href":"https:\/\/www.guardsmandogguards.co.uk\/fr\/wp-json\/wp\/v2\/product_brand?post=50622"},{"taxonomy":"product_cat","embeddable":true,"href":"https:\/\/www.guardsmandogguards.co.uk\/fr\/wp-json\/wp\/v2\/product_cat?post=50622"},{"taxonomy":"product_tag","embeddable":true,"href":"https:\/\/www.guardsmandogguards.co.uk\/fr\/wp-json\/wp\/v2\/product_tag?post=50622"}],"curies":[{"name":"wp","href":"https:\/\/api.w.org\/{rel}","templated":true}]}}