{"id":49662,"date":"2023-02-28T14:51:30","date_gmt":"2023-02-28T14:51:31","guid":{"rendered":"https:\/\/www.guardsmandogguards.co.uk\/?post_type=product&#038;p=49662"},"modified":"2023-12-06T11:26:58","modified_gmt":"2023-12-06T11:26:58","slug":"bmw-x1-ix1-2022-grille-de-separation-pour-chien-g1643-2","status":"publish","type":"product","link":"https:\/\/www.guardsmandogguards.co.uk\/fr\/produit\/bmw-x1-ix1-2022-grille-de-separation-pour-chien-g1643-2\/","title":{"rendered":"BMW X1 #3 \/ iX1 (2022 ~) Grille de S\u00e9paration pour Chien (G1643)"},"content":{"rendered":"<p>Nous pouvons fournir une grille de protection pour chien et un ensemble de s\u00e9paration de coffre.<br \/>\nCes pi\u00e8ces sont con\u00e7ues sp\u00e9cifiquement pour votre voiture.<br \/>\nIls offriront un environnement de voyage s\u00fbr et s\u00e9curis\u00e9 \u00e0 vos chiens et \u00e0 vos passagers.<br \/>\nLes s\u00e9parateurs de coffre peuvent \u00eatre d\u00e9plac\u00e9s pour donner diff\u00e9rentes tailles de compartiment<\/p>\n<p>Notre ensemble de Grille de S\u00e9paration pour Chiens et de Grille de Division Adaptable pour la BMW X1 and iX1 comprend un pare-chien sp\u00e9cifique au v\u00e9hicule qui offre une barri\u00e8re de s\u00e9curit\u00e9 entre le coffre et l\u2019habitacle, ainsi qu\u2019un s\u00e9parateur de coffre variable qui permet de divis\u00e9 en deux compartiments.<\/p>\n<p><strong>Veuillez noter que ce pare-chien et s\u00e9parateur de coffre n\u00e9cessitent que les dossiers des si\u00e8ges arri\u00e8re soient r\u00e9gl\u00e9s dans une position sp\u00e9cifique pour qu&rsquo;ils s&rsquo;adaptent correctement. Celui-ci est enti\u00e8rement gliss\u00e9 et inclin\u00e9. Non seulement nous pensons qu\u2019il s\u2019agit de la position assise la plus confortable, mais elle comble \u00e9galement les espaces vides. Veuillez cliquer sur \u00ab\u00a0Afficher le guide d&rsquo;ajustement\u00a0\u00bb pour plus d&rsquo;informations.<\/strong><\/p>\n<p><strong>Si le plancher de votre coffre est r\u00e9gl\u00e9 \u00e0 une hauteur diff\u00e9rente de celle indiqu\u00e9e sur les photos, veuillez nous en informer lors de votre commande et nous vous contacterons pour nous assurer que vous obtenez la bonne pi\u00e8ce.<\/strong><\/p>\n<ul>\n<li>Id\u00e9al pour s\u00e9parer les chiens de l&rsquo;habitacle.<br \/>\nMontage facile sans modification du v\u00e9hicule requise.<\/li>\n<li>Fourni avec toutes les fixations et les instructions de montage.<\/li>\n<li>Cadre ext\u00e9rieur en acier robuste de 19 mm de diam\u00e8tre avec maille en acier de 50 mm.<\/li>\n<li>Rev\u00eatement en poudre noir selon les normes automobiles internationales.<\/li>\n<li>Fabriqu\u00e9 selon les m\u00eames sp\u00e9cifications que les produits que nous fournissons aux constructeurs automobiles.<\/li>\n<li>Con\u00e7u et fabriqu\u00e9 au Royaume-Uni par une entreprise accr\u00e9dit\u00e9e par la norme de qualit\u00e9 mondialement reconnue ISO : 9001.<\/li>\n<\/ul>\n","protected":false},"excerpt":{"rendered":"<p>Nous pouvons fournir une grille de protection pour chien et un ensemble de s\u00e9paration de coffre. Ces pi\u00e8ces sont con\u00e7ues sp\u00e9cifiquement pour votre voiture. Ils offriront un environnement de voyage s\u00fbr et s\u00e9curis\u00e9 \u00e0 vos chiens et \u00e0 vos passagers. [&hellip;]<\/p>\n","protected":false},"featured_media":49665,"template":"","meta":[],"product_brand":[],"product_cat":[1009],"product_tag":[],"class_list":{"0":"post-49662","1":"product","2":"type-product","3":"status-publish","4":"has-post-thumbnail","6":"product_cat-bmw-x1-ix1-u11-a-partir-de-2022-bmw","7":"product_shipping_class-bundle-fr","9":"first","10":"instock","11":"taxable","12":"shipping-taxable","13":"purchasable","14":"product-type-simple"},"yoast_head":"<!-- This site is optimized with the Yoast SEO plugin v26.0 - https:\/\/yoast.com\/wordpress\/plugins\/seo\/ -->\n<title>BMW X1 \/ iX1 Grille de S\u00e9paration pour Chien - Guardsman<\/title>\n<meta name=\"description\" content=\"Vous recherchez un diviseur de garde ou de garde pour BMW X1\/ iX1? Ce diviseur de bottes construit au Royaume-Uni constitue une barri\u00e8re solide et s\u00e9curis\u00e9e pour le chien et les passagers.\" \/>\n<meta name=\"robots\" content=\"index, follow, max-snippet:-1, max-image-preview:large, max-video-preview:-1\" \/>\n<link rel=\"canonical\" href=\"https:\/\/www.guardsmandogguards.co.uk\/fr\/produit\/bmw-x1-ix1-2022-grille-de-separation-pour-chien-g1643-2\/\" \/>\n<meta property=\"og:locale\" content=\"fr_FR\" \/>\n<meta property=\"og:type\" content=\"article\" \/>\n<meta property=\"og:title\" content=\"BMW X1 \/ iX1 Grille de S\u00e9paration pour Chien - Guardsman\" \/>\n<meta property=\"og:description\" content=\"Vous recherchez un diviseur de garde ou de garde pour BMW X1\/ iX1? Ce diviseur de bottes construit au Royaume-Uni constitue une barri\u00e8re solide et s\u00e9curis\u00e9e pour le chien et les passagers.\" \/>\n<meta property=\"og:url\" content=\"https:\/\/www.guardsmandogguards.co.uk\/fr\/produit\/bmw-x1-ix1-2022-grille-de-separation-pour-chien-g1643-2\/\" \/>\n<meta property=\"og:site_name\" content=\"Guardsman Dog Guards\" \/>\n<meta property=\"article:publisher\" content=\"https:\/\/www.facebook.com\/AthagGuardsman\" \/>\n<meta property=\"article:modified_time\" content=\"2023-12-06T11:26:58+00:00\" \/>\n<meta property=\"og:image\" content=\"https:\/\/www.guardsmandogguards.co.uk\/wp-content\/uploads\/2023\/02\/G1643B.jpg\" \/>\n\t<meta property=\"og:image:width\" content=\"886\" \/>\n\t<meta property=\"og:image:height\" content=\"591\" \/>\n\t<meta property=\"og:image:type\" content=\"image\/jpeg\" \/>\n<meta name=\"twitter:card\" content=\"summary_large_image\" \/>\n<meta name=\"twitter:site\" content=\"@AthagGuardsman\" \/>\n<meta name=\"twitter:label1\" content=\"Dur\u00e9e de lecture estim\u00e9e\" \/>\n\t<meta name=\"twitter:data1\" content=\"1 minute\" \/>\n<script type=\"application\/ld+json\" class=\"yoast-schema-graph\">{\"@context\":\"https:\/\/schema.org\",\"@graph\":[{\"@type\":\"WebPage\",\"@id\":\"https:\/\/www.guardsmandogguards.co.uk\/fr\/produit\/bmw-x1-ix1-2022-grille-de-separation-pour-chien-g1643-2\/\",\"url\":\"https:\/\/www.guardsmandogguards.co.uk\/fr\/produit\/bmw-x1-ix1-2022-grille-de-separation-pour-chien-g1643-2\/\",\"name\":\"BMW X1 \/ iX1 Grille de S\u00e9paration pour Chien - Guardsman\",\"isPartOf\":{\"@id\":\"https:\/\/www.guardsmandogguards.co.uk\/#website\"},\"primaryImageOfPage\":{\"@id\":\"https:\/\/www.guardsmandogguards.co.uk\/fr\/produit\/bmw-x1-ix1-2022-grille-de-separation-pour-chien-g1643-2\/#primaryimage\"},\"image\":{\"@id\":\"https:\/\/www.guardsmandogguards.co.uk\/fr\/produit\/bmw-x1-ix1-2022-grille-de-separation-pour-chien-g1643-2\/#primaryimage\"},\"thumbnailUrl\":\"https:\/\/www.guardsmandogguards.co.uk\/wp-content\/uploads\/2023\/02\/G1643B.jpg\",\"datePublished\":\"2023-02-28T14:51:31+00:00\",\"dateModified\":\"2023-12-06T11:26:58+00:00\",\"description\":\"Vous recherchez un diviseur de garde ou de garde pour BMW X1\/ iX1? Ce diviseur de bottes construit au Royaume-Uni constitue une barri\u00e8re solide et s\u00e9curis\u00e9e pour le chien et les passagers.\",\"breadcrumb\":{\"@id\":\"https:\/\/www.guardsmandogguards.co.uk\/fr\/produit\/bmw-x1-ix1-2022-grille-de-separation-pour-chien-g1643-2\/#breadcrumb\"},\"inLanguage\":\"fr-FR\",\"potentialAction\":[{\"@type\":\"ReadAction\",\"target\":[\"https:\/\/www.guardsmandogguards.co.uk\/fr\/produit\/bmw-x1-ix1-2022-grille-de-separation-pour-chien-g1643-2\/\"]}]},{\"@type\":\"ImageObject\",\"inLanguage\":\"fr-FR\",\"@id\":\"https:\/\/www.guardsmandogguards.co.uk\/fr\/produit\/bmw-x1-ix1-2022-grille-de-separation-pour-chien-g1643-2\/#primaryimage\",\"url\":\"https:\/\/www.guardsmandogguards.co.uk\/wp-content\/uploads\/2023\/02\/G1643B.jpg\",\"contentUrl\":\"https:\/\/www.guardsmandogguards.co.uk\/wp-content\/uploads\/2023\/02\/G1643B.jpg\",\"width\":886,\"height\":591},{\"@type\":\"BreadcrumbList\",\"@id\":\"https:\/\/www.guardsmandogguards.co.uk\/fr\/produit\/bmw-x1-ix1-2022-grille-de-separation-pour-chien-g1643-2\/#breadcrumb\",\"itemListElement\":[{\"@type\":\"ListItem\",\"position\":1,\"name\":\"Home\",\"item\":\"https:\/\/www.guardsmandogguards.co.uk\/fr\/\"},{\"@type\":\"ListItem\",\"position\":2,\"name\":\"Products\",\"item\":\"https:\/\/www.guardsmandogguards.co.uk\/shop\/\"},{\"@type\":\"ListItem\",\"position\":3,\"name\":\"BMW X1 #3 \/ iX1 (2022 ~) Grille de S\u00e9paration pour Chien (G1643)\"}]},{\"@type\":\"WebSite\",\"@id\":\"https:\/\/www.guardsmandogguards.co.uk\/#website\",\"url\":\"https:\/\/www.guardsmandogguards.co.uk\/\",\"name\":\"Guardsman Dog Guards\",\"description\":\"A full range of Dog Guards and Boot Dividers for all Car Brands and Models\",\"publisher\":{\"@id\":\"https:\/\/www.guardsmandogguards.co.uk\/#organization\"},\"potentialAction\":[{\"@type\":\"SearchAction\",\"target\":{\"@type\":\"EntryPoint\",\"urlTemplate\":\"https:\/\/www.guardsmandogguards.co.uk\/?s={search_term_string}\"},\"query-input\":{\"@type\":\"PropertyValueSpecification\",\"valueRequired\":true,\"valueName\":\"search_term_string\"}}],\"inLanguage\":\"fr-FR\"},{\"@type\":\"Organization\",\"@id\":\"https:\/\/www.guardsmandogguards.co.uk\/#organization\",\"name\":\"Guardsman Dog Guards\",\"url\":\"https:\/\/www.guardsmandogguards.co.uk\/\",\"logo\":{\"@type\":\"ImageObject\",\"inLanguage\":\"fr-FR\",\"@id\":\"https:\/\/www.guardsmandogguards.co.uk\/#\/schema\/logo\/image\/\",\"url\":\"https:\/\/www.guardsmandogguards.co.uk\/wp-content\/uploads\/2017\/08\/guardsman.jpg\",\"contentUrl\":\"https:\/\/www.guardsmandogguards.co.uk\/wp-content\/uploads\/2017\/08\/guardsman.jpg\",\"width\":235,\"height\":235,\"caption\":\"Guardsman Dog Guards\"},\"image\":{\"@id\":\"https:\/\/www.guardsmandogguards.co.uk\/#\/schema\/logo\/image\/\"},\"sameAs\":[\"https:\/\/www.facebook.com\/AthagGuardsman\",\"https:\/\/x.com\/AthagGuardsman\",\"https:\/\/www.linkedin.com\/in\/athag-guardsman-44a5699a\/\"]}]}<\/script>\n<!-- \/ Yoast SEO plugin. -->","yoast_head_json":{"title":"BMW X1 \/ iX1 Grille de S\u00e9paration pour Chien - Guardsman","description":"Vous recherchez un diviseur de garde ou de garde pour BMW X1\/ iX1? Ce diviseur de bottes construit au Royaume-Uni constitue une barri\u00e8re solide et s\u00e9curis\u00e9e pour le chien et les passagers.","robots":{"index":"index","follow":"follow","max-snippet":"max-snippet:-1","max-image-preview":"max-image-preview:large","max-video-preview":"max-video-preview:-1"},"canonical":"https:\/\/www.guardsmandogguards.co.uk\/fr\/produit\/bmw-x1-ix1-2022-grille-de-separation-pour-chien-g1643-2\/","og_locale":"fr_FR","og_type":"article","og_title":"BMW X1 \/ iX1 Grille de S\u00e9paration pour Chien - Guardsman","og_description":"Vous recherchez un diviseur de garde ou de garde pour BMW X1\/ iX1? Ce diviseur de bottes construit au Royaume-Uni constitue une barri\u00e8re solide et s\u00e9curis\u00e9e pour le chien et les passagers.","og_url":"https:\/\/www.guardsmandogguards.co.uk\/fr\/produit\/bmw-x1-ix1-2022-grille-de-separation-pour-chien-g1643-2\/","og_site_name":"Guardsman Dog Guards","article_publisher":"https:\/\/www.facebook.com\/AthagGuardsman","article_modified_time":"2023-12-06T11:26:58+00:00","og_image":[{"width":886,"height":591,"url":"https:\/\/www.guardsmandogguards.co.uk\/wp-content\/uploads\/2023\/02\/G1643B.jpg","type":"image\/jpeg"}],"twitter_card":"summary_large_image","twitter_site":"@AthagGuardsman","twitter_misc":{"Dur\u00e9e de lecture estim\u00e9e":"1 minute"},"schema":{"@context":"https:\/\/schema.org","@graph":[{"@type":"WebPage","@id":"https:\/\/www.guardsmandogguards.co.uk\/fr\/produit\/bmw-x1-ix1-2022-grille-de-separation-pour-chien-g1643-2\/","url":"https:\/\/www.guardsmandogguards.co.uk\/fr\/produit\/bmw-x1-ix1-2022-grille-de-separation-pour-chien-g1643-2\/","name":"BMW X1 \/ iX1 Grille de S\u00e9paration pour Chien - Guardsman","isPartOf":{"@id":"https:\/\/www.guardsmandogguards.co.uk\/#website"},"primaryImageOfPage":{"@id":"https:\/\/www.guardsmandogguards.co.uk\/fr\/produit\/bmw-x1-ix1-2022-grille-de-separation-pour-chien-g1643-2\/#primaryimage"},"image":{"@id":"https:\/\/www.guardsmandogguards.co.uk\/fr\/produit\/bmw-x1-ix1-2022-grille-de-separation-pour-chien-g1643-2\/#primaryimage"},"thumbnailUrl":"https:\/\/www.guardsmandogguards.co.uk\/wp-content\/uploads\/2023\/02\/G1643B.jpg","datePublished":"2023-02-28T14:51:31+00:00","dateModified":"2023-12-06T11:26:58+00:00","description":"Vous recherchez un diviseur de garde ou de garde pour BMW X1\/ iX1? Ce diviseur de bottes construit au Royaume-Uni constitue une barri\u00e8re solide et s\u00e9curis\u00e9e pour le chien et les passagers.","breadcrumb":{"@id":"https:\/\/www.guardsmandogguards.co.uk\/fr\/produit\/bmw-x1-ix1-2022-grille-de-separation-pour-chien-g1643-2\/#breadcrumb"},"inLanguage":"fr-FR","potentialAction":[{"@type":"ReadAction","target":["https:\/\/www.guardsmandogguards.co.uk\/fr\/produit\/bmw-x1-ix1-2022-grille-de-separation-pour-chien-g1643-2\/"]}]},{"@type":"ImageObject","inLanguage":"fr-FR","@id":"https:\/\/www.guardsmandogguards.co.uk\/fr\/produit\/bmw-x1-ix1-2022-grille-de-separation-pour-chien-g1643-2\/#primaryimage","url":"https:\/\/www.guardsmandogguards.co.uk\/wp-content\/uploads\/2023\/02\/G1643B.jpg","contentUrl":"https:\/\/www.guardsmandogguards.co.uk\/wp-content\/uploads\/2023\/02\/G1643B.jpg","width":886,"height":591},{"@type":"BreadcrumbList","@id":"https:\/\/www.guardsmandogguards.co.uk\/fr\/produit\/bmw-x1-ix1-2022-grille-de-separation-pour-chien-g1643-2\/#breadcrumb","itemListElement":[{"@type":"ListItem","position":1,"name":"Home","item":"https:\/\/www.guardsmandogguards.co.uk\/fr\/"},{"@type":"ListItem","position":2,"name":"Products","item":"https:\/\/www.guardsmandogguards.co.uk\/shop\/"},{"@type":"ListItem","position":3,"name":"BMW X1 #3 \/ iX1 (2022 ~) Grille de S\u00e9paration pour Chien (G1643)"}]},{"@type":"WebSite","@id":"https:\/\/www.guardsmandogguards.co.uk\/#website","url":"https:\/\/www.guardsmandogguards.co.uk\/","name":"Guardsman Dog Guards","description":"A full range of Dog Guards and Boot Dividers for all Car Brands and Models","publisher":{"@id":"https:\/\/www.guardsmandogguards.co.uk\/#organization"},"potentialAction":[{"@type":"SearchAction","target":{"@type":"EntryPoint","urlTemplate":"https:\/\/www.guardsmandogguards.co.uk\/?s={search_term_string}"},"query-input":{"@type":"PropertyValueSpecification","valueRequired":true,"valueName":"search_term_string"}}],"inLanguage":"fr-FR"},{"@type":"Organization","@id":"https:\/\/www.guardsmandogguards.co.uk\/#organization","name":"Guardsman Dog Guards","url":"https:\/\/www.guardsmandogguards.co.uk\/","logo":{"@type":"ImageObject","inLanguage":"fr-FR","@id":"https:\/\/www.guardsmandogguards.co.uk\/#\/schema\/logo\/image\/","url":"https:\/\/www.guardsmandogguards.co.uk\/wp-content\/uploads\/2017\/08\/guardsman.jpg","contentUrl":"https:\/\/www.guardsmandogguards.co.uk\/wp-content\/uploads\/2017\/08\/guardsman.jpg","width":235,"height":235,"caption":"Guardsman Dog Guards"},"image":{"@id":"https:\/\/www.guardsmandogguards.co.uk\/#\/schema\/logo\/image\/"},"sameAs":["https:\/\/www.facebook.com\/AthagGuardsman","https:\/\/x.com\/AthagGuardsman","https:\/\/www.linkedin.com\/in\/athag-guardsman-44a5699a\/"]}]}},"_links":{"self":[{"href":"https:\/\/www.guardsmandogguards.co.uk\/fr\/wp-json\/wp\/v2\/product\/49662","targetHints":{"allow":["GET"]}}],"collection":[{"href":"https:\/\/www.guardsmandogguards.co.uk\/fr\/wp-json\/wp\/v2\/product"}],"about":[{"href":"https:\/\/www.guardsmandogguards.co.uk\/fr\/wp-json\/wp\/v2\/types\/product"}],"wp:featuredmedia":[{"embeddable":true,"href":"https:\/\/www.guardsmandogguards.co.uk\/fr\/wp-json\/wp\/v2\/media\/49665"}],"wp:attachment":[{"href":"https:\/\/www.guardsmandogguards.co.uk\/fr\/wp-json\/wp\/v2\/media?parent=49662"}],"wp:term":[{"taxonomy":"product_brand","embeddable":true,"href":"https:\/\/www.guardsmandogguards.co.uk\/fr\/wp-json\/wp\/v2\/product_brand?post=49662"},{"taxonomy":"product_cat","embeddable":true,"href":"https:\/\/www.guardsmandogguards.co.uk\/fr\/wp-json\/wp\/v2\/product_cat?post=49662"},{"taxonomy":"product_tag","embeddable":true,"href":"https:\/\/www.guardsmandogguards.co.uk\/fr\/wp-json\/wp\/v2\/product_tag?post=49662"}],"curies":[{"name":"wp","href":"https:\/\/api.w.org\/{rel}","templated":true}]}}