{"id":45973,"date":"2022-09-22T16:50:37","date_gmt":"2022-09-22T15:50:37","guid":{"rendered":"https:\/\/www.guardsmandogguards.co.uk\/?post_type=product&#038;p=45973"},"modified":"2024-06-22T21:37:54","modified_gmt":"2024-06-22T20:37:54","slug":"tiguan-allspace-a-partir-de-2016-grille-de-separation-pour-chien-et-grille-de-division-adaptable-g1539b-copy","status":"publish","type":"product","link":"https:\/\/www.guardsmandogguards.co.uk\/fr\/produit\/tiguan-allspace-a-partir-de-2016-grille-de-separation-pour-chien-et-grille-de-division-adaptable-g1539b-copy\/","title":{"rendered":"SEAT TARRACO Grille de S\u00e9paration pour Chien et Grille de division adaptable (G1539B)"},"content":{"rendered":"<p><span style=\"font-weight: 400;\">Notre ensemble de Grille de S\u00e9paration pour chiens et de Grille de Division Adaptable SEAT TARRACO<\/span><span style=\"font-weight: 400;\">\u00a0comprend un pare-chien sp\u00e9cifique au v\u00e9hicule qui offre une barri\u00e8re de s\u00e9curit\u00e9 entre le coffre et l&rsquo;habitacle, ainsi qu&rsquo;un s\u00e9parateur de coffre variable qui permet de divis\u00e9 en deux compartiments<\/span><\/p>\n<p>Veuillez noter : comme le montrent les photos, les dossiers de si\u00e8ge arri\u00e8re doivent \u00eatre positionn\u00e9s \u00e0 un clic du maximum pour combler tout espace et permettre un montage correct. Jetez un \u0153il au bouton \u00ab\u00a0Guide de montage\u00a0\u00bb ci-dessous.<br \/>\n<strong>Cette pi\u00e8ce ne convient qu&rsquo;\u00e0 la version sept places de la voiture<\/strong>.<\/p>\n<ul>\n<li style=\"font-weight: 400;\"><span style=\"font-weight: 400;\">Id\u00e9ale pour la s\u00e9paration de deux chiens, ou pour s\u00e9parer les bagages du chien\u00a0<\/span><\/li>\n<li style=\"font-weight: 400;\"><span style=\"font-weight: 400;\">Montage rapide sans besoin de modifier le v\u00e9hicule<\/span><\/li>\n<li style=\"font-weight: 400;\"><span style=\"font-weight: 400;\">Instructions de montage et toutes fixations n\u00e9cessaires fournis\u00a0<\/span><\/li>\n<li style=\"font-weight: 400;\"><span style=\"font-weight: 400;\">Cadre externe de la grille fabriqu\u00e9 en tuyau de 19 mm, maille en acier 50mm- tr\u00e8s r\u00e9sistant et durable.<\/span><\/li>\n<li style=\"font-weight: 400;\"><span style=\"font-weight: 400;\">Peint en rev\u00eatement de poudre noir, conforme aux normes automobiles internationaux.<\/span><\/li>\n<li style=\"font-weight: 400;\"><span style=\"font-weight: 400;\">Fabriqu\u00e9 selon les m\u00eames sp\u00e9cifications que les produits fournis aux constructeurs d\u2019automobiles.<\/span><\/li>\n<li style=\"font-weight: 400;\"><span style=\"font-weight: 400;\">Conforme aux normes de qualit\u00e9 internationales ISO 9001<\/span><\/li>\n<\/ul>\n<p>&nbsp;<\/p>\n","protected":false},"excerpt":{"rendered":"<p>Notre ensemble de Grille de S\u00e9paration pour chiens et de Grille de Division Adaptable SEAT TARRACO\u00a0comprend un pare-chien sp\u00e9cifique au v\u00e9hicule qui offre une barri\u00e8re de s\u00e9curit\u00e9 entre le coffre et l&rsquo;habitacle, ainsi qu&rsquo;un s\u00e9parateur de coffre variable qui permet [&hellip;]<\/p>\n","protected":false},"featured_media":20223,"template":"","meta":[],"product_brand":[],"product_cat":[1114],"product_tag":[],"class_list":{"0":"post-45973","1":"product","2":"type-product","3":"status-publish","4":"has-post-thumbnail","6":"product_cat-seat-tarraco-fr","7":"product_shipping_class-bundle-fr","9":"first","10":"instock","11":"taxable","12":"shipping-taxable","13":"purchasable","14":"product-type-simple"},"yoast_head":"<!-- This site is optimized with the Yoast SEO plugin v26.0 - https:\/\/yoast.com\/wordpress\/plugins\/seo\/ -->\n<title>SEAT TARRACO Grille de S\u00e9paration pour Chien et Grille de division adaptable - Guardsman<\/title>\n<meta name=\"description\" content=\"Vous recherchez un diviseur de garde ou de garde pour SEAT TARRACO? Ce diviseur de bottes construit au Royaume-Uni constitue une barri\u00e8re solide et s\u00e9curis\u00e9e pour le chien et les passagers\" \/>\n<meta name=\"robots\" content=\"index, follow, max-snippet:-1, max-image-preview:large, max-video-preview:-1\" \/>\n<link rel=\"canonical\" href=\"https:\/\/www.guardsmandogguards.co.uk\/fr\/produit\/tiguan-allspace-a-partir-de-2016-grille-de-separation-pour-chien-et-grille-de-division-adaptable-g1539b-copy\/\" \/>\n<meta property=\"og:locale\" content=\"fr_FR\" \/>\n<meta property=\"og:type\" content=\"article\" \/>\n<meta property=\"og:title\" content=\"SEAT TARRACO Grille de S\u00e9paration pour Chien et Grille de division adaptable - Guardsman\" \/>\n<meta property=\"og:description\" content=\"Vous recherchez un diviseur de garde ou de garde pour SEAT TARRACO? Ce diviseur de bottes construit au Royaume-Uni constitue une barri\u00e8re solide et s\u00e9curis\u00e9e pour le chien et les passagers\" \/>\n<meta property=\"og:url\" content=\"https:\/\/www.guardsmandogguards.co.uk\/fr\/produit\/tiguan-allspace-a-partir-de-2016-grille-de-separation-pour-chien-et-grille-de-division-adaptable-g1539b-copy\/\" \/>\n<meta property=\"og:site_name\" content=\"Guardsman Dog Guards\" \/>\n<meta property=\"article:publisher\" content=\"https:\/\/www.facebook.com\/AthagGuardsman\" \/>\n<meta property=\"article:modified_time\" content=\"2024-06-22T20:37:54+00:00\" \/>\n<meta property=\"og:image\" content=\"https:\/\/www.guardsmandogguards.co.uk\/wp-content\/uploads\/2019\/05\/G1539B-dogs-2.jpg\" \/>\n\t<meta property=\"og:image:width\" content=\"886\" \/>\n\t<meta property=\"og:image:height\" content=\"579\" \/>\n\t<meta property=\"og:image:type\" content=\"image\/jpeg\" \/>\n<meta name=\"twitter:card\" content=\"summary_large_image\" \/>\n<meta name=\"twitter:site\" content=\"@AthagGuardsman\" \/>\n<meta name=\"twitter:label1\" content=\"Dur\u00e9e de lecture estim\u00e9e\" \/>\n\t<meta name=\"twitter:data1\" content=\"2 minutes\" \/>\n<script type=\"application\/ld+json\" class=\"yoast-schema-graph\">{\"@context\":\"https:\/\/schema.org\",\"@graph\":[{\"@type\":\"WebPage\",\"@id\":\"https:\/\/www.guardsmandogguards.co.uk\/fr\/produit\/tiguan-allspace-a-partir-de-2016-grille-de-separation-pour-chien-et-grille-de-division-adaptable-g1539b-copy\/\",\"url\":\"https:\/\/www.guardsmandogguards.co.uk\/fr\/produit\/tiguan-allspace-a-partir-de-2016-grille-de-separation-pour-chien-et-grille-de-division-adaptable-g1539b-copy\/\",\"name\":\"SEAT TARRACO Grille de S\u00e9paration pour Chien et Grille de division adaptable - Guardsman\",\"isPartOf\":{\"@id\":\"https:\/\/www.guardsmandogguards.co.uk\/#website\"},\"primaryImageOfPage\":{\"@id\":\"https:\/\/www.guardsmandogguards.co.uk\/fr\/produit\/tiguan-allspace-a-partir-de-2016-grille-de-separation-pour-chien-et-grille-de-division-adaptable-g1539b-copy\/#primaryimage\"},\"image\":{\"@id\":\"https:\/\/www.guardsmandogguards.co.uk\/fr\/produit\/tiguan-allspace-a-partir-de-2016-grille-de-separation-pour-chien-et-grille-de-division-adaptable-g1539b-copy\/#primaryimage\"},\"thumbnailUrl\":\"https:\/\/www.guardsmandogguards.co.uk\/wp-content\/uploads\/2019\/05\/G1539B-dogs-2.jpg\",\"datePublished\":\"2022-09-22T15:50:37+00:00\",\"dateModified\":\"2024-06-22T20:37:54+00:00\",\"description\":\"Vous recherchez un diviseur de garde ou de garde pour SEAT TARRACO? Ce diviseur de bottes construit au Royaume-Uni constitue une barri\u00e8re solide et s\u00e9curis\u00e9e pour le chien et les passagers\",\"breadcrumb\":{\"@id\":\"https:\/\/www.guardsmandogguards.co.uk\/fr\/produit\/tiguan-allspace-a-partir-de-2016-grille-de-separation-pour-chien-et-grille-de-division-adaptable-g1539b-copy\/#breadcrumb\"},\"inLanguage\":\"fr-FR\",\"potentialAction\":[{\"@type\":\"ReadAction\",\"target\":[\"https:\/\/www.guardsmandogguards.co.uk\/fr\/produit\/tiguan-allspace-a-partir-de-2016-grille-de-separation-pour-chien-et-grille-de-division-adaptable-g1539b-copy\/\"]}]},{\"@type\":\"ImageObject\",\"inLanguage\":\"fr-FR\",\"@id\":\"https:\/\/www.guardsmandogguards.co.uk\/fr\/produit\/tiguan-allspace-a-partir-de-2016-grille-de-separation-pour-chien-et-grille-de-division-adaptable-g1539b-copy\/#primaryimage\",\"url\":\"https:\/\/www.guardsmandogguards.co.uk\/wp-content\/uploads\/2019\/05\/G1539B-dogs-2.jpg\",\"contentUrl\":\"https:\/\/www.guardsmandogguards.co.uk\/wp-content\/uploads\/2019\/05\/G1539B-dogs-2.jpg\",\"width\":886,\"height\":579},{\"@type\":\"BreadcrumbList\",\"@id\":\"https:\/\/www.guardsmandogguards.co.uk\/fr\/produit\/tiguan-allspace-a-partir-de-2016-grille-de-separation-pour-chien-et-grille-de-division-adaptable-g1539b-copy\/#breadcrumb\",\"itemListElement\":[{\"@type\":\"ListItem\",\"position\":1,\"name\":\"Home\",\"item\":\"https:\/\/www.guardsmandogguards.co.uk\/fr\/\"},{\"@type\":\"ListItem\",\"position\":2,\"name\":\"Products\",\"item\":\"https:\/\/www.guardsmandogguards.co.uk\/shop\/\"},{\"@type\":\"ListItem\",\"position\":3,\"name\":\"SEAT TARRACO Grille de S\u00e9paration pour Chien et Grille de division adaptable (G1539B)\"}]},{\"@type\":\"WebSite\",\"@id\":\"https:\/\/www.guardsmandogguards.co.uk\/#website\",\"url\":\"https:\/\/www.guardsmandogguards.co.uk\/\",\"name\":\"Guardsman Dog Guards\",\"description\":\"A full range of Dog Guards and Boot Dividers for all Car Brands and Models\",\"publisher\":{\"@id\":\"https:\/\/www.guardsmandogguards.co.uk\/#organization\"},\"potentialAction\":[{\"@type\":\"SearchAction\",\"target\":{\"@type\":\"EntryPoint\",\"urlTemplate\":\"https:\/\/www.guardsmandogguards.co.uk\/?s={search_term_string}\"},\"query-input\":{\"@type\":\"PropertyValueSpecification\",\"valueRequired\":true,\"valueName\":\"search_term_string\"}}],\"inLanguage\":\"fr-FR\"},{\"@type\":\"Organization\",\"@id\":\"https:\/\/www.guardsmandogguards.co.uk\/#organization\",\"name\":\"Guardsman Dog Guards\",\"url\":\"https:\/\/www.guardsmandogguards.co.uk\/\",\"logo\":{\"@type\":\"ImageObject\",\"inLanguage\":\"fr-FR\",\"@id\":\"https:\/\/www.guardsmandogguards.co.uk\/#\/schema\/logo\/image\/\",\"url\":\"https:\/\/www.guardsmandogguards.co.uk\/wp-content\/uploads\/2017\/08\/guardsman.jpg\",\"contentUrl\":\"https:\/\/www.guardsmandogguards.co.uk\/wp-content\/uploads\/2017\/08\/guardsman.jpg\",\"width\":235,\"height\":235,\"caption\":\"Guardsman Dog Guards\"},\"image\":{\"@id\":\"https:\/\/www.guardsmandogguards.co.uk\/#\/schema\/logo\/image\/\"},\"sameAs\":[\"https:\/\/www.facebook.com\/AthagGuardsman\",\"https:\/\/x.com\/AthagGuardsman\",\"https:\/\/www.linkedin.com\/in\/athag-guardsman-44a5699a\/\"]}]}<\/script>\n<!-- \/ Yoast SEO plugin. -->","yoast_head_json":{"title":"SEAT TARRACO Grille de S\u00e9paration pour Chien et Grille de division adaptable - Guardsman","description":"Vous recherchez un diviseur de garde ou de garde pour SEAT TARRACO? Ce diviseur de bottes construit au Royaume-Uni constitue une barri\u00e8re solide et s\u00e9curis\u00e9e pour le chien et les passagers","robots":{"index":"index","follow":"follow","max-snippet":"max-snippet:-1","max-image-preview":"max-image-preview:large","max-video-preview":"max-video-preview:-1"},"canonical":"https:\/\/www.guardsmandogguards.co.uk\/fr\/produit\/tiguan-allspace-a-partir-de-2016-grille-de-separation-pour-chien-et-grille-de-division-adaptable-g1539b-copy\/","og_locale":"fr_FR","og_type":"article","og_title":"SEAT TARRACO Grille de S\u00e9paration pour Chien et Grille de division adaptable - Guardsman","og_description":"Vous recherchez un diviseur de garde ou de garde pour SEAT TARRACO? Ce diviseur de bottes construit au Royaume-Uni constitue une barri\u00e8re solide et s\u00e9curis\u00e9e pour le chien et les passagers","og_url":"https:\/\/www.guardsmandogguards.co.uk\/fr\/produit\/tiguan-allspace-a-partir-de-2016-grille-de-separation-pour-chien-et-grille-de-division-adaptable-g1539b-copy\/","og_site_name":"Guardsman Dog Guards","article_publisher":"https:\/\/www.facebook.com\/AthagGuardsman","article_modified_time":"2024-06-22T20:37:54+00:00","og_image":[{"width":886,"height":579,"url":"https:\/\/www.guardsmandogguards.co.uk\/wp-content\/uploads\/2019\/05\/G1539B-dogs-2.jpg","type":"image\/jpeg"}],"twitter_card":"summary_large_image","twitter_site":"@AthagGuardsman","twitter_misc":{"Dur\u00e9e de lecture estim\u00e9e":"2 minutes"},"schema":{"@context":"https:\/\/schema.org","@graph":[{"@type":"WebPage","@id":"https:\/\/www.guardsmandogguards.co.uk\/fr\/produit\/tiguan-allspace-a-partir-de-2016-grille-de-separation-pour-chien-et-grille-de-division-adaptable-g1539b-copy\/","url":"https:\/\/www.guardsmandogguards.co.uk\/fr\/produit\/tiguan-allspace-a-partir-de-2016-grille-de-separation-pour-chien-et-grille-de-division-adaptable-g1539b-copy\/","name":"SEAT TARRACO Grille de S\u00e9paration pour Chien et Grille de division adaptable - Guardsman","isPartOf":{"@id":"https:\/\/www.guardsmandogguards.co.uk\/#website"},"primaryImageOfPage":{"@id":"https:\/\/www.guardsmandogguards.co.uk\/fr\/produit\/tiguan-allspace-a-partir-de-2016-grille-de-separation-pour-chien-et-grille-de-division-adaptable-g1539b-copy\/#primaryimage"},"image":{"@id":"https:\/\/www.guardsmandogguards.co.uk\/fr\/produit\/tiguan-allspace-a-partir-de-2016-grille-de-separation-pour-chien-et-grille-de-division-adaptable-g1539b-copy\/#primaryimage"},"thumbnailUrl":"https:\/\/www.guardsmandogguards.co.uk\/wp-content\/uploads\/2019\/05\/G1539B-dogs-2.jpg","datePublished":"2022-09-22T15:50:37+00:00","dateModified":"2024-06-22T20:37:54+00:00","description":"Vous recherchez un diviseur de garde ou de garde pour SEAT TARRACO? Ce diviseur de bottes construit au Royaume-Uni constitue une barri\u00e8re solide et s\u00e9curis\u00e9e pour le chien et les passagers","breadcrumb":{"@id":"https:\/\/www.guardsmandogguards.co.uk\/fr\/produit\/tiguan-allspace-a-partir-de-2016-grille-de-separation-pour-chien-et-grille-de-division-adaptable-g1539b-copy\/#breadcrumb"},"inLanguage":"fr-FR","potentialAction":[{"@type":"ReadAction","target":["https:\/\/www.guardsmandogguards.co.uk\/fr\/produit\/tiguan-allspace-a-partir-de-2016-grille-de-separation-pour-chien-et-grille-de-division-adaptable-g1539b-copy\/"]}]},{"@type":"ImageObject","inLanguage":"fr-FR","@id":"https:\/\/www.guardsmandogguards.co.uk\/fr\/produit\/tiguan-allspace-a-partir-de-2016-grille-de-separation-pour-chien-et-grille-de-division-adaptable-g1539b-copy\/#primaryimage","url":"https:\/\/www.guardsmandogguards.co.uk\/wp-content\/uploads\/2019\/05\/G1539B-dogs-2.jpg","contentUrl":"https:\/\/www.guardsmandogguards.co.uk\/wp-content\/uploads\/2019\/05\/G1539B-dogs-2.jpg","width":886,"height":579},{"@type":"BreadcrumbList","@id":"https:\/\/www.guardsmandogguards.co.uk\/fr\/produit\/tiguan-allspace-a-partir-de-2016-grille-de-separation-pour-chien-et-grille-de-division-adaptable-g1539b-copy\/#breadcrumb","itemListElement":[{"@type":"ListItem","position":1,"name":"Home","item":"https:\/\/www.guardsmandogguards.co.uk\/fr\/"},{"@type":"ListItem","position":2,"name":"Products","item":"https:\/\/www.guardsmandogguards.co.uk\/shop\/"},{"@type":"ListItem","position":3,"name":"SEAT TARRACO Grille de S\u00e9paration pour Chien et Grille de division adaptable (G1539B)"}]},{"@type":"WebSite","@id":"https:\/\/www.guardsmandogguards.co.uk\/#website","url":"https:\/\/www.guardsmandogguards.co.uk\/","name":"Guardsman Dog Guards","description":"A full range of Dog Guards and Boot Dividers for all Car Brands and Models","publisher":{"@id":"https:\/\/www.guardsmandogguards.co.uk\/#organization"},"potentialAction":[{"@type":"SearchAction","target":{"@type":"EntryPoint","urlTemplate":"https:\/\/www.guardsmandogguards.co.uk\/?s={search_term_string}"},"query-input":{"@type":"PropertyValueSpecification","valueRequired":true,"valueName":"search_term_string"}}],"inLanguage":"fr-FR"},{"@type":"Organization","@id":"https:\/\/www.guardsmandogguards.co.uk\/#organization","name":"Guardsman Dog Guards","url":"https:\/\/www.guardsmandogguards.co.uk\/","logo":{"@type":"ImageObject","inLanguage":"fr-FR","@id":"https:\/\/www.guardsmandogguards.co.uk\/#\/schema\/logo\/image\/","url":"https:\/\/www.guardsmandogguards.co.uk\/wp-content\/uploads\/2017\/08\/guardsman.jpg","contentUrl":"https:\/\/www.guardsmandogguards.co.uk\/wp-content\/uploads\/2017\/08\/guardsman.jpg","width":235,"height":235,"caption":"Guardsman Dog Guards"},"image":{"@id":"https:\/\/www.guardsmandogguards.co.uk\/#\/schema\/logo\/image\/"},"sameAs":["https:\/\/www.facebook.com\/AthagGuardsman","https:\/\/x.com\/AthagGuardsman","https:\/\/www.linkedin.com\/in\/athag-guardsman-44a5699a\/"]}]}},"_links":{"self":[{"href":"https:\/\/www.guardsmandogguards.co.uk\/fr\/wp-json\/wp\/v2\/product\/45973","targetHints":{"allow":["GET"]}}],"collection":[{"href":"https:\/\/www.guardsmandogguards.co.uk\/fr\/wp-json\/wp\/v2\/product"}],"about":[{"href":"https:\/\/www.guardsmandogguards.co.uk\/fr\/wp-json\/wp\/v2\/types\/product"}],"wp:featuredmedia":[{"embeddable":true,"href":"https:\/\/www.guardsmandogguards.co.uk\/fr\/wp-json\/wp\/v2\/media\/20223"}],"wp:attachment":[{"href":"https:\/\/www.guardsmandogguards.co.uk\/fr\/wp-json\/wp\/v2\/media?parent=45973"}],"wp:term":[{"taxonomy":"product_brand","embeddable":true,"href":"https:\/\/www.guardsmandogguards.co.uk\/fr\/wp-json\/wp\/v2\/product_brand?post=45973"},{"taxonomy":"product_cat","embeddable":true,"href":"https:\/\/www.guardsmandogguards.co.uk\/fr\/wp-json\/wp\/v2\/product_cat?post=45973"},{"taxonomy":"product_tag","embeddable":true,"href":"https:\/\/www.guardsmandogguards.co.uk\/fr\/wp-json\/wp\/v2\/product_tag?post=45973"}],"curies":[{"name":"wp","href":"https:\/\/api.w.org\/{rel}","templated":true}]}}