{"id":44768,"date":"2022-08-03T12:17:42","date_gmt":"2022-08-03T11:17:43","guid":{"rendered":"https:\/\/www.guardsmandogguards.co.uk\/?post_type=product&#038;p=44768"},"modified":"2023-10-31T10:39:23","modified_gmt":"2023-10-31T10:39:23","slug":"mitsubishi-outlander-3-2012-2021-grille-de-separation-pour-chien-et-grille-de-division-adaptable-g1303","status":"publish","type":"product","link":"https:\/\/www.guardsmandogguards.co.uk\/fr\/produit\/mitsubishi-outlander-3-2012-2021-grille-de-separation-pour-chien-et-grille-de-division-adaptable-g1303\/","title":{"rendered":"Mitsubishi Outlander #3 (2012-2021) GRILLE DE S\u00c9PARATION POUR CHIEN ET GRILLE DE DIVISION ADAPTABLE (G1303GA)"},"content":{"rendered":"<p>Notre ensemble de Grille de S\u00e9paration pour chiens et de Grille de Division Adaptable Mitsubishi Outlander (2012~2021 ) comprend un pare-chien sp\u00e9cifique au v\u00e9hicule qui offre une barri\u00e8re de s\u00e9curit\u00e9 entre le coffre et l\u2019habitacle, ainsi qu\u2019un s\u00e9parateur de coffre variable qui permet de divis\u00e9 en deux compartiments.<\/p>\n<p><strong>Veuillez noter que ce produit n\u00e9cessite que les dossiers des si\u00e8ges arri\u00e8re soient r\u00e9gl\u00e9s \u00e0 un angle sp\u00e9cifique. Il s&rsquo;agit d&rsquo;une mise en place enti\u00e8rement inclin\u00e9e.<\/strong><\/p>\n<p>Il y a deux niveaux de hauteur Boot Floor peut \u00eatre en fonction des sp\u00e9cifications de la voiture que vous avez!<\/p>\n<p><strong>Ce s\u00e9parateur de coffre est con\u00e7u pour s&rsquo;adapter aux voitures dont le plancher de coffre est au niveau indiqu\u00e9 dans les images de cette page.<\/strong><\/p>\n<p><strong>C&rsquo;est la position sup\u00e9rieure. Veuillez nous indiquer lors de votre commande si votre plancher de coffre se trouve \u00e0 un autre niveau que celui indiqu\u00e9.<\/strong><\/p>\n<p>Jetez un oeil \u00e0 ce clip Youtube qui montre la bonne fa\u00e7on de mesurer la hauteur de votre botte cela nous permettra de faire votre\u00a0de Grille de Division Adaptable\u00a0\u00e0 la bonne taille.<\/p>\n<p><iframe loading=\"lazy\" title=\"How to correctly measure for your Guardsman Boot Divider\" width=\"500\" height=\"281\" src=\"https:\/\/www.youtube.com\/embed\/N55z-8rOCfo?feature=oembed\" frameborder=\"0\" allow=\"accelerometer; autoplay; clipboard-write; encrypted-media; gyroscope; picture-in-picture; web-share\" referrerpolicy=\"strict-origin-when-cross-origin\" allowfullscreen><\/iframe><\/p>\n<p>Veuillez vous assurer d\u2019entrer la mesure sur le formulaire de commande en ligne lorsque vous le soumettez.<\/p>\n<ul>\n<li style=\"font-weight: 400;\"><span style=\"font-weight: 400;\">Id\u00e9ale pour la s\u00e9paration de deux chiens, ou pour s\u00e9parer les bagages du chien <\/span><\/li>\n<li style=\"font-weight: 400;\"><span style=\"font-weight: 400;\">Montage rapide sans besoin de modifier le v\u00e9hicule<\/span><\/li>\n<li style=\"font-weight: 400;\"><span style=\"font-weight: 400;\">Instructions de montage et toutes fixations n\u00e9cessaires fournis <\/span><\/li>\n<li style=\"font-weight: 400;\"><span style=\"font-weight: 400;\">Cadre externe de la grille fabriqu\u00e9 en tuyau de 19 mm, maille en acier 50mm- tr\u00e8s r\u00e9sistant et durable.<\/span><\/li>\n<li style=\"font-weight: 400;\"><span style=\"font-weight: 400;\">Peint en rev\u00eatement de poudre noir, conforme aux normes automobiles internationaux.<\/span><\/li>\n<li style=\"font-weight: 400;\"><span style=\"font-weight: 400;\">Fabriqu\u00e9 selon les m\u00eames sp\u00e9cifications que les produits fournis aux constructeurs d\u2019automobiles.<\/span><\/li>\n<li style=\"font-weight: 400;\"><span style=\"font-weight: 400;\">Conforme aux normes de qualit\u00e9 internationales ISO 9001<\/span><\/li>\n<\/ul>\n","protected":false},"excerpt":{"rendered":"<p>Notre ensemble de Grille de S\u00e9paration pour chiens et de Grille de Division Adaptable Mitsubishi Outlander (2012~2021 ) comprend un pare-chien sp\u00e9cifique au v\u00e9hicule qui offre une barri\u00e8re de s\u00e9curit\u00e9 entre le coffre et l\u2019habitacle, ainsi qu\u2019un s\u00e9parateur de coffre [&hellip;]<\/p>\n","protected":false},"featured_media":44758,"template":"","meta":[],"product_brand":[],"product_cat":[939],"product_tag":[],"class_list":{"0":"post-44768","1":"product","2":"type-product","3":"status-publish","4":"has-post-thumbnail","6":"product_cat-mitsubishi-outlander-3-2012-2021-fr","7":"product_shipping_class-bundle-fr","9":"first","10":"instock","11":"taxable","12":"shipping-taxable","13":"purchasable","14":"product-type-simple"},"yoast_head":"<!-- This site is optimized with the Yoast SEO plugin v26.0 - https:\/\/yoast.com\/wordpress\/plugins\/seo\/ -->\n<title>Mitsubishi Outlander Grille de division adaptable - Guardsman<\/title>\n<meta name=\"description\" content=\"Vous recherchez un diviseur de garde ou de garde pour Mitsubishi Outlander #3 (2012-2021)? Ce diviseur de bottes construit au Royaume-Uni constitue une barri\u00e8re solide et s\u00e9curis\u00e9e pour le chien et les passagers.\" \/>\n<meta name=\"robots\" content=\"index, follow, max-snippet:-1, max-image-preview:large, max-video-preview:-1\" \/>\n<link rel=\"canonical\" href=\"https:\/\/www.guardsmandogguards.co.uk\/fr\/produit\/mitsubishi-outlander-3-2012-2021-grille-de-separation-pour-chien-et-grille-de-division-adaptable-g1303\/\" \/>\n<meta property=\"og:locale\" content=\"fr_FR\" \/>\n<meta property=\"og:type\" content=\"article\" \/>\n<meta property=\"og:title\" content=\"Mitsubishi Outlander Grille de division adaptable - Guardsman\" \/>\n<meta property=\"og:description\" content=\"Vous recherchez un diviseur de garde ou de garde pour Mitsubishi Outlander #3 (2012-2021)? Ce diviseur de bottes construit au Royaume-Uni constitue une barri\u00e8re solide et s\u00e9curis\u00e9e pour le chien et les passagers.\" \/>\n<meta property=\"og:url\" content=\"https:\/\/www.guardsmandogguards.co.uk\/fr\/produit\/mitsubishi-outlander-3-2012-2021-grille-de-separation-pour-chien-et-grille-de-division-adaptable-g1303\/\" \/>\n<meta property=\"og:site_name\" content=\"Guardsman Dog Guards\" \/>\n<meta property=\"article:publisher\" content=\"https:\/\/www.facebook.com\/AthagGuardsman\" \/>\n<meta property=\"article:modified_time\" content=\"2023-10-31T10:39:23+00:00\" \/>\n<meta property=\"og:image\" content=\"https:\/\/www.guardsmandogguards.co.uk\/wp-content\/uploads\/2022\/08\/G1303D-fitted.jpg\" \/>\n\t<meta property=\"og:image:width\" content=\"850\" \/>\n\t<meta property=\"og:image:height\" content=\"667\" \/>\n\t<meta property=\"og:image:type\" content=\"image\/jpeg\" \/>\n<meta name=\"twitter:card\" content=\"summary_large_image\" \/>\n<meta name=\"twitter:site\" content=\"@AthagGuardsman\" \/>\n<meta name=\"twitter:label1\" content=\"Dur\u00e9e de lecture estim\u00e9e\" \/>\n\t<meta name=\"twitter:data1\" content=\"2 minutes\" \/>\n<script type=\"application\/ld+json\" class=\"yoast-schema-graph\">{\"@context\":\"https:\/\/schema.org\",\"@graph\":[{\"@type\":\"WebPage\",\"@id\":\"https:\/\/www.guardsmandogguards.co.uk\/fr\/produit\/mitsubishi-outlander-3-2012-2021-grille-de-separation-pour-chien-et-grille-de-division-adaptable-g1303\/\",\"url\":\"https:\/\/www.guardsmandogguards.co.uk\/fr\/produit\/mitsubishi-outlander-3-2012-2021-grille-de-separation-pour-chien-et-grille-de-division-adaptable-g1303\/\",\"name\":\"Mitsubishi Outlander Grille de division adaptable - Guardsman\",\"isPartOf\":{\"@id\":\"https:\/\/www.guardsmandogguards.co.uk\/#website\"},\"primaryImageOfPage\":{\"@id\":\"https:\/\/www.guardsmandogguards.co.uk\/fr\/produit\/mitsubishi-outlander-3-2012-2021-grille-de-separation-pour-chien-et-grille-de-division-adaptable-g1303\/#primaryimage\"},\"image\":{\"@id\":\"https:\/\/www.guardsmandogguards.co.uk\/fr\/produit\/mitsubishi-outlander-3-2012-2021-grille-de-separation-pour-chien-et-grille-de-division-adaptable-g1303\/#primaryimage\"},\"thumbnailUrl\":\"https:\/\/www.guardsmandogguards.co.uk\/wp-content\/uploads\/2022\/08\/G1303D-fitted.jpg\",\"datePublished\":\"2022-08-03T11:17:43+00:00\",\"dateModified\":\"2023-10-31T10:39:23+00:00\",\"description\":\"Vous recherchez un diviseur de garde ou de garde pour Mitsubishi Outlander #3 (2012-2021)? Ce diviseur de bottes construit au Royaume-Uni constitue une barri\u00e8re solide et s\u00e9curis\u00e9e pour le chien et les passagers.\",\"breadcrumb\":{\"@id\":\"https:\/\/www.guardsmandogguards.co.uk\/fr\/produit\/mitsubishi-outlander-3-2012-2021-grille-de-separation-pour-chien-et-grille-de-division-adaptable-g1303\/#breadcrumb\"},\"inLanguage\":\"fr-FR\",\"potentialAction\":[{\"@type\":\"ReadAction\",\"target\":[\"https:\/\/www.guardsmandogguards.co.uk\/fr\/produit\/mitsubishi-outlander-3-2012-2021-grille-de-separation-pour-chien-et-grille-de-division-adaptable-g1303\/\"]}]},{\"@type\":\"ImageObject\",\"inLanguage\":\"fr-FR\",\"@id\":\"https:\/\/www.guardsmandogguards.co.uk\/fr\/produit\/mitsubishi-outlander-3-2012-2021-grille-de-separation-pour-chien-et-grille-de-division-adaptable-g1303\/#primaryimage\",\"url\":\"https:\/\/www.guardsmandogguards.co.uk\/wp-content\/uploads\/2022\/08\/G1303D-fitted.jpg\",\"contentUrl\":\"https:\/\/www.guardsmandogguards.co.uk\/wp-content\/uploads\/2022\/08\/G1303D-fitted.jpg\",\"width\":850,\"height\":667},{\"@type\":\"BreadcrumbList\",\"@id\":\"https:\/\/www.guardsmandogguards.co.uk\/fr\/produit\/mitsubishi-outlander-3-2012-2021-grille-de-separation-pour-chien-et-grille-de-division-adaptable-g1303\/#breadcrumb\",\"itemListElement\":[{\"@type\":\"ListItem\",\"position\":1,\"name\":\"Home\",\"item\":\"https:\/\/www.guardsmandogguards.co.uk\/fr\/\"},{\"@type\":\"ListItem\",\"position\":2,\"name\":\"Products\",\"item\":\"https:\/\/www.guardsmandogguards.co.uk\/shop\/\"},{\"@type\":\"ListItem\",\"position\":3,\"name\":\"Mitsubishi Outlander #3 (2012-2021) GRILLE DE S\u00c9PARATION POUR CHIEN ET GRILLE DE DIVISION ADAPTABLE (G1303GA)\"}]},{\"@type\":\"WebSite\",\"@id\":\"https:\/\/www.guardsmandogguards.co.uk\/#website\",\"url\":\"https:\/\/www.guardsmandogguards.co.uk\/\",\"name\":\"Guardsman Dog Guards\",\"description\":\"A full range of Dog Guards and Boot Dividers for all Car Brands and Models\",\"publisher\":{\"@id\":\"https:\/\/www.guardsmandogguards.co.uk\/#organization\"},\"potentialAction\":[{\"@type\":\"SearchAction\",\"target\":{\"@type\":\"EntryPoint\",\"urlTemplate\":\"https:\/\/www.guardsmandogguards.co.uk\/?s={search_term_string}\"},\"query-input\":{\"@type\":\"PropertyValueSpecification\",\"valueRequired\":true,\"valueName\":\"search_term_string\"}}],\"inLanguage\":\"fr-FR\"},{\"@type\":\"Organization\",\"@id\":\"https:\/\/www.guardsmandogguards.co.uk\/#organization\",\"name\":\"Guardsman Dog Guards\",\"url\":\"https:\/\/www.guardsmandogguards.co.uk\/\",\"logo\":{\"@type\":\"ImageObject\",\"inLanguage\":\"fr-FR\",\"@id\":\"https:\/\/www.guardsmandogguards.co.uk\/#\/schema\/logo\/image\/\",\"url\":\"https:\/\/www.guardsmandogguards.co.uk\/wp-content\/uploads\/2017\/08\/guardsman.jpg\",\"contentUrl\":\"https:\/\/www.guardsmandogguards.co.uk\/wp-content\/uploads\/2017\/08\/guardsman.jpg\",\"width\":235,\"height\":235,\"caption\":\"Guardsman Dog Guards\"},\"image\":{\"@id\":\"https:\/\/www.guardsmandogguards.co.uk\/#\/schema\/logo\/image\/\"},\"sameAs\":[\"https:\/\/www.facebook.com\/AthagGuardsman\",\"https:\/\/x.com\/AthagGuardsman\",\"https:\/\/www.linkedin.com\/in\/athag-guardsman-44a5699a\/\"]}]}<\/script>\n<!-- \/ Yoast SEO plugin. -->","yoast_head_json":{"title":"Mitsubishi Outlander Grille de division adaptable - Guardsman","description":"Vous recherchez un diviseur de garde ou de garde pour Mitsubishi Outlander #3 (2012-2021)? Ce diviseur de bottes construit au Royaume-Uni constitue une barri\u00e8re solide et s\u00e9curis\u00e9e pour le chien et les passagers.","robots":{"index":"index","follow":"follow","max-snippet":"max-snippet:-1","max-image-preview":"max-image-preview:large","max-video-preview":"max-video-preview:-1"},"canonical":"https:\/\/www.guardsmandogguards.co.uk\/fr\/produit\/mitsubishi-outlander-3-2012-2021-grille-de-separation-pour-chien-et-grille-de-division-adaptable-g1303\/","og_locale":"fr_FR","og_type":"article","og_title":"Mitsubishi Outlander Grille de division adaptable - Guardsman","og_description":"Vous recherchez un diviseur de garde ou de garde pour Mitsubishi Outlander #3 (2012-2021)? Ce diviseur de bottes construit au Royaume-Uni constitue une barri\u00e8re solide et s\u00e9curis\u00e9e pour le chien et les passagers.","og_url":"https:\/\/www.guardsmandogguards.co.uk\/fr\/produit\/mitsubishi-outlander-3-2012-2021-grille-de-separation-pour-chien-et-grille-de-division-adaptable-g1303\/","og_site_name":"Guardsman Dog Guards","article_publisher":"https:\/\/www.facebook.com\/AthagGuardsman","article_modified_time":"2023-10-31T10:39:23+00:00","og_image":[{"width":850,"height":667,"url":"https:\/\/www.guardsmandogguards.co.uk\/wp-content\/uploads\/2022\/08\/G1303D-fitted.jpg","type":"image\/jpeg"}],"twitter_card":"summary_large_image","twitter_site":"@AthagGuardsman","twitter_misc":{"Dur\u00e9e de lecture estim\u00e9e":"2 minutes"},"schema":{"@context":"https:\/\/schema.org","@graph":[{"@type":"WebPage","@id":"https:\/\/www.guardsmandogguards.co.uk\/fr\/produit\/mitsubishi-outlander-3-2012-2021-grille-de-separation-pour-chien-et-grille-de-division-adaptable-g1303\/","url":"https:\/\/www.guardsmandogguards.co.uk\/fr\/produit\/mitsubishi-outlander-3-2012-2021-grille-de-separation-pour-chien-et-grille-de-division-adaptable-g1303\/","name":"Mitsubishi Outlander Grille de division adaptable - Guardsman","isPartOf":{"@id":"https:\/\/www.guardsmandogguards.co.uk\/#website"},"primaryImageOfPage":{"@id":"https:\/\/www.guardsmandogguards.co.uk\/fr\/produit\/mitsubishi-outlander-3-2012-2021-grille-de-separation-pour-chien-et-grille-de-division-adaptable-g1303\/#primaryimage"},"image":{"@id":"https:\/\/www.guardsmandogguards.co.uk\/fr\/produit\/mitsubishi-outlander-3-2012-2021-grille-de-separation-pour-chien-et-grille-de-division-adaptable-g1303\/#primaryimage"},"thumbnailUrl":"https:\/\/www.guardsmandogguards.co.uk\/wp-content\/uploads\/2022\/08\/G1303D-fitted.jpg","datePublished":"2022-08-03T11:17:43+00:00","dateModified":"2023-10-31T10:39:23+00:00","description":"Vous recherchez un diviseur de garde ou de garde pour Mitsubishi Outlander #3 (2012-2021)? Ce diviseur de bottes construit au Royaume-Uni constitue une barri\u00e8re solide et s\u00e9curis\u00e9e pour le chien et les passagers.","breadcrumb":{"@id":"https:\/\/www.guardsmandogguards.co.uk\/fr\/produit\/mitsubishi-outlander-3-2012-2021-grille-de-separation-pour-chien-et-grille-de-division-adaptable-g1303\/#breadcrumb"},"inLanguage":"fr-FR","potentialAction":[{"@type":"ReadAction","target":["https:\/\/www.guardsmandogguards.co.uk\/fr\/produit\/mitsubishi-outlander-3-2012-2021-grille-de-separation-pour-chien-et-grille-de-division-adaptable-g1303\/"]}]},{"@type":"ImageObject","inLanguage":"fr-FR","@id":"https:\/\/www.guardsmandogguards.co.uk\/fr\/produit\/mitsubishi-outlander-3-2012-2021-grille-de-separation-pour-chien-et-grille-de-division-adaptable-g1303\/#primaryimage","url":"https:\/\/www.guardsmandogguards.co.uk\/wp-content\/uploads\/2022\/08\/G1303D-fitted.jpg","contentUrl":"https:\/\/www.guardsmandogguards.co.uk\/wp-content\/uploads\/2022\/08\/G1303D-fitted.jpg","width":850,"height":667},{"@type":"BreadcrumbList","@id":"https:\/\/www.guardsmandogguards.co.uk\/fr\/produit\/mitsubishi-outlander-3-2012-2021-grille-de-separation-pour-chien-et-grille-de-division-adaptable-g1303\/#breadcrumb","itemListElement":[{"@type":"ListItem","position":1,"name":"Home","item":"https:\/\/www.guardsmandogguards.co.uk\/fr\/"},{"@type":"ListItem","position":2,"name":"Products","item":"https:\/\/www.guardsmandogguards.co.uk\/shop\/"},{"@type":"ListItem","position":3,"name":"Mitsubishi Outlander #3 (2012-2021) GRILLE DE S\u00c9PARATION POUR CHIEN ET GRILLE DE DIVISION ADAPTABLE (G1303GA)"}]},{"@type":"WebSite","@id":"https:\/\/www.guardsmandogguards.co.uk\/#website","url":"https:\/\/www.guardsmandogguards.co.uk\/","name":"Guardsman Dog Guards","description":"A full range of Dog Guards and Boot Dividers for all Car Brands and Models","publisher":{"@id":"https:\/\/www.guardsmandogguards.co.uk\/#organization"},"potentialAction":[{"@type":"SearchAction","target":{"@type":"EntryPoint","urlTemplate":"https:\/\/www.guardsmandogguards.co.uk\/?s={search_term_string}"},"query-input":{"@type":"PropertyValueSpecification","valueRequired":true,"valueName":"search_term_string"}}],"inLanguage":"fr-FR"},{"@type":"Organization","@id":"https:\/\/www.guardsmandogguards.co.uk\/#organization","name":"Guardsman Dog Guards","url":"https:\/\/www.guardsmandogguards.co.uk\/","logo":{"@type":"ImageObject","inLanguage":"fr-FR","@id":"https:\/\/www.guardsmandogguards.co.uk\/#\/schema\/logo\/image\/","url":"https:\/\/www.guardsmandogguards.co.uk\/wp-content\/uploads\/2017\/08\/guardsman.jpg","contentUrl":"https:\/\/www.guardsmandogguards.co.uk\/wp-content\/uploads\/2017\/08\/guardsman.jpg","width":235,"height":235,"caption":"Guardsman Dog Guards"},"image":{"@id":"https:\/\/www.guardsmandogguards.co.uk\/#\/schema\/logo\/image\/"},"sameAs":["https:\/\/www.facebook.com\/AthagGuardsman","https:\/\/x.com\/AthagGuardsman","https:\/\/www.linkedin.com\/in\/athag-guardsman-44a5699a\/"]}]}},"_links":{"self":[{"href":"https:\/\/www.guardsmandogguards.co.uk\/fr\/wp-json\/wp\/v2\/product\/44768","targetHints":{"allow":["GET"]}}],"collection":[{"href":"https:\/\/www.guardsmandogguards.co.uk\/fr\/wp-json\/wp\/v2\/product"}],"about":[{"href":"https:\/\/www.guardsmandogguards.co.uk\/fr\/wp-json\/wp\/v2\/types\/product"}],"wp:featuredmedia":[{"embeddable":true,"href":"https:\/\/www.guardsmandogguards.co.uk\/fr\/wp-json\/wp\/v2\/media\/44758"}],"wp:attachment":[{"href":"https:\/\/www.guardsmandogguards.co.uk\/fr\/wp-json\/wp\/v2\/media?parent=44768"}],"wp:term":[{"taxonomy":"product_brand","embeddable":true,"href":"https:\/\/www.guardsmandogguards.co.uk\/fr\/wp-json\/wp\/v2\/product_brand?post=44768"},{"taxonomy":"product_cat","embeddable":true,"href":"https:\/\/www.guardsmandogguards.co.uk\/fr\/wp-json\/wp\/v2\/product_cat?post=44768"},{"taxonomy":"product_tag","embeddable":true,"href":"https:\/\/www.guardsmandogguards.co.uk\/fr\/wp-json\/wp\/v2\/product_tag?post=44768"}],"curies":[{"name":"wp","href":"https:\/\/api.w.org\/{rel}","templated":true}]}}