{"id":21059,"date":"2017-05-22T11:26:15","date_gmt":"2017-05-22T10:26:15","guid":{"rendered":"https:\/\/www.guardsmandogguards.co.uk\/product\/skoda-superb-estate-3t-2008-2015-grille-de-division-adaptable-g1327d\/"},"modified":"2024-01-04T12:57:50","modified_gmt":"2024-01-04T12:57:50","slug":"skoda-superb-estate-3t-2008-2015-grille-de-division-adaptable-g1327d","status":"publish","type":"product","link":"https:\/\/www.guardsmandogguards.co.uk\/fr\/produit\/skoda-superb-estate-3t-2008-2015-grille-de-division-adaptable-g1327d\/","title":{"rendered":"SKODA SUPERB ESTATE 3T &#8211; pas de toit ouvrant (2008 -2015) Grille de division adaptable (G1327D*)"},"content":{"rendered":"<p><span style=\"font-weight: 400;\">Notre Grille de Division Adaptable, accessoire con\u00e7ue sp\u00e9cifiquement pour la\u00a0 Skoda Superb Estate 3T (pas de toit ouvrant) (2008-2015) <\/span><span style=\"font-weight: 400;\">\u00a0cr\u00e9e une barri\u00e8re adaptable qui attache \u00e0 la grille de s\u00e9paration afin de cr\u00e9er deux compartiments dans le coffre de votre voiture.\u00a0<\/span><\/p>\n<p><span style=\"font-weight: 400;\">Veuillez noter : Vous devez d\u00e9j\u00e0 avoir la grille de s\u00e9paration pour chiens GUARDSMAN pour que ce produit fonctionne\/<\/span><\/p>\n<p>Il y a deux niveaux de hauteur Boot Floor peut \u00eatre en fonction des sp\u00e9cifications de la voiture que vous avez!<\/p>\n<p>Nous devons faire en sorte que le s\u00e9parateur de coffre soit \u00e0 la bonne hauteur pour s\u2019adapter \u00e0 votre voiture, c\u2019est donc l\u00e0 que nous avons besoin de votre aide.<\/p>\n<p>Jetez un oeil \u00e0 ce clip Youtube qui montre la bonne fa\u00e7on de mesurer la hauteur de votre botte cela nous permettra de faire votre\u00a0de Grille de Division Adaptable\u00a0\u00e0 la bonne taille.<\/p>\n<p><a href=\"https:\/\/www.youtube.com\/watch?v=N55z-8rOCfo\" target=\"_blank\" rel=\"noopener\">Comment mesurer correctement votre s\u00e9parateur de coffre \u00ab Guardsman \u00bb<\/a><\/p>\n<p><strong>Veuillez vous assurer d\u2019entrer la mesure sur le formulaire de commande en ligne lorsque vous le soumettez.<\/strong><\/p>\n<ul>\n<li style=\"font-weight: 400;\"><span style=\"font-weight: 400;\">Id\u00e9ale pour la s\u00e9paration de deux chiens, ou pour s\u00e9parer les bagages du chien\u00a0<\/span><\/li>\n<li style=\"font-weight: 400;\"><span style=\"font-weight: 400;\">Montage rapide sans besoin de modifier le v\u00e9hicule<\/span><\/li>\n<li style=\"font-weight: 400;\"><span style=\"font-weight: 400;\">Instructions de montage et toutes fixations n\u00e9cessaires fournis\u00a0<\/span><\/li>\n<li style=\"font-weight: 400;\"><span style=\"font-weight: 400;\">Cadre externe de la grille fabriqu\u00e9 en tuyau de 19 mm, maille en acier 50mm- tr\u00e8s r\u00e9sistant et durable.<\/span><\/li>\n<li style=\"font-weight: 400;\"><span style=\"font-weight: 400;\">Peint en rev\u00eatement de poudre noir, conforme aux normes automobiles internationaux.<\/span><\/li>\n<li style=\"font-weight: 400;\"><span style=\"font-weight: 400;\">Fabriqu\u00e9 selon les m\u00eames sp\u00e9cifications que les produits fournis aux constructeurs d\u2019automobiles.<\/span><\/li>\n<li style=\"font-weight: 400;\"><span style=\"font-weight: 400;\">Conforme aux normes de qualit\u00e9 internationales ISO 9001<\/span><\/li>\n<\/ul>\n","protected":false},"excerpt":{"rendered":"<p>Notre Grille de Division Adaptable, accessoire con\u00e7ue sp\u00e9cifiquement pour la\u00a0 Skoda Superb Estate 3T (pas de toit ouvrant) (2008-2015) \u00a0cr\u00e9e une barri\u00e8re adaptable qui attache \u00e0 la grille de s\u00e9paration afin de cr\u00e9er deux compartiments dans le coffre de votre [&hellip;]<\/p>\n","protected":false},"featured_media":18029,"template":"","meta":[],"product_brand":[],"product_cat":[670,671],"product_tag":[],"class_list":{"0":"post-21059","1":"product","2":"type-product","3":"status-publish","4":"has-post-thumbnail","6":"product_cat-skoda-fr","7":"product_cat-skoda-superb-estate-3t-2008-2015-fr-2","8":"product_shipping_class-divider-fr","10":"first","11":"instock","12":"taxable","13":"shipping-taxable","14":"purchasable","15":"product-type-simple"},"yoast_head":"<!-- This site is optimized with the Yoast SEO plugin v26.0 - https:\/\/yoast.com\/wordpress\/plugins\/seo\/ -->\n<title>Skoda Superb Estate 3T Non-Sunroof (2008-2015) Grille de division adaptable - Guardsman<\/title>\n<meta name=\"description\" content=\"Vous recherchez un diviseur de garde ou de garde pour Skoda Superb Estate 3T? Ce diviseur de bottes construit au Royaume-Uni constitue une barri\u00e8re solide et s\u00e9curis\u00e9e pour le chien et les passagers\" \/>\n<meta name=\"robots\" content=\"index, follow, max-snippet:-1, max-image-preview:large, max-video-preview:-1\" \/>\n<link rel=\"canonical\" href=\"https:\/\/www.guardsmandogguards.co.uk\/fr\/produit\/skoda-superb-estate-3t-2008-2015-grille-de-division-adaptable-g1327d\/\" \/>\n<meta property=\"og:locale\" content=\"fr_FR\" \/>\n<meta property=\"og:type\" content=\"article\" \/>\n<meta property=\"og:title\" content=\"Skoda Superb Estate 3T Non-Sunroof (2008-2015) Grille de division adaptable - Guardsman\" \/>\n<meta property=\"og:description\" content=\"Vous recherchez un diviseur de garde ou de garde pour Skoda Superb Estate 3T? Ce diviseur de bottes construit au Royaume-Uni constitue une barri\u00e8re solide et s\u00e9curis\u00e9e pour le chien et les passagers\" \/>\n<meta property=\"og:url\" content=\"https:\/\/www.guardsmandogguards.co.uk\/fr\/produit\/skoda-superb-estate-3t-2008-2015-grille-de-division-adaptable-g1327d\/\" \/>\n<meta property=\"og:site_name\" content=\"Guardsman Dog Guards\" \/>\n<meta property=\"article:publisher\" content=\"https:\/\/www.facebook.com\/AthagGuardsman\" \/>\n<meta property=\"article:modified_time\" content=\"2024-01-04T12:57:50+00:00\" \/>\n<meta property=\"og:image\" content=\"https:\/\/www.guardsmandogguards.co.uk\/wp-content\/uploads\/2017\/05\/G1327D.jpg\" \/>\n\t<meta property=\"og:image:width\" content=\"1920\" \/>\n\t<meta property=\"og:image:height\" content=\"1280\" \/>\n\t<meta property=\"og:image:type\" content=\"image\/jpeg\" \/>\n<meta name=\"twitter:card\" content=\"summary_large_image\" \/>\n<meta name=\"twitter:site\" content=\"@AthagGuardsman\" \/>\n<meta name=\"twitter:label1\" content=\"Dur\u00e9e de lecture estim\u00e9e\" \/>\n\t<meta name=\"twitter:data1\" content=\"1 minute\" \/>\n<script type=\"application\/ld+json\" class=\"yoast-schema-graph\">{\"@context\":\"https:\/\/schema.org\",\"@graph\":[{\"@type\":\"WebPage\",\"@id\":\"https:\/\/www.guardsmandogguards.co.uk\/fr\/produit\/skoda-superb-estate-3t-2008-2015-grille-de-division-adaptable-g1327d\/\",\"url\":\"https:\/\/www.guardsmandogguards.co.uk\/fr\/produit\/skoda-superb-estate-3t-2008-2015-grille-de-division-adaptable-g1327d\/\",\"name\":\"Skoda Superb Estate 3T Non-Sunroof (2008-2015) Grille de division adaptable - Guardsman\",\"isPartOf\":{\"@id\":\"https:\/\/www.guardsmandogguards.co.uk\/#website\"},\"primaryImageOfPage\":{\"@id\":\"https:\/\/www.guardsmandogguards.co.uk\/fr\/produit\/skoda-superb-estate-3t-2008-2015-grille-de-division-adaptable-g1327d\/#primaryimage\"},\"image\":{\"@id\":\"https:\/\/www.guardsmandogguards.co.uk\/fr\/produit\/skoda-superb-estate-3t-2008-2015-grille-de-division-adaptable-g1327d\/#primaryimage\"},\"thumbnailUrl\":\"https:\/\/www.guardsmandogguards.co.uk\/wp-content\/uploads\/2017\/05\/G1327D.jpg\",\"datePublished\":\"2017-05-22T10:26:15+00:00\",\"dateModified\":\"2024-01-04T12:57:50+00:00\",\"description\":\"Vous recherchez un diviseur de garde ou de garde pour Skoda Superb Estate 3T? Ce diviseur de bottes construit au Royaume-Uni constitue une barri\u00e8re solide et s\u00e9curis\u00e9e pour le chien et les passagers\",\"breadcrumb\":{\"@id\":\"https:\/\/www.guardsmandogguards.co.uk\/fr\/produit\/skoda-superb-estate-3t-2008-2015-grille-de-division-adaptable-g1327d\/#breadcrumb\"},\"inLanguage\":\"fr-FR\",\"potentialAction\":[{\"@type\":\"ReadAction\",\"target\":[\"https:\/\/www.guardsmandogguards.co.uk\/fr\/produit\/skoda-superb-estate-3t-2008-2015-grille-de-division-adaptable-g1327d\/\"]}]},{\"@type\":\"ImageObject\",\"inLanguage\":\"fr-FR\",\"@id\":\"https:\/\/www.guardsmandogguards.co.uk\/fr\/produit\/skoda-superb-estate-3t-2008-2015-grille-de-division-adaptable-g1327d\/#primaryimage\",\"url\":\"https:\/\/www.guardsmandogguards.co.uk\/wp-content\/uploads\/2017\/05\/G1327D.jpg\",\"contentUrl\":\"https:\/\/www.guardsmandogguards.co.uk\/wp-content\/uploads\/2017\/05\/G1327D.jpg\",\"width\":1920,\"height\":1280},{\"@type\":\"BreadcrumbList\",\"@id\":\"https:\/\/www.guardsmandogguards.co.uk\/fr\/produit\/skoda-superb-estate-3t-2008-2015-grille-de-division-adaptable-g1327d\/#breadcrumb\",\"itemListElement\":[{\"@type\":\"ListItem\",\"position\":1,\"name\":\"Home\",\"item\":\"https:\/\/www.guardsmandogguards.co.uk\/fr\/\"},{\"@type\":\"ListItem\",\"position\":2,\"name\":\"Products\",\"item\":\"https:\/\/www.guardsmandogguards.co.uk\/shop\/\"},{\"@type\":\"ListItem\",\"position\":3,\"name\":\"SKODA SUPERB ESTATE 3T &#8211; pas de toit ouvrant (2008 -2015) Grille de division adaptable (G1327D*)\"}]},{\"@type\":\"WebSite\",\"@id\":\"https:\/\/www.guardsmandogguards.co.uk\/#website\",\"url\":\"https:\/\/www.guardsmandogguards.co.uk\/\",\"name\":\"Guardsman Dog Guards\",\"description\":\"A full range of Dog Guards and Boot Dividers for all Car Brands and Models\",\"publisher\":{\"@id\":\"https:\/\/www.guardsmandogguards.co.uk\/#organization\"},\"potentialAction\":[{\"@type\":\"SearchAction\",\"target\":{\"@type\":\"EntryPoint\",\"urlTemplate\":\"https:\/\/www.guardsmandogguards.co.uk\/?s={search_term_string}\"},\"query-input\":{\"@type\":\"PropertyValueSpecification\",\"valueRequired\":true,\"valueName\":\"search_term_string\"}}],\"inLanguage\":\"fr-FR\"},{\"@type\":\"Organization\",\"@id\":\"https:\/\/www.guardsmandogguards.co.uk\/#organization\",\"name\":\"Guardsman Dog Guards\",\"url\":\"https:\/\/www.guardsmandogguards.co.uk\/\",\"logo\":{\"@type\":\"ImageObject\",\"inLanguage\":\"fr-FR\",\"@id\":\"https:\/\/www.guardsmandogguards.co.uk\/#\/schema\/logo\/image\/\",\"url\":\"https:\/\/www.guardsmandogguards.co.uk\/wp-content\/uploads\/2017\/08\/guardsman.jpg\",\"contentUrl\":\"https:\/\/www.guardsmandogguards.co.uk\/wp-content\/uploads\/2017\/08\/guardsman.jpg\",\"width\":235,\"height\":235,\"caption\":\"Guardsman Dog Guards\"},\"image\":{\"@id\":\"https:\/\/www.guardsmandogguards.co.uk\/#\/schema\/logo\/image\/\"},\"sameAs\":[\"https:\/\/www.facebook.com\/AthagGuardsman\",\"https:\/\/x.com\/AthagGuardsman\",\"https:\/\/www.linkedin.com\/in\/athag-guardsman-44a5699a\/\"]}]}<\/script>\n<!-- \/ Yoast SEO plugin. -->","yoast_head_json":{"title":"Skoda Superb Estate 3T Non-Sunroof (2008-2015) Grille de division adaptable - Guardsman","description":"Vous recherchez un diviseur de garde ou de garde pour Skoda Superb Estate 3T? Ce diviseur de bottes construit au Royaume-Uni constitue une barri\u00e8re solide et s\u00e9curis\u00e9e pour le chien et les passagers","robots":{"index":"index","follow":"follow","max-snippet":"max-snippet:-1","max-image-preview":"max-image-preview:large","max-video-preview":"max-video-preview:-1"},"canonical":"https:\/\/www.guardsmandogguards.co.uk\/fr\/produit\/skoda-superb-estate-3t-2008-2015-grille-de-division-adaptable-g1327d\/","og_locale":"fr_FR","og_type":"article","og_title":"Skoda Superb Estate 3T Non-Sunroof (2008-2015) Grille de division adaptable - Guardsman","og_description":"Vous recherchez un diviseur de garde ou de garde pour Skoda Superb Estate 3T? Ce diviseur de bottes construit au Royaume-Uni constitue une barri\u00e8re solide et s\u00e9curis\u00e9e pour le chien et les passagers","og_url":"https:\/\/www.guardsmandogguards.co.uk\/fr\/produit\/skoda-superb-estate-3t-2008-2015-grille-de-division-adaptable-g1327d\/","og_site_name":"Guardsman Dog Guards","article_publisher":"https:\/\/www.facebook.com\/AthagGuardsman","article_modified_time":"2024-01-04T12:57:50+00:00","og_image":[{"width":1920,"height":1280,"url":"https:\/\/www.guardsmandogguards.co.uk\/wp-content\/uploads\/2017\/05\/G1327D.jpg","type":"image\/jpeg"}],"twitter_card":"summary_large_image","twitter_site":"@AthagGuardsman","twitter_misc":{"Dur\u00e9e de lecture estim\u00e9e":"1 minute"},"schema":{"@context":"https:\/\/schema.org","@graph":[{"@type":"WebPage","@id":"https:\/\/www.guardsmandogguards.co.uk\/fr\/produit\/skoda-superb-estate-3t-2008-2015-grille-de-division-adaptable-g1327d\/","url":"https:\/\/www.guardsmandogguards.co.uk\/fr\/produit\/skoda-superb-estate-3t-2008-2015-grille-de-division-adaptable-g1327d\/","name":"Skoda Superb Estate 3T Non-Sunroof (2008-2015) Grille de division adaptable - Guardsman","isPartOf":{"@id":"https:\/\/www.guardsmandogguards.co.uk\/#website"},"primaryImageOfPage":{"@id":"https:\/\/www.guardsmandogguards.co.uk\/fr\/produit\/skoda-superb-estate-3t-2008-2015-grille-de-division-adaptable-g1327d\/#primaryimage"},"image":{"@id":"https:\/\/www.guardsmandogguards.co.uk\/fr\/produit\/skoda-superb-estate-3t-2008-2015-grille-de-division-adaptable-g1327d\/#primaryimage"},"thumbnailUrl":"https:\/\/www.guardsmandogguards.co.uk\/wp-content\/uploads\/2017\/05\/G1327D.jpg","datePublished":"2017-05-22T10:26:15+00:00","dateModified":"2024-01-04T12:57:50+00:00","description":"Vous recherchez un diviseur de garde ou de garde pour Skoda Superb Estate 3T? Ce diviseur de bottes construit au Royaume-Uni constitue une barri\u00e8re solide et s\u00e9curis\u00e9e pour le chien et les passagers","breadcrumb":{"@id":"https:\/\/www.guardsmandogguards.co.uk\/fr\/produit\/skoda-superb-estate-3t-2008-2015-grille-de-division-adaptable-g1327d\/#breadcrumb"},"inLanguage":"fr-FR","potentialAction":[{"@type":"ReadAction","target":["https:\/\/www.guardsmandogguards.co.uk\/fr\/produit\/skoda-superb-estate-3t-2008-2015-grille-de-division-adaptable-g1327d\/"]}]},{"@type":"ImageObject","inLanguage":"fr-FR","@id":"https:\/\/www.guardsmandogguards.co.uk\/fr\/produit\/skoda-superb-estate-3t-2008-2015-grille-de-division-adaptable-g1327d\/#primaryimage","url":"https:\/\/www.guardsmandogguards.co.uk\/wp-content\/uploads\/2017\/05\/G1327D.jpg","contentUrl":"https:\/\/www.guardsmandogguards.co.uk\/wp-content\/uploads\/2017\/05\/G1327D.jpg","width":1920,"height":1280},{"@type":"BreadcrumbList","@id":"https:\/\/www.guardsmandogguards.co.uk\/fr\/produit\/skoda-superb-estate-3t-2008-2015-grille-de-division-adaptable-g1327d\/#breadcrumb","itemListElement":[{"@type":"ListItem","position":1,"name":"Home","item":"https:\/\/www.guardsmandogguards.co.uk\/fr\/"},{"@type":"ListItem","position":2,"name":"Products","item":"https:\/\/www.guardsmandogguards.co.uk\/shop\/"},{"@type":"ListItem","position":3,"name":"SKODA SUPERB ESTATE 3T &#8211; pas de toit ouvrant (2008 -2015) Grille de division adaptable (G1327D*)"}]},{"@type":"WebSite","@id":"https:\/\/www.guardsmandogguards.co.uk\/#website","url":"https:\/\/www.guardsmandogguards.co.uk\/","name":"Guardsman Dog Guards","description":"A full range of Dog Guards and Boot Dividers for all Car Brands and Models","publisher":{"@id":"https:\/\/www.guardsmandogguards.co.uk\/#organization"},"potentialAction":[{"@type":"SearchAction","target":{"@type":"EntryPoint","urlTemplate":"https:\/\/www.guardsmandogguards.co.uk\/?s={search_term_string}"},"query-input":{"@type":"PropertyValueSpecification","valueRequired":true,"valueName":"search_term_string"}}],"inLanguage":"fr-FR"},{"@type":"Organization","@id":"https:\/\/www.guardsmandogguards.co.uk\/#organization","name":"Guardsman Dog Guards","url":"https:\/\/www.guardsmandogguards.co.uk\/","logo":{"@type":"ImageObject","inLanguage":"fr-FR","@id":"https:\/\/www.guardsmandogguards.co.uk\/#\/schema\/logo\/image\/","url":"https:\/\/www.guardsmandogguards.co.uk\/wp-content\/uploads\/2017\/08\/guardsman.jpg","contentUrl":"https:\/\/www.guardsmandogguards.co.uk\/wp-content\/uploads\/2017\/08\/guardsman.jpg","width":235,"height":235,"caption":"Guardsman Dog Guards"},"image":{"@id":"https:\/\/www.guardsmandogguards.co.uk\/#\/schema\/logo\/image\/"},"sameAs":["https:\/\/www.facebook.com\/AthagGuardsman","https:\/\/x.com\/AthagGuardsman","https:\/\/www.linkedin.com\/in\/athag-guardsman-44a5699a\/"]}]}},"_links":{"self":[{"href":"https:\/\/www.guardsmandogguards.co.uk\/fr\/wp-json\/wp\/v2\/product\/21059","targetHints":{"allow":["GET"]}}],"collection":[{"href":"https:\/\/www.guardsmandogguards.co.uk\/fr\/wp-json\/wp\/v2\/product"}],"about":[{"href":"https:\/\/www.guardsmandogguards.co.uk\/fr\/wp-json\/wp\/v2\/types\/product"}],"wp:featuredmedia":[{"embeddable":true,"href":"https:\/\/www.guardsmandogguards.co.uk\/fr\/wp-json\/wp\/v2\/media\/18029"}],"wp:attachment":[{"href":"https:\/\/www.guardsmandogguards.co.uk\/fr\/wp-json\/wp\/v2\/media?parent=21059"}],"wp:term":[{"taxonomy":"product_brand","embeddable":true,"href":"https:\/\/www.guardsmandogguards.co.uk\/fr\/wp-json\/wp\/v2\/product_brand?post=21059"},{"taxonomy":"product_cat","embeddable":true,"href":"https:\/\/www.guardsmandogguards.co.uk\/fr\/wp-json\/wp\/v2\/product_cat?post=21059"},{"taxonomy":"product_tag","embeddable":true,"href":"https:\/\/www.guardsmandogguards.co.uk\/fr\/wp-json\/wp\/v2\/product_tag?post=21059"}],"curies":[{"name":"wp","href":"https:\/\/api.w.org\/{rel}","templated":true}]}}