{"id":21054,"date":"2017-09-06T15:02:51","date_gmt":"2017-09-06T14:02:51","guid":{"rendered":"https:\/\/www.guardsmandogguards.co.uk\/product\/skoda-kodiaq-5-sieges-seulement-grille-de-division-adaptable-pour-plancher-bas-g1473dlf\/"},"modified":"2024-05-07T11:14:26","modified_gmt":"2024-05-07T10:14:26","slug":"skoda-kodiaq-5-sieges-seulement-grille-de-division-adaptable-g1473dlf","status":"publish","type":"product","link":"https:\/\/www.guardsmandogguards.co.uk\/fr\/produit\/skoda-kodiaq-5-sieges-seulement-grille-de-division-adaptable-g1473dlf\/","title":{"rendered":"Skoda Kodiaq #1 &#8211; 5 Si\u00e8ges Seulement &#8211; Grille de Division adaptable (G1473DLF*)"},"content":{"rendered":"<p><span style=\"font-weight: 400;\">Notre Grille de Division Adaptable, accessoire con\u00e7ue sp\u00e9cifiquement pour la\u00a0 Skoda Kodiaq #1 5 Seat (2017-2014)<\/span><span style=\"font-weight: 400;\">\u00a0cr\u00e9e une barri\u00e8re adaptable qui attache \u00e0 la grille de s\u00e9paration afin de cr\u00e9er deux compartiments dans le coffre de votre voiture.\u00a0<\/span><\/p>\n<p><span style=\"font-weight: 400;\">Veuillez noter : Vous devez d\u00e9j\u00e0 avoir la grille de s\u00e9paration pour chiens GUARDSMAN pour que ce produit fonctionne.<\/span><\/p>\n<p><strong>Selon les sp\u00e9cifications de votre voiture, il existe diff\u00e9rents niveaux de hauteur auxquels votre plancher de coffre peut \u00eatre r\u00e9gl\u00e9.<\/strong><\/p>\n<p>Nous devons faire du s\u00e9parateur de coffre la bonne hauteur pour convenir \u00e0 votre voiture, c&rsquo;est donc l\u00e0 que nous avons besoin de votre aide &#8211; Faites d\u00e9filer les images du produit sur cette page et une illustration vous montrera o\u00f9 prendre une simple mesure de \u00abligne rouge\u00bb.<\/p>\n<p>Jetez un oeil \u00e0 ce clip youtube qui montre la bonne fa\u00e7on de mesurer la hauteur de votre tronc<\/p>\n<p><a href=\"https:\/\/www.youtube.com\/watch?v=N55z-8rOCfo\">https:\/\/www.youtube.com\/watch?v=N55z-8rOCfo<\/a><\/p>\n<p>cela nous permettra de fabriquer correctement votre commande.<\/p>\n<p><strong>Veuillez vous assurer de saisir la mesure sur le formulaire de commande en ligne lorsque vous le soumettez. Nous vous contacterons si nous avons besoin d&rsquo;informations suppl\u00e9mentaires<\/strong><\/p>\n<ul>\n<li style=\"font-weight: 400;\"><span style=\"font-weight: 400;\">Id\u00e9ale pour la s\u00e9paration de deux chiens, ou pour s\u00e9parer les bagages du chien\u00a0<\/span><\/li>\n<li style=\"font-weight: 400;\"><span style=\"font-weight: 400;\">Montage rapide sans besoin de modifier le v\u00e9hicule<\/span><\/li>\n<li style=\"font-weight: 400;\"><span style=\"font-weight: 400;\">Instructions de montage et toutes fixations n\u00e9cessaires fournis\u00a0<\/span><\/li>\n<li style=\"font-weight: 400;\"><span style=\"font-weight: 400;\">Cadre externe de la grille fabriqu\u00e9 en tuyau de 19 mm, maille en acier 50mm- tr\u00e8s r\u00e9sistant et durable.<\/span><\/li>\n<li style=\"font-weight: 400;\"><span style=\"font-weight: 400;\">Peint en rev\u00eatement de poudre noir, conforme aux normes automobiles internationaux.<\/span><\/li>\n<li style=\"font-weight: 400;\"><span style=\"font-weight: 400;\">Fabriqu\u00e9 selon les m\u00eames sp\u00e9cifications que les produits fournis aux constructeurs d\u2019automobiles.<\/span><\/li>\n<li style=\"font-weight: 400;\"><span style=\"font-weight: 400;\">Conforme aux normes de qualit\u00e9 internationales ISO 9001<\/span><\/li>\n<\/ul>\n<div class=\"tlid-input input\">\n<div class=\"source-wrap\">\n<div class=\"input-full-height-wrapper tlid-input-full-height-wrapper\">\n<div class=\"source-input\">\n<div class=\"source-footer-wrap source-or-target-footer\">\n<div class=\"source-footer\">\n<div class=\"speech-wrap source-or-target-footer-button left-positioned\">\n<div id=\"gt-speech\" class=\"speech-button goog-toolbar-button\" tabindex=\"0\" role=\"button\" aria-label=\"Turn on voice input\" data-tooltip-align=\"t,c\" aria-pressed=\"false\" aria-disabled=\"false\" data-tooltip=\"Turn on voice input\"><\/div>\n<\/div>\n<div class=\"src-tts left-positioned ttsbutton jfk-button-flat source-or-target-footer-button jfk-button\" tabindex=\"0\" role=\"button\" aria-label=\"Listen\" data-tooltip=\"Listen\" aria-pressed=\"false\" data-tooltip-align=\"t,c\" aria-hidden=\"false\" aria-disabled=\"false\"><\/div>\n<\/div>\n<\/div>\n<\/div>\n<\/div>\n<\/div>\n<\/div>\n<div class=\"tlid-results-container results-container\">\n<div class=\"tlid-result result-dict-wrapper\">\n<div class=\"result tlid-copy-target\">\n<div class=\"text-wrap tlid-copy-target\">\n<div class=\"result-shield-container tlid-copy-target\" tabindex=\"0\">\n<p>&nbsp;<\/p>\n<\/div>\n<\/div>\n<\/div>\n<\/div>\n<\/div>\n","protected":false},"excerpt":{"rendered":"<p>Notre Grille de Division Adaptable, accessoire con\u00e7ue sp\u00e9cifiquement pour la\u00a0 Skoda Kodiaq #1 5 Seat (2017-2014)\u00a0cr\u00e9e une barri\u00e8re adaptable qui attache \u00e0 la grille de s\u00e9paration afin de cr\u00e9er deux compartiments dans le coffre de votre voiture.\u00a0 Veuillez noter : [&hellip;]<\/p>\n","protected":false},"featured_media":13400,"template":"","meta":[],"product_brand":[],"product_cat":[695],"product_tag":[],"class_list":{"0":"post-21054","1":"product","2":"type-product","3":"status-publish","4":"has-post-thumbnail","6":"product_cat-skoda-kodiaq-2017-fr","7":"product_shipping_class-divider-fr","9":"first","10":"instock","11":"taxable","12":"shipping-taxable","13":"purchasable","14":"product-type-simple"},"yoast_head":"<!-- This site is optimized with the Yoast SEO plugin v26.0 - https:\/\/yoast.com\/wordpress\/plugins\/seo\/ -->\n<title>Skoda Kodiaq #1 - 5 Si\u00e8ges Seulement - Grille de Division adaptable (G1473DLF*) - Guardsman Dog Guards<\/title>\n<meta name=\"robots\" content=\"index, follow, max-snippet:-1, max-image-preview:large, max-video-preview:-1\" \/>\n<link rel=\"canonical\" href=\"https:\/\/www.guardsmandogguards.co.uk\/fr\/produit\/skoda-kodiaq-5-sieges-seulement-grille-de-division-adaptable-g1473dlf\/\" \/>\n<meta property=\"og:locale\" content=\"fr_FR\" \/>\n<meta property=\"og:type\" content=\"article\" \/>\n<meta property=\"og:title\" content=\"Skoda Kodiaq #1 - 5 Si\u00e8ges Seulement - Grille de Division adaptable (G1473DLF*) - Guardsman Dog Guards\" \/>\n<meta property=\"og:description\" content=\"Notre Grille de Division Adaptable, accessoire con\u00e7ue sp\u00e9cifiquement pour la\u00a0 Skoda Kodiaq #1 5 Seat (2017-2014)\u00a0cr\u00e9e une barri\u00e8re adaptable qui attache \u00e0 la grille de s\u00e9paration afin de cr\u00e9er deux compartiments dans le coffre de votre voiture.\u00a0 Veuillez noter : [&hellip;]\" \/>\n<meta property=\"og:url\" content=\"https:\/\/www.guardsmandogguards.co.uk\/fr\/produit\/skoda-kodiaq-5-sieges-seulement-grille-de-division-adaptable-g1473dlf\/\" \/>\n<meta property=\"og:site_name\" content=\"Guardsman Dog Guards\" \/>\n<meta property=\"article:publisher\" content=\"https:\/\/www.facebook.com\/AthagGuardsman\" \/>\n<meta property=\"article:modified_time\" content=\"2024-05-07T10:14:26+00:00\" \/>\n<meta name=\"twitter:card\" content=\"summary_large_image\" \/>\n<meta name=\"twitter:site\" content=\"@AthagGuardsman\" \/>\n<meta name=\"twitter:label1\" content=\"Dur\u00e9e de lecture estim\u00e9e\" \/>\n\t<meta name=\"twitter:data1\" content=\"1 minute\" \/>\n<script type=\"application\/ld+json\" class=\"yoast-schema-graph\">{\"@context\":\"https:\/\/schema.org\",\"@graph\":[{\"@type\":\"WebPage\",\"@id\":\"https:\/\/www.guardsmandogguards.co.uk\/fr\/produit\/skoda-kodiaq-5-sieges-seulement-grille-de-division-adaptable-g1473dlf\/\",\"url\":\"https:\/\/www.guardsmandogguards.co.uk\/fr\/produit\/skoda-kodiaq-5-sieges-seulement-grille-de-division-adaptable-g1473dlf\/\",\"name\":\"Skoda Kodiaq #1 - 5 Si\u00e8ges Seulement - Grille de Division adaptable (G1473DLF*) - Guardsman Dog Guards\",\"isPartOf\":{\"@id\":\"https:\/\/www.guardsmandogguards.co.uk\/#website\"},\"primaryImageOfPage\":{\"@id\":\"https:\/\/www.guardsmandogguards.co.uk\/fr\/produit\/skoda-kodiaq-5-sieges-seulement-grille-de-division-adaptable-g1473dlf\/#primaryimage\"},\"image\":{\"@id\":\"https:\/\/www.guardsmandogguards.co.uk\/fr\/produit\/skoda-kodiaq-5-sieges-seulement-grille-de-division-adaptable-g1473dlf\/#primaryimage\"},\"thumbnailUrl\":\"https:\/\/www.guardsmandogguards.co.uk\/wp-content\/uploads\/2017\/09\/G1473D-level-1.jpg\",\"datePublished\":\"2017-09-06T14:02:51+00:00\",\"dateModified\":\"2024-05-07T10:14:26+00:00\",\"breadcrumb\":{\"@id\":\"https:\/\/www.guardsmandogguards.co.uk\/fr\/produit\/skoda-kodiaq-5-sieges-seulement-grille-de-division-adaptable-g1473dlf\/#breadcrumb\"},\"inLanguage\":\"fr-FR\",\"potentialAction\":[{\"@type\":\"ReadAction\",\"target\":[\"https:\/\/www.guardsmandogguards.co.uk\/fr\/produit\/skoda-kodiaq-5-sieges-seulement-grille-de-division-adaptable-g1473dlf\/\"]}]},{\"@type\":\"ImageObject\",\"inLanguage\":\"fr-FR\",\"@id\":\"https:\/\/www.guardsmandogguards.co.uk\/fr\/produit\/skoda-kodiaq-5-sieges-seulement-grille-de-division-adaptable-g1473dlf\/#primaryimage\",\"url\":\"https:\/\/www.guardsmandogguards.co.uk\/wp-content\/uploads\/2017\/09\/G1473D-level-1.jpg\",\"contentUrl\":\"https:\/\/www.guardsmandogguards.co.uk\/wp-content\/uploads\/2017\/09\/G1473D-level-1.jpg\",\"width\":1136,\"height\":852},{\"@type\":\"BreadcrumbList\",\"@id\":\"https:\/\/www.guardsmandogguards.co.uk\/fr\/produit\/skoda-kodiaq-5-sieges-seulement-grille-de-division-adaptable-g1473dlf\/#breadcrumb\",\"itemListElement\":[{\"@type\":\"ListItem\",\"position\":1,\"name\":\"Home\",\"item\":\"https:\/\/www.guardsmandogguards.co.uk\/fr\/\"},{\"@type\":\"ListItem\",\"position\":2,\"name\":\"Products\",\"item\":\"https:\/\/www.guardsmandogguards.co.uk\/shop\/\"},{\"@type\":\"ListItem\",\"position\":3,\"name\":\"Skoda Kodiaq #1 &#8211; 5 Si\u00e8ges Seulement &#8211; Grille de Division adaptable (G1473DLF*)\"}]},{\"@type\":\"WebSite\",\"@id\":\"https:\/\/www.guardsmandogguards.co.uk\/#website\",\"url\":\"https:\/\/www.guardsmandogguards.co.uk\/\",\"name\":\"Guardsman Dog Guards\",\"description\":\"A full range of Dog Guards and Boot Dividers for all Car Brands and Models\",\"publisher\":{\"@id\":\"https:\/\/www.guardsmandogguards.co.uk\/#organization\"},\"potentialAction\":[{\"@type\":\"SearchAction\",\"target\":{\"@type\":\"EntryPoint\",\"urlTemplate\":\"https:\/\/www.guardsmandogguards.co.uk\/?s={search_term_string}\"},\"query-input\":{\"@type\":\"PropertyValueSpecification\",\"valueRequired\":true,\"valueName\":\"search_term_string\"}}],\"inLanguage\":\"fr-FR\"},{\"@type\":\"Organization\",\"@id\":\"https:\/\/www.guardsmandogguards.co.uk\/#organization\",\"name\":\"Guardsman Dog Guards\",\"url\":\"https:\/\/www.guardsmandogguards.co.uk\/\",\"logo\":{\"@type\":\"ImageObject\",\"inLanguage\":\"fr-FR\",\"@id\":\"https:\/\/www.guardsmandogguards.co.uk\/#\/schema\/logo\/image\/\",\"url\":\"https:\/\/www.guardsmandogguards.co.uk\/wp-content\/uploads\/2017\/08\/guardsman.jpg\",\"contentUrl\":\"https:\/\/www.guardsmandogguards.co.uk\/wp-content\/uploads\/2017\/08\/guardsman.jpg\",\"width\":235,\"height\":235,\"caption\":\"Guardsman Dog Guards\"},\"image\":{\"@id\":\"https:\/\/www.guardsmandogguards.co.uk\/#\/schema\/logo\/image\/\"},\"sameAs\":[\"https:\/\/www.facebook.com\/AthagGuardsman\",\"https:\/\/x.com\/AthagGuardsman\",\"https:\/\/www.linkedin.com\/in\/athag-guardsman-44a5699a\/\"]}]}<\/script>\n<!-- \/ Yoast SEO plugin. -->","yoast_head_json":{"title":"Skoda Kodiaq #1 - 5 Si\u00e8ges Seulement - Grille de Division adaptable (G1473DLF*) - Guardsman Dog Guards","robots":{"index":"index","follow":"follow","max-snippet":"max-snippet:-1","max-image-preview":"max-image-preview:large","max-video-preview":"max-video-preview:-1"},"canonical":"https:\/\/www.guardsmandogguards.co.uk\/fr\/produit\/skoda-kodiaq-5-sieges-seulement-grille-de-division-adaptable-g1473dlf\/","og_locale":"fr_FR","og_type":"article","og_title":"Skoda Kodiaq #1 - 5 Si\u00e8ges Seulement - Grille de Division adaptable (G1473DLF*) - Guardsman Dog Guards","og_description":"Notre Grille de Division Adaptable, accessoire con\u00e7ue sp\u00e9cifiquement pour la\u00a0 Skoda Kodiaq #1 5 Seat (2017-2014)\u00a0cr\u00e9e une barri\u00e8re adaptable qui attache \u00e0 la grille de s\u00e9paration afin de cr\u00e9er deux compartiments dans le coffre de votre voiture.\u00a0 Veuillez noter : [&hellip;]","og_url":"https:\/\/www.guardsmandogguards.co.uk\/fr\/produit\/skoda-kodiaq-5-sieges-seulement-grille-de-division-adaptable-g1473dlf\/","og_site_name":"Guardsman Dog Guards","article_publisher":"https:\/\/www.facebook.com\/AthagGuardsman","article_modified_time":"2024-05-07T10:14:26+00:00","twitter_card":"summary_large_image","twitter_site":"@AthagGuardsman","twitter_misc":{"Dur\u00e9e de lecture estim\u00e9e":"1 minute"},"schema":{"@context":"https:\/\/schema.org","@graph":[{"@type":"WebPage","@id":"https:\/\/www.guardsmandogguards.co.uk\/fr\/produit\/skoda-kodiaq-5-sieges-seulement-grille-de-division-adaptable-g1473dlf\/","url":"https:\/\/www.guardsmandogguards.co.uk\/fr\/produit\/skoda-kodiaq-5-sieges-seulement-grille-de-division-adaptable-g1473dlf\/","name":"Skoda Kodiaq #1 - 5 Si\u00e8ges Seulement - Grille de Division adaptable (G1473DLF*) - Guardsman Dog Guards","isPartOf":{"@id":"https:\/\/www.guardsmandogguards.co.uk\/#website"},"primaryImageOfPage":{"@id":"https:\/\/www.guardsmandogguards.co.uk\/fr\/produit\/skoda-kodiaq-5-sieges-seulement-grille-de-division-adaptable-g1473dlf\/#primaryimage"},"image":{"@id":"https:\/\/www.guardsmandogguards.co.uk\/fr\/produit\/skoda-kodiaq-5-sieges-seulement-grille-de-division-adaptable-g1473dlf\/#primaryimage"},"thumbnailUrl":"https:\/\/www.guardsmandogguards.co.uk\/wp-content\/uploads\/2017\/09\/G1473D-level-1.jpg","datePublished":"2017-09-06T14:02:51+00:00","dateModified":"2024-05-07T10:14:26+00:00","breadcrumb":{"@id":"https:\/\/www.guardsmandogguards.co.uk\/fr\/produit\/skoda-kodiaq-5-sieges-seulement-grille-de-division-adaptable-g1473dlf\/#breadcrumb"},"inLanguage":"fr-FR","potentialAction":[{"@type":"ReadAction","target":["https:\/\/www.guardsmandogguards.co.uk\/fr\/produit\/skoda-kodiaq-5-sieges-seulement-grille-de-division-adaptable-g1473dlf\/"]}]},{"@type":"ImageObject","inLanguage":"fr-FR","@id":"https:\/\/www.guardsmandogguards.co.uk\/fr\/produit\/skoda-kodiaq-5-sieges-seulement-grille-de-division-adaptable-g1473dlf\/#primaryimage","url":"https:\/\/www.guardsmandogguards.co.uk\/wp-content\/uploads\/2017\/09\/G1473D-level-1.jpg","contentUrl":"https:\/\/www.guardsmandogguards.co.uk\/wp-content\/uploads\/2017\/09\/G1473D-level-1.jpg","width":1136,"height":852},{"@type":"BreadcrumbList","@id":"https:\/\/www.guardsmandogguards.co.uk\/fr\/produit\/skoda-kodiaq-5-sieges-seulement-grille-de-division-adaptable-g1473dlf\/#breadcrumb","itemListElement":[{"@type":"ListItem","position":1,"name":"Home","item":"https:\/\/www.guardsmandogguards.co.uk\/fr\/"},{"@type":"ListItem","position":2,"name":"Products","item":"https:\/\/www.guardsmandogguards.co.uk\/shop\/"},{"@type":"ListItem","position":3,"name":"Skoda Kodiaq #1 &#8211; 5 Si\u00e8ges Seulement &#8211; Grille de Division adaptable (G1473DLF*)"}]},{"@type":"WebSite","@id":"https:\/\/www.guardsmandogguards.co.uk\/#website","url":"https:\/\/www.guardsmandogguards.co.uk\/","name":"Guardsman Dog Guards","description":"A full range of Dog Guards and Boot Dividers for all Car Brands and Models","publisher":{"@id":"https:\/\/www.guardsmandogguards.co.uk\/#organization"},"potentialAction":[{"@type":"SearchAction","target":{"@type":"EntryPoint","urlTemplate":"https:\/\/www.guardsmandogguards.co.uk\/?s={search_term_string}"},"query-input":{"@type":"PropertyValueSpecification","valueRequired":true,"valueName":"search_term_string"}}],"inLanguage":"fr-FR"},{"@type":"Organization","@id":"https:\/\/www.guardsmandogguards.co.uk\/#organization","name":"Guardsman Dog Guards","url":"https:\/\/www.guardsmandogguards.co.uk\/","logo":{"@type":"ImageObject","inLanguage":"fr-FR","@id":"https:\/\/www.guardsmandogguards.co.uk\/#\/schema\/logo\/image\/","url":"https:\/\/www.guardsmandogguards.co.uk\/wp-content\/uploads\/2017\/08\/guardsman.jpg","contentUrl":"https:\/\/www.guardsmandogguards.co.uk\/wp-content\/uploads\/2017\/08\/guardsman.jpg","width":235,"height":235,"caption":"Guardsman Dog Guards"},"image":{"@id":"https:\/\/www.guardsmandogguards.co.uk\/#\/schema\/logo\/image\/"},"sameAs":["https:\/\/www.facebook.com\/AthagGuardsman","https:\/\/x.com\/AthagGuardsman","https:\/\/www.linkedin.com\/in\/athag-guardsman-44a5699a\/"]}]}},"_links":{"self":[{"href":"https:\/\/www.guardsmandogguards.co.uk\/fr\/wp-json\/wp\/v2\/product\/21054","targetHints":{"allow":["GET"]}}],"collection":[{"href":"https:\/\/www.guardsmandogguards.co.uk\/fr\/wp-json\/wp\/v2\/product"}],"about":[{"href":"https:\/\/www.guardsmandogguards.co.uk\/fr\/wp-json\/wp\/v2\/types\/product"}],"wp:featuredmedia":[{"embeddable":true,"href":"https:\/\/www.guardsmandogguards.co.uk\/fr\/wp-json\/wp\/v2\/media\/13400"}],"wp:attachment":[{"href":"https:\/\/www.guardsmandogguards.co.uk\/fr\/wp-json\/wp\/v2\/media?parent=21054"}],"wp:term":[{"taxonomy":"product_brand","embeddable":true,"href":"https:\/\/www.guardsmandogguards.co.uk\/fr\/wp-json\/wp\/v2\/product_brand?post=21054"},{"taxonomy":"product_cat","embeddable":true,"href":"https:\/\/www.guardsmandogguards.co.uk\/fr\/wp-json\/wp\/v2\/product_cat?post=21054"},{"taxonomy":"product_tag","embeddable":true,"href":"https:\/\/www.guardsmandogguards.co.uk\/fr\/wp-json\/wp\/v2\/product_tag?post=21054"}],"curies":[{"name":"wp","href":"https:\/\/api.w.org\/{rel}","templated":true}]}}