{"id":20960,"date":"2018-10-03T13:53:47","date_gmt":"2018-10-03T12:53:47","guid":{"rendered":"https:\/\/www.guardsmandogguards.co.uk\/product\/seat-leon-st-a-partir-de-2013-grille-de-separation-pour-chien-et-grille-de-division-adaptable-g1504b\/"},"modified":"2020-11-17T17:07:55","modified_gmt":"2020-11-17T17:07:55","slug":"seat-leon-st-a-partir-de-2013-grille-de-separation-pour-chien-et-grille-de-division-adaptable-g1504b","status":"publish","type":"product","link":"https:\/\/www.guardsmandogguards.co.uk\/fr\/produit\/seat-leon-st-a-partir-de-2013-grille-de-separation-pour-chien-et-grille-de-division-adaptable-g1504b\/","title":{"rendered":"SEAT LEON ST (2013-2020)  Grille de S\u00e9paration pour Chien et Grille de division adaptable (G1504B*)"},"content":{"rendered":"<p><span style=\"font-weight: 400;\">Notre ensemble de Grille de S\u00e9paration pour chiens et de Grille de Division Adaptable SEAT LEON ST (2013-2020)<\/span><span style=\"font-weight: 400;\"> comprend un pare-chien sp\u00e9cifique au v\u00e9hicule qui offre une barri\u00e8re de s\u00e9curit\u00e9 entre le coffre et l&rsquo;habitacle, ainsi qu&rsquo;un s\u00e9parateur de coffre variable qui permet de divis\u00e9 en deux compartiments.<\/span><\/p>\n<p>&nbsp;<\/p>\n<p><strong>Selon les sp\u00e9cifications de votre voiture, il existe diff\u00e9rents niveaux de hauteur auxquels votre plancher de coffre peut \u00eatre r\u00e9gl\u00e9.<\/strong><\/p>\n<p><strong>Nous devons faire du s\u00e9parateur de coffre la bonne hauteur pour convenir \u00e0 votre voiture, c\u2019est donc l\u00e0 que nous avons besoin de votre aide \u2013 Faites d\u00e9filer les images du produit sur cette page et une illustration vous montrera o\u00f9 prendre une simple mesure de \u00abligne rouge\u00bb.<\/strong><\/p>\n<p><strong>Veuillez vous assurer de saisir la mesure sur le formulaire de commande en ligne lorsque vous le soumettez. Nous vous contacterons si nous avons besoin d\u2019informations suppl\u00e9mentaires.<\/strong><\/p>\n<ul>\n<li style=\"font-weight: 400;\"><span style=\"font-weight: 400;\">Id\u00e9ale pour la s\u00e9paration de deux chiens, ou pour s\u00e9parer les bagages du chien\u00a0<\/span><\/li>\n<li style=\"font-weight: 400;\"><span style=\"font-weight: 400;\">Montage rapide sans besoin de modifier le v\u00e9hicule<\/span><\/li>\n<li style=\"font-weight: 400;\"><span style=\"font-weight: 400;\">Instructions de montage et toutes fixations n\u00e9cessaires fournis\u00a0<\/span><\/li>\n<li style=\"font-weight: 400;\"><span style=\"font-weight: 400;\">Cadre externe de la grille fabriqu\u00e9 en tuyau de 19 mm, maille en acier 50mm- tr\u00e8s r\u00e9sistant et durable.<\/span><\/li>\n<li style=\"font-weight: 400;\"><span style=\"font-weight: 400;\">Peint en rev\u00eatement de poudre noir, conforme aux normes automobiles internationaux.<\/span><\/li>\n<li style=\"font-weight: 400;\"><span style=\"font-weight: 400;\">Fabriqu\u00e9 selon les m\u00eames sp\u00e9cifications que les produits fournis aux constructeurs d\u2019automobiles.<\/span><\/li>\n<li style=\"font-weight: 400;\"><span style=\"font-weight: 400;\">Conforme aux normes de qualit\u00e9 internationales ISO 9001<\/span><\/li>\n<\/ul>\n","protected":false},"excerpt":{"rendered":"<p>Notre ensemble de Grille de S\u00e9paration pour chiens et de Grille de Division Adaptable SEAT LEON ST (2013-2020) comprend un pare-chien sp\u00e9cifique au v\u00e9hicule qui offre une barri\u00e8re de s\u00e9curit\u00e9 entre le coffre et l&rsquo;habitacle, ainsi qu&rsquo;un s\u00e9parateur de coffre [&hellip;]<\/p>\n","protected":false},"featured_media":24935,"template":"","meta":[],"product_brand":[],"product_cat":[661,660],"product_tag":[663,662],"class_list":{"0":"post-20960","1":"product","2":"type-product","3":"status-publish","4":"has-post-thumbnail","6":"product_cat-seat-fr","7":"product_cat-seat-leon-st-fr","8":"product_tag-seat-accessories-fr","9":"product_tag-seat-leon-dog-guard-fr","10":"product_shipping_class-bundle-fr","12":"first","13":"instock","14":"sold-individually","15":"taxable","16":"shipping-taxable","17":"purchasable","18":"product-type-simple"},"yoast_head":"<!-- This site is optimized with the Yoast SEO plugin v26.0 - https:\/\/yoast.com\/wordpress\/plugins\/seo\/ -->\n<title>SEAT LEON ST Grille de S\u00e9paration pour Chien et Grille de division adaptable - Guardsman<\/title>\n<meta name=\"description\" content=\"Vous recherchez un diviseur de garde ou de garde pour Seat Leon ST? Ce diviseur de bottes construit au Royaume-Uni constitue une barri\u00e8re solide et s\u00e9curis\u00e9e pour le chien et les passagers\" \/>\n<meta name=\"robots\" content=\"index, follow, max-snippet:-1, max-image-preview:large, max-video-preview:-1\" \/>\n<link rel=\"canonical\" href=\"https:\/\/www.guardsmandogguards.co.uk\/fr\/produit\/seat-leon-st-a-partir-de-2013-grille-de-separation-pour-chien-et-grille-de-division-adaptable-g1504b\/\" \/>\n<meta property=\"og:locale\" content=\"fr_FR\" \/>\n<meta property=\"og:type\" content=\"article\" \/>\n<meta property=\"og:title\" content=\"SEAT LEON ST Grille de S\u00e9paration pour Chien et Grille de division adaptable - Guardsman\" \/>\n<meta property=\"og:description\" content=\"Vous recherchez un diviseur de garde ou de garde pour Seat Leon ST? Ce diviseur de bottes construit au Royaume-Uni constitue une barri\u00e8re solide et s\u00e9curis\u00e9e pour le chien et les passagers\" \/>\n<meta property=\"og:url\" content=\"https:\/\/www.guardsmandogguards.co.uk\/fr\/produit\/seat-leon-st-a-partir-de-2013-grille-de-separation-pour-chien-et-grille-de-division-adaptable-g1504b\/\" \/>\n<meta property=\"og:site_name\" content=\"Guardsman Dog Guards\" \/>\n<meta property=\"article:publisher\" content=\"https:\/\/www.facebook.com\/AthagGuardsman\" \/>\n<meta property=\"article:modified_time\" content=\"2020-11-17T17:07:55+00:00\" \/>\n<meta property=\"og:image\" content=\"https:\/\/www.guardsmandogguards.co.uk\/wp-content\/uploads\/2018\/10\/WESLEY-STOCKTON.jpg\" \/>\n\t<meta property=\"og:image:width\" content=\"1575\" \/>\n\t<meta property=\"og:image:height\" content=\"1221\" \/>\n\t<meta property=\"og:image:type\" content=\"image\/jpeg\" \/>\n<meta name=\"twitter:card\" content=\"summary_large_image\" \/>\n<meta name=\"twitter:site\" content=\"@AthagGuardsman\" \/>\n<meta name=\"twitter:label1\" content=\"Dur\u00e9e de lecture estim\u00e9e\" \/>\n\t<meta name=\"twitter:data1\" content=\"1 minute\" \/>\n<script type=\"application\/ld+json\" class=\"yoast-schema-graph\">{\"@context\":\"https:\/\/schema.org\",\"@graph\":[{\"@type\":\"WebPage\",\"@id\":\"https:\/\/www.guardsmandogguards.co.uk\/fr\/produit\/seat-leon-st-a-partir-de-2013-grille-de-separation-pour-chien-et-grille-de-division-adaptable-g1504b\/\",\"url\":\"https:\/\/www.guardsmandogguards.co.uk\/fr\/produit\/seat-leon-st-a-partir-de-2013-grille-de-separation-pour-chien-et-grille-de-division-adaptable-g1504b\/\",\"name\":\"SEAT LEON ST Grille de S\u00e9paration pour Chien et Grille de division adaptable - Guardsman\",\"isPartOf\":{\"@id\":\"https:\/\/www.guardsmandogguards.co.uk\/#website\"},\"primaryImageOfPage\":{\"@id\":\"https:\/\/www.guardsmandogguards.co.uk\/fr\/produit\/seat-leon-st-a-partir-de-2013-grille-de-separation-pour-chien-et-grille-de-division-adaptable-g1504b\/#primaryimage\"},\"image\":{\"@id\":\"https:\/\/www.guardsmandogguards.co.uk\/fr\/produit\/seat-leon-st-a-partir-de-2013-grille-de-separation-pour-chien-et-grille-de-division-adaptable-g1504b\/#primaryimage\"},\"thumbnailUrl\":\"https:\/\/www.guardsmandogguards.co.uk\/wp-content\/uploads\/2018\/10\/WESLEY-STOCKTON.jpg\",\"datePublished\":\"2018-10-03T12:53:47+00:00\",\"dateModified\":\"2020-11-17T17:07:55+00:00\",\"description\":\"Vous recherchez un diviseur de garde ou de garde pour Seat Leon ST? Ce diviseur de bottes construit au Royaume-Uni constitue une barri\u00e8re solide et s\u00e9curis\u00e9e pour le chien et les passagers\",\"breadcrumb\":{\"@id\":\"https:\/\/www.guardsmandogguards.co.uk\/fr\/produit\/seat-leon-st-a-partir-de-2013-grille-de-separation-pour-chien-et-grille-de-division-adaptable-g1504b\/#breadcrumb\"},\"inLanguage\":\"fr-FR\",\"potentialAction\":[{\"@type\":\"ReadAction\",\"target\":[\"https:\/\/www.guardsmandogguards.co.uk\/fr\/produit\/seat-leon-st-a-partir-de-2013-grille-de-separation-pour-chien-et-grille-de-division-adaptable-g1504b\/\"]}]},{\"@type\":\"ImageObject\",\"inLanguage\":\"fr-FR\",\"@id\":\"https:\/\/www.guardsmandogguards.co.uk\/fr\/produit\/seat-leon-st-a-partir-de-2013-grille-de-separation-pour-chien-et-grille-de-division-adaptable-g1504b\/#primaryimage\",\"url\":\"https:\/\/www.guardsmandogguards.co.uk\/wp-content\/uploads\/2018\/10\/WESLEY-STOCKTON.jpg\",\"contentUrl\":\"https:\/\/www.guardsmandogguards.co.uk\/wp-content\/uploads\/2018\/10\/WESLEY-STOCKTON.jpg\",\"width\":1575,\"height\":1221},{\"@type\":\"BreadcrumbList\",\"@id\":\"https:\/\/www.guardsmandogguards.co.uk\/fr\/produit\/seat-leon-st-a-partir-de-2013-grille-de-separation-pour-chien-et-grille-de-division-adaptable-g1504b\/#breadcrumb\",\"itemListElement\":[{\"@type\":\"ListItem\",\"position\":1,\"name\":\"Home\",\"item\":\"https:\/\/www.guardsmandogguards.co.uk\/fr\/\"},{\"@type\":\"ListItem\",\"position\":2,\"name\":\"Products\",\"item\":\"https:\/\/www.guardsmandogguards.co.uk\/shop\/\"},{\"@type\":\"ListItem\",\"position\":3,\"name\":\"SEAT LEON ST (2013-2020) Grille de S\u00e9paration pour Chien et Grille de division adaptable (G1504B*)\"}]},{\"@type\":\"WebSite\",\"@id\":\"https:\/\/www.guardsmandogguards.co.uk\/#website\",\"url\":\"https:\/\/www.guardsmandogguards.co.uk\/\",\"name\":\"Guardsman Dog Guards\",\"description\":\"A full range of Dog Guards and Boot Dividers for all Car Brands and Models\",\"publisher\":{\"@id\":\"https:\/\/www.guardsmandogguards.co.uk\/#organization\"},\"potentialAction\":[{\"@type\":\"SearchAction\",\"target\":{\"@type\":\"EntryPoint\",\"urlTemplate\":\"https:\/\/www.guardsmandogguards.co.uk\/?s={search_term_string}\"},\"query-input\":{\"@type\":\"PropertyValueSpecification\",\"valueRequired\":true,\"valueName\":\"search_term_string\"}}],\"inLanguage\":\"fr-FR\"},{\"@type\":\"Organization\",\"@id\":\"https:\/\/www.guardsmandogguards.co.uk\/#organization\",\"name\":\"Guardsman Dog Guards\",\"url\":\"https:\/\/www.guardsmandogguards.co.uk\/\",\"logo\":{\"@type\":\"ImageObject\",\"inLanguage\":\"fr-FR\",\"@id\":\"https:\/\/www.guardsmandogguards.co.uk\/#\/schema\/logo\/image\/\",\"url\":\"https:\/\/www.guardsmandogguards.co.uk\/wp-content\/uploads\/2017\/08\/guardsman.jpg\",\"contentUrl\":\"https:\/\/www.guardsmandogguards.co.uk\/wp-content\/uploads\/2017\/08\/guardsman.jpg\",\"width\":235,\"height\":235,\"caption\":\"Guardsman Dog Guards\"},\"image\":{\"@id\":\"https:\/\/www.guardsmandogguards.co.uk\/#\/schema\/logo\/image\/\"},\"sameAs\":[\"https:\/\/www.facebook.com\/AthagGuardsman\",\"https:\/\/x.com\/AthagGuardsman\",\"https:\/\/www.linkedin.com\/in\/athag-guardsman-44a5699a\/\"]}]}<\/script>\n<!-- \/ Yoast SEO plugin. -->","yoast_head_json":{"title":"SEAT LEON ST Grille de S\u00e9paration pour Chien et Grille de division adaptable - Guardsman","description":"Vous recherchez un diviseur de garde ou de garde pour Seat Leon ST? Ce diviseur de bottes construit au Royaume-Uni constitue une barri\u00e8re solide et s\u00e9curis\u00e9e pour le chien et les passagers","robots":{"index":"index","follow":"follow","max-snippet":"max-snippet:-1","max-image-preview":"max-image-preview:large","max-video-preview":"max-video-preview:-1"},"canonical":"https:\/\/www.guardsmandogguards.co.uk\/fr\/produit\/seat-leon-st-a-partir-de-2013-grille-de-separation-pour-chien-et-grille-de-division-adaptable-g1504b\/","og_locale":"fr_FR","og_type":"article","og_title":"SEAT LEON ST Grille de S\u00e9paration pour Chien et Grille de division adaptable - Guardsman","og_description":"Vous recherchez un diviseur de garde ou de garde pour Seat Leon ST? Ce diviseur de bottes construit au Royaume-Uni constitue une barri\u00e8re solide et s\u00e9curis\u00e9e pour le chien et les passagers","og_url":"https:\/\/www.guardsmandogguards.co.uk\/fr\/produit\/seat-leon-st-a-partir-de-2013-grille-de-separation-pour-chien-et-grille-de-division-adaptable-g1504b\/","og_site_name":"Guardsman Dog Guards","article_publisher":"https:\/\/www.facebook.com\/AthagGuardsman","article_modified_time":"2020-11-17T17:07:55+00:00","og_image":[{"width":1575,"height":1221,"url":"https:\/\/www.guardsmandogguards.co.uk\/wp-content\/uploads\/2018\/10\/WESLEY-STOCKTON.jpg","type":"image\/jpeg"}],"twitter_card":"summary_large_image","twitter_site":"@AthagGuardsman","twitter_misc":{"Dur\u00e9e de lecture estim\u00e9e":"1 minute"},"schema":{"@context":"https:\/\/schema.org","@graph":[{"@type":"WebPage","@id":"https:\/\/www.guardsmandogguards.co.uk\/fr\/produit\/seat-leon-st-a-partir-de-2013-grille-de-separation-pour-chien-et-grille-de-division-adaptable-g1504b\/","url":"https:\/\/www.guardsmandogguards.co.uk\/fr\/produit\/seat-leon-st-a-partir-de-2013-grille-de-separation-pour-chien-et-grille-de-division-adaptable-g1504b\/","name":"SEAT LEON ST Grille de S\u00e9paration pour Chien et Grille de division adaptable - Guardsman","isPartOf":{"@id":"https:\/\/www.guardsmandogguards.co.uk\/#website"},"primaryImageOfPage":{"@id":"https:\/\/www.guardsmandogguards.co.uk\/fr\/produit\/seat-leon-st-a-partir-de-2013-grille-de-separation-pour-chien-et-grille-de-division-adaptable-g1504b\/#primaryimage"},"image":{"@id":"https:\/\/www.guardsmandogguards.co.uk\/fr\/produit\/seat-leon-st-a-partir-de-2013-grille-de-separation-pour-chien-et-grille-de-division-adaptable-g1504b\/#primaryimage"},"thumbnailUrl":"https:\/\/www.guardsmandogguards.co.uk\/wp-content\/uploads\/2018\/10\/WESLEY-STOCKTON.jpg","datePublished":"2018-10-03T12:53:47+00:00","dateModified":"2020-11-17T17:07:55+00:00","description":"Vous recherchez un diviseur de garde ou de garde pour Seat Leon ST? Ce diviseur de bottes construit au Royaume-Uni constitue une barri\u00e8re solide et s\u00e9curis\u00e9e pour le chien et les passagers","breadcrumb":{"@id":"https:\/\/www.guardsmandogguards.co.uk\/fr\/produit\/seat-leon-st-a-partir-de-2013-grille-de-separation-pour-chien-et-grille-de-division-adaptable-g1504b\/#breadcrumb"},"inLanguage":"fr-FR","potentialAction":[{"@type":"ReadAction","target":["https:\/\/www.guardsmandogguards.co.uk\/fr\/produit\/seat-leon-st-a-partir-de-2013-grille-de-separation-pour-chien-et-grille-de-division-adaptable-g1504b\/"]}]},{"@type":"ImageObject","inLanguage":"fr-FR","@id":"https:\/\/www.guardsmandogguards.co.uk\/fr\/produit\/seat-leon-st-a-partir-de-2013-grille-de-separation-pour-chien-et-grille-de-division-adaptable-g1504b\/#primaryimage","url":"https:\/\/www.guardsmandogguards.co.uk\/wp-content\/uploads\/2018\/10\/WESLEY-STOCKTON.jpg","contentUrl":"https:\/\/www.guardsmandogguards.co.uk\/wp-content\/uploads\/2018\/10\/WESLEY-STOCKTON.jpg","width":1575,"height":1221},{"@type":"BreadcrumbList","@id":"https:\/\/www.guardsmandogguards.co.uk\/fr\/produit\/seat-leon-st-a-partir-de-2013-grille-de-separation-pour-chien-et-grille-de-division-adaptable-g1504b\/#breadcrumb","itemListElement":[{"@type":"ListItem","position":1,"name":"Home","item":"https:\/\/www.guardsmandogguards.co.uk\/fr\/"},{"@type":"ListItem","position":2,"name":"Products","item":"https:\/\/www.guardsmandogguards.co.uk\/shop\/"},{"@type":"ListItem","position":3,"name":"SEAT LEON ST (2013-2020) Grille de S\u00e9paration pour Chien et Grille de division adaptable (G1504B*)"}]},{"@type":"WebSite","@id":"https:\/\/www.guardsmandogguards.co.uk\/#website","url":"https:\/\/www.guardsmandogguards.co.uk\/","name":"Guardsman Dog Guards","description":"A full range of Dog Guards and Boot Dividers for all Car Brands and Models","publisher":{"@id":"https:\/\/www.guardsmandogguards.co.uk\/#organization"},"potentialAction":[{"@type":"SearchAction","target":{"@type":"EntryPoint","urlTemplate":"https:\/\/www.guardsmandogguards.co.uk\/?s={search_term_string}"},"query-input":{"@type":"PropertyValueSpecification","valueRequired":true,"valueName":"search_term_string"}}],"inLanguage":"fr-FR"},{"@type":"Organization","@id":"https:\/\/www.guardsmandogguards.co.uk\/#organization","name":"Guardsman Dog Guards","url":"https:\/\/www.guardsmandogguards.co.uk\/","logo":{"@type":"ImageObject","inLanguage":"fr-FR","@id":"https:\/\/www.guardsmandogguards.co.uk\/#\/schema\/logo\/image\/","url":"https:\/\/www.guardsmandogguards.co.uk\/wp-content\/uploads\/2017\/08\/guardsman.jpg","contentUrl":"https:\/\/www.guardsmandogguards.co.uk\/wp-content\/uploads\/2017\/08\/guardsman.jpg","width":235,"height":235,"caption":"Guardsman Dog Guards"},"image":{"@id":"https:\/\/www.guardsmandogguards.co.uk\/#\/schema\/logo\/image\/"},"sameAs":["https:\/\/www.facebook.com\/AthagGuardsman","https:\/\/x.com\/AthagGuardsman","https:\/\/www.linkedin.com\/in\/athag-guardsman-44a5699a\/"]}]}},"_links":{"self":[{"href":"https:\/\/www.guardsmandogguards.co.uk\/fr\/wp-json\/wp\/v2\/product\/20960","targetHints":{"allow":["GET"]}}],"collection":[{"href":"https:\/\/www.guardsmandogguards.co.uk\/fr\/wp-json\/wp\/v2\/product"}],"about":[{"href":"https:\/\/www.guardsmandogguards.co.uk\/fr\/wp-json\/wp\/v2\/types\/product"}],"wp:featuredmedia":[{"embeddable":true,"href":"https:\/\/www.guardsmandogguards.co.uk\/fr\/wp-json\/wp\/v2\/media\/24935"}],"wp:attachment":[{"href":"https:\/\/www.guardsmandogguards.co.uk\/fr\/wp-json\/wp\/v2\/media?parent=20960"}],"wp:term":[{"taxonomy":"product_brand","embeddable":true,"href":"https:\/\/www.guardsmandogguards.co.uk\/fr\/wp-json\/wp\/v2\/product_brand?post=20960"},{"taxonomy":"product_cat","embeddable":true,"href":"https:\/\/www.guardsmandogguards.co.uk\/fr\/wp-json\/wp\/v2\/product_cat?post=20960"},{"taxonomy":"product_tag","embeddable":true,"href":"https:\/\/www.guardsmandogguards.co.uk\/fr\/wp-json\/wp\/v2\/product_tag?post=20960"}],"curies":[{"name":"wp","href":"https:\/\/api.w.org\/{rel}","templated":true}]}}