{"id":20882,"date":"2017-04-25T13:28:05","date_gmt":"2017-04-25T12:28:05","guid":{"rendered":"https:\/\/www.guardsmandogguards.co.uk\/product\/nissan-x-trail-a-partir-de-2014-grille-de-separation-pour-chien-g1384\/"},"modified":"2023-06-26T14:32:18","modified_gmt":"2023-06-26T13:32:18","slug":"nissan-x-trail-a-partir-de-2014-grille-de-separation-pour-chien-g1384","status":"publish","type":"product","link":"https:\/\/www.guardsmandogguards.co.uk\/fr\/produit\/nissan-x-trail-a-partir-de-2014-grille-de-separation-pour-chien-g1384\/","title":{"rendered":"NISSAN X TRAIL #3 (2014-2022) Grille de S\u00e9paration pour Chien (G1384)"},"content":{"rendered":"<p><span style=\"font-weight: 400;\">La grille de s\u00e9paration pour chiens GUARDSMAN, accessoire con\u00e7ue sp\u00e9cifiquement pour la Nissan X Trail (2014-2022)<\/span><span style=\"font-weight: 400;\">\u00a0assure une barri\u00e8re solide et sur entre le coffre et le compartiment voyageurs<\/span><\/p>\n<p><strong>N.B. S&rsquo;il vous pla\u00eet \u00eatre conscient que le si\u00e8ge ne peut pas \u00eatre compl\u00e8tement inclin\u00e9 avec le Dog Guard install\u00e9. C&rsquo;est un couple de \u00ab\u00a0clics\u00a0\u00bb comme indiqu\u00e9 sur les photos. Cela peut \u00eatre plus pertinent si vous avez l\u2019intention de vous installer dans un si\u00e8ge enfant. Nous vous recommandons de v\u00e9rifier le si\u00e8ge enfant avec le dossier du si\u00e8ge arri\u00e8re l\u00e9g\u00e8rement \u00e0 la verticale avant de commander.<\/strong><\/p>\n<ul>\n<li style=\"font-weight: 400;\"><span style=\"font-weight: 400;\">Id\u00e9ale pour cr\u00e9er une barri\u00e8re entre le compartiment voyageur et les chiens<\/span><\/li>\n<li style=\"font-weight: 400;\"><span style=\"font-weight: 400;\">Montage rapide sans besoin de modifier le v\u00e9hicule<\/span><\/li>\n<li style=\"font-weight: 400;\"><span style=\"font-weight: 400;\">Instructions de montage et toutes fixations n\u00e9cessaires fournis\u00a0<\/span><\/li>\n<li style=\"font-weight: 400;\"><span style=\"font-weight: 400;\">Cadre externe de la grille fabriqu\u00e9 en tuyau de 19 mm, maille en acier 50mm- tr\u00e8s r\u00e9sistant et durable.<\/span><\/li>\n<li style=\"font-weight: 400;\"><span style=\"font-weight: 400;\">Peint en rev\u00eatement de poudre noir, conforme aux normes automobiles internationaux.<\/span><\/li>\n<li style=\"font-weight: 400;\"><span style=\"font-weight: 400;\">Fabriqu\u00e9 selon les m\u00eames sp\u00e9cifications que les produits fournis aux constructeurs d\u2019automobiles.<\/span><\/li>\n<li style=\"font-weight: 400;\"><span style=\"font-weight: 400;\">Con\u00e7u et fabriqu\u00e9 au Royaume Uni, conforme aux normes de qualit\u00e9 internationales ISO 9001<\/span><\/li>\n<\/ul>\n","protected":false},"excerpt":{"rendered":"<p>La grille de s\u00e9paration pour chiens GUARDSMAN, accessoire con\u00e7ue sp\u00e9cifiquement pour la Nissan X Trail (2014-2022)\u00a0assure une barri\u00e8re solide et sur entre le coffre et le compartiment voyageurs N.B. S&rsquo;il vous pla\u00eet \u00eatre conscient que le si\u00e8ge ne peut pas [&hellip;]<\/p>\n","protected":false},"featured_media":17944,"template":"","meta":[],"product_brand":[],"product_cat":[640],"product_tag":[],"class_list":{"0":"post-20882","1":"product","2":"type-product","3":"status-publish","4":"has-post-thumbnail","6":"product_cat-nissan-x-trail-2014-onwards-fr","7":"product_shipping_class-dog-guard-fr","9":"first","10":"instock","11":"taxable","12":"shipping-taxable","13":"purchasable","14":"product-type-simple"},"yoast_head":"<!-- This site is optimized with the Yoast SEO plugin v26.0 - https:\/\/yoast.com\/wordpress\/plugins\/seo\/ -->\n<title>Nissan X Trail (2014-2022) Grille de S\u00e9paration pour Chien - Guardsman<\/title>\n<meta name=\"description\" content=\"Vous recherchez un diviseur de garde ou de garde pour Nissan X Trail (\u00e0 partir de 2014)? Ce diviseur de bottes construit au Royaume-Uni constitue une barri\u00e8re solide et s\u00e9curis\u00e9e pour le chien et les passagers\" \/>\n<meta name=\"robots\" content=\"index, follow, max-snippet:-1, max-image-preview:large, max-video-preview:-1\" \/>\n<link rel=\"canonical\" href=\"https:\/\/www.guardsmandogguards.co.uk\/fr\/produit\/nissan-x-trail-a-partir-de-2014-grille-de-separation-pour-chien-g1384\/\" \/>\n<meta property=\"og:locale\" content=\"fr_FR\" \/>\n<meta property=\"og:type\" content=\"article\" \/>\n<meta property=\"og:title\" content=\"Nissan X Trail (2014-2022) Grille de S\u00e9paration pour Chien - Guardsman\" \/>\n<meta property=\"og:description\" content=\"Vous recherchez un diviseur de garde ou de garde pour Nissan X Trail (\u00e0 partir de 2014)? Ce diviseur de bottes construit au Royaume-Uni constitue une barri\u00e8re solide et s\u00e9curis\u00e9e pour le chien et les passagers\" \/>\n<meta property=\"og:url\" content=\"https:\/\/www.guardsmandogguards.co.uk\/fr\/produit\/nissan-x-trail-a-partir-de-2014-grille-de-separation-pour-chien-g1384\/\" \/>\n<meta property=\"og:site_name\" content=\"Guardsman Dog Guards\" \/>\n<meta property=\"article:publisher\" content=\"https:\/\/www.facebook.com\/AthagGuardsman\" \/>\n<meta property=\"article:modified_time\" content=\"2023-06-26T13:32:18+00:00\" \/>\n<meta property=\"og:image\" content=\"https:\/\/www.guardsmandogguards.co.uk\/wp-content\/uploads\/2017\/04\/Nissan-X-trail-dog-guard-G1384.jpg\" \/>\n\t<meta property=\"og:image:width\" content=\"1181\" \/>\n\t<meta property=\"og:image:height\" content=\"787\" \/>\n\t<meta property=\"og:image:type\" content=\"image\/jpeg\" \/>\n<meta name=\"twitter:card\" content=\"summary_large_image\" \/>\n<meta name=\"twitter:site\" content=\"@AthagGuardsman\" \/>\n<meta name=\"twitter:label1\" content=\"Dur\u00e9e de lecture estim\u00e9e\" \/>\n\t<meta name=\"twitter:data1\" content=\"1 minute\" \/>\n<script type=\"application\/ld+json\" class=\"yoast-schema-graph\">{\"@context\":\"https:\/\/schema.org\",\"@graph\":[{\"@type\":\"WebPage\",\"@id\":\"https:\/\/www.guardsmandogguards.co.uk\/fr\/produit\/nissan-x-trail-a-partir-de-2014-grille-de-separation-pour-chien-g1384\/\",\"url\":\"https:\/\/www.guardsmandogguards.co.uk\/fr\/produit\/nissan-x-trail-a-partir-de-2014-grille-de-separation-pour-chien-g1384\/\",\"name\":\"Nissan X Trail (2014-2022) Grille de S\u00e9paration pour Chien - Guardsman\",\"isPartOf\":{\"@id\":\"https:\/\/www.guardsmandogguards.co.uk\/#website\"},\"primaryImageOfPage\":{\"@id\":\"https:\/\/www.guardsmandogguards.co.uk\/fr\/produit\/nissan-x-trail-a-partir-de-2014-grille-de-separation-pour-chien-g1384\/#primaryimage\"},\"image\":{\"@id\":\"https:\/\/www.guardsmandogguards.co.uk\/fr\/produit\/nissan-x-trail-a-partir-de-2014-grille-de-separation-pour-chien-g1384\/#primaryimage\"},\"thumbnailUrl\":\"https:\/\/www.guardsmandogguards.co.uk\/wp-content\/uploads\/2017\/04\/Nissan-X-trail-dog-guard-G1384.jpg\",\"datePublished\":\"2017-04-25T12:28:05+00:00\",\"dateModified\":\"2023-06-26T13:32:18+00:00\",\"description\":\"Vous recherchez un diviseur de garde ou de garde pour Nissan X Trail (\u00e0 partir de 2014)? Ce diviseur de bottes construit au Royaume-Uni constitue une barri\u00e8re solide et s\u00e9curis\u00e9e pour le chien et les passagers\",\"breadcrumb\":{\"@id\":\"https:\/\/www.guardsmandogguards.co.uk\/fr\/produit\/nissan-x-trail-a-partir-de-2014-grille-de-separation-pour-chien-g1384\/#breadcrumb\"},\"inLanguage\":\"fr-FR\",\"potentialAction\":[{\"@type\":\"ReadAction\",\"target\":[\"https:\/\/www.guardsmandogguards.co.uk\/fr\/produit\/nissan-x-trail-a-partir-de-2014-grille-de-separation-pour-chien-g1384\/\"]}]},{\"@type\":\"ImageObject\",\"inLanguage\":\"fr-FR\",\"@id\":\"https:\/\/www.guardsmandogguards.co.uk\/fr\/produit\/nissan-x-trail-a-partir-de-2014-grille-de-separation-pour-chien-g1384\/#primaryimage\",\"url\":\"https:\/\/www.guardsmandogguards.co.uk\/wp-content\/uploads\/2017\/04\/Nissan-X-trail-dog-guard-G1384.jpg\",\"contentUrl\":\"https:\/\/www.guardsmandogguards.co.uk\/wp-content\/uploads\/2017\/04\/Nissan-X-trail-dog-guard-G1384.jpg\",\"width\":1181,\"height\":787},{\"@type\":\"BreadcrumbList\",\"@id\":\"https:\/\/www.guardsmandogguards.co.uk\/fr\/produit\/nissan-x-trail-a-partir-de-2014-grille-de-separation-pour-chien-g1384\/#breadcrumb\",\"itemListElement\":[{\"@type\":\"ListItem\",\"position\":1,\"name\":\"Home\",\"item\":\"https:\/\/www.guardsmandogguards.co.uk\/fr\/\"},{\"@type\":\"ListItem\",\"position\":2,\"name\":\"Products\",\"item\":\"https:\/\/www.guardsmandogguards.co.uk\/shop\/\"},{\"@type\":\"ListItem\",\"position\":3,\"name\":\"NISSAN X TRAIL #3 (2014-2022) Grille de S\u00e9paration pour Chien (G1384)\"}]},{\"@type\":\"WebSite\",\"@id\":\"https:\/\/www.guardsmandogguards.co.uk\/#website\",\"url\":\"https:\/\/www.guardsmandogguards.co.uk\/\",\"name\":\"Guardsman Dog Guards\",\"description\":\"A full range of Dog Guards and Boot Dividers for all Car Brands and Models\",\"publisher\":{\"@id\":\"https:\/\/www.guardsmandogguards.co.uk\/#organization\"},\"potentialAction\":[{\"@type\":\"SearchAction\",\"target\":{\"@type\":\"EntryPoint\",\"urlTemplate\":\"https:\/\/www.guardsmandogguards.co.uk\/?s={search_term_string}\"},\"query-input\":{\"@type\":\"PropertyValueSpecification\",\"valueRequired\":true,\"valueName\":\"search_term_string\"}}],\"inLanguage\":\"fr-FR\"},{\"@type\":\"Organization\",\"@id\":\"https:\/\/www.guardsmandogguards.co.uk\/#organization\",\"name\":\"Guardsman Dog Guards\",\"url\":\"https:\/\/www.guardsmandogguards.co.uk\/\",\"logo\":{\"@type\":\"ImageObject\",\"inLanguage\":\"fr-FR\",\"@id\":\"https:\/\/www.guardsmandogguards.co.uk\/#\/schema\/logo\/image\/\",\"url\":\"https:\/\/www.guardsmandogguards.co.uk\/wp-content\/uploads\/2017\/08\/guardsman.jpg\",\"contentUrl\":\"https:\/\/www.guardsmandogguards.co.uk\/wp-content\/uploads\/2017\/08\/guardsman.jpg\",\"width\":235,\"height\":235,\"caption\":\"Guardsman Dog Guards\"},\"image\":{\"@id\":\"https:\/\/www.guardsmandogguards.co.uk\/#\/schema\/logo\/image\/\"},\"sameAs\":[\"https:\/\/www.facebook.com\/AthagGuardsman\",\"https:\/\/x.com\/AthagGuardsman\",\"https:\/\/www.linkedin.com\/in\/athag-guardsman-44a5699a\/\"]}]}<\/script>\n<!-- \/ Yoast SEO plugin. -->","yoast_head_json":{"title":"Nissan X Trail (2014-2022) Grille de S\u00e9paration pour Chien - Guardsman","description":"Vous recherchez un diviseur de garde ou de garde pour Nissan X Trail (\u00e0 partir de 2014)? Ce diviseur de bottes construit au Royaume-Uni constitue une barri\u00e8re solide et s\u00e9curis\u00e9e pour le chien et les passagers","robots":{"index":"index","follow":"follow","max-snippet":"max-snippet:-1","max-image-preview":"max-image-preview:large","max-video-preview":"max-video-preview:-1"},"canonical":"https:\/\/www.guardsmandogguards.co.uk\/fr\/produit\/nissan-x-trail-a-partir-de-2014-grille-de-separation-pour-chien-g1384\/","og_locale":"fr_FR","og_type":"article","og_title":"Nissan X Trail (2014-2022) Grille de S\u00e9paration pour Chien - Guardsman","og_description":"Vous recherchez un diviseur de garde ou de garde pour Nissan X Trail (\u00e0 partir de 2014)? Ce diviseur de bottes construit au Royaume-Uni constitue une barri\u00e8re solide et s\u00e9curis\u00e9e pour le chien et les passagers","og_url":"https:\/\/www.guardsmandogguards.co.uk\/fr\/produit\/nissan-x-trail-a-partir-de-2014-grille-de-separation-pour-chien-g1384\/","og_site_name":"Guardsman Dog Guards","article_publisher":"https:\/\/www.facebook.com\/AthagGuardsman","article_modified_time":"2023-06-26T13:32:18+00:00","og_image":[{"width":1181,"height":787,"url":"https:\/\/www.guardsmandogguards.co.uk\/wp-content\/uploads\/2017\/04\/Nissan-X-trail-dog-guard-G1384.jpg","type":"image\/jpeg"}],"twitter_card":"summary_large_image","twitter_site":"@AthagGuardsman","twitter_misc":{"Dur\u00e9e de lecture estim\u00e9e":"1 minute"},"schema":{"@context":"https:\/\/schema.org","@graph":[{"@type":"WebPage","@id":"https:\/\/www.guardsmandogguards.co.uk\/fr\/produit\/nissan-x-trail-a-partir-de-2014-grille-de-separation-pour-chien-g1384\/","url":"https:\/\/www.guardsmandogguards.co.uk\/fr\/produit\/nissan-x-trail-a-partir-de-2014-grille-de-separation-pour-chien-g1384\/","name":"Nissan X Trail (2014-2022) Grille de S\u00e9paration pour Chien - Guardsman","isPartOf":{"@id":"https:\/\/www.guardsmandogguards.co.uk\/#website"},"primaryImageOfPage":{"@id":"https:\/\/www.guardsmandogguards.co.uk\/fr\/produit\/nissan-x-trail-a-partir-de-2014-grille-de-separation-pour-chien-g1384\/#primaryimage"},"image":{"@id":"https:\/\/www.guardsmandogguards.co.uk\/fr\/produit\/nissan-x-trail-a-partir-de-2014-grille-de-separation-pour-chien-g1384\/#primaryimage"},"thumbnailUrl":"https:\/\/www.guardsmandogguards.co.uk\/wp-content\/uploads\/2017\/04\/Nissan-X-trail-dog-guard-G1384.jpg","datePublished":"2017-04-25T12:28:05+00:00","dateModified":"2023-06-26T13:32:18+00:00","description":"Vous recherchez un diviseur de garde ou de garde pour Nissan X Trail (\u00e0 partir de 2014)? Ce diviseur de bottes construit au Royaume-Uni constitue une barri\u00e8re solide et s\u00e9curis\u00e9e pour le chien et les passagers","breadcrumb":{"@id":"https:\/\/www.guardsmandogguards.co.uk\/fr\/produit\/nissan-x-trail-a-partir-de-2014-grille-de-separation-pour-chien-g1384\/#breadcrumb"},"inLanguage":"fr-FR","potentialAction":[{"@type":"ReadAction","target":["https:\/\/www.guardsmandogguards.co.uk\/fr\/produit\/nissan-x-trail-a-partir-de-2014-grille-de-separation-pour-chien-g1384\/"]}]},{"@type":"ImageObject","inLanguage":"fr-FR","@id":"https:\/\/www.guardsmandogguards.co.uk\/fr\/produit\/nissan-x-trail-a-partir-de-2014-grille-de-separation-pour-chien-g1384\/#primaryimage","url":"https:\/\/www.guardsmandogguards.co.uk\/wp-content\/uploads\/2017\/04\/Nissan-X-trail-dog-guard-G1384.jpg","contentUrl":"https:\/\/www.guardsmandogguards.co.uk\/wp-content\/uploads\/2017\/04\/Nissan-X-trail-dog-guard-G1384.jpg","width":1181,"height":787},{"@type":"BreadcrumbList","@id":"https:\/\/www.guardsmandogguards.co.uk\/fr\/produit\/nissan-x-trail-a-partir-de-2014-grille-de-separation-pour-chien-g1384\/#breadcrumb","itemListElement":[{"@type":"ListItem","position":1,"name":"Home","item":"https:\/\/www.guardsmandogguards.co.uk\/fr\/"},{"@type":"ListItem","position":2,"name":"Products","item":"https:\/\/www.guardsmandogguards.co.uk\/shop\/"},{"@type":"ListItem","position":3,"name":"NISSAN X TRAIL #3 (2014-2022) Grille de S\u00e9paration pour Chien (G1384)"}]},{"@type":"WebSite","@id":"https:\/\/www.guardsmandogguards.co.uk\/#website","url":"https:\/\/www.guardsmandogguards.co.uk\/","name":"Guardsman Dog Guards","description":"A full range of Dog Guards and Boot Dividers for all Car Brands and Models","publisher":{"@id":"https:\/\/www.guardsmandogguards.co.uk\/#organization"},"potentialAction":[{"@type":"SearchAction","target":{"@type":"EntryPoint","urlTemplate":"https:\/\/www.guardsmandogguards.co.uk\/?s={search_term_string}"},"query-input":{"@type":"PropertyValueSpecification","valueRequired":true,"valueName":"search_term_string"}}],"inLanguage":"fr-FR"},{"@type":"Organization","@id":"https:\/\/www.guardsmandogguards.co.uk\/#organization","name":"Guardsman Dog Guards","url":"https:\/\/www.guardsmandogguards.co.uk\/","logo":{"@type":"ImageObject","inLanguage":"fr-FR","@id":"https:\/\/www.guardsmandogguards.co.uk\/#\/schema\/logo\/image\/","url":"https:\/\/www.guardsmandogguards.co.uk\/wp-content\/uploads\/2017\/08\/guardsman.jpg","contentUrl":"https:\/\/www.guardsmandogguards.co.uk\/wp-content\/uploads\/2017\/08\/guardsman.jpg","width":235,"height":235,"caption":"Guardsman Dog Guards"},"image":{"@id":"https:\/\/www.guardsmandogguards.co.uk\/#\/schema\/logo\/image\/"},"sameAs":["https:\/\/www.facebook.com\/AthagGuardsman","https:\/\/x.com\/AthagGuardsman","https:\/\/www.linkedin.com\/in\/athag-guardsman-44a5699a\/"]}]}},"_links":{"self":[{"href":"https:\/\/www.guardsmandogguards.co.uk\/fr\/wp-json\/wp\/v2\/product\/20882","targetHints":{"allow":["GET"]}}],"collection":[{"href":"https:\/\/www.guardsmandogguards.co.uk\/fr\/wp-json\/wp\/v2\/product"}],"about":[{"href":"https:\/\/www.guardsmandogguards.co.uk\/fr\/wp-json\/wp\/v2\/types\/product"}],"wp:featuredmedia":[{"embeddable":true,"href":"https:\/\/www.guardsmandogguards.co.uk\/fr\/wp-json\/wp\/v2\/media\/17944"}],"wp:attachment":[{"href":"https:\/\/www.guardsmandogguards.co.uk\/fr\/wp-json\/wp\/v2\/media?parent=20882"}],"wp:term":[{"taxonomy":"product_brand","embeddable":true,"href":"https:\/\/www.guardsmandogguards.co.uk\/fr\/wp-json\/wp\/v2\/product_brand?post=20882"},{"taxonomy":"product_cat","embeddable":true,"href":"https:\/\/www.guardsmandogguards.co.uk\/fr\/wp-json\/wp\/v2\/product_cat?post=20882"},{"taxonomy":"product_tag","embeddable":true,"href":"https:\/\/www.guardsmandogguards.co.uk\/fr\/wp-json\/wp\/v2\/product_tag?post=20882"}],"curies":[{"name":"wp","href":"https:\/\/api.w.org\/{rel}","templated":true}]}}