{"id":20046,"date":"2017-04-25T10:53:38","date_gmt":"2017-04-25T09:53:38","guid":{"rendered":"https:\/\/www.guardsmandogguards.co.uk\/product\/kia-sportage-ql-avec-toit-ouvrant-a-partir-de-2016-grille-de-separation-pour-chien-g1453sr\/"},"modified":"2022-03-28T16:30:19","modified_gmt":"2022-03-28T15:30:19","slug":"kia-sportage-ql-avec-toit-ouvrant-grille-de-separation-pour-chien-g1453sr","status":"publish","type":"product","link":"https:\/\/www.guardsmandogguards.co.uk\/fr\/produit\/kia-sportage-ql-avec-toit-ouvrant-grille-de-separation-pour-chien-g1453sr\/","title":{"rendered":"KIA SPORTAGE (QL) avec toit ouvrant (2016-2022) Grille de S\u00e9paration pour Chien (G1453SR)"},"content":{"rendered":"<p>Un pare-chien GUARDSMAN Kia Sportage (QL) avec toit ouvrant (2016-2022) est un accessoire sp\u00e9cifique au v\u00e9hicule qui fournit une barri\u00e8re solide et s\u00e9curis\u00e9e entre le coffre et l&rsquo;habitacle.<\/p>\n<p>Il s&rsquo;agit d&rsquo;un produit haut de gamme fabriqu\u00e9 au Royaume-Uni sp\u00e9cialement pour votre voiture. Les clients sont invit\u00e9s \u00e0 r\u00e9cup\u00e9rer leur commande du lundi au vendredi et \u00e0 faire monter gratuitement la pi\u00e8ce par l&rsquo;ing\u00e9nieur qui l&rsquo;a fabriqu\u00e9e. Si vous souhaitez profiter de cette offre, entrez \u00ab\u00a0recueillir\u00a0\u00bb comme code de r\u00e9duction \u00e0 la caisse et cela d\u00e9duira les frais de livraison. Nous vous contacterons ensuite lorsque la pi\u00e8ce sera pr\u00eate \u00e0 \u00eatre r\u00e9cup\u00e9r\u00e9e.<\/p>\n<ul>\n<li>Id\u00e9al pour s\u00e9parer les chiens de l&rsquo;habitacle.<br \/>\nMontage facile sans modification du v\u00e9hicule requise.<\/li>\n<li>Fourni avec toutes les fixations et les instructions de montage.<\/li>\n<li>Cadre ext\u00e9rieur en acier robuste de 19 mm de diam\u00e8tre avec maille en acier de 50 mm.<\/li>\n<li>Rev\u00eatement en poudre noir selon les normes automobiles internationales.<\/li>\n<li>Fabriqu\u00e9 selon les m\u00eames sp\u00e9cifications que les produits que nous fournissons aux constructeurs automobiles.<\/li>\n<li>Con\u00e7u et fabriqu\u00e9 au Royaume-Uni selon la norme de qualit\u00e9 mondialement reconnue ISO : 9001<\/li>\n<\/ul>\n","protected":false},"excerpt":{"rendered":"<p>Un pare-chien GUARDSMAN Kia Sportage (QL) avec toit ouvrant (2016-2022) est un accessoire sp\u00e9cifique au v\u00e9hicule qui fournit une barri\u00e8re solide et s\u00e9curis\u00e9e entre le coffre et l&rsquo;habitacle. Il s&rsquo;agit d&rsquo;un produit haut de gamme fabriqu\u00e9 au Royaume-Uni sp\u00e9cialement pour [&hellip;]<\/p>\n","protected":false},"featured_media":52480,"template":"","meta":[],"product_brand":[],"product_cat":[1243],"product_tag":[],"class_list":{"0":"post-20046","1":"product","2":"type-product","3":"status-publish","4":"has-post-thumbnail","6":"product_cat-kia-sportage-4-2015-2022-fr","7":"product_shipping_class-dog-guard-fr","9":"first","10":"instock","11":"taxable","12":"shipping-taxable","13":"purchasable","14":"product-type-simple"},"yoast_head":"<!-- This site is optimized with the Yoast SEO plugin v26.0 - https:\/\/yoast.com\/wordpress\/plugins\/seo\/ -->\n<title>Kia Sportage (QL) avec toit ouvrant (2016-2022) Grille de S\u00e9paration pour Chien - Guardsman<\/title>\n<meta name=\"description\" content=\"Vous recherchez un diviseur de garde ou de garde pour Kia Sportage (QL) avec toit ouvrant (\u00e0 partir de 2016)? Ce diviseur de bottes construit au Royaume-Uni constitue une barri\u00e8re solide et s\u00e9curis\u00e9e pour le chien et les passagers.\" \/>\n<meta name=\"robots\" content=\"index, follow, max-snippet:-1, max-image-preview:large, max-video-preview:-1\" \/>\n<link rel=\"canonical\" href=\"https:\/\/www.guardsmandogguards.co.uk\/fr\/produit\/kia-sportage-ql-avec-toit-ouvrant-grille-de-separation-pour-chien-g1453sr\/\" \/>\n<meta property=\"og:locale\" content=\"fr_FR\" \/>\n<meta property=\"og:type\" content=\"article\" \/>\n<meta property=\"og:title\" content=\"Kia Sportage (QL) avec toit ouvrant (2016-2022) Grille de S\u00e9paration pour Chien - Guardsman\" \/>\n<meta property=\"og:description\" content=\"Vous recherchez un diviseur de garde ou de garde pour Kia Sportage (QL) avec toit ouvrant (\u00e0 partir de 2016)? Ce diviseur de bottes construit au Royaume-Uni constitue une barri\u00e8re solide et s\u00e9curis\u00e9e pour le chien et les passagers.\" \/>\n<meta property=\"og:url\" content=\"https:\/\/www.guardsmandogguards.co.uk\/fr\/produit\/kia-sportage-ql-avec-toit-ouvrant-grille-de-separation-pour-chien-g1453sr\/\" \/>\n<meta property=\"og:site_name\" content=\"Guardsman Dog Guards\" \/>\n<meta property=\"article:publisher\" content=\"https:\/\/www.facebook.com\/AthagGuardsman\" \/>\n<meta property=\"article:modified_time\" content=\"2022-03-28T15:30:19+00:00\" \/>\n<meta property=\"og:image\" content=\"https:\/\/www.guardsmandogguards.co.uk\/wp-content\/uploads\/2017\/04\/G1453-SR-fitted-scaled.jpg\" \/>\n\t<meta property=\"og:image:width\" content=\"2560\" \/>\n\t<meta property=\"og:image:height\" content=\"2002\" \/>\n\t<meta property=\"og:image:type\" content=\"image\/jpeg\" \/>\n<meta name=\"twitter:card\" content=\"summary_large_image\" \/>\n<meta name=\"twitter:site\" content=\"@AthagGuardsman\" \/>\n<meta name=\"twitter:label1\" content=\"Dur\u00e9e de lecture estim\u00e9e\" \/>\n\t<meta name=\"twitter:data1\" content=\"1 minute\" \/>\n<script type=\"application\/ld+json\" class=\"yoast-schema-graph\">{\"@context\":\"https:\/\/schema.org\",\"@graph\":[{\"@type\":\"WebPage\",\"@id\":\"https:\/\/www.guardsmandogguards.co.uk\/fr\/produit\/kia-sportage-ql-avec-toit-ouvrant-grille-de-separation-pour-chien-g1453sr\/\",\"url\":\"https:\/\/www.guardsmandogguards.co.uk\/fr\/produit\/kia-sportage-ql-avec-toit-ouvrant-grille-de-separation-pour-chien-g1453sr\/\",\"name\":\"Kia Sportage (QL) avec toit ouvrant (2016-2022) Grille de S\u00e9paration pour Chien - Guardsman\",\"isPartOf\":{\"@id\":\"https:\/\/www.guardsmandogguards.co.uk\/#website\"},\"primaryImageOfPage\":{\"@id\":\"https:\/\/www.guardsmandogguards.co.uk\/fr\/produit\/kia-sportage-ql-avec-toit-ouvrant-grille-de-separation-pour-chien-g1453sr\/#primaryimage\"},\"image\":{\"@id\":\"https:\/\/www.guardsmandogguards.co.uk\/fr\/produit\/kia-sportage-ql-avec-toit-ouvrant-grille-de-separation-pour-chien-g1453sr\/#primaryimage\"},\"thumbnailUrl\":\"https:\/\/www.guardsmandogguards.co.uk\/wp-content\/uploads\/2017\/04\/G1453-SR-fitted-scaled.jpg\",\"datePublished\":\"2017-04-25T09:53:38+00:00\",\"dateModified\":\"2022-03-28T15:30:19+00:00\",\"description\":\"Vous recherchez un diviseur de garde ou de garde pour Kia Sportage (QL) avec toit ouvrant (\u00e0 partir de 2016)? Ce diviseur de bottes construit au Royaume-Uni constitue une barri\u00e8re solide et s\u00e9curis\u00e9e pour le chien et les passagers.\",\"breadcrumb\":{\"@id\":\"https:\/\/www.guardsmandogguards.co.uk\/fr\/produit\/kia-sportage-ql-avec-toit-ouvrant-grille-de-separation-pour-chien-g1453sr\/#breadcrumb\"},\"inLanguage\":\"fr-FR\",\"potentialAction\":[{\"@type\":\"ReadAction\",\"target\":[\"https:\/\/www.guardsmandogguards.co.uk\/fr\/produit\/kia-sportage-ql-avec-toit-ouvrant-grille-de-separation-pour-chien-g1453sr\/\"]}]},{\"@type\":\"ImageObject\",\"inLanguage\":\"fr-FR\",\"@id\":\"https:\/\/www.guardsmandogguards.co.uk\/fr\/produit\/kia-sportage-ql-avec-toit-ouvrant-grille-de-separation-pour-chien-g1453sr\/#primaryimage\",\"url\":\"https:\/\/www.guardsmandogguards.co.uk\/wp-content\/uploads\/2017\/04\/G1453-SR-fitted-scaled.jpg\",\"contentUrl\":\"https:\/\/www.guardsmandogguards.co.uk\/wp-content\/uploads\/2017\/04\/G1453-SR-fitted-scaled.jpg\",\"width\":2560,\"height\":2002},{\"@type\":\"BreadcrumbList\",\"@id\":\"https:\/\/www.guardsmandogguards.co.uk\/fr\/produit\/kia-sportage-ql-avec-toit-ouvrant-grille-de-separation-pour-chien-g1453sr\/#breadcrumb\",\"itemListElement\":[{\"@type\":\"ListItem\",\"position\":1,\"name\":\"Home\",\"item\":\"https:\/\/www.guardsmandogguards.co.uk\/fr\/\"},{\"@type\":\"ListItem\",\"position\":2,\"name\":\"Products\",\"item\":\"https:\/\/www.guardsmandogguards.co.uk\/shop\/\"},{\"@type\":\"ListItem\",\"position\":3,\"name\":\"KIA SPORTAGE (QL) avec toit ouvrant (2016-2022) Grille de S\u00e9paration pour Chien (G1453SR)\"}]},{\"@type\":\"WebSite\",\"@id\":\"https:\/\/www.guardsmandogguards.co.uk\/#website\",\"url\":\"https:\/\/www.guardsmandogguards.co.uk\/\",\"name\":\"Guardsman Dog Guards\",\"description\":\"A full range of Dog Guards and Boot Dividers for all Car Brands and Models\",\"publisher\":{\"@id\":\"https:\/\/www.guardsmandogguards.co.uk\/#organization\"},\"potentialAction\":[{\"@type\":\"SearchAction\",\"target\":{\"@type\":\"EntryPoint\",\"urlTemplate\":\"https:\/\/www.guardsmandogguards.co.uk\/?s={search_term_string}\"},\"query-input\":{\"@type\":\"PropertyValueSpecification\",\"valueRequired\":true,\"valueName\":\"search_term_string\"}}],\"inLanguage\":\"fr-FR\"},{\"@type\":\"Organization\",\"@id\":\"https:\/\/www.guardsmandogguards.co.uk\/#organization\",\"name\":\"Guardsman Dog Guards\",\"url\":\"https:\/\/www.guardsmandogguards.co.uk\/\",\"logo\":{\"@type\":\"ImageObject\",\"inLanguage\":\"fr-FR\",\"@id\":\"https:\/\/www.guardsmandogguards.co.uk\/#\/schema\/logo\/image\/\",\"url\":\"https:\/\/www.guardsmandogguards.co.uk\/wp-content\/uploads\/2017\/08\/guardsman.jpg\",\"contentUrl\":\"https:\/\/www.guardsmandogguards.co.uk\/wp-content\/uploads\/2017\/08\/guardsman.jpg\",\"width\":235,\"height\":235,\"caption\":\"Guardsman Dog Guards\"},\"image\":{\"@id\":\"https:\/\/www.guardsmandogguards.co.uk\/#\/schema\/logo\/image\/\"},\"sameAs\":[\"https:\/\/www.facebook.com\/AthagGuardsman\",\"https:\/\/x.com\/AthagGuardsman\",\"https:\/\/www.linkedin.com\/in\/athag-guardsman-44a5699a\/\"]}]}<\/script>\n<!-- \/ Yoast SEO plugin. -->","yoast_head_json":{"title":"Kia Sportage (QL) avec toit ouvrant (2016-2022) Grille de S\u00e9paration pour Chien - Guardsman","description":"Vous recherchez un diviseur de garde ou de garde pour Kia Sportage (QL) avec toit ouvrant (\u00e0 partir de 2016)? Ce diviseur de bottes construit au Royaume-Uni constitue une barri\u00e8re solide et s\u00e9curis\u00e9e pour le chien et les passagers.","robots":{"index":"index","follow":"follow","max-snippet":"max-snippet:-1","max-image-preview":"max-image-preview:large","max-video-preview":"max-video-preview:-1"},"canonical":"https:\/\/www.guardsmandogguards.co.uk\/fr\/produit\/kia-sportage-ql-avec-toit-ouvrant-grille-de-separation-pour-chien-g1453sr\/","og_locale":"fr_FR","og_type":"article","og_title":"Kia Sportage (QL) avec toit ouvrant (2016-2022) Grille de S\u00e9paration pour Chien - Guardsman","og_description":"Vous recherchez un diviseur de garde ou de garde pour Kia Sportage (QL) avec toit ouvrant (\u00e0 partir de 2016)? Ce diviseur de bottes construit au Royaume-Uni constitue une barri\u00e8re solide et s\u00e9curis\u00e9e pour le chien et les passagers.","og_url":"https:\/\/www.guardsmandogguards.co.uk\/fr\/produit\/kia-sportage-ql-avec-toit-ouvrant-grille-de-separation-pour-chien-g1453sr\/","og_site_name":"Guardsman Dog Guards","article_publisher":"https:\/\/www.facebook.com\/AthagGuardsman","article_modified_time":"2022-03-28T15:30:19+00:00","og_image":[{"width":2560,"height":2002,"url":"https:\/\/www.guardsmandogguards.co.uk\/wp-content\/uploads\/2017\/04\/G1453-SR-fitted-scaled.jpg","type":"image\/jpeg"}],"twitter_card":"summary_large_image","twitter_site":"@AthagGuardsman","twitter_misc":{"Dur\u00e9e de lecture estim\u00e9e":"1 minute"},"schema":{"@context":"https:\/\/schema.org","@graph":[{"@type":"WebPage","@id":"https:\/\/www.guardsmandogguards.co.uk\/fr\/produit\/kia-sportage-ql-avec-toit-ouvrant-grille-de-separation-pour-chien-g1453sr\/","url":"https:\/\/www.guardsmandogguards.co.uk\/fr\/produit\/kia-sportage-ql-avec-toit-ouvrant-grille-de-separation-pour-chien-g1453sr\/","name":"Kia Sportage (QL) avec toit ouvrant (2016-2022) Grille de S\u00e9paration pour Chien - Guardsman","isPartOf":{"@id":"https:\/\/www.guardsmandogguards.co.uk\/#website"},"primaryImageOfPage":{"@id":"https:\/\/www.guardsmandogguards.co.uk\/fr\/produit\/kia-sportage-ql-avec-toit-ouvrant-grille-de-separation-pour-chien-g1453sr\/#primaryimage"},"image":{"@id":"https:\/\/www.guardsmandogguards.co.uk\/fr\/produit\/kia-sportage-ql-avec-toit-ouvrant-grille-de-separation-pour-chien-g1453sr\/#primaryimage"},"thumbnailUrl":"https:\/\/www.guardsmandogguards.co.uk\/wp-content\/uploads\/2017\/04\/G1453-SR-fitted-scaled.jpg","datePublished":"2017-04-25T09:53:38+00:00","dateModified":"2022-03-28T15:30:19+00:00","description":"Vous recherchez un diviseur de garde ou de garde pour Kia Sportage (QL) avec toit ouvrant (\u00e0 partir de 2016)? Ce diviseur de bottes construit au Royaume-Uni constitue une barri\u00e8re solide et s\u00e9curis\u00e9e pour le chien et les passagers.","breadcrumb":{"@id":"https:\/\/www.guardsmandogguards.co.uk\/fr\/produit\/kia-sportage-ql-avec-toit-ouvrant-grille-de-separation-pour-chien-g1453sr\/#breadcrumb"},"inLanguage":"fr-FR","potentialAction":[{"@type":"ReadAction","target":["https:\/\/www.guardsmandogguards.co.uk\/fr\/produit\/kia-sportage-ql-avec-toit-ouvrant-grille-de-separation-pour-chien-g1453sr\/"]}]},{"@type":"ImageObject","inLanguage":"fr-FR","@id":"https:\/\/www.guardsmandogguards.co.uk\/fr\/produit\/kia-sportage-ql-avec-toit-ouvrant-grille-de-separation-pour-chien-g1453sr\/#primaryimage","url":"https:\/\/www.guardsmandogguards.co.uk\/wp-content\/uploads\/2017\/04\/G1453-SR-fitted-scaled.jpg","contentUrl":"https:\/\/www.guardsmandogguards.co.uk\/wp-content\/uploads\/2017\/04\/G1453-SR-fitted-scaled.jpg","width":2560,"height":2002},{"@type":"BreadcrumbList","@id":"https:\/\/www.guardsmandogguards.co.uk\/fr\/produit\/kia-sportage-ql-avec-toit-ouvrant-grille-de-separation-pour-chien-g1453sr\/#breadcrumb","itemListElement":[{"@type":"ListItem","position":1,"name":"Home","item":"https:\/\/www.guardsmandogguards.co.uk\/fr\/"},{"@type":"ListItem","position":2,"name":"Products","item":"https:\/\/www.guardsmandogguards.co.uk\/shop\/"},{"@type":"ListItem","position":3,"name":"KIA SPORTAGE (QL) avec toit ouvrant (2016-2022) Grille de S\u00e9paration pour Chien (G1453SR)"}]},{"@type":"WebSite","@id":"https:\/\/www.guardsmandogguards.co.uk\/#website","url":"https:\/\/www.guardsmandogguards.co.uk\/","name":"Guardsman Dog Guards","description":"A full range of Dog Guards and Boot Dividers for all Car Brands and Models","publisher":{"@id":"https:\/\/www.guardsmandogguards.co.uk\/#organization"},"potentialAction":[{"@type":"SearchAction","target":{"@type":"EntryPoint","urlTemplate":"https:\/\/www.guardsmandogguards.co.uk\/?s={search_term_string}"},"query-input":{"@type":"PropertyValueSpecification","valueRequired":true,"valueName":"search_term_string"}}],"inLanguage":"fr-FR"},{"@type":"Organization","@id":"https:\/\/www.guardsmandogguards.co.uk\/#organization","name":"Guardsman Dog Guards","url":"https:\/\/www.guardsmandogguards.co.uk\/","logo":{"@type":"ImageObject","inLanguage":"fr-FR","@id":"https:\/\/www.guardsmandogguards.co.uk\/#\/schema\/logo\/image\/","url":"https:\/\/www.guardsmandogguards.co.uk\/wp-content\/uploads\/2017\/08\/guardsman.jpg","contentUrl":"https:\/\/www.guardsmandogguards.co.uk\/wp-content\/uploads\/2017\/08\/guardsman.jpg","width":235,"height":235,"caption":"Guardsman Dog Guards"},"image":{"@id":"https:\/\/www.guardsmandogguards.co.uk\/#\/schema\/logo\/image\/"},"sameAs":["https:\/\/www.facebook.com\/AthagGuardsman","https:\/\/x.com\/AthagGuardsman","https:\/\/www.linkedin.com\/in\/athag-guardsman-44a5699a\/"]}]}},"_links":{"self":[{"href":"https:\/\/www.guardsmandogguards.co.uk\/fr\/wp-json\/wp\/v2\/product\/20046","targetHints":{"allow":["GET"]}}],"collection":[{"href":"https:\/\/www.guardsmandogguards.co.uk\/fr\/wp-json\/wp\/v2\/product"}],"about":[{"href":"https:\/\/www.guardsmandogguards.co.uk\/fr\/wp-json\/wp\/v2\/types\/product"}],"wp:featuredmedia":[{"embeddable":true,"href":"https:\/\/www.guardsmandogguards.co.uk\/fr\/wp-json\/wp\/v2\/media\/52480"}],"wp:attachment":[{"href":"https:\/\/www.guardsmandogguards.co.uk\/fr\/wp-json\/wp\/v2\/media?parent=20046"}],"wp:term":[{"taxonomy":"product_brand","embeddable":true,"href":"https:\/\/www.guardsmandogguards.co.uk\/fr\/wp-json\/wp\/v2\/product_brand?post=20046"},{"taxonomy":"product_cat","embeddable":true,"href":"https:\/\/www.guardsmandogguards.co.uk\/fr\/wp-json\/wp\/v2\/product_cat?post=20046"},{"taxonomy":"product_tag","embeddable":true,"href":"https:\/\/www.guardsmandogguards.co.uk\/fr\/wp-json\/wp\/v2\/product_tag?post=20046"}],"curies":[{"name":"wp","href":"https:\/\/api.w.org\/{rel}","templated":true}]}}