{"id":17200,"date":"2017-04-24T14:21:43","date_gmt":"2017-04-24T13:21:43","guid":{"rendered":"https:\/\/www.guardsmandogguards.co.uk\/product\/audi-a4-s4-avant-b9-a-partir-de-2016-chien-garde-g1495\/"},"modified":"2019-03-07T12:53:04","modified_gmt":"2019-03-07T12:53:04","slug":"grille-de-separation-pour-chien","status":"publish","type":"product","link":"https:\/\/www.guardsmandogguards.co.uk\/fr\/produit\/grille-de-separation-pour-chien\/","title":{"rendered":"AUDI A4\/S4 AVANT (B9) (\u00c0 PARTIR DE 2016) Grille de S\u00e9paration Pour Chiens (G1495)"},"content":{"rendered":"<p>La grille de s\u00e9paration pour chiens GUARDSMAN, accessoire con\u00e7ue sp\u00e9cifiquement pour la<br \/>\nAudi A4 Avant (B9) (\u00e0 partir de 2016) assure une barri\u00e8re solide et sur entre le coffre et le<br \/>\ncompartiment voyageurs<br \/>\nId\u00e9ale pour cr\u00e9er une barri\u00e8re entre le compartiment voyageur et les chiens<\/p>\n<ul>\n<li>Montage rapide sans besoin de modifier le v\u00e9hicule<\/li>\n<li>Instructions de montage et toutes fixations n\u00e9cessaires fournis<\/li>\n<li>Cadre externe de la grille fabriqu\u00e9 en tuyau de 19 mm, maille en acier 50mm- tr\u00e8s<br \/>\nr\u00e9sistant et durable.<\/li>\n<li>Peint en rev\u00eatement de poudre noir, conforme aux normes automobiles<br \/>\ninternationaux.<\/li>\n<li>Fabriqu\u00e9 selon les m\u00eames sp\u00e9cifications que les produits fournis aux constructeurs<br \/>\nd\u2019automobiles.<\/li>\n<li>Con\u00e7u et fabriqu\u00e9 au Royaume Uni, conforme aux normes de qualit\u00e9 internationales<br \/>\nISO 9001<\/li>\n<\/ul>\n","protected":false},"excerpt":{"rendered":"<p>La grille de s\u00e9paration pour chiens GUARDSMAN, accessoire con\u00e7ue sp\u00e9cifiquement pour la Audi A4 Avant (B9) (\u00e0 partir de 2016) assure une barri\u00e8re solide et sur entre le coffre et le compartiment voyageurs Id\u00e9ale pour cr\u00e9er une barri\u00e8re entre le [&hellip;]<\/p>\n","protected":false},"featured_media":17204,"template":"","meta":[],"product_brand":[],"product_cat":[501,502],"product_tag":[505,504,503],"class_list":{"0":"post-17200","1":"product","2":"type-product","3":"status-publish","4":"has-post-thumbnail","6":"product_cat-audi-fr","7":"product_cat-audi-a4-s4-avant-b9-2016-onwards","8":"product_tag-audi-a4-dog-guard-fr","9":"product_tag-audi-accessories-fr","10":"product_tag-audi-dog-guard-fr","11":"product_shipping_class-dog-guard-fr","13":"first","14":"instock","15":"taxable","16":"shipping-taxable","17":"purchasable","18":"product-type-simple"},"yoast_head":"<!-- This site is optimized with the Yoast SEO plugin v26.0 - https:\/\/yoast.com\/wordpress\/plugins\/seo\/ -->\n<title>Audi A4\/S4 Avant (\u00e0 partir de 2016) Dog Guard - Guardsman<\/title>\n<meta name=\"description\" content=\"Vous recherchez un diviseur de garde ou de garde pour Audi A4 Avant (B9) (\u00e0 partir de 2016)? Ce diviseur de bottes construit au Royaume-Uni constitue une barri\u00e8re solide et s\u00e9curis\u00e9e pour le chien et les passagers.\" \/>\n<meta name=\"robots\" content=\"index, follow, max-snippet:-1, max-image-preview:large, max-video-preview:-1\" \/>\n<link rel=\"canonical\" href=\"https:\/\/www.guardsmandogguards.co.uk\/fr\/produit\/grille-de-separation-pour-chien\/\" \/>\n<meta property=\"og:locale\" content=\"fr_FR\" \/>\n<meta property=\"og:type\" content=\"article\" \/>\n<meta property=\"og:title\" content=\"Audi A4\/S4 Avant (\u00e0 partir de 2016) Dog Guard - Guardsman\" \/>\n<meta property=\"og:description\" content=\"Vous recherchez un diviseur de garde ou de garde pour Audi A4 Avant (B9) (\u00e0 partir de 2016)? Ce diviseur de bottes construit au Royaume-Uni constitue une barri\u00e8re solide et s\u00e9curis\u00e9e pour le chien et les passagers.\" \/>\n<meta property=\"og:url\" content=\"https:\/\/www.guardsmandogguards.co.uk\/fr\/produit\/grille-de-separation-pour-chien\/\" \/>\n<meta property=\"og:site_name\" content=\"Guardsman Dog Guards\" \/>\n<meta property=\"article:publisher\" content=\"https:\/\/www.facebook.com\/AthagGuardsman\" \/>\n<meta property=\"article:modified_time\" content=\"2019-03-07T12:53:04+00:00\" \/>\n<meta property=\"og:image\" content=\"https:\/\/www.guardsmandogguards.co.uk\/wp-content\/uploads\/2017\/04\/G1495-fitted.jpg\" \/>\n\t<meta property=\"og:image:width\" content=\"1276\" \/>\n\t<meta property=\"og:image:height\" content=\"957\" \/>\n\t<meta property=\"og:image:type\" content=\"image\/jpeg\" \/>\n<meta name=\"twitter:card\" content=\"summary_large_image\" \/>\n<meta name=\"twitter:site\" content=\"@AthagGuardsman\" \/>\n<meta name=\"twitter:label1\" content=\"Dur\u00e9e de lecture estim\u00e9e\" \/>\n\t<meta name=\"twitter:data1\" content=\"1 minute\" \/>\n<script type=\"application\/ld+json\" class=\"yoast-schema-graph\">{\"@context\":\"https:\/\/schema.org\",\"@graph\":[{\"@type\":\"WebPage\",\"@id\":\"https:\/\/www.guardsmandogguards.co.uk\/fr\/produit\/grille-de-separation-pour-chien\/\",\"url\":\"https:\/\/www.guardsmandogguards.co.uk\/fr\/produit\/grille-de-separation-pour-chien\/\",\"name\":\"Audi A4\/S4 Avant (\u00e0 partir de 2016) Dog Guard - Guardsman\",\"isPartOf\":{\"@id\":\"https:\/\/www.guardsmandogguards.co.uk\/#website\"},\"primaryImageOfPage\":{\"@id\":\"https:\/\/www.guardsmandogguards.co.uk\/fr\/produit\/grille-de-separation-pour-chien\/#primaryimage\"},\"image\":{\"@id\":\"https:\/\/www.guardsmandogguards.co.uk\/fr\/produit\/grille-de-separation-pour-chien\/#primaryimage\"},\"thumbnailUrl\":\"https:\/\/www.guardsmandogguards.co.uk\/wp-content\/uploads\/2017\/04\/G1495-fitted.jpg\",\"datePublished\":\"2017-04-24T13:21:43+00:00\",\"dateModified\":\"2019-03-07T12:53:04+00:00\",\"description\":\"Vous recherchez un diviseur de garde ou de garde pour Audi A4 Avant (B9) (\u00e0 partir de 2016)? Ce diviseur de bottes construit au Royaume-Uni constitue une barri\u00e8re solide et s\u00e9curis\u00e9e pour le chien et les passagers.\",\"breadcrumb\":{\"@id\":\"https:\/\/www.guardsmandogguards.co.uk\/fr\/produit\/grille-de-separation-pour-chien\/#breadcrumb\"},\"inLanguage\":\"fr-FR\",\"potentialAction\":[{\"@type\":\"ReadAction\",\"target\":[\"https:\/\/www.guardsmandogguards.co.uk\/fr\/produit\/grille-de-separation-pour-chien\/\"]}]},{\"@type\":\"ImageObject\",\"inLanguage\":\"fr-FR\",\"@id\":\"https:\/\/www.guardsmandogguards.co.uk\/fr\/produit\/grille-de-separation-pour-chien\/#primaryimage\",\"url\":\"https:\/\/www.guardsmandogguards.co.uk\/wp-content\/uploads\/2017\/04\/G1495-fitted.jpg\",\"contentUrl\":\"https:\/\/www.guardsmandogguards.co.uk\/wp-content\/uploads\/2017\/04\/G1495-fitted.jpg\",\"width\":1276,\"height\":957},{\"@type\":\"BreadcrumbList\",\"@id\":\"https:\/\/www.guardsmandogguards.co.uk\/fr\/produit\/grille-de-separation-pour-chien\/#breadcrumb\",\"itemListElement\":[{\"@type\":\"ListItem\",\"position\":1,\"name\":\"Home\",\"item\":\"https:\/\/www.guardsmandogguards.co.uk\/fr\/\"},{\"@type\":\"ListItem\",\"position\":2,\"name\":\"Products\",\"item\":\"https:\/\/www.guardsmandogguards.co.uk\/shop\/\"},{\"@type\":\"ListItem\",\"position\":3,\"name\":\"AUDI A4\/S4 AVANT (B9) (\u00c0 PARTIR DE 2016) Grille de S\u00e9paration Pour Chiens (G1495)\"}]},{\"@type\":\"WebSite\",\"@id\":\"https:\/\/www.guardsmandogguards.co.uk\/#website\",\"url\":\"https:\/\/www.guardsmandogguards.co.uk\/\",\"name\":\"Guardsman Dog Guards\",\"description\":\"A full range of Dog Guards and Boot Dividers for all Car Brands and Models\",\"publisher\":{\"@id\":\"https:\/\/www.guardsmandogguards.co.uk\/#organization\"},\"potentialAction\":[{\"@type\":\"SearchAction\",\"target\":{\"@type\":\"EntryPoint\",\"urlTemplate\":\"https:\/\/www.guardsmandogguards.co.uk\/?s={search_term_string}\"},\"query-input\":{\"@type\":\"PropertyValueSpecification\",\"valueRequired\":true,\"valueName\":\"search_term_string\"}}],\"inLanguage\":\"fr-FR\"},{\"@type\":\"Organization\",\"@id\":\"https:\/\/www.guardsmandogguards.co.uk\/#organization\",\"name\":\"Guardsman Dog Guards\",\"url\":\"https:\/\/www.guardsmandogguards.co.uk\/\",\"logo\":{\"@type\":\"ImageObject\",\"inLanguage\":\"fr-FR\",\"@id\":\"https:\/\/www.guardsmandogguards.co.uk\/#\/schema\/logo\/image\/\",\"url\":\"https:\/\/www.guardsmandogguards.co.uk\/wp-content\/uploads\/2017\/08\/guardsman.jpg\",\"contentUrl\":\"https:\/\/www.guardsmandogguards.co.uk\/wp-content\/uploads\/2017\/08\/guardsman.jpg\",\"width\":235,\"height\":235,\"caption\":\"Guardsman Dog Guards\"},\"image\":{\"@id\":\"https:\/\/www.guardsmandogguards.co.uk\/#\/schema\/logo\/image\/\"},\"sameAs\":[\"https:\/\/www.facebook.com\/AthagGuardsman\",\"https:\/\/x.com\/AthagGuardsman\",\"https:\/\/www.linkedin.com\/in\/athag-guardsman-44a5699a\/\"]}]}<\/script>\n<!-- \/ Yoast SEO plugin. -->","yoast_head_json":{"title":"Audi A4\/S4 Avant (\u00e0 partir de 2016) Dog Guard - Guardsman","description":"Vous recherchez un diviseur de garde ou de garde pour Audi A4 Avant (B9) (\u00e0 partir de 2016)? Ce diviseur de bottes construit au Royaume-Uni constitue une barri\u00e8re solide et s\u00e9curis\u00e9e pour le chien et les passagers.","robots":{"index":"index","follow":"follow","max-snippet":"max-snippet:-1","max-image-preview":"max-image-preview:large","max-video-preview":"max-video-preview:-1"},"canonical":"https:\/\/www.guardsmandogguards.co.uk\/fr\/produit\/grille-de-separation-pour-chien\/","og_locale":"fr_FR","og_type":"article","og_title":"Audi A4\/S4 Avant (\u00e0 partir de 2016) Dog Guard - Guardsman","og_description":"Vous recherchez un diviseur de garde ou de garde pour Audi A4 Avant (B9) (\u00e0 partir de 2016)? Ce diviseur de bottes construit au Royaume-Uni constitue une barri\u00e8re solide et s\u00e9curis\u00e9e pour le chien et les passagers.","og_url":"https:\/\/www.guardsmandogguards.co.uk\/fr\/produit\/grille-de-separation-pour-chien\/","og_site_name":"Guardsman Dog Guards","article_publisher":"https:\/\/www.facebook.com\/AthagGuardsman","article_modified_time":"2019-03-07T12:53:04+00:00","og_image":[{"width":1276,"height":957,"url":"https:\/\/www.guardsmandogguards.co.uk\/wp-content\/uploads\/2017\/04\/G1495-fitted.jpg","type":"image\/jpeg"}],"twitter_card":"summary_large_image","twitter_site":"@AthagGuardsman","twitter_misc":{"Dur\u00e9e de lecture estim\u00e9e":"1 minute"},"schema":{"@context":"https:\/\/schema.org","@graph":[{"@type":"WebPage","@id":"https:\/\/www.guardsmandogguards.co.uk\/fr\/produit\/grille-de-separation-pour-chien\/","url":"https:\/\/www.guardsmandogguards.co.uk\/fr\/produit\/grille-de-separation-pour-chien\/","name":"Audi A4\/S4 Avant (\u00e0 partir de 2016) Dog Guard - Guardsman","isPartOf":{"@id":"https:\/\/www.guardsmandogguards.co.uk\/#website"},"primaryImageOfPage":{"@id":"https:\/\/www.guardsmandogguards.co.uk\/fr\/produit\/grille-de-separation-pour-chien\/#primaryimage"},"image":{"@id":"https:\/\/www.guardsmandogguards.co.uk\/fr\/produit\/grille-de-separation-pour-chien\/#primaryimage"},"thumbnailUrl":"https:\/\/www.guardsmandogguards.co.uk\/wp-content\/uploads\/2017\/04\/G1495-fitted.jpg","datePublished":"2017-04-24T13:21:43+00:00","dateModified":"2019-03-07T12:53:04+00:00","description":"Vous recherchez un diviseur de garde ou de garde pour Audi A4 Avant (B9) (\u00e0 partir de 2016)? Ce diviseur de bottes construit au Royaume-Uni constitue une barri\u00e8re solide et s\u00e9curis\u00e9e pour le chien et les passagers.","breadcrumb":{"@id":"https:\/\/www.guardsmandogguards.co.uk\/fr\/produit\/grille-de-separation-pour-chien\/#breadcrumb"},"inLanguage":"fr-FR","potentialAction":[{"@type":"ReadAction","target":["https:\/\/www.guardsmandogguards.co.uk\/fr\/produit\/grille-de-separation-pour-chien\/"]}]},{"@type":"ImageObject","inLanguage":"fr-FR","@id":"https:\/\/www.guardsmandogguards.co.uk\/fr\/produit\/grille-de-separation-pour-chien\/#primaryimage","url":"https:\/\/www.guardsmandogguards.co.uk\/wp-content\/uploads\/2017\/04\/G1495-fitted.jpg","contentUrl":"https:\/\/www.guardsmandogguards.co.uk\/wp-content\/uploads\/2017\/04\/G1495-fitted.jpg","width":1276,"height":957},{"@type":"BreadcrumbList","@id":"https:\/\/www.guardsmandogguards.co.uk\/fr\/produit\/grille-de-separation-pour-chien\/#breadcrumb","itemListElement":[{"@type":"ListItem","position":1,"name":"Home","item":"https:\/\/www.guardsmandogguards.co.uk\/fr\/"},{"@type":"ListItem","position":2,"name":"Products","item":"https:\/\/www.guardsmandogguards.co.uk\/shop\/"},{"@type":"ListItem","position":3,"name":"AUDI A4\/S4 AVANT (B9) (\u00c0 PARTIR DE 2016) Grille de S\u00e9paration Pour Chiens (G1495)"}]},{"@type":"WebSite","@id":"https:\/\/www.guardsmandogguards.co.uk\/#website","url":"https:\/\/www.guardsmandogguards.co.uk\/","name":"Guardsman Dog Guards","description":"A full range of Dog Guards and Boot Dividers for all Car Brands and Models","publisher":{"@id":"https:\/\/www.guardsmandogguards.co.uk\/#organization"},"potentialAction":[{"@type":"SearchAction","target":{"@type":"EntryPoint","urlTemplate":"https:\/\/www.guardsmandogguards.co.uk\/?s={search_term_string}"},"query-input":{"@type":"PropertyValueSpecification","valueRequired":true,"valueName":"search_term_string"}}],"inLanguage":"fr-FR"},{"@type":"Organization","@id":"https:\/\/www.guardsmandogguards.co.uk\/#organization","name":"Guardsman Dog Guards","url":"https:\/\/www.guardsmandogguards.co.uk\/","logo":{"@type":"ImageObject","inLanguage":"fr-FR","@id":"https:\/\/www.guardsmandogguards.co.uk\/#\/schema\/logo\/image\/","url":"https:\/\/www.guardsmandogguards.co.uk\/wp-content\/uploads\/2017\/08\/guardsman.jpg","contentUrl":"https:\/\/www.guardsmandogguards.co.uk\/wp-content\/uploads\/2017\/08\/guardsman.jpg","width":235,"height":235,"caption":"Guardsman Dog Guards"},"image":{"@id":"https:\/\/www.guardsmandogguards.co.uk\/#\/schema\/logo\/image\/"},"sameAs":["https:\/\/www.facebook.com\/AthagGuardsman","https:\/\/x.com\/AthagGuardsman","https:\/\/www.linkedin.com\/in\/athag-guardsman-44a5699a\/"]}]}},"_links":{"self":[{"href":"https:\/\/www.guardsmandogguards.co.uk\/fr\/wp-json\/wp\/v2\/product\/17200","targetHints":{"allow":["GET"]}}],"collection":[{"href":"https:\/\/www.guardsmandogguards.co.uk\/fr\/wp-json\/wp\/v2\/product"}],"about":[{"href":"https:\/\/www.guardsmandogguards.co.uk\/fr\/wp-json\/wp\/v2\/types\/product"}],"wp:featuredmedia":[{"embeddable":true,"href":"https:\/\/www.guardsmandogguards.co.uk\/fr\/wp-json\/wp\/v2\/media\/17204"}],"wp:attachment":[{"href":"https:\/\/www.guardsmandogguards.co.uk\/fr\/wp-json\/wp\/v2\/media?parent=17200"}],"wp:term":[{"taxonomy":"product_brand","embeddable":true,"href":"https:\/\/www.guardsmandogguards.co.uk\/fr\/wp-json\/wp\/v2\/product_brand?post=17200"},{"taxonomy":"product_cat","embeddable":true,"href":"https:\/\/www.guardsmandogguards.co.uk\/fr\/wp-json\/wp\/v2\/product_cat?post=17200"},{"taxonomy":"product_tag","embeddable":true,"href":"https:\/\/www.guardsmandogguards.co.uk\/fr\/wp-json\/wp\/v2\/product_tag?post=17200"}],"curies":[{"name":"wp","href":"https:\/\/api.w.org\/{rel}","templated":true}]}}