{"id":21125,"date":"2019-07-04T16:11:27","date_gmt":"2019-07-04T15:11:27","guid":{"rendered":"https:\/\/www.guardsmandogguards.co.uk\/?page_id=21125"},"modified":"2019-07-04T16:30:03","modified_gmt":"2019-07-04T15:30:03","slug":"french-cookie-policy","status":"publish","type":"page","link":"https:\/\/www.guardsmandogguards.co.uk\/fr\/french-cookie-policy\/","title":{"rendered":"french Cookie Policy"},"content":{"rendered":"<p>Guardsman accorde la priorit\u00e9 \u00e0 la protection de votre vie priv\u00e9e lorsque vous visitez notre site Web ou communiquez avec notre personnel. Nous avons mis en place des mesures de s\u00e9curit\u00e9 pour s\u00e9curiser et emp\u00eacher tout acc\u00e8s non autoris\u00e9 ou toute divulgation \u00e0 vos donn\u00e9es et informations. Notre politique de confidentialit\u00e9 explique les informations concernant les donn\u00e9es personnelles qui peuvent nous \u00eatre fournies ou les donn\u00e9es personnelles que nous recueillons de votre part. Gardien. se r\u00e9serve le droit de mettre \u00e0 jour ou de modifier notre politique de confidentialit\u00e9 de temps \u00e0 autre. Assurez-vous de consulter notre politique de confidentialit\u00e9 de temps en temps pour vous assurer que vous \u00eates satisfait de nos politiques.<\/p>\n<p><strong>1. Quelles donn\u00e9es et informations collectons-nous? Pour exploiter notre site Web, nous pouvons \u00eatre amen\u00e9s \u00e0 collecter les informations suivantes: <\/strong><\/p>\n<p>1.1 &#8211; Les informations concernant vos visites sur notre site Web et toutes les ressources que vous avez utilis\u00e9es, telles que les donn\u00e9es de trafic, les donn\u00e9es de localisation, les blogs et les donn\u00e9es de communication. (Ces \u00e9l\u00e9ments sont inclus, mais ne se limitent pas \u00e0 ceux sp\u00e9cifi\u00e9s)<\/p>\n<p>1.2 &#8211; Les formulaires remplis sur notre site Web nous permettent de collecter des informations \u00e0 votre sujet concernant votre inscription ou vos achats.<\/p>\n<p>1.3 &#8211; Toutes les donn\u00e9es collect\u00e9es lors de communications entre nous, pour quelque raison que ce soit.<\/p>\n<p><strong>2 Pour quoi nous utilisons les donn\u00e9es et informations.<\/strong><\/p>\n<p>2.1 &#8211; Nous utilisons les informations collect\u00e9es pour nous permettre de nous am\u00e9liorer et de vous offrir un meilleur service.<\/p>\n<p>2.2 &#8211; Nous pouvons utiliser les donn\u00e9es que vous avez fournies afin de vous offrir et de vous fournir les informations que vous avez pu rechercher de notre site, en relation directe avec nos services ou produits. Si vous nous avez donn\u00e9 votre consentement, nous pourrons vous envoyer des informations sur les produits susceptibles de vous int\u00e9resser.<\/p>\n<p>2.3 &#8211; Tous les engagements que nous avons pris \u00e0 votre \u00e9gard peuvent n\u00e9cessiter l\u2019utilisation de vos informations, utilis\u00e9es uniquement pour r\u00e9pondre \u00e0 votre demande.<\/p>\n<p>2.4 &#8211; Nous pouvons utiliser vos informations pour expliquer tout changement survenu sur notre site Web, tel que des modifications de structure ou de service \/ produit, pouvant affecter notre service \u00e0 vous.<\/p>\n<p>2.5 &#8211; Un client existant peut exiger un contact concernant des biens ou des services ayant fait l&rsquo;objet d&rsquo;une vente pr\u00e9c\u00e9dente.<\/p>\n<p>2.6 &#8211; Nous pouvons utiliser vos donn\u00e9es ou autorisez des tiers \u00e0 les utiliser, afin de vous donner des informations sur des produits ou des services ind\u00e9pendants qui pourraient vous int\u00e9resser. Si le consentement est donn\u00e9, nous pourrons vous contacter \u00e0 propos de ces produits et services.<\/p>\n<p>2.7 &#8211; Si vous avez donn\u00e9 votre consentement \u00e0 la communication, vous pouvez contacter un nouveau client par nous ou par un tiers.<\/p>\n<p>2.8 &#8211; Si vous ne donnez pas son consentement \u00e0 la communication de notre part site Web ou un tiers, vous aurez alors la possibilit\u00e9 de refuser notre communication. Comme nous nous engageons \u00e0 prot\u00e9ger votre vie priv\u00e9e et vos informations, nous ne permettrons pas que vos informations recueillies soient utilis\u00e9es par un tiers si votre consentement est d\u00e9tenu.<\/p>\n<p>2.9 &#8211; Votre vie priv\u00e9e \u00e9tant importante pour nous, nous ne partageons pas les informations qui seront utilis\u00e9es. pour vous identifier pour les annonceurs. Nous pouvons cependant fournir aux annonceurs des informations statistiques sur les visiteurs de notre site.<\/p>\n<p><strong>3. Comment nous utilisons Cookies<\/strong><\/p>\n<p>3.1 &#8211; Pour nos services, nous pouvons collecter des informations concernant votre ordinateur. La collecte de donn\u00e9es est utilis\u00e9e uniquement pour l&rsquo;analyse statistique de notre site Web et pour notre utilisation, ou celle de nos annonceurs. Nous utilisons des cookies pour personnaliser nos services en fonction de vos besoins et de vos pr\u00e9f\u00e9rences en collectant et en m\u00e9morisant des informations.<\/p>\n<p>3.2 &#8211; Nous accordons une grande importance \u00e0 la confidentialit\u00e9 de vos informations. Ainsi, toute information partag\u00e9e ne vous identifiera pas, mais constituera plut\u00f4t des donn\u00e9es math\u00e9matiques et statistiques sur nos visiteurs et leur utilisation. site. Ces donn\u00e9es ne contiennent aucune information sensible sur vous.<\/p>\n<p>3.3 &#8211; Les cookies peuvent \u00eatre utilis\u00e9s pour collecter des donn\u00e9es g\u00e9n\u00e9rales sur Internet. Lorsque vous utilisez ce site Web, les cookies sont t\u00e9l\u00e9charg\u00e9s sur votre ordinateur sans vous y inviter. Le fichier de cookie est stock\u00e9 sur votre disque dur, o\u00f9 les fichiers sont transf\u00e9r\u00e9s. Ces informations nous aident \u00e0 am\u00e9liorer notre site et nos services pour vous.<\/p>\n<p>3.4 &#8211; Si vous ne souhaitez pas accepter les cookies, vous pouvez alors bloquer les cookies en activant les param\u00e8tres de navigateur appropri\u00e9s. Pour plus d&rsquo;informations sur le blocage des cookies, veuillez consulter notre politique \u2018Utilisation des cookies\u2019 ci-dessous. Veuillez noter que si vous refusez les cookies, vous pouvez rencontrer un acc\u00e8s limit\u00e9 \u00e0 certaines zones de notre site.<\/p>\n<p>3.5 &#8211; Nous ne pouvons pas contr\u00f4ler l&rsquo;utilisation des cookies par notre annonceur. Les annonceurs peuvent t\u00e9l\u00e9charger des cookies si vous cliquez sur une annonce que nous avons sur ce site.<\/p>\n<p><strong>4. Stockage de donn\u00e9es \u00e0 caract\u00e8re personnel<\/strong><\/p>\n<p>4.1 &#8211; Pour des utilisations de stockage et de traitement uniquement, nous pouvons collecter des donn\u00e9es de transfert relatives aux emplacements situ\u00e9s en dehors de l&rsquo;Espace \u00e9conomique europ\u00e9en. Ces informations peuvent \u00eatre trait\u00e9es par une soci\u00e9t\u00e9 qui travaille pour nous, par l&rsquo;un de nos fournisseurs, ou par du personnel en dehors de l&rsquo;Espace \u00e9conomique europ\u00e9en. Par exemple, nous pouvons traiter et conclure votre commande en utilisant les d\u00e9tails de paiement ou en offrant des services d&rsquo;assistance. En traitant une commande, vous avez accept\u00e9 cette communication. Vous acceptez le transfert de donn\u00e9es pour traitement et stockage chaque fois que vous fournissez des donn\u00e9es personnelles. Nous accordons la priorit\u00e9 \u00e0 la s\u00e9curit\u00e9 de vos donn\u00e9es en prenant toutes les mesures raisonnables pour nous assurer que l\u2019int\u00e9grit\u00e9 du transfert de donn\u00e9es est conforme \u00e0 la pr\u00e9sente politique de confidentialit\u00e9.<\/p>\n<p>4.2 &#8211; Nous traitons vos donn\u00e9es avec la plus grande s\u00e9curit\u00e9 et la plus haute importance. Les donn\u00e9es que vous nous fournissez seront stock\u00e9es sur des serveurs s\u00e9curis\u00e9s. Les d\u00e9tails de la transaction seront crypt\u00e9s en toute s\u00e9curit\u00e9 afin de prot\u00e9ger vos donn\u00e9es sensibles.<\/p>\n<p>4.3 &#8211; Nous ne pouvons garantir la s\u00e9curit\u00e9 et l\u2019int\u00e9grit\u00e9 de la transmission de vos donn\u00e9es. La transmission de donn\u00e9es sur Internet n\u2019est jamais totalement s\u00e9curis\u00e9e et, par cons\u00e9quent, les informations que vous nous fournissez doivent \u00eatre \u00e0 vos risques et p\u00e9rils.<\/p>\n<p><strong>5. Partage de vos informations <\/strong><\/p>\n<p>5.1 &#8211; Nous pouvons partager vos informations personnelles avec tout membre du groupe, le cas \u00e9ch\u00e9ant. Cela inclut les filiales ou soci\u00e9t\u00e9s de portefeuille avec lesquelles nous pouvons travailler, ainsi que leurs filiales le cas \u00e9ch\u00e9ant.<\/p>\n<p>5.2 Vos informations personnelles peuvent \u00eatre partag\u00e9es avec des tiers.<\/p>\n<p>5.2.1 Si nous vendons des parties de nos activit\u00e9s ou de nos actifs, nous pouvons partager des informations personnelles avec un tiers. tiers.<\/p>\n<p>5.2.2 Lorsque l\u00e9galement demand\u00e9, nous pouvons partager vos informations.<\/p>\n<p>5.2.3 Pour minimiser le risque de cr\u00e9dit et augmenter la protection contre la fraude, il se peut que nous devions partager vos informations.<\/p>\n<p>6. Liens de tiersTous les liens de tiers vers les sites Web de notre site Web ne sont pas inclus dans notre politique de confidentialit\u00e9. Pour en savoir plus, vous devez v\u00e9rifier les informations de la politique de confidentialit\u00e9 du tiers. Nous n&rsquo;acceptons aucune responsabilit\u00e9 pour les liens de tiers et leurs politiques de confidentialit\u00e9.<\/p>\n<p><strong>7. Acc\u00e8s aux informations<\/strong><\/p>\n<p>Vous avez le droit de demander l&rsquo;acc\u00e8s aux informations que nous pouvons collecter et stocker \u00e0 votre sujet en vertu de la loi de 1998 sur la protection des donn\u00e9es.<\/p>\n<p><strong>Configuration des cookies<\/strong><\/p>\n<p>Les cookies sont des petits fichiers texte qui sont envoy\u00e9s \u00e0 votre ordinateur, smartphone ou autre appareil. acc\u00e9der \u00e0 Internet chaque fois que vous visitez un site Web. Les cookies sont utiles car ils permettent \u00e0 un site Web de reconna\u00eetre le p\u00e9riph\u00e9rique d&rsquo;un utilisateur. Les cookies sont utilis\u00e9s pour diverses raisons, notamment pour d\u00e9terminer les pr\u00e9f\u00e9rences de l&rsquo;utilisateur, permettre aux utilisateurs de naviguer efficacement entre les pages, de v\u00e9rifier l&rsquo;utilisateur, d&rsquo;activer les centres de vente en ligne et de g\u00e9n\u00e9rer des statistiques sur les visiteurs du site Web. Nous utilisons des cookies sur notre site (et dans tout sous-domaine) pour cr\u00e9er le site le plus s\u00fbr, le plus efficace et le plus personnalis\u00e9 possible pour nos clients. Les cookies que nous utilisons sont totalement s\u00fbrs et non intrusifs. Cette politique de cookie explique ce que sont les cookies, comment nous les utilisons et quels sont les avantages qu\u2019ils apportent. Nos cookies ne sont pas intrusifs car ils ne stockent pas d&rsquo;informations personnelles ou sensibles telles que votre nom, votre adresse, votre num\u00e9ro de t\u00e9l\u00e9phone ou votre adresse email. Nous respectons votre vie priv\u00e9e et ne partageons aucune information recueillie par le biais de cookies. Ces cookies nous permettent de collecter des donn\u00e9es<\/p>\n<p>Google Analytics, mais \u00e9galement d\u2019am\u00e9liorer votre exp\u00e9rience de navigation sur ce site. Les cookies que nous utilisons ne peuvent pas examiner votre ordinateur, votre smartphone ou votre appareil compatible Web et obtenir des informations sur vous ou votre famille, ni lire les informations conserv\u00e9es sur votre disque dur. Vous trouverez plus d\u2019informations sur les cookies \u00e0 l\u2019adresse https:\/\/www.gov.uk\/help\/cookies.<\/p>\n<p><strong>Cookies utilis\u00e9s sur ce site Web: <\/strong><\/p>\n<p>Le cookie <strong>PHPSESSID<\/strong> est utilis\u00e9 pour conserver la session du navigateur de l\u2019utilisateur. Nous utilisons les outils de surveillance du site Web Google Analytics pour recueillir des donn\u00e9es utiles pour ce site Web. Cela inclut le nombre de visiteurs par jour et les requ\u00eates de recherche Google ayant conduit les visiteurs au site Web. Aucune donn\u00e9e personnelle n&rsquo;est collect\u00e9e ou stock\u00e9e dans ces cookies. Les cookies suivants sont g\u00e9n\u00e9r\u00e9s par Google sur ce site: __utma __utmb __utmc __utmz NID PREF Ce site utilise l\u2019application de partage social \u2018AddThis\u2019, qui permet de partager rapidement et facilement du contenu Web sur des r\u00e9seaux sociaux tels que Facebook et LinkedIn. Les cookies suivants sont servis \u00e0 partir du domaine \u00abaddthis\u00bb pour activer cette fonctionnalit\u00e9: uit user_segment uid uvc psc __atuvc<\/p>\n<p><strong>Comment modifier vos cookies Pr\u00e9f\u00e9rences<\/strong><\/p>\n<p>La plupart des navigateurs sont configur\u00e9s pour accepter automatiquement les cookies. Toutefois, vous pouvez modifier ces param\u00e8tres selon vos pr\u00e9f\u00e9rences si besoin.<\/p>\n<p>Sur votre PC<\/p>\n<p><strong>Internet Explorer<\/strong>, allez sur \u00ab\u00a0Outils\u00a0\u00bb puis sur \u00ab\u00a0Options Internet\u00a0\u00bb.<\/p>\n<p>Cliquez sur l&rsquo;onglet Confidentialit\u00e9Utilisez le curseur pour modifier les param\u00e8tres de cookie selon vos pr\u00e9f\u00e9rences. Une description de chaque param\u00e8tre appara\u00eetra \u00e0 c\u00f4t\u00e9 de chaque option.<\/p>\n<p><strong>Mozilla Firefox<\/strong><\/p>\n<p>Go dans \u00ab\u00a0Outils\u00a0\u00bb puis \u00ab\u00a0Options Internet\u00a0\u00bb<\/p>\n<p>Cliquez sur l&rsquo;ic\u00f4ne Confidentialit\u00e9Changez les param\u00e8tres d&rsquo;historique pour que votre navigateur rejette tous les cookies ou adapte vos param\u00e8tres de cookie \u00e0 votre<\/p>\n<p><strong>Google Chrome<\/strong><\/p>\n<p>Cliquez sur la cl\u00e9 et s\u00e9lectionnez \u00ab\u00a0Param\u00e8tres\u00a0\u00bb, ce qui ouvrira un nouvel onglet. Sur le c\u00f4t\u00e9 gauche, s\u00e9lectionnez \u00ab\u00a0Sous le capot\u00a0\u00bb.<\/p>\n<p>Cliquez sur \u00ab\u00a0Param\u00e8tres de contenu\u00a0\u00bb sous \u00ab\u00a0Confidentialit\u00e9\u00a0\u00bb.<\/p>\n<p>Choisissez votre option pr\u00e9f\u00e9r\u00e9e dans le menu Cookies<\/p>\n<p><strong>Apple Mac<\/strong><\/p>\n<p><strong>Internet Explorer 5 (MacOS X<\/strong>)<\/p>\n<p>Choisissez Pr\u00e9f\u00e9rences dans le menu de l&rsquo;ExplorateurS\u00e9lectionnez<\/p>\n<p>Options de r\u00e9ception de fichiersS\u00e9lectionnez Cookies<\/p>\n<p>Choisissez vos param\u00e8tres pr\u00e9f\u00e9r\u00e9sMozillaChoisissez Pr\u00e9f\u00e9rences dans le menu \u00c9dition.S\u00e9lectionnez Confidentialit\u00e9 et s\u00e9curit\u00e9, puis s\u00e9lectionnez Cookies.<\/p>\n<p>Choisissez vos param\u00e8tres pr\u00e9f\u00e9r\u00e9s.<\/p>\n<p><strong>Safari 1.0 (MacOS X) <\/strong><\/p>\n<p>Choisissez Pr\u00e9f\u00e9rences dans Safari menu<\/p>\n<p>Select Security icon<\/p>\n<p>Les param\u00e8tres de cookie sont affich\u00e9s dans la fen\u00eatre<\/p>\n<p>Choisissez vos param\u00e8tres pr\u00e9f\u00e9r\u00e9s<\/p>\n<p><strong>Opera<\/strong><\/p>\n<p>Go to Opera dans le menu principal et s\u00e9lectionnez Pr\u00e9f\u00e9rences (ou appuyez sur Alt + P pour y acc\u00e9der directement. ly) S\u00e9lectionnez Privacy<\/p>\n<p><strong>Mobile Devices<\/strong><\/p>\n<p><strong>iPad<\/strong><\/p>\n<p>Go dans \u00ab\u00a0Param\u00e8tres\u00a0\u00bb, puis \u00ab\u00a0Safari\u00a0\u00bb.<\/p>\n<p>Cliquez sur \u00ab\u00a0Confidentialit\u00e9\u00a0\u00bb. Vous pourrez alors modifier vos param\u00e8tres de cookies.<\/p>\n<p><strong>iPhone<\/strong><\/p>\n<p>Go: \u00ab\u00a0Param\u00e8tres\u00a0\u00bb, puis s\u00e9lectionnez \u00ab\u00a0Safari\u00a0\u00bb.<\/p>\n<p>Cliquez sur \u00ab\u00a0Confidentialit\u00e9\u00a0\u00bb, o\u00f9 vous le souhaitez. pouvoir modifier vos param\u00e8tres de cookiesSamsung GalaxyDans le navigateur Internet, ouvrez le menu et s\u00e9lectionnez \u00ab\u00a0Plus\u00a0\u00bb, choisissez \u00ab\u00a0Param\u00e8tres\u00a0\u00bb.<\/p>\n<p>Faites d\u00e9filer jusqu&rsquo;\u00e0 \u00ab\u00a0Confidentialit\u00e9\u00a0\u00bb, puis cliquez sur pour accepter ou refuser les cookies, ou pour effacer les donn\u00e9es des cookies<\/p>\n<p>Pour les autres appareils mobiles, veuillez consultez le manuel du propri\u00e9taire de l&rsquo;appareil pour plus d&rsquo;informations.<\/p>\n","protected":false},"excerpt":{"rendered":"<p>Guardsman accorde la priorit\u00e9 \u00e0 la protection de votre vie priv\u00e9e lorsque vous visitez notre site Web ou communiquez avec notre personnel. Nous avons mis en place des mesures de s\u00e9curit\u00e9 pour s\u00e9curiser et emp\u00eacher tout acc\u00e8s non autoris\u00e9 ou [&hellip;]<\/p>\n","protected":false},"author":188,"featured_media":0,"parent":0,"menu_order":0,"comment_status":"closed","ping_status":"closed","template":"","meta":{"footnotes":""},"class_list":["post-21125","page","type-page","status-publish","hentry"],"yoast_head":"<!-- This site is optimized with the Yoast SEO plugin v26.0 - https:\/\/yoast.com\/wordpress\/plugins\/seo\/ -->\n<title>french Cookie Policy - Guardsman Dog Guards<\/title>\n<meta name=\"robots\" content=\"index, follow, max-snippet:-1, max-image-preview:large, max-video-preview:-1\" \/>\n<link rel=\"canonical\" href=\"https:\/\/www.guardsmandogguards.co.uk\/fr\/french-cookie-policy\/\" \/>\n<meta property=\"og:locale\" content=\"fr_FR\" \/>\n<meta property=\"og:type\" content=\"article\" \/>\n<meta property=\"og:title\" content=\"french Cookie Policy - Guardsman Dog Guards\" \/>\n<meta property=\"og:description\" content=\"Guardsman accorde la priorit\u00e9 \u00e0 la protection de votre vie priv\u00e9e lorsque vous visitez notre site Web ou communiquez avec notre personnel. Nous avons mis en place des mesures de s\u00e9curit\u00e9 pour s\u00e9curiser et emp\u00eacher tout acc\u00e8s non autoris\u00e9 ou [&hellip;]\" \/>\n<meta property=\"og:url\" content=\"https:\/\/www.guardsmandogguards.co.uk\/fr\/french-cookie-policy\/\" \/>\n<meta property=\"og:site_name\" content=\"Guardsman Dog Guards\" \/>\n<meta property=\"article:publisher\" content=\"https:\/\/www.facebook.com\/AthagGuardsman\" \/>\n<meta property=\"article:modified_time\" content=\"2019-07-04T15:30:03+00:00\" \/>\n<meta name=\"twitter:card\" content=\"summary_large_image\" \/>\n<meta name=\"twitter:site\" content=\"@AthagGuardsman\" \/>\n<meta name=\"twitter:label1\" content=\"Dur\u00e9e de lecture estim\u00e9e\" \/>\n\t<meta name=\"twitter:data1\" content=\"11 minutes\" \/>\n<script type=\"application\/ld+json\" class=\"yoast-schema-graph\">{\"@context\":\"https:\/\/schema.org\",\"@graph\":[{\"@type\":\"WebPage\",\"@id\":\"https:\/\/www.guardsmandogguards.co.uk\/fr\/french-cookie-policy\/\",\"url\":\"https:\/\/www.guardsmandogguards.co.uk\/fr\/french-cookie-policy\/\",\"name\":\"french Cookie Policy - Guardsman Dog Guards\",\"isPartOf\":{\"@id\":\"https:\/\/www.guardsmandogguards.co.uk\/#website\"},\"datePublished\":\"2019-07-04T15:11:27+00:00\",\"dateModified\":\"2019-07-04T15:30:03+00:00\",\"breadcrumb\":{\"@id\":\"https:\/\/www.guardsmandogguards.co.uk\/fr\/french-cookie-policy\/#breadcrumb\"},\"inLanguage\":\"fr-FR\",\"potentialAction\":[{\"@type\":\"ReadAction\",\"target\":[\"https:\/\/www.guardsmandogguards.co.uk\/fr\/french-cookie-policy\/\"]}]},{\"@type\":\"BreadcrumbList\",\"@id\":\"https:\/\/www.guardsmandogguards.co.uk\/fr\/french-cookie-policy\/#breadcrumb\",\"itemListElement\":[{\"@type\":\"ListItem\",\"position\":1,\"name\":\"Home\",\"item\":\"https:\/\/www.guardsmandogguards.co.uk\/fr\/\"},{\"@type\":\"ListItem\",\"position\":2,\"name\":\"french Cookie Policy\"}]},{\"@type\":\"WebSite\",\"@id\":\"https:\/\/www.guardsmandogguards.co.uk\/#website\",\"url\":\"https:\/\/www.guardsmandogguards.co.uk\/\",\"name\":\"Guardsman Dog Guards\",\"description\":\"A full range of Dog Guards and Boot Dividers for all Car Brands and Models\",\"publisher\":{\"@id\":\"https:\/\/www.guardsmandogguards.co.uk\/#organization\"},\"potentialAction\":[{\"@type\":\"SearchAction\",\"target\":{\"@type\":\"EntryPoint\",\"urlTemplate\":\"https:\/\/www.guardsmandogguards.co.uk\/?s={search_term_string}\"},\"query-input\":{\"@type\":\"PropertyValueSpecification\",\"valueRequired\":true,\"valueName\":\"search_term_string\"}}],\"inLanguage\":\"fr-FR\"},{\"@type\":\"Organization\",\"@id\":\"https:\/\/www.guardsmandogguards.co.uk\/#organization\",\"name\":\"Guardsman Dog Guards\",\"url\":\"https:\/\/www.guardsmandogguards.co.uk\/\",\"logo\":{\"@type\":\"ImageObject\",\"inLanguage\":\"fr-FR\",\"@id\":\"https:\/\/www.guardsmandogguards.co.uk\/#\/schema\/logo\/image\/\",\"url\":\"https:\/\/www.guardsmandogguards.co.uk\/wp-content\/uploads\/2017\/08\/guardsman.jpg\",\"contentUrl\":\"https:\/\/www.guardsmandogguards.co.uk\/wp-content\/uploads\/2017\/08\/guardsman.jpg\",\"width\":235,\"height\":235,\"caption\":\"Guardsman Dog Guards\"},\"image\":{\"@id\":\"https:\/\/www.guardsmandogguards.co.uk\/#\/schema\/logo\/image\/\"},\"sameAs\":[\"https:\/\/www.facebook.com\/AthagGuardsman\",\"https:\/\/x.com\/AthagGuardsman\",\"https:\/\/www.linkedin.com\/in\/athag-guardsman-44a5699a\/\"]}]}<\/script>\n<!-- \/ Yoast SEO plugin. -->","yoast_head_json":{"title":"french Cookie Policy - Guardsman Dog Guards","robots":{"index":"index","follow":"follow","max-snippet":"max-snippet:-1","max-image-preview":"max-image-preview:large","max-video-preview":"max-video-preview:-1"},"canonical":"https:\/\/www.guardsmandogguards.co.uk\/fr\/french-cookie-policy\/","og_locale":"fr_FR","og_type":"article","og_title":"french Cookie Policy - Guardsman Dog Guards","og_description":"Guardsman accorde la priorit\u00e9 \u00e0 la protection de votre vie priv\u00e9e lorsque vous visitez notre site Web ou communiquez avec notre personnel. Nous avons mis en place des mesures de s\u00e9curit\u00e9 pour s\u00e9curiser et emp\u00eacher tout acc\u00e8s non autoris\u00e9 ou [&hellip;]","og_url":"https:\/\/www.guardsmandogguards.co.uk\/fr\/french-cookie-policy\/","og_site_name":"Guardsman Dog Guards","article_publisher":"https:\/\/www.facebook.com\/AthagGuardsman","article_modified_time":"2019-07-04T15:30:03+00:00","twitter_card":"summary_large_image","twitter_site":"@AthagGuardsman","twitter_misc":{"Dur\u00e9e de lecture estim\u00e9e":"11 minutes"},"schema":{"@context":"https:\/\/schema.org","@graph":[{"@type":"WebPage","@id":"https:\/\/www.guardsmandogguards.co.uk\/fr\/french-cookie-policy\/","url":"https:\/\/www.guardsmandogguards.co.uk\/fr\/french-cookie-policy\/","name":"french Cookie Policy - Guardsman Dog Guards","isPartOf":{"@id":"https:\/\/www.guardsmandogguards.co.uk\/#website"},"datePublished":"2019-07-04T15:11:27+00:00","dateModified":"2019-07-04T15:30:03+00:00","breadcrumb":{"@id":"https:\/\/www.guardsmandogguards.co.uk\/fr\/french-cookie-policy\/#breadcrumb"},"inLanguage":"fr-FR","potentialAction":[{"@type":"ReadAction","target":["https:\/\/www.guardsmandogguards.co.uk\/fr\/french-cookie-policy\/"]}]},{"@type":"BreadcrumbList","@id":"https:\/\/www.guardsmandogguards.co.uk\/fr\/french-cookie-policy\/#breadcrumb","itemListElement":[{"@type":"ListItem","position":1,"name":"Home","item":"https:\/\/www.guardsmandogguards.co.uk\/fr\/"},{"@type":"ListItem","position":2,"name":"french Cookie Policy"}]},{"@type":"WebSite","@id":"https:\/\/www.guardsmandogguards.co.uk\/#website","url":"https:\/\/www.guardsmandogguards.co.uk\/","name":"Guardsman Dog Guards","description":"A full range of Dog Guards and Boot Dividers for all Car Brands and Models","publisher":{"@id":"https:\/\/www.guardsmandogguards.co.uk\/#organization"},"potentialAction":[{"@type":"SearchAction","target":{"@type":"EntryPoint","urlTemplate":"https:\/\/www.guardsmandogguards.co.uk\/?s={search_term_string}"},"query-input":{"@type":"PropertyValueSpecification","valueRequired":true,"valueName":"search_term_string"}}],"inLanguage":"fr-FR"},{"@type":"Organization","@id":"https:\/\/www.guardsmandogguards.co.uk\/#organization","name":"Guardsman Dog Guards","url":"https:\/\/www.guardsmandogguards.co.uk\/","logo":{"@type":"ImageObject","inLanguage":"fr-FR","@id":"https:\/\/www.guardsmandogguards.co.uk\/#\/schema\/logo\/image\/","url":"https:\/\/www.guardsmandogguards.co.uk\/wp-content\/uploads\/2017\/08\/guardsman.jpg","contentUrl":"https:\/\/www.guardsmandogguards.co.uk\/wp-content\/uploads\/2017\/08\/guardsman.jpg","width":235,"height":235,"caption":"Guardsman Dog Guards"},"image":{"@id":"https:\/\/www.guardsmandogguards.co.uk\/#\/schema\/logo\/image\/"},"sameAs":["https:\/\/www.facebook.com\/AthagGuardsman","https:\/\/x.com\/AthagGuardsman","https:\/\/www.linkedin.com\/in\/athag-guardsman-44a5699a\/"]}]}},"_links":{"self":[{"href":"https:\/\/www.guardsmandogguards.co.uk\/fr\/wp-json\/wp\/v2\/pages\/21125","targetHints":{"allow":["GET"]}}],"collection":[{"href":"https:\/\/www.guardsmandogguards.co.uk\/fr\/wp-json\/wp\/v2\/pages"}],"about":[{"href":"https:\/\/www.guardsmandogguards.co.uk\/fr\/wp-json\/wp\/v2\/types\/page"}],"author":[{"embeddable":true,"href":"https:\/\/www.guardsmandogguards.co.uk\/fr\/wp-json\/wp\/v2\/users\/188"}],"replies":[{"embeddable":true,"href":"https:\/\/www.guardsmandogguards.co.uk\/fr\/wp-json\/wp\/v2\/comments?post=21125"}],"version-history":[{"count":7,"href":"https:\/\/www.guardsmandogguards.co.uk\/fr\/wp-json\/wp\/v2\/pages\/21125\/revisions"}],"predecessor-version":[{"id":21132,"href":"https:\/\/www.guardsmandogguards.co.uk\/fr\/wp-json\/wp\/v2\/pages\/21125\/revisions\/21132"}],"wp:attachment":[{"href":"https:\/\/www.guardsmandogguards.co.uk\/fr\/wp-json\/wp\/v2\/media?parent=21125"}],"curies":[{"name":"wp","href":"https:\/\/api.w.org\/{rel}","templated":true}]}}