{"id":17479,"date":"2019-03-01T14:52:37","date_gmt":"2019-03-01T14:52:37","guid":{"rendered":"https:\/\/www.guardsmandogguards.co.uk\/?page_id=17479"},"modified":"2022-08-25T15:23:15","modified_gmt":"2022-08-25T14:23:15","slug":"company-profile","status":"publish","type":"page","link":"https:\/\/www.guardsmandogguards.co.uk\/fr\/company-profile\/","title":{"rendered":"Company Profile"},"content":{"rendered":"<p>\u00ab\u00a0Guardsman\u00a0\u00bb a \u00e9t\u00e9 fond\u00e9 par un ancien membre du r\u00e9giment Life Guard de la British Household Cavalry en 1964 et depuis lors, nous nous sommes forg\u00e9 une r\u00e9putation de pare-chien, de s\u00e9parateurs et de protections de hayon sur mesure de haute qualit\u00e9 pour voitures et camionnettes.<\/p>\n<p>Nous sommes bas\u00e9s dans les Midlands industriels du Royaume-Uni et ne vendons que des prot\u00e8ge-chiens et des s\u00e9parateurs qui ont \u00e9t\u00e9 fabriqu\u00e9s dans notre usine, ce qui nous permet de maintenir nos normes \u00e9lev\u00e9es de contr\u00f4le de la qualit\u00e9.<\/p>\n<p>Nous sommes heureux d&rsquo;\u00eatre des fournisseurs r\u00e9guliers \u00e0 long terme de prot\u00e8ge-chiens, de protections de hayon et de cages pour chiens \u00e0 la fois pour les chiens-guides et The Dogs Trust.<\/p>\n<p>Notre soci\u00e9t\u00e9 m\u00e8re &#8211; Athag Limited &#8211; fournit des grilles de protection pour chiens directement aux constructeurs automobiles.<\/p>\n<p>Les clients actuels incluent Jaguar Land Rover, Toyota Europe, Peugeot, Citro\u00ebn, Ford Europe, BMW, Opel \/ Vauxhall, KIA Europe, Hyundai Europe, Subaru Europe, Mitsubishi et Chrysler dans le monde entier. Les prot\u00e8ge-chiens d&rsquo;Athag sont vendus par l&rsquo;interm\u00e9diaire des concessionnaires de leurs clients en tant qu&rsquo;accessoires ou pour \u00eatre mont\u00e9s sur le v\u00e9hicule avant la collecte par le client. La soci\u00e9t\u00e9 est accr\u00e9dit\u00e9e selon les normes mondialement reconnues ISO9001:2015 (Qualit\u00e9) et ISO14001:2015 (Environnement).<\/p>\n","protected":false},"excerpt":{"rendered":"<p>\u00ab\u00a0Guardsman\u00a0\u00bb a \u00e9t\u00e9 fond\u00e9 par un ancien membre du r\u00e9giment Life Guard de la British Household Cavalry en 1964 et depuis lors, nous nous sommes forg\u00e9 une r\u00e9putation de pare-chien, de s\u00e9parateurs et de protections de hayon sur mesure de [&hellip;]<\/p>\n","protected":false},"author":1,"featured_media":0,"parent":0,"menu_order":0,"comment_status":"closed","ping_status":"closed","template":"","meta":{"footnotes":""},"class_list":["post-17479","page","type-page","status-publish","hentry"],"yoast_head":"<!-- This site is optimized with the Yoast SEO plugin v26.0 - https:\/\/yoast.com\/wordpress\/plugins\/seo\/ -->\n<title>Company Profile - Guardsman Dog Guards<\/title>\n<meta name=\"robots\" content=\"index, follow, max-snippet:-1, max-image-preview:large, max-video-preview:-1\" \/>\n<link rel=\"canonical\" href=\"https:\/\/www.guardsmandogguards.co.uk\/fr\/company-profile\/\" \/>\n<meta property=\"og:locale\" content=\"fr_FR\" \/>\n<meta property=\"og:type\" content=\"article\" \/>\n<meta property=\"og:title\" content=\"Company Profile - Guardsman Dog Guards\" \/>\n<meta property=\"og:description\" content=\"\u00ab\u00a0Guardsman\u00a0\u00bb a \u00e9t\u00e9 fond\u00e9 par un ancien membre du r\u00e9giment Life Guard de la British Household Cavalry en 1964 et depuis lors, nous nous sommes forg\u00e9 une r\u00e9putation de pare-chien, de s\u00e9parateurs et de protections de hayon sur mesure de [&hellip;]\" \/>\n<meta property=\"og:url\" content=\"https:\/\/www.guardsmandogguards.co.uk\/fr\/company-profile\/\" \/>\n<meta property=\"og:site_name\" content=\"Guardsman Dog Guards\" \/>\n<meta property=\"article:publisher\" content=\"https:\/\/www.facebook.com\/AthagGuardsman\" \/>\n<meta property=\"article:modified_time\" content=\"2022-08-25T14:23:15+00:00\" \/>\n<meta name=\"twitter:card\" content=\"summary_large_image\" \/>\n<meta name=\"twitter:site\" content=\"@AthagGuardsman\" \/>\n<meta name=\"twitter:label1\" content=\"Dur\u00e9e de lecture estim\u00e9e\" \/>\n\t<meta name=\"twitter:data1\" content=\"1 minute\" \/>\n<script type=\"application\/ld+json\" class=\"yoast-schema-graph\">{\"@context\":\"https:\/\/schema.org\",\"@graph\":[{\"@type\":\"WebPage\",\"@id\":\"https:\/\/www.guardsmandogguards.co.uk\/fr\/company-profile\/\",\"url\":\"https:\/\/www.guardsmandogguards.co.uk\/fr\/company-profile\/\",\"name\":\"Company Profile - Guardsman Dog Guards\",\"isPartOf\":{\"@id\":\"https:\/\/www.guardsmandogguards.co.uk\/#website\"},\"datePublished\":\"2019-03-01T14:52:37+00:00\",\"dateModified\":\"2022-08-25T14:23:15+00:00\",\"breadcrumb\":{\"@id\":\"https:\/\/www.guardsmandogguards.co.uk\/fr\/company-profile\/#breadcrumb\"},\"inLanguage\":\"fr-FR\",\"potentialAction\":[{\"@type\":\"ReadAction\",\"target\":[\"https:\/\/www.guardsmandogguards.co.uk\/fr\/company-profile\/\"]}]},{\"@type\":\"BreadcrumbList\",\"@id\":\"https:\/\/www.guardsmandogguards.co.uk\/fr\/company-profile\/#breadcrumb\",\"itemListElement\":[{\"@type\":\"ListItem\",\"position\":1,\"name\":\"Home\",\"item\":\"https:\/\/www.guardsmandogguards.co.uk\/fr\/\"},{\"@type\":\"ListItem\",\"position\":2,\"name\":\"Company Profile\"}]},{\"@type\":\"WebSite\",\"@id\":\"https:\/\/www.guardsmandogguards.co.uk\/#website\",\"url\":\"https:\/\/www.guardsmandogguards.co.uk\/\",\"name\":\"Guardsman Dog Guards\",\"description\":\"A full range of Dog Guards and Boot Dividers for all Car Brands and Models\",\"publisher\":{\"@id\":\"https:\/\/www.guardsmandogguards.co.uk\/#organization\"},\"potentialAction\":[{\"@type\":\"SearchAction\",\"target\":{\"@type\":\"EntryPoint\",\"urlTemplate\":\"https:\/\/www.guardsmandogguards.co.uk\/?s={search_term_string}\"},\"query-input\":{\"@type\":\"PropertyValueSpecification\",\"valueRequired\":true,\"valueName\":\"search_term_string\"}}],\"inLanguage\":\"fr-FR\"},{\"@type\":\"Organization\",\"@id\":\"https:\/\/www.guardsmandogguards.co.uk\/#organization\",\"name\":\"Guardsman Dog Guards\",\"url\":\"https:\/\/www.guardsmandogguards.co.uk\/\",\"logo\":{\"@type\":\"ImageObject\",\"inLanguage\":\"fr-FR\",\"@id\":\"https:\/\/www.guardsmandogguards.co.uk\/#\/schema\/logo\/image\/\",\"url\":\"https:\/\/www.guardsmandogguards.co.uk\/wp-content\/uploads\/2017\/08\/guardsman.jpg\",\"contentUrl\":\"https:\/\/www.guardsmandogguards.co.uk\/wp-content\/uploads\/2017\/08\/guardsman.jpg\",\"width\":235,\"height\":235,\"caption\":\"Guardsman Dog Guards\"},\"image\":{\"@id\":\"https:\/\/www.guardsmandogguards.co.uk\/#\/schema\/logo\/image\/\"},\"sameAs\":[\"https:\/\/www.facebook.com\/AthagGuardsman\",\"https:\/\/x.com\/AthagGuardsman\",\"https:\/\/www.linkedin.com\/in\/athag-guardsman-44a5699a\/\"]}]}<\/script>\n<!-- \/ Yoast SEO plugin. -->","yoast_head_json":{"title":"Company Profile - Guardsman Dog Guards","robots":{"index":"index","follow":"follow","max-snippet":"max-snippet:-1","max-image-preview":"max-image-preview:large","max-video-preview":"max-video-preview:-1"},"canonical":"https:\/\/www.guardsmandogguards.co.uk\/fr\/company-profile\/","og_locale":"fr_FR","og_type":"article","og_title":"Company Profile - Guardsman Dog Guards","og_description":"\u00ab\u00a0Guardsman\u00a0\u00bb a \u00e9t\u00e9 fond\u00e9 par un ancien membre du r\u00e9giment Life Guard de la British Household Cavalry en 1964 et depuis lors, nous nous sommes forg\u00e9 une r\u00e9putation de pare-chien, de s\u00e9parateurs et de protections de hayon sur mesure de [&hellip;]","og_url":"https:\/\/www.guardsmandogguards.co.uk\/fr\/company-profile\/","og_site_name":"Guardsman Dog Guards","article_publisher":"https:\/\/www.facebook.com\/AthagGuardsman","article_modified_time":"2022-08-25T14:23:15+00:00","twitter_card":"summary_large_image","twitter_site":"@AthagGuardsman","twitter_misc":{"Dur\u00e9e de lecture estim\u00e9e":"1 minute"},"schema":{"@context":"https:\/\/schema.org","@graph":[{"@type":"WebPage","@id":"https:\/\/www.guardsmandogguards.co.uk\/fr\/company-profile\/","url":"https:\/\/www.guardsmandogguards.co.uk\/fr\/company-profile\/","name":"Company Profile - Guardsman Dog Guards","isPartOf":{"@id":"https:\/\/www.guardsmandogguards.co.uk\/#website"},"datePublished":"2019-03-01T14:52:37+00:00","dateModified":"2022-08-25T14:23:15+00:00","breadcrumb":{"@id":"https:\/\/www.guardsmandogguards.co.uk\/fr\/company-profile\/#breadcrumb"},"inLanguage":"fr-FR","potentialAction":[{"@type":"ReadAction","target":["https:\/\/www.guardsmandogguards.co.uk\/fr\/company-profile\/"]}]},{"@type":"BreadcrumbList","@id":"https:\/\/www.guardsmandogguards.co.uk\/fr\/company-profile\/#breadcrumb","itemListElement":[{"@type":"ListItem","position":1,"name":"Home","item":"https:\/\/www.guardsmandogguards.co.uk\/fr\/"},{"@type":"ListItem","position":2,"name":"Company Profile"}]},{"@type":"WebSite","@id":"https:\/\/www.guardsmandogguards.co.uk\/#website","url":"https:\/\/www.guardsmandogguards.co.uk\/","name":"Guardsman Dog Guards","description":"A full range of Dog Guards and Boot Dividers for all Car Brands and Models","publisher":{"@id":"https:\/\/www.guardsmandogguards.co.uk\/#organization"},"potentialAction":[{"@type":"SearchAction","target":{"@type":"EntryPoint","urlTemplate":"https:\/\/www.guardsmandogguards.co.uk\/?s={search_term_string}"},"query-input":{"@type":"PropertyValueSpecification","valueRequired":true,"valueName":"search_term_string"}}],"inLanguage":"fr-FR"},{"@type":"Organization","@id":"https:\/\/www.guardsmandogguards.co.uk\/#organization","name":"Guardsman Dog Guards","url":"https:\/\/www.guardsmandogguards.co.uk\/","logo":{"@type":"ImageObject","inLanguage":"fr-FR","@id":"https:\/\/www.guardsmandogguards.co.uk\/#\/schema\/logo\/image\/","url":"https:\/\/www.guardsmandogguards.co.uk\/wp-content\/uploads\/2017\/08\/guardsman.jpg","contentUrl":"https:\/\/www.guardsmandogguards.co.uk\/wp-content\/uploads\/2017\/08\/guardsman.jpg","width":235,"height":235,"caption":"Guardsman Dog Guards"},"image":{"@id":"https:\/\/www.guardsmandogguards.co.uk\/#\/schema\/logo\/image\/"},"sameAs":["https:\/\/www.facebook.com\/AthagGuardsman","https:\/\/x.com\/AthagGuardsman","https:\/\/www.linkedin.com\/in\/athag-guardsman-44a5699a\/"]}]}},"_links":{"self":[{"href":"https:\/\/www.guardsmandogguards.co.uk\/fr\/wp-json\/wp\/v2\/pages\/17479","targetHints":{"allow":["GET"]}}],"collection":[{"href":"https:\/\/www.guardsmandogguards.co.uk\/fr\/wp-json\/wp\/v2\/pages"}],"about":[{"href":"https:\/\/www.guardsmandogguards.co.uk\/fr\/wp-json\/wp\/v2\/types\/page"}],"author":[{"embeddable":true,"href":"https:\/\/www.guardsmandogguards.co.uk\/fr\/wp-json\/wp\/v2\/users\/1"}],"replies":[{"embeddable":true,"href":"https:\/\/www.guardsmandogguards.co.uk\/fr\/wp-json\/wp\/v2\/comments?post=17479"}],"version-history":[{"count":2,"href":"https:\/\/www.guardsmandogguards.co.uk\/fr\/wp-json\/wp\/v2\/pages\/17479\/revisions"}],"predecessor-version":[{"id":45250,"href":"https:\/\/www.guardsmandogguards.co.uk\/fr\/wp-json\/wp\/v2\/pages\/17479\/revisions\/45250"}],"wp:attachment":[{"href":"https:\/\/www.guardsmandogguards.co.uk\/fr\/wp-json\/wp\/v2\/media?parent=17479"}],"curies":[{"name":"wp","href":"https:\/\/api.w.org\/{rel}","templated":true}]}}