{"id":17457,"date":"2019-03-01T12:03:25","date_gmt":"2019-03-01T12:03:25","guid":{"rendered":"https:\/\/www.guardsmandogguards.co.uk\/?page_id=17457"},"modified":"2019-03-01T12:03:25","modified_gmt":"2019-03-01T12:03:25","slug":"foire-aux-questions","status":"publish","type":"page","link":"https:\/\/www.guardsmandogguards.co.uk\/fr\/foire-aux-questions\/","title":{"rendered":"Foire Aux Questions"},"content":{"rendered":"<p><strong>Il est facile d\u2019installer une grille Guardsman\u00a0?<\/strong><\/p>\n<p>Chaque grille Guardsman est con\u00e7ue pour un mod\u00e8le de voiture particulier. Il faut entre 2 et 15 minutes pour monter la grille. Elles p\u00e8sent vers 5 kg, et compte tenu de la n\u00e9cessit\u00e9 de se pencher vers l\u2019int\u00e9rieur du coffre en montant la grille, vous trouverez l\u2019installation plus facile \u00e0 deux. La grille est aussi facile \u00e0 enlever. Il ne faut aucune modification de la voiture et nos produits ne g\u00eanent pas l\u2019appui-t\u00eate de votre voiture. Les instructions de montage sont fournies, ainsi qu\u2019une cl\u00e9 Allen, pour serrer les boulons de la grille.<strong>\u00a0<\/strong><\/p>\n<p><strong>Ma voiture a un toit ouvrant, cela g\u00e9n\u00e9ra-t-il le montage de la grille ?<\/strong><\/p>\n<p>Lors du montage d\u2019un toit ouvrant, la doublure du toit est l\u00e9g\u00e8rement r\u00e9duite pour recevoir les m\u00e9canismes du toit ouvrant, ce qui ne change rien pour le montage de beaucoup de nos grilles. Toutefois, certaines de nos grilles n\u00e9cessitent des soutiens diff\u00e9rents et pour d\u2019autres nous avons cr\u00e9\u00e9 une grille diff\u00e9rente, cette information est disponible sur le site web dans la description individuelle des produits Veuillez nous contacter pour plus de renseignements.<strong>\u00a0<\/strong><\/p>\n<p><strong>Il faut combien de temps pour la livraison de ma commande?<\/strong><\/p>\n<p>Si le produit que vos avez commande est en stock, (et nous en avons beaucoup !) et vous passez votre commande avant 14.00, l\u2019heure GMT de lundi \u00e0 vendredi, nous exp\u00e9dierons votre commande le jour m\u00eame. Normalement il faut 1 ou 2 jours pour la livraison au Royaume Uni et quelques jours de plus pour L\u2019Europe continentale. Pour les livraisons aux Etats Unis il faut pr\u00e9voir entre 3 \u00e0 5 jours. Il peut arriver des circonstances, hors du contr\u00f4le de la compagnie de livraison, o\u00f9 les livraisons sont retard\u00e9es, donc il n\u2019est pas possible de garantir ce service.<\/p>\n<p><strong>Je voudrais acheter un produit Guardsman, mais il y a deux v\u00e9hicules diff\u00e9rents pour L\u2019ann\u00e9e mod\u00e8le de ma voiture, comment choisir ?<\/strong><\/p>\n<p>Des fois les constructeurs d\u2019automobile vendent l\u2019ancien et le nouveau mod\u00e8le d\u2019une voiture dans la m\u00eame ann\u00e9e. Il est donc important de choisir le bon produit pour votre voiture, car nos grilles de s\u00e9paration et grilles de protection sont fabriqu\u00e9es pour un mod\u00e8le sp\u00e9cifique. Au cas o\u00f9 vous n\u2019\u00eates pas certain, vous pouvez nous envoyer une photo avec quelques d\u00e9tails de votre v\u00e9hicule, et nous ferons le maximum pour vous aider.<\/p>\n<p><strong>Est-il possible de monter notre grille de division adaptable avec une grille de s\u00e9paration d\u2019une autre marque\u00a0?<\/strong><\/p>\n<p>Il faut monter notre grille de division adaptable uniquement en combinaison avec la grille de s\u00e9paration Guardsman. Il n\u2019est pas possible d\u2019utiliser nos produits avec ceux d\u2019une entreprise diff\u00e9rente. Nos produits sont les seuls \u00a0qu\u2019on peut ajuster la \u00a0position,- (70\/30, 60\/40, 50\/50) ce qui permet de changer les dimensions de chaque compartiment du coffre<\/p>\n<p><strong>Y a-t-il un moyen de voir comment les pi\u00e8ces se montent avant d\u2019acheter le produit\u00a0?<\/strong><\/p>\n<p>Beaucoup de nos grilles se servent des points de fixation dans la voiture. Il est possible d\u2019imprimer les instructions de montage pour toutes nos grilles de notre site web<\/p>\n<p><strong>Ayant achet\u00e9 <\/strong><strong>une grille de s\u00e9paration pour chien Guardsman, j\u2019ai des probl\u00e8mes en ce qui concerne le montage. Que dois-je faire ?<\/strong><\/p>\n<p>Envoyez-nous un mail \u00e0 info@athag.co.uk\u00a0avec le num\u00e9ro de commande et la r\u00e9f\u00e9rence produit, ainsi que quelques d\u00e9tails du probl\u00e8me. Une photo num\u00e9rique nous permettrait de mieux r\u00e9soudre le probl\u00e8me<\/p>\n<p><strong>J\u2019ai perdu une pi\u00e8ce, fournie aven ma commande. Puis -je commander une pi\u00e8ce de rechange ?<\/strong><\/p>\n<p>Contactez-nous avec une description et le num\u00e9ro de la pi\u00e8ce et nous ferons tout pour vous aider.<\/p>\n","protected":false},"excerpt":{"rendered":"<p>Il est facile d\u2019installer une grille Guardsman\u00a0? Chaque grille Guardsman est con\u00e7ue pour un mod\u00e8le de voiture particulier. Il faut entre 2 et 15 minutes pour monter la grille. Elles p\u00e8sent vers 5 kg, et compte tenu de la n\u00e9cessit\u00e9 [&hellip;]<\/p>\n","protected":false},"author":276,"featured_media":0,"parent":0,"menu_order":0,"comment_status":"closed","ping_status":"closed","template":"","meta":{"footnotes":""},"class_list":["post-17457","page","type-page","status-publish","hentry"],"yoast_head":"<!-- This site is optimized with the Yoast SEO plugin v26.0 - https:\/\/yoast.com\/wordpress\/plugins\/seo\/ -->\n<title>Foire Aux Questions - Guardsman Dog Guards<\/title>\n<meta name=\"robots\" content=\"index, follow, max-snippet:-1, max-image-preview:large, max-video-preview:-1\" \/>\n<link rel=\"canonical\" href=\"https:\/\/www.guardsmandogguards.co.uk\/fr\/foire-aux-questions\/\" \/>\n<meta property=\"og:locale\" content=\"fr_FR\" \/>\n<meta property=\"og:type\" content=\"article\" \/>\n<meta property=\"og:title\" content=\"Foire Aux Questions - Guardsman Dog Guards\" \/>\n<meta property=\"og:description\" content=\"Il est facile d\u2019installer une grille Guardsman\u00a0? Chaque grille Guardsman est con\u00e7ue pour un mod\u00e8le de voiture particulier. Il faut entre 2 et 15 minutes pour monter la grille. Elles p\u00e8sent vers 5 kg, et compte tenu de la n\u00e9cessit\u00e9 [&hellip;]\" \/>\n<meta property=\"og:url\" content=\"https:\/\/www.guardsmandogguards.co.uk\/fr\/foire-aux-questions\/\" \/>\n<meta property=\"og:site_name\" content=\"Guardsman Dog Guards\" \/>\n<meta property=\"article:publisher\" content=\"https:\/\/www.facebook.com\/AthagGuardsman\" \/>\n<meta name=\"twitter:card\" content=\"summary_large_image\" \/>\n<meta name=\"twitter:site\" content=\"@AthagGuardsman\" \/>\n<meta name=\"twitter:label1\" content=\"Dur\u00e9e de lecture estim\u00e9e\" \/>\n\t<meta name=\"twitter:data1\" content=\"3 minutes\" \/>\n<script type=\"application\/ld+json\" class=\"yoast-schema-graph\">{\"@context\":\"https:\/\/schema.org\",\"@graph\":[{\"@type\":\"WebPage\",\"@id\":\"https:\/\/www.guardsmandogguards.co.uk\/fr\/foire-aux-questions\/\",\"url\":\"https:\/\/www.guardsmandogguards.co.uk\/fr\/foire-aux-questions\/\",\"name\":\"Foire Aux Questions - Guardsman Dog Guards\",\"isPartOf\":{\"@id\":\"https:\/\/www.guardsmandogguards.co.uk\/#website\"},\"datePublished\":\"2019-03-01T12:03:25+00:00\",\"breadcrumb\":{\"@id\":\"https:\/\/www.guardsmandogguards.co.uk\/fr\/foire-aux-questions\/#breadcrumb\"},\"inLanguage\":\"fr-FR\",\"potentialAction\":[{\"@type\":\"ReadAction\",\"target\":[\"https:\/\/www.guardsmandogguards.co.uk\/fr\/foire-aux-questions\/\"]}]},{\"@type\":\"BreadcrumbList\",\"@id\":\"https:\/\/www.guardsmandogguards.co.uk\/fr\/foire-aux-questions\/#breadcrumb\",\"itemListElement\":[{\"@type\":\"ListItem\",\"position\":1,\"name\":\"Home\",\"item\":\"https:\/\/www.guardsmandogguards.co.uk\/fr\/\"},{\"@type\":\"ListItem\",\"position\":2,\"name\":\"Foire Aux Questions\"}]},{\"@type\":\"WebSite\",\"@id\":\"https:\/\/www.guardsmandogguards.co.uk\/#website\",\"url\":\"https:\/\/www.guardsmandogguards.co.uk\/\",\"name\":\"Guardsman Dog Guards\",\"description\":\"A full range of Dog Guards and Boot Dividers for all Car Brands and Models\",\"publisher\":{\"@id\":\"https:\/\/www.guardsmandogguards.co.uk\/#organization\"},\"potentialAction\":[{\"@type\":\"SearchAction\",\"target\":{\"@type\":\"EntryPoint\",\"urlTemplate\":\"https:\/\/www.guardsmandogguards.co.uk\/?s={search_term_string}\"},\"query-input\":{\"@type\":\"PropertyValueSpecification\",\"valueRequired\":true,\"valueName\":\"search_term_string\"}}],\"inLanguage\":\"fr-FR\"},{\"@type\":\"Organization\",\"@id\":\"https:\/\/www.guardsmandogguards.co.uk\/#organization\",\"name\":\"Guardsman Dog Guards\",\"url\":\"https:\/\/www.guardsmandogguards.co.uk\/\",\"logo\":{\"@type\":\"ImageObject\",\"inLanguage\":\"fr-FR\",\"@id\":\"https:\/\/www.guardsmandogguards.co.uk\/#\/schema\/logo\/image\/\",\"url\":\"https:\/\/www.guardsmandogguards.co.uk\/wp-content\/uploads\/2017\/08\/guardsman.jpg\",\"contentUrl\":\"https:\/\/www.guardsmandogguards.co.uk\/wp-content\/uploads\/2017\/08\/guardsman.jpg\",\"width\":235,\"height\":235,\"caption\":\"Guardsman Dog Guards\"},\"image\":{\"@id\":\"https:\/\/www.guardsmandogguards.co.uk\/#\/schema\/logo\/image\/\"},\"sameAs\":[\"https:\/\/www.facebook.com\/AthagGuardsman\",\"https:\/\/x.com\/AthagGuardsman\",\"https:\/\/www.linkedin.com\/in\/athag-guardsman-44a5699a\/\"]}]}<\/script>\n<!-- \/ Yoast SEO plugin. -->","yoast_head_json":{"title":"Foire Aux Questions - Guardsman Dog Guards","robots":{"index":"index","follow":"follow","max-snippet":"max-snippet:-1","max-image-preview":"max-image-preview:large","max-video-preview":"max-video-preview:-1"},"canonical":"https:\/\/www.guardsmandogguards.co.uk\/fr\/foire-aux-questions\/","og_locale":"fr_FR","og_type":"article","og_title":"Foire Aux Questions - Guardsman Dog Guards","og_description":"Il est facile d\u2019installer une grille Guardsman\u00a0? Chaque grille Guardsman est con\u00e7ue pour un mod\u00e8le de voiture particulier. Il faut entre 2 et 15 minutes pour monter la grille. Elles p\u00e8sent vers 5 kg, et compte tenu de la n\u00e9cessit\u00e9 [&hellip;]","og_url":"https:\/\/www.guardsmandogguards.co.uk\/fr\/foire-aux-questions\/","og_site_name":"Guardsman Dog Guards","article_publisher":"https:\/\/www.facebook.com\/AthagGuardsman","twitter_card":"summary_large_image","twitter_site":"@AthagGuardsman","twitter_misc":{"Dur\u00e9e de lecture estim\u00e9e":"3 minutes"},"schema":{"@context":"https:\/\/schema.org","@graph":[{"@type":"WebPage","@id":"https:\/\/www.guardsmandogguards.co.uk\/fr\/foire-aux-questions\/","url":"https:\/\/www.guardsmandogguards.co.uk\/fr\/foire-aux-questions\/","name":"Foire Aux Questions - Guardsman Dog Guards","isPartOf":{"@id":"https:\/\/www.guardsmandogguards.co.uk\/#website"},"datePublished":"2019-03-01T12:03:25+00:00","breadcrumb":{"@id":"https:\/\/www.guardsmandogguards.co.uk\/fr\/foire-aux-questions\/#breadcrumb"},"inLanguage":"fr-FR","potentialAction":[{"@type":"ReadAction","target":["https:\/\/www.guardsmandogguards.co.uk\/fr\/foire-aux-questions\/"]}]},{"@type":"BreadcrumbList","@id":"https:\/\/www.guardsmandogguards.co.uk\/fr\/foire-aux-questions\/#breadcrumb","itemListElement":[{"@type":"ListItem","position":1,"name":"Home","item":"https:\/\/www.guardsmandogguards.co.uk\/fr\/"},{"@type":"ListItem","position":2,"name":"Foire Aux Questions"}]},{"@type":"WebSite","@id":"https:\/\/www.guardsmandogguards.co.uk\/#website","url":"https:\/\/www.guardsmandogguards.co.uk\/","name":"Guardsman Dog Guards","description":"A full range of Dog Guards and Boot Dividers for all Car Brands and Models","publisher":{"@id":"https:\/\/www.guardsmandogguards.co.uk\/#organization"},"potentialAction":[{"@type":"SearchAction","target":{"@type":"EntryPoint","urlTemplate":"https:\/\/www.guardsmandogguards.co.uk\/?s={search_term_string}"},"query-input":{"@type":"PropertyValueSpecification","valueRequired":true,"valueName":"search_term_string"}}],"inLanguage":"fr-FR"},{"@type":"Organization","@id":"https:\/\/www.guardsmandogguards.co.uk\/#organization","name":"Guardsman Dog Guards","url":"https:\/\/www.guardsmandogguards.co.uk\/","logo":{"@type":"ImageObject","inLanguage":"fr-FR","@id":"https:\/\/www.guardsmandogguards.co.uk\/#\/schema\/logo\/image\/","url":"https:\/\/www.guardsmandogguards.co.uk\/wp-content\/uploads\/2017\/08\/guardsman.jpg","contentUrl":"https:\/\/www.guardsmandogguards.co.uk\/wp-content\/uploads\/2017\/08\/guardsman.jpg","width":235,"height":235,"caption":"Guardsman Dog Guards"},"image":{"@id":"https:\/\/www.guardsmandogguards.co.uk\/#\/schema\/logo\/image\/"},"sameAs":["https:\/\/www.facebook.com\/AthagGuardsman","https:\/\/x.com\/AthagGuardsman","https:\/\/www.linkedin.com\/in\/athag-guardsman-44a5699a\/"]}]}},"_links":{"self":[{"href":"https:\/\/www.guardsmandogguards.co.uk\/fr\/wp-json\/wp\/v2\/pages\/17457","targetHints":{"allow":["GET"]}}],"collection":[{"href":"https:\/\/www.guardsmandogguards.co.uk\/fr\/wp-json\/wp\/v2\/pages"}],"about":[{"href":"https:\/\/www.guardsmandogguards.co.uk\/fr\/wp-json\/wp\/v2\/types\/page"}],"author":[{"embeddable":true,"href":"https:\/\/www.guardsmandogguards.co.uk\/fr\/wp-json\/wp\/v2\/users\/276"}],"replies":[{"embeddable":true,"href":"https:\/\/www.guardsmandogguards.co.uk\/fr\/wp-json\/wp\/v2\/comments?post=17457"}],"version-history":[{"count":1,"href":"https:\/\/www.guardsmandogguards.co.uk\/fr\/wp-json\/wp\/v2\/pages\/17457\/revisions"}],"predecessor-version":[{"id":17458,"href":"https:\/\/www.guardsmandogguards.co.uk\/fr\/wp-json\/wp\/v2\/pages\/17457\/revisions\/17458"}],"wp:attachment":[{"href":"https:\/\/www.guardsmandogguards.co.uk\/fr\/wp-json\/wp\/v2\/media?parent=17457"}],"curies":[{"name":"wp","href":"https:\/\/api.w.org\/{rel}","templated":true}]}}