{"id":17455,"date":"2017-04-09T14:44:28","date_gmt":"2017-04-09T13:44:28","guid":{"rendered":"https:\/\/www.guardsmandogguards.co.uk\/?page_id=17455"},"modified":"2025-01-22T13:07:17","modified_gmt":"2025-01-22T13:07:17","slug":"features","status":"publish","type":"page","link":"https:\/\/www.guardsmandogguards.co.uk\/fr\/features\/","title":{"rendered":"Caract\u00e9ristiques de produits"},"content":{"rendered":"<p>Depuis plusieurs ann\u00e9es, Guardsman vend une gamme de produits faciles \u00e0 installer sp\u00e9cialement con\u00e7us pour l&rsquo;utilisateur final. Bien que les mat\u00e9riaux que nous utilisons pour nos grilles de protection pour chiens Guardsman soient les m\u00eames que ceux que nous fournissons aux constructeurs automobiles, les m\u00e9thodes d&rsquo;installation sont beaucoup plus simples.<\/p>\n<p>Les grilles de protection pour chien et les s\u00e9parateurs de coffre ne n\u00e9cessitent aucune modification de la voiture, aucun per\u00e7age, aucun outil sp\u00e9cial \u00e0 installer.<\/p>\n<p>Ils sont adapt\u00e9s sp\u00e9cifiquement \u00e0 votre voiture. Ils fermeront autant d\u2019espace que possible sans interf\u00e9rer avec les airbags ou toute autre fonctionnalit\u00e9 du v\u00e9hicule.<\/p>\n<p>Ils emp\u00eacheront votre chien de sauter par-dessus et de vous distraire pendant que vous conduisez, et ils pourraient vous fournir une protection en cas d&rsquo;accident. Au fil des ann\u00e9es, nous avons re\u00e7u de nombreux messages de clients nous remerciant de leur avoir fourni ces produits qui, selon eux, leur ont sauv\u00e9 la vie.<\/p>\n<p>Le plus dur prend environ 15 minutes \u00e0 mettre en place et le plus simple ne prend que 2 minutes (certains de nos avis affirment qu&rsquo;il faut plus de temps pour le sortir de la bo\u00eete que pour l&rsquo;installer.)<\/p>\n<p>Nous utilisons un tube rond de 19 mm de diam\u00e8tre pour le cadre ext\u00e9rieur. Ce tube en acier doux est sp\u00e9cialement lamin\u00e9 selon nos besoins au Royaume-Uni et nous en utilisons actuellement 200 000 m\u00e8tres par an. Le cadre ext\u00e9rieur est pli\u00e9 sur une machine contr\u00f4l\u00e9e par ordinateur qui assure la coh\u00e9rence. Les supports de montage sont d\u00e9coup\u00e9s au laser. Tous les produits sont assembl\u00e9s dans un dispositif de soudage puis assembl\u00e9s.<br \/>\nChaque extr\u00e9mit\u00e9 pointue du couvre-bagages \u00e9tait soud\u00e9e pour \u00e9liminer les bords tranchants. Les grilles et les supports sont peints \u00e0 l&rsquo;aide d&rsquo;un proc\u00e9d\u00e9 de rev\u00eatement en poudre qui correspond \u00e0 la m\u00eame sp\u00e9cification pour tous les principaux constructeurs automobiles. Tous ces composants utilisent les m\u00eames mat\u00e9riaux et m\u00e9thodes de production que ceux utilis\u00e9s sur les pi\u00e8ces soumises \u00e0 des crash-tests fournies aux constructeurs automobiles.<\/p>\n<p>Nous essayons toujours de concevoir une grille de mani\u00e8re \u00e0 ce que le store \u00e0 bagages puisse \u00eatre install\u00e9 et retir\u00e9 pendant l&rsquo;installation de la grille. Il y en a un petit nombre o\u00f9 cela n&rsquo;a pas \u00e9t\u00e9 possible. Il peut \u00eatre n\u00e9cessaire de desserrer la protection pour permettre l\u2019installation et le retrait du store. Il existe un nombre encore plus restreint de cas o\u00f9 le store ne peut pas \u00eatre install\u00e9 du tout. Nous avons essay\u00e9 de l&rsquo;indiquer dans la fiche produit afin que vous n&rsquo;ayez pas de mauvaises surprises.<\/p>\n<p>Soyez assur\u00e9 que lorsque vous achetez directement sur ce site Web, vous obtiendrez ces produits de haute qualit\u00e9 aux meilleurs prix possibles.<\/p>\n<p>Si vous n&rsquo;\u00eates toujours pas s\u00fbr d&rsquo;acheter une grille de protection pour chien ou un s\u00e9parateur de coffre pour chien de Guardsman, jetez un \u0153il \u00e0 certains des avis r\u00e9pertori\u00e9s ici ou sur Google.<br \/>\nSi vous avez des questions, n&rsquo;h\u00e9sitez pas \u00e0 nous contacter.<\/p>\n","protected":false},"excerpt":{"rendered":"<p>Depuis plusieurs ann\u00e9es, Guardsman vend une gamme de produits faciles \u00e0 installer sp\u00e9cialement con\u00e7us pour l&rsquo;utilisateur final. Bien que les mat\u00e9riaux que nous utilisons pour nos grilles de protection pour chiens Guardsman soient les m\u00eames que ceux que nous fournissons [&hellip;]<\/p>\n","protected":false},"author":1,"featured_media":0,"parent":0,"menu_order":0,"comment_status":"closed","ping_status":"closed","template":"full-width.php","meta":{"footnotes":""},"class_list":["post-17455","page","type-page","status-publish","hentry"],"yoast_head":"<!-- This site is optimized with the Yoast SEO plugin v26.0 - https:\/\/yoast.com\/wordpress\/plugins\/seo\/ -->\n<title>Caract\u00e9ristiques de produits - Guardsman Dog Guards<\/title>\n<meta name=\"robots\" content=\"index, follow, max-snippet:-1, max-image-preview:large, max-video-preview:-1\" \/>\n<link rel=\"canonical\" href=\"https:\/\/www.guardsmandogguards.co.uk\/fr\/features\/\" \/>\n<meta property=\"og:locale\" content=\"fr_FR\" \/>\n<meta property=\"og:type\" content=\"article\" \/>\n<meta property=\"og:title\" content=\"Caract\u00e9ristiques de produits - Guardsman Dog Guards\" \/>\n<meta property=\"og:description\" content=\"Depuis plusieurs ann\u00e9es, Guardsman vend une gamme de produits faciles \u00e0 installer sp\u00e9cialement con\u00e7us pour l&rsquo;utilisateur final. Bien que les mat\u00e9riaux que nous utilisons pour nos grilles de protection pour chiens Guardsman soient les m\u00eames que ceux que nous fournissons [&hellip;]\" \/>\n<meta property=\"og:url\" content=\"https:\/\/www.guardsmandogguards.co.uk\/fr\/features\/\" \/>\n<meta property=\"og:site_name\" content=\"Guardsman Dog Guards\" \/>\n<meta property=\"article:publisher\" content=\"https:\/\/www.facebook.com\/AthagGuardsman\" \/>\n<meta property=\"article:modified_time\" content=\"2025-01-22T13:07:17+00:00\" \/>\n<meta name=\"twitter:card\" content=\"summary_large_image\" \/>\n<meta name=\"twitter:site\" content=\"@AthagGuardsman\" \/>\n<meta name=\"twitter:label1\" content=\"Dur\u00e9e de lecture estim\u00e9e\" \/>\n\t<meta name=\"twitter:data1\" content=\"3 minutes\" \/>\n<script type=\"application\/ld+json\" class=\"yoast-schema-graph\">{\"@context\":\"https:\/\/schema.org\",\"@graph\":[{\"@type\":\"WebPage\",\"@id\":\"https:\/\/www.guardsmandogguards.co.uk\/fr\/features\/\",\"url\":\"https:\/\/www.guardsmandogguards.co.uk\/fr\/features\/\",\"name\":\"Caract\u00e9ristiques de produits - Guardsman Dog Guards\",\"isPartOf\":{\"@id\":\"https:\/\/www.guardsmandogguards.co.uk\/#website\"},\"datePublished\":\"2017-04-09T13:44:28+00:00\",\"dateModified\":\"2025-01-22T13:07:17+00:00\",\"breadcrumb\":{\"@id\":\"https:\/\/www.guardsmandogguards.co.uk\/fr\/features\/#breadcrumb\"},\"inLanguage\":\"fr-FR\",\"potentialAction\":[{\"@type\":\"ReadAction\",\"target\":[\"https:\/\/www.guardsmandogguards.co.uk\/fr\/features\/\"]}]},{\"@type\":\"BreadcrumbList\",\"@id\":\"https:\/\/www.guardsmandogguards.co.uk\/fr\/features\/#breadcrumb\",\"itemListElement\":[{\"@type\":\"ListItem\",\"position\":1,\"name\":\"Home\",\"item\":\"https:\/\/www.guardsmandogguards.co.uk\/fr\/\"},{\"@type\":\"ListItem\",\"position\":2,\"name\":\"Caract\u00e9ristiques de produits\"}]},{\"@type\":\"WebSite\",\"@id\":\"https:\/\/www.guardsmandogguards.co.uk\/#website\",\"url\":\"https:\/\/www.guardsmandogguards.co.uk\/\",\"name\":\"Guardsman Dog Guards\",\"description\":\"A full range of Dog Guards and Boot Dividers for all Car Brands and Models\",\"publisher\":{\"@id\":\"https:\/\/www.guardsmandogguards.co.uk\/#organization\"},\"potentialAction\":[{\"@type\":\"SearchAction\",\"target\":{\"@type\":\"EntryPoint\",\"urlTemplate\":\"https:\/\/www.guardsmandogguards.co.uk\/?s={search_term_string}\"},\"query-input\":{\"@type\":\"PropertyValueSpecification\",\"valueRequired\":true,\"valueName\":\"search_term_string\"}}],\"inLanguage\":\"fr-FR\"},{\"@type\":\"Organization\",\"@id\":\"https:\/\/www.guardsmandogguards.co.uk\/#organization\",\"name\":\"Guardsman Dog Guards\",\"url\":\"https:\/\/www.guardsmandogguards.co.uk\/\",\"logo\":{\"@type\":\"ImageObject\",\"inLanguage\":\"fr-FR\",\"@id\":\"https:\/\/www.guardsmandogguards.co.uk\/#\/schema\/logo\/image\/\",\"url\":\"https:\/\/www.guardsmandogguards.co.uk\/wp-content\/uploads\/2017\/08\/guardsman.jpg\",\"contentUrl\":\"https:\/\/www.guardsmandogguards.co.uk\/wp-content\/uploads\/2017\/08\/guardsman.jpg\",\"width\":235,\"height\":235,\"caption\":\"Guardsman Dog Guards\"},\"image\":{\"@id\":\"https:\/\/www.guardsmandogguards.co.uk\/#\/schema\/logo\/image\/\"},\"sameAs\":[\"https:\/\/www.facebook.com\/AthagGuardsman\",\"https:\/\/x.com\/AthagGuardsman\",\"https:\/\/www.linkedin.com\/in\/athag-guardsman-44a5699a\/\"]}]}<\/script>\n<!-- \/ Yoast SEO plugin. -->","yoast_head_json":{"title":"Caract\u00e9ristiques de produits - Guardsman Dog Guards","robots":{"index":"index","follow":"follow","max-snippet":"max-snippet:-1","max-image-preview":"max-image-preview:large","max-video-preview":"max-video-preview:-1"},"canonical":"https:\/\/www.guardsmandogguards.co.uk\/fr\/features\/","og_locale":"fr_FR","og_type":"article","og_title":"Caract\u00e9ristiques de produits - Guardsman Dog Guards","og_description":"Depuis plusieurs ann\u00e9es, Guardsman vend une gamme de produits faciles \u00e0 installer sp\u00e9cialement con\u00e7us pour l&rsquo;utilisateur final. Bien que les mat\u00e9riaux que nous utilisons pour nos grilles de protection pour chiens Guardsman soient les m\u00eames que ceux que nous fournissons [&hellip;]","og_url":"https:\/\/www.guardsmandogguards.co.uk\/fr\/features\/","og_site_name":"Guardsman Dog Guards","article_publisher":"https:\/\/www.facebook.com\/AthagGuardsman","article_modified_time":"2025-01-22T13:07:17+00:00","twitter_card":"summary_large_image","twitter_site":"@AthagGuardsman","twitter_misc":{"Dur\u00e9e de lecture estim\u00e9e":"3 minutes"},"schema":{"@context":"https:\/\/schema.org","@graph":[{"@type":"WebPage","@id":"https:\/\/www.guardsmandogguards.co.uk\/fr\/features\/","url":"https:\/\/www.guardsmandogguards.co.uk\/fr\/features\/","name":"Caract\u00e9ristiques de produits - Guardsman Dog Guards","isPartOf":{"@id":"https:\/\/www.guardsmandogguards.co.uk\/#website"},"datePublished":"2017-04-09T13:44:28+00:00","dateModified":"2025-01-22T13:07:17+00:00","breadcrumb":{"@id":"https:\/\/www.guardsmandogguards.co.uk\/fr\/features\/#breadcrumb"},"inLanguage":"fr-FR","potentialAction":[{"@type":"ReadAction","target":["https:\/\/www.guardsmandogguards.co.uk\/fr\/features\/"]}]},{"@type":"BreadcrumbList","@id":"https:\/\/www.guardsmandogguards.co.uk\/fr\/features\/#breadcrumb","itemListElement":[{"@type":"ListItem","position":1,"name":"Home","item":"https:\/\/www.guardsmandogguards.co.uk\/fr\/"},{"@type":"ListItem","position":2,"name":"Caract\u00e9ristiques de produits"}]},{"@type":"WebSite","@id":"https:\/\/www.guardsmandogguards.co.uk\/#website","url":"https:\/\/www.guardsmandogguards.co.uk\/","name":"Guardsman Dog Guards","description":"A full range of Dog Guards and Boot Dividers for all Car Brands and Models","publisher":{"@id":"https:\/\/www.guardsmandogguards.co.uk\/#organization"},"potentialAction":[{"@type":"SearchAction","target":{"@type":"EntryPoint","urlTemplate":"https:\/\/www.guardsmandogguards.co.uk\/?s={search_term_string}"},"query-input":{"@type":"PropertyValueSpecification","valueRequired":true,"valueName":"search_term_string"}}],"inLanguage":"fr-FR"},{"@type":"Organization","@id":"https:\/\/www.guardsmandogguards.co.uk\/#organization","name":"Guardsman Dog Guards","url":"https:\/\/www.guardsmandogguards.co.uk\/","logo":{"@type":"ImageObject","inLanguage":"fr-FR","@id":"https:\/\/www.guardsmandogguards.co.uk\/#\/schema\/logo\/image\/","url":"https:\/\/www.guardsmandogguards.co.uk\/wp-content\/uploads\/2017\/08\/guardsman.jpg","contentUrl":"https:\/\/www.guardsmandogguards.co.uk\/wp-content\/uploads\/2017\/08\/guardsman.jpg","width":235,"height":235,"caption":"Guardsman Dog Guards"},"image":{"@id":"https:\/\/www.guardsmandogguards.co.uk\/#\/schema\/logo\/image\/"},"sameAs":["https:\/\/www.facebook.com\/AthagGuardsman","https:\/\/x.com\/AthagGuardsman","https:\/\/www.linkedin.com\/in\/athag-guardsman-44a5699a\/"]}]}},"_links":{"self":[{"href":"https:\/\/www.guardsmandogguards.co.uk\/fr\/wp-json\/wp\/v2\/pages\/17455","targetHints":{"allow":["GET"]}}],"collection":[{"href":"https:\/\/www.guardsmandogguards.co.uk\/fr\/wp-json\/wp\/v2\/pages"}],"about":[{"href":"https:\/\/www.guardsmandogguards.co.uk\/fr\/wp-json\/wp\/v2\/types\/page"}],"author":[{"embeddable":true,"href":"https:\/\/www.guardsmandogguards.co.uk\/fr\/wp-json\/wp\/v2\/users\/1"}],"replies":[{"embeddable":true,"href":"https:\/\/www.guardsmandogguards.co.uk\/fr\/wp-json\/wp\/v2\/comments?post=17455"}],"version-history":[{"count":9,"href":"https:\/\/www.guardsmandogguards.co.uk\/fr\/wp-json\/wp\/v2\/pages\/17455\/revisions"}],"predecessor-version":[{"id":69122,"href":"https:\/\/www.guardsmandogguards.co.uk\/fr\/wp-json\/wp\/v2\/pages\/17455\/revisions\/69122"}],"wp:attachment":[{"href":"https:\/\/www.guardsmandogguards.co.uk\/fr\/wp-json\/wp\/v2\/media?parent=17455"}],"curies":[{"name":"wp","href":"https:\/\/api.w.org\/{rel}","templated":true}]}}