{"id":17449,"date":"2019-03-01T11:42:13","date_gmt":"2019-03-01T11:42:13","guid":{"rendered":"https:\/\/www.guardsmandogguards.co.uk\/?page_id=17449"},"modified":"2025-11-20T18:16:36","modified_gmt":"2025-11-20T18:16:36","slug":"nos-termes-et-conditions","status":"publish","type":"page","link":"https:\/\/www.guardsmandogguards.co.uk\/fr\/nos-termes-et-conditions\/","title":{"rendered":"Nos Termes et Conditions"},"content":{"rendered":"<p><strong>Bienvenue aux conditions d\u2019utilisation du site web GUARDSMAN<\/strong>.<\/p>\n<p>En passant commande vous convenez de respecter les modalit\u00e9s et conditions suivantes<\/p>\n<p>L\u2019information fournie est exacte au moment de la diffusion, toutefois, dans le cadre de notre politique d\u2019am\u00e9lioration constante de nos produits, nous nous r\u00e9servons le droit de modifier, sans pr\u00e9avis, les tarifs et sp\u00e9cifications. Les tailles, ainsi que les sp\u00e9cifications sont approximatives.<\/p>\n<p>&nbsp;<\/p>\n<p><strong>1.i. Passer une Commande <\/strong><\/p>\n<p>La boutique en ligne est facile \u00e0 utiliser et nous esp\u00e9rons que vous n\u2019y \u00e9prouverez aucune difficult\u00e9, toutefois si vous rencontrez des difficult\u00e9s, veuillez nous contacter par email avant d\u2019entrer les d\u00e9tails de votre carte bancaire pour passer une commande. Vous pouvez modifier votre commande \u00e0 tout moment, avant d\u2019entrer vos coordonn\u00e9es bancaires. Lorsque la commande a \u00e9t\u00e9 pass\u00e9e, veuillez imprimer une copie pour vos dossiers.<\/p>\n<p><strong>1.ii Le Paiement &#8211; <\/strong>Le paiement ne peut se faire qu\u2019en euros, nous regrettons que les paiements dans d\u2019autres devises ne soient pas accept\u00e9s sans notre accord pr\u00e9alable Nous acceptons les r\u00e8glements par Visa, Mastercard, Maestro et Solo, ainsi que les paiements effectu\u00e9s via PayPal. Veuillez noter que dans le cas o\u00f9 nous avons consenti \u00e0 accepter un paiement effectu\u00e9 autrement qu\u2019avec un mode de paiement susmentionn\u00e9s, il faudra attendre que ce paiement ait \u00e9t\u00e9 sold\u00e9 avant le traitement de votre commande.<\/p>\n<p><strong>1.iii. Confirmation de Commande<\/strong> &#8211; Apr\u00e8s avoir pass\u00e9 une commande, nous vous enverrons un e-mail indiquant que votre commande a \u00e9t\u00e9 re\u00e7ue par nous.<\/p>\n<p>Si nous ne sommes pas en mesure de vous fournir des Produits, par exemple parce que ces Produits ne sont pas disponibles, parce que nous ne pouvons pas respecter la date de livraison demand\u00e9e ou en raison d&rsquo;une erreur dans le prix\/co\u00fbt de livraison, nous vous en informerons par e-mail. aussit\u00f4t que nous pouvons.<\/p>\n<p>Nous nous r\u00e9servons \u00e9galement le droit de refuser\/rembourser votre commande si nous pensons qu&rsquo;il y a une chance que le produit command\u00e9 soit utilis\u00e9 ou install\u00e9 d&rsquo;une mani\u00e8re inappropri\u00e9e ou dangereuse qui pourrait entra\u00eener des blessures ou des dommages. Nous ne serons pas tenus responsables de toute perte financi\u00e8re due \u00e0 un montage incorrect de nos produits. Cela inclut d&rsquo;essayer de les utiliser avec des produits d&rsquo;autres fabricants ou non dans le cadre du kit auquel ils sont sp\u00e9cifiquement destin\u00e9s.<\/p>\n<p>Si vous avez d\u00e9j\u00e0 pay\u00e9 les Produits, nous vous rembourserons le montant total factur\u00e9 dans les plus brefs d\u00e9lais.<\/p>\n<p><strong>iv. Couleur et apparence<\/strong> &#8211; Veuillez noter qu&rsquo;il peut y avoir de l\u00e9g\u00e8res variations dans la couleur et l&rsquo;apparence de nos produits. Les images de nos produits dans toute publication, y compris ce site Web, ne sont que des repr\u00e9sentations.<\/p>\n<p>v. D\u00e9lais de livraison &#8211;<\/p>\n<p>Nous nous effor\u00e7ons de conserver autant de pi\u00e8ces que possible en stock.<\/p>\n<p>Si la pi\u00e8ce que vous commandez n\u2019est pas en stock, nous la fabriquerons pour vous. Cela s\u2019applique principalement aux s\u00e9parateurs qui sont fabriqu\u00e9s sp\u00e9cifiquement selon votre commande. Le d\u00e9lai de livraison sera compris entre 5 et 10 jours ouvrables.<\/p>\n<p>Lorsque vous passez votre commande, des frais de livraison seront appliqu\u00e9s au prix \u00e0 la caisse.<\/p>\n<p>&nbsp;<\/p>\n<p><strong>2. Retours et Remboursements &#8211;<\/strong><\/p>\n<p>Grille-chien et s\u00e9parateurs de bottes<br \/>\nSi, pour une raison quelconque, vous souhaitez retourner votre grille de protection pour chien Guardsman ou votre grille de protection pour chien et s\u00e9parateur de bottes non utilis\u00e9s, vous devez nous en informer dans les 14 jours suivant la livraison.. Apr\u00e8s nous avoir notifi\u00e9 votre intention de retourner votre commande, vous disposez d&rsquo;un d\u00e9lai suppl\u00e9mentaire de 14 jours calendaires pour nous retourner l&rsquo;article, non utilis\u00e9, dans son emballage d&rsquo;origine et dans son \u00e9tat d&rsquo;origine pour obtenir un remboursement. Vous devez conserver une note du num\u00e9ro du re\u00e7u et une preuve d&rsquo;affranchissement pour vos propres dossiers.<\/p>\n<p>Vous serez responsable des frais de retour de l&rsquo;article. Nous vous rembourserons le co\u00fbt de votre commande moins les frais de livraison initiaux que vous avez pay\u00e9s et que nous avons r\u00e9percut\u00e9s sur la soci\u00e9t\u00e9 de livraison. nous d\u00e9duirons \u00e9galement le co\u00fbt d&rsquo;un nouveau carton car nous ne pourrons pas r\u00e9utiliser l&#8217;emballage (7 Euros par article).<\/p>\n<p>Tout autre montant d\u00e9bit\u00e9 de votre remboursement ne sera effectu\u00e9 que pour couvrir tout travail de r\u00e9paration requis pour remettre la pi\u00e8ce dans un \u00e9tat revendable &#8211; Veuillez noter que la loi nous permet de r\u00e9duire votre remboursement pour refl\u00e9ter toute r\u00e9duction de la valeur des produits si cela a \u00e9t\u00e9 caus\u00e9 par vous ou vos agents en les manipulant d&rsquo;une mani\u00e8re qui ne serait pas autoris\u00e9e dans un magasin ou en leur causant des dommages. Si la pi\u00e8ce nous est retourn\u00e9e dans un \u00e9tat que nous ne pouvons pas proposer \u00e0 la revente, nous pouvons refuser un remboursement.<\/p>\n<p>Les remboursements seront trait\u00e9s dans les 3 jours ouvrables suivant la r\u00e9ception de l&rsquo;article retourn\u00e9.<\/p>\n<p>Apr\u00e8s 14 jours, tout retour sera accept\u00e9 \u00e0 la discr\u00e9tion de la soci\u00e9t\u00e9.<\/p>\n<p>Nous n&rsquo;accepterons pas les pi\u00e8ces qui ont \u00e9t\u00e9 utilis\u00e9es sans \u00eatre inform\u00e9s de leur utilisation ou sans notre accord \u00e9crit pr\u00e9alable sp\u00e9cifique. M\u00eame avec cet accord \u00e9crit sp\u00e9cifique, si la pi\u00e8ce nous est retourn\u00e9e dans un \u00e9tat que nous ne pouvons pas proposer \u00e0 la revente, nous pouvons refuser un remboursement. Toutes les pi\u00e8ces du kit, telles qu&rsquo;achet\u00e9es initialement, doivent \u00eatre retourn\u00e9es.<br \/>\nSi vous retournez l&rsquo;article en dehors de la zone fiscale britannique, nous ne rembourserons pas les taxes ou droits locaux que vous auriez pu payer.<\/p>\n<p><strong>ii. Pi\u00e8ces Fabriqu\u00e9es aux dimensions des Clients<\/strong> &#8211; Si nous avons fabriqu\u00e9 un prot\u00e8ge-chien ou un s\u00e9parateur de bottes aux dimensions que vous avez fournies, nous n&rsquo;accepterons pas les pi\u00e8ces en retour et nous ne fournirons pas de remboursement. \u00c9videmment, nous essaierons de rem\u00e9dier \u00e0 tout probl\u00e8me, mais cela sera payant.<\/p>\n<p><strong>iii. Produits suspects D\u00e9fectueux<\/strong> &#8211;\u00a0Si vous pensez que votre article est d\u00e9fectueux, veuillez nous contacter d\u00e8s que possible (maximum 14 jours \u00e0 compter de la r\u00e9ception) pour discuter de votre probl\u00e8me. Nous serons heureux de discuter de tout d\u00e9faut ou erreur suspect\u00e9. Ne tentez pas une installation sans le kit complet et fonctionnel. Cela peut endommager les pi\u00e8ces que nous avons fournies ou votre v\u00e9hicule et peut \u00e9galement entra\u00eener une installation dangereuse. Nous ne serons pas tenus responsables de ces r\u00e9sultats. Si l&rsquo;un des composants semble tomber en panne apr\u00e8s l&rsquo;installation, retirez l&rsquo;ensemble.<\/p>\n<p>En cas de doute contactez-nous.<a href=\"mailto:'info@athag.co.uk'\">&lsquo;info@athag.co.uk&rsquo;<\/a><\/p>\n<p>Pour nous permettre de traiter votre probl\u00e8me, nous pouvons \u00e9galement vous demander des photographies du produit dans ou hors de la voiture et des informations suppl\u00e9mentaires sur le v\u00e9hicule, y compris des photographies internes et externes de votre voiture et les dimensions internes.<\/p>\n<p>Ces informations nous permettent dans la plupart des cas de r\u00e9soudre les probl\u00e8mes de montage ou de d\u00e9couvrir que la disposition de la voiture peut avoir chang\u00e9. Si vous n&rsquo;\u00eates pas en mesure ou ne souhaitez pas fournir les informations que nous demandons, cela aura une incidence sur la mani\u00e8re dont votre r\u00e9clamation est trait\u00e9e, car la grande majorit\u00e9 des probl\u00e8mes de montage d\u00e9couleront de la m\u00e9connaissance du produit plut\u00f4t que de pi\u00e8ces d\u00e9fectueuses. Si vous ne souhaitez pas ou ne pouvez pas fournir ces informations, vous pourrez toujours retourner votre pi\u00e8ce mais ce sera dans les conditions de 2:i ci-dessus.<\/p>\n<p>Si un d\u00e9faut ou une erreur est constat\u00e9, nous vous offrirons le choix entre un remboursement complet, des modifications convenues ou un \u00e9change. Nous refuserons d&rsquo;offrir l&rsquo;une de ces options si aucun d\u00e9faut ou erreur n&rsquo;est trouv\u00e9 ou si la pi\u00e8ce a \u00e9t\u00e9 mal mont\u00e9e.<\/p>\n<p>Nous ne serons pas tenus responsables des pertes dues \u00e0 un montage incorrect de la pi\u00e8ce que nous avons fournie. Cela comprend le montage de la pi\u00e8ce dans le mauvais v\u00e9hicule, son utilisation avec des raccords incorrects, la tentative de montage de la pi\u00e8ce avec\/sur tout \u00e9l\u00e9ment des composants d&rsquo;un autre fabricant, le serrage excessif des pi\u00e8ces ou la tentative de forcer les pi\u00e8ces \u00e0 s&rsquo;adapter.<\/p>\n<p>Nous ne serons pas tenus responsables des pertes li\u00e9es \u00e0 votre commande sup\u00e9rieures \u00e0 la valeur de la commande initiale.<\/p>\n<p><strong>3. Dommage subi au cours de Transport &#8211; <\/strong>Si vous d\u00e9sirez retourner un produit en raison de dommages subis au cours de transport, merci de nous contacter dans un d\u00e9lai de 1 jour ouvrable \u00e0 compter de la r\u00e9ception de la livraison.<\/p>\n<p>Pour que votre demande soit valide, vous devriez indiquer sur l\u2019avis de r\u00e9ception que le produit est endommag\u00e9 au moment de la livraison et signer \u00e0 cet effet. Toute r\u00e9clamation non effectu\u00e9e dans les circonstances suivantes ne pourront pas \u00eatre consid\u00e9r\u00e9es.<\/p>\n<ul>\n<li>A la r\u00e9ception de la commande vous n\u2019avez pas sign\u00e9 que la marchandise \u00e9tait endommag\u00e9e.<\/li>\n<li>Vous nous n\u2019avez pas averti que le produit \u00e9tait endommag\u00e9 dans un d\u00e9lai de 1 jour ouvrable.<\/li>\n<\/ul>\n<p>Lorsque nous sommes inform\u00e9s de la r\u00e9ception d\u2019un produit d\u00e9fectueux ou endommag\u00e9, on s\u2019occupera, de mani\u00e8re rapide et professionnelle, de la collecte, le remplacement ou le remboursement, \u00e0 notre charge.<\/p>\n<p><strong>4. Prix<\/strong> &#8211; Les prix de nos produits n&rsquo;incluent pas la TVA ni la livraison<\/p>\n<p><strong>5. La Livraison &#8211; <\/strong>Une signature \u00e0 la livraison, est exig\u00e9e par nos transporteurs Si i l n\u2019y a personne pour signer l\u2019avis de r\u00e9ception, veuillez nous contacter pour discuter d\u2019autres solutions. Merci de noter que nous ne pourrons pas traiter votre commande sans une adresse de livraison. A la r\u00e9ception, si le produit est endommag\u00e9 Il est votre responsabilit\u00e9 de noter qu\u2019Ilya un d\u00e9faut sur l\u2019avis de r\u00e9ception et de nous indiquer le probl\u00e8me.<\/p>\n<p><strong>6. Protection des Donn\u00e9es &#8211; <\/strong>Nous ne divulguons pas vos renseignements personnels \u00e0 une tierce, que dans la mesure qu\u2019ils sont n\u00e9cessaires pour le traitement d\u2019une commande. Ces informations ne seront pas transmises \u00e0 d\u2019autres tiers. Des cookies sont utilis\u00e9s sur notre site web pour conserver une trace de votre panier d\u2019achats. Les donn\u00e9es recueillies par ce site servent \u00e0<\/p>\n<ol>\n<li>Traiter les commandes des clients<\/li>\n<li>Am\u00e9liorer le site et l\u2019exp\u00e9rience cliente<\/li>\n<li>Nous tenons \u00e0 ne pas divulguer les donn\u00e9es personnelles des clients que pour la livraison.<\/li>\n<\/ol>\n<p>De temps en temps, nous vous enverrons des renseignements sur nos nouveaux produits par email, si vous pr\u00e9f\u00e8reriez ne pas en recevoir, veuillez nous informer lorsque vous passez la commande.<\/p>\n<p><strong>7. Droit de l\u2019auteur, Marques d\u00e9pos\u00e9es Droits de propri\u00e9t\u00e9 intellectuelle &#8211; <\/strong>Veuillez noter que nos produits, ainsi que les publications relatives \u00e0 nos produits, sont soumis aux Droits d\u2019auteur, prot\u00e9g\u00e9s par marque d\u00e9pos\u00e9e, brevet et la loi sur les droits de propri\u00e9t\u00e9 intellectuelle. Une permission \u00e9crite est requise pour tout usage de nos produits, qui ne se conforme pas \u00e0 l\u2019utilisation normale.<\/p>\n<p><strong>8. La loi et la Juridiction &#8211; <\/strong>Ces modalit\u00e9s et conditions sont soumises \u00e0 la loi Britannique. Toute action en justice, contre Athag sera jug\u00e9e dans un tribunal Anglais ou Gallois.<\/p>\n<p><strong>9. Chatbot IA et service client<\/strong> &#8211; Depuis juin 2023, nous testons un bot de service de chat IA et de conseil client sur notre site Web. Cela scanne constamment le site Web et affine les r\u00e9ponses qu&rsquo;il fournit aux questions des clients. La soci\u00e9t\u00e9 se r\u00e9serve le droit de corriger et de retirer toute erreur et\/ou omission contenue dans l&rsquo;une des informations que ce Chatbot peut fournir et de ne pas \u00eatre li\u00e9e par toute information incorrecte qu&rsquo;il fournit.<\/p>\n","protected":false},"excerpt":{"rendered":"<p>Bienvenue aux conditions d\u2019utilisation du site web GUARDSMAN. En passant commande vous convenez de respecter les modalit\u00e9s et conditions suivantes L\u2019information fournie est exacte au moment de la diffusion, toutefois, dans le cadre de notre politique d\u2019am\u00e9lioration constante de nos [&hellip;]<\/p>\n","protected":false},"author":1,"featured_media":0,"parent":0,"menu_order":0,"comment_status":"closed","ping_status":"closed","template":"","meta":{"footnotes":""},"class_list":["post-17449","page","type-page","status-publish","hentry"],"yoast_head":"<!-- This site is optimized with the Yoast SEO plugin v26.0 - https:\/\/yoast.com\/wordpress\/plugins\/seo\/ -->\n<title>Nos Termes et Conditions - Guardsman Dog Guards<\/title>\n<meta name=\"robots\" content=\"index, follow, max-snippet:-1, max-image-preview:large, max-video-preview:-1\" \/>\n<link rel=\"canonical\" href=\"https:\/\/www.guardsmandogguards.co.uk\/fr\/nos-termes-et-conditions\/\" \/>\n<meta property=\"og:locale\" content=\"fr_FR\" \/>\n<meta property=\"og:type\" content=\"article\" \/>\n<meta property=\"og:title\" content=\"Nos Termes et Conditions - Guardsman Dog Guards\" \/>\n<meta property=\"og:description\" content=\"Bienvenue aux conditions d\u2019utilisation du site web GUARDSMAN. En passant commande vous convenez de respecter les modalit\u00e9s et conditions suivantes L\u2019information fournie est exacte au moment de la diffusion, toutefois, dans le cadre de notre politique d\u2019am\u00e9lioration constante de nos [&hellip;]\" \/>\n<meta property=\"og:url\" content=\"https:\/\/www.guardsmandogguards.co.uk\/fr\/nos-termes-et-conditions\/\" \/>\n<meta property=\"og:site_name\" content=\"Guardsman Dog Guards\" \/>\n<meta property=\"article:publisher\" content=\"https:\/\/www.facebook.com\/AthagGuardsman\" \/>\n<meta property=\"article:modified_time\" content=\"2025-11-20T18:16:36+00:00\" \/>\n<meta name=\"twitter:card\" content=\"summary_large_image\" \/>\n<meta name=\"twitter:site\" content=\"@AthagGuardsman\" \/>\n<meta name=\"twitter:label1\" content=\"Dur\u00e9e de lecture estim\u00e9e\" \/>\n\t<meta name=\"twitter:data1\" content=\"8 minutes\" \/>\n<script type=\"application\/ld+json\" class=\"yoast-schema-graph\">{\"@context\":\"https:\/\/schema.org\",\"@graph\":[{\"@type\":\"WebPage\",\"@id\":\"https:\/\/www.guardsmandogguards.co.uk\/fr\/nos-termes-et-conditions\/\",\"url\":\"https:\/\/www.guardsmandogguards.co.uk\/fr\/nos-termes-et-conditions\/\",\"name\":\"Nos Termes et Conditions - Guardsman Dog Guards\",\"isPartOf\":{\"@id\":\"https:\/\/www.guardsmandogguards.co.uk\/#website\"},\"datePublished\":\"2019-03-01T11:42:13+00:00\",\"dateModified\":\"2025-11-20T18:16:36+00:00\",\"breadcrumb\":{\"@id\":\"https:\/\/www.guardsmandogguards.co.uk\/fr\/nos-termes-et-conditions\/#breadcrumb\"},\"inLanguage\":\"fr-FR\",\"potentialAction\":[{\"@type\":\"ReadAction\",\"target\":[\"https:\/\/www.guardsmandogguards.co.uk\/fr\/nos-termes-et-conditions\/\"]}]},{\"@type\":\"BreadcrumbList\",\"@id\":\"https:\/\/www.guardsmandogguards.co.uk\/fr\/nos-termes-et-conditions\/#breadcrumb\",\"itemListElement\":[{\"@type\":\"ListItem\",\"position\":1,\"name\":\"Home\",\"item\":\"https:\/\/www.guardsmandogguards.co.uk\/fr\/\"},{\"@type\":\"ListItem\",\"position\":2,\"name\":\"Nos Termes et Conditions\"}]},{\"@type\":\"WebSite\",\"@id\":\"https:\/\/www.guardsmandogguards.co.uk\/#website\",\"url\":\"https:\/\/www.guardsmandogguards.co.uk\/\",\"name\":\"Guardsman Dog Guards\",\"description\":\"A full range of Dog Guards and Boot Dividers for all Car Brands and Models\",\"publisher\":{\"@id\":\"https:\/\/www.guardsmandogguards.co.uk\/#organization\"},\"potentialAction\":[{\"@type\":\"SearchAction\",\"target\":{\"@type\":\"EntryPoint\",\"urlTemplate\":\"https:\/\/www.guardsmandogguards.co.uk\/?s={search_term_string}\"},\"query-input\":{\"@type\":\"PropertyValueSpecification\",\"valueRequired\":true,\"valueName\":\"search_term_string\"}}],\"inLanguage\":\"fr-FR\"},{\"@type\":\"Organization\",\"@id\":\"https:\/\/www.guardsmandogguards.co.uk\/#organization\",\"name\":\"Guardsman Dog Guards\",\"url\":\"https:\/\/www.guardsmandogguards.co.uk\/\",\"logo\":{\"@type\":\"ImageObject\",\"inLanguage\":\"fr-FR\",\"@id\":\"https:\/\/www.guardsmandogguards.co.uk\/#\/schema\/logo\/image\/\",\"url\":\"https:\/\/www.guardsmandogguards.co.uk\/wp-content\/uploads\/2017\/08\/guardsman.jpg\",\"contentUrl\":\"https:\/\/www.guardsmandogguards.co.uk\/wp-content\/uploads\/2017\/08\/guardsman.jpg\",\"width\":235,\"height\":235,\"caption\":\"Guardsman Dog Guards\"},\"image\":{\"@id\":\"https:\/\/www.guardsmandogguards.co.uk\/#\/schema\/logo\/image\/\"},\"sameAs\":[\"https:\/\/www.facebook.com\/AthagGuardsman\",\"https:\/\/x.com\/AthagGuardsman\",\"https:\/\/www.linkedin.com\/in\/athag-guardsman-44a5699a\/\"]}]}<\/script>\n<!-- \/ Yoast SEO plugin. -->","yoast_head_json":{"title":"Nos Termes et Conditions - Guardsman Dog Guards","robots":{"index":"index","follow":"follow","max-snippet":"max-snippet:-1","max-image-preview":"max-image-preview:large","max-video-preview":"max-video-preview:-1"},"canonical":"https:\/\/www.guardsmandogguards.co.uk\/fr\/nos-termes-et-conditions\/","og_locale":"fr_FR","og_type":"article","og_title":"Nos Termes et Conditions - Guardsman Dog Guards","og_description":"Bienvenue aux conditions d\u2019utilisation du site web GUARDSMAN. En passant commande vous convenez de respecter les modalit\u00e9s et conditions suivantes L\u2019information fournie est exacte au moment de la diffusion, toutefois, dans le cadre de notre politique d\u2019am\u00e9lioration constante de nos [&hellip;]","og_url":"https:\/\/www.guardsmandogguards.co.uk\/fr\/nos-termes-et-conditions\/","og_site_name":"Guardsman Dog Guards","article_publisher":"https:\/\/www.facebook.com\/AthagGuardsman","article_modified_time":"2025-11-20T18:16:36+00:00","twitter_card":"summary_large_image","twitter_site":"@AthagGuardsman","twitter_misc":{"Dur\u00e9e de lecture estim\u00e9e":"8 minutes"},"schema":{"@context":"https:\/\/schema.org","@graph":[{"@type":"WebPage","@id":"https:\/\/www.guardsmandogguards.co.uk\/fr\/nos-termes-et-conditions\/","url":"https:\/\/www.guardsmandogguards.co.uk\/fr\/nos-termes-et-conditions\/","name":"Nos Termes et Conditions - Guardsman Dog Guards","isPartOf":{"@id":"https:\/\/www.guardsmandogguards.co.uk\/#website"},"datePublished":"2019-03-01T11:42:13+00:00","dateModified":"2025-11-20T18:16:36+00:00","breadcrumb":{"@id":"https:\/\/www.guardsmandogguards.co.uk\/fr\/nos-termes-et-conditions\/#breadcrumb"},"inLanguage":"fr-FR","potentialAction":[{"@type":"ReadAction","target":["https:\/\/www.guardsmandogguards.co.uk\/fr\/nos-termes-et-conditions\/"]}]},{"@type":"BreadcrumbList","@id":"https:\/\/www.guardsmandogguards.co.uk\/fr\/nos-termes-et-conditions\/#breadcrumb","itemListElement":[{"@type":"ListItem","position":1,"name":"Home","item":"https:\/\/www.guardsmandogguards.co.uk\/fr\/"},{"@type":"ListItem","position":2,"name":"Nos Termes et Conditions"}]},{"@type":"WebSite","@id":"https:\/\/www.guardsmandogguards.co.uk\/#website","url":"https:\/\/www.guardsmandogguards.co.uk\/","name":"Guardsman Dog Guards","description":"A full range of Dog Guards and Boot Dividers for all Car Brands and Models","publisher":{"@id":"https:\/\/www.guardsmandogguards.co.uk\/#organization"},"potentialAction":[{"@type":"SearchAction","target":{"@type":"EntryPoint","urlTemplate":"https:\/\/www.guardsmandogguards.co.uk\/?s={search_term_string}"},"query-input":{"@type":"PropertyValueSpecification","valueRequired":true,"valueName":"search_term_string"}}],"inLanguage":"fr-FR"},{"@type":"Organization","@id":"https:\/\/www.guardsmandogguards.co.uk\/#organization","name":"Guardsman Dog Guards","url":"https:\/\/www.guardsmandogguards.co.uk\/","logo":{"@type":"ImageObject","inLanguage":"fr-FR","@id":"https:\/\/www.guardsmandogguards.co.uk\/#\/schema\/logo\/image\/","url":"https:\/\/www.guardsmandogguards.co.uk\/wp-content\/uploads\/2017\/08\/guardsman.jpg","contentUrl":"https:\/\/www.guardsmandogguards.co.uk\/wp-content\/uploads\/2017\/08\/guardsman.jpg","width":235,"height":235,"caption":"Guardsman Dog Guards"},"image":{"@id":"https:\/\/www.guardsmandogguards.co.uk\/#\/schema\/logo\/image\/"},"sameAs":["https:\/\/www.facebook.com\/AthagGuardsman","https:\/\/x.com\/AthagGuardsman","https:\/\/www.linkedin.com\/in\/athag-guardsman-44a5699a\/"]}]}},"_links":{"self":[{"href":"https:\/\/www.guardsmandogguards.co.uk\/fr\/wp-json\/wp\/v2\/pages\/17449","targetHints":{"allow":["GET"]}}],"collection":[{"href":"https:\/\/www.guardsmandogguards.co.uk\/fr\/wp-json\/wp\/v2\/pages"}],"about":[{"href":"https:\/\/www.guardsmandogguards.co.uk\/fr\/wp-json\/wp\/v2\/types\/page"}],"author":[{"embeddable":true,"href":"https:\/\/www.guardsmandogguards.co.uk\/fr\/wp-json\/wp\/v2\/users\/1"}],"replies":[{"embeddable":true,"href":"https:\/\/www.guardsmandogguards.co.uk\/fr\/wp-json\/wp\/v2\/comments?post=17449"}],"version-history":[{"count":19,"href":"https:\/\/www.guardsmandogguards.co.uk\/fr\/wp-json\/wp\/v2\/pages\/17449\/revisions"}],"predecessor-version":[{"id":78973,"href":"https:\/\/www.guardsmandogguards.co.uk\/fr\/wp-json\/wp\/v2\/pages\/17449\/revisions\/78973"}],"wp:attachment":[{"href":"https:\/\/www.guardsmandogguards.co.uk\/fr\/wp-json\/wp\/v2\/media?parent=17449"}],"curies":[{"name":"wp","href":"https:\/\/api.w.org\/{rel}","templated":true}]}}