{"id":17400,"date":"2019-03-01T10:08:25","date_gmt":"2019-03-01T10:08:25","guid":{"rendered":"https:\/\/www.guardsmandogguards.co.uk\/?page_id=17400"},"modified":"2024-04-30T10:24:48","modified_gmt":"2024-04-30T09:24:48","slug":"la-garantie-des-produits","status":"publish","type":"page","link":"https:\/\/www.guardsmandogguards.co.uk\/fr\/la-garantie-des-produits\/","title":{"rendered":"La Garantie des Produits"},"content":{"rendered":"<p>Tous les garde-chien et s\u00e9parateurs de bottes \u00ab\u00a0Guardsman\u00a0\u00bb b\u00e9n\u00e9ficient d&rsquo;une garantie limit\u00e9e de cinq ans pour une utilisation normale.<\/p>\n<p>Cette garantie est limit\u00e9e au co\u00fbt ou au remplacement de l&rsquo;article original achet\u00e9 chez nous.<\/p>\n<p>Cette garantie sera annul\u00e9e si la pi\u00e8ce a \u00e9t\u00e9 alt\u00e9r\u00e9e ou modifi\u00e9e de quelque mani\u00e8re que ce soit.<\/p>\n<p>Elle ne couvre pas non plus les dommages ou blessures caus\u00e9s \u00e0 la pi\u00e8ce, \u00e0 votre voiture, \u00e0 vous, \u00e0 vos passagers ou \u00e0 votre chien, caus\u00e9s par une mauvaise utilisation ou un montage incorrect.<\/p>\n<p>La Garantie ne couvre pas les dommages caus\u00e9s par vous ou vos chiens au rev\u00eatement en poudre ni toute corrosion caus\u00e9e par la salive trop acide du chien.<\/p>\n<p>Si vous rencontrez des probl\u00e8mes, appelez ou envoyez un e-mail avec des images montrant votre pr\u00e9occupation et nous essaierons de travailler avec vous pour trouver une solution acceptable.<\/p>\n<p>Veuillez consulter nos conditions g\u00e9n\u00e9rales pour plus d&rsquo;informations.<\/p>\n","protected":false},"excerpt":{"rendered":"<p>Tous les garde-chien et s\u00e9parateurs de bottes \u00ab\u00a0Guardsman\u00a0\u00bb b\u00e9n\u00e9ficient d&rsquo;une garantie limit\u00e9e de cinq ans pour une utilisation normale. Cette garantie est limit\u00e9e au co\u00fbt ou au remplacement de l&rsquo;article original achet\u00e9 chez nous. Cette garantie sera annul\u00e9e si la [&hellip;]<\/p>\n","protected":false},"author":1,"featured_media":0,"parent":0,"menu_order":0,"comment_status":"closed","ping_status":"closed","template":"","meta":{"footnotes":""},"class_list":["post-17400","page","type-page","status-publish","hentry"],"yoast_head":"<!-- This site is optimized with the Yoast SEO plugin v26.0 - https:\/\/yoast.com\/wordpress\/plugins\/seo\/ -->\n<title>La Garantie des Produits - Guardsman Dog Guards<\/title>\n<meta name=\"robots\" content=\"index, follow, max-snippet:-1, max-image-preview:large, max-video-preview:-1\" \/>\n<link rel=\"canonical\" href=\"https:\/\/www.guardsmandogguards.co.uk\/fr\/la-garantie-des-produits\/\" \/>\n<meta property=\"og:locale\" content=\"fr_FR\" \/>\n<meta property=\"og:type\" content=\"article\" \/>\n<meta property=\"og:title\" content=\"La Garantie des Produits - Guardsman Dog Guards\" \/>\n<meta property=\"og:description\" content=\"Tous les garde-chien et s\u00e9parateurs de bottes \u00ab\u00a0Guardsman\u00a0\u00bb b\u00e9n\u00e9ficient d&rsquo;une garantie limit\u00e9e de cinq ans pour une utilisation normale. Cette garantie est limit\u00e9e au co\u00fbt ou au remplacement de l&rsquo;article original achet\u00e9 chez nous. Cette garantie sera annul\u00e9e si la [&hellip;]\" \/>\n<meta property=\"og:url\" content=\"https:\/\/www.guardsmandogguards.co.uk\/fr\/la-garantie-des-produits\/\" \/>\n<meta property=\"og:site_name\" content=\"Guardsman Dog Guards\" \/>\n<meta property=\"article:publisher\" content=\"https:\/\/www.facebook.com\/AthagGuardsman\" \/>\n<meta property=\"article:modified_time\" content=\"2024-04-30T09:24:48+00:00\" \/>\n<meta name=\"twitter:card\" content=\"summary_large_image\" \/>\n<meta name=\"twitter:site\" content=\"@AthagGuardsman\" \/>\n<meta name=\"twitter:label1\" content=\"Dur\u00e9e de lecture estim\u00e9e\" \/>\n\t<meta name=\"twitter:data1\" content=\"1 minute\" \/>\n<script type=\"application\/ld+json\" class=\"yoast-schema-graph\">{\"@context\":\"https:\/\/schema.org\",\"@graph\":[{\"@type\":\"WebPage\",\"@id\":\"https:\/\/www.guardsmandogguards.co.uk\/fr\/la-garantie-des-produits\/\",\"url\":\"https:\/\/www.guardsmandogguards.co.uk\/fr\/la-garantie-des-produits\/\",\"name\":\"La Garantie des Produits - Guardsman Dog Guards\",\"isPartOf\":{\"@id\":\"https:\/\/www.guardsmandogguards.co.uk\/#website\"},\"datePublished\":\"2019-03-01T10:08:25+00:00\",\"dateModified\":\"2024-04-30T09:24:48+00:00\",\"breadcrumb\":{\"@id\":\"https:\/\/www.guardsmandogguards.co.uk\/fr\/la-garantie-des-produits\/#breadcrumb\"},\"inLanguage\":\"fr-FR\",\"potentialAction\":[{\"@type\":\"ReadAction\",\"target\":[\"https:\/\/www.guardsmandogguards.co.uk\/fr\/la-garantie-des-produits\/\"]}]},{\"@type\":\"BreadcrumbList\",\"@id\":\"https:\/\/www.guardsmandogguards.co.uk\/fr\/la-garantie-des-produits\/#breadcrumb\",\"itemListElement\":[{\"@type\":\"ListItem\",\"position\":1,\"name\":\"Home\",\"item\":\"https:\/\/www.guardsmandogguards.co.uk\/fr\/\"},{\"@type\":\"ListItem\",\"position\":2,\"name\":\"La Garantie des Produits\"}]},{\"@type\":\"WebSite\",\"@id\":\"https:\/\/www.guardsmandogguards.co.uk\/#website\",\"url\":\"https:\/\/www.guardsmandogguards.co.uk\/\",\"name\":\"Guardsman Dog Guards\",\"description\":\"A full range of Dog Guards and Boot Dividers for all Car Brands and Models\",\"publisher\":{\"@id\":\"https:\/\/www.guardsmandogguards.co.uk\/#organization\"},\"potentialAction\":[{\"@type\":\"SearchAction\",\"target\":{\"@type\":\"EntryPoint\",\"urlTemplate\":\"https:\/\/www.guardsmandogguards.co.uk\/?s={search_term_string}\"},\"query-input\":{\"@type\":\"PropertyValueSpecification\",\"valueRequired\":true,\"valueName\":\"search_term_string\"}}],\"inLanguage\":\"fr-FR\"},{\"@type\":\"Organization\",\"@id\":\"https:\/\/www.guardsmandogguards.co.uk\/#organization\",\"name\":\"Guardsman Dog Guards\",\"url\":\"https:\/\/www.guardsmandogguards.co.uk\/\",\"logo\":{\"@type\":\"ImageObject\",\"inLanguage\":\"fr-FR\",\"@id\":\"https:\/\/www.guardsmandogguards.co.uk\/#\/schema\/logo\/image\/\",\"url\":\"https:\/\/www.guardsmandogguards.co.uk\/wp-content\/uploads\/2017\/08\/guardsman.jpg\",\"contentUrl\":\"https:\/\/www.guardsmandogguards.co.uk\/wp-content\/uploads\/2017\/08\/guardsman.jpg\",\"width\":235,\"height\":235,\"caption\":\"Guardsman Dog Guards\"},\"image\":{\"@id\":\"https:\/\/www.guardsmandogguards.co.uk\/#\/schema\/logo\/image\/\"},\"sameAs\":[\"https:\/\/www.facebook.com\/AthagGuardsman\",\"https:\/\/x.com\/AthagGuardsman\",\"https:\/\/www.linkedin.com\/in\/athag-guardsman-44a5699a\/\"]}]}<\/script>\n<!-- \/ Yoast SEO plugin. -->","yoast_head_json":{"title":"La Garantie des Produits - Guardsman Dog Guards","robots":{"index":"index","follow":"follow","max-snippet":"max-snippet:-1","max-image-preview":"max-image-preview:large","max-video-preview":"max-video-preview:-1"},"canonical":"https:\/\/www.guardsmandogguards.co.uk\/fr\/la-garantie-des-produits\/","og_locale":"fr_FR","og_type":"article","og_title":"La Garantie des Produits - Guardsman Dog Guards","og_description":"Tous les garde-chien et s\u00e9parateurs de bottes \u00ab\u00a0Guardsman\u00a0\u00bb b\u00e9n\u00e9ficient d&rsquo;une garantie limit\u00e9e de cinq ans pour une utilisation normale. Cette garantie est limit\u00e9e au co\u00fbt ou au remplacement de l&rsquo;article original achet\u00e9 chez nous. Cette garantie sera annul\u00e9e si la [&hellip;]","og_url":"https:\/\/www.guardsmandogguards.co.uk\/fr\/la-garantie-des-produits\/","og_site_name":"Guardsman Dog Guards","article_publisher":"https:\/\/www.facebook.com\/AthagGuardsman","article_modified_time":"2024-04-30T09:24:48+00:00","twitter_card":"summary_large_image","twitter_site":"@AthagGuardsman","twitter_misc":{"Dur\u00e9e de lecture estim\u00e9e":"1 minute"},"schema":{"@context":"https:\/\/schema.org","@graph":[{"@type":"WebPage","@id":"https:\/\/www.guardsmandogguards.co.uk\/fr\/la-garantie-des-produits\/","url":"https:\/\/www.guardsmandogguards.co.uk\/fr\/la-garantie-des-produits\/","name":"La Garantie des Produits - Guardsman Dog Guards","isPartOf":{"@id":"https:\/\/www.guardsmandogguards.co.uk\/#website"},"datePublished":"2019-03-01T10:08:25+00:00","dateModified":"2024-04-30T09:24:48+00:00","breadcrumb":{"@id":"https:\/\/www.guardsmandogguards.co.uk\/fr\/la-garantie-des-produits\/#breadcrumb"},"inLanguage":"fr-FR","potentialAction":[{"@type":"ReadAction","target":["https:\/\/www.guardsmandogguards.co.uk\/fr\/la-garantie-des-produits\/"]}]},{"@type":"BreadcrumbList","@id":"https:\/\/www.guardsmandogguards.co.uk\/fr\/la-garantie-des-produits\/#breadcrumb","itemListElement":[{"@type":"ListItem","position":1,"name":"Home","item":"https:\/\/www.guardsmandogguards.co.uk\/fr\/"},{"@type":"ListItem","position":2,"name":"La Garantie des Produits"}]},{"@type":"WebSite","@id":"https:\/\/www.guardsmandogguards.co.uk\/#website","url":"https:\/\/www.guardsmandogguards.co.uk\/","name":"Guardsman Dog Guards","description":"A full range of Dog Guards and Boot Dividers for all Car Brands and Models","publisher":{"@id":"https:\/\/www.guardsmandogguards.co.uk\/#organization"},"potentialAction":[{"@type":"SearchAction","target":{"@type":"EntryPoint","urlTemplate":"https:\/\/www.guardsmandogguards.co.uk\/?s={search_term_string}"},"query-input":{"@type":"PropertyValueSpecification","valueRequired":true,"valueName":"search_term_string"}}],"inLanguage":"fr-FR"},{"@type":"Organization","@id":"https:\/\/www.guardsmandogguards.co.uk\/#organization","name":"Guardsman Dog Guards","url":"https:\/\/www.guardsmandogguards.co.uk\/","logo":{"@type":"ImageObject","inLanguage":"fr-FR","@id":"https:\/\/www.guardsmandogguards.co.uk\/#\/schema\/logo\/image\/","url":"https:\/\/www.guardsmandogguards.co.uk\/wp-content\/uploads\/2017\/08\/guardsman.jpg","contentUrl":"https:\/\/www.guardsmandogguards.co.uk\/wp-content\/uploads\/2017\/08\/guardsman.jpg","width":235,"height":235,"caption":"Guardsman Dog Guards"},"image":{"@id":"https:\/\/www.guardsmandogguards.co.uk\/#\/schema\/logo\/image\/"},"sameAs":["https:\/\/www.facebook.com\/AthagGuardsman","https:\/\/x.com\/AthagGuardsman","https:\/\/www.linkedin.com\/in\/athag-guardsman-44a5699a\/"]}]}},"_links":{"self":[{"href":"https:\/\/www.guardsmandogguards.co.uk\/fr\/wp-json\/wp\/v2\/pages\/17400","targetHints":{"allow":["GET"]}}],"collection":[{"href":"https:\/\/www.guardsmandogguards.co.uk\/fr\/wp-json\/wp\/v2\/pages"}],"about":[{"href":"https:\/\/www.guardsmandogguards.co.uk\/fr\/wp-json\/wp\/v2\/types\/page"}],"author":[{"embeddable":true,"href":"https:\/\/www.guardsmandogguards.co.uk\/fr\/wp-json\/wp\/v2\/users\/1"}],"replies":[{"embeddable":true,"href":"https:\/\/www.guardsmandogguards.co.uk\/fr\/wp-json\/wp\/v2\/comments?post=17400"}],"version-history":[{"count":4,"href":"https:\/\/www.guardsmandogguards.co.uk\/fr\/wp-json\/wp\/v2\/pages\/17400\/revisions"}],"predecessor-version":[{"id":61747,"href":"https:\/\/www.guardsmandogguards.co.uk\/fr\/wp-json\/wp\/v2\/pages\/17400\/revisions\/61747"}],"wp:attachment":[{"href":"https:\/\/www.guardsmandogguards.co.uk\/fr\/wp-json\/wp\/v2\/media?parent=17400"}],"curies":[{"name":"wp","href":"https:\/\/api.w.org\/{rel}","templated":true}]}}