{"id":17396,"date":"2019-03-01T10:04:53","date_gmt":"2019-03-01T10:04:53","guid":{"rendered":"https:\/\/www.guardsmandogguards.co.uk\/?page_id=17396"},"modified":"2025-02-19T16:51:36","modified_gmt":"2025-02-19T16:51:36","slug":"details-de-livraison","status":"publish","type":"page","link":"https:\/\/www.guardsmandogguards.co.uk\/fr\/details-de-livraison\/","title":{"rendered":"Livraison et retours"},"content":{"rendered":"<p><strong>D\u00e9tails de livraison<\/strong><\/p>\n<p>Nous nous effor\u00e7ons de conserver autant de pi\u00e8ces que possible en stock.<\/p>\n<p>Si la pi\u00e8ce que vous commandez n&rsquo;est pas en stock, nous la fabriquerons pour vous. Cela s&rsquo;applique principalement aux s\u00e9parateurs qui sont fabriqu\u00e9s sp\u00e9cifiquement selon votre commande. Le d\u00e9lai de livraison sera compris entre 5 et 10 jours ouvrables.<\/p>\n<p>Lorsque vous passez votre commande, des frais de livraison seront appliqu\u00e9s au prix \u00e0 la caisse.<\/p>\n<p><strong>Exp\u00e9dition<\/strong><\/p>\n<p>Nous utilisons un certain nombre de coursiers europ\u00e9ens r\u00e9put\u00e9s. Nous faisons de notre mieux pour garantir que les d\u00e9lais de livraison estim\u00e9s sont exacts, ils ne peuvent pas \u00eatre enti\u00e8rement garantis car nous comptons sur les soci\u00e9t\u00e9s de messagerie pour fournir ces informations<\/p>\n<p><strong>Suivi de commande<\/strong><\/p>\n<p>Une fois votre commande pass\u00e9e, le site Web vous enverra un e-mail de confirmation automatique, d\u00e9taillant les produits que vous avez demand\u00e9s. Le transporteur que nous utilisons vous enverra \u00e9galement un e-mail directement, vous fournissant un num\u00e9ro de r\u00e9f\u00e9rence et un lien vers le site Web via lequel vous pourrez suivre votre commande et v\u00e9rifier le d\u00e9lai de livraison pr\u00e9vu.<\/p>\n<p><strong>Retours<\/strong><\/p>\n<p>Nous comprenons que vous pouvez changer d&rsquo;avis, notre politique de retour est de 14 jours \u00e0 compter de la date de r\u00e9ception de votre commande. Vous aurez ensuite 14 jours pour les renvoyer<\/p>\n<p>Tous les retours devront \u00eatre inutilis\u00e9s et dans le m\u00eame \u00e9tat qu&rsquo;\u00e0 l&rsquo;arriv\u00e9e de votre commande.<br \/>\nVeuillez inclure votre num\u00e9ro de commande dans votre retour afin que nous puissions garantir que votre remboursement puisse \u00eatre trait\u00e9 rapidement.<br \/>\nLes retours prennent 5 jours ouvrables pour \u00eatre trait\u00e9s une fois que votre commande nous est parvenue.<\/p>\n<p>Vous trouverez de plus amples informations ici\u00a0:<\/p>\n<blockquote class=\"wp-embedded-content\" data-secret=\"xIWtRMIp1w\"><p><a href=\"https:\/\/www.guardsmandogguards.co.uk\/fr\/nos-termes-et-conditions\/\">Nos Termes et Conditions<\/a><\/p><\/blockquote>\n<p><iframe loading=\"lazy\" class=\"wp-embedded-content\" sandbox=\"allow-scripts\" security=\"restricted\" style=\"position: absolute; clip: rect(1px, 1px, 1px, 1px);\" title=\"\u00ab\u00a0Nos Termes et Conditions\u00a0\u00bb &#8212; Guardsman Dog Guards\" src=\"https:\/\/www.guardsmandogguards.co.uk\/fr\/nos-termes-et-conditions\/embed\/#?secret=vI06xKOF6S#?secret=xIWtRMIp1w\" data-secret=\"xIWtRMIp1w\" width=\"500\" height=\"282\" frameborder=\"0\" marginwidth=\"0\" marginheight=\"0\" scrolling=\"no\"><\/iframe><\/p>\n<p><strong>TVA et frais de manutention en dehors du Royaume-Uni<\/strong><\/p>\n<p>Veuillez noter que les commandes exp\u00e9di\u00e9es en dehors de la zone commerciale du Royaume-Uni ne seront pas soumises \u00e0 la TVA britannique. La soci\u00e9t\u00e9 de livraison exigera la TVA au taux local et des frais de manutention minimes pour chaque bo\u00eete. Ces frais varient selon les pays et ne sont pas inclus dans le prix de d\u00e9part des produits que vous commandez.<\/p>\n<p>Le paiement de toute TVA locale, des frais de manutention ou des droits d&rsquo;importation sera \u00e0 votre charge.<\/p>\n","protected":false},"excerpt":{"rendered":"<p>D\u00e9tails de livraison Nous nous effor\u00e7ons de conserver autant de pi\u00e8ces que possible en stock. Si la pi\u00e8ce que vous commandez n&rsquo;est pas en stock, nous la fabriquerons pour vous. Cela s&rsquo;applique principalement aux s\u00e9parateurs qui sont fabriqu\u00e9s sp\u00e9cifiquement selon [&hellip;]<\/p>\n","protected":false},"author":1,"featured_media":0,"parent":0,"menu_order":0,"comment_status":"closed","ping_status":"closed","template":"","meta":{"footnotes":""},"class_list":["post-17396","page","type-page","status-publish","hentry"],"yoast_head":"<!-- This site is optimized with the Yoast SEO plugin v26.0 - https:\/\/yoast.com\/wordpress\/plugins\/seo\/ -->\n<title>Livraison et retours - Guardsman Dog Guards<\/title>\n<meta name=\"robots\" content=\"index, follow, max-snippet:-1, max-image-preview:large, max-video-preview:-1\" \/>\n<link rel=\"canonical\" href=\"https:\/\/www.guardsmandogguards.co.uk\/fr\/details-de-livraison\/\" \/>\n<meta property=\"og:locale\" content=\"fr_FR\" \/>\n<meta property=\"og:type\" content=\"article\" \/>\n<meta property=\"og:title\" content=\"Livraison et retours - Guardsman Dog Guards\" \/>\n<meta property=\"og:description\" content=\"D\u00e9tails de livraison Nous nous effor\u00e7ons de conserver autant de pi\u00e8ces que possible en stock. Si la pi\u00e8ce que vous commandez n&rsquo;est pas en stock, nous la fabriquerons pour vous. Cela s&rsquo;applique principalement aux s\u00e9parateurs qui sont fabriqu\u00e9s sp\u00e9cifiquement selon [&hellip;]\" \/>\n<meta property=\"og:url\" content=\"https:\/\/www.guardsmandogguards.co.uk\/fr\/details-de-livraison\/\" \/>\n<meta property=\"og:site_name\" content=\"Guardsman Dog Guards\" \/>\n<meta property=\"article:publisher\" content=\"https:\/\/www.facebook.com\/AthagGuardsman\" \/>\n<meta property=\"article:modified_time\" content=\"2025-02-19T16:51:36+00:00\" \/>\n<meta name=\"twitter:card\" content=\"summary_large_image\" \/>\n<meta name=\"twitter:site\" content=\"@AthagGuardsman\" \/>\n<meta name=\"twitter:label1\" content=\"Dur\u00e9e de lecture estim\u00e9e\" \/>\n\t<meta name=\"twitter:data1\" content=\"2 minutes\" \/>\n<script type=\"application\/ld+json\" class=\"yoast-schema-graph\">{\"@context\":\"https:\/\/schema.org\",\"@graph\":[{\"@type\":\"WebPage\",\"@id\":\"https:\/\/www.guardsmandogguards.co.uk\/fr\/details-de-livraison\/\",\"url\":\"https:\/\/www.guardsmandogguards.co.uk\/fr\/details-de-livraison\/\",\"name\":\"Livraison et retours - Guardsman Dog Guards\",\"isPartOf\":{\"@id\":\"https:\/\/www.guardsmandogguards.co.uk\/#website\"},\"datePublished\":\"2019-03-01T10:04:53+00:00\",\"dateModified\":\"2025-02-19T16:51:36+00:00\",\"breadcrumb\":{\"@id\":\"https:\/\/www.guardsmandogguards.co.uk\/fr\/details-de-livraison\/#breadcrumb\"},\"inLanguage\":\"fr-FR\",\"potentialAction\":[{\"@type\":\"ReadAction\",\"target\":[\"https:\/\/www.guardsmandogguards.co.uk\/fr\/details-de-livraison\/\"]}]},{\"@type\":\"BreadcrumbList\",\"@id\":\"https:\/\/www.guardsmandogguards.co.uk\/fr\/details-de-livraison\/#breadcrumb\",\"itemListElement\":[{\"@type\":\"ListItem\",\"position\":1,\"name\":\"Home\",\"item\":\"https:\/\/www.guardsmandogguards.co.uk\/fr\/\"},{\"@type\":\"ListItem\",\"position\":2,\"name\":\"Livraison et retours\"}]},{\"@type\":\"WebSite\",\"@id\":\"https:\/\/www.guardsmandogguards.co.uk\/#website\",\"url\":\"https:\/\/www.guardsmandogguards.co.uk\/\",\"name\":\"Guardsman Dog Guards\",\"description\":\"A full range of Dog Guards and Boot Dividers for all Car Brands and Models\",\"publisher\":{\"@id\":\"https:\/\/www.guardsmandogguards.co.uk\/#organization\"},\"potentialAction\":[{\"@type\":\"SearchAction\",\"target\":{\"@type\":\"EntryPoint\",\"urlTemplate\":\"https:\/\/www.guardsmandogguards.co.uk\/?s={search_term_string}\"},\"query-input\":{\"@type\":\"PropertyValueSpecification\",\"valueRequired\":true,\"valueName\":\"search_term_string\"}}],\"inLanguage\":\"fr-FR\"},{\"@type\":\"Organization\",\"@id\":\"https:\/\/www.guardsmandogguards.co.uk\/#organization\",\"name\":\"Guardsman Dog Guards\",\"url\":\"https:\/\/www.guardsmandogguards.co.uk\/\",\"logo\":{\"@type\":\"ImageObject\",\"inLanguage\":\"fr-FR\",\"@id\":\"https:\/\/www.guardsmandogguards.co.uk\/#\/schema\/logo\/image\/\",\"url\":\"https:\/\/www.guardsmandogguards.co.uk\/wp-content\/uploads\/2017\/08\/guardsman.jpg\",\"contentUrl\":\"https:\/\/www.guardsmandogguards.co.uk\/wp-content\/uploads\/2017\/08\/guardsman.jpg\",\"width\":235,\"height\":235,\"caption\":\"Guardsman Dog Guards\"},\"image\":{\"@id\":\"https:\/\/www.guardsmandogguards.co.uk\/#\/schema\/logo\/image\/\"},\"sameAs\":[\"https:\/\/www.facebook.com\/AthagGuardsman\",\"https:\/\/x.com\/AthagGuardsman\",\"https:\/\/www.linkedin.com\/in\/athag-guardsman-44a5699a\/\"]}]}<\/script>\n<!-- \/ Yoast SEO plugin. -->","yoast_head_json":{"title":"Livraison et retours - Guardsman Dog Guards","robots":{"index":"index","follow":"follow","max-snippet":"max-snippet:-1","max-image-preview":"max-image-preview:large","max-video-preview":"max-video-preview:-1"},"canonical":"https:\/\/www.guardsmandogguards.co.uk\/fr\/details-de-livraison\/","og_locale":"fr_FR","og_type":"article","og_title":"Livraison et retours - Guardsman Dog Guards","og_description":"D\u00e9tails de livraison Nous nous effor\u00e7ons de conserver autant de pi\u00e8ces que possible en stock. Si la pi\u00e8ce que vous commandez n&rsquo;est pas en stock, nous la fabriquerons pour vous. Cela s&rsquo;applique principalement aux s\u00e9parateurs qui sont fabriqu\u00e9s sp\u00e9cifiquement selon [&hellip;]","og_url":"https:\/\/www.guardsmandogguards.co.uk\/fr\/details-de-livraison\/","og_site_name":"Guardsman Dog Guards","article_publisher":"https:\/\/www.facebook.com\/AthagGuardsman","article_modified_time":"2025-02-19T16:51:36+00:00","twitter_card":"summary_large_image","twitter_site":"@AthagGuardsman","twitter_misc":{"Dur\u00e9e de lecture estim\u00e9e":"2 minutes"},"schema":{"@context":"https:\/\/schema.org","@graph":[{"@type":"WebPage","@id":"https:\/\/www.guardsmandogguards.co.uk\/fr\/details-de-livraison\/","url":"https:\/\/www.guardsmandogguards.co.uk\/fr\/details-de-livraison\/","name":"Livraison et retours - Guardsman Dog Guards","isPartOf":{"@id":"https:\/\/www.guardsmandogguards.co.uk\/#website"},"datePublished":"2019-03-01T10:04:53+00:00","dateModified":"2025-02-19T16:51:36+00:00","breadcrumb":{"@id":"https:\/\/www.guardsmandogguards.co.uk\/fr\/details-de-livraison\/#breadcrumb"},"inLanguage":"fr-FR","potentialAction":[{"@type":"ReadAction","target":["https:\/\/www.guardsmandogguards.co.uk\/fr\/details-de-livraison\/"]}]},{"@type":"BreadcrumbList","@id":"https:\/\/www.guardsmandogguards.co.uk\/fr\/details-de-livraison\/#breadcrumb","itemListElement":[{"@type":"ListItem","position":1,"name":"Home","item":"https:\/\/www.guardsmandogguards.co.uk\/fr\/"},{"@type":"ListItem","position":2,"name":"Livraison et retours"}]},{"@type":"WebSite","@id":"https:\/\/www.guardsmandogguards.co.uk\/#website","url":"https:\/\/www.guardsmandogguards.co.uk\/","name":"Guardsman Dog Guards","description":"A full range of Dog Guards and Boot Dividers for all Car Brands and Models","publisher":{"@id":"https:\/\/www.guardsmandogguards.co.uk\/#organization"},"potentialAction":[{"@type":"SearchAction","target":{"@type":"EntryPoint","urlTemplate":"https:\/\/www.guardsmandogguards.co.uk\/?s={search_term_string}"},"query-input":{"@type":"PropertyValueSpecification","valueRequired":true,"valueName":"search_term_string"}}],"inLanguage":"fr-FR"},{"@type":"Organization","@id":"https:\/\/www.guardsmandogguards.co.uk\/#organization","name":"Guardsman Dog Guards","url":"https:\/\/www.guardsmandogguards.co.uk\/","logo":{"@type":"ImageObject","inLanguage":"fr-FR","@id":"https:\/\/www.guardsmandogguards.co.uk\/#\/schema\/logo\/image\/","url":"https:\/\/www.guardsmandogguards.co.uk\/wp-content\/uploads\/2017\/08\/guardsman.jpg","contentUrl":"https:\/\/www.guardsmandogguards.co.uk\/wp-content\/uploads\/2017\/08\/guardsman.jpg","width":235,"height":235,"caption":"Guardsman Dog Guards"},"image":{"@id":"https:\/\/www.guardsmandogguards.co.uk\/#\/schema\/logo\/image\/"},"sameAs":["https:\/\/www.facebook.com\/AthagGuardsman","https:\/\/x.com\/AthagGuardsman","https:\/\/www.linkedin.com\/in\/athag-guardsman-44a5699a\/"]}]}},"_links":{"self":[{"href":"https:\/\/www.guardsmandogguards.co.uk\/fr\/wp-json\/wp\/v2\/pages\/17396","targetHints":{"allow":["GET"]}}],"collection":[{"href":"https:\/\/www.guardsmandogguards.co.uk\/fr\/wp-json\/wp\/v2\/pages"}],"about":[{"href":"https:\/\/www.guardsmandogguards.co.uk\/fr\/wp-json\/wp\/v2\/types\/page"}],"author":[{"embeddable":true,"href":"https:\/\/www.guardsmandogguards.co.uk\/fr\/wp-json\/wp\/v2\/users\/1"}],"replies":[{"embeddable":true,"href":"https:\/\/www.guardsmandogguards.co.uk\/fr\/wp-json\/wp\/v2\/comments?post=17396"}],"version-history":[{"count":18,"href":"https:\/\/www.guardsmandogguards.co.uk\/fr\/wp-json\/wp\/v2\/pages\/17396\/revisions"}],"predecessor-version":[{"id":69950,"href":"https:\/\/www.guardsmandogguards.co.uk\/fr\/wp-json\/wp\/v2\/pages\/17396\/revisions\/69950"}],"wp:attachment":[{"href":"https:\/\/www.guardsmandogguards.co.uk\/fr\/wp-json\/wp\/v2\/media?parent=17396"}],"curies":[{"name":"wp","href":"https:\/\/api.w.org\/{rel}","templated":true}]}}