{"id":84451,"date":"2026-04-22T14:52:26","date_gmt":"2026-04-22T13:52:27","guid":{"rendered":"https:\/\/www.guardsmandogguards.co.uk\/?post_type=product&#038;p=84451"},"modified":"2026-04-22T15:19:15","modified_gmt":"2026-04-22T14:19:15","slug":"mini-aceman-hundegitter-und-trenngitter-bundel-teile-nr-g1772b-copy","status":"publish","type":"product","link":"https:\/\/www.guardsmandogguards.co.uk\/de\/produkt\/mini-aceman-hundegitter-und-trenngitter-bundel-teile-nr-g1772b-copy\/","title":{"rendered":"MINI COUNTRYMAN #3 (U25) HUNDEGITTER UND TRENNGITTER (TEILE NR.G1777B*)"},"content":{"rendered":"<p>Unser \u201eGUARDSMAN\u201c MINI Countryman #3 Hundeschutzgitter und variable Kofferraumtrennwand-Kombination beinhaltet ein fahrzeugspezifisches Hundeschutzgitter, das eine sichere Trennung zwischen Kofferraum und Fahrgastraum bildet, sowie eine variable Kofferraumtrennwand, mit der der Laderaum in zwei unterschiedlich gro\u00dfe F\u00e4cher (40\/60 oder 60\/40) unterteilt werden kann.<\/p>\n<p>F\u00fcr die korrekte Montage dieses Produkts m\u00fcssen die R\u00fccksitze in einer bestimmten Position eingestellt sein und verbleiben. Bitte beachten Sie die Bilder auf dieser Produktseite und die Montageanleitung.<\/p>\n<p>Die H\u00f6he des Kofferraumbodens kann je nach Fahrzeugmodell variieren. Damit die Kofferraumtrennwand optimal zu Ihrem Fahrzeug passt, ben\u00f6tigen wir von Ihnen die Angabe des ben\u00f6tigten Ma\u00dfes.<\/p>\n<p>In diesem YouTube-Video wird die korrekte Messung Ihrer Kofferraumh\u00f6he gezeigt:<\/p>\n<p><a href=\"https:\/\/www.youtube.com\/watch?v=N55z-8rOCfo\" target=\"_blank\" rel=\"noopener\">So messen Sie Ihren Guardsman-Kofferraumteiler<\/a><\/p>\n<p>Dies erm\u00f6glicht es uns, Ihre Kofferraumtrennwand in der richtigen Gr\u00f6\u00dfe anzufertigen.<\/p>\n<p>Bitte geben Sie das Ma\u00df beim Absenden des Online-Bestellformulars an.<\/p>\n<ul>\n<li>Ideal zum Trennen von Hunden aus dem Fahrgastraum.<\/li>\n<li>Einfache Installation ohne erforderliche Fahrzeugmodifikation.<\/li>\n<li>Lieferung mit allen Befestigungen und Montageanleitungen.<\/li>\n<li>Starker Stahlrahmen mit 19 mm Durchmesser und 50 mm Stahlgitter.<\/li>\n<li>Schwarz nach internationalen Automobilstandards pulverbeschichtet.<\/li>\n<li>Hergestellt nach den gleichen Spezifikationen wie die Produkte, die wir an die Autofirmen liefern.<\/li>\n<li>In Gro\u00dfbritannien entwickelt und hergestellt -nach dem weltweit anerkannten Qualit\u00e4tsstandard ISO: 9001<\/li>\n<\/ul>\n","protected":false},"excerpt":{"rendered":"<p>Unser \u201eGUARDSMAN\u201c MINI Countryman #3 Hundeschutzgitter und variable Kofferraumtrennwand-Kombination beinhaltet ein fahrzeugspezifisches Hundeschutzgitter, das eine sichere Trennung zwischen Kofferraum und Fahrgastraum bildet, sowie eine variable Kofferraumtrennwand, mit der der Laderaum in zwei unterschiedlich gro\u00dfe F\u00e4cher (40\/60 oder 60\/40) unterteilt werden [&hellip;]<\/p>\n","protected":false},"featured_media":84438,"template":"","meta":[],"product_brand":[],"product_cat":[1328],"product_tag":[],"class_list":{"0":"post-84451","1":"product","2":"type-product","3":"status-publish","4":"has-post-thumbnail","6":"product_cat-mini-countryman-3-2024-bis-jetzt","7":"product_shipping_class-bundle-de","9":"first","10":"instock","11":"taxable","12":"shipping-taxable","13":"purchasable","14":"product-type-simple"},"yoast_head":"<!-- This site is optimized with the Yoast SEO plugin v26.0 - https:\/\/yoast.com\/wordpress\/plugins\/seo\/ -->\n<title>MINI COUNTRYMAN Hundegitter und Trenngitter - Guardsman<\/title>\n<meta name=\"description\" content=\"Auf der Suche nach einem MINI COUNTRYMAN- Hundegitter und Trenngitter? Dieses Guardsman TrennGitter bietet eine starke, sichere Barriere f\u00fcr Hund und Passagiere\" \/>\n<meta name=\"robots\" content=\"index, follow, max-snippet:-1, max-image-preview:large, max-video-preview:-1\" \/>\n<link rel=\"canonical\" href=\"https:\/\/www.guardsmandogguards.co.uk\/de\/produkt\/mini-aceman-hundegitter-und-trenngitter-bundel-teile-nr-g1772b-copy\/\" \/>\n<meta property=\"og:locale\" content=\"de_DE\" \/>\n<meta property=\"og:type\" content=\"article\" \/>\n<meta property=\"og:title\" content=\"MINI COUNTRYMAN Hundegitter und Trenngitter - Guardsman\" \/>\n<meta property=\"og:description\" content=\"Auf der Suche nach einem MINI COUNTRYMAN- Hundegitter und Trenngitter? Dieses Guardsman TrennGitter bietet eine starke, sichere Barriere f\u00fcr Hund und Passagiere\" \/>\n<meta property=\"og:url\" content=\"https:\/\/www.guardsmandogguards.co.uk\/de\/produkt\/mini-aceman-hundegitter-und-trenngitter-bundel-teile-nr-g1772b-copy\/\" \/>\n<meta property=\"og:site_name\" content=\"Guardsman Dog Guards\" \/>\n<meta property=\"article:publisher\" content=\"https:\/\/www.facebook.com\/AthagGuardsman\" \/>\n<meta property=\"article:modified_time\" content=\"2026-04-22T14:19:15+00:00\" \/>\n<meta property=\"og:image\" content=\"https:\/\/www.guardsmandogguards.co.uk\/wp-content\/uploads\/2026\/04\/g1777-mini-countryman.jpg\" \/>\n\t<meta property=\"og:image:width\" content=\"886\" \/>\n\t<meta property=\"og:image:height\" content=\"550\" \/>\n\t<meta property=\"og:image:type\" content=\"image\/jpeg\" \/>\n<meta name=\"twitter:card\" content=\"summary_large_image\" \/>\n<meta name=\"twitter:site\" content=\"@AthagGuardsman\" \/>\n<meta name=\"twitter:label1\" content=\"Gesch\u00e4tzte Lesezeit\" \/>\n\t<meta name=\"twitter:data1\" content=\"1\u00a0Minute\" \/>\n<script type=\"application\/ld+json\" class=\"yoast-schema-graph\">{\"@context\":\"https:\/\/schema.org\",\"@graph\":[{\"@type\":\"WebPage\",\"@id\":\"https:\/\/www.guardsmandogguards.co.uk\/de\/produkt\/mini-aceman-hundegitter-und-trenngitter-bundel-teile-nr-g1772b-copy\/\",\"url\":\"https:\/\/www.guardsmandogguards.co.uk\/de\/produkt\/mini-aceman-hundegitter-und-trenngitter-bundel-teile-nr-g1772b-copy\/\",\"name\":\"MINI COUNTRYMAN Hundegitter und Trenngitter - Guardsman\",\"isPartOf\":{\"@id\":\"https:\/\/www.guardsmandogguards.co.uk\/#website\"},\"primaryImageOfPage\":{\"@id\":\"https:\/\/www.guardsmandogguards.co.uk\/de\/produkt\/mini-aceman-hundegitter-und-trenngitter-bundel-teile-nr-g1772b-copy\/#primaryimage\"},\"image\":{\"@id\":\"https:\/\/www.guardsmandogguards.co.uk\/de\/produkt\/mini-aceman-hundegitter-und-trenngitter-bundel-teile-nr-g1772b-copy\/#primaryimage\"},\"thumbnailUrl\":\"https:\/\/www.guardsmandogguards.co.uk\/wp-content\/uploads\/2026\/04\/g1777-mini-countryman.jpg\",\"datePublished\":\"2026-04-22T13:52:27+00:00\",\"dateModified\":\"2026-04-22T14:19:15+00:00\",\"description\":\"Auf der Suche nach einem MINI COUNTRYMAN- Hundegitter und Trenngitter? Dieses Guardsman TrennGitter bietet eine starke, sichere Barriere f\u00fcr Hund und Passagiere\",\"breadcrumb\":{\"@id\":\"https:\/\/www.guardsmandogguards.co.uk\/de\/produkt\/mini-aceman-hundegitter-und-trenngitter-bundel-teile-nr-g1772b-copy\/#breadcrumb\"},\"inLanguage\":\"de\",\"potentialAction\":[{\"@type\":\"ReadAction\",\"target\":[\"https:\/\/www.guardsmandogguards.co.uk\/de\/produkt\/mini-aceman-hundegitter-und-trenngitter-bundel-teile-nr-g1772b-copy\/\"]}]},{\"@type\":\"ImageObject\",\"inLanguage\":\"de\",\"@id\":\"https:\/\/www.guardsmandogguards.co.uk\/de\/produkt\/mini-aceman-hundegitter-und-trenngitter-bundel-teile-nr-g1772b-copy\/#primaryimage\",\"url\":\"https:\/\/www.guardsmandogguards.co.uk\/wp-content\/uploads\/2026\/04\/g1777-mini-countryman.jpg\",\"contentUrl\":\"https:\/\/www.guardsmandogguards.co.uk\/wp-content\/uploads\/2026\/04\/g1777-mini-countryman.jpg\",\"width\":886,\"height\":550},{\"@type\":\"BreadcrumbList\",\"@id\":\"https:\/\/www.guardsmandogguards.co.uk\/de\/produkt\/mini-aceman-hundegitter-und-trenngitter-bundel-teile-nr-g1772b-copy\/#breadcrumb\",\"itemListElement\":[{\"@type\":\"ListItem\",\"position\":1,\"name\":\"Home\",\"item\":\"https:\/\/www.guardsmandogguards.co.uk\/de\/\"},{\"@type\":\"ListItem\",\"position\":2,\"name\":\"Products\",\"item\":\"https:\/\/www.guardsmandogguards.co.uk\/shop\/\"},{\"@type\":\"ListItem\",\"position\":3,\"name\":\"MINI COUNTRYMAN #3 (U25) HUNDEGITTER UND TRENNGITTER (TEILE NR.G1777B*)\"}]},{\"@type\":\"WebSite\",\"@id\":\"https:\/\/www.guardsmandogguards.co.uk\/#website\",\"url\":\"https:\/\/www.guardsmandogguards.co.uk\/\",\"name\":\"Guardsman Dog Guards\",\"description\":\"A full range of Dog Guards and Boot Dividers for all Car Brands and Models\",\"publisher\":{\"@id\":\"https:\/\/www.guardsmandogguards.co.uk\/#organization\"},\"potentialAction\":[{\"@type\":\"SearchAction\",\"target\":{\"@type\":\"EntryPoint\",\"urlTemplate\":\"https:\/\/www.guardsmandogguards.co.uk\/?s={search_term_string}\"},\"query-input\":{\"@type\":\"PropertyValueSpecification\",\"valueRequired\":true,\"valueName\":\"search_term_string\"}}],\"inLanguage\":\"de\"},{\"@type\":\"Organization\",\"@id\":\"https:\/\/www.guardsmandogguards.co.uk\/#organization\",\"name\":\"Guardsman Dog Guards\",\"url\":\"https:\/\/www.guardsmandogguards.co.uk\/\",\"logo\":{\"@type\":\"ImageObject\",\"inLanguage\":\"de\",\"@id\":\"https:\/\/www.guardsmandogguards.co.uk\/#\/schema\/logo\/image\/\",\"url\":\"https:\/\/www.guardsmandogguards.co.uk\/wp-content\/uploads\/2017\/08\/guardsman.jpg\",\"contentUrl\":\"https:\/\/www.guardsmandogguards.co.uk\/wp-content\/uploads\/2017\/08\/guardsman.jpg\",\"width\":235,\"height\":235,\"caption\":\"Guardsman Dog Guards\"},\"image\":{\"@id\":\"https:\/\/www.guardsmandogguards.co.uk\/#\/schema\/logo\/image\/\"},\"sameAs\":[\"https:\/\/www.facebook.com\/AthagGuardsman\",\"https:\/\/x.com\/AthagGuardsman\",\"https:\/\/www.linkedin.com\/in\/athag-guardsman-44a5699a\/\"]}]}<\/script>\n<!-- \/ Yoast SEO plugin. -->","yoast_head_json":{"title":"MINI COUNTRYMAN Hundegitter und Trenngitter - Guardsman","description":"Auf der Suche nach einem MINI COUNTRYMAN- Hundegitter und Trenngitter? Dieses Guardsman TrennGitter bietet eine starke, sichere Barriere f\u00fcr Hund und Passagiere","robots":{"index":"index","follow":"follow","max-snippet":"max-snippet:-1","max-image-preview":"max-image-preview:large","max-video-preview":"max-video-preview:-1"},"canonical":"https:\/\/www.guardsmandogguards.co.uk\/de\/produkt\/mini-aceman-hundegitter-und-trenngitter-bundel-teile-nr-g1772b-copy\/","og_locale":"de_DE","og_type":"article","og_title":"MINI COUNTRYMAN Hundegitter und Trenngitter - Guardsman","og_description":"Auf der Suche nach einem MINI COUNTRYMAN- Hundegitter und Trenngitter? Dieses Guardsman TrennGitter bietet eine starke, sichere Barriere f\u00fcr Hund und Passagiere","og_url":"https:\/\/www.guardsmandogguards.co.uk\/de\/produkt\/mini-aceman-hundegitter-und-trenngitter-bundel-teile-nr-g1772b-copy\/","og_site_name":"Guardsman Dog Guards","article_publisher":"https:\/\/www.facebook.com\/AthagGuardsman","article_modified_time":"2026-04-22T14:19:15+00:00","og_image":[{"width":886,"height":550,"url":"https:\/\/www.guardsmandogguards.co.uk\/wp-content\/uploads\/2026\/04\/g1777-mini-countryman.jpg","type":"image\/jpeg"}],"twitter_card":"summary_large_image","twitter_site":"@AthagGuardsman","twitter_misc":{"Gesch\u00e4tzte Lesezeit":"1\u00a0Minute"},"schema":{"@context":"https:\/\/schema.org","@graph":[{"@type":"WebPage","@id":"https:\/\/www.guardsmandogguards.co.uk\/de\/produkt\/mini-aceman-hundegitter-und-trenngitter-bundel-teile-nr-g1772b-copy\/","url":"https:\/\/www.guardsmandogguards.co.uk\/de\/produkt\/mini-aceman-hundegitter-und-trenngitter-bundel-teile-nr-g1772b-copy\/","name":"MINI COUNTRYMAN Hundegitter und Trenngitter - Guardsman","isPartOf":{"@id":"https:\/\/www.guardsmandogguards.co.uk\/#website"},"primaryImageOfPage":{"@id":"https:\/\/www.guardsmandogguards.co.uk\/de\/produkt\/mini-aceman-hundegitter-und-trenngitter-bundel-teile-nr-g1772b-copy\/#primaryimage"},"image":{"@id":"https:\/\/www.guardsmandogguards.co.uk\/de\/produkt\/mini-aceman-hundegitter-und-trenngitter-bundel-teile-nr-g1772b-copy\/#primaryimage"},"thumbnailUrl":"https:\/\/www.guardsmandogguards.co.uk\/wp-content\/uploads\/2026\/04\/g1777-mini-countryman.jpg","datePublished":"2026-04-22T13:52:27+00:00","dateModified":"2026-04-22T14:19:15+00:00","description":"Auf der Suche nach einem MINI COUNTRYMAN- Hundegitter und Trenngitter? Dieses Guardsman TrennGitter bietet eine starke, sichere Barriere f\u00fcr Hund und Passagiere","breadcrumb":{"@id":"https:\/\/www.guardsmandogguards.co.uk\/de\/produkt\/mini-aceman-hundegitter-und-trenngitter-bundel-teile-nr-g1772b-copy\/#breadcrumb"},"inLanguage":"de","potentialAction":[{"@type":"ReadAction","target":["https:\/\/www.guardsmandogguards.co.uk\/de\/produkt\/mini-aceman-hundegitter-und-trenngitter-bundel-teile-nr-g1772b-copy\/"]}]},{"@type":"ImageObject","inLanguage":"de","@id":"https:\/\/www.guardsmandogguards.co.uk\/de\/produkt\/mini-aceman-hundegitter-und-trenngitter-bundel-teile-nr-g1772b-copy\/#primaryimage","url":"https:\/\/www.guardsmandogguards.co.uk\/wp-content\/uploads\/2026\/04\/g1777-mini-countryman.jpg","contentUrl":"https:\/\/www.guardsmandogguards.co.uk\/wp-content\/uploads\/2026\/04\/g1777-mini-countryman.jpg","width":886,"height":550},{"@type":"BreadcrumbList","@id":"https:\/\/www.guardsmandogguards.co.uk\/de\/produkt\/mini-aceman-hundegitter-und-trenngitter-bundel-teile-nr-g1772b-copy\/#breadcrumb","itemListElement":[{"@type":"ListItem","position":1,"name":"Home","item":"https:\/\/www.guardsmandogguards.co.uk\/de\/"},{"@type":"ListItem","position":2,"name":"Products","item":"https:\/\/www.guardsmandogguards.co.uk\/shop\/"},{"@type":"ListItem","position":3,"name":"MINI COUNTRYMAN #3 (U25) HUNDEGITTER UND TRENNGITTER (TEILE NR.G1777B*)"}]},{"@type":"WebSite","@id":"https:\/\/www.guardsmandogguards.co.uk\/#website","url":"https:\/\/www.guardsmandogguards.co.uk\/","name":"Guardsman Dog Guards","description":"A full range of Dog Guards and Boot Dividers for all Car Brands and Models","publisher":{"@id":"https:\/\/www.guardsmandogguards.co.uk\/#organization"},"potentialAction":[{"@type":"SearchAction","target":{"@type":"EntryPoint","urlTemplate":"https:\/\/www.guardsmandogguards.co.uk\/?s={search_term_string}"},"query-input":{"@type":"PropertyValueSpecification","valueRequired":true,"valueName":"search_term_string"}}],"inLanguage":"de"},{"@type":"Organization","@id":"https:\/\/www.guardsmandogguards.co.uk\/#organization","name":"Guardsman Dog Guards","url":"https:\/\/www.guardsmandogguards.co.uk\/","logo":{"@type":"ImageObject","inLanguage":"de","@id":"https:\/\/www.guardsmandogguards.co.uk\/#\/schema\/logo\/image\/","url":"https:\/\/www.guardsmandogguards.co.uk\/wp-content\/uploads\/2017\/08\/guardsman.jpg","contentUrl":"https:\/\/www.guardsmandogguards.co.uk\/wp-content\/uploads\/2017\/08\/guardsman.jpg","width":235,"height":235,"caption":"Guardsman Dog Guards"},"image":{"@id":"https:\/\/www.guardsmandogguards.co.uk\/#\/schema\/logo\/image\/"},"sameAs":["https:\/\/www.facebook.com\/AthagGuardsman","https:\/\/x.com\/AthagGuardsman","https:\/\/www.linkedin.com\/in\/athag-guardsman-44a5699a\/"]}]}},"_links":{"self":[{"href":"https:\/\/www.guardsmandogguards.co.uk\/de\/wp-json\/wp\/v2\/product\/84451","targetHints":{"allow":["GET"]}}],"collection":[{"href":"https:\/\/www.guardsmandogguards.co.uk\/de\/wp-json\/wp\/v2\/product"}],"about":[{"href":"https:\/\/www.guardsmandogguards.co.uk\/de\/wp-json\/wp\/v2\/types\/product"}],"wp:featuredmedia":[{"embeddable":true,"href":"https:\/\/www.guardsmandogguards.co.uk\/de\/wp-json\/wp\/v2\/media\/84438"}],"wp:attachment":[{"href":"https:\/\/www.guardsmandogguards.co.uk\/de\/wp-json\/wp\/v2\/media?parent=84451"}],"wp:term":[{"taxonomy":"product_brand","embeddable":true,"href":"https:\/\/www.guardsmandogguards.co.uk\/de\/wp-json\/wp\/v2\/product_brand?post=84451"},{"taxonomy":"product_cat","embeddable":true,"href":"https:\/\/www.guardsmandogguards.co.uk\/de\/wp-json\/wp\/v2\/product_cat?post=84451"},{"taxonomy":"product_tag","embeddable":true,"href":"https:\/\/www.guardsmandogguards.co.uk\/de\/wp-json\/wp\/v2\/product_tag?post=84451"}],"curies":[{"name":"wp","href":"https:\/\/api.w.org\/{rel}","templated":true}]}}