{"id":71288,"date":"2025-04-02T16:23:31","date_gmt":"2025-04-02T15:23:32","guid":{"rendered":"https:\/\/www.guardsmandogguards.co.uk\/?post_type=product&#038;p=71288"},"modified":"2025-04-07T09:14:56","modified_gmt":"2025-04-07T08:14:56","slug":"polestar-3-hundegitter-und-trenngitter-bundel-teile-nr-g1732","status":"publish","type":"product","link":"https:\/\/www.guardsmandogguards.co.uk\/de\/produkt\/polestar-3-hundegitter-und-trenngitter-bundel-teile-nr-g1732\/","title":{"rendered":"POLESTAR 3 HUNDEGITTER UND TRENNGITTER B\u00dcNDEL (Teile Nr.G1732B*)"},"content":{"rendered":"<p>Unser\u00a0 POLESTAR 3 Hundegitter und Kofferraumteiler B\u00fcndel umfasst ein fahrzeugspezifisches Hundegitter, das eine sichere Barriere zwischen dem Kofferraum und dem Fahrgastraum bietet, sowie einen variablen Gep\u00e4ckraumteiler, der einem erlaubt,den Laderaum in zwei aufzuteilen.<\/p>\n<p class=\"\" data-start=\"723\" data-end=\"962\">Je nach Spezifikation Ihres Fahrzeugs kann der Kofferraumboden auf verschiedene H\u00f6hen eingestellt werden. Wir m\u00fcssen die Kofferraumtrennwand in der richtigen H\u00f6he anfertigen, damit sie zu Ihrem Auto passt \u2013 dabei brauchen wir Ihre Hilfe.<\/p>\n<p class=\"\" data-start=\"964\" data-end=\"1067\">Sehen Sie sich dieses YouTube-Video an, das zeigt, wie Sie die H\u00f6he Ihres Kofferraums richtig messen:<\/p>\n<p class=\"\" data-start=\"1069\" data-end=\"1117\"><a href=\"https:\/\/www.youtube.com\/watch?v=N55z-8rOCfo\"><strong data-start=\"1069\" data-end=\"1115\">So messen Sie f\u00fcr Ihre Guardsman-Trennwand<\/strong><\/a><\/p>\n<p class=\"\" data-start=\"1119\" data-end=\"1197\">Dies erm\u00f6glicht es uns, Ihre Bestellung in der passenden Gr\u00f6\u00dfe anzufertigen.<\/p>\n<p class=\"\" data-start=\"1199\" data-end=\"1357\">Bitte geben Sie das Ma\u00df im Online-Bestellformular an, wenn Sie Ihre Bestellung abschlie\u00dfen. Wir werden uns bei Ihnen melden, falls wir weitere Fragen haben.<\/p>\n<ul>\n<li>Ideal zum Trennen von Hunden aus dem Fahrgastraum.<\/li>\n<li>Einfache Installation ohne erforderliche Fahrzeugmodifikation.<\/li>\n<li>Lieferung mit allen Befestigungen und Montageanleitungen.<\/li>\n<li>Starker Stahlrahmen mit 19 mm Durchmesser und 50 mm Stahlgitter.<\/li>\n<li>Schwarz nach internationalen Automobilstandards pulverbeschichtet.<\/li>\n<li>Hergestellt nach den gleichen Spezifikationen wie die Produkte, die wir an die Autofirmen liefern.<\/li>\n<li>In Gro\u00dfbritannien entwickelt und hergestellt -nach dem weltweit anerkannten Qualit\u00e4tsstandard ISO: 9001.<\/li>\n<\/ul>\n","protected":false},"excerpt":{"rendered":"<p>Unser\u00a0 POLESTAR 3 Hundegitter und Kofferraumteiler B\u00fcndel umfasst ein fahrzeugspezifisches Hundegitter, das eine sichere Barriere zwischen dem Kofferraum und dem Fahrgastraum bietet, sowie einen variablen Gep\u00e4ckraumteiler, der einem erlaubt,den Laderaum in zwei aufzuteilen. Je nach Spezifikation Ihres Fahrzeugs kann der [&hellip;]<\/p>\n","protected":false},"featured_media":71292,"template":"","meta":[],"product_brand":[],"product_cat":[1182],"product_tag":[],"class_list":{"0":"post-71288","1":"product","2":"type-product","3":"status-publish","4":"has-post-thumbnail","6":"product_cat-polestar-3-de","7":"product_shipping_class-bundle-de","9":"first","10":"instock","11":"sale","12":"taxable","13":"shipping-taxable","14":"purchasable","15":"product-type-simple"},"yoast_head":"<!-- This site is optimized with the Yoast SEO plugin v26.0 - https:\/\/yoast.com\/wordpress\/plugins\/seo\/ -->\n<title>Polestar 3 Trenngitter - Guardsman<\/title>\n<meta name=\"description\" content=\"Auf der Suche nach einem Polestar 3 Bis Jetzt Hundegitter &amp; Trenngitter? Dieses Guardsman Hundegitter bietet eine starke, sichere Barriere f\u00fcr Hund und Passagiere\" \/>\n<meta name=\"robots\" content=\"index, follow, max-snippet:-1, max-image-preview:large, max-video-preview:-1\" \/>\n<link rel=\"canonical\" href=\"https:\/\/www.guardsmandogguards.co.uk\/de\/produkt\/polestar-3-hundegitter-und-trenngitter-bundel-teile-nr-g1732\/\" \/>\n<meta property=\"og:locale\" content=\"de_DE\" \/>\n<meta property=\"og:type\" content=\"article\" \/>\n<meta property=\"og:title\" content=\"Polestar 3 Trenngitter - Guardsman\" \/>\n<meta property=\"og:description\" content=\"Auf der Suche nach einem Polestar 3 Bis Jetzt Hundegitter &amp; Trenngitter? Dieses Guardsman Hundegitter bietet eine starke, sichere Barriere f\u00fcr Hund und Passagiere\" \/>\n<meta property=\"og:url\" content=\"https:\/\/www.guardsmandogguards.co.uk\/de\/produkt\/polestar-3-hundegitter-und-trenngitter-bundel-teile-nr-g1732\/\" \/>\n<meta property=\"og:site_name\" content=\"Guardsman Dog Guards\" \/>\n<meta property=\"article:publisher\" content=\"https:\/\/www.facebook.com\/AthagGuardsman\" \/>\n<meta property=\"article:modified_time\" content=\"2025-04-07T08:14:56+00:00\" \/>\n<meta property=\"og:image\" content=\"https:\/\/www.guardsmandogguards.co.uk\/wp-content\/uploads\/2025\/04\/G1732B-POLESTAR-3-DOG-GUARD-AND-BOOT-DIVIDER-1.jpg\" \/>\n\t<meta property=\"og:image:width\" content=\"792\" \/>\n\t<meta property=\"og:image:height\" content=\"509\" \/>\n\t<meta property=\"og:image:type\" content=\"image\/jpeg\" \/>\n<meta name=\"twitter:card\" content=\"summary_large_image\" \/>\n<meta name=\"twitter:site\" content=\"@AthagGuardsman\" \/>\n<meta name=\"twitter:label1\" content=\"Gesch\u00e4tzte Lesezeit\" \/>\n\t<meta name=\"twitter:data1\" content=\"2\u00a0Minuten\" \/>\n<script type=\"application\/ld+json\" class=\"yoast-schema-graph\">{\"@context\":\"https:\/\/schema.org\",\"@graph\":[{\"@type\":\"WebPage\",\"@id\":\"https:\/\/www.guardsmandogguards.co.uk\/de\/produkt\/polestar-3-hundegitter-und-trenngitter-bundel-teile-nr-g1732\/\",\"url\":\"https:\/\/www.guardsmandogguards.co.uk\/de\/produkt\/polestar-3-hundegitter-und-trenngitter-bundel-teile-nr-g1732\/\",\"name\":\"Polestar 3 Trenngitter - Guardsman\",\"isPartOf\":{\"@id\":\"https:\/\/www.guardsmandogguards.co.uk\/#website\"},\"primaryImageOfPage\":{\"@id\":\"https:\/\/www.guardsmandogguards.co.uk\/de\/produkt\/polestar-3-hundegitter-und-trenngitter-bundel-teile-nr-g1732\/#primaryimage\"},\"image\":{\"@id\":\"https:\/\/www.guardsmandogguards.co.uk\/de\/produkt\/polestar-3-hundegitter-und-trenngitter-bundel-teile-nr-g1732\/#primaryimage\"},\"thumbnailUrl\":\"https:\/\/www.guardsmandogguards.co.uk\/wp-content\/uploads\/2025\/04\/G1732B-POLESTAR-3-DOG-GUARD-AND-BOOT-DIVIDER-1.jpg\",\"datePublished\":\"2025-04-02T15:23:32+00:00\",\"dateModified\":\"2025-04-07T08:14:56+00:00\",\"description\":\"Auf der Suche nach einem Polestar 3 Bis Jetzt Hundegitter & Trenngitter? Dieses Guardsman Hundegitter bietet eine starke, sichere Barriere f\u00fcr Hund und Passagiere\",\"breadcrumb\":{\"@id\":\"https:\/\/www.guardsmandogguards.co.uk\/de\/produkt\/polestar-3-hundegitter-und-trenngitter-bundel-teile-nr-g1732\/#breadcrumb\"},\"inLanguage\":\"de\",\"potentialAction\":[{\"@type\":\"ReadAction\",\"target\":[\"https:\/\/www.guardsmandogguards.co.uk\/de\/produkt\/polestar-3-hundegitter-und-trenngitter-bundel-teile-nr-g1732\/\"]}]},{\"@type\":\"ImageObject\",\"inLanguage\":\"de\",\"@id\":\"https:\/\/www.guardsmandogguards.co.uk\/de\/produkt\/polestar-3-hundegitter-und-trenngitter-bundel-teile-nr-g1732\/#primaryimage\",\"url\":\"https:\/\/www.guardsmandogguards.co.uk\/wp-content\/uploads\/2025\/04\/G1732B-POLESTAR-3-DOG-GUARD-AND-BOOT-DIVIDER-1.jpg\",\"contentUrl\":\"https:\/\/www.guardsmandogguards.co.uk\/wp-content\/uploads\/2025\/04\/G1732B-POLESTAR-3-DOG-GUARD-AND-BOOT-DIVIDER-1.jpg\",\"width\":792,\"height\":509},{\"@type\":\"BreadcrumbList\",\"@id\":\"https:\/\/www.guardsmandogguards.co.uk\/de\/produkt\/polestar-3-hundegitter-und-trenngitter-bundel-teile-nr-g1732\/#breadcrumb\",\"itemListElement\":[{\"@type\":\"ListItem\",\"position\":1,\"name\":\"Home\",\"item\":\"https:\/\/www.guardsmandogguards.co.uk\/de\/\"},{\"@type\":\"ListItem\",\"position\":2,\"name\":\"Products\",\"item\":\"https:\/\/www.guardsmandogguards.co.uk\/shop\/\"},{\"@type\":\"ListItem\",\"position\":3,\"name\":\"POLESTAR 3 HUNDEGITTER UND TRENNGITTER B\u00dcNDEL (Teile Nr.G1732B*)\"}]},{\"@type\":\"WebSite\",\"@id\":\"https:\/\/www.guardsmandogguards.co.uk\/#website\",\"url\":\"https:\/\/www.guardsmandogguards.co.uk\/\",\"name\":\"Guardsman Dog Guards\",\"description\":\"A full range of Dog Guards and Boot Dividers for all Car Brands and Models\",\"publisher\":{\"@id\":\"https:\/\/www.guardsmandogguards.co.uk\/#organization\"},\"potentialAction\":[{\"@type\":\"SearchAction\",\"target\":{\"@type\":\"EntryPoint\",\"urlTemplate\":\"https:\/\/www.guardsmandogguards.co.uk\/?s={search_term_string}\"},\"query-input\":{\"@type\":\"PropertyValueSpecification\",\"valueRequired\":true,\"valueName\":\"search_term_string\"}}],\"inLanguage\":\"de\"},{\"@type\":\"Organization\",\"@id\":\"https:\/\/www.guardsmandogguards.co.uk\/#organization\",\"name\":\"Guardsman Dog Guards\",\"url\":\"https:\/\/www.guardsmandogguards.co.uk\/\",\"logo\":{\"@type\":\"ImageObject\",\"inLanguage\":\"de\",\"@id\":\"https:\/\/www.guardsmandogguards.co.uk\/#\/schema\/logo\/image\/\",\"url\":\"https:\/\/www.guardsmandogguards.co.uk\/wp-content\/uploads\/2017\/08\/guardsman.jpg\",\"contentUrl\":\"https:\/\/www.guardsmandogguards.co.uk\/wp-content\/uploads\/2017\/08\/guardsman.jpg\",\"width\":235,\"height\":235,\"caption\":\"Guardsman Dog Guards\"},\"image\":{\"@id\":\"https:\/\/www.guardsmandogguards.co.uk\/#\/schema\/logo\/image\/\"},\"sameAs\":[\"https:\/\/www.facebook.com\/AthagGuardsman\",\"https:\/\/x.com\/AthagGuardsman\",\"https:\/\/www.linkedin.com\/in\/athag-guardsman-44a5699a\/\"]}]}<\/script>\n<!-- \/ Yoast SEO plugin. -->","yoast_head_json":{"title":"Polestar 3 Trenngitter - Guardsman","description":"Auf der Suche nach einem Polestar 3 Bis Jetzt Hundegitter & Trenngitter? Dieses Guardsman Hundegitter bietet eine starke, sichere Barriere f\u00fcr Hund und Passagiere","robots":{"index":"index","follow":"follow","max-snippet":"max-snippet:-1","max-image-preview":"max-image-preview:large","max-video-preview":"max-video-preview:-1"},"canonical":"https:\/\/www.guardsmandogguards.co.uk\/de\/produkt\/polestar-3-hundegitter-und-trenngitter-bundel-teile-nr-g1732\/","og_locale":"de_DE","og_type":"article","og_title":"Polestar 3 Trenngitter - Guardsman","og_description":"Auf der Suche nach einem Polestar 3 Bis Jetzt Hundegitter & Trenngitter? Dieses Guardsman Hundegitter bietet eine starke, sichere Barriere f\u00fcr Hund und Passagiere","og_url":"https:\/\/www.guardsmandogguards.co.uk\/de\/produkt\/polestar-3-hundegitter-und-trenngitter-bundel-teile-nr-g1732\/","og_site_name":"Guardsman Dog Guards","article_publisher":"https:\/\/www.facebook.com\/AthagGuardsman","article_modified_time":"2025-04-07T08:14:56+00:00","og_image":[{"width":792,"height":509,"url":"https:\/\/www.guardsmandogguards.co.uk\/wp-content\/uploads\/2025\/04\/G1732B-POLESTAR-3-DOG-GUARD-AND-BOOT-DIVIDER-1.jpg","type":"image\/jpeg"}],"twitter_card":"summary_large_image","twitter_site":"@AthagGuardsman","twitter_misc":{"Gesch\u00e4tzte Lesezeit":"2\u00a0Minuten"},"schema":{"@context":"https:\/\/schema.org","@graph":[{"@type":"WebPage","@id":"https:\/\/www.guardsmandogguards.co.uk\/de\/produkt\/polestar-3-hundegitter-und-trenngitter-bundel-teile-nr-g1732\/","url":"https:\/\/www.guardsmandogguards.co.uk\/de\/produkt\/polestar-3-hundegitter-und-trenngitter-bundel-teile-nr-g1732\/","name":"Polestar 3 Trenngitter - Guardsman","isPartOf":{"@id":"https:\/\/www.guardsmandogguards.co.uk\/#website"},"primaryImageOfPage":{"@id":"https:\/\/www.guardsmandogguards.co.uk\/de\/produkt\/polestar-3-hundegitter-und-trenngitter-bundel-teile-nr-g1732\/#primaryimage"},"image":{"@id":"https:\/\/www.guardsmandogguards.co.uk\/de\/produkt\/polestar-3-hundegitter-und-trenngitter-bundel-teile-nr-g1732\/#primaryimage"},"thumbnailUrl":"https:\/\/www.guardsmandogguards.co.uk\/wp-content\/uploads\/2025\/04\/G1732B-POLESTAR-3-DOG-GUARD-AND-BOOT-DIVIDER-1.jpg","datePublished":"2025-04-02T15:23:32+00:00","dateModified":"2025-04-07T08:14:56+00:00","description":"Auf der Suche nach einem Polestar 3 Bis Jetzt Hundegitter & Trenngitter? Dieses Guardsman Hundegitter bietet eine starke, sichere Barriere f\u00fcr Hund und Passagiere","breadcrumb":{"@id":"https:\/\/www.guardsmandogguards.co.uk\/de\/produkt\/polestar-3-hundegitter-und-trenngitter-bundel-teile-nr-g1732\/#breadcrumb"},"inLanguage":"de","potentialAction":[{"@type":"ReadAction","target":["https:\/\/www.guardsmandogguards.co.uk\/de\/produkt\/polestar-3-hundegitter-und-trenngitter-bundel-teile-nr-g1732\/"]}]},{"@type":"ImageObject","inLanguage":"de","@id":"https:\/\/www.guardsmandogguards.co.uk\/de\/produkt\/polestar-3-hundegitter-und-trenngitter-bundel-teile-nr-g1732\/#primaryimage","url":"https:\/\/www.guardsmandogguards.co.uk\/wp-content\/uploads\/2025\/04\/G1732B-POLESTAR-3-DOG-GUARD-AND-BOOT-DIVIDER-1.jpg","contentUrl":"https:\/\/www.guardsmandogguards.co.uk\/wp-content\/uploads\/2025\/04\/G1732B-POLESTAR-3-DOG-GUARD-AND-BOOT-DIVIDER-1.jpg","width":792,"height":509},{"@type":"BreadcrumbList","@id":"https:\/\/www.guardsmandogguards.co.uk\/de\/produkt\/polestar-3-hundegitter-und-trenngitter-bundel-teile-nr-g1732\/#breadcrumb","itemListElement":[{"@type":"ListItem","position":1,"name":"Home","item":"https:\/\/www.guardsmandogguards.co.uk\/de\/"},{"@type":"ListItem","position":2,"name":"Products","item":"https:\/\/www.guardsmandogguards.co.uk\/shop\/"},{"@type":"ListItem","position":3,"name":"POLESTAR 3 HUNDEGITTER UND TRENNGITTER B\u00dcNDEL (Teile Nr.G1732B*)"}]},{"@type":"WebSite","@id":"https:\/\/www.guardsmandogguards.co.uk\/#website","url":"https:\/\/www.guardsmandogguards.co.uk\/","name":"Guardsman Dog Guards","description":"A full range of Dog Guards and Boot Dividers for all Car Brands and Models","publisher":{"@id":"https:\/\/www.guardsmandogguards.co.uk\/#organization"},"potentialAction":[{"@type":"SearchAction","target":{"@type":"EntryPoint","urlTemplate":"https:\/\/www.guardsmandogguards.co.uk\/?s={search_term_string}"},"query-input":{"@type":"PropertyValueSpecification","valueRequired":true,"valueName":"search_term_string"}}],"inLanguage":"de"},{"@type":"Organization","@id":"https:\/\/www.guardsmandogguards.co.uk\/#organization","name":"Guardsman Dog Guards","url":"https:\/\/www.guardsmandogguards.co.uk\/","logo":{"@type":"ImageObject","inLanguage":"de","@id":"https:\/\/www.guardsmandogguards.co.uk\/#\/schema\/logo\/image\/","url":"https:\/\/www.guardsmandogguards.co.uk\/wp-content\/uploads\/2017\/08\/guardsman.jpg","contentUrl":"https:\/\/www.guardsmandogguards.co.uk\/wp-content\/uploads\/2017\/08\/guardsman.jpg","width":235,"height":235,"caption":"Guardsman Dog Guards"},"image":{"@id":"https:\/\/www.guardsmandogguards.co.uk\/#\/schema\/logo\/image\/"},"sameAs":["https:\/\/www.facebook.com\/AthagGuardsman","https:\/\/x.com\/AthagGuardsman","https:\/\/www.linkedin.com\/in\/athag-guardsman-44a5699a\/"]}]}},"_links":{"self":[{"href":"https:\/\/www.guardsmandogguards.co.uk\/de\/wp-json\/wp\/v2\/product\/71288","targetHints":{"allow":["GET"]}}],"collection":[{"href":"https:\/\/www.guardsmandogguards.co.uk\/de\/wp-json\/wp\/v2\/product"}],"about":[{"href":"https:\/\/www.guardsmandogguards.co.uk\/de\/wp-json\/wp\/v2\/types\/product"}],"wp:featuredmedia":[{"embeddable":true,"href":"https:\/\/www.guardsmandogguards.co.uk\/de\/wp-json\/wp\/v2\/media\/71292"}],"wp:attachment":[{"href":"https:\/\/www.guardsmandogguards.co.uk\/de\/wp-json\/wp\/v2\/media?parent=71288"}],"wp:term":[{"taxonomy":"product_brand","embeddable":true,"href":"https:\/\/www.guardsmandogguards.co.uk\/de\/wp-json\/wp\/v2\/product_brand?post=71288"},{"taxonomy":"product_cat","embeddable":true,"href":"https:\/\/www.guardsmandogguards.co.uk\/de\/wp-json\/wp\/v2\/product_cat?post=71288"},{"taxonomy":"product_tag","embeddable":true,"href":"https:\/\/www.guardsmandogguards.co.uk\/de\/wp-json\/wp\/v2\/product_tag?post=71288"}],"curies":[{"name":"wp","href":"https:\/\/api.w.org\/{rel}","templated":true}]}}