{"id":71192,"date":"2025-03-31T16:51:42","date_gmt":"2025-03-31T15:51:43","guid":{"rendered":"https:\/\/www.guardsmandogguards.co.uk\/?post_type=product&#038;p=71192"},"modified":"2025-03-31T17:03:28","modified_gmt":"2025-03-31T16:03:28","slug":"volkswagen-id-5-set-teile-nr-g1647b-copy","status":"publish","type":"product","link":"https:\/\/www.guardsmandogguards.co.uk\/de\/produkt\/volkswagen-id-5-set-teile-nr-g1647b-copy\/","title":{"rendered":"HYUNDAI SANTA FE #5 Hundegitter und Trenngitter (Teile Nr. G1737B*)"},"content":{"rendered":"<p><span style=\"font-weight: 400;\">Unser Hyundai Santa Fe Hundegitter und verstellbarer Kofferraumteiler B\u00fcndel umfasst ein fahrzeugspezifisches Hundegitter, das eine sichere Barriere zwischen dem Kofferraum und dem Fahrgastraum bietet, sowie einen variablen Gep\u00e4ckraumteiler, der einem erlaubt,den Laderaum in zwei aufzuteilen.<\/span><\/p>\n<p>Abh\u00e4ngig von der Spezifikation Ihres Fahrzeugs kann Ihr Kofferraumboden auf zwei H\u00f6hen eingestellt werden!<\/p>\n<p>Wir m\u00fcssen den Kofferraumteiler auf die richtige H\u00f6he f\u00fcr Ihr Auto anpassen, daher brauchen wir hier Ihre Hilfe.<\/p>\n<p>Schauen Sie sich diesen Youtube-Clip an, der zeigt, wie Sie Ihre Stiefelh\u00f6he richtig messen<\/p>\n<p><a href=\"https:\/\/www.youtube.com\/watch?v=N55z-8rOCfo\">So messen Sie den Kofferraumteiler Ihres Guardsman-Autos richtig<\/a><\/p>\n<p>Dadurch k\u00f6nnen wir Ihren Kofferraumteiler auf die richtige Gr\u00f6\u00dfe anpassen.<\/p>\n<ul>\n<li style=\"font-weight: 400;\"><span style=\"font-weight: 400;\"> Ideal zum Trennen von Hunden aus dem Fahrgastraum.<\/span><\/li>\n<li style=\"font-weight: 400;\"><span style=\"font-weight: 400;\"> Einfache Installation ohne erforderliche Fahrzeugmodifikation.<\/span><\/li>\n<li style=\"font-weight: 400;\"><span style=\"font-weight: 400;\"> Lieferung mit allen Befestigungen und Montageanleitungen.<\/span><\/li>\n<li style=\"font-weight: 400;\"><span style=\"font-weight: 400;\">Starker Stahlrahmen mit 19 mm Durchmesser und 50 mm Stahlgitter.<\/span><\/li>\n<li style=\"font-weight: 400;\"><span style=\"font-weight: 400;\">Schwarz nach internationalen Automobilstandards pulverbeschichtet.<\/span><\/li>\n<li style=\"font-weight: 400;\"><span style=\"font-weight: 400;\">Hergestellt nach den gleichen Spezifikationen wie die Produkte, die wir an die Autofirmen liefern.<\/span><\/li>\n<li style=\"font-weight: 400;\"><span style=\"font-weight: 400;\"> In Gro\u00dfbritannien entwickelt und hergestellt -nach dem weltweit anerkannten Qualit\u00e4tsstandard ISO: 9001<\/span><\/li>\n<\/ul>\n","protected":false},"excerpt":{"rendered":"<p>Unser Hyundai Santa Fe Hundegitter und verstellbarer Kofferraumteiler B\u00fcndel umfasst ein fahrzeugspezifisches Hundegitter, das eine sichere Barriere zwischen dem Kofferraum und dem Fahrgastraum bietet, sowie einen variablen Gep\u00e4ckraumteiler, der einem erlaubt,den Laderaum in zwei aufzuteilen. Abh\u00e4ngig von der Spezifikation Ihres [&hellip;]<\/p>\n","protected":false},"featured_media":71206,"template":"","meta":[],"product_brand":[],"product_cat":[1179],"product_tag":[],"class_list":{"0":"post-71192","1":"product","2":"type-product","3":"status-publish","4":"has-post-thumbnail","6":"product_cat-hyundai-santa-fe-5-2024-bis-jetzt","7":"product_shipping_class-bundle-de","9":"first","10":"instock","11":"taxable","12":"shipping-taxable","13":"purchasable","14":"product-type-simple"},"yoast_head":"<!-- This site is optimized with the Yoast SEO plugin v26.0 - https:\/\/yoast.com\/wordpress\/plugins\/seo\/ -->\n<title>Hyundai Santa Fe Hundegitter und Trenngitter<\/title>\n<meta name=\"description\" content=\"Auf der Suche nach einem Hyundai Santa Fe Hundegitter und Trenngitter? Dieses Guardsman Hundegitter bietet eine starke, sichere Barriere f\u00fcr Hund und Passagiere\" \/>\n<meta name=\"robots\" content=\"index, follow, max-snippet:-1, max-image-preview:large, max-video-preview:-1\" \/>\n<link rel=\"canonical\" href=\"https:\/\/www.guardsmandogguards.co.uk\/de\/produkt\/volkswagen-id-5-set-teile-nr-g1647b-copy\/\" \/>\n<meta property=\"og:locale\" content=\"de_DE\" \/>\n<meta property=\"og:type\" content=\"article\" \/>\n<meta property=\"og:title\" content=\"Hyundai Santa Fe Hundegitter und Trenngitter\" \/>\n<meta property=\"og:description\" content=\"Auf der Suche nach einem Hyundai Santa Fe Hundegitter und Trenngitter? Dieses Guardsman Hundegitter bietet eine starke, sichere Barriere f\u00fcr Hund und Passagiere\" \/>\n<meta property=\"og:url\" content=\"https:\/\/www.guardsmandogguards.co.uk\/de\/produkt\/volkswagen-id-5-set-teile-nr-g1647b-copy\/\" \/>\n<meta property=\"og:site_name\" content=\"Guardsman Dog Guards\" \/>\n<meta property=\"article:publisher\" content=\"https:\/\/www.facebook.com\/AthagGuardsman\" \/>\n<meta property=\"article:modified_time\" content=\"2025-03-31T16:03:28+00:00\" \/>\n<meta property=\"og:image\" content=\"https:\/\/www.guardsmandogguards.co.uk\/wp-content\/uploads\/2025\/03\/g1737b-INGRIDS-DOG.jpg\" \/>\n\t<meta property=\"og:image:width\" content=\"886\" \/>\n\t<meta property=\"og:image:height\" content=\"584\" \/>\n\t<meta property=\"og:image:type\" content=\"image\/jpeg\" \/>\n<meta name=\"twitter:card\" content=\"summary_large_image\" \/>\n<meta name=\"twitter:site\" content=\"@AthagGuardsman\" \/>\n<meta name=\"twitter:label1\" content=\"Gesch\u00e4tzte Lesezeit\" \/>\n\t<meta name=\"twitter:data1\" content=\"1\u00a0Minute\" \/>\n<script type=\"application\/ld+json\" class=\"yoast-schema-graph\">{\"@context\":\"https:\/\/schema.org\",\"@graph\":[{\"@type\":\"WebPage\",\"@id\":\"https:\/\/www.guardsmandogguards.co.uk\/de\/produkt\/volkswagen-id-5-set-teile-nr-g1647b-copy\/\",\"url\":\"https:\/\/www.guardsmandogguards.co.uk\/de\/produkt\/volkswagen-id-5-set-teile-nr-g1647b-copy\/\",\"name\":\"Hyundai Santa Fe Hundegitter und Trenngitter\",\"isPartOf\":{\"@id\":\"https:\/\/www.guardsmandogguards.co.uk\/#website\"},\"primaryImageOfPage\":{\"@id\":\"https:\/\/www.guardsmandogguards.co.uk\/de\/produkt\/volkswagen-id-5-set-teile-nr-g1647b-copy\/#primaryimage\"},\"image\":{\"@id\":\"https:\/\/www.guardsmandogguards.co.uk\/de\/produkt\/volkswagen-id-5-set-teile-nr-g1647b-copy\/#primaryimage\"},\"thumbnailUrl\":\"https:\/\/www.guardsmandogguards.co.uk\/wp-content\/uploads\/2025\/03\/g1737b-INGRIDS-DOG.jpg\",\"datePublished\":\"2025-03-31T15:51:43+00:00\",\"dateModified\":\"2025-03-31T16:03:28+00:00\",\"description\":\"Auf der Suche nach einem Hyundai Santa Fe Hundegitter und Trenngitter? Dieses Guardsman Hundegitter bietet eine starke, sichere Barriere f\u00fcr Hund und Passagiere\",\"breadcrumb\":{\"@id\":\"https:\/\/www.guardsmandogguards.co.uk\/de\/produkt\/volkswagen-id-5-set-teile-nr-g1647b-copy\/#breadcrumb\"},\"inLanguage\":\"de\",\"potentialAction\":[{\"@type\":\"ReadAction\",\"target\":[\"https:\/\/www.guardsmandogguards.co.uk\/de\/produkt\/volkswagen-id-5-set-teile-nr-g1647b-copy\/\"]}]},{\"@type\":\"ImageObject\",\"inLanguage\":\"de\",\"@id\":\"https:\/\/www.guardsmandogguards.co.uk\/de\/produkt\/volkswagen-id-5-set-teile-nr-g1647b-copy\/#primaryimage\",\"url\":\"https:\/\/www.guardsmandogguards.co.uk\/wp-content\/uploads\/2025\/03\/g1737b-INGRIDS-DOG.jpg\",\"contentUrl\":\"https:\/\/www.guardsmandogguards.co.uk\/wp-content\/uploads\/2025\/03\/g1737b-INGRIDS-DOG.jpg\",\"width\":886,\"height\":584},{\"@type\":\"BreadcrumbList\",\"@id\":\"https:\/\/www.guardsmandogguards.co.uk\/de\/produkt\/volkswagen-id-5-set-teile-nr-g1647b-copy\/#breadcrumb\",\"itemListElement\":[{\"@type\":\"ListItem\",\"position\":1,\"name\":\"Home\",\"item\":\"https:\/\/www.guardsmandogguards.co.uk\/de\/\"},{\"@type\":\"ListItem\",\"position\":2,\"name\":\"Products\",\"item\":\"https:\/\/www.guardsmandogguards.co.uk\/shop\/\"},{\"@type\":\"ListItem\",\"position\":3,\"name\":\"HYUNDAI SANTA FE #5 Hundegitter und Trenngitter (Teile Nr. G1737B*)\"}]},{\"@type\":\"WebSite\",\"@id\":\"https:\/\/www.guardsmandogguards.co.uk\/#website\",\"url\":\"https:\/\/www.guardsmandogguards.co.uk\/\",\"name\":\"Guardsman Dog Guards\",\"description\":\"A full range of Dog Guards and Boot Dividers for all Car Brands and Models\",\"publisher\":{\"@id\":\"https:\/\/www.guardsmandogguards.co.uk\/#organization\"},\"potentialAction\":[{\"@type\":\"SearchAction\",\"target\":{\"@type\":\"EntryPoint\",\"urlTemplate\":\"https:\/\/www.guardsmandogguards.co.uk\/?s={search_term_string}\"},\"query-input\":{\"@type\":\"PropertyValueSpecification\",\"valueRequired\":true,\"valueName\":\"search_term_string\"}}],\"inLanguage\":\"de\"},{\"@type\":\"Organization\",\"@id\":\"https:\/\/www.guardsmandogguards.co.uk\/#organization\",\"name\":\"Guardsman Dog Guards\",\"url\":\"https:\/\/www.guardsmandogguards.co.uk\/\",\"logo\":{\"@type\":\"ImageObject\",\"inLanguage\":\"de\",\"@id\":\"https:\/\/www.guardsmandogguards.co.uk\/#\/schema\/logo\/image\/\",\"url\":\"https:\/\/www.guardsmandogguards.co.uk\/wp-content\/uploads\/2017\/08\/guardsman.jpg\",\"contentUrl\":\"https:\/\/www.guardsmandogguards.co.uk\/wp-content\/uploads\/2017\/08\/guardsman.jpg\",\"width\":235,\"height\":235,\"caption\":\"Guardsman Dog Guards\"},\"image\":{\"@id\":\"https:\/\/www.guardsmandogguards.co.uk\/#\/schema\/logo\/image\/\"},\"sameAs\":[\"https:\/\/www.facebook.com\/AthagGuardsman\",\"https:\/\/x.com\/AthagGuardsman\",\"https:\/\/www.linkedin.com\/in\/athag-guardsman-44a5699a\/\"]}]}<\/script>\n<!-- \/ Yoast SEO plugin. -->","yoast_head_json":{"title":"Hyundai Santa Fe Hundegitter und Trenngitter","description":"Auf der Suche nach einem Hyundai Santa Fe Hundegitter und Trenngitter? Dieses Guardsman Hundegitter bietet eine starke, sichere Barriere f\u00fcr Hund und Passagiere","robots":{"index":"index","follow":"follow","max-snippet":"max-snippet:-1","max-image-preview":"max-image-preview:large","max-video-preview":"max-video-preview:-1"},"canonical":"https:\/\/www.guardsmandogguards.co.uk\/de\/produkt\/volkswagen-id-5-set-teile-nr-g1647b-copy\/","og_locale":"de_DE","og_type":"article","og_title":"Hyundai Santa Fe Hundegitter und Trenngitter","og_description":"Auf der Suche nach einem Hyundai Santa Fe Hundegitter und Trenngitter? Dieses Guardsman Hundegitter bietet eine starke, sichere Barriere f\u00fcr Hund und Passagiere","og_url":"https:\/\/www.guardsmandogguards.co.uk\/de\/produkt\/volkswagen-id-5-set-teile-nr-g1647b-copy\/","og_site_name":"Guardsman Dog Guards","article_publisher":"https:\/\/www.facebook.com\/AthagGuardsman","article_modified_time":"2025-03-31T16:03:28+00:00","og_image":[{"width":886,"height":584,"url":"https:\/\/www.guardsmandogguards.co.uk\/wp-content\/uploads\/2025\/03\/g1737b-INGRIDS-DOG.jpg","type":"image\/jpeg"}],"twitter_card":"summary_large_image","twitter_site":"@AthagGuardsman","twitter_misc":{"Gesch\u00e4tzte Lesezeit":"1\u00a0Minute"},"schema":{"@context":"https:\/\/schema.org","@graph":[{"@type":"WebPage","@id":"https:\/\/www.guardsmandogguards.co.uk\/de\/produkt\/volkswagen-id-5-set-teile-nr-g1647b-copy\/","url":"https:\/\/www.guardsmandogguards.co.uk\/de\/produkt\/volkswagen-id-5-set-teile-nr-g1647b-copy\/","name":"Hyundai Santa Fe Hundegitter und Trenngitter","isPartOf":{"@id":"https:\/\/www.guardsmandogguards.co.uk\/#website"},"primaryImageOfPage":{"@id":"https:\/\/www.guardsmandogguards.co.uk\/de\/produkt\/volkswagen-id-5-set-teile-nr-g1647b-copy\/#primaryimage"},"image":{"@id":"https:\/\/www.guardsmandogguards.co.uk\/de\/produkt\/volkswagen-id-5-set-teile-nr-g1647b-copy\/#primaryimage"},"thumbnailUrl":"https:\/\/www.guardsmandogguards.co.uk\/wp-content\/uploads\/2025\/03\/g1737b-INGRIDS-DOG.jpg","datePublished":"2025-03-31T15:51:43+00:00","dateModified":"2025-03-31T16:03:28+00:00","description":"Auf der Suche nach einem Hyundai Santa Fe Hundegitter und Trenngitter? Dieses Guardsman Hundegitter bietet eine starke, sichere Barriere f\u00fcr Hund und Passagiere","breadcrumb":{"@id":"https:\/\/www.guardsmandogguards.co.uk\/de\/produkt\/volkswagen-id-5-set-teile-nr-g1647b-copy\/#breadcrumb"},"inLanguage":"de","potentialAction":[{"@type":"ReadAction","target":["https:\/\/www.guardsmandogguards.co.uk\/de\/produkt\/volkswagen-id-5-set-teile-nr-g1647b-copy\/"]}]},{"@type":"ImageObject","inLanguage":"de","@id":"https:\/\/www.guardsmandogguards.co.uk\/de\/produkt\/volkswagen-id-5-set-teile-nr-g1647b-copy\/#primaryimage","url":"https:\/\/www.guardsmandogguards.co.uk\/wp-content\/uploads\/2025\/03\/g1737b-INGRIDS-DOG.jpg","contentUrl":"https:\/\/www.guardsmandogguards.co.uk\/wp-content\/uploads\/2025\/03\/g1737b-INGRIDS-DOG.jpg","width":886,"height":584},{"@type":"BreadcrumbList","@id":"https:\/\/www.guardsmandogguards.co.uk\/de\/produkt\/volkswagen-id-5-set-teile-nr-g1647b-copy\/#breadcrumb","itemListElement":[{"@type":"ListItem","position":1,"name":"Home","item":"https:\/\/www.guardsmandogguards.co.uk\/de\/"},{"@type":"ListItem","position":2,"name":"Products","item":"https:\/\/www.guardsmandogguards.co.uk\/shop\/"},{"@type":"ListItem","position":3,"name":"HYUNDAI SANTA FE #5 Hundegitter und Trenngitter (Teile Nr. G1737B*)"}]},{"@type":"WebSite","@id":"https:\/\/www.guardsmandogguards.co.uk\/#website","url":"https:\/\/www.guardsmandogguards.co.uk\/","name":"Guardsman Dog Guards","description":"A full range of Dog Guards and Boot Dividers for all Car Brands and Models","publisher":{"@id":"https:\/\/www.guardsmandogguards.co.uk\/#organization"},"potentialAction":[{"@type":"SearchAction","target":{"@type":"EntryPoint","urlTemplate":"https:\/\/www.guardsmandogguards.co.uk\/?s={search_term_string}"},"query-input":{"@type":"PropertyValueSpecification","valueRequired":true,"valueName":"search_term_string"}}],"inLanguage":"de"},{"@type":"Organization","@id":"https:\/\/www.guardsmandogguards.co.uk\/#organization","name":"Guardsman Dog Guards","url":"https:\/\/www.guardsmandogguards.co.uk\/","logo":{"@type":"ImageObject","inLanguage":"de","@id":"https:\/\/www.guardsmandogguards.co.uk\/#\/schema\/logo\/image\/","url":"https:\/\/www.guardsmandogguards.co.uk\/wp-content\/uploads\/2017\/08\/guardsman.jpg","contentUrl":"https:\/\/www.guardsmandogguards.co.uk\/wp-content\/uploads\/2017\/08\/guardsman.jpg","width":235,"height":235,"caption":"Guardsman Dog Guards"},"image":{"@id":"https:\/\/www.guardsmandogguards.co.uk\/#\/schema\/logo\/image\/"},"sameAs":["https:\/\/www.facebook.com\/AthagGuardsman","https:\/\/x.com\/AthagGuardsman","https:\/\/www.linkedin.com\/in\/athag-guardsman-44a5699a\/"]}]}},"_links":{"self":[{"href":"https:\/\/www.guardsmandogguards.co.uk\/de\/wp-json\/wp\/v2\/product\/71192","targetHints":{"allow":["GET"]}}],"collection":[{"href":"https:\/\/www.guardsmandogguards.co.uk\/de\/wp-json\/wp\/v2\/product"}],"about":[{"href":"https:\/\/www.guardsmandogguards.co.uk\/de\/wp-json\/wp\/v2\/types\/product"}],"wp:featuredmedia":[{"embeddable":true,"href":"https:\/\/www.guardsmandogguards.co.uk\/de\/wp-json\/wp\/v2\/media\/71206"}],"wp:attachment":[{"href":"https:\/\/www.guardsmandogguards.co.uk\/de\/wp-json\/wp\/v2\/media?parent=71192"}],"wp:term":[{"taxonomy":"product_brand","embeddable":true,"href":"https:\/\/www.guardsmandogguards.co.uk\/de\/wp-json\/wp\/v2\/product_brand?post=71192"},{"taxonomy":"product_cat","embeddable":true,"href":"https:\/\/www.guardsmandogguards.co.uk\/de\/wp-json\/wp\/v2\/product_cat?post=71192"},{"taxonomy":"product_tag","embeddable":true,"href":"https:\/\/www.guardsmandogguards.co.uk\/de\/wp-json\/wp\/v2\/product_tag?post=71192"}],"curies":[{"name":"wp","href":"https:\/\/api.w.org\/{rel}","templated":true}]}}