{"id":67762,"date":"2024-11-30T21:10:33","date_gmt":"2024-11-30T21:10:33","guid":{"rendered":"https:\/\/www.guardsmandogguards.co.uk\/?post_type=product&#038;p=67762"},"modified":"2025-11-27T12:57:42","modified_gmt":"2025-11-27T12:57:42","slug":"mg-hs-2-bundel-teile-nr-g1721b","status":"publish","type":"product","link":"https:\/\/www.guardsmandogguards.co.uk\/de\/produkt\/mg-hs-2-bundel-teile-nr-g1721b\/","title":{"rendered":"MG HS #2 (2025 bis jetzt) B\u00dcNDEL (Teile Nr.G1721B*)"},"content":{"rendered":"<p><span style=\"font-weight: 400;\">Unser MG HS<\/span><span style=\"font-weight: 400;\"> #2 (2025 bis jetzt) Hundegitter und verstellbarer Kofferraumteiler B\u00fcndel umfasst ein fahrzeugspezifisches Hundegitter, das eine sichere Barriere zwischen dem Kofferraum und dem Fahrgastraum bietet, sowie einen variablen Gep\u00e4ckraumteiler, der einem erlaubt,den Laderaum in zwei aufzuteilen.<\/span><\/p>\n<p>Abh\u00e4ngig von den Spezifikationen Ihres Autos kann der Kofferraumboden auf unterschiedliche H\u00f6hen eingestellt werden. Wir m\u00fcssen den Kofferraumteiler auf die richtige H\u00f6he f\u00fcr Ihr Auto anpassen, daher brauchen wir hier Ihre Hilfe.<\/p>\n<p>Schauen Sie sich diesen YouTube-Clip an, der zeigt, wie Sie Ihre Stiefelh\u00f6he richtig messen<\/p>\n<p><a href=\"https:\/\/www.youtube.com\/watch?v=N55z-8rOCfo\" target=\"_blank\" rel=\"noopener\">So messen Sie Ihren Guardsman-Kofferraumteiler<\/a><\/p>\n<p>Dadurch k\u00f6nnen wir Ihre Bestellung auf die richtige Gr\u00f6\u00dfe anpassen.<\/p>\n<p><strong>Bitte stellen Sie sicher, dass Sie die Ma\u00dfe beim Absenden im Online-Bestellformular eingeben. Wir melden uns nur dann bei Ihnen, wenn wir Fragen haben.<\/strong><\/p>\n<ul>\n<li>Ideal zum Trennen von Hunden aus dem Fahrgastraum.<\/li>\n<li>Einfache Installation ohne erforderliche Fahrzeugmodifikation.<\/li>\n<li>Lieferung mit allen Befestigungen und Montageanleitungen.<\/li>\n<li>Starker Stahlrahmen mit 19 mm Durchmesser und 50 mm Stahlgitter.<\/li>\n<li>Schwarz nach internationalen Automobilstandards pulverbeschichtet.<\/li>\n<li>Hergestellt nach den gleichen Spezifikationen wie die Produkte, die wir an die Autofirmen liefern.<\/li>\n<li>In Gro\u00dfbritannien entwickelt und hergestellt -nach dem weltweit anerkannten Qualit\u00e4tsstandard ISO: 9001<\/li>\n<\/ul>\n","protected":false},"excerpt":{"rendered":"<p>Unser MG HS #2 (2025 bis jetzt) Hundegitter und verstellbarer Kofferraumteiler B\u00fcndel umfasst ein fahrzeugspezifisches Hundegitter, das eine sichere Barriere zwischen dem Kofferraum und dem Fahrgastraum bietet, sowie einen variablen Gep\u00e4ckraumteiler, der einem erlaubt,den Laderaum in zwei aufzuteilen. Abh\u00e4ngig von [&hellip;]<\/p>\n","protected":false},"featured_media":68660,"template":"","meta":[],"product_brand":[],"product_cat":[1147],"product_tag":[],"class_list":{"0":"post-67762","1":"product","2":"type-product","3":"status-publish","4":"has-post-thumbnail","6":"product_cat-mg-hs-2-2024-bis-jetzt","7":"product_shipping_class-bundle-de","9":"first","10":"instock","11":"taxable","12":"shipping-taxable","13":"purchasable","14":"product-type-simple"},"yoast_head":"<!-- This site is optimized with the Yoast SEO plugin v26.0 - https:\/\/yoast.com\/wordpress\/plugins\/seo\/ -->\n<title>MG HS HundeGitter und TrennGitter - Guardsman<\/title>\n<meta name=\"description\" content=\"Auf der Suche nach einem MG HS Hundegitter &amp; Trenngitter? Dieses Guardsman B\u00fcndle bietet eine starke, sichere Barriere f\u00fcr Hund und Passagiere\" \/>\n<meta name=\"robots\" content=\"index, follow, max-snippet:-1, max-image-preview:large, max-video-preview:-1\" \/>\n<link rel=\"canonical\" href=\"https:\/\/www.guardsmandogguards.co.uk\/de\/produkt\/mg-hs-2-bundel-teile-nr-g1721b\/\" \/>\n<meta property=\"og:locale\" content=\"de_DE\" \/>\n<meta property=\"og:type\" content=\"article\" \/>\n<meta property=\"og:title\" content=\"MG HS HundeGitter und TrennGitter - Guardsman\" \/>\n<meta property=\"og:description\" content=\"Auf der Suche nach einem MG HS Hundegitter &amp; Trenngitter? Dieses Guardsman B\u00fcndle bietet eine starke, sichere Barriere f\u00fcr Hund und Passagiere\" \/>\n<meta property=\"og:url\" content=\"https:\/\/www.guardsmandogguards.co.uk\/de\/produkt\/mg-hs-2-bundel-teile-nr-g1721b\/\" \/>\n<meta property=\"og:site_name\" content=\"Guardsman Dog Guards\" \/>\n<meta property=\"article:publisher\" content=\"https:\/\/www.facebook.com\/AthagGuardsman\" \/>\n<meta property=\"article:modified_time\" content=\"2025-11-27T12:57:42+00:00\" \/>\n<meta property=\"og:image\" content=\"https:\/\/www.guardsmandogguards.co.uk\/wp-content\/uploads\/2024\/11\/g1721b-fitted-centrally.jpg\" \/>\n\t<meta property=\"og:image:width\" content=\"886\" \/>\n\t<meta property=\"og:image:height\" content=\"581\" \/>\n\t<meta property=\"og:image:type\" content=\"image\/jpeg\" \/>\n<meta name=\"twitter:card\" content=\"summary_large_image\" \/>\n<meta name=\"twitter:site\" content=\"@AthagGuardsman\" \/>\n<meta name=\"twitter:label1\" content=\"Gesch\u00e4tzte Lesezeit\" \/>\n\t<meta name=\"twitter:data1\" content=\"2\u00a0Minuten\" \/>\n<script type=\"application\/ld+json\" class=\"yoast-schema-graph\">{\"@context\":\"https:\/\/schema.org\",\"@graph\":[{\"@type\":\"WebPage\",\"@id\":\"https:\/\/www.guardsmandogguards.co.uk\/de\/produkt\/mg-hs-2-bundel-teile-nr-g1721b\/\",\"url\":\"https:\/\/www.guardsmandogguards.co.uk\/de\/produkt\/mg-hs-2-bundel-teile-nr-g1721b\/\",\"name\":\"MG HS HundeGitter und TrennGitter - Guardsman\",\"isPartOf\":{\"@id\":\"https:\/\/www.guardsmandogguards.co.uk\/#website\"},\"primaryImageOfPage\":{\"@id\":\"https:\/\/www.guardsmandogguards.co.uk\/de\/produkt\/mg-hs-2-bundel-teile-nr-g1721b\/#primaryimage\"},\"image\":{\"@id\":\"https:\/\/www.guardsmandogguards.co.uk\/de\/produkt\/mg-hs-2-bundel-teile-nr-g1721b\/#primaryimage\"},\"thumbnailUrl\":\"https:\/\/www.guardsmandogguards.co.uk\/wp-content\/uploads\/2024\/11\/g1721b-fitted-centrally.jpg\",\"datePublished\":\"2024-11-30T21:10:33+00:00\",\"dateModified\":\"2025-11-27T12:57:42+00:00\",\"description\":\"Auf der Suche nach einem MG HS Hundegitter & Trenngitter? Dieses Guardsman B\u00fcndle bietet eine starke, sichere Barriere f\u00fcr Hund und Passagiere\",\"breadcrumb\":{\"@id\":\"https:\/\/www.guardsmandogguards.co.uk\/de\/produkt\/mg-hs-2-bundel-teile-nr-g1721b\/#breadcrumb\"},\"inLanguage\":\"de\",\"potentialAction\":[{\"@type\":\"ReadAction\",\"target\":[\"https:\/\/www.guardsmandogguards.co.uk\/de\/produkt\/mg-hs-2-bundel-teile-nr-g1721b\/\"]}]},{\"@type\":\"ImageObject\",\"inLanguage\":\"de\",\"@id\":\"https:\/\/www.guardsmandogguards.co.uk\/de\/produkt\/mg-hs-2-bundel-teile-nr-g1721b\/#primaryimage\",\"url\":\"https:\/\/www.guardsmandogguards.co.uk\/wp-content\/uploads\/2024\/11\/g1721b-fitted-centrally.jpg\",\"contentUrl\":\"https:\/\/www.guardsmandogguards.co.uk\/wp-content\/uploads\/2024\/11\/g1721b-fitted-centrally.jpg\",\"width\":886,\"height\":581},{\"@type\":\"BreadcrumbList\",\"@id\":\"https:\/\/www.guardsmandogguards.co.uk\/de\/produkt\/mg-hs-2-bundel-teile-nr-g1721b\/#breadcrumb\",\"itemListElement\":[{\"@type\":\"ListItem\",\"position\":1,\"name\":\"Home\",\"item\":\"https:\/\/www.guardsmandogguards.co.uk\/de\/\"},{\"@type\":\"ListItem\",\"position\":2,\"name\":\"Products\",\"item\":\"https:\/\/www.guardsmandogguards.co.uk\/shop\/\"},{\"@type\":\"ListItem\",\"position\":3,\"name\":\"MG HS #2 (2025 bis jetzt) B\u00dcNDEL (Teile Nr.G1721B*)\"}]},{\"@type\":\"WebSite\",\"@id\":\"https:\/\/www.guardsmandogguards.co.uk\/#website\",\"url\":\"https:\/\/www.guardsmandogguards.co.uk\/\",\"name\":\"Guardsman Dog Guards\",\"description\":\"A full range of Dog Guards and Boot Dividers for all Car Brands and Models\",\"publisher\":{\"@id\":\"https:\/\/www.guardsmandogguards.co.uk\/#organization\"},\"potentialAction\":[{\"@type\":\"SearchAction\",\"target\":{\"@type\":\"EntryPoint\",\"urlTemplate\":\"https:\/\/www.guardsmandogguards.co.uk\/?s={search_term_string}\"},\"query-input\":{\"@type\":\"PropertyValueSpecification\",\"valueRequired\":true,\"valueName\":\"search_term_string\"}}],\"inLanguage\":\"de\"},{\"@type\":\"Organization\",\"@id\":\"https:\/\/www.guardsmandogguards.co.uk\/#organization\",\"name\":\"Guardsman Dog Guards\",\"url\":\"https:\/\/www.guardsmandogguards.co.uk\/\",\"logo\":{\"@type\":\"ImageObject\",\"inLanguage\":\"de\",\"@id\":\"https:\/\/www.guardsmandogguards.co.uk\/#\/schema\/logo\/image\/\",\"url\":\"https:\/\/www.guardsmandogguards.co.uk\/wp-content\/uploads\/2017\/08\/guardsman.jpg\",\"contentUrl\":\"https:\/\/www.guardsmandogguards.co.uk\/wp-content\/uploads\/2017\/08\/guardsman.jpg\",\"width\":235,\"height\":235,\"caption\":\"Guardsman Dog Guards\"},\"image\":{\"@id\":\"https:\/\/www.guardsmandogguards.co.uk\/#\/schema\/logo\/image\/\"},\"sameAs\":[\"https:\/\/www.facebook.com\/AthagGuardsman\",\"https:\/\/x.com\/AthagGuardsman\",\"https:\/\/www.linkedin.com\/in\/athag-guardsman-44a5699a\/\"]}]}<\/script>\n<!-- \/ Yoast SEO plugin. -->","yoast_head_json":{"title":"MG HS HundeGitter und TrennGitter - Guardsman","description":"Auf der Suche nach einem MG HS Hundegitter & Trenngitter? Dieses Guardsman B\u00fcndle bietet eine starke, sichere Barriere f\u00fcr Hund und Passagiere","robots":{"index":"index","follow":"follow","max-snippet":"max-snippet:-1","max-image-preview":"max-image-preview:large","max-video-preview":"max-video-preview:-1"},"canonical":"https:\/\/www.guardsmandogguards.co.uk\/de\/produkt\/mg-hs-2-bundel-teile-nr-g1721b\/","og_locale":"de_DE","og_type":"article","og_title":"MG HS HundeGitter und TrennGitter - Guardsman","og_description":"Auf der Suche nach einem MG HS Hundegitter & Trenngitter? Dieses Guardsman B\u00fcndle bietet eine starke, sichere Barriere f\u00fcr Hund und Passagiere","og_url":"https:\/\/www.guardsmandogguards.co.uk\/de\/produkt\/mg-hs-2-bundel-teile-nr-g1721b\/","og_site_name":"Guardsman Dog Guards","article_publisher":"https:\/\/www.facebook.com\/AthagGuardsman","article_modified_time":"2025-11-27T12:57:42+00:00","og_image":[{"width":886,"height":581,"url":"https:\/\/www.guardsmandogguards.co.uk\/wp-content\/uploads\/2024\/11\/g1721b-fitted-centrally.jpg","type":"image\/jpeg"}],"twitter_card":"summary_large_image","twitter_site":"@AthagGuardsman","twitter_misc":{"Gesch\u00e4tzte Lesezeit":"2\u00a0Minuten"},"schema":{"@context":"https:\/\/schema.org","@graph":[{"@type":"WebPage","@id":"https:\/\/www.guardsmandogguards.co.uk\/de\/produkt\/mg-hs-2-bundel-teile-nr-g1721b\/","url":"https:\/\/www.guardsmandogguards.co.uk\/de\/produkt\/mg-hs-2-bundel-teile-nr-g1721b\/","name":"MG HS HundeGitter und TrennGitter - Guardsman","isPartOf":{"@id":"https:\/\/www.guardsmandogguards.co.uk\/#website"},"primaryImageOfPage":{"@id":"https:\/\/www.guardsmandogguards.co.uk\/de\/produkt\/mg-hs-2-bundel-teile-nr-g1721b\/#primaryimage"},"image":{"@id":"https:\/\/www.guardsmandogguards.co.uk\/de\/produkt\/mg-hs-2-bundel-teile-nr-g1721b\/#primaryimage"},"thumbnailUrl":"https:\/\/www.guardsmandogguards.co.uk\/wp-content\/uploads\/2024\/11\/g1721b-fitted-centrally.jpg","datePublished":"2024-11-30T21:10:33+00:00","dateModified":"2025-11-27T12:57:42+00:00","description":"Auf der Suche nach einem MG HS Hundegitter & Trenngitter? Dieses Guardsman B\u00fcndle bietet eine starke, sichere Barriere f\u00fcr Hund und Passagiere","breadcrumb":{"@id":"https:\/\/www.guardsmandogguards.co.uk\/de\/produkt\/mg-hs-2-bundel-teile-nr-g1721b\/#breadcrumb"},"inLanguage":"de","potentialAction":[{"@type":"ReadAction","target":["https:\/\/www.guardsmandogguards.co.uk\/de\/produkt\/mg-hs-2-bundel-teile-nr-g1721b\/"]}]},{"@type":"ImageObject","inLanguage":"de","@id":"https:\/\/www.guardsmandogguards.co.uk\/de\/produkt\/mg-hs-2-bundel-teile-nr-g1721b\/#primaryimage","url":"https:\/\/www.guardsmandogguards.co.uk\/wp-content\/uploads\/2024\/11\/g1721b-fitted-centrally.jpg","contentUrl":"https:\/\/www.guardsmandogguards.co.uk\/wp-content\/uploads\/2024\/11\/g1721b-fitted-centrally.jpg","width":886,"height":581},{"@type":"BreadcrumbList","@id":"https:\/\/www.guardsmandogguards.co.uk\/de\/produkt\/mg-hs-2-bundel-teile-nr-g1721b\/#breadcrumb","itemListElement":[{"@type":"ListItem","position":1,"name":"Home","item":"https:\/\/www.guardsmandogguards.co.uk\/de\/"},{"@type":"ListItem","position":2,"name":"Products","item":"https:\/\/www.guardsmandogguards.co.uk\/shop\/"},{"@type":"ListItem","position":3,"name":"MG HS #2 (2025 bis jetzt) B\u00dcNDEL (Teile Nr.G1721B*)"}]},{"@type":"WebSite","@id":"https:\/\/www.guardsmandogguards.co.uk\/#website","url":"https:\/\/www.guardsmandogguards.co.uk\/","name":"Guardsman Dog Guards","description":"A full range of Dog Guards and Boot Dividers for all Car Brands and Models","publisher":{"@id":"https:\/\/www.guardsmandogguards.co.uk\/#organization"},"potentialAction":[{"@type":"SearchAction","target":{"@type":"EntryPoint","urlTemplate":"https:\/\/www.guardsmandogguards.co.uk\/?s={search_term_string}"},"query-input":{"@type":"PropertyValueSpecification","valueRequired":true,"valueName":"search_term_string"}}],"inLanguage":"de"},{"@type":"Organization","@id":"https:\/\/www.guardsmandogguards.co.uk\/#organization","name":"Guardsman Dog Guards","url":"https:\/\/www.guardsmandogguards.co.uk\/","logo":{"@type":"ImageObject","inLanguage":"de","@id":"https:\/\/www.guardsmandogguards.co.uk\/#\/schema\/logo\/image\/","url":"https:\/\/www.guardsmandogguards.co.uk\/wp-content\/uploads\/2017\/08\/guardsman.jpg","contentUrl":"https:\/\/www.guardsmandogguards.co.uk\/wp-content\/uploads\/2017\/08\/guardsman.jpg","width":235,"height":235,"caption":"Guardsman Dog Guards"},"image":{"@id":"https:\/\/www.guardsmandogguards.co.uk\/#\/schema\/logo\/image\/"},"sameAs":["https:\/\/www.facebook.com\/AthagGuardsman","https:\/\/x.com\/AthagGuardsman","https:\/\/www.linkedin.com\/in\/athag-guardsman-44a5699a\/"]}]}},"_links":{"self":[{"href":"https:\/\/www.guardsmandogguards.co.uk\/de\/wp-json\/wp\/v2\/product\/67762","targetHints":{"allow":["GET"]}}],"collection":[{"href":"https:\/\/www.guardsmandogguards.co.uk\/de\/wp-json\/wp\/v2\/product"}],"about":[{"href":"https:\/\/www.guardsmandogguards.co.uk\/de\/wp-json\/wp\/v2\/types\/product"}],"wp:featuredmedia":[{"embeddable":true,"href":"https:\/\/www.guardsmandogguards.co.uk\/de\/wp-json\/wp\/v2\/media\/68660"}],"wp:attachment":[{"href":"https:\/\/www.guardsmandogguards.co.uk\/de\/wp-json\/wp\/v2\/media?parent=67762"}],"wp:term":[{"taxonomy":"product_brand","embeddable":true,"href":"https:\/\/www.guardsmandogguards.co.uk\/de\/wp-json\/wp\/v2\/product_brand?post=67762"},{"taxonomy":"product_cat","embeddable":true,"href":"https:\/\/www.guardsmandogguards.co.uk\/de\/wp-json\/wp\/v2\/product_cat?post=67762"},{"taxonomy":"product_tag","embeddable":true,"href":"https:\/\/www.guardsmandogguards.co.uk\/de\/wp-json\/wp\/v2\/product_tag?post=67762"}],"curies":[{"name":"wp","href":"https:\/\/api.w.org\/{rel}","templated":true}]}}