{"id":50635,"date":"2023-03-31T10:06:08","date_gmt":"2023-03-31T09:06:09","guid":{"rendered":"https:\/\/www.guardsmandogguards.co.uk\/?post_type=product&#038;p=50635"},"modified":"2025-01-05T14:55:44","modified_gmt":"2025-01-05T14:55:44","slug":"volkswagen-id-5-bundle-teile-nr-g1647b","status":"publish","type":"product","link":"https:\/\/www.guardsmandogguards.co.uk\/de\/produkt\/volkswagen-id-5-bundle-teile-nr-g1647b\/","title":{"rendered":"VOLKSWAGEN ID.7 Tourer SET (Teile Nr. G1713B*)"},"content":{"rendered":"<p>Unser\u00a0 VW ID.7 Tourer (ab. 2024) Hundegitter und Kofferraumteiler B\u00fcndel umfasst ein fahrzeugspezifisches Hundegitter, das eine sichere Barriere zwischen dem Kofferraum und dem Fahrgastraum bietet, sowie einen variablen Gep\u00e4ckraumteiler, der einem erlaubt,den Laderaum in 2 aufzuteilen.<\/p>\n<p><strong>Es gibt 2 H\u00f6henstufen der Laderaum kann je nach Fahrzeugspezifikation sein!<\/strong><\/p>\n<p>Wir m\u00fcssen den Kofferraumteiler auf die richtige H\u00f6he f\u00fcr Ihr Auto einstellen, also brauchen wir hier Ihre Hilfe.<\/p>\n<p>Schauen Sie sich diesen Youtube Clip an, der zeigt, wie Sie Ihre Stiefelh\u00f6he richtig messen<\/p>\n<p><a href=\"https:\/\/www.youtube.com\/watch?v=N55z-8rOCfo\" target=\"_blank\" rel=\"noopener\">So messen Sie Ihren Guardsman-Kofferraumteiler<\/a><\/p>\n<p>Auf diese Weise k\u00f6nnen wir Ihren Kofferraumteiler in der richtigen Gr\u00f6\u00dfe herstellen.<\/p>\n<p><b>Bitte stellen Sie sicher, dass Sie die Ma\u00dfe in das Online-Bestellformular eingeben, wenn Sie es absenden.<\/b><\/p>\n<ul>\n<li>Ideal zum Trennen von Hunden aus dem Fahrgastraum.<\/li>\n<li>Einfache Installation ohne erforderliche Fahrzeugmodifikation.<\/li>\n<li>Lieferung mit allen Befestigungen und Montageanleitungen.<\/li>\n<li>Starker Stahlrahmen mit 19 mm Durchmesser und 50 mm Stahlgitter.<\/li>\n<li>Schwarz nach internationalen Automobilstandards pulverbeschichtet.<\/li>\n<li>Hergestellt nach den gleichen Spezifikationen wie die Produkte, die wir an die Autofirmen liefern.<\/li>\n<li>In Gro\u00dfbritannien entwickelt und hergestellt -nach dem weltweit anerkannten Qualit\u00e4tsstandard ISO: 9001<\/li>\n<\/ul>\n","protected":false},"excerpt":{"rendered":"<p>Unser\u00a0 VW ID.7 Tourer (ab. 2024) Hundegitter und Kofferraumteiler B\u00fcndel umfasst ein fahrzeugspezifisches Hundegitter, das eine sichere Barriere zwischen dem Kofferraum und dem Fahrgastraum bietet, sowie einen variablen Gep\u00e4ckraumteiler, der einem erlaubt,den Laderaum in 2 aufzuteilen. Es gibt 2 H\u00f6henstufen [&hellip;]<\/p>\n","protected":false},"featured_media":68287,"template":"","meta":[],"product_brand":[],"product_cat":[1149],"product_tag":[],"class_list":{"0":"post-50635","1":"product","2":"type-product","3":"status-publish","4":"has-post-thumbnail","6":"product_cat-vw-id-7-tourer","7":"product_shipping_class-bundle-de","9":"first","10":"instock","11":"taxable","12":"shipping-taxable","13":"purchasable","14":"product-type-simple"},"yoast_head":"<!-- This site is optimized with the Yoast SEO plugin v26.0 - https:\/\/yoast.com\/wordpress\/plugins\/seo\/ -->\n<title>VW ID.7 Tourer Hundegitter und Trenngitter - Guardsman<\/title>\n<meta name=\"description\" content=\"Auf der Suche nach einem VW ID.7 Tourer Hundegitter und Trenngitter? Dieses Guardsman Hundegitter bietet eine starke, sichere Barriere f\u00fcr Hund und Passagiere\" \/>\n<meta name=\"robots\" content=\"index, follow, max-snippet:-1, max-image-preview:large, max-video-preview:-1\" \/>\n<link rel=\"canonical\" href=\"https:\/\/www.guardsmandogguards.co.uk\/de\/produkt\/volkswagen-id-5-bundle-teile-nr-g1647b\/\" \/>\n<meta property=\"og:locale\" content=\"de_DE\" \/>\n<meta property=\"og:type\" content=\"article\" \/>\n<meta property=\"og:title\" content=\"VW ID.7 Tourer Hundegitter und Trenngitter - Guardsman\" \/>\n<meta property=\"og:description\" content=\"Auf der Suche nach einem VW ID.7 Tourer Hundegitter und Trenngitter? Dieses Guardsman Hundegitter bietet eine starke, sichere Barriere f\u00fcr Hund und Passagiere\" \/>\n<meta property=\"og:url\" content=\"https:\/\/www.guardsmandogguards.co.uk\/de\/produkt\/volkswagen-id-5-bundle-teile-nr-g1647b\/\" \/>\n<meta property=\"og:site_name\" content=\"Guardsman Dog Guards\" \/>\n<meta property=\"article:publisher\" content=\"https:\/\/www.facebook.com\/AthagGuardsman\" \/>\n<meta property=\"article:modified_time\" content=\"2025-01-05T14:55:44+00:00\" \/>\n<meta property=\"og:image\" content=\"https:\/\/www.guardsmandogguards.co.uk\/wp-content\/uploads\/2023\/03\/G1713B-upper-floor-level-1.jpg\" \/>\n\t<meta property=\"og:image:width\" content=\"886\" \/>\n\t<meta property=\"og:image:height\" content=\"591\" \/>\n\t<meta property=\"og:image:type\" content=\"image\/jpeg\" \/>\n<meta name=\"twitter:card\" content=\"summary_large_image\" \/>\n<meta name=\"twitter:site\" content=\"@AthagGuardsman\" \/>\n<meta name=\"twitter:label1\" content=\"Gesch\u00e4tzte Lesezeit\" \/>\n\t<meta name=\"twitter:data1\" content=\"1\u00a0Minute\" \/>\n<script type=\"application\/ld+json\" class=\"yoast-schema-graph\">{\"@context\":\"https:\/\/schema.org\",\"@graph\":[{\"@type\":\"WebPage\",\"@id\":\"https:\/\/www.guardsmandogguards.co.uk\/de\/produkt\/volkswagen-id-5-bundle-teile-nr-g1647b\/\",\"url\":\"https:\/\/www.guardsmandogguards.co.uk\/de\/produkt\/volkswagen-id-5-bundle-teile-nr-g1647b\/\",\"name\":\"VW ID.7 Tourer Hundegitter und Trenngitter - Guardsman\",\"isPartOf\":{\"@id\":\"https:\/\/www.guardsmandogguards.co.uk\/#website\"},\"primaryImageOfPage\":{\"@id\":\"https:\/\/www.guardsmandogguards.co.uk\/de\/produkt\/volkswagen-id-5-bundle-teile-nr-g1647b\/#primaryimage\"},\"image\":{\"@id\":\"https:\/\/www.guardsmandogguards.co.uk\/de\/produkt\/volkswagen-id-5-bundle-teile-nr-g1647b\/#primaryimage\"},\"thumbnailUrl\":\"https:\/\/www.guardsmandogguards.co.uk\/wp-content\/uploads\/2023\/03\/G1713B-upper-floor-level-1.jpg\",\"datePublished\":\"2023-03-31T09:06:09+00:00\",\"dateModified\":\"2025-01-05T14:55:44+00:00\",\"description\":\"Auf der Suche nach einem VW ID.7 Tourer Hundegitter und Trenngitter? Dieses Guardsman Hundegitter bietet eine starke, sichere Barriere f\u00fcr Hund und Passagiere\",\"breadcrumb\":{\"@id\":\"https:\/\/www.guardsmandogguards.co.uk\/de\/produkt\/volkswagen-id-5-bundle-teile-nr-g1647b\/#breadcrumb\"},\"inLanguage\":\"de\",\"potentialAction\":[{\"@type\":\"ReadAction\",\"target\":[\"https:\/\/www.guardsmandogguards.co.uk\/de\/produkt\/volkswagen-id-5-bundle-teile-nr-g1647b\/\"]}]},{\"@type\":\"ImageObject\",\"inLanguage\":\"de\",\"@id\":\"https:\/\/www.guardsmandogguards.co.uk\/de\/produkt\/volkswagen-id-5-bundle-teile-nr-g1647b\/#primaryimage\",\"url\":\"https:\/\/www.guardsmandogguards.co.uk\/wp-content\/uploads\/2023\/03\/G1713B-upper-floor-level-1.jpg\",\"contentUrl\":\"https:\/\/www.guardsmandogguards.co.uk\/wp-content\/uploads\/2023\/03\/G1713B-upper-floor-level-1.jpg\",\"width\":886,\"height\":591},{\"@type\":\"BreadcrumbList\",\"@id\":\"https:\/\/www.guardsmandogguards.co.uk\/de\/produkt\/volkswagen-id-5-bundle-teile-nr-g1647b\/#breadcrumb\",\"itemListElement\":[{\"@type\":\"ListItem\",\"position\":1,\"name\":\"Home\",\"item\":\"https:\/\/www.guardsmandogguards.co.uk\/de\/\"},{\"@type\":\"ListItem\",\"position\":2,\"name\":\"Products\",\"item\":\"https:\/\/www.guardsmandogguards.co.uk\/shop\/\"},{\"@type\":\"ListItem\",\"position\":3,\"name\":\"VOLKSWAGEN ID.7 Tourer SET (Teile Nr. G1713B*)\"}]},{\"@type\":\"WebSite\",\"@id\":\"https:\/\/www.guardsmandogguards.co.uk\/#website\",\"url\":\"https:\/\/www.guardsmandogguards.co.uk\/\",\"name\":\"Guardsman Dog Guards\",\"description\":\"A full range of Dog Guards and Boot Dividers for all Car Brands and Models\",\"publisher\":{\"@id\":\"https:\/\/www.guardsmandogguards.co.uk\/#organization\"},\"potentialAction\":[{\"@type\":\"SearchAction\",\"target\":{\"@type\":\"EntryPoint\",\"urlTemplate\":\"https:\/\/www.guardsmandogguards.co.uk\/?s={search_term_string}\"},\"query-input\":{\"@type\":\"PropertyValueSpecification\",\"valueRequired\":true,\"valueName\":\"search_term_string\"}}],\"inLanguage\":\"de\"},{\"@type\":\"Organization\",\"@id\":\"https:\/\/www.guardsmandogguards.co.uk\/#organization\",\"name\":\"Guardsman Dog Guards\",\"url\":\"https:\/\/www.guardsmandogguards.co.uk\/\",\"logo\":{\"@type\":\"ImageObject\",\"inLanguage\":\"de\",\"@id\":\"https:\/\/www.guardsmandogguards.co.uk\/#\/schema\/logo\/image\/\",\"url\":\"https:\/\/www.guardsmandogguards.co.uk\/wp-content\/uploads\/2017\/08\/guardsman.jpg\",\"contentUrl\":\"https:\/\/www.guardsmandogguards.co.uk\/wp-content\/uploads\/2017\/08\/guardsman.jpg\",\"width\":235,\"height\":235,\"caption\":\"Guardsman Dog Guards\"},\"image\":{\"@id\":\"https:\/\/www.guardsmandogguards.co.uk\/#\/schema\/logo\/image\/\"},\"sameAs\":[\"https:\/\/www.facebook.com\/AthagGuardsman\",\"https:\/\/x.com\/AthagGuardsman\",\"https:\/\/www.linkedin.com\/in\/athag-guardsman-44a5699a\/\"]}]}<\/script>\n<!-- \/ Yoast SEO plugin. -->","yoast_head_json":{"title":"VW ID.7 Tourer Hundegitter und Trenngitter - Guardsman","description":"Auf der Suche nach einem VW ID.7 Tourer Hundegitter und Trenngitter? Dieses Guardsman Hundegitter bietet eine starke, sichere Barriere f\u00fcr Hund und Passagiere","robots":{"index":"index","follow":"follow","max-snippet":"max-snippet:-1","max-image-preview":"max-image-preview:large","max-video-preview":"max-video-preview:-1"},"canonical":"https:\/\/www.guardsmandogguards.co.uk\/de\/produkt\/volkswagen-id-5-bundle-teile-nr-g1647b\/","og_locale":"de_DE","og_type":"article","og_title":"VW ID.7 Tourer Hundegitter und Trenngitter - Guardsman","og_description":"Auf der Suche nach einem VW ID.7 Tourer Hundegitter und Trenngitter? Dieses Guardsman Hundegitter bietet eine starke, sichere Barriere f\u00fcr Hund und Passagiere","og_url":"https:\/\/www.guardsmandogguards.co.uk\/de\/produkt\/volkswagen-id-5-bundle-teile-nr-g1647b\/","og_site_name":"Guardsman Dog Guards","article_publisher":"https:\/\/www.facebook.com\/AthagGuardsman","article_modified_time":"2025-01-05T14:55:44+00:00","og_image":[{"width":886,"height":591,"url":"https:\/\/www.guardsmandogguards.co.uk\/wp-content\/uploads\/2023\/03\/G1713B-upper-floor-level-1.jpg","type":"image\/jpeg"}],"twitter_card":"summary_large_image","twitter_site":"@AthagGuardsman","twitter_misc":{"Gesch\u00e4tzte Lesezeit":"1\u00a0Minute"},"schema":{"@context":"https:\/\/schema.org","@graph":[{"@type":"WebPage","@id":"https:\/\/www.guardsmandogguards.co.uk\/de\/produkt\/volkswagen-id-5-bundle-teile-nr-g1647b\/","url":"https:\/\/www.guardsmandogguards.co.uk\/de\/produkt\/volkswagen-id-5-bundle-teile-nr-g1647b\/","name":"VW ID.7 Tourer Hundegitter und Trenngitter - Guardsman","isPartOf":{"@id":"https:\/\/www.guardsmandogguards.co.uk\/#website"},"primaryImageOfPage":{"@id":"https:\/\/www.guardsmandogguards.co.uk\/de\/produkt\/volkswagen-id-5-bundle-teile-nr-g1647b\/#primaryimage"},"image":{"@id":"https:\/\/www.guardsmandogguards.co.uk\/de\/produkt\/volkswagen-id-5-bundle-teile-nr-g1647b\/#primaryimage"},"thumbnailUrl":"https:\/\/www.guardsmandogguards.co.uk\/wp-content\/uploads\/2023\/03\/G1713B-upper-floor-level-1.jpg","datePublished":"2023-03-31T09:06:09+00:00","dateModified":"2025-01-05T14:55:44+00:00","description":"Auf der Suche nach einem VW ID.7 Tourer Hundegitter und Trenngitter? Dieses Guardsman Hundegitter bietet eine starke, sichere Barriere f\u00fcr Hund und Passagiere","breadcrumb":{"@id":"https:\/\/www.guardsmandogguards.co.uk\/de\/produkt\/volkswagen-id-5-bundle-teile-nr-g1647b\/#breadcrumb"},"inLanguage":"de","potentialAction":[{"@type":"ReadAction","target":["https:\/\/www.guardsmandogguards.co.uk\/de\/produkt\/volkswagen-id-5-bundle-teile-nr-g1647b\/"]}]},{"@type":"ImageObject","inLanguage":"de","@id":"https:\/\/www.guardsmandogguards.co.uk\/de\/produkt\/volkswagen-id-5-bundle-teile-nr-g1647b\/#primaryimage","url":"https:\/\/www.guardsmandogguards.co.uk\/wp-content\/uploads\/2023\/03\/G1713B-upper-floor-level-1.jpg","contentUrl":"https:\/\/www.guardsmandogguards.co.uk\/wp-content\/uploads\/2023\/03\/G1713B-upper-floor-level-1.jpg","width":886,"height":591},{"@type":"BreadcrumbList","@id":"https:\/\/www.guardsmandogguards.co.uk\/de\/produkt\/volkswagen-id-5-bundle-teile-nr-g1647b\/#breadcrumb","itemListElement":[{"@type":"ListItem","position":1,"name":"Home","item":"https:\/\/www.guardsmandogguards.co.uk\/de\/"},{"@type":"ListItem","position":2,"name":"Products","item":"https:\/\/www.guardsmandogguards.co.uk\/shop\/"},{"@type":"ListItem","position":3,"name":"VOLKSWAGEN ID.7 Tourer SET (Teile Nr. G1713B*)"}]},{"@type":"WebSite","@id":"https:\/\/www.guardsmandogguards.co.uk\/#website","url":"https:\/\/www.guardsmandogguards.co.uk\/","name":"Guardsman Dog Guards","description":"A full range of Dog Guards and Boot Dividers for all Car Brands and Models","publisher":{"@id":"https:\/\/www.guardsmandogguards.co.uk\/#organization"},"potentialAction":[{"@type":"SearchAction","target":{"@type":"EntryPoint","urlTemplate":"https:\/\/www.guardsmandogguards.co.uk\/?s={search_term_string}"},"query-input":{"@type":"PropertyValueSpecification","valueRequired":true,"valueName":"search_term_string"}}],"inLanguage":"de"},{"@type":"Organization","@id":"https:\/\/www.guardsmandogguards.co.uk\/#organization","name":"Guardsman Dog Guards","url":"https:\/\/www.guardsmandogguards.co.uk\/","logo":{"@type":"ImageObject","inLanguage":"de","@id":"https:\/\/www.guardsmandogguards.co.uk\/#\/schema\/logo\/image\/","url":"https:\/\/www.guardsmandogguards.co.uk\/wp-content\/uploads\/2017\/08\/guardsman.jpg","contentUrl":"https:\/\/www.guardsmandogguards.co.uk\/wp-content\/uploads\/2017\/08\/guardsman.jpg","width":235,"height":235,"caption":"Guardsman Dog Guards"},"image":{"@id":"https:\/\/www.guardsmandogguards.co.uk\/#\/schema\/logo\/image\/"},"sameAs":["https:\/\/www.facebook.com\/AthagGuardsman","https:\/\/x.com\/AthagGuardsman","https:\/\/www.linkedin.com\/in\/athag-guardsman-44a5699a\/"]}]}},"_links":{"self":[{"href":"https:\/\/www.guardsmandogguards.co.uk\/de\/wp-json\/wp\/v2\/product\/50635","targetHints":{"allow":["GET"]}}],"collection":[{"href":"https:\/\/www.guardsmandogguards.co.uk\/de\/wp-json\/wp\/v2\/product"}],"about":[{"href":"https:\/\/www.guardsmandogguards.co.uk\/de\/wp-json\/wp\/v2\/types\/product"}],"wp:featuredmedia":[{"embeddable":true,"href":"https:\/\/www.guardsmandogguards.co.uk\/de\/wp-json\/wp\/v2\/media\/68287"}],"wp:attachment":[{"href":"https:\/\/www.guardsmandogguards.co.uk\/de\/wp-json\/wp\/v2\/media?parent=50635"}],"wp:term":[{"taxonomy":"product_brand","embeddable":true,"href":"https:\/\/www.guardsmandogguards.co.uk\/de\/wp-json\/wp\/v2\/product_brand?post=50635"},{"taxonomy":"product_cat","embeddable":true,"href":"https:\/\/www.guardsmandogguards.co.uk\/de\/wp-json\/wp\/v2\/product_cat?post=50635"},{"taxonomy":"product_tag","embeddable":true,"href":"https:\/\/www.guardsmandogguards.co.uk\/de\/wp-json\/wp\/v2\/product_tag?post=50635"}],"curies":[{"name":"wp","href":"https:\/\/api.w.org\/{rel}","templated":true}]}}