{"id":49661,"date":"2023-02-28T14:51:30","date_gmt":"2023-02-28T14:51:31","guid":{"rendered":"https:\/\/www.guardsmandogguards.co.uk\/?post_type=product&#038;p=49661"},"modified":"2026-03-04T11:27:08","modified_gmt":"2026-03-04T11:27:08","slug":"bmw-x1-3-ix1-2022-bis-jetzt-hundegitter-g1643","status":"publish","type":"product","link":"https:\/\/www.guardsmandogguards.co.uk\/de\/produkt\/bmw-x1-3-ix1-2022-bis-jetzt-hundegitter-g1643\/","title":{"rendered":"BMW X1 #3 \/ iX1\u00a0(2022 bis jetzt) Hundegitter und verstellbarer Kofferraumteiler (G1643B)"},"content":{"rendered":"<p>Unser GUARDSMAN Hundeschutzgitter und variable Kofferraumtrennwand f\u00fcr BMW X1 und iX1 ist ein fahrzeugspezifisches Zubeh\u00f6rteil, das eine stabile und sichere Barriere zwischen Kofferraum und Fahrgastraum bildet.<\/p>\n<p><strong>Bitte beachten Sie, dass dieses Hundegitter erfordert, dass die R\u00fccksitzlehnen in einer bestimmten Position eingestellt werden, damit es richtig passt. Dies ist vollst\u00e4ndig nach hinten geschoben und zur\u00fcckgelehnt. Das ist unserer Meinung nach nicht nur die bequemste Sitzposition, sondern schlie\u00dft auch alle L\u00fccken. Bitte klicken Sie f\u00fcr weitere Informationen auf \u201eSiehe Montageanleitung\u201c.<\/strong><\/p>\n<p>Wenn Ihr Kofferraumboden auf eine andere H\u00f6he als auf den Fotos eingestellt ist, teilen Sie uns dies bitte bei Ihrer Bestellung mit. Wir werden uns dann mit Ihnen in Verbindung setzen, um sicherzustellen, dass Sie das richtige Teil erhalten.<\/p>\n<ul>\n<li style=\"font-weight: 400;\"><span style=\"font-weight: 400;\"> Ideal zum Trennen von Hunden aus dem Fahrgastraum.<\/span><\/li>\n<li style=\"font-weight: 400;\"><span style=\"font-weight: 400;\"> Einfache Installation ohne erforderliche Fahrzeugmodifikation.<\/span><\/li>\n<li style=\"font-weight: 400;\"><span style=\"font-weight: 400;\"> Lieferung mit allen Befestigungen und Montageanleitungen.<\/span><\/li>\n<li style=\"font-weight: 400;\"><span style=\"font-weight: 400;\">Starker Stahlrahmen mit 19 mm Durchmesser und 50 mm Stahlgitter.<\/span><\/li>\n<li style=\"font-weight: 400;\"><span style=\"font-weight: 400;\">Schwarz nach internationalen Automobilstandards pulverbeschichtet.<\/span><\/li>\n<li style=\"font-weight: 400;\"><span style=\"font-weight: 400;\">Hergestellt nach den gleichen Spezifikationen wie die Produkte, die wir an die Autofirmen liefern.<\/span><\/li>\n<li style=\"font-weight: 400;\">Entworfen und hergestellt in Gro\u00dfbritannien von einem Unternehmen, das mit dem weltweit anerkannten Qualit\u00e4tsstandard ISO:9001 akkreditiert ist<\/li>\n<\/ul>\n","protected":false},"excerpt":{"rendered":"<p>Unser GUARDSMAN Hundeschutzgitter und variable Kofferraumtrennwand f\u00fcr BMW X1 und iX1 ist ein fahrzeugspezifisches Zubeh\u00f6rteil, das eine stabile und sichere Barriere zwischen Kofferraum und Fahrgastraum bildet. Bitte beachten Sie, dass dieses Hundegitter erfordert, dass die R\u00fccksitzlehnen in einer bestimmten Position [&hellip;]<\/p>\n","protected":false},"featured_media":49666,"template":"","meta":[],"product_brand":[],"product_cat":[1008],"product_tag":[],"class_list":{"0":"post-49661","1":"product","2":"type-product","3":"status-publish","4":"has-post-thumbnail","6":"product_cat-bmw-x1-ix1-u11-2022-bis-jetzt","7":"product_shipping_class-bundle-de","9":"first","10":"instock","11":"taxable","12":"shipping-taxable","13":"purchasable","14":"product-type-simple"},"yoast_head":"<!-- This site is optimized with the Yoast SEO plugin v26.0 - https:\/\/yoast.com\/wordpress\/plugins\/seo\/ -->\n<title>BMW X1 \/ iX1\u00a0HundeGitter - Guardsman<\/title>\n<meta name=\"description\" content=\"Auf der Suche nach einem BMW X1 \/ iX1\u00a0Hundegitter und Trenngitter? Dieses Guardsman Hundegitter bietet eine starke, sichere Barriere f\u00fcr Hund und Passagiere\" \/>\n<meta name=\"robots\" content=\"index, follow, max-snippet:-1, max-image-preview:large, max-video-preview:-1\" \/>\n<link rel=\"canonical\" href=\"https:\/\/www.guardsmandogguards.co.uk\/de\/produkt\/bmw-x1-3-ix1-2022-bis-jetzt-hundegitter-g1643\/\" \/>\n<meta property=\"og:locale\" content=\"de_DE\" \/>\n<meta property=\"og:type\" content=\"article\" \/>\n<meta property=\"og:title\" content=\"BMW X1 \/ iX1\u00a0HundeGitter - Guardsman\" \/>\n<meta property=\"og:description\" content=\"Auf der Suche nach einem BMW X1 \/ iX1\u00a0Hundegitter und Trenngitter? Dieses Guardsman Hundegitter bietet eine starke, sichere Barriere f\u00fcr Hund und Passagiere\" \/>\n<meta property=\"og:url\" content=\"https:\/\/www.guardsmandogguards.co.uk\/de\/produkt\/bmw-x1-3-ix1-2022-bis-jetzt-hundegitter-g1643\/\" \/>\n<meta property=\"og:site_name\" content=\"Guardsman Dog Guards\" \/>\n<meta property=\"article:publisher\" content=\"https:\/\/www.facebook.com\/AthagGuardsman\" \/>\n<meta property=\"article:modified_time\" content=\"2026-03-04T11:27:08+00:00\" \/>\n<meta property=\"og:image\" content=\"https:\/\/www.guardsmandogguards.co.uk\/wp-content\/uploads\/2023\/02\/G1643B.jpg\" \/>\n\t<meta property=\"og:image:width\" content=\"886\" \/>\n\t<meta property=\"og:image:height\" content=\"591\" \/>\n\t<meta property=\"og:image:type\" content=\"image\/jpeg\" \/>\n<meta name=\"twitter:card\" content=\"summary_large_image\" \/>\n<meta name=\"twitter:site\" content=\"@AthagGuardsman\" \/>\n<meta name=\"twitter:label1\" content=\"Gesch\u00e4tzte Lesezeit\" \/>\n\t<meta name=\"twitter:data1\" content=\"1\u00a0Minute\" \/>\n<script type=\"application\/ld+json\" class=\"yoast-schema-graph\">{\"@context\":\"https:\/\/schema.org\",\"@graph\":[{\"@type\":\"WebPage\",\"@id\":\"https:\/\/www.guardsmandogguards.co.uk\/de\/produkt\/bmw-x1-3-ix1-2022-bis-jetzt-hundegitter-g1643\/\",\"url\":\"https:\/\/www.guardsmandogguards.co.uk\/de\/produkt\/bmw-x1-3-ix1-2022-bis-jetzt-hundegitter-g1643\/\",\"name\":\"BMW X1 \/ iX1\u00a0HundeGitter - Guardsman\",\"isPartOf\":{\"@id\":\"https:\/\/www.guardsmandogguards.co.uk\/#website\"},\"primaryImageOfPage\":{\"@id\":\"https:\/\/www.guardsmandogguards.co.uk\/de\/produkt\/bmw-x1-3-ix1-2022-bis-jetzt-hundegitter-g1643\/#primaryimage\"},\"image\":{\"@id\":\"https:\/\/www.guardsmandogguards.co.uk\/de\/produkt\/bmw-x1-3-ix1-2022-bis-jetzt-hundegitter-g1643\/#primaryimage\"},\"thumbnailUrl\":\"https:\/\/www.guardsmandogguards.co.uk\/wp-content\/uploads\/2023\/02\/G1643B.jpg\",\"datePublished\":\"2023-02-28T14:51:31+00:00\",\"dateModified\":\"2026-03-04T11:27:08+00:00\",\"description\":\"Auf der Suche nach einem BMW X1 \/ iX1\u00a0Hundegitter und Trenngitter? Dieses Guardsman Hundegitter bietet eine starke, sichere Barriere f\u00fcr Hund und Passagiere\",\"breadcrumb\":{\"@id\":\"https:\/\/www.guardsmandogguards.co.uk\/de\/produkt\/bmw-x1-3-ix1-2022-bis-jetzt-hundegitter-g1643\/#breadcrumb\"},\"inLanguage\":\"de\",\"potentialAction\":[{\"@type\":\"ReadAction\",\"target\":[\"https:\/\/www.guardsmandogguards.co.uk\/de\/produkt\/bmw-x1-3-ix1-2022-bis-jetzt-hundegitter-g1643\/\"]}]},{\"@type\":\"ImageObject\",\"inLanguage\":\"de\",\"@id\":\"https:\/\/www.guardsmandogguards.co.uk\/de\/produkt\/bmw-x1-3-ix1-2022-bis-jetzt-hundegitter-g1643\/#primaryimage\",\"url\":\"https:\/\/www.guardsmandogguards.co.uk\/wp-content\/uploads\/2023\/02\/G1643B.jpg\",\"contentUrl\":\"https:\/\/www.guardsmandogguards.co.uk\/wp-content\/uploads\/2023\/02\/G1643B.jpg\",\"width\":886,\"height\":591},{\"@type\":\"BreadcrumbList\",\"@id\":\"https:\/\/www.guardsmandogguards.co.uk\/de\/produkt\/bmw-x1-3-ix1-2022-bis-jetzt-hundegitter-g1643\/#breadcrumb\",\"itemListElement\":[{\"@type\":\"ListItem\",\"position\":1,\"name\":\"Home\",\"item\":\"https:\/\/www.guardsmandogguards.co.uk\/de\/\"},{\"@type\":\"ListItem\",\"position\":2,\"name\":\"Products\",\"item\":\"https:\/\/www.guardsmandogguards.co.uk\/shop\/\"},{\"@type\":\"ListItem\",\"position\":3,\"name\":\"BMW X1 #3 \/ iX1\u00a0(2022 bis jetzt) Hundegitter und verstellbarer Kofferraumteiler (G1643B)\"}]},{\"@type\":\"WebSite\",\"@id\":\"https:\/\/www.guardsmandogguards.co.uk\/#website\",\"url\":\"https:\/\/www.guardsmandogguards.co.uk\/\",\"name\":\"Guardsman Dog Guards\",\"description\":\"A full range of Dog Guards and Boot Dividers for all Car Brands and Models\",\"publisher\":{\"@id\":\"https:\/\/www.guardsmandogguards.co.uk\/#organization\"},\"potentialAction\":[{\"@type\":\"SearchAction\",\"target\":{\"@type\":\"EntryPoint\",\"urlTemplate\":\"https:\/\/www.guardsmandogguards.co.uk\/?s={search_term_string}\"},\"query-input\":{\"@type\":\"PropertyValueSpecification\",\"valueRequired\":true,\"valueName\":\"search_term_string\"}}],\"inLanguage\":\"de\"},{\"@type\":\"Organization\",\"@id\":\"https:\/\/www.guardsmandogguards.co.uk\/#organization\",\"name\":\"Guardsman Dog Guards\",\"url\":\"https:\/\/www.guardsmandogguards.co.uk\/\",\"logo\":{\"@type\":\"ImageObject\",\"inLanguage\":\"de\",\"@id\":\"https:\/\/www.guardsmandogguards.co.uk\/#\/schema\/logo\/image\/\",\"url\":\"https:\/\/www.guardsmandogguards.co.uk\/wp-content\/uploads\/2017\/08\/guardsman.jpg\",\"contentUrl\":\"https:\/\/www.guardsmandogguards.co.uk\/wp-content\/uploads\/2017\/08\/guardsman.jpg\",\"width\":235,\"height\":235,\"caption\":\"Guardsman Dog Guards\"},\"image\":{\"@id\":\"https:\/\/www.guardsmandogguards.co.uk\/#\/schema\/logo\/image\/\"},\"sameAs\":[\"https:\/\/www.facebook.com\/AthagGuardsman\",\"https:\/\/x.com\/AthagGuardsman\",\"https:\/\/www.linkedin.com\/in\/athag-guardsman-44a5699a\/\"]}]}<\/script>\n<!-- \/ Yoast SEO plugin. -->","yoast_head_json":{"title":"BMW X1 \/ iX1\u00a0HundeGitter - Guardsman","description":"Auf der Suche nach einem BMW X1 \/ iX1\u00a0Hundegitter und Trenngitter? Dieses Guardsman Hundegitter bietet eine starke, sichere Barriere f\u00fcr Hund und Passagiere","robots":{"index":"index","follow":"follow","max-snippet":"max-snippet:-1","max-image-preview":"max-image-preview:large","max-video-preview":"max-video-preview:-1"},"canonical":"https:\/\/www.guardsmandogguards.co.uk\/de\/produkt\/bmw-x1-3-ix1-2022-bis-jetzt-hundegitter-g1643\/","og_locale":"de_DE","og_type":"article","og_title":"BMW X1 \/ iX1\u00a0HundeGitter - Guardsman","og_description":"Auf der Suche nach einem BMW X1 \/ iX1\u00a0Hundegitter und Trenngitter? Dieses Guardsman Hundegitter bietet eine starke, sichere Barriere f\u00fcr Hund und Passagiere","og_url":"https:\/\/www.guardsmandogguards.co.uk\/de\/produkt\/bmw-x1-3-ix1-2022-bis-jetzt-hundegitter-g1643\/","og_site_name":"Guardsman Dog Guards","article_publisher":"https:\/\/www.facebook.com\/AthagGuardsman","article_modified_time":"2026-03-04T11:27:08+00:00","og_image":[{"width":886,"height":591,"url":"https:\/\/www.guardsmandogguards.co.uk\/wp-content\/uploads\/2023\/02\/G1643B.jpg","type":"image\/jpeg"}],"twitter_card":"summary_large_image","twitter_site":"@AthagGuardsman","twitter_misc":{"Gesch\u00e4tzte Lesezeit":"1\u00a0Minute"},"schema":{"@context":"https:\/\/schema.org","@graph":[{"@type":"WebPage","@id":"https:\/\/www.guardsmandogguards.co.uk\/de\/produkt\/bmw-x1-3-ix1-2022-bis-jetzt-hundegitter-g1643\/","url":"https:\/\/www.guardsmandogguards.co.uk\/de\/produkt\/bmw-x1-3-ix1-2022-bis-jetzt-hundegitter-g1643\/","name":"BMW X1 \/ iX1\u00a0HundeGitter - Guardsman","isPartOf":{"@id":"https:\/\/www.guardsmandogguards.co.uk\/#website"},"primaryImageOfPage":{"@id":"https:\/\/www.guardsmandogguards.co.uk\/de\/produkt\/bmw-x1-3-ix1-2022-bis-jetzt-hundegitter-g1643\/#primaryimage"},"image":{"@id":"https:\/\/www.guardsmandogguards.co.uk\/de\/produkt\/bmw-x1-3-ix1-2022-bis-jetzt-hundegitter-g1643\/#primaryimage"},"thumbnailUrl":"https:\/\/www.guardsmandogguards.co.uk\/wp-content\/uploads\/2023\/02\/G1643B.jpg","datePublished":"2023-02-28T14:51:31+00:00","dateModified":"2026-03-04T11:27:08+00:00","description":"Auf der Suche nach einem BMW X1 \/ iX1\u00a0Hundegitter und Trenngitter? Dieses Guardsman Hundegitter bietet eine starke, sichere Barriere f\u00fcr Hund und Passagiere","breadcrumb":{"@id":"https:\/\/www.guardsmandogguards.co.uk\/de\/produkt\/bmw-x1-3-ix1-2022-bis-jetzt-hundegitter-g1643\/#breadcrumb"},"inLanguage":"de","potentialAction":[{"@type":"ReadAction","target":["https:\/\/www.guardsmandogguards.co.uk\/de\/produkt\/bmw-x1-3-ix1-2022-bis-jetzt-hundegitter-g1643\/"]}]},{"@type":"ImageObject","inLanguage":"de","@id":"https:\/\/www.guardsmandogguards.co.uk\/de\/produkt\/bmw-x1-3-ix1-2022-bis-jetzt-hundegitter-g1643\/#primaryimage","url":"https:\/\/www.guardsmandogguards.co.uk\/wp-content\/uploads\/2023\/02\/G1643B.jpg","contentUrl":"https:\/\/www.guardsmandogguards.co.uk\/wp-content\/uploads\/2023\/02\/G1643B.jpg","width":886,"height":591},{"@type":"BreadcrumbList","@id":"https:\/\/www.guardsmandogguards.co.uk\/de\/produkt\/bmw-x1-3-ix1-2022-bis-jetzt-hundegitter-g1643\/#breadcrumb","itemListElement":[{"@type":"ListItem","position":1,"name":"Home","item":"https:\/\/www.guardsmandogguards.co.uk\/de\/"},{"@type":"ListItem","position":2,"name":"Products","item":"https:\/\/www.guardsmandogguards.co.uk\/shop\/"},{"@type":"ListItem","position":3,"name":"BMW X1 #3 \/ iX1\u00a0(2022 bis jetzt) Hundegitter und verstellbarer Kofferraumteiler (G1643B)"}]},{"@type":"WebSite","@id":"https:\/\/www.guardsmandogguards.co.uk\/#website","url":"https:\/\/www.guardsmandogguards.co.uk\/","name":"Guardsman Dog Guards","description":"A full range of Dog Guards and Boot Dividers for all Car Brands and Models","publisher":{"@id":"https:\/\/www.guardsmandogguards.co.uk\/#organization"},"potentialAction":[{"@type":"SearchAction","target":{"@type":"EntryPoint","urlTemplate":"https:\/\/www.guardsmandogguards.co.uk\/?s={search_term_string}"},"query-input":{"@type":"PropertyValueSpecification","valueRequired":true,"valueName":"search_term_string"}}],"inLanguage":"de"},{"@type":"Organization","@id":"https:\/\/www.guardsmandogguards.co.uk\/#organization","name":"Guardsman Dog Guards","url":"https:\/\/www.guardsmandogguards.co.uk\/","logo":{"@type":"ImageObject","inLanguage":"de","@id":"https:\/\/www.guardsmandogguards.co.uk\/#\/schema\/logo\/image\/","url":"https:\/\/www.guardsmandogguards.co.uk\/wp-content\/uploads\/2017\/08\/guardsman.jpg","contentUrl":"https:\/\/www.guardsmandogguards.co.uk\/wp-content\/uploads\/2017\/08\/guardsman.jpg","width":235,"height":235,"caption":"Guardsman Dog Guards"},"image":{"@id":"https:\/\/www.guardsmandogguards.co.uk\/#\/schema\/logo\/image\/"},"sameAs":["https:\/\/www.facebook.com\/AthagGuardsman","https:\/\/x.com\/AthagGuardsman","https:\/\/www.linkedin.com\/in\/athag-guardsman-44a5699a\/"]}]}},"_links":{"self":[{"href":"https:\/\/www.guardsmandogguards.co.uk\/de\/wp-json\/wp\/v2\/product\/49661","targetHints":{"allow":["GET"]}}],"collection":[{"href":"https:\/\/www.guardsmandogguards.co.uk\/de\/wp-json\/wp\/v2\/product"}],"about":[{"href":"https:\/\/www.guardsmandogguards.co.uk\/de\/wp-json\/wp\/v2\/types\/product"}],"wp:featuredmedia":[{"embeddable":true,"href":"https:\/\/www.guardsmandogguards.co.uk\/de\/wp-json\/wp\/v2\/media\/49666"}],"wp:attachment":[{"href":"https:\/\/www.guardsmandogguards.co.uk\/de\/wp-json\/wp\/v2\/media?parent=49661"}],"wp:term":[{"taxonomy":"product_brand","embeddable":true,"href":"https:\/\/www.guardsmandogguards.co.uk\/de\/wp-json\/wp\/v2\/product_brand?post=49661"},{"taxonomy":"product_cat","embeddable":true,"href":"https:\/\/www.guardsmandogguards.co.uk\/de\/wp-json\/wp\/v2\/product_cat?post=49661"},{"taxonomy":"product_tag","embeddable":true,"href":"https:\/\/www.guardsmandogguards.co.uk\/de\/wp-json\/wp\/v2\/product_tag?post=49661"}],"curies":[{"name":"wp","href":"https:\/\/api.w.org\/{rel}","templated":true}]}}