{"id":45584,"date":"2022-09-08T12:49:00","date_gmt":"2022-09-08T11:49:00","guid":{"rendered":"https:\/\/www.guardsmandogguards.co.uk\/?post_type=product&#038;p=45584"},"modified":"2022-09-08T13:08:37","modified_gmt":"2022-09-08T12:08:37","slug":"opel-astra-5dr-hb-20122-hundegitter","status":"publish","type":"product","link":"https:\/\/www.guardsmandogguards.co.uk\/de\/produkt\/opel-astra-5dr-hb-20122-hundegitter\/","title":{"rendered":"OPEL ASTRA f\u00fcnf T\u00fcr  (ab 2022) HUNDEGITTER"},"content":{"rendered":"<p><span style=\"font-weight: 400;\">Ein GUARDSMAN Opel Astra f\u00fcnf T\u00fcr (ab 2022) ist ein fahrzeugspezifisches Zubeh\u00f6r, das eine starke, sichere Barriere zwischen dem Kofferraum und dem Fahrgastraum bietet.<\/span><\/p>\n<ul>\n<li style=\"font-weight: 400;\"><span style=\"font-weight: 400;\"> Ideal zum Trennen von Hunden aus dem Fahrgastraum.<\/span><\/li>\n<li style=\"font-weight: 400;\"><span style=\"font-weight: 400;\"> Einfache Installation ohne erforderliche Fahrzeugmodifikation.<\/span><\/li>\n<li style=\"font-weight: 400;\"><span style=\"font-weight: 400;\"> Lieferung mit allen Befestigungen und Montageanleitungen.<\/span><\/li>\n<li style=\"font-weight: 400;\"><span style=\"font-weight: 400;\">Starker Stahlrahmen mit 19 mm Durchmesser und 50 mm Stahlgitter.<\/span><\/li>\n<li style=\"font-weight: 400;\"><span style=\"font-weight: 400;\">Schwarz nach internationalen Automobilstandards pulverbeschichtet.<\/span><\/li>\n<li style=\"font-weight: 400;\"><span style=\"font-weight: 400;\">Hergestellt nach den gleichen Spezifikationen wie die Produkte, die wir an die Autofirmen liefern.<\/span><\/li>\n<li style=\"font-weight: 400;\"><span style=\"font-weight: 400;\"> In Gro\u00dfbritannien entwickelt und hergestellt -nach dem weltweit anerkannten Qualit\u00e4tsstandard ISO: 9001<\/span><\/li>\n<\/ul>\n","protected":false},"excerpt":{"rendered":"<p>Ein GUARDSMAN Opel Astra f\u00fcnf T\u00fcr (ab 2022) ist ein fahrzeugspezifisches Zubeh\u00f6r, das eine starke, sichere Barriere zwischen dem Kofferraum und dem Fahrgastraum bietet. Ideal zum Trennen von Hunden aus dem Fahrgastraum. Einfache Installation ohne erforderliche Fahrzeugmodifikation. Lieferung mit allen [&hellip;]<\/p>\n","protected":false},"featured_media":45588,"template":"","meta":[],"product_brand":[],"product_cat":[964],"product_tag":[],"class_list":{"0":"post-45584","1":"product","2":"type-product","3":"status-publish","4":"has-post-thumbnail","6":"product_cat-opel-astra-ab-2022","7":"product_shipping_class-hundegitter-de","9":"first","10":"instock","11":"taxable","12":"shipping-taxable","13":"purchasable","14":"product-type-simple"},"yoast_head":"<!-- This site is optimized with the Yoast SEO plugin v26.0 - https:\/\/yoast.com\/wordpress\/plugins\/seo\/ -->\n<title>Opel Astra f\u00fcnf T\u00fcr (ab 2022) Hundegitter - Guardsman<\/title>\n<meta name=\"description\" content=\"Auf der Suche nach einem Vauxhall Astra K 5DR HB (2016 Bis Jetzt Hundegitter &amp; Trenngitter? Dieses Guardsman Hundegitter bietet eine starke, sichere Barriere f\u00fcr Hund und Passagiere\" \/>\n<meta name=\"robots\" content=\"index, follow, max-snippet:-1, max-image-preview:large, max-video-preview:-1\" \/>\n<link rel=\"canonical\" href=\"https:\/\/www.guardsmandogguards.co.uk\/de\/produkt\/opel-astra-5dr-hb-20122-hundegitter\/\" \/>\n<meta property=\"og:locale\" content=\"de_DE\" \/>\n<meta property=\"og:type\" content=\"article\" \/>\n<meta property=\"og:title\" content=\"Opel Astra f\u00fcnf T\u00fcr (ab 2022) Hundegitter - Guardsman\" \/>\n<meta property=\"og:description\" content=\"Auf der Suche nach einem Vauxhall Astra K 5DR HB (2016 Bis Jetzt Hundegitter &amp; Trenngitter? Dieses Guardsman Hundegitter bietet eine starke, sichere Barriere f\u00fcr Hund und Passagiere\" \/>\n<meta property=\"og:url\" content=\"https:\/\/www.guardsmandogguards.co.uk\/de\/produkt\/opel-astra-5dr-hb-20122-hundegitter\/\" \/>\n<meta property=\"og:site_name\" content=\"Guardsman Dog Guards\" \/>\n<meta property=\"article:publisher\" content=\"https:\/\/www.facebook.com\/AthagGuardsman\" \/>\n<meta property=\"article:modified_time\" content=\"2022-09-08T12:08:37+00:00\" \/>\n<meta property=\"og:image\" content=\"https:\/\/www.guardsmandogguards.co.uk\/wp-content\/uploads\/2022\/09\/G1628-308HB-and-Astra-parcel-blind-removed.jpg\" \/>\n\t<meta property=\"og:image:width\" content=\"886\" \/>\n\t<meta property=\"og:image:height\" content=\"591\" \/>\n\t<meta property=\"og:image:type\" content=\"image\/jpeg\" \/>\n<meta name=\"twitter:card\" content=\"summary_large_image\" \/>\n<meta name=\"twitter:site\" content=\"@AthagGuardsman\" \/>\n<script type=\"application\/ld+json\" class=\"yoast-schema-graph\">{\"@context\":\"https:\/\/schema.org\",\"@graph\":[{\"@type\":\"WebPage\",\"@id\":\"https:\/\/www.guardsmandogguards.co.uk\/de\/produkt\/opel-astra-5dr-hb-20122-hundegitter\/\",\"url\":\"https:\/\/www.guardsmandogguards.co.uk\/de\/produkt\/opel-astra-5dr-hb-20122-hundegitter\/\",\"name\":\"Opel Astra f\u00fcnf T\u00fcr (ab 2022) Hundegitter - Guardsman\",\"isPartOf\":{\"@id\":\"https:\/\/www.guardsmandogguards.co.uk\/#website\"},\"primaryImageOfPage\":{\"@id\":\"https:\/\/www.guardsmandogguards.co.uk\/de\/produkt\/opel-astra-5dr-hb-20122-hundegitter\/#primaryimage\"},\"image\":{\"@id\":\"https:\/\/www.guardsmandogguards.co.uk\/de\/produkt\/opel-astra-5dr-hb-20122-hundegitter\/#primaryimage\"},\"thumbnailUrl\":\"https:\/\/www.guardsmandogguards.co.uk\/wp-content\/uploads\/2022\/09\/G1628-308HB-and-Astra-parcel-blind-removed.jpg\",\"datePublished\":\"2022-09-08T11:49:00+00:00\",\"dateModified\":\"2022-09-08T12:08:37+00:00\",\"description\":\"Auf der Suche nach einem Vauxhall Astra K 5DR HB (2016 Bis Jetzt Hundegitter & Trenngitter? Dieses Guardsman Hundegitter bietet eine starke, sichere Barriere f\u00fcr Hund und Passagiere\",\"breadcrumb\":{\"@id\":\"https:\/\/www.guardsmandogguards.co.uk\/de\/produkt\/opel-astra-5dr-hb-20122-hundegitter\/#breadcrumb\"},\"inLanguage\":\"de\",\"potentialAction\":[{\"@type\":\"ReadAction\",\"target\":[\"https:\/\/www.guardsmandogguards.co.uk\/de\/produkt\/opel-astra-5dr-hb-20122-hundegitter\/\"]}]},{\"@type\":\"ImageObject\",\"inLanguage\":\"de\",\"@id\":\"https:\/\/www.guardsmandogguards.co.uk\/de\/produkt\/opel-astra-5dr-hb-20122-hundegitter\/#primaryimage\",\"url\":\"https:\/\/www.guardsmandogguards.co.uk\/wp-content\/uploads\/2022\/09\/G1628-308HB-and-Astra-parcel-blind-removed.jpg\",\"contentUrl\":\"https:\/\/www.guardsmandogguards.co.uk\/wp-content\/uploads\/2022\/09\/G1628-308HB-and-Astra-parcel-blind-removed.jpg\",\"width\":886,\"height\":591},{\"@type\":\"BreadcrumbList\",\"@id\":\"https:\/\/www.guardsmandogguards.co.uk\/de\/produkt\/opel-astra-5dr-hb-20122-hundegitter\/#breadcrumb\",\"itemListElement\":[{\"@type\":\"ListItem\",\"position\":1,\"name\":\"Home\",\"item\":\"https:\/\/www.guardsmandogguards.co.uk\/de\/\"},{\"@type\":\"ListItem\",\"position\":2,\"name\":\"Products\",\"item\":\"https:\/\/www.guardsmandogguards.co.uk\/shop\/\"},{\"@type\":\"ListItem\",\"position\":3,\"name\":\"OPEL ASTRA f\u00fcnf T\u00fcr (ab 2022) HUNDEGITTER\"}]},{\"@type\":\"WebSite\",\"@id\":\"https:\/\/www.guardsmandogguards.co.uk\/#website\",\"url\":\"https:\/\/www.guardsmandogguards.co.uk\/\",\"name\":\"Guardsman Dog Guards\",\"description\":\"A full range of Dog Guards and Boot Dividers for all Car Brands and Models\",\"publisher\":{\"@id\":\"https:\/\/www.guardsmandogguards.co.uk\/#organization\"},\"potentialAction\":[{\"@type\":\"SearchAction\",\"target\":{\"@type\":\"EntryPoint\",\"urlTemplate\":\"https:\/\/www.guardsmandogguards.co.uk\/?s={search_term_string}\"},\"query-input\":{\"@type\":\"PropertyValueSpecification\",\"valueRequired\":true,\"valueName\":\"search_term_string\"}}],\"inLanguage\":\"de\"},{\"@type\":\"Organization\",\"@id\":\"https:\/\/www.guardsmandogguards.co.uk\/#organization\",\"name\":\"Guardsman Dog Guards\",\"url\":\"https:\/\/www.guardsmandogguards.co.uk\/\",\"logo\":{\"@type\":\"ImageObject\",\"inLanguage\":\"de\",\"@id\":\"https:\/\/www.guardsmandogguards.co.uk\/#\/schema\/logo\/image\/\",\"url\":\"https:\/\/www.guardsmandogguards.co.uk\/wp-content\/uploads\/2017\/08\/guardsman.jpg\",\"contentUrl\":\"https:\/\/www.guardsmandogguards.co.uk\/wp-content\/uploads\/2017\/08\/guardsman.jpg\",\"width\":235,\"height\":235,\"caption\":\"Guardsman Dog Guards\"},\"image\":{\"@id\":\"https:\/\/www.guardsmandogguards.co.uk\/#\/schema\/logo\/image\/\"},\"sameAs\":[\"https:\/\/www.facebook.com\/AthagGuardsman\",\"https:\/\/x.com\/AthagGuardsman\",\"https:\/\/www.linkedin.com\/in\/athag-guardsman-44a5699a\/\"]}]}<\/script>\n<!-- \/ Yoast SEO plugin. -->","yoast_head_json":{"title":"Opel Astra f\u00fcnf T\u00fcr (ab 2022) Hundegitter - Guardsman","description":"Auf der Suche nach einem Vauxhall Astra K 5DR HB (2016 Bis Jetzt Hundegitter & Trenngitter? Dieses Guardsman Hundegitter bietet eine starke, sichere Barriere f\u00fcr Hund und Passagiere","robots":{"index":"index","follow":"follow","max-snippet":"max-snippet:-1","max-image-preview":"max-image-preview:large","max-video-preview":"max-video-preview:-1"},"canonical":"https:\/\/www.guardsmandogguards.co.uk\/de\/produkt\/opel-astra-5dr-hb-20122-hundegitter\/","og_locale":"de_DE","og_type":"article","og_title":"Opel Astra f\u00fcnf T\u00fcr (ab 2022) Hundegitter - Guardsman","og_description":"Auf der Suche nach einem Vauxhall Astra K 5DR HB (2016 Bis Jetzt Hundegitter & Trenngitter? Dieses Guardsman Hundegitter bietet eine starke, sichere Barriere f\u00fcr Hund und Passagiere","og_url":"https:\/\/www.guardsmandogguards.co.uk\/de\/produkt\/opel-astra-5dr-hb-20122-hundegitter\/","og_site_name":"Guardsman Dog Guards","article_publisher":"https:\/\/www.facebook.com\/AthagGuardsman","article_modified_time":"2022-09-08T12:08:37+00:00","og_image":[{"width":886,"height":591,"url":"https:\/\/www.guardsmandogguards.co.uk\/wp-content\/uploads\/2022\/09\/G1628-308HB-and-Astra-parcel-blind-removed.jpg","type":"image\/jpeg"}],"twitter_card":"summary_large_image","twitter_site":"@AthagGuardsman","schema":{"@context":"https:\/\/schema.org","@graph":[{"@type":"WebPage","@id":"https:\/\/www.guardsmandogguards.co.uk\/de\/produkt\/opel-astra-5dr-hb-20122-hundegitter\/","url":"https:\/\/www.guardsmandogguards.co.uk\/de\/produkt\/opel-astra-5dr-hb-20122-hundegitter\/","name":"Opel Astra f\u00fcnf T\u00fcr (ab 2022) Hundegitter - Guardsman","isPartOf":{"@id":"https:\/\/www.guardsmandogguards.co.uk\/#website"},"primaryImageOfPage":{"@id":"https:\/\/www.guardsmandogguards.co.uk\/de\/produkt\/opel-astra-5dr-hb-20122-hundegitter\/#primaryimage"},"image":{"@id":"https:\/\/www.guardsmandogguards.co.uk\/de\/produkt\/opel-astra-5dr-hb-20122-hundegitter\/#primaryimage"},"thumbnailUrl":"https:\/\/www.guardsmandogguards.co.uk\/wp-content\/uploads\/2022\/09\/G1628-308HB-and-Astra-parcel-blind-removed.jpg","datePublished":"2022-09-08T11:49:00+00:00","dateModified":"2022-09-08T12:08:37+00:00","description":"Auf der Suche nach einem Vauxhall Astra K 5DR HB (2016 Bis Jetzt Hundegitter & Trenngitter? Dieses Guardsman Hundegitter bietet eine starke, sichere Barriere f\u00fcr Hund und Passagiere","breadcrumb":{"@id":"https:\/\/www.guardsmandogguards.co.uk\/de\/produkt\/opel-astra-5dr-hb-20122-hundegitter\/#breadcrumb"},"inLanguage":"de","potentialAction":[{"@type":"ReadAction","target":["https:\/\/www.guardsmandogguards.co.uk\/de\/produkt\/opel-astra-5dr-hb-20122-hundegitter\/"]}]},{"@type":"ImageObject","inLanguage":"de","@id":"https:\/\/www.guardsmandogguards.co.uk\/de\/produkt\/opel-astra-5dr-hb-20122-hundegitter\/#primaryimage","url":"https:\/\/www.guardsmandogguards.co.uk\/wp-content\/uploads\/2022\/09\/G1628-308HB-and-Astra-parcel-blind-removed.jpg","contentUrl":"https:\/\/www.guardsmandogguards.co.uk\/wp-content\/uploads\/2022\/09\/G1628-308HB-and-Astra-parcel-blind-removed.jpg","width":886,"height":591},{"@type":"BreadcrumbList","@id":"https:\/\/www.guardsmandogguards.co.uk\/de\/produkt\/opel-astra-5dr-hb-20122-hundegitter\/#breadcrumb","itemListElement":[{"@type":"ListItem","position":1,"name":"Home","item":"https:\/\/www.guardsmandogguards.co.uk\/de\/"},{"@type":"ListItem","position":2,"name":"Products","item":"https:\/\/www.guardsmandogguards.co.uk\/shop\/"},{"@type":"ListItem","position":3,"name":"OPEL ASTRA f\u00fcnf T\u00fcr (ab 2022) HUNDEGITTER"}]},{"@type":"WebSite","@id":"https:\/\/www.guardsmandogguards.co.uk\/#website","url":"https:\/\/www.guardsmandogguards.co.uk\/","name":"Guardsman Dog Guards","description":"A full range of Dog Guards and Boot Dividers for all Car Brands and Models","publisher":{"@id":"https:\/\/www.guardsmandogguards.co.uk\/#organization"},"potentialAction":[{"@type":"SearchAction","target":{"@type":"EntryPoint","urlTemplate":"https:\/\/www.guardsmandogguards.co.uk\/?s={search_term_string}"},"query-input":{"@type":"PropertyValueSpecification","valueRequired":true,"valueName":"search_term_string"}}],"inLanguage":"de"},{"@type":"Organization","@id":"https:\/\/www.guardsmandogguards.co.uk\/#organization","name":"Guardsman Dog Guards","url":"https:\/\/www.guardsmandogguards.co.uk\/","logo":{"@type":"ImageObject","inLanguage":"de","@id":"https:\/\/www.guardsmandogguards.co.uk\/#\/schema\/logo\/image\/","url":"https:\/\/www.guardsmandogguards.co.uk\/wp-content\/uploads\/2017\/08\/guardsman.jpg","contentUrl":"https:\/\/www.guardsmandogguards.co.uk\/wp-content\/uploads\/2017\/08\/guardsman.jpg","width":235,"height":235,"caption":"Guardsman Dog Guards"},"image":{"@id":"https:\/\/www.guardsmandogguards.co.uk\/#\/schema\/logo\/image\/"},"sameAs":["https:\/\/www.facebook.com\/AthagGuardsman","https:\/\/x.com\/AthagGuardsman","https:\/\/www.linkedin.com\/in\/athag-guardsman-44a5699a\/"]}]}},"_links":{"self":[{"href":"https:\/\/www.guardsmandogguards.co.uk\/de\/wp-json\/wp\/v2\/product\/45584","targetHints":{"allow":["GET"]}}],"collection":[{"href":"https:\/\/www.guardsmandogguards.co.uk\/de\/wp-json\/wp\/v2\/product"}],"about":[{"href":"https:\/\/www.guardsmandogguards.co.uk\/de\/wp-json\/wp\/v2\/types\/product"}],"wp:featuredmedia":[{"embeddable":true,"href":"https:\/\/www.guardsmandogguards.co.uk\/de\/wp-json\/wp\/v2\/media\/45588"}],"wp:attachment":[{"href":"https:\/\/www.guardsmandogguards.co.uk\/de\/wp-json\/wp\/v2\/media?parent=45584"}],"wp:term":[{"taxonomy":"product_brand","embeddable":true,"href":"https:\/\/www.guardsmandogguards.co.uk\/de\/wp-json\/wp\/v2\/product_brand?post=45584"},{"taxonomy":"product_cat","embeddable":true,"href":"https:\/\/www.guardsmandogguards.co.uk\/de\/wp-json\/wp\/v2\/product_cat?post=45584"},{"taxonomy":"product_tag","embeddable":true,"href":"https:\/\/www.guardsmandogguards.co.uk\/de\/wp-json\/wp\/v2\/product_tag?post=45584"}],"curies":[{"name":"wp","href":"https:\/\/api.w.org\/{rel}","templated":true}]}}