{"id":44349,"date":"2022-07-19T13:28:58","date_gmt":"2022-07-19T12:28:58","guid":{"rendered":"https:\/\/www.guardsmandogguards.co.uk\/?post_type=product&#038;p=44349"},"modified":"2022-08-17T15:52:16","modified_gmt":"2022-08-17T14:52:16","slug":"cupra-leon-st-2021-bis-jetzt-hundegitter-und-trenngitter-bundel-teile-nr-g1630b","status":"publish","type":"product","link":"https:\/\/www.guardsmandogguards.co.uk\/de\/produkt\/cupra-leon-st-2021-bis-jetzt-hundegitter-und-trenngitter-bundel-teile-nr-g1630b\/","title":{"rendered":"CUPRA LEON ST (2021 BIS JETZT) HUNDEGITTER UND TRENNGITTER B\u00dcNDEL (Teile Nr.G1630B*)"},"content":{"rendered":"<p>Unser\u00a0 CUPRA LEON ST (bj. 2021) Hundegitter und Kofferraumteiler B\u00fcndel umfasst ein fahrzeugspezifisches Hundegitter, das eine sichere Barriere zwischen dem Kofferraum und dem Fahrgastraum bietet, sowie einen variablen Gep\u00e4ckraumteiler, der einem erlaubt,den Laderaum in 2 aufzuteilen.<\/p>\n<p><strong>Es gibt 2 H\u00f6henstufen der Laderaum kann je nach Fahrzeugspezifikation sein!<\/strong><\/p>\n<p style=\"background: white;\"><span style=\"color: #333333;\">Wir m\u00fcssen den Kofferraumteiler auf die richtige H\u00f6he f\u00fcr Ihr Auto einstellen, also brauchen wir hier Ihre Hilfe.<\/span><\/p>\n<p style=\"background: white;\"><span style=\"color: #333333;\">Schauen Sie sich diesen Youtube Clip an, der zeigt, wie Sie Ihre Stiefelh\u00f6he richtig messen<\/span><\/p>\n<p style=\"background: white;\"><span style=\"color: #333333;\"><a href=\"https:\/\/www.youtube.com\/watch?v=N55z-8rOCfo\"><span style=\"color: #cf000c;\">https:\/\/www.youtube.com\/watch?v=N55z-8rOCfo<\/span><\/a><\/span><\/p>\n<p style=\"background: white;\"><span style=\"color: #333333;\">Auf diese Weise k\u00f6nnen wir Ihren Kofferraumteiler in der richtigen Gr\u00f6\u00dfe herstellen.<\/span><\/p>\n<p style=\"background: white; margin: 0cm 0cm 7.5pt 0cm;\"><b><span style=\"color: #333333;\">Bitte stellen Sie sicher, dass Sie die Ma\u00dfe in das Online-Bestellformular eingeben, wenn Sie es absenden.<\/span><\/b><\/p>\n<ul>\n<li>Ideal zum Trennen von Hunden aus dem Fahrgastraum.<\/li>\n<li>Einfache Installation ohne erforderliche Fahrzeugmodifikation.<\/li>\n<li>Lieferung mit allen Befestigungen und Montageanleitungen.<\/li>\n<li>Starker Stahlrahmen mit 19 mm Durchmesser und 50 mm Stahlgitter.<\/li>\n<li>Schwarz nach internationalen Automobilstandards pulverbeschichtet.<\/li>\n<li>Hergestellt nach den gleichen Spezifikationen wie die Produkte, die wir an die Autofirmen liefern.<\/li>\n<li>In Gro\u00dfbritannien entwickelt und hergestellt -nach dem weltweit anerkannten Qualit\u00e4tsstandard ISO: 9001<\/li>\n<\/ul>\n","protected":false},"excerpt":{"rendered":"<p>Unser\u00a0 CUPRA LEON ST (bj. 2021) Hundegitter und Kofferraumteiler B\u00fcndel umfasst ein fahrzeugspezifisches Hundegitter, das eine sichere Barriere zwischen dem Kofferraum und dem Fahrgastraum bietet, sowie einen variablen Gep\u00e4ckraumteiler, der einem erlaubt,den Laderaum in 2 aufzuteilen. Es gibt 2 H\u00f6henstufen [&hellip;]<\/p>\n","protected":false},"featured_media":45082,"template":"","meta":[],"product_brand":[],"product_cat":[938],"product_tag":[],"class_list":{"0":"post-44349","1":"product","2":"type-product","3":"status-publish","4":"has-post-thumbnail","6":"product_cat-cupra-leon-sports-tourer-2021-onwards","7":"product_shipping_class-bundle-de","9":"first","10":"instock","11":"taxable","12":"shipping-taxable","13":"purchasable","14":"product-type-simple"},"yoast_head":"<!-- This site is optimized with the Yoast SEO plugin v26.0 - https:\/\/yoast.com\/wordpress\/plugins\/seo\/ -->\n<title>Skoda Octavia (NX) (2020 Bis Jetzt) Trenngitter - Guardsman<\/title>\n<meta name=\"description\" content=\"Auf der Suche nach einem Skoda Octavia (NX) (2020 Bis Jetzt Hundegitter &amp; Trenngitter? Dieses Guardsman Hundegitter bietet eine starke, sichere Barriere f\u00fcr Hund und Passagiere\" \/>\n<meta name=\"robots\" content=\"index, follow, max-snippet:-1, max-image-preview:large, max-video-preview:-1\" \/>\n<link rel=\"canonical\" href=\"https:\/\/www.guardsmandogguards.co.uk\/de\/produkt\/cupra-leon-st-2021-bis-jetzt-hundegitter-und-trenngitter-bundel-teile-nr-g1630b\/\" \/>\n<meta property=\"og:locale\" content=\"de_DE\" \/>\n<meta property=\"og:type\" content=\"article\" \/>\n<meta property=\"og:title\" content=\"Skoda Octavia (NX) (2020 Bis Jetzt) Trenngitter - Guardsman\" \/>\n<meta property=\"og:description\" content=\"Auf der Suche nach einem Skoda Octavia (NX) (2020 Bis Jetzt Hundegitter &amp; Trenngitter? Dieses Guardsman Hundegitter bietet eine starke, sichere Barriere f\u00fcr Hund und Passagiere\" \/>\n<meta property=\"og:url\" content=\"https:\/\/www.guardsmandogguards.co.uk\/de\/produkt\/cupra-leon-st-2021-bis-jetzt-hundegitter-und-trenngitter-bundel-teile-nr-g1630b\/\" \/>\n<meta property=\"og:site_name\" content=\"Guardsman Dog Guards\" \/>\n<meta property=\"article:publisher\" content=\"https:\/\/www.facebook.com\/AthagGuardsman\" \/>\n<meta property=\"article:modified_time\" content=\"2022-08-17T14:52:16+00:00\" \/>\n<meta property=\"og:image\" content=\"https:\/\/www.guardsmandogguards.co.uk\/wp-content\/uploads\/2022\/07\/G1630B-centred.jpg\" \/>\n\t<meta property=\"og:image:width\" content=\"2021\" \/>\n\t<meta property=\"og:image:height\" content=\"1273\" \/>\n\t<meta property=\"og:image:type\" content=\"image\/jpeg\" \/>\n<meta name=\"twitter:card\" content=\"summary_large_image\" \/>\n<meta name=\"twitter:site\" content=\"@AthagGuardsman\" \/>\n<meta name=\"twitter:label1\" content=\"Gesch\u00e4tzte Lesezeit\" \/>\n\t<meta name=\"twitter:data1\" content=\"1\u00a0Minute\" \/>\n<script type=\"application\/ld+json\" class=\"yoast-schema-graph\">{\"@context\":\"https:\/\/schema.org\",\"@graph\":[{\"@type\":\"WebPage\",\"@id\":\"https:\/\/www.guardsmandogguards.co.uk\/de\/produkt\/cupra-leon-st-2021-bis-jetzt-hundegitter-und-trenngitter-bundel-teile-nr-g1630b\/\",\"url\":\"https:\/\/www.guardsmandogguards.co.uk\/de\/produkt\/cupra-leon-st-2021-bis-jetzt-hundegitter-und-trenngitter-bundel-teile-nr-g1630b\/\",\"name\":\"Skoda Octavia (NX) (2020 Bis Jetzt) Trenngitter - Guardsman\",\"isPartOf\":{\"@id\":\"https:\/\/www.guardsmandogguards.co.uk\/#website\"},\"primaryImageOfPage\":{\"@id\":\"https:\/\/www.guardsmandogguards.co.uk\/de\/produkt\/cupra-leon-st-2021-bis-jetzt-hundegitter-und-trenngitter-bundel-teile-nr-g1630b\/#primaryimage\"},\"image\":{\"@id\":\"https:\/\/www.guardsmandogguards.co.uk\/de\/produkt\/cupra-leon-st-2021-bis-jetzt-hundegitter-und-trenngitter-bundel-teile-nr-g1630b\/#primaryimage\"},\"thumbnailUrl\":\"https:\/\/www.guardsmandogguards.co.uk\/wp-content\/uploads\/2022\/07\/G1630B-centred.jpg\",\"datePublished\":\"2022-07-19T12:28:58+00:00\",\"dateModified\":\"2022-08-17T14:52:16+00:00\",\"description\":\"Auf der Suche nach einem Skoda Octavia (NX) (2020 Bis Jetzt Hundegitter & Trenngitter? Dieses Guardsman Hundegitter bietet eine starke, sichere Barriere f\u00fcr Hund und Passagiere\",\"breadcrumb\":{\"@id\":\"https:\/\/www.guardsmandogguards.co.uk\/de\/produkt\/cupra-leon-st-2021-bis-jetzt-hundegitter-und-trenngitter-bundel-teile-nr-g1630b\/#breadcrumb\"},\"inLanguage\":\"de\",\"potentialAction\":[{\"@type\":\"ReadAction\",\"target\":[\"https:\/\/www.guardsmandogguards.co.uk\/de\/produkt\/cupra-leon-st-2021-bis-jetzt-hundegitter-und-trenngitter-bundel-teile-nr-g1630b\/\"]}]},{\"@type\":\"ImageObject\",\"inLanguage\":\"de\",\"@id\":\"https:\/\/www.guardsmandogguards.co.uk\/de\/produkt\/cupra-leon-st-2021-bis-jetzt-hundegitter-und-trenngitter-bundel-teile-nr-g1630b\/#primaryimage\",\"url\":\"https:\/\/www.guardsmandogguards.co.uk\/wp-content\/uploads\/2022\/07\/G1630B-centred.jpg\",\"contentUrl\":\"https:\/\/www.guardsmandogguards.co.uk\/wp-content\/uploads\/2022\/07\/G1630B-centred.jpg\",\"width\":2021,\"height\":1273},{\"@type\":\"BreadcrumbList\",\"@id\":\"https:\/\/www.guardsmandogguards.co.uk\/de\/produkt\/cupra-leon-st-2021-bis-jetzt-hundegitter-und-trenngitter-bundel-teile-nr-g1630b\/#breadcrumb\",\"itemListElement\":[{\"@type\":\"ListItem\",\"position\":1,\"name\":\"Home\",\"item\":\"https:\/\/www.guardsmandogguards.co.uk\/de\/\"},{\"@type\":\"ListItem\",\"position\":2,\"name\":\"Products\",\"item\":\"https:\/\/www.guardsmandogguards.co.uk\/shop\/\"},{\"@type\":\"ListItem\",\"position\":3,\"name\":\"CUPRA LEON ST (2021 BIS JETZT) HUNDEGITTER UND TRENNGITTER B\u00dcNDEL (Teile Nr.G1630B*)\"}]},{\"@type\":\"WebSite\",\"@id\":\"https:\/\/www.guardsmandogguards.co.uk\/#website\",\"url\":\"https:\/\/www.guardsmandogguards.co.uk\/\",\"name\":\"Guardsman Dog Guards\",\"description\":\"A full range of Dog Guards and Boot Dividers for all Car Brands and Models\",\"publisher\":{\"@id\":\"https:\/\/www.guardsmandogguards.co.uk\/#organization\"},\"potentialAction\":[{\"@type\":\"SearchAction\",\"target\":{\"@type\":\"EntryPoint\",\"urlTemplate\":\"https:\/\/www.guardsmandogguards.co.uk\/?s={search_term_string}\"},\"query-input\":{\"@type\":\"PropertyValueSpecification\",\"valueRequired\":true,\"valueName\":\"search_term_string\"}}],\"inLanguage\":\"de\"},{\"@type\":\"Organization\",\"@id\":\"https:\/\/www.guardsmandogguards.co.uk\/#organization\",\"name\":\"Guardsman Dog Guards\",\"url\":\"https:\/\/www.guardsmandogguards.co.uk\/\",\"logo\":{\"@type\":\"ImageObject\",\"inLanguage\":\"de\",\"@id\":\"https:\/\/www.guardsmandogguards.co.uk\/#\/schema\/logo\/image\/\",\"url\":\"https:\/\/www.guardsmandogguards.co.uk\/wp-content\/uploads\/2017\/08\/guardsman.jpg\",\"contentUrl\":\"https:\/\/www.guardsmandogguards.co.uk\/wp-content\/uploads\/2017\/08\/guardsman.jpg\",\"width\":235,\"height\":235,\"caption\":\"Guardsman Dog Guards\"},\"image\":{\"@id\":\"https:\/\/www.guardsmandogguards.co.uk\/#\/schema\/logo\/image\/\"},\"sameAs\":[\"https:\/\/www.facebook.com\/AthagGuardsman\",\"https:\/\/x.com\/AthagGuardsman\",\"https:\/\/www.linkedin.com\/in\/athag-guardsman-44a5699a\/\"]}]}<\/script>\n<!-- \/ Yoast SEO plugin. -->","yoast_head_json":{"title":"Skoda Octavia (NX) (2020 Bis Jetzt) Trenngitter - Guardsman","description":"Auf der Suche nach einem Skoda Octavia (NX) (2020 Bis Jetzt Hundegitter & Trenngitter? Dieses Guardsman Hundegitter bietet eine starke, sichere Barriere f\u00fcr Hund und Passagiere","robots":{"index":"index","follow":"follow","max-snippet":"max-snippet:-1","max-image-preview":"max-image-preview:large","max-video-preview":"max-video-preview:-1"},"canonical":"https:\/\/www.guardsmandogguards.co.uk\/de\/produkt\/cupra-leon-st-2021-bis-jetzt-hundegitter-und-trenngitter-bundel-teile-nr-g1630b\/","og_locale":"de_DE","og_type":"article","og_title":"Skoda Octavia (NX) (2020 Bis Jetzt) Trenngitter - Guardsman","og_description":"Auf der Suche nach einem Skoda Octavia (NX) (2020 Bis Jetzt Hundegitter & Trenngitter? Dieses Guardsman Hundegitter bietet eine starke, sichere Barriere f\u00fcr Hund und Passagiere","og_url":"https:\/\/www.guardsmandogguards.co.uk\/de\/produkt\/cupra-leon-st-2021-bis-jetzt-hundegitter-und-trenngitter-bundel-teile-nr-g1630b\/","og_site_name":"Guardsman Dog Guards","article_publisher":"https:\/\/www.facebook.com\/AthagGuardsman","article_modified_time":"2022-08-17T14:52:16+00:00","og_image":[{"width":2021,"height":1273,"url":"https:\/\/www.guardsmandogguards.co.uk\/wp-content\/uploads\/2022\/07\/G1630B-centred.jpg","type":"image\/jpeg"}],"twitter_card":"summary_large_image","twitter_site":"@AthagGuardsman","twitter_misc":{"Gesch\u00e4tzte Lesezeit":"1\u00a0Minute"},"schema":{"@context":"https:\/\/schema.org","@graph":[{"@type":"WebPage","@id":"https:\/\/www.guardsmandogguards.co.uk\/de\/produkt\/cupra-leon-st-2021-bis-jetzt-hundegitter-und-trenngitter-bundel-teile-nr-g1630b\/","url":"https:\/\/www.guardsmandogguards.co.uk\/de\/produkt\/cupra-leon-st-2021-bis-jetzt-hundegitter-und-trenngitter-bundel-teile-nr-g1630b\/","name":"Skoda Octavia (NX) (2020 Bis Jetzt) Trenngitter - Guardsman","isPartOf":{"@id":"https:\/\/www.guardsmandogguards.co.uk\/#website"},"primaryImageOfPage":{"@id":"https:\/\/www.guardsmandogguards.co.uk\/de\/produkt\/cupra-leon-st-2021-bis-jetzt-hundegitter-und-trenngitter-bundel-teile-nr-g1630b\/#primaryimage"},"image":{"@id":"https:\/\/www.guardsmandogguards.co.uk\/de\/produkt\/cupra-leon-st-2021-bis-jetzt-hundegitter-und-trenngitter-bundel-teile-nr-g1630b\/#primaryimage"},"thumbnailUrl":"https:\/\/www.guardsmandogguards.co.uk\/wp-content\/uploads\/2022\/07\/G1630B-centred.jpg","datePublished":"2022-07-19T12:28:58+00:00","dateModified":"2022-08-17T14:52:16+00:00","description":"Auf der Suche nach einem Skoda Octavia (NX) (2020 Bis Jetzt Hundegitter & Trenngitter? Dieses Guardsman Hundegitter bietet eine starke, sichere Barriere f\u00fcr Hund und Passagiere","breadcrumb":{"@id":"https:\/\/www.guardsmandogguards.co.uk\/de\/produkt\/cupra-leon-st-2021-bis-jetzt-hundegitter-und-trenngitter-bundel-teile-nr-g1630b\/#breadcrumb"},"inLanguage":"de","potentialAction":[{"@type":"ReadAction","target":["https:\/\/www.guardsmandogguards.co.uk\/de\/produkt\/cupra-leon-st-2021-bis-jetzt-hundegitter-und-trenngitter-bundel-teile-nr-g1630b\/"]}]},{"@type":"ImageObject","inLanguage":"de","@id":"https:\/\/www.guardsmandogguards.co.uk\/de\/produkt\/cupra-leon-st-2021-bis-jetzt-hundegitter-und-trenngitter-bundel-teile-nr-g1630b\/#primaryimage","url":"https:\/\/www.guardsmandogguards.co.uk\/wp-content\/uploads\/2022\/07\/G1630B-centred.jpg","contentUrl":"https:\/\/www.guardsmandogguards.co.uk\/wp-content\/uploads\/2022\/07\/G1630B-centred.jpg","width":2021,"height":1273},{"@type":"BreadcrumbList","@id":"https:\/\/www.guardsmandogguards.co.uk\/de\/produkt\/cupra-leon-st-2021-bis-jetzt-hundegitter-und-trenngitter-bundel-teile-nr-g1630b\/#breadcrumb","itemListElement":[{"@type":"ListItem","position":1,"name":"Home","item":"https:\/\/www.guardsmandogguards.co.uk\/de\/"},{"@type":"ListItem","position":2,"name":"Products","item":"https:\/\/www.guardsmandogguards.co.uk\/shop\/"},{"@type":"ListItem","position":3,"name":"CUPRA LEON ST (2021 BIS JETZT) HUNDEGITTER UND TRENNGITTER B\u00dcNDEL (Teile Nr.G1630B*)"}]},{"@type":"WebSite","@id":"https:\/\/www.guardsmandogguards.co.uk\/#website","url":"https:\/\/www.guardsmandogguards.co.uk\/","name":"Guardsman Dog Guards","description":"A full range of Dog Guards and Boot Dividers for all Car Brands and Models","publisher":{"@id":"https:\/\/www.guardsmandogguards.co.uk\/#organization"},"potentialAction":[{"@type":"SearchAction","target":{"@type":"EntryPoint","urlTemplate":"https:\/\/www.guardsmandogguards.co.uk\/?s={search_term_string}"},"query-input":{"@type":"PropertyValueSpecification","valueRequired":true,"valueName":"search_term_string"}}],"inLanguage":"de"},{"@type":"Organization","@id":"https:\/\/www.guardsmandogguards.co.uk\/#organization","name":"Guardsman Dog Guards","url":"https:\/\/www.guardsmandogguards.co.uk\/","logo":{"@type":"ImageObject","inLanguage":"de","@id":"https:\/\/www.guardsmandogguards.co.uk\/#\/schema\/logo\/image\/","url":"https:\/\/www.guardsmandogguards.co.uk\/wp-content\/uploads\/2017\/08\/guardsman.jpg","contentUrl":"https:\/\/www.guardsmandogguards.co.uk\/wp-content\/uploads\/2017\/08\/guardsman.jpg","width":235,"height":235,"caption":"Guardsman Dog Guards"},"image":{"@id":"https:\/\/www.guardsmandogguards.co.uk\/#\/schema\/logo\/image\/"},"sameAs":["https:\/\/www.facebook.com\/AthagGuardsman","https:\/\/x.com\/AthagGuardsman","https:\/\/www.linkedin.com\/in\/athag-guardsman-44a5699a\/"]}]}},"_links":{"self":[{"href":"https:\/\/www.guardsmandogguards.co.uk\/de\/wp-json\/wp\/v2\/product\/44349","targetHints":{"allow":["GET"]}}],"collection":[{"href":"https:\/\/www.guardsmandogguards.co.uk\/de\/wp-json\/wp\/v2\/product"}],"about":[{"href":"https:\/\/www.guardsmandogguards.co.uk\/de\/wp-json\/wp\/v2\/types\/product"}],"wp:featuredmedia":[{"embeddable":true,"href":"https:\/\/www.guardsmandogguards.co.uk\/de\/wp-json\/wp\/v2\/media\/45082"}],"wp:attachment":[{"href":"https:\/\/www.guardsmandogguards.co.uk\/de\/wp-json\/wp\/v2\/media?parent=44349"}],"wp:term":[{"taxonomy":"product_brand","embeddable":true,"href":"https:\/\/www.guardsmandogguards.co.uk\/de\/wp-json\/wp\/v2\/product_brand?post=44349"},{"taxonomy":"product_cat","embeddable":true,"href":"https:\/\/www.guardsmandogguards.co.uk\/de\/wp-json\/wp\/v2\/product_cat?post=44349"},{"taxonomy":"product_tag","embeddable":true,"href":"https:\/\/www.guardsmandogguards.co.uk\/de\/wp-json\/wp\/v2\/product_tag?post=44349"}],"curies":[{"name":"wp","href":"https:\/\/api.w.org\/{rel}","templated":true}]}}