{"id":33615,"date":"2021-03-23T12:06:40","date_gmt":"2021-03-23T12:06:41","guid":{"rendered":"https:\/\/www.guardsmandogguards.co.uk\/?post_type=product&#038;p=33615"},"modified":"2024-12-05T17:25:24","modified_gmt":"2024-12-05T17:25:24","slug":"land-rover-defender-2020-bis-jetzt-hundegitter-und-kofferraumteiler-bundel-g1585b","status":"publish","type":"product","link":"https:\/\/www.guardsmandogguards.co.uk\/de\/produkt\/land-rover-defender-2020-bis-jetzt-hundegitter-und-kofferraumteiler-bundel-g1585b\/","title":{"rendered":"LAND ROVER DEFENDER 110 L663 (2020 BIS JETZT) Hundegitter und Kofferraumteiler B\u00fcndel (G1585B)"},"content":{"rendered":"<p>Unser Land Rover Defender 110 (2020 Bis Jetzt) Hundegitter und verstellbarer Kofferraumteiler B\u00fcndel umfasst ein fahrzeugspezifisches Hundegitter, das eine sichere Barriere zwischen dem Kofferraum und dem Fahrgastraum bietet, sowie einen variablen Gep\u00e4ckraumteiler, der einem erlaubt,den Laderaum in swei aufzuteilen.<\/p>\n<p>Die zweite Sitzreihe muss in der auf den Fotos gezeigten spezifischen Position eingestellt werden. Sie k\u00f6nnen dann bei montiertem Hundegitter nicht mehr verstellt werden.<\/p>\n<p>*Bitte teilen Sie uns beim Ausf\u00fcllen des Online-Bestellformulars mit, ob Sie:<br \/><strong>a. die f\u00fcnfsitzige oder die siebensitzige Version dieses Autos.<\/strong><br \/><strong>b. Wenn Sie ein PHEV haben<\/strong><\/p>\n<p><strong>Au\u00dferdem m\u00fcssen wir die Ma\u00dfe vom Boden bis zur Decke kennen, da die H\u00f6he zwischen 5 und 7 Sitzpl\u00e4tzen variiert.<\/strong><\/p>\n<p><strong>Bitte sehen Sie sich das Bild mit einer \u201eroten Linie\u201c an \u2013 nehmen Sie die Messung an dieser Position vor. Machen Sie eine Notiz zu Ihrer Bestellung. Wir kommen auf Sie zur\u00fcck, wenn wir weitere Informationen ben\u00f6tigen.<\/strong><\/p>\n<ul>\n<li style=\"font-weight: 400;\" data-mce-style=\"font-weight: 400;\"><span style=\"font-weight: 400;\" data-mce-style=\"font-weight: 400;\"> Ideal zum Trennen von Hunden aus dem Fahrgastraum.<\/span><\/li>\n<li style=\"font-weight: 400;\" data-mce-style=\"font-weight: 400;\"><span style=\"font-weight: 400;\" data-mce-style=\"font-weight: 400;\"> Einfache Installation ohne erforderliche Fahrzeugmodifikation.<\/span><\/li>\n<li style=\"font-weight: 400;\" data-mce-style=\"font-weight: 400;\"><span style=\"font-weight: 400;\" data-mce-style=\"font-weight: 400;\"> Lieferung mit allen Befestigungen und Montageanleitungen.<\/span><\/li>\n<li style=\"font-weight: 400;\" data-mce-style=\"font-weight: 400;\"><span style=\"font-weight: 400;\" data-mce-style=\"font-weight: 400;\">Starker Stahlrahmen mit 19 mm Durchmesser und 50 mm Stahlgitter.<\/span><\/li>\n<li style=\"font-weight: 400;\" data-mce-style=\"font-weight: 400;\"><span style=\"font-weight: 400;\" data-mce-style=\"font-weight: 400;\">Schwarz nach internationalen Automobilstandards pulverbeschichtet.<\/span><\/li>\n<li style=\"font-weight: 400;\" data-mce-style=\"font-weight: 400;\"><span style=\"font-weight: 400;\" data-mce-style=\"font-weight: 400;\">Hergestellt nach den gleichen Spezifikationen wie die Produkte, die wir an die Autofirmen liefern.<\/span><\/li>\n<li style=\"font-weight: 400;\" data-mce-style=\"font-weight: 400;\"><span style=\"font-weight: 400;\" data-mce-style=\"font-weight: 400;\"> In Gro\u00dfbritannien entwickelt und hergestellt -nach dem weltweit anerkannten Qualit\u00e4tsstandard ISO: 9001<\/span><\/li>\n<\/ul>\n","protected":false},"excerpt":{"rendered":"<p><br data-mce-bogus=\"1\"><\/p>\n","protected":false},"featured_media":75855,"template":"","meta":[],"product_brand":[],"product_cat":[264,857],"product_tag":[],"class_list":{"0":"post-33615","1":"product","2":"type-product","3":"status-publish","4":"has-post-thumbnail","6":"product_cat-land-rover-de","7":"product_cat-land-rover-defender-110-de-land-rover","8":"product_shipping_class-bundle-de","10":"first","11":"instock","12":"taxable","13":"shipping-taxable","14":"purchasable","15":"product-type-simple"},"yoast_head":"<!-- This site is optimized with the Yoast SEO plugin v26.0 - https:\/\/yoast.com\/wordpress\/plugins\/seo\/ -->\n<title>Range Rover Sport L494 (2014 onwards) Guard &amp; Divider - Guardsman<\/title>\n<meta name=\"description\" content=\"Auf der Suche nach einem Land rover Defender Hundegitter &amp; Trenngitter? Dieses Guardsman Hundegitter bietet eine starke, sichere Barriere f\u00fcr Hund und Passagiere\" \/>\n<meta name=\"robots\" content=\"index, follow, max-snippet:-1, max-image-preview:large, max-video-preview:-1\" \/>\n<link rel=\"canonical\" href=\"https:\/\/www.guardsmandogguards.co.uk\/de\/produkt\/land-rover-defender-2020-bis-jetzt-hundegitter-und-kofferraumteiler-bundel-g1585b\/\" \/>\n<meta property=\"og:locale\" content=\"de_DE\" \/>\n<meta property=\"og:type\" content=\"article\" \/>\n<meta property=\"og:title\" content=\"Range Rover Sport L494 (2014 onwards) Guard &amp; Divider - Guardsman\" \/>\n<meta property=\"og:description\" content=\"Auf der Suche nach einem Land rover Defender Hundegitter &amp; Trenngitter? Dieses Guardsman Hundegitter bietet eine starke, sichere Barriere f\u00fcr Hund und Passagiere\" \/>\n<meta property=\"og:url\" content=\"https:\/\/www.guardsmandogguards.co.uk\/de\/produkt\/land-rover-defender-2020-bis-jetzt-hundegitter-und-kofferraumteiler-bundel-g1585b\/\" \/>\n<meta property=\"og:site_name\" content=\"Guardsman Dog Guards\" \/>\n<meta property=\"article:publisher\" content=\"https:\/\/www.facebook.com\/AthagGuardsman\" \/>\n<meta property=\"article:modified_time\" content=\"2024-12-05T17:25:24+00:00\" \/>\n<meta property=\"og:image\" content=\"https:\/\/www.guardsmandogguards.co.uk\/wp-content\/uploads\/2021\/03\/lkower-bracket-mover-G1585B.jpg\" \/>\n\t<meta property=\"og:image:width\" content=\"886\" \/>\n\t<meta property=\"og:image:height\" content=\"591\" \/>\n\t<meta property=\"og:image:type\" content=\"image\/jpeg\" \/>\n<meta name=\"twitter:card\" content=\"summary_large_image\" \/>\n<meta name=\"twitter:site\" content=\"@AthagGuardsman\" \/>\n<meta name=\"twitter:label1\" content=\"Gesch\u00e4tzte Lesezeit\" \/>\n\t<meta name=\"twitter:data1\" content=\"1\u00a0Minute\" \/>\n<script type=\"application\/ld+json\" class=\"yoast-schema-graph\">{\"@context\":\"https:\/\/schema.org\",\"@graph\":[{\"@type\":\"WebPage\",\"@id\":\"https:\/\/www.guardsmandogguards.co.uk\/de\/produkt\/land-rover-defender-2020-bis-jetzt-hundegitter-und-kofferraumteiler-bundel-g1585b\/\",\"url\":\"https:\/\/www.guardsmandogguards.co.uk\/de\/produkt\/land-rover-defender-2020-bis-jetzt-hundegitter-und-kofferraumteiler-bundel-g1585b\/\",\"name\":\"Range Rover Sport L494 (2014 onwards) Guard & Divider - Guardsman\",\"isPartOf\":{\"@id\":\"https:\/\/www.guardsmandogguards.co.uk\/#website\"},\"primaryImageOfPage\":{\"@id\":\"https:\/\/www.guardsmandogguards.co.uk\/de\/produkt\/land-rover-defender-2020-bis-jetzt-hundegitter-und-kofferraumteiler-bundel-g1585b\/#primaryimage\"},\"image\":{\"@id\":\"https:\/\/www.guardsmandogguards.co.uk\/de\/produkt\/land-rover-defender-2020-bis-jetzt-hundegitter-und-kofferraumteiler-bundel-g1585b\/#primaryimage\"},\"thumbnailUrl\":\"https:\/\/www.guardsmandogguards.co.uk\/wp-content\/uploads\/2021\/03\/lkower-bracket-mover-G1585B.jpg\",\"datePublished\":\"2021-03-23T12:06:41+00:00\",\"dateModified\":\"2024-12-05T17:25:24+00:00\",\"description\":\"Auf der Suche nach einem Land rover Defender Hundegitter & Trenngitter? Dieses Guardsman Hundegitter bietet eine starke, sichere Barriere f\u00fcr Hund und Passagiere\",\"breadcrumb\":{\"@id\":\"https:\/\/www.guardsmandogguards.co.uk\/de\/produkt\/land-rover-defender-2020-bis-jetzt-hundegitter-und-kofferraumteiler-bundel-g1585b\/#breadcrumb\"},\"inLanguage\":\"de\",\"potentialAction\":[{\"@type\":\"ReadAction\",\"target\":[\"https:\/\/www.guardsmandogguards.co.uk\/de\/produkt\/land-rover-defender-2020-bis-jetzt-hundegitter-und-kofferraumteiler-bundel-g1585b\/\"]}]},{\"@type\":\"ImageObject\",\"inLanguage\":\"de\",\"@id\":\"https:\/\/www.guardsmandogguards.co.uk\/de\/produkt\/land-rover-defender-2020-bis-jetzt-hundegitter-und-kofferraumteiler-bundel-g1585b\/#primaryimage\",\"url\":\"https:\/\/www.guardsmandogguards.co.uk\/wp-content\/uploads\/2021\/03\/lkower-bracket-mover-G1585B.jpg\",\"contentUrl\":\"https:\/\/www.guardsmandogguards.co.uk\/wp-content\/uploads\/2021\/03\/lkower-bracket-mover-G1585B.jpg\",\"width\":886,\"height\":591},{\"@type\":\"BreadcrumbList\",\"@id\":\"https:\/\/www.guardsmandogguards.co.uk\/de\/produkt\/land-rover-defender-2020-bis-jetzt-hundegitter-und-kofferraumteiler-bundel-g1585b\/#breadcrumb\",\"itemListElement\":[{\"@type\":\"ListItem\",\"position\":1,\"name\":\"Home\",\"item\":\"https:\/\/www.guardsmandogguards.co.uk\/de\/\"},{\"@type\":\"ListItem\",\"position\":2,\"name\":\"Products\",\"item\":\"https:\/\/www.guardsmandogguards.co.uk\/shop\/\"},{\"@type\":\"ListItem\",\"position\":3,\"name\":\"LAND ROVER DEFENDER 110 L663 (2020 BIS JETZT) Hundegitter und Kofferraumteiler B\u00fcndel (G1585B)\"}]},{\"@type\":\"WebSite\",\"@id\":\"https:\/\/www.guardsmandogguards.co.uk\/#website\",\"url\":\"https:\/\/www.guardsmandogguards.co.uk\/\",\"name\":\"Guardsman Dog Guards\",\"description\":\"A full range of Dog Guards and Boot Dividers for all Car Brands and Models\",\"publisher\":{\"@id\":\"https:\/\/www.guardsmandogguards.co.uk\/#organization\"},\"potentialAction\":[{\"@type\":\"SearchAction\",\"target\":{\"@type\":\"EntryPoint\",\"urlTemplate\":\"https:\/\/www.guardsmandogguards.co.uk\/?s={search_term_string}\"},\"query-input\":{\"@type\":\"PropertyValueSpecification\",\"valueRequired\":true,\"valueName\":\"search_term_string\"}}],\"inLanguage\":\"de\"},{\"@type\":\"Organization\",\"@id\":\"https:\/\/www.guardsmandogguards.co.uk\/#organization\",\"name\":\"Guardsman Dog Guards\",\"url\":\"https:\/\/www.guardsmandogguards.co.uk\/\",\"logo\":{\"@type\":\"ImageObject\",\"inLanguage\":\"de\",\"@id\":\"https:\/\/www.guardsmandogguards.co.uk\/#\/schema\/logo\/image\/\",\"url\":\"https:\/\/www.guardsmandogguards.co.uk\/wp-content\/uploads\/2017\/08\/guardsman.jpg\",\"contentUrl\":\"https:\/\/www.guardsmandogguards.co.uk\/wp-content\/uploads\/2017\/08\/guardsman.jpg\",\"width\":235,\"height\":235,\"caption\":\"Guardsman Dog Guards\"},\"image\":{\"@id\":\"https:\/\/www.guardsmandogguards.co.uk\/#\/schema\/logo\/image\/\"},\"sameAs\":[\"https:\/\/www.facebook.com\/AthagGuardsman\",\"https:\/\/x.com\/AthagGuardsman\",\"https:\/\/www.linkedin.com\/in\/athag-guardsman-44a5699a\/\"]}]}<\/script>\n<!-- \/ Yoast SEO plugin. -->","yoast_head_json":{"title":"Range Rover Sport L494 (2014 onwards) Guard & Divider - Guardsman","description":"Auf der Suche nach einem Land rover Defender Hundegitter & Trenngitter? Dieses Guardsman Hundegitter bietet eine starke, sichere Barriere f\u00fcr Hund und Passagiere","robots":{"index":"index","follow":"follow","max-snippet":"max-snippet:-1","max-image-preview":"max-image-preview:large","max-video-preview":"max-video-preview:-1"},"canonical":"https:\/\/www.guardsmandogguards.co.uk\/de\/produkt\/land-rover-defender-2020-bis-jetzt-hundegitter-und-kofferraumteiler-bundel-g1585b\/","og_locale":"de_DE","og_type":"article","og_title":"Range Rover Sport L494 (2014 onwards) Guard & Divider - Guardsman","og_description":"Auf der Suche nach einem Land rover Defender Hundegitter & Trenngitter? Dieses Guardsman Hundegitter bietet eine starke, sichere Barriere f\u00fcr Hund und Passagiere","og_url":"https:\/\/www.guardsmandogguards.co.uk\/de\/produkt\/land-rover-defender-2020-bis-jetzt-hundegitter-und-kofferraumteiler-bundel-g1585b\/","og_site_name":"Guardsman Dog Guards","article_publisher":"https:\/\/www.facebook.com\/AthagGuardsman","article_modified_time":"2024-12-05T17:25:24+00:00","og_image":[{"width":886,"height":591,"url":"https:\/\/www.guardsmandogguards.co.uk\/wp-content\/uploads\/2021\/03\/lkower-bracket-mover-G1585B.jpg","type":"image\/jpeg"}],"twitter_card":"summary_large_image","twitter_site":"@AthagGuardsman","twitter_misc":{"Gesch\u00e4tzte Lesezeit":"1\u00a0Minute"},"schema":{"@context":"https:\/\/schema.org","@graph":[{"@type":"WebPage","@id":"https:\/\/www.guardsmandogguards.co.uk\/de\/produkt\/land-rover-defender-2020-bis-jetzt-hundegitter-und-kofferraumteiler-bundel-g1585b\/","url":"https:\/\/www.guardsmandogguards.co.uk\/de\/produkt\/land-rover-defender-2020-bis-jetzt-hundegitter-und-kofferraumteiler-bundel-g1585b\/","name":"Range Rover Sport L494 (2014 onwards) Guard & Divider - Guardsman","isPartOf":{"@id":"https:\/\/www.guardsmandogguards.co.uk\/#website"},"primaryImageOfPage":{"@id":"https:\/\/www.guardsmandogguards.co.uk\/de\/produkt\/land-rover-defender-2020-bis-jetzt-hundegitter-und-kofferraumteiler-bundel-g1585b\/#primaryimage"},"image":{"@id":"https:\/\/www.guardsmandogguards.co.uk\/de\/produkt\/land-rover-defender-2020-bis-jetzt-hundegitter-und-kofferraumteiler-bundel-g1585b\/#primaryimage"},"thumbnailUrl":"https:\/\/www.guardsmandogguards.co.uk\/wp-content\/uploads\/2021\/03\/lkower-bracket-mover-G1585B.jpg","datePublished":"2021-03-23T12:06:41+00:00","dateModified":"2024-12-05T17:25:24+00:00","description":"Auf der Suche nach einem Land rover Defender Hundegitter & Trenngitter? Dieses Guardsman Hundegitter bietet eine starke, sichere Barriere f\u00fcr Hund und Passagiere","breadcrumb":{"@id":"https:\/\/www.guardsmandogguards.co.uk\/de\/produkt\/land-rover-defender-2020-bis-jetzt-hundegitter-und-kofferraumteiler-bundel-g1585b\/#breadcrumb"},"inLanguage":"de","potentialAction":[{"@type":"ReadAction","target":["https:\/\/www.guardsmandogguards.co.uk\/de\/produkt\/land-rover-defender-2020-bis-jetzt-hundegitter-und-kofferraumteiler-bundel-g1585b\/"]}]},{"@type":"ImageObject","inLanguage":"de","@id":"https:\/\/www.guardsmandogguards.co.uk\/de\/produkt\/land-rover-defender-2020-bis-jetzt-hundegitter-und-kofferraumteiler-bundel-g1585b\/#primaryimage","url":"https:\/\/www.guardsmandogguards.co.uk\/wp-content\/uploads\/2021\/03\/lkower-bracket-mover-G1585B.jpg","contentUrl":"https:\/\/www.guardsmandogguards.co.uk\/wp-content\/uploads\/2021\/03\/lkower-bracket-mover-G1585B.jpg","width":886,"height":591},{"@type":"BreadcrumbList","@id":"https:\/\/www.guardsmandogguards.co.uk\/de\/produkt\/land-rover-defender-2020-bis-jetzt-hundegitter-und-kofferraumteiler-bundel-g1585b\/#breadcrumb","itemListElement":[{"@type":"ListItem","position":1,"name":"Home","item":"https:\/\/www.guardsmandogguards.co.uk\/de\/"},{"@type":"ListItem","position":2,"name":"Products","item":"https:\/\/www.guardsmandogguards.co.uk\/shop\/"},{"@type":"ListItem","position":3,"name":"LAND ROVER DEFENDER 110 L663 (2020 BIS JETZT) Hundegitter und Kofferraumteiler B\u00fcndel (G1585B)"}]},{"@type":"WebSite","@id":"https:\/\/www.guardsmandogguards.co.uk\/#website","url":"https:\/\/www.guardsmandogguards.co.uk\/","name":"Guardsman Dog Guards","description":"A full range of Dog Guards and Boot Dividers for all Car Brands and Models","publisher":{"@id":"https:\/\/www.guardsmandogguards.co.uk\/#organization"},"potentialAction":[{"@type":"SearchAction","target":{"@type":"EntryPoint","urlTemplate":"https:\/\/www.guardsmandogguards.co.uk\/?s={search_term_string}"},"query-input":{"@type":"PropertyValueSpecification","valueRequired":true,"valueName":"search_term_string"}}],"inLanguage":"de"},{"@type":"Organization","@id":"https:\/\/www.guardsmandogguards.co.uk\/#organization","name":"Guardsman Dog Guards","url":"https:\/\/www.guardsmandogguards.co.uk\/","logo":{"@type":"ImageObject","inLanguage":"de","@id":"https:\/\/www.guardsmandogguards.co.uk\/#\/schema\/logo\/image\/","url":"https:\/\/www.guardsmandogguards.co.uk\/wp-content\/uploads\/2017\/08\/guardsman.jpg","contentUrl":"https:\/\/www.guardsmandogguards.co.uk\/wp-content\/uploads\/2017\/08\/guardsman.jpg","width":235,"height":235,"caption":"Guardsman Dog Guards"},"image":{"@id":"https:\/\/www.guardsmandogguards.co.uk\/#\/schema\/logo\/image\/"},"sameAs":["https:\/\/www.facebook.com\/AthagGuardsman","https:\/\/x.com\/AthagGuardsman","https:\/\/www.linkedin.com\/in\/athag-guardsman-44a5699a\/"]}]}},"_links":{"self":[{"href":"https:\/\/www.guardsmandogguards.co.uk\/de\/wp-json\/wp\/v2\/product\/33615","targetHints":{"allow":["GET"]}}],"collection":[{"href":"https:\/\/www.guardsmandogguards.co.uk\/de\/wp-json\/wp\/v2\/product"}],"about":[{"href":"https:\/\/www.guardsmandogguards.co.uk\/de\/wp-json\/wp\/v2\/types\/product"}],"wp:featuredmedia":[{"embeddable":true,"href":"https:\/\/www.guardsmandogguards.co.uk\/de\/wp-json\/wp\/v2\/media\/75855"}],"wp:attachment":[{"href":"https:\/\/www.guardsmandogguards.co.uk\/de\/wp-json\/wp\/v2\/media?parent=33615"}],"wp:term":[{"taxonomy":"product_brand","embeddable":true,"href":"https:\/\/www.guardsmandogguards.co.uk\/de\/wp-json\/wp\/v2\/product_brand?post=33615"},{"taxonomy":"product_cat","embeddable":true,"href":"https:\/\/www.guardsmandogguards.co.uk\/de\/wp-json\/wp\/v2\/product_cat?post=33615"},{"taxonomy":"product_tag","embeddable":true,"href":"https:\/\/www.guardsmandogguards.co.uk\/de\/wp-json\/wp\/v2\/product_tag?post=33615"}],"curies":[{"name":"wp","href":"https:\/\/api.w.org\/{rel}","templated":true}]}}