{"id":33268,"date":"2021-03-12T13:43:37","date_gmt":"2021-03-12T13:43:37","guid":{"rendered":"https:\/\/www.guardsmandogguards.co.uk\/?post_type=product&#038;p=33268"},"modified":"2026-04-14T13:31:32","modified_gmt":"2026-04-14T12:31:32","slug":"mercedes-glb-bundle-teile-nr-g1598","status":"publish","type":"product","link":"https:\/\/www.guardsmandogguards.co.uk\/de\/produkt\/mercedes-glb-bundle-teile-nr-g1598\/","title":{"rendered":"MERCEDES GLB #1 (2019-2026) B\u00dcNDLE (Teile Nr. G1598B)"},"content":{"rendered":"<p><span style=\"font-weight: 400;\">Unser Mercedes GLB #1 (2019-2026) Hundegitter und verstellbarer Kofferraumteiler B\u00fcndel umfasst ein fahrzeugspezifisches Hundegitter, das eine sichere Barriere zwischen dem Kofferraum und dem Fahrgastraum bietet, sowie einen variablen Gep\u00e4ckraumteiler, der einem erlaubt,den Laderaum in 2 aufzuteilen.<\/span><\/p>\n<p><strong>Je nach Ausstattung Ihres Autos gibt es verschiedene H\u00f6henstufen, auf die Ihr Kofferraumboden eingestellt werden kann. Wir m\u00fcssen den Ladefl\u00e4chenteiler auf die richtige H\u00f6he f\u00fcr Ihr Auto einstellen. Hier ben\u00f6tigen wir Ihre Hilfe. Wischen Sie \u00fcber die Produktbilder und Sie finden eine Illustration, die Ihnen zeigt, wo Sie eine einfache Messung mit der \u201eroten Linie\u201c vornehmen m\u00fcssen. Dieses Messnetz wird es uns erm\u00f6glichen, dies f\u00fcr Sie richtig zu machen.<\/strong><\/p>\n<p>Bitte stellen Sie sicher, dass Sie die Messung beim Absenden des Online-Bestellformulars eingeben. Wir melden uns, wenn wir weitere Fragen haben.<\/p>\n<p>&nbsp;<\/p>\n<ul>\n<li style=\"font-weight: 400;\"><span style=\"font-weight: 400;\"> Ideal zum Trennen von Hunden aus dem Fahrgastraum.<\/span><\/li>\n<li style=\"font-weight: 400;\"><span style=\"font-weight: 400;\"> Einfache Installation ohne erforderliche Fahrzeugmodifikation.<\/span><\/li>\n<li style=\"font-weight: 400;\"><span style=\"font-weight: 400;\"> Lieferung mit allen Befestigungen und Montageanleitungen.<\/span><\/li>\n<li style=\"font-weight: 400;\"><span style=\"font-weight: 400;\">Starker Stahlrahmen mit 19 mm Durchmesser und 50 mm Stahlgitter.<\/span><\/li>\n<li style=\"font-weight: 400;\"><span style=\"font-weight: 400;\">Schwarz nach internationalen Automobilstandards pulverbeschichtet.<\/span><\/li>\n<li style=\"font-weight: 400;\"><span style=\"font-weight: 400;\">Hergestellt nach den gleichen Spezifikationen wie die Produkte, die wir an die Autofirmen liefern.<\/span><\/li>\n<li style=\"font-weight: 400;\"><span style=\"font-weight: 400;\"> In Gro\u00dfbritannien entwickelt und hergestellt -nach dem weltweit anerkannten Qualit\u00e4tsstandard ISO: 9001<\/span><\/li>\n<\/ul>\n","protected":false},"excerpt":{"rendered":"<p>Unser Mercedes GLB #1 (2019-2026) Hundegitter und verstellbarer Kofferraumteiler B\u00fcndel umfasst ein fahrzeugspezifisches Hundegitter, das eine sichere Barriere zwischen dem Kofferraum und dem Fahrgastraum bietet, sowie einen variablen Gep\u00e4ckraumteiler, der einem erlaubt,den Laderaum in 2 aufzuteilen. Je nach Ausstattung Ihres [&hellip;]<\/p>\n","protected":false},"featured_media":32413,"template":"","meta":[],"product_brand":[],"product_cat":[853],"product_tag":[],"class_list":{"0":"post-33268","1":"product","2":"type-product","3":"status-publish","4":"has-post-thumbnail","6":"product_cat-mecedes-glb-x247-bj-2019","7":"product_shipping_class-bundle-de","9":"first","10":"instock","11":"taxable","12":"shipping-taxable","13":"purchasable","14":"product-type-simple"},"yoast_head":"<!-- This site is optimized with the Yoast SEO plugin v26.0 - https:\/\/yoast.com\/wordpress\/plugins\/seo\/ -->\n<title>Mercedes GLB (2019-2026) Guard &amp; Divider - Guardsman<\/title>\n<meta name=\"description\" content=\"Auf der Suche nach einem Mercedes GLB (2019-2026) Hundegitter und Trenngitter? Dieses Guardsman Hundegitter bietet eine starke, sichere Barriere f\u00fcr Hund und Passagiere\" \/>\n<meta name=\"robots\" content=\"index, follow, max-snippet:-1, max-image-preview:large, max-video-preview:-1\" \/>\n<link rel=\"canonical\" href=\"https:\/\/www.guardsmandogguards.co.uk\/de\/produkt\/mercedes-glb-bundle-teile-nr-g1598\/\" \/>\n<meta property=\"og:locale\" content=\"de_DE\" \/>\n<meta property=\"og:type\" content=\"article\" \/>\n<meta property=\"og:title\" content=\"Mercedes GLB (2019-2026) Guard &amp; Divider - Guardsman\" \/>\n<meta property=\"og:description\" content=\"Auf der Suche nach einem Mercedes GLB (2019-2026) Hundegitter und Trenngitter? Dieses Guardsman Hundegitter bietet eine starke, sichere Barriere f\u00fcr Hund und Passagiere\" \/>\n<meta property=\"og:url\" content=\"https:\/\/www.guardsmandogguards.co.uk\/de\/produkt\/mercedes-glb-bundle-teile-nr-g1598\/\" \/>\n<meta property=\"og:site_name\" content=\"Guardsman Dog Guards\" \/>\n<meta property=\"article:publisher\" content=\"https:\/\/www.facebook.com\/AthagGuardsman\" \/>\n<meta property=\"article:modified_time\" content=\"2026-04-14T12:31:32+00:00\" \/>\n<meta property=\"og:image\" content=\"https:\/\/www.guardsmandogguards.co.uk\/wp-content\/uploads\/2021\/02\/G1598b-fitted-centrally.jpg\" \/>\n\t<meta property=\"og:image:width\" content=\"886\" \/>\n\t<meta property=\"og:image:height\" content=\"591\" \/>\n\t<meta property=\"og:image:type\" content=\"image\/jpeg\" \/>\n<meta name=\"twitter:card\" content=\"summary_large_image\" \/>\n<meta name=\"twitter:site\" content=\"@AthagGuardsman\" \/>\n<meta name=\"twitter:label1\" content=\"Gesch\u00e4tzte Lesezeit\" \/>\n\t<meta name=\"twitter:data1\" content=\"1\u00a0Minute\" \/>\n<script type=\"application\/ld+json\" class=\"yoast-schema-graph\">{\"@context\":\"https:\/\/schema.org\",\"@graph\":[{\"@type\":\"WebPage\",\"@id\":\"https:\/\/www.guardsmandogguards.co.uk\/de\/produkt\/mercedes-glb-bundle-teile-nr-g1598\/\",\"url\":\"https:\/\/www.guardsmandogguards.co.uk\/de\/produkt\/mercedes-glb-bundle-teile-nr-g1598\/\",\"name\":\"Mercedes GLB (2019-2026) Guard & Divider - Guardsman\",\"isPartOf\":{\"@id\":\"https:\/\/www.guardsmandogguards.co.uk\/#website\"},\"primaryImageOfPage\":{\"@id\":\"https:\/\/www.guardsmandogguards.co.uk\/de\/produkt\/mercedes-glb-bundle-teile-nr-g1598\/#primaryimage\"},\"image\":{\"@id\":\"https:\/\/www.guardsmandogguards.co.uk\/de\/produkt\/mercedes-glb-bundle-teile-nr-g1598\/#primaryimage\"},\"thumbnailUrl\":\"https:\/\/www.guardsmandogguards.co.uk\/wp-content\/uploads\/2021\/02\/G1598b-fitted-centrally.jpg\",\"datePublished\":\"2021-03-12T13:43:37+00:00\",\"dateModified\":\"2026-04-14T12:31:32+00:00\",\"description\":\"Auf der Suche nach einem Mercedes GLB (2019-2026) Hundegitter und Trenngitter? Dieses Guardsman Hundegitter bietet eine starke, sichere Barriere f\u00fcr Hund und Passagiere\",\"breadcrumb\":{\"@id\":\"https:\/\/www.guardsmandogguards.co.uk\/de\/produkt\/mercedes-glb-bundle-teile-nr-g1598\/#breadcrumb\"},\"inLanguage\":\"de\",\"potentialAction\":[{\"@type\":\"ReadAction\",\"target\":[\"https:\/\/www.guardsmandogguards.co.uk\/de\/produkt\/mercedes-glb-bundle-teile-nr-g1598\/\"]}]},{\"@type\":\"ImageObject\",\"inLanguage\":\"de\",\"@id\":\"https:\/\/www.guardsmandogguards.co.uk\/de\/produkt\/mercedes-glb-bundle-teile-nr-g1598\/#primaryimage\",\"url\":\"https:\/\/www.guardsmandogguards.co.uk\/wp-content\/uploads\/2021\/02\/G1598b-fitted-centrally.jpg\",\"contentUrl\":\"https:\/\/www.guardsmandogguards.co.uk\/wp-content\/uploads\/2021\/02\/G1598b-fitted-centrally.jpg\",\"width\":886,\"height\":591},{\"@type\":\"BreadcrumbList\",\"@id\":\"https:\/\/www.guardsmandogguards.co.uk\/de\/produkt\/mercedes-glb-bundle-teile-nr-g1598\/#breadcrumb\",\"itemListElement\":[{\"@type\":\"ListItem\",\"position\":1,\"name\":\"Home\",\"item\":\"https:\/\/www.guardsmandogguards.co.uk\/de\/\"},{\"@type\":\"ListItem\",\"position\":2,\"name\":\"Products\",\"item\":\"https:\/\/www.guardsmandogguards.co.uk\/shop\/\"},{\"@type\":\"ListItem\",\"position\":3,\"name\":\"MERCEDES GLB #1 (2019-2026) B\u00dcNDLE (Teile Nr. G1598B)\"}]},{\"@type\":\"WebSite\",\"@id\":\"https:\/\/www.guardsmandogguards.co.uk\/#website\",\"url\":\"https:\/\/www.guardsmandogguards.co.uk\/\",\"name\":\"Guardsman Dog Guards\",\"description\":\"A full range of Dog Guards and Boot Dividers for all Car Brands and Models\",\"publisher\":{\"@id\":\"https:\/\/www.guardsmandogguards.co.uk\/#organization\"},\"potentialAction\":[{\"@type\":\"SearchAction\",\"target\":{\"@type\":\"EntryPoint\",\"urlTemplate\":\"https:\/\/www.guardsmandogguards.co.uk\/?s={search_term_string}\"},\"query-input\":{\"@type\":\"PropertyValueSpecification\",\"valueRequired\":true,\"valueName\":\"search_term_string\"}}],\"inLanguage\":\"de\"},{\"@type\":\"Organization\",\"@id\":\"https:\/\/www.guardsmandogguards.co.uk\/#organization\",\"name\":\"Guardsman Dog Guards\",\"url\":\"https:\/\/www.guardsmandogguards.co.uk\/\",\"logo\":{\"@type\":\"ImageObject\",\"inLanguage\":\"de\",\"@id\":\"https:\/\/www.guardsmandogguards.co.uk\/#\/schema\/logo\/image\/\",\"url\":\"https:\/\/www.guardsmandogguards.co.uk\/wp-content\/uploads\/2017\/08\/guardsman.jpg\",\"contentUrl\":\"https:\/\/www.guardsmandogguards.co.uk\/wp-content\/uploads\/2017\/08\/guardsman.jpg\",\"width\":235,\"height\":235,\"caption\":\"Guardsman Dog Guards\"},\"image\":{\"@id\":\"https:\/\/www.guardsmandogguards.co.uk\/#\/schema\/logo\/image\/\"},\"sameAs\":[\"https:\/\/www.facebook.com\/AthagGuardsman\",\"https:\/\/x.com\/AthagGuardsman\",\"https:\/\/www.linkedin.com\/in\/athag-guardsman-44a5699a\/\"]}]}<\/script>\n<!-- \/ Yoast SEO plugin. -->","yoast_head_json":{"title":"Mercedes GLB (2019-2026) Guard & Divider - Guardsman","description":"Auf der Suche nach einem Mercedes GLB (2019-2026) Hundegitter und Trenngitter? Dieses Guardsman Hundegitter bietet eine starke, sichere Barriere f\u00fcr Hund und Passagiere","robots":{"index":"index","follow":"follow","max-snippet":"max-snippet:-1","max-image-preview":"max-image-preview:large","max-video-preview":"max-video-preview:-1"},"canonical":"https:\/\/www.guardsmandogguards.co.uk\/de\/produkt\/mercedes-glb-bundle-teile-nr-g1598\/","og_locale":"de_DE","og_type":"article","og_title":"Mercedes GLB (2019-2026) Guard & Divider - Guardsman","og_description":"Auf der Suche nach einem Mercedes GLB (2019-2026) Hundegitter und Trenngitter? Dieses Guardsman Hundegitter bietet eine starke, sichere Barriere f\u00fcr Hund und Passagiere","og_url":"https:\/\/www.guardsmandogguards.co.uk\/de\/produkt\/mercedes-glb-bundle-teile-nr-g1598\/","og_site_name":"Guardsman Dog Guards","article_publisher":"https:\/\/www.facebook.com\/AthagGuardsman","article_modified_time":"2026-04-14T12:31:32+00:00","og_image":[{"width":886,"height":591,"url":"https:\/\/www.guardsmandogguards.co.uk\/wp-content\/uploads\/2021\/02\/G1598b-fitted-centrally.jpg","type":"image\/jpeg"}],"twitter_card":"summary_large_image","twitter_site":"@AthagGuardsman","twitter_misc":{"Gesch\u00e4tzte Lesezeit":"1\u00a0Minute"},"schema":{"@context":"https:\/\/schema.org","@graph":[{"@type":"WebPage","@id":"https:\/\/www.guardsmandogguards.co.uk\/de\/produkt\/mercedes-glb-bundle-teile-nr-g1598\/","url":"https:\/\/www.guardsmandogguards.co.uk\/de\/produkt\/mercedes-glb-bundle-teile-nr-g1598\/","name":"Mercedes GLB (2019-2026) Guard & Divider - Guardsman","isPartOf":{"@id":"https:\/\/www.guardsmandogguards.co.uk\/#website"},"primaryImageOfPage":{"@id":"https:\/\/www.guardsmandogguards.co.uk\/de\/produkt\/mercedes-glb-bundle-teile-nr-g1598\/#primaryimage"},"image":{"@id":"https:\/\/www.guardsmandogguards.co.uk\/de\/produkt\/mercedes-glb-bundle-teile-nr-g1598\/#primaryimage"},"thumbnailUrl":"https:\/\/www.guardsmandogguards.co.uk\/wp-content\/uploads\/2021\/02\/G1598b-fitted-centrally.jpg","datePublished":"2021-03-12T13:43:37+00:00","dateModified":"2026-04-14T12:31:32+00:00","description":"Auf der Suche nach einem Mercedes GLB (2019-2026) Hundegitter und Trenngitter? Dieses Guardsman Hundegitter bietet eine starke, sichere Barriere f\u00fcr Hund und Passagiere","breadcrumb":{"@id":"https:\/\/www.guardsmandogguards.co.uk\/de\/produkt\/mercedes-glb-bundle-teile-nr-g1598\/#breadcrumb"},"inLanguage":"de","potentialAction":[{"@type":"ReadAction","target":["https:\/\/www.guardsmandogguards.co.uk\/de\/produkt\/mercedes-glb-bundle-teile-nr-g1598\/"]}]},{"@type":"ImageObject","inLanguage":"de","@id":"https:\/\/www.guardsmandogguards.co.uk\/de\/produkt\/mercedes-glb-bundle-teile-nr-g1598\/#primaryimage","url":"https:\/\/www.guardsmandogguards.co.uk\/wp-content\/uploads\/2021\/02\/G1598b-fitted-centrally.jpg","contentUrl":"https:\/\/www.guardsmandogguards.co.uk\/wp-content\/uploads\/2021\/02\/G1598b-fitted-centrally.jpg","width":886,"height":591},{"@type":"BreadcrumbList","@id":"https:\/\/www.guardsmandogguards.co.uk\/de\/produkt\/mercedes-glb-bundle-teile-nr-g1598\/#breadcrumb","itemListElement":[{"@type":"ListItem","position":1,"name":"Home","item":"https:\/\/www.guardsmandogguards.co.uk\/de\/"},{"@type":"ListItem","position":2,"name":"Products","item":"https:\/\/www.guardsmandogguards.co.uk\/shop\/"},{"@type":"ListItem","position":3,"name":"MERCEDES GLB #1 (2019-2026) B\u00dcNDLE (Teile Nr. G1598B)"}]},{"@type":"WebSite","@id":"https:\/\/www.guardsmandogguards.co.uk\/#website","url":"https:\/\/www.guardsmandogguards.co.uk\/","name":"Guardsman Dog Guards","description":"A full range of Dog Guards and Boot Dividers for all Car Brands and Models","publisher":{"@id":"https:\/\/www.guardsmandogguards.co.uk\/#organization"},"potentialAction":[{"@type":"SearchAction","target":{"@type":"EntryPoint","urlTemplate":"https:\/\/www.guardsmandogguards.co.uk\/?s={search_term_string}"},"query-input":{"@type":"PropertyValueSpecification","valueRequired":true,"valueName":"search_term_string"}}],"inLanguage":"de"},{"@type":"Organization","@id":"https:\/\/www.guardsmandogguards.co.uk\/#organization","name":"Guardsman Dog Guards","url":"https:\/\/www.guardsmandogguards.co.uk\/","logo":{"@type":"ImageObject","inLanguage":"de","@id":"https:\/\/www.guardsmandogguards.co.uk\/#\/schema\/logo\/image\/","url":"https:\/\/www.guardsmandogguards.co.uk\/wp-content\/uploads\/2017\/08\/guardsman.jpg","contentUrl":"https:\/\/www.guardsmandogguards.co.uk\/wp-content\/uploads\/2017\/08\/guardsman.jpg","width":235,"height":235,"caption":"Guardsman Dog Guards"},"image":{"@id":"https:\/\/www.guardsmandogguards.co.uk\/#\/schema\/logo\/image\/"},"sameAs":["https:\/\/www.facebook.com\/AthagGuardsman","https:\/\/x.com\/AthagGuardsman","https:\/\/www.linkedin.com\/in\/athag-guardsman-44a5699a\/"]}]}},"_links":{"self":[{"href":"https:\/\/www.guardsmandogguards.co.uk\/de\/wp-json\/wp\/v2\/product\/33268","targetHints":{"allow":["GET"]}}],"collection":[{"href":"https:\/\/www.guardsmandogguards.co.uk\/de\/wp-json\/wp\/v2\/product"}],"about":[{"href":"https:\/\/www.guardsmandogguards.co.uk\/de\/wp-json\/wp\/v2\/types\/product"}],"wp:featuredmedia":[{"embeddable":true,"href":"https:\/\/www.guardsmandogguards.co.uk\/de\/wp-json\/wp\/v2\/media\/32413"}],"wp:attachment":[{"href":"https:\/\/www.guardsmandogguards.co.uk\/de\/wp-json\/wp\/v2\/media?parent=33268"}],"wp:term":[{"taxonomy":"product_brand","embeddable":true,"href":"https:\/\/www.guardsmandogguards.co.uk\/de\/wp-json\/wp\/v2\/product_brand?post=33268"},{"taxonomy":"product_cat","embeddable":true,"href":"https:\/\/www.guardsmandogguards.co.uk\/de\/wp-json\/wp\/v2\/product_cat?post=33268"},{"taxonomy":"product_tag","embeddable":true,"href":"https:\/\/www.guardsmandogguards.co.uk\/de\/wp-json\/wp\/v2\/product_tag?post=33268"}],"curies":[{"name":"wp","href":"https:\/\/api.w.org\/{rel}","templated":true}]}}