{"id":32625,"date":"2021-02-17T16:33:31","date_gmt":"2021-02-17T16:33:31","guid":{"rendered":"https:\/\/www.guardsmandogguards.co.uk\/?post_type=product&#038;p=32625"},"modified":"2026-02-18T10:36:23","modified_gmt":"2026-02-18T10:36:23","slug":"defender-l663-2020-bis-jetzt-hundegitter-g1585","status":"publish","type":"product","link":"https:\/\/www.guardsmandogguards.co.uk\/de\/produkt\/defender-l663-2020-bis-jetzt-hundegitter-g1585\/","title":{"rendered":"LAND ROVER DEFENDER 110 L663 (2020 BIS JETZT) HUNDEGITTER (G1585)"},"content":{"rendered":"<p><span style=\"font-weight: 400;\">Ein GUARDSMAN Land Rover Defender Hundegitter ist ein fahrzeugspezifisches Zubeh\u00f6r, das eine starke, sichere Barriere zwischen dem Kofferraum und dem Fahrgastraum bietet.<\/span><\/p>\n<p>Die zweite Sitzreihe muss in der auf den Fotos gezeigten spezifischen Position eingestellt werden. Sie k\u00f6nnen dann bei montiertem Hundegitter nicht mehr verstellt werden.<\/p>\n<p>Wenn Sie Ihre Bestellung aufgeben, teilen Sie uns bitte mit, ob Sie die Version mit f\u00fcnf oder sieben Sitzen haben, da wir eine geringf\u00fcgige \u00c4nderung vornehmen m\u00fcssen, damit sie richtig passt.<\/p>\n<ul>\n<li style=\"font-weight: 400;\"><span style=\"font-weight: 400;\"> Ideal zum Trennen von Hunden aus dem Fahrgastraum.<\/span><\/li>\n<li style=\"font-weight: 400;\"><span style=\"font-weight: 400;\"> Einfache Installation ohne erforderliche Fahrzeugmodifikation.<\/span><\/li>\n<li style=\"font-weight: 400;\"><span style=\"font-weight: 400;\"> Lieferung mit allen Befestigungen und Montageanleitungen.<\/span><\/li>\n<li style=\"font-weight: 400;\"><span style=\"font-weight: 400;\">Starker Stahlrahmen mit 19 mm Durchmesser und 50 mm Stahlgitter.<\/span><\/li>\n<li style=\"font-weight: 400;\"><span style=\"font-weight: 400;\">Schwarz nach internationalen Automobilstandards pulverbeschichtet.<\/span><\/li>\n<li style=\"font-weight: 400;\"><span style=\"font-weight: 400;\">Hergestellt nach den gleichen Spezifikationen wie die Produkte, die wir an die Autofirmen liefern.<\/span><\/li>\n<li style=\"font-weight: 400;\"><span style=\"font-weight: 400;\"> In Gro\u00dfbritannien entwickelt und hergestellt -nach dem weltweit anerkannten Qualit\u00e4tsstandard ISO: 9001<\/span><\/li>\n<\/ul>\n","protected":false},"excerpt":{"rendered":"<p>Ein GUARDSMAN Land Rover Defender Hundegitter ist ein fahrzeugspezifisches Zubeh\u00f6r, das eine starke, sichere Barriere zwischen dem Kofferraum und dem Fahrgastraum bietet. Die zweite Sitzreihe muss in der auf den Fotos gezeigten spezifischen Position eingestellt werden. Sie k\u00f6nnen dann bei [&hellip;]<\/p>\n","protected":false},"featured_media":32614,"template":"","meta":[],"product_brand":[],"product_cat":[264,857],"product_tag":[],"class_list":{"0":"post-32625","1":"product","2":"type-product","3":"status-publish","4":"has-post-thumbnail","6":"product_cat-land-rover-de","7":"product_cat-land-rover-defender-110-de-land-rover","8":"product_shipping_class-hundegitter-de","10":"first","11":"instock","12":"taxable","13":"shipping-taxable","14":"purchasable","15":"product-type-simple"},"yoast_head":"<!-- This site is optimized with the Yoast SEO plugin v26.0 - https:\/\/yoast.com\/wordpress\/plugins\/seo\/ -->\n<title>Land Rover Defender hundegitter - Guardsman<\/title>\n<meta name=\"description\" content=\"Auf der Suche nach einem Land Rover Defender 110 (2020 Bis Jetzt) Hundegitter und Trenngitter? Dieses Guardsman Hundegitter bietet eine starke, sichere Barriere f\u00fcr Hund und Passagiere\" \/>\n<meta name=\"robots\" content=\"index, follow, max-snippet:-1, max-image-preview:large, max-video-preview:-1\" \/>\n<link rel=\"canonical\" href=\"https:\/\/www.guardsmandogguards.co.uk\/de\/produkt\/defender-l663-2020-bis-jetzt-hundegitter-g1585\/\" \/>\n<meta property=\"og:locale\" content=\"de_DE\" \/>\n<meta property=\"og:type\" content=\"article\" \/>\n<meta property=\"og:title\" content=\"Land Rover Defender hundegitter - Guardsman\" \/>\n<meta property=\"og:description\" content=\"Auf der Suche nach einem Land Rover Defender 110 (2020 Bis Jetzt) Hundegitter und Trenngitter? Dieses Guardsman Hundegitter bietet eine starke, sichere Barriere f\u00fcr Hund und Passagiere\" \/>\n<meta property=\"og:url\" content=\"https:\/\/www.guardsmandogguards.co.uk\/de\/produkt\/defender-l663-2020-bis-jetzt-hundegitter-g1585\/\" \/>\n<meta property=\"og:site_name\" content=\"Guardsman Dog Guards\" \/>\n<meta property=\"article:publisher\" content=\"https:\/\/www.facebook.com\/AthagGuardsman\" \/>\n<meta property=\"article:modified_time\" content=\"2026-02-18T10:36:23+00:00\" \/>\n<meta property=\"og:image\" content=\"https:\/\/www.guardsmandogguards.co.uk\/wp-content\/uploads\/2021\/02\/defender-dog-guard-fitted-G1585.jpg\" \/>\n\t<meta property=\"og:image:width\" content=\"2064\" \/>\n\t<meta property=\"og:image:height\" content=\"1494\" \/>\n\t<meta property=\"og:image:type\" content=\"image\/jpeg\" \/>\n<meta name=\"twitter:card\" content=\"summary_large_image\" \/>\n<meta name=\"twitter:site\" content=\"@AthagGuardsman\" \/>\n<meta name=\"twitter:label1\" content=\"Gesch\u00e4tzte Lesezeit\" \/>\n\t<meta name=\"twitter:data1\" content=\"1\u00a0Minute\" \/>\n<script type=\"application\/ld+json\" class=\"yoast-schema-graph\">{\"@context\":\"https:\/\/schema.org\",\"@graph\":[{\"@type\":\"WebPage\",\"@id\":\"https:\/\/www.guardsmandogguards.co.uk\/de\/produkt\/defender-l663-2020-bis-jetzt-hundegitter-g1585\/\",\"url\":\"https:\/\/www.guardsmandogguards.co.uk\/de\/produkt\/defender-l663-2020-bis-jetzt-hundegitter-g1585\/\",\"name\":\"Land Rover Defender hundegitter - Guardsman\",\"isPartOf\":{\"@id\":\"https:\/\/www.guardsmandogguards.co.uk\/#website\"},\"primaryImageOfPage\":{\"@id\":\"https:\/\/www.guardsmandogguards.co.uk\/de\/produkt\/defender-l663-2020-bis-jetzt-hundegitter-g1585\/#primaryimage\"},\"image\":{\"@id\":\"https:\/\/www.guardsmandogguards.co.uk\/de\/produkt\/defender-l663-2020-bis-jetzt-hundegitter-g1585\/#primaryimage\"},\"thumbnailUrl\":\"https:\/\/www.guardsmandogguards.co.uk\/wp-content\/uploads\/2021\/02\/defender-dog-guard-fitted-G1585.jpg\",\"datePublished\":\"2021-02-17T16:33:31+00:00\",\"dateModified\":\"2026-02-18T10:36:23+00:00\",\"description\":\"Auf der Suche nach einem Land Rover Defender 110 (2020 Bis Jetzt) Hundegitter und Trenngitter? Dieses Guardsman Hundegitter bietet eine starke, sichere Barriere f\u00fcr Hund und Passagiere\",\"breadcrumb\":{\"@id\":\"https:\/\/www.guardsmandogguards.co.uk\/de\/produkt\/defender-l663-2020-bis-jetzt-hundegitter-g1585\/#breadcrumb\"},\"inLanguage\":\"de\",\"potentialAction\":[{\"@type\":\"ReadAction\",\"target\":[\"https:\/\/www.guardsmandogguards.co.uk\/de\/produkt\/defender-l663-2020-bis-jetzt-hundegitter-g1585\/\"]}]},{\"@type\":\"ImageObject\",\"inLanguage\":\"de\",\"@id\":\"https:\/\/www.guardsmandogguards.co.uk\/de\/produkt\/defender-l663-2020-bis-jetzt-hundegitter-g1585\/#primaryimage\",\"url\":\"https:\/\/www.guardsmandogguards.co.uk\/wp-content\/uploads\/2021\/02\/defender-dog-guard-fitted-G1585.jpg\",\"contentUrl\":\"https:\/\/www.guardsmandogguards.co.uk\/wp-content\/uploads\/2021\/02\/defender-dog-guard-fitted-G1585.jpg\",\"width\":2064,\"height\":1494},{\"@type\":\"BreadcrumbList\",\"@id\":\"https:\/\/www.guardsmandogguards.co.uk\/de\/produkt\/defender-l663-2020-bis-jetzt-hundegitter-g1585\/#breadcrumb\",\"itemListElement\":[{\"@type\":\"ListItem\",\"position\":1,\"name\":\"Home\",\"item\":\"https:\/\/www.guardsmandogguards.co.uk\/de\/\"},{\"@type\":\"ListItem\",\"position\":2,\"name\":\"Products\",\"item\":\"https:\/\/www.guardsmandogguards.co.uk\/shop\/\"},{\"@type\":\"ListItem\",\"position\":3,\"name\":\"LAND ROVER DEFENDER 110 L663 (2020 BIS JETZT) HUNDEGITTER (G1585)\"}]},{\"@type\":\"WebSite\",\"@id\":\"https:\/\/www.guardsmandogguards.co.uk\/#website\",\"url\":\"https:\/\/www.guardsmandogguards.co.uk\/\",\"name\":\"Guardsman Dog Guards\",\"description\":\"A full range of Dog Guards and Boot Dividers for all Car Brands and Models\",\"publisher\":{\"@id\":\"https:\/\/www.guardsmandogguards.co.uk\/#organization\"},\"potentialAction\":[{\"@type\":\"SearchAction\",\"target\":{\"@type\":\"EntryPoint\",\"urlTemplate\":\"https:\/\/www.guardsmandogguards.co.uk\/?s={search_term_string}\"},\"query-input\":{\"@type\":\"PropertyValueSpecification\",\"valueRequired\":true,\"valueName\":\"search_term_string\"}}],\"inLanguage\":\"de\"},{\"@type\":\"Organization\",\"@id\":\"https:\/\/www.guardsmandogguards.co.uk\/#organization\",\"name\":\"Guardsman Dog Guards\",\"url\":\"https:\/\/www.guardsmandogguards.co.uk\/\",\"logo\":{\"@type\":\"ImageObject\",\"inLanguage\":\"de\",\"@id\":\"https:\/\/www.guardsmandogguards.co.uk\/#\/schema\/logo\/image\/\",\"url\":\"https:\/\/www.guardsmandogguards.co.uk\/wp-content\/uploads\/2017\/08\/guardsman.jpg\",\"contentUrl\":\"https:\/\/www.guardsmandogguards.co.uk\/wp-content\/uploads\/2017\/08\/guardsman.jpg\",\"width\":235,\"height\":235,\"caption\":\"Guardsman Dog Guards\"},\"image\":{\"@id\":\"https:\/\/www.guardsmandogguards.co.uk\/#\/schema\/logo\/image\/\"},\"sameAs\":[\"https:\/\/www.facebook.com\/AthagGuardsman\",\"https:\/\/x.com\/AthagGuardsman\",\"https:\/\/www.linkedin.com\/in\/athag-guardsman-44a5699a\/\"]}]}<\/script>\n<!-- \/ Yoast SEO plugin. -->","yoast_head_json":{"title":"Land Rover Defender hundegitter - Guardsman","description":"Auf der Suche nach einem Land Rover Defender 110 (2020 Bis Jetzt) Hundegitter und Trenngitter? Dieses Guardsman Hundegitter bietet eine starke, sichere Barriere f\u00fcr Hund und Passagiere","robots":{"index":"index","follow":"follow","max-snippet":"max-snippet:-1","max-image-preview":"max-image-preview:large","max-video-preview":"max-video-preview:-1"},"canonical":"https:\/\/www.guardsmandogguards.co.uk\/de\/produkt\/defender-l663-2020-bis-jetzt-hundegitter-g1585\/","og_locale":"de_DE","og_type":"article","og_title":"Land Rover Defender hundegitter - Guardsman","og_description":"Auf der Suche nach einem Land Rover Defender 110 (2020 Bis Jetzt) Hundegitter und Trenngitter? Dieses Guardsman Hundegitter bietet eine starke, sichere Barriere f\u00fcr Hund und Passagiere","og_url":"https:\/\/www.guardsmandogguards.co.uk\/de\/produkt\/defender-l663-2020-bis-jetzt-hundegitter-g1585\/","og_site_name":"Guardsman Dog Guards","article_publisher":"https:\/\/www.facebook.com\/AthagGuardsman","article_modified_time":"2026-02-18T10:36:23+00:00","og_image":[{"width":2064,"height":1494,"url":"https:\/\/www.guardsmandogguards.co.uk\/wp-content\/uploads\/2021\/02\/defender-dog-guard-fitted-G1585.jpg","type":"image\/jpeg"}],"twitter_card":"summary_large_image","twitter_site":"@AthagGuardsman","twitter_misc":{"Gesch\u00e4tzte Lesezeit":"1\u00a0Minute"},"schema":{"@context":"https:\/\/schema.org","@graph":[{"@type":"WebPage","@id":"https:\/\/www.guardsmandogguards.co.uk\/de\/produkt\/defender-l663-2020-bis-jetzt-hundegitter-g1585\/","url":"https:\/\/www.guardsmandogguards.co.uk\/de\/produkt\/defender-l663-2020-bis-jetzt-hundegitter-g1585\/","name":"Land Rover Defender hundegitter - Guardsman","isPartOf":{"@id":"https:\/\/www.guardsmandogguards.co.uk\/#website"},"primaryImageOfPage":{"@id":"https:\/\/www.guardsmandogguards.co.uk\/de\/produkt\/defender-l663-2020-bis-jetzt-hundegitter-g1585\/#primaryimage"},"image":{"@id":"https:\/\/www.guardsmandogguards.co.uk\/de\/produkt\/defender-l663-2020-bis-jetzt-hundegitter-g1585\/#primaryimage"},"thumbnailUrl":"https:\/\/www.guardsmandogguards.co.uk\/wp-content\/uploads\/2021\/02\/defender-dog-guard-fitted-G1585.jpg","datePublished":"2021-02-17T16:33:31+00:00","dateModified":"2026-02-18T10:36:23+00:00","description":"Auf der Suche nach einem Land Rover Defender 110 (2020 Bis Jetzt) Hundegitter und Trenngitter? Dieses Guardsman Hundegitter bietet eine starke, sichere Barriere f\u00fcr Hund und Passagiere","breadcrumb":{"@id":"https:\/\/www.guardsmandogguards.co.uk\/de\/produkt\/defender-l663-2020-bis-jetzt-hundegitter-g1585\/#breadcrumb"},"inLanguage":"de","potentialAction":[{"@type":"ReadAction","target":["https:\/\/www.guardsmandogguards.co.uk\/de\/produkt\/defender-l663-2020-bis-jetzt-hundegitter-g1585\/"]}]},{"@type":"ImageObject","inLanguage":"de","@id":"https:\/\/www.guardsmandogguards.co.uk\/de\/produkt\/defender-l663-2020-bis-jetzt-hundegitter-g1585\/#primaryimage","url":"https:\/\/www.guardsmandogguards.co.uk\/wp-content\/uploads\/2021\/02\/defender-dog-guard-fitted-G1585.jpg","contentUrl":"https:\/\/www.guardsmandogguards.co.uk\/wp-content\/uploads\/2021\/02\/defender-dog-guard-fitted-G1585.jpg","width":2064,"height":1494},{"@type":"BreadcrumbList","@id":"https:\/\/www.guardsmandogguards.co.uk\/de\/produkt\/defender-l663-2020-bis-jetzt-hundegitter-g1585\/#breadcrumb","itemListElement":[{"@type":"ListItem","position":1,"name":"Home","item":"https:\/\/www.guardsmandogguards.co.uk\/de\/"},{"@type":"ListItem","position":2,"name":"Products","item":"https:\/\/www.guardsmandogguards.co.uk\/shop\/"},{"@type":"ListItem","position":3,"name":"LAND ROVER DEFENDER 110 L663 (2020 BIS JETZT) HUNDEGITTER (G1585)"}]},{"@type":"WebSite","@id":"https:\/\/www.guardsmandogguards.co.uk\/#website","url":"https:\/\/www.guardsmandogguards.co.uk\/","name":"Guardsman Dog Guards","description":"A full range of Dog Guards and Boot Dividers for all Car Brands and Models","publisher":{"@id":"https:\/\/www.guardsmandogguards.co.uk\/#organization"},"potentialAction":[{"@type":"SearchAction","target":{"@type":"EntryPoint","urlTemplate":"https:\/\/www.guardsmandogguards.co.uk\/?s={search_term_string}"},"query-input":{"@type":"PropertyValueSpecification","valueRequired":true,"valueName":"search_term_string"}}],"inLanguage":"de"},{"@type":"Organization","@id":"https:\/\/www.guardsmandogguards.co.uk\/#organization","name":"Guardsman Dog Guards","url":"https:\/\/www.guardsmandogguards.co.uk\/","logo":{"@type":"ImageObject","inLanguage":"de","@id":"https:\/\/www.guardsmandogguards.co.uk\/#\/schema\/logo\/image\/","url":"https:\/\/www.guardsmandogguards.co.uk\/wp-content\/uploads\/2017\/08\/guardsman.jpg","contentUrl":"https:\/\/www.guardsmandogguards.co.uk\/wp-content\/uploads\/2017\/08\/guardsman.jpg","width":235,"height":235,"caption":"Guardsman Dog Guards"},"image":{"@id":"https:\/\/www.guardsmandogguards.co.uk\/#\/schema\/logo\/image\/"},"sameAs":["https:\/\/www.facebook.com\/AthagGuardsman","https:\/\/x.com\/AthagGuardsman","https:\/\/www.linkedin.com\/in\/athag-guardsman-44a5699a\/"]}]}},"_links":{"self":[{"href":"https:\/\/www.guardsmandogguards.co.uk\/de\/wp-json\/wp\/v2\/product\/32625","targetHints":{"allow":["GET"]}}],"collection":[{"href":"https:\/\/www.guardsmandogguards.co.uk\/de\/wp-json\/wp\/v2\/product"}],"about":[{"href":"https:\/\/www.guardsmandogguards.co.uk\/de\/wp-json\/wp\/v2\/types\/product"}],"wp:featuredmedia":[{"embeddable":true,"href":"https:\/\/www.guardsmandogguards.co.uk\/de\/wp-json\/wp\/v2\/media\/32614"}],"wp:attachment":[{"href":"https:\/\/www.guardsmandogguards.co.uk\/de\/wp-json\/wp\/v2\/media?parent=32625"}],"wp:term":[{"taxonomy":"product_brand","embeddable":true,"href":"https:\/\/www.guardsmandogguards.co.uk\/de\/wp-json\/wp\/v2\/product_brand?post=32625"},{"taxonomy":"product_cat","embeddable":true,"href":"https:\/\/www.guardsmandogguards.co.uk\/de\/wp-json\/wp\/v2\/product_cat?post=32625"},{"taxonomy":"product_tag","embeddable":true,"href":"https:\/\/www.guardsmandogguards.co.uk\/de\/wp-json\/wp\/v2\/product_tag?post=32625"}],"curies":[{"name":"wp","href":"https:\/\/api.w.org\/{rel}","templated":true}]}}