{"id":18881,"date":"2019-03-14T16:46:27","date_gmt":"2019-03-14T16:46:28","guid":{"rendered":"https:\/\/www.guardsmandogguards.co.uk\/?post_type=product&#038;p=18881"},"modified":"2025-07-21T14:52:34","modified_gmt":"2025-07-21T13:52:34","slug":"audi-q3-an-bj-2019-hundegitter-und-trenngitter-bundwl","status":"publish","type":"product","link":"https:\/\/www.guardsmandogguards.co.uk\/de\/produkt\/audi-q3-an-bj-2019-hundegitter-und-trenngitter-bundwl\/","title":{"rendered":"AUDI Q3 #2 (2019-2025) Hundegitter und Trenngitter B\u00fcndel"},"content":{"rendered":"<p>Unser Audi Q3 #2 (2019-2025) Hundegitter und Kofferraumteiler B\u00fcndel umfasst ein fahrzeugspezifisches Hundegitter, das eine sichere Barriere zwischen dem Kofferraum und dem Fahrgastraum bietet, sowie einen variablen Gep\u00e4ckraumteiler, der einem erlaubt,den Laderaum in 2 aufzuteilen.<\/p>\n<p>Damit das Hundegitter richtig sitzt, muss der R\u00fccksitz in die auf den Bildern gezeigte Position gebracht werden.<\/p>\n<p>Es gibt verschiedene Ebenen, die der Kofferraumboden haben kann, abh\u00e4ngig von der Spezifikation Ihres Autos!<\/p>\n<p><strong>Dieser Teiler funktioniert nur, wenn sich der Kofferraumboden in der oberen Position befindet.<\/strong><\/p>\n<p>Wir m\u00fcssen sicherstellen, dass Ihre Kofferraumbodenh\u00f6he die richtige H\u00f6he hat. &#8211; Wischen Sie \u00fcber die Produktbilder und es wird eine Abbildung angezeigt, die Ihnen zeigt, wo Sie eine einfache \u201erote Linie\u201c messen m\u00fcssen, mit der Sie dies \u00fcberpr\u00fcfen k\u00f6nnen. Dieses Ma\u00df sollte <strong>72 cm<\/strong> betragen. Wenn dies nicht der Fall ist, m\u00fcssen Sie den Kofferraumboden anheben, damit der Teiler richtig passt<\/p>\n<p>&nbsp;<\/p>\n<p><strong>Bitte beachten Sie &#8211; Dieser Teiler kann nur in der 50\/50 und 40\/60 Position fixiert werden.<\/strong><\/p>\n<p><strong>Dieses Produkt ist nicht f\u00fcr den Q3 Sportback 2020 ausgelegt.<\/strong><\/p>\n<p>Das Hundegitter muss mit den Sitzen in der Position montiert werden, wie in den Bildern gezeigt<\/p>\n<p>&nbsp;<\/p>\n<ul>\n<li>Ideal zum Trennen von Hunden aus dem Fahrgastraum.<\/li>\n<li>Einfache Installation ohne erforderliche Fahrzeugmodifikation.<\/li>\n<li>Lieferung mit allen Befestigungen und Montageanleitungen.<\/li>\n<li>Starker Stahlrahmen mit 19 mm Durchmesser und 50 mm Stahlgitter.<\/li>\n<li>Schwarz nach internationalen Automobilstandards pulverbeschichtet.<\/li>\n<li>Hergestellt nach den gleichen Spezifikationen wie die Produkte, die wir an die Autofirmen liefern.<\/li>\n<li>In Gro\u00dfbritannien entwickelt und hergestellt -nach dem weltweit anerkannten Qualit\u00e4tsstandard ISO: 9001<\/li>\n<\/ul>\n","protected":false},"excerpt":{"rendered":"<p>Unser Audi Q3 #2 (2019-2025) Hundegitter und Kofferraumteiler B\u00fcndel umfasst ein fahrzeugspezifisches Hundegitter, das eine sichere Barriere zwischen dem Kofferraum und dem Fahrgastraum bietet, sowie einen variablen Gep\u00e4ckraumteiler, der einem erlaubt,den Laderaum in 2 aufzuteilen. Damit das Hundegitter richtig sitzt, [&hellip;]<\/p>\n","protected":false},"featured_media":19243,"template":"","meta":[],"product_brand":[],"product_cat":[210,560],"product_tag":[],"class_list":{"0":"post-18881","1":"product","2":"type-product","3":"status-publish","4":"has-post-thumbnail","6":"product_cat-audi-de","7":"product_cat-audi-q3-2019-bis-jetzt-de","8":"product_shipping_class-bundle-de","10":"first","11":"instock","12":"taxable","13":"shipping-taxable","14":"purchasable","15":"product-type-simple"},"yoast_head":"<!-- This site is optimized with the Yoast SEO plugin v26.0 - https:\/\/yoast.com\/wordpress\/plugins\/seo\/ -->\n<title>Audi Q3 (2019-2025) Hundegitter und Trenngitter - Guardsman<\/title>\n<meta name=\"description\" content=\"Auf der Suche nach einem Audi Q3 (2019-2025) Hundegitter und Trenngitter? Dieses Guardsman B\u00fcndle bietet eine starke, sichere Barriere f\u00fcr Hund und Passagiere\" \/>\n<meta name=\"robots\" content=\"index, follow, max-snippet:-1, max-image-preview:large, max-video-preview:-1\" \/>\n<link rel=\"canonical\" href=\"https:\/\/www.guardsmandogguards.co.uk\/de\/produkt\/audi-q3-an-bj-2019-hundegitter-und-trenngitter-bundwl\/\" \/>\n<meta property=\"og:locale\" content=\"de_DE\" \/>\n<meta property=\"og:type\" content=\"article\" \/>\n<meta property=\"og:title\" content=\"Audi Q3 (2019-2025) Hundegitter und Trenngitter - Guardsman\" \/>\n<meta property=\"og:description\" content=\"Auf der Suche nach einem Audi Q3 (2019-2025) Hundegitter und Trenngitter? Dieses Guardsman B\u00fcndle bietet eine starke, sichere Barriere f\u00fcr Hund und Passagiere\" \/>\n<meta property=\"og:url\" content=\"https:\/\/www.guardsmandogguards.co.uk\/de\/produkt\/audi-q3-an-bj-2019-hundegitter-und-trenngitter-bundwl\/\" \/>\n<meta property=\"og:site_name\" content=\"Guardsman Dog Guards\" \/>\n<meta property=\"article:publisher\" content=\"https:\/\/www.facebook.com\/AthagGuardsman\" \/>\n<meta property=\"article:modified_time\" content=\"2025-07-21T13:52:34+00:00\" \/>\n<meta property=\"og:image\" content=\"https:\/\/www.guardsmandogguards.co.uk\/wp-content\/uploads\/2019\/03\/G1540B-audi-q3-fitted.jpg\" \/>\n\t<meta property=\"og:image:width\" content=\"886\" \/>\n\t<meta property=\"og:image:height\" content=\"591\" \/>\n\t<meta property=\"og:image:type\" content=\"image\/jpeg\" \/>\n<meta name=\"twitter:card\" content=\"summary_large_image\" \/>\n<meta name=\"twitter:site\" content=\"@AthagGuardsman\" \/>\n<meta name=\"twitter:label1\" content=\"Gesch\u00e4tzte Lesezeit\" \/>\n\t<meta name=\"twitter:data1\" content=\"1\u00a0Minute\" \/>\n<script type=\"application\/ld+json\" class=\"yoast-schema-graph\">{\"@context\":\"https:\/\/schema.org\",\"@graph\":[{\"@type\":\"WebPage\",\"@id\":\"https:\/\/www.guardsmandogguards.co.uk\/de\/produkt\/audi-q3-an-bj-2019-hundegitter-und-trenngitter-bundwl\/\",\"url\":\"https:\/\/www.guardsmandogguards.co.uk\/de\/produkt\/audi-q3-an-bj-2019-hundegitter-und-trenngitter-bundwl\/\",\"name\":\"Audi Q3 (2019-2025) Hundegitter und Trenngitter - Guardsman\",\"isPartOf\":{\"@id\":\"https:\/\/www.guardsmandogguards.co.uk\/#website\"},\"primaryImageOfPage\":{\"@id\":\"https:\/\/www.guardsmandogguards.co.uk\/de\/produkt\/audi-q3-an-bj-2019-hundegitter-und-trenngitter-bundwl\/#primaryimage\"},\"image\":{\"@id\":\"https:\/\/www.guardsmandogguards.co.uk\/de\/produkt\/audi-q3-an-bj-2019-hundegitter-und-trenngitter-bundwl\/#primaryimage\"},\"thumbnailUrl\":\"https:\/\/www.guardsmandogguards.co.uk\/wp-content\/uploads\/2019\/03\/G1540B-audi-q3-fitted.jpg\",\"datePublished\":\"2019-03-14T16:46:28+00:00\",\"dateModified\":\"2025-07-21T13:52:34+00:00\",\"description\":\"Auf der Suche nach einem Audi Q3 (2019-2025) Hundegitter und Trenngitter? Dieses Guardsman B\u00fcndle bietet eine starke, sichere Barriere f\u00fcr Hund und Passagiere\",\"breadcrumb\":{\"@id\":\"https:\/\/www.guardsmandogguards.co.uk\/de\/produkt\/audi-q3-an-bj-2019-hundegitter-und-trenngitter-bundwl\/#breadcrumb\"},\"inLanguage\":\"de\",\"potentialAction\":[{\"@type\":\"ReadAction\",\"target\":[\"https:\/\/www.guardsmandogguards.co.uk\/de\/produkt\/audi-q3-an-bj-2019-hundegitter-und-trenngitter-bundwl\/\"]}]},{\"@type\":\"ImageObject\",\"inLanguage\":\"de\",\"@id\":\"https:\/\/www.guardsmandogguards.co.uk\/de\/produkt\/audi-q3-an-bj-2019-hundegitter-und-trenngitter-bundwl\/#primaryimage\",\"url\":\"https:\/\/www.guardsmandogguards.co.uk\/wp-content\/uploads\/2019\/03\/G1540B-audi-q3-fitted.jpg\",\"contentUrl\":\"https:\/\/www.guardsmandogguards.co.uk\/wp-content\/uploads\/2019\/03\/G1540B-audi-q3-fitted.jpg\",\"width\":886,\"height\":591},{\"@type\":\"BreadcrumbList\",\"@id\":\"https:\/\/www.guardsmandogguards.co.uk\/de\/produkt\/audi-q3-an-bj-2019-hundegitter-und-trenngitter-bundwl\/#breadcrumb\",\"itemListElement\":[{\"@type\":\"ListItem\",\"position\":1,\"name\":\"Home\",\"item\":\"https:\/\/www.guardsmandogguards.co.uk\/de\/\"},{\"@type\":\"ListItem\",\"position\":2,\"name\":\"Products\",\"item\":\"https:\/\/www.guardsmandogguards.co.uk\/shop\/\"},{\"@type\":\"ListItem\",\"position\":3,\"name\":\"AUDI Q3 #2 (2019-2025) Hundegitter und Trenngitter B\u00fcndel\"}]},{\"@type\":\"WebSite\",\"@id\":\"https:\/\/www.guardsmandogguards.co.uk\/#website\",\"url\":\"https:\/\/www.guardsmandogguards.co.uk\/\",\"name\":\"Guardsman Dog Guards\",\"description\":\"A full range of Dog Guards and Boot Dividers for all Car Brands and Models\",\"publisher\":{\"@id\":\"https:\/\/www.guardsmandogguards.co.uk\/#organization\"},\"potentialAction\":[{\"@type\":\"SearchAction\",\"target\":{\"@type\":\"EntryPoint\",\"urlTemplate\":\"https:\/\/www.guardsmandogguards.co.uk\/?s={search_term_string}\"},\"query-input\":{\"@type\":\"PropertyValueSpecification\",\"valueRequired\":true,\"valueName\":\"search_term_string\"}}],\"inLanguage\":\"de\"},{\"@type\":\"Organization\",\"@id\":\"https:\/\/www.guardsmandogguards.co.uk\/#organization\",\"name\":\"Guardsman Dog Guards\",\"url\":\"https:\/\/www.guardsmandogguards.co.uk\/\",\"logo\":{\"@type\":\"ImageObject\",\"inLanguage\":\"de\",\"@id\":\"https:\/\/www.guardsmandogguards.co.uk\/#\/schema\/logo\/image\/\",\"url\":\"https:\/\/www.guardsmandogguards.co.uk\/wp-content\/uploads\/2017\/08\/guardsman.jpg\",\"contentUrl\":\"https:\/\/www.guardsmandogguards.co.uk\/wp-content\/uploads\/2017\/08\/guardsman.jpg\",\"width\":235,\"height\":235,\"caption\":\"Guardsman Dog Guards\"},\"image\":{\"@id\":\"https:\/\/www.guardsmandogguards.co.uk\/#\/schema\/logo\/image\/\"},\"sameAs\":[\"https:\/\/www.facebook.com\/AthagGuardsman\",\"https:\/\/x.com\/AthagGuardsman\",\"https:\/\/www.linkedin.com\/in\/athag-guardsman-44a5699a\/\"]}]}<\/script>\n<!-- \/ Yoast SEO plugin. -->","yoast_head_json":{"title":"Audi Q3 (2019-2025) Hundegitter und Trenngitter - Guardsman","description":"Auf der Suche nach einem Audi Q3 (2019-2025) Hundegitter und Trenngitter? Dieses Guardsman B\u00fcndle bietet eine starke, sichere Barriere f\u00fcr Hund und Passagiere","robots":{"index":"index","follow":"follow","max-snippet":"max-snippet:-1","max-image-preview":"max-image-preview:large","max-video-preview":"max-video-preview:-1"},"canonical":"https:\/\/www.guardsmandogguards.co.uk\/de\/produkt\/audi-q3-an-bj-2019-hundegitter-und-trenngitter-bundwl\/","og_locale":"de_DE","og_type":"article","og_title":"Audi Q3 (2019-2025) Hundegitter und Trenngitter - Guardsman","og_description":"Auf der Suche nach einem Audi Q3 (2019-2025) Hundegitter und Trenngitter? Dieses Guardsman B\u00fcndle bietet eine starke, sichere Barriere f\u00fcr Hund und Passagiere","og_url":"https:\/\/www.guardsmandogguards.co.uk\/de\/produkt\/audi-q3-an-bj-2019-hundegitter-und-trenngitter-bundwl\/","og_site_name":"Guardsman Dog Guards","article_publisher":"https:\/\/www.facebook.com\/AthagGuardsman","article_modified_time":"2025-07-21T13:52:34+00:00","og_image":[{"width":886,"height":591,"url":"https:\/\/www.guardsmandogguards.co.uk\/wp-content\/uploads\/2019\/03\/G1540B-audi-q3-fitted.jpg","type":"image\/jpeg"}],"twitter_card":"summary_large_image","twitter_site":"@AthagGuardsman","twitter_misc":{"Gesch\u00e4tzte Lesezeit":"1\u00a0Minute"},"schema":{"@context":"https:\/\/schema.org","@graph":[{"@type":"WebPage","@id":"https:\/\/www.guardsmandogguards.co.uk\/de\/produkt\/audi-q3-an-bj-2019-hundegitter-und-trenngitter-bundwl\/","url":"https:\/\/www.guardsmandogguards.co.uk\/de\/produkt\/audi-q3-an-bj-2019-hundegitter-und-trenngitter-bundwl\/","name":"Audi Q3 (2019-2025) Hundegitter und Trenngitter - Guardsman","isPartOf":{"@id":"https:\/\/www.guardsmandogguards.co.uk\/#website"},"primaryImageOfPage":{"@id":"https:\/\/www.guardsmandogguards.co.uk\/de\/produkt\/audi-q3-an-bj-2019-hundegitter-und-trenngitter-bundwl\/#primaryimage"},"image":{"@id":"https:\/\/www.guardsmandogguards.co.uk\/de\/produkt\/audi-q3-an-bj-2019-hundegitter-und-trenngitter-bundwl\/#primaryimage"},"thumbnailUrl":"https:\/\/www.guardsmandogguards.co.uk\/wp-content\/uploads\/2019\/03\/G1540B-audi-q3-fitted.jpg","datePublished":"2019-03-14T16:46:28+00:00","dateModified":"2025-07-21T13:52:34+00:00","description":"Auf der Suche nach einem Audi Q3 (2019-2025) Hundegitter und Trenngitter? Dieses Guardsman B\u00fcndle bietet eine starke, sichere Barriere f\u00fcr Hund und Passagiere","breadcrumb":{"@id":"https:\/\/www.guardsmandogguards.co.uk\/de\/produkt\/audi-q3-an-bj-2019-hundegitter-und-trenngitter-bundwl\/#breadcrumb"},"inLanguage":"de","potentialAction":[{"@type":"ReadAction","target":["https:\/\/www.guardsmandogguards.co.uk\/de\/produkt\/audi-q3-an-bj-2019-hundegitter-und-trenngitter-bundwl\/"]}]},{"@type":"ImageObject","inLanguage":"de","@id":"https:\/\/www.guardsmandogguards.co.uk\/de\/produkt\/audi-q3-an-bj-2019-hundegitter-und-trenngitter-bundwl\/#primaryimage","url":"https:\/\/www.guardsmandogguards.co.uk\/wp-content\/uploads\/2019\/03\/G1540B-audi-q3-fitted.jpg","contentUrl":"https:\/\/www.guardsmandogguards.co.uk\/wp-content\/uploads\/2019\/03\/G1540B-audi-q3-fitted.jpg","width":886,"height":591},{"@type":"BreadcrumbList","@id":"https:\/\/www.guardsmandogguards.co.uk\/de\/produkt\/audi-q3-an-bj-2019-hundegitter-und-trenngitter-bundwl\/#breadcrumb","itemListElement":[{"@type":"ListItem","position":1,"name":"Home","item":"https:\/\/www.guardsmandogguards.co.uk\/de\/"},{"@type":"ListItem","position":2,"name":"Products","item":"https:\/\/www.guardsmandogguards.co.uk\/shop\/"},{"@type":"ListItem","position":3,"name":"AUDI Q3 #2 (2019-2025) Hundegitter und Trenngitter B\u00fcndel"}]},{"@type":"WebSite","@id":"https:\/\/www.guardsmandogguards.co.uk\/#website","url":"https:\/\/www.guardsmandogguards.co.uk\/","name":"Guardsman Dog Guards","description":"A full range of Dog Guards and Boot Dividers for all Car Brands and Models","publisher":{"@id":"https:\/\/www.guardsmandogguards.co.uk\/#organization"},"potentialAction":[{"@type":"SearchAction","target":{"@type":"EntryPoint","urlTemplate":"https:\/\/www.guardsmandogguards.co.uk\/?s={search_term_string}"},"query-input":{"@type":"PropertyValueSpecification","valueRequired":true,"valueName":"search_term_string"}}],"inLanguage":"de"},{"@type":"Organization","@id":"https:\/\/www.guardsmandogguards.co.uk\/#organization","name":"Guardsman Dog Guards","url":"https:\/\/www.guardsmandogguards.co.uk\/","logo":{"@type":"ImageObject","inLanguage":"de","@id":"https:\/\/www.guardsmandogguards.co.uk\/#\/schema\/logo\/image\/","url":"https:\/\/www.guardsmandogguards.co.uk\/wp-content\/uploads\/2017\/08\/guardsman.jpg","contentUrl":"https:\/\/www.guardsmandogguards.co.uk\/wp-content\/uploads\/2017\/08\/guardsman.jpg","width":235,"height":235,"caption":"Guardsman Dog Guards"},"image":{"@id":"https:\/\/www.guardsmandogguards.co.uk\/#\/schema\/logo\/image\/"},"sameAs":["https:\/\/www.facebook.com\/AthagGuardsman","https:\/\/x.com\/AthagGuardsman","https:\/\/www.linkedin.com\/in\/athag-guardsman-44a5699a\/"]}]}},"_links":{"self":[{"href":"https:\/\/www.guardsmandogguards.co.uk\/de\/wp-json\/wp\/v2\/product\/18881","targetHints":{"allow":["GET"]}}],"collection":[{"href":"https:\/\/www.guardsmandogguards.co.uk\/de\/wp-json\/wp\/v2\/product"}],"about":[{"href":"https:\/\/www.guardsmandogguards.co.uk\/de\/wp-json\/wp\/v2\/types\/product"}],"wp:featuredmedia":[{"embeddable":true,"href":"https:\/\/www.guardsmandogguards.co.uk\/de\/wp-json\/wp\/v2\/media\/19243"}],"wp:attachment":[{"href":"https:\/\/www.guardsmandogguards.co.uk\/de\/wp-json\/wp\/v2\/media?parent=18881"}],"wp:term":[{"taxonomy":"product_brand","embeddable":true,"href":"https:\/\/www.guardsmandogguards.co.uk\/de\/wp-json\/wp\/v2\/product_brand?post=18881"},{"taxonomy":"product_cat","embeddable":true,"href":"https:\/\/www.guardsmandogguards.co.uk\/de\/wp-json\/wp\/v2\/product_cat?post=18881"},{"taxonomy":"product_tag","embeddable":true,"href":"https:\/\/www.guardsmandogguards.co.uk\/de\/wp-json\/wp\/v2\/product_tag?post=18881"}],"curies":[{"name":"wp","href":"https:\/\/api.w.org\/{rel}","templated":true}]}}