{"id":4809,"date":"2018-07-03T09:32:14","date_gmt":"2018-07-03T08:32:14","guid":{"rendered":"https:\/\/www.guardsmandogguards.co.uk\/?page_id=4809"},"modified":"2018-07-03T09:32:14","modified_gmt":"2018-07-03T08:32:14","slug":"cookie-richtlinie","status":"publish","type":"page","link":"https:\/\/www.guardsmandogguards.co.uk\/de\/cookie-richtlinie\/","title":{"rendered":"Cookie-Richtlinie"},"content":{"rendered":"<p>Guardsman priorisiert den Schutz Ihrer Privatsph\u00e4re, wenn Sie unsere Website besuchen oder mit unseren Mitarbeitern kommunizieren. Wir haben anstelle Sicherheitsma\u00dfnahmen setzen zu sichern und unberechtigten Zugriff oder Offenlegung Ihrer Daten und Informationen zu verhindern. Unsere Datenschutzrichtlinie erkl\u00e4rt Informationen in Bezug auf die pers\u00f6nlichen Daten, die uns oder personenbezogene Daten zur Verf\u00fcgung gestellt werden k\u00f6nnen, die wir von Ihnen sammeln. Guardsman. beh\u00e4lt sich das Recht vor, unsere Datenschutzrichtlinien von Zeit zu Zeit zu aktualisieren oder zu \u00e4ndern. Stellen Sie sicher, unsere Datenschutzrichtlinien zu \u00fcberpr\u00fcfen, ab und zu, um sicherzustellen, dass Sie mit unseren Richtlinien erf\u00fcllt sind.<\/p>\n<p>&nbsp;<\/p>\n<ol>\n<li><strong> Welche Daten und Informationen, die wir sammeln.<\/strong> Um unsere Website zu betreiben, m\u00fcssen wir die folgenden Informationen von Ihnen sammeln:<\/li>\n<\/ol>\n<ul>\n<li><strong>1.1<\/strong>&#8211; Die Informationen \u00fcber Ihre Besuche auf unserer Website und alle Ressourcen, die Sie wie Verkehrsdaten, Standortdaten, Weblogs und Kommunikationsdaten. (Diese Elemente sind enthalten, aber nicht beschr\u00e4nkt auf diejenigen angegeben)<\/li>\n<li><strong>1.2<\/strong>&#8211; Die Formulare auf unserer Website erm\u00f6glichen es uns, Informationen \u00fcber Sie zur Registrierung sammeln ausgef\u00fcllt oder Eink\u00e4ufe Sie machen.<\/li>\n<li><strong>1.3<\/strong>&#8211; Alle gesammelten Daten aus der Kommunikation zwischen uns aus irgendeinem Grund.<\/li>\n<\/ul>\n<p>&nbsp;<\/p>\n<ul>\n<li><strong>2. Was wir verwenden, um die Daten und Informationen f\u00fcr.<\/strong><\/li>\n<\/ul>\n<ul>\n<li><strong>2.1<\/strong> &#8211; Wir verwenden die Informationen uns erhoben werden, zu verbessern und einen besseren Service anbieten zu k\u00f6nnen.<\/li>\n<li><strong>2.2<\/strong>&#8211; Wir k\u00f6nnen Daten verwenden Sie bereitgestellt, um zu bieten und Sie Informationen, die Sie f\u00fcr von unserer Seite abgefragt haben, in direkter Beziehung zu unseren Dienstleistungen oder Produkten. Wenn Sie Ihre Zustimmung zu uns gegeben haben, k\u00f6nnen wir Informationen \u00fcber Produkte senden wir f\u00fchlen Sie interessieren k\u00f6nnte.<\/li>\n<li><strong>2.3<\/strong>&#8211; Alle Verpflichtungen, die wir Ihnen wurden, d\u00fcrfen nur Verwendung Ihrer Daten, verwendet werden, ben\u00f6tigen Ihre Anforderung zu erf\u00fcllen.<\/li>\n<li><strong>2.4<\/strong>&#8211; Wir k\u00f6nnen Ihre Informationen verwenden, k\u00f6nnen alle \u00c4nderungen erkl\u00e4ren unsere Website wie strukturelle oder Service \/ Produkt\u00e4nderungen durchlaufen hat, die unseren Service f\u00fcr Sie beeinflussen k\u00f6nnten.<\/li>\n<li><strong>2.5<\/strong>&#8211; Ein bestehender Kunde kann Kontakt in Bezug auf Waren oder Dienstleistungen verlangt, dass ein Gegenstand eines fr\u00fcheren Verkaufs sind.<\/li>\n<li><strong>2.6<\/strong>&#8211; Wir k\u00f6nnen Ihre Daten verwenden oder Dritten erlauben, die Daten zu verwenden, um Ihnen Informationen \u00fcber unabh\u00e4ngige Waren oder Dienstleistungen, um Sie von Interesse sein k\u00f6nnten. Wird die Einwilligung gegeben ist, k\u00f6nnen wir Sie \u00fcber diese Waren und Dienstleistungen in Verbindung.<\/li>\n<li><strong>2.7<\/strong> &#8211; Wenn Sie Ihre Zustimmung zur Kommunikation gegeben haben, ein neuer Kunde kann von uns oder einem Dritten in Kontakt gebracht werden.<\/li>\n<li><strong>2.8<\/strong>&#8211; Wenn Sie f\u00fcr die Kommunikation von unserer Website oder einem Dritten nicht zustimmen, dann werden Sie die Gelegenheit gegeben werden, unsere Kommunikation zu sinken. Da wir Ihre Privatsph\u00e4re und Daten zu sch\u00fctzen gewidmet sind, werden wir Ihre Informationen, die von Dritten werden nicht zulassen, dass dann erhoben, wenn Ihre Zustimmung gehalten wird.<\/li>\n<li><strong>2.9<\/strong>&#8211; Wie Sie Ihre Privatsph\u00e4re ist uns wichtig, wir nicht teilen Informationen, die verwendet werden, werden Sie f\u00fcr Werbetreibende zu identifizieren. Wir bieten k\u00f6nnen Werbetreibende mit statistischen Informationen \u00fcber unsere Website-Besucher jedoch.<\/li>\n<\/ul>\n<p>&nbsp;<\/p>\n<ul>\n<li><strong>3. Wie wir setzen Cookies<\/strong><\/li>\n<\/ul>\n<ul>\n<li><strong>3.1<\/strong>&#8211; F\u00fcr unsere Leistungen k\u00f6nnen wir Informationen \u00fcber Ihren Computer sammeln. Die Sammlung von Daten wird nur f\u00fcr die statistische Analyse \u00fcber unsere Website und f\u00fcr die Verwendung durch uns oder unsere Werbekunden. Wir verwenden Cookies, um unsere Dienste anzupassen, um Ihre Bed\u00fcrfnisse und Vorlieben durch das Sammeln und Speichern von Informationen.<\/li>\n<li><strong>3.2<\/strong>&#8211; Wir sch\u00e4tzen Ihre Privatsph\u00e4re so dass Informationen geteilt werden nicht identifizieren, wer Sie sind, sondern eher mathematische und statistische Daten \u00fcber unsere Besucher und ihre Verwendung auf unserer Seite. Diese Daten enthalten keine sensiblen Informationen \u00fcber Sie.<\/li>\n<li><strong>3.3<\/strong>&#8211; Cookies k\u00f6nnen allgemeine Internet-Daten zu sammeln, verwendet werden. Wenn Sie diese Website nutzen, Cookies ohne Nachfrage auf den Computer heruntergeladen werden. Die Cookie-Datei auf Ihrer Festplatte gespeichert, wo die Dateien \u00fcbertragen werden. Diese Informationen helfen uns, unsere Website und Dienstleistungen f\u00fcr Sie zu verbessern.<\/li>\n<li><strong>3.4<\/strong>&#8211; Wenn Sie Cookies nicht akzeptieren, dann k\u00f6nnen Sie Cookies blockieren, indem Sie die entsprechenden Browser-Einstellungen aktivieren. Weitere Informationen \u00fcber Cookies zu blockieren, benutzen Sie bitte unser \u201aCookie Usage\u2018 Politik unten lesen. Bitte beachten Sie, dass, wenn Sie Cookies ablehnen, k\u00f6nnen Sie den Zugang zu bestimmten Bereichen unserer Website erfahren.<\/li>\n<li><strong>3.5<\/strong>&#8211; Wir k\u00f6nnen nicht unseren Inserenten die Verwendung von Cookies steuern. Cookies k\u00f6nnen von den Inserenten heruntergeladen werden, wenn Sie irgendwelche Anzeigen klicken Sie auf die wir auf dieser Website.<\/li>\n<\/ul>\n<p>&nbsp;<\/p>\n<ul>\n<li><strong>4. Pers\u00f6nliche Datenspeicherung<\/strong><\/li>\n<\/ul>\n<ul>\n<li><strong>4.1<\/strong>&#8211; nur zur Speicherung und Verarbeitung verwendet, so k\u00f6nnen wir \u00fcbertragen Daten \u00fcber die Standorte au\u00dferhalb des Europ\u00e4ischen Wirtschaftsraums sammeln. Diese Informationen k\u00f6nnen von einem Unternehmen verarbeitet werden, der f\u00fcr uns arbeitet, einen Lieferanten wir haben, oder es kann au\u00dferhalb des Europ\u00e4ischen Wirtschaftsraums durch Personal bearbeitet werden. Zum Beispiel k\u00f6nnen wir Ihre Bestellung durch die Verwendung Zahlungsdetails oder das Angebot von Support-Service verarbeiten und abzuschlie\u00dfen. Durch die Bearbeitung eines Auftrags haben Sie zu dieser Mitteilung vereinbart. Sie verpflichten sich, die \u00dcbertragung von Daten zur Verarbeitung und Speicherung, wenn Sie pers\u00f6nliche Daten zur Verf\u00fcgung stellen. Wir priorisieren die Sicherheit Ihrer Daten durch alle angemessenen Ma\u00dfnahmen ergreifen, um sicherzustellen, dass die Integrit\u00e4t der Daten\u00fcbertragung ist in \u00dcbereinstimmung mit dieser Datenschutzerkl\u00e4rung.<\/li>\n<li><strong>4.2<\/strong>&#8211; Wir behandeln Ihre Daten mit der h\u00f6chsten Sicherheit und Bedeutung. Die Daten, die Sie uns zur Verf\u00fcgung stellen mit auf sicheren Servern gespeichert werden. Etwaige Transaktionsdetails werden sicher verschl\u00fcsselt Ihre sensiblen Daten zu sch\u00fctzen.<\/li>\n<li><strong>4.3<\/strong>&#8211; Wir k\u00f6nnen nicht die Sicherheit und Integrit\u00e4t der \u00dcbertragung Ihrer Daten gew\u00e4hrleisten. Die \u00dcbertragung von Daten \u00fcber das Internet ist nie v\u00f6llig sicher und damit die Informationen, die Sie uns mit auf eigene Gefahr sein muss.<\/li>\n<\/ul>\n<p>&nbsp;<\/p>\n<ul>\n<li><strong>5. Gemeinsame Nutzung Ihrer Daten<\/strong><\/li>\n<\/ul>\n<ul>\n<li><strong>5.1<\/strong>&#8211; Wir k\u00f6nnen Ihre pers\u00f6nlichen Daten an Gruppenmitglied ggf. teilen. Dies wird Tochtergesellschaften oder Beteiligungsgesellschaften geh\u00f6ren wir mit, sowie deren Tochtergesellschaften wenn \u00fcberhaupt arbeiten kann.<\/li>\n<li><strong>5.2<\/strong>Ihre pers\u00f6nlichen Daten k\u00f6nnen an Dritte weitergegeben werden.<\/li>\n<li><strong>5.2.1<\/strong>Wenn wir Teile unseres Gesch\u00e4fts oder Verm\u00f6genswerte verkaufen k\u00f6nnen wir pers\u00f6nliche Daten an Dritte teilen.<\/li>\n<li><strong>5.2.2<\/strong>Wenn gesetzlich angefordert, so k\u00f6nnen wir Ihre Informationen.<\/li>\n<li><strong>5.2.3<\/strong> Zur Minimierung des Kreditrisikos und Schutz vor Betrug zu erh\u00f6hen, k\u00f6nnen wir ben\u00f6tigen, um Ihre Informationen zu teilen.<\/li>\n<\/ul>\n<p>&nbsp;<\/p>\n<ul>\n<li><strong>6. Links zu Dritten<\/strong><\/li>\n<\/ul>\n<ul>\n<li>Alle Dritt Links zu Webseiten, auf unserer Website sind nicht in unseren Datenschutzbestimmungen enth\u00e4lt. Um mehr Informationen zu erfahren, m\u00fcssen Sie den Dritten Datenschutzbestimmungen Informationen \u00fcberpr\u00fcfen. Wir \u00fcbernehmen keine Haftung oder Verantwortung f\u00fcr Links Dritter und die Datenschutzrichtlinien.<\/li>\n<\/ul>\n<p>&nbsp;<\/p>\n<ul>\n<li><strong>7. Information Access<\/strong><\/li>\n<\/ul>\n<ul>\n<li>Sie haben das Recht auf Zugang zu den Informationen zu verlangen wir von Ihnen unter dem Data Protection Act 1998 sammeln und speichern k\u00f6nnen.<\/li>\n<\/ul>\n<p>&nbsp;<\/p>\n<ul>\n<li><strong>Was sind Cookies? <\/strong><strong>Cookies auf dieser Webseite verwendet: <\/strong><strong>Wie Sie Ihre Cookies-Einstellungen \u00e4ndern<\/strong><strong>Auf Ihrem PC\n<p><\/strong><\/li>\n<\/ul>\n<p>&nbsp;<\/p>\n<ul>\n<li><strong>Internet Explorer<\/strong><\/li>\n<li>Die meisten Browser sind so eingestellt Cookies automatisch zu akzeptieren. Allerdings k\u00f6nnen Sie diese Einstellungen Ihre Vorlieben bei Bedarf \u00e4ndern.<\/li>\n<li>Das Cookie PHPSESSID wird verwendet, den Browser eines Benutzers Sitzung zu halten. Wir verwenden Google Analytics-Website-Monitoring-Tools n\u00fctzliche Daten f\u00fcr diese Website zu sammeln. Dazu geh\u00f6ren die Anzahl der Besucher pro Tag und die Google-Suchanfragen, die Besucher der Website gef\u00fchrt. Werden keine personenbezogenen Daten innerhalb dieser Cookies gesammelt oder gespeichert werden. Die folgenden Google-generierte Cookies sind innerhalb dieser Website: __utma __utmb __utmc __utmz NID PREF Diese Webseite nutzt die Anwendung Social Sharing \u201aAddThis\u2018 und erm\u00f6glicht eine schnelle und einfache gemeinsame Nutzung von Web-Inhalten \u00fcber soziale Netzwerke wie Facebook und LinkedIn. Die folgenden Cookies werden von der \u201aaddthis\u2018 Domain bedient diese Funktionalit\u00e4t zu aktivieren: uit user_segment uid uvc psc __atuvc<\/li>\n<li>Cookies sind kleine Textdateien, die auf Ihrem Computer, Smartphone oder ein anderes Ger\u00e4t und gespeichert f\u00fcr den Zugriff auf das Internet gesendet werden, wenn Sie eine Webseite besuchen. Cookies sind n\u00fctzlich, weil sie eine Website durch Sie erm\u00f6glicht das Ger\u00e4t eines Benutzers zu erkennen. Cookies werden f\u00fcr eine Vielzahl von Gr\u00fcnden verwendet werden, wie Benutzereinstellungen, um zu bestimmen, k\u00f6nnen Benutzer effizient zwischen den Seiten navigieren, \u00fcberpr\u00fcfen Sie die Benutzer, Online-Shopping-Einrichtungen erm\u00f6glichen und Website-Besucher-Statistiken generieren. Wir verwenden Cookies auf unserer Website (und jede Sub-Domain) die sicherste, effektive und ma\u00dfgeschneiderte Website m\u00f6glich f\u00fcr unsere Kunden zu schaffen. Die von uns verwendeten Cookies sind absolut sicher, sichere und nicht aufdringlich. Dieses Cookie-Richtlinien erkl\u00e4rt, was Cookies sind, wie wir sie verwenden und welche Vorteile sie bringen. Unsere Cookies sind nicht-intrusive, wie sie speichern keine pers\u00f6nlichen oder vertraulichen Informationen wie Name, Adresse, Telefonnummer oder E-Mail-Adresse. Wir sch\u00e4tzen Ihre Privatsph\u00e4re und teilen keine Informationen \u00fcber Cookies gesammelt. Diese Cookies sind f\u00fcr unsere Verwendung von Google Analytics Daten zu sammeln, sondern auch Ihre Browser-Erfahrung auf dieser Website zu verbessern. Die Cookies, die wir verwenden, k\u00f6nnen nicht Ihren Computer, Smartphone oder Web-f\u00e4higen Ger\u00e4t schauen und erhalten Informationen \u00fcber Sie oder Ihre Familie oder lesen jedes Material gehalten auf Ihrer Festplatte. Weitere Informationen \u00fcber Cookies kann auch gefunden werden<a href=\"https:\/\/www.gov.uk\/help\/cookies\">https:\/\/www.gov.uk\/help\/cookies<\/a>.<\/li>\n<li><strong>Cookie-Nutzung<br \/>\n<\/strong><\/li>\n<\/ul>\n<ol>\n<li>Gehen Sie auf \u201eExtras\u201c und dann auf \u201eInternetoptionen\u201c<\/li>\n<li>Klicken Sie auf die Registerkarte Datenschutz<\/li>\n<li>Verwenden Sie den Schieberegler, um Cookie-Einstellungen zu \u00e4ndern, wie Sie wollen. Eine Beschreibung der einzelnen Einstellungen wird auf jede Option neben erscheinen.<\/li>\n<\/ol>\n<p><strong>Mozilla Firefox<\/strong><\/p>\n<ol>\n<li>Gehen Sie auf \u201eExtras\u201c und dann auf \u201eInternetoptionen\u201c<\/li>\n<li>Klicken Sie auf das Symbol Datenschutz<\/li>\n<li>\u00c4ndern Sie die Geschichte Einstellungen Ihres Browsers setzen alle Cookies ablehnen oder zuzuschneiden Ihre Cookie-Einstellungen, wie Sie sie wollen.<\/li>\n<\/ol>\n<p><strong>Google Chrome<\/strong><\/p>\n<ol>\n<li>Klicken Sie auf das Schraubenschl\u00fcssel und w\u00e4hlen Sie \u201eEinstellungen\u201c, die in einem neuen Tab \u00f6ffnen<\/li>\n<li>Auf der linken Seite, w\u00e4hlen Sie \u201eunter der Haube\u201c<\/li>\n<li>Klicken Sie auf \u201eContent-Einstellungen\u201c unter \u201eDatenschutz\u201c<\/li>\n<li>W\u00e4hlen Sie Ihre bevorzugte Option im Men\u00fc Cookies<\/li>\n<\/ol>\n<p><strong>Auf einem Apple Mac<\/strong><\/p>\n<p><strong>Internet Explorer 5 (MacOS X)<\/strong><\/p>\n<ol>\n<li>W\u00e4hlen Sie Einstellungen aus dem Explorer-Men\u00fc<\/li>\n<li>Empfangen W\u00e4hlen Sie Dateioptionen<\/li>\n<li>W\u00e4hlen Sie Pl\u00e4tzchen<\/li>\n<li>W\u00e4hlen Sie Ihre bevorzugten Einstellungen<\/li>\n<\/ol>\n<p><strong>Mozilla<\/strong><\/p>\n<ol>\n<li>W\u00e4hlen Sie im Men\u00fc Bearbeiten.<\/li>\n<li>W\u00e4hlen Sie Datenschutz und Sicherheit, und w\u00e4hlen Sie Pl\u00e4tzchen.<\/li>\n<li>W\u00e4hlen Sie Ihre bevorzugten Einstellungen.<\/li>\n<\/ol>\n<p><strong>Safari 1.0 (MacOS X)<\/strong><\/p>\n<ol>\n<li>W\u00e4hlen Sie Einstellungen von Safari-Men\u00fc<\/li>\n<li>W\u00e4hlen Sie Sicherheitssymbol<\/li>\n<li>Cookie-Einstellungen werden im Fenster angezeigt<\/li>\n<li>W\u00e4hlen Sie Ihre bevorzugten Einstellungen<\/li>\n<\/ol>\n<p><strong>Oper<\/strong><\/p>\n<ol>\n<li>Gehen Sie in das Hauptmen\u00fc Opera in ein und w\u00e4hlen Sie Einstellungen (oder dr\u00fccken Sie Alt + P direkt zuzugreifen)<\/li>\n<li>W\u00e4hlen Sie Privatsph\u00e4re<\/li>\n<\/ol>\n<p><strong>Mobile Ger\u00e4te<\/strong><\/p>\n<p><strong>iPad<\/strong><\/p>\n<ol>\n<li>Gehen Sie auf \u201eEinstellungen\u201c und w\u00e4hlen Sie dann \u201eSafari\u201c<\/li>\n<li>Klicken Sie auf \u201eDatenschutz\u201c, wo Sie in der Lage, Ihre Cookie-Einstellungen zu \u00e4ndern<\/li>\n<\/ol>\n<p><strong>iPhone<\/strong><\/p>\n<ol>\n<li>Gehen Sie auf \u201eEinstellungen\u201c und w\u00e4hlen Sie dann \u201eSafari\u201c<\/li>\n<li>Klicken Sie auf \u201eDatenschutz\u201c, wo Sie in der Lage, Ihre Cookie-Einstellungen zu \u00e4ndern<\/li>\n<\/ol>\n<p><strong>Samsung Galaxy<\/strong><\/p>\n<ol>\n<li>Im Internet-Browser, \u00f6ffnen Sie das Men\u00fc und w\u00e4hlen Sie \u201eMehr\u201c<\/li>\n<li>W\u00e4hlen Sie \u201eEinstellungen\u201c<\/li>\n<li>Bl\u00e4ttern Sie nach unten zu \u201eDatenschutz\u201c, und klicken Sie dann annehmen oder ablehnen Cookies oder Cookie-Daten l\u00f6schen<\/li>\n<\/ol>\n<p>F\u00fcr andere mobile Ger\u00e4te, wenden Sie sich bitte im Handbuch des Ger\u00e4tebesitzers f\u00fcr weitere Informationen.<\/p>\n","protected":false},"excerpt":{"rendered":"<p>Guardsman priorisiert den Schutz Ihrer Privatsph\u00e4re, wenn Sie unsere Website besuchen oder mit unseren Mitarbeitern kommunizieren. Wir haben anstelle Sicherheitsma\u00dfnahmen setzen zu sichern und unberechtigten Zugriff oder Offenlegung Ihrer Daten und Informationen zu verhindern. Unsere Datenschutzrichtlinie erkl\u00e4rt Informationen in Bezug [&hellip;]<\/p>\n","protected":false},"author":276,"featured_media":0,"parent":0,"menu_order":0,"comment_status":"closed","ping_status":"closed","template":"full-width.php","meta":{"footnotes":""},"class_list":["post-4809","page","type-page","status-publish","hentry"],"yoast_head":"<!-- This site is optimized with the Yoast SEO plugin v26.0 - https:\/\/yoast.com\/wordpress\/plugins\/seo\/ -->\n<title>Cookie-Richtlinie - Guardsman Dog Guards<\/title>\n<meta name=\"robots\" content=\"index, follow, max-snippet:-1, max-image-preview:large, max-video-preview:-1\" \/>\n<link rel=\"canonical\" href=\"https:\/\/www.guardsmandogguards.co.uk\/de\/cookie-richtlinie\/\" \/>\n<meta property=\"og:locale\" content=\"de_DE\" \/>\n<meta property=\"og:type\" content=\"article\" \/>\n<meta property=\"og:title\" content=\"Cookie-Richtlinie - Guardsman Dog Guards\" \/>\n<meta property=\"og:description\" content=\"Guardsman priorisiert den Schutz Ihrer Privatsph\u00e4re, wenn Sie unsere Website besuchen oder mit unseren Mitarbeitern kommunizieren. Wir haben anstelle Sicherheitsma\u00dfnahmen setzen zu sichern und unberechtigten Zugriff oder Offenlegung Ihrer Daten und Informationen zu verhindern. Unsere Datenschutzrichtlinie erkl\u00e4rt Informationen in Bezug [&hellip;]\" \/>\n<meta property=\"og:url\" content=\"https:\/\/www.guardsmandogguards.co.uk\/de\/cookie-richtlinie\/\" \/>\n<meta property=\"og:site_name\" content=\"Guardsman Dog Guards\" \/>\n<meta property=\"article:publisher\" content=\"https:\/\/www.facebook.com\/AthagGuardsman\" \/>\n<meta name=\"twitter:card\" content=\"summary_large_image\" \/>\n<meta name=\"twitter:site\" content=\"@AthagGuardsman\" \/>\n<meta name=\"twitter:label1\" content=\"Gesch\u00e4tzte Lesezeit\" \/>\n\t<meta name=\"twitter:data1\" content=\"9\u00a0Minuten\" \/>\n<script type=\"application\/ld+json\" class=\"yoast-schema-graph\">{\"@context\":\"https:\/\/schema.org\",\"@graph\":[{\"@type\":\"WebPage\",\"@id\":\"https:\/\/www.guardsmandogguards.co.uk\/de\/cookie-richtlinie\/\",\"url\":\"https:\/\/www.guardsmandogguards.co.uk\/de\/cookie-richtlinie\/\",\"name\":\"Cookie-Richtlinie - Guardsman Dog Guards\",\"isPartOf\":{\"@id\":\"https:\/\/www.guardsmandogguards.co.uk\/#website\"},\"datePublished\":\"2018-07-03T08:32:14+00:00\",\"breadcrumb\":{\"@id\":\"https:\/\/www.guardsmandogguards.co.uk\/de\/cookie-richtlinie\/#breadcrumb\"},\"inLanguage\":\"de\",\"potentialAction\":[{\"@type\":\"ReadAction\",\"target\":[\"https:\/\/www.guardsmandogguards.co.uk\/de\/cookie-richtlinie\/\"]}]},{\"@type\":\"BreadcrumbList\",\"@id\":\"https:\/\/www.guardsmandogguards.co.uk\/de\/cookie-richtlinie\/#breadcrumb\",\"itemListElement\":[{\"@type\":\"ListItem\",\"position\":1,\"name\":\"Home\",\"item\":\"https:\/\/www.guardsmandogguards.co.uk\/de\/\"},{\"@type\":\"ListItem\",\"position\":2,\"name\":\"Cookie-Richtlinie\"}]},{\"@type\":\"WebSite\",\"@id\":\"https:\/\/www.guardsmandogguards.co.uk\/#website\",\"url\":\"https:\/\/www.guardsmandogguards.co.uk\/\",\"name\":\"Guardsman Dog Guards\",\"description\":\"A full range of Dog Guards and Boot Dividers for all Car Brands and Models\",\"publisher\":{\"@id\":\"https:\/\/www.guardsmandogguards.co.uk\/#organization\"},\"potentialAction\":[{\"@type\":\"SearchAction\",\"target\":{\"@type\":\"EntryPoint\",\"urlTemplate\":\"https:\/\/www.guardsmandogguards.co.uk\/?s={search_term_string}\"},\"query-input\":{\"@type\":\"PropertyValueSpecification\",\"valueRequired\":true,\"valueName\":\"search_term_string\"}}],\"inLanguage\":\"de\"},{\"@type\":\"Organization\",\"@id\":\"https:\/\/www.guardsmandogguards.co.uk\/#organization\",\"name\":\"Guardsman Dog Guards\",\"url\":\"https:\/\/www.guardsmandogguards.co.uk\/\",\"logo\":{\"@type\":\"ImageObject\",\"inLanguage\":\"de\",\"@id\":\"https:\/\/www.guardsmandogguards.co.uk\/#\/schema\/logo\/image\/\",\"url\":\"https:\/\/www.guardsmandogguards.co.uk\/wp-content\/uploads\/2017\/08\/guardsman.jpg\",\"contentUrl\":\"https:\/\/www.guardsmandogguards.co.uk\/wp-content\/uploads\/2017\/08\/guardsman.jpg\",\"width\":235,\"height\":235,\"caption\":\"Guardsman Dog Guards\"},\"image\":{\"@id\":\"https:\/\/www.guardsmandogguards.co.uk\/#\/schema\/logo\/image\/\"},\"sameAs\":[\"https:\/\/www.facebook.com\/AthagGuardsman\",\"https:\/\/x.com\/AthagGuardsman\",\"https:\/\/www.linkedin.com\/in\/athag-guardsman-44a5699a\/\"]}]}<\/script>\n<!-- \/ Yoast SEO plugin. -->","yoast_head_json":{"title":"Cookie-Richtlinie - Guardsman Dog Guards","robots":{"index":"index","follow":"follow","max-snippet":"max-snippet:-1","max-image-preview":"max-image-preview:large","max-video-preview":"max-video-preview:-1"},"canonical":"https:\/\/www.guardsmandogguards.co.uk\/de\/cookie-richtlinie\/","og_locale":"de_DE","og_type":"article","og_title":"Cookie-Richtlinie - Guardsman Dog Guards","og_description":"Guardsman priorisiert den Schutz Ihrer Privatsph\u00e4re, wenn Sie unsere Website besuchen oder mit unseren Mitarbeitern kommunizieren. Wir haben anstelle Sicherheitsma\u00dfnahmen setzen zu sichern und unberechtigten Zugriff oder Offenlegung Ihrer Daten und Informationen zu verhindern. Unsere Datenschutzrichtlinie erkl\u00e4rt Informationen in Bezug [&hellip;]","og_url":"https:\/\/www.guardsmandogguards.co.uk\/de\/cookie-richtlinie\/","og_site_name":"Guardsman Dog Guards","article_publisher":"https:\/\/www.facebook.com\/AthagGuardsman","twitter_card":"summary_large_image","twitter_site":"@AthagGuardsman","twitter_misc":{"Gesch\u00e4tzte Lesezeit":"9\u00a0Minuten"},"schema":{"@context":"https:\/\/schema.org","@graph":[{"@type":"WebPage","@id":"https:\/\/www.guardsmandogguards.co.uk\/de\/cookie-richtlinie\/","url":"https:\/\/www.guardsmandogguards.co.uk\/de\/cookie-richtlinie\/","name":"Cookie-Richtlinie - Guardsman Dog Guards","isPartOf":{"@id":"https:\/\/www.guardsmandogguards.co.uk\/#website"},"datePublished":"2018-07-03T08:32:14+00:00","breadcrumb":{"@id":"https:\/\/www.guardsmandogguards.co.uk\/de\/cookie-richtlinie\/#breadcrumb"},"inLanguage":"de","potentialAction":[{"@type":"ReadAction","target":["https:\/\/www.guardsmandogguards.co.uk\/de\/cookie-richtlinie\/"]}]},{"@type":"BreadcrumbList","@id":"https:\/\/www.guardsmandogguards.co.uk\/de\/cookie-richtlinie\/#breadcrumb","itemListElement":[{"@type":"ListItem","position":1,"name":"Home","item":"https:\/\/www.guardsmandogguards.co.uk\/de\/"},{"@type":"ListItem","position":2,"name":"Cookie-Richtlinie"}]},{"@type":"WebSite","@id":"https:\/\/www.guardsmandogguards.co.uk\/#website","url":"https:\/\/www.guardsmandogguards.co.uk\/","name":"Guardsman Dog Guards","description":"A full range of Dog Guards and Boot Dividers for all Car Brands and Models","publisher":{"@id":"https:\/\/www.guardsmandogguards.co.uk\/#organization"},"potentialAction":[{"@type":"SearchAction","target":{"@type":"EntryPoint","urlTemplate":"https:\/\/www.guardsmandogguards.co.uk\/?s={search_term_string}"},"query-input":{"@type":"PropertyValueSpecification","valueRequired":true,"valueName":"search_term_string"}}],"inLanguage":"de"},{"@type":"Organization","@id":"https:\/\/www.guardsmandogguards.co.uk\/#organization","name":"Guardsman Dog Guards","url":"https:\/\/www.guardsmandogguards.co.uk\/","logo":{"@type":"ImageObject","inLanguage":"de","@id":"https:\/\/www.guardsmandogguards.co.uk\/#\/schema\/logo\/image\/","url":"https:\/\/www.guardsmandogguards.co.uk\/wp-content\/uploads\/2017\/08\/guardsman.jpg","contentUrl":"https:\/\/www.guardsmandogguards.co.uk\/wp-content\/uploads\/2017\/08\/guardsman.jpg","width":235,"height":235,"caption":"Guardsman Dog Guards"},"image":{"@id":"https:\/\/www.guardsmandogguards.co.uk\/#\/schema\/logo\/image\/"},"sameAs":["https:\/\/www.facebook.com\/AthagGuardsman","https:\/\/x.com\/AthagGuardsman","https:\/\/www.linkedin.com\/in\/athag-guardsman-44a5699a\/"]}]}},"_links":{"self":[{"href":"https:\/\/www.guardsmandogguards.co.uk\/de\/wp-json\/wp\/v2\/pages\/4809","targetHints":{"allow":["GET"]}}],"collection":[{"href":"https:\/\/www.guardsmandogguards.co.uk\/de\/wp-json\/wp\/v2\/pages"}],"about":[{"href":"https:\/\/www.guardsmandogguards.co.uk\/de\/wp-json\/wp\/v2\/types\/page"}],"author":[{"embeddable":true,"href":"https:\/\/www.guardsmandogguards.co.uk\/de\/wp-json\/wp\/v2\/users\/276"}],"replies":[{"embeddable":true,"href":"https:\/\/www.guardsmandogguards.co.uk\/de\/wp-json\/wp\/v2\/comments?post=4809"}],"version-history":[{"count":4,"href":"https:\/\/www.guardsmandogguards.co.uk\/de\/wp-json\/wp\/v2\/pages\/4809\/revisions"}],"predecessor-version":[{"id":4813,"href":"https:\/\/www.guardsmandogguards.co.uk\/de\/wp-json\/wp\/v2\/pages\/4809\/revisions\/4813"}],"wp:attachment":[{"href":"https:\/\/www.guardsmandogguards.co.uk\/de\/wp-json\/wp\/v2\/media?parent=4809"}],"curies":[{"name":"wp","href":"https:\/\/api.w.org\/{rel}","templated":true}]}}