{"id":4777,"date":"2018-07-01T21:33:49","date_gmt":"2018-07-01T20:33:49","guid":{"rendered":"https:\/\/www.guardsmandogguards.co.uk\/?page_id=4777"},"modified":"2024-04-30T10:23:49","modified_gmt":"2024-04-30T09:23:49","slug":"produktgarantie","status":"publish","type":"page","link":"https:\/\/www.guardsmandogguards.co.uk\/de\/produktgarantie\/","title":{"rendered":"PRODUKTGARANTIE"},"content":{"rendered":"<p>F\u00fcr alle \u201eGuardsman\u201c-Hundegitter und Kofferraumtrenner gilt eine begrenzte F\u00fcnf-Jahres-Garantie bei normalem Gebrauch.<\/p>\n<p>Diese Garantie beschr\u00e4nkt sich auf die Kosten oder den Ersatz des bei uns gekauften Originalartikels.<\/p>\n<p>Diese Garantie erlischt, wenn das Teil in irgendeiner Weise ver\u00e4ndert oder modifiziert wurde.<\/p>\n<p>Sch\u00e4den oder Verletzungen, die an dem Teil, Ihrem Auto, Ihnen, Ihren Mitfahrern oder Ihrem Hund durch unsachgem\u00e4\u00dfen Gebrauch oder falsche Montage entstehen, sind ebenfalls nicht abgedeckt.<\/p>\n<p>Die Garantie erstreckt sich nicht auf Sch\u00e4den, die durch Sie oder Ihre Hunde an der Pulverbeschichtung verursacht werden, sowie auf Korrosion, die durch \u00fcberm\u00e4\u00dfig sauren Hundespeichel verursacht wird.<\/p>\n<p>Wenn Sie irgendwelche Probleme haben, rufen Sie uns an oder senden Sie eine E-Mail mit Bildern, die Ihr Anliegen veranschaulichen. Wir werden versuchen, gemeinsam mit Ihnen eine zufriedenstellende L\u00f6sung zu finden.<\/p>\n<p>Weitere Informationen finden Sie in unseren Allgemeinen Gesch\u00e4ftsbedingungen.<\/p>\n","protected":false},"excerpt":{"rendered":"<p>F\u00fcr alle \u201eGuardsman\u201c-Hundegitter und Kofferraumtrenner gilt eine begrenzte F\u00fcnf-Jahres-Garantie bei normalem Gebrauch. Diese Garantie beschr\u00e4nkt sich auf die Kosten oder den Ersatz des bei uns gekauften Originalartikels. Diese Garantie erlischt, wenn das Teil in irgendeiner Weise ver\u00e4ndert oder modifiziert wurde. [&hellip;]<\/p>\n","protected":false},"author":1,"featured_media":0,"parent":0,"menu_order":0,"comment_status":"closed","ping_status":"closed","template":"full-width.php","meta":{"footnotes":""},"class_list":["post-4777","page","type-page","status-publish","hentry"],"yoast_head":"<!-- This site is optimized with the Yoast SEO plugin v26.0 - https:\/\/yoast.com\/wordpress\/plugins\/seo\/ -->\n<title>PRODUKTGARANTIE - Guardsman Dog Guards<\/title>\n<meta name=\"robots\" content=\"index, follow, max-snippet:-1, max-image-preview:large, max-video-preview:-1\" \/>\n<link rel=\"canonical\" href=\"https:\/\/www.guardsmandogguards.co.uk\/de\/produktgarantie\/\" \/>\n<meta property=\"og:locale\" content=\"de_DE\" \/>\n<meta property=\"og:type\" content=\"article\" \/>\n<meta property=\"og:title\" content=\"PRODUKTGARANTIE - Guardsman Dog Guards\" \/>\n<meta property=\"og:description\" content=\"F\u00fcr alle \u201eGuardsman\u201c-Hundegitter und Kofferraumtrenner gilt eine begrenzte F\u00fcnf-Jahres-Garantie bei normalem Gebrauch. Diese Garantie beschr\u00e4nkt sich auf die Kosten oder den Ersatz des bei uns gekauften Originalartikels. Diese Garantie erlischt, wenn das Teil in irgendeiner Weise ver\u00e4ndert oder modifiziert wurde. [&hellip;]\" \/>\n<meta property=\"og:url\" content=\"https:\/\/www.guardsmandogguards.co.uk\/de\/produktgarantie\/\" \/>\n<meta property=\"og:site_name\" content=\"Guardsman Dog Guards\" \/>\n<meta property=\"article:publisher\" content=\"https:\/\/www.facebook.com\/AthagGuardsman\" \/>\n<meta property=\"article:modified_time\" content=\"2024-04-30T09:23:49+00:00\" \/>\n<meta name=\"twitter:card\" content=\"summary_large_image\" \/>\n<meta name=\"twitter:site\" content=\"@AthagGuardsman\" \/>\n<meta name=\"twitter:label1\" content=\"Gesch\u00e4tzte Lesezeit\" \/>\n\t<meta name=\"twitter:data1\" content=\"1\u00a0Minute\" \/>\n<script type=\"application\/ld+json\" class=\"yoast-schema-graph\">{\"@context\":\"https:\/\/schema.org\",\"@graph\":[{\"@type\":\"WebPage\",\"@id\":\"https:\/\/www.guardsmandogguards.co.uk\/de\/produktgarantie\/\",\"url\":\"https:\/\/www.guardsmandogguards.co.uk\/de\/produktgarantie\/\",\"name\":\"PRODUKTGARANTIE - Guardsman Dog Guards\",\"isPartOf\":{\"@id\":\"https:\/\/www.guardsmandogguards.co.uk\/#website\"},\"datePublished\":\"2018-07-01T20:33:49+00:00\",\"dateModified\":\"2024-04-30T09:23:49+00:00\",\"breadcrumb\":{\"@id\":\"https:\/\/www.guardsmandogguards.co.uk\/de\/produktgarantie\/#breadcrumb\"},\"inLanguage\":\"de\",\"potentialAction\":[{\"@type\":\"ReadAction\",\"target\":[\"https:\/\/www.guardsmandogguards.co.uk\/de\/produktgarantie\/\"]}]},{\"@type\":\"BreadcrumbList\",\"@id\":\"https:\/\/www.guardsmandogguards.co.uk\/de\/produktgarantie\/#breadcrumb\",\"itemListElement\":[{\"@type\":\"ListItem\",\"position\":1,\"name\":\"Home\",\"item\":\"https:\/\/www.guardsmandogguards.co.uk\/de\/\"},{\"@type\":\"ListItem\",\"position\":2,\"name\":\"PRODUKTGARANTIE\"}]},{\"@type\":\"WebSite\",\"@id\":\"https:\/\/www.guardsmandogguards.co.uk\/#website\",\"url\":\"https:\/\/www.guardsmandogguards.co.uk\/\",\"name\":\"Guardsman Dog Guards\",\"description\":\"A full range of Dog Guards and Boot Dividers for all Car Brands and Models\",\"publisher\":{\"@id\":\"https:\/\/www.guardsmandogguards.co.uk\/#organization\"},\"potentialAction\":[{\"@type\":\"SearchAction\",\"target\":{\"@type\":\"EntryPoint\",\"urlTemplate\":\"https:\/\/www.guardsmandogguards.co.uk\/?s={search_term_string}\"},\"query-input\":{\"@type\":\"PropertyValueSpecification\",\"valueRequired\":true,\"valueName\":\"search_term_string\"}}],\"inLanguage\":\"de\"},{\"@type\":\"Organization\",\"@id\":\"https:\/\/www.guardsmandogguards.co.uk\/#organization\",\"name\":\"Guardsman Dog Guards\",\"url\":\"https:\/\/www.guardsmandogguards.co.uk\/\",\"logo\":{\"@type\":\"ImageObject\",\"inLanguage\":\"de\",\"@id\":\"https:\/\/www.guardsmandogguards.co.uk\/#\/schema\/logo\/image\/\",\"url\":\"https:\/\/www.guardsmandogguards.co.uk\/wp-content\/uploads\/2017\/08\/guardsman.jpg\",\"contentUrl\":\"https:\/\/www.guardsmandogguards.co.uk\/wp-content\/uploads\/2017\/08\/guardsman.jpg\",\"width\":235,\"height\":235,\"caption\":\"Guardsman Dog Guards\"},\"image\":{\"@id\":\"https:\/\/www.guardsmandogguards.co.uk\/#\/schema\/logo\/image\/\"},\"sameAs\":[\"https:\/\/www.facebook.com\/AthagGuardsman\",\"https:\/\/x.com\/AthagGuardsman\",\"https:\/\/www.linkedin.com\/in\/athag-guardsman-44a5699a\/\"]}]}<\/script>\n<!-- \/ Yoast SEO plugin. -->","yoast_head_json":{"title":"PRODUKTGARANTIE - Guardsman Dog Guards","robots":{"index":"index","follow":"follow","max-snippet":"max-snippet:-1","max-image-preview":"max-image-preview:large","max-video-preview":"max-video-preview:-1"},"canonical":"https:\/\/www.guardsmandogguards.co.uk\/de\/produktgarantie\/","og_locale":"de_DE","og_type":"article","og_title":"PRODUKTGARANTIE - Guardsman Dog Guards","og_description":"F\u00fcr alle \u201eGuardsman\u201c-Hundegitter und Kofferraumtrenner gilt eine begrenzte F\u00fcnf-Jahres-Garantie bei normalem Gebrauch. Diese Garantie beschr\u00e4nkt sich auf die Kosten oder den Ersatz des bei uns gekauften Originalartikels. Diese Garantie erlischt, wenn das Teil in irgendeiner Weise ver\u00e4ndert oder modifiziert wurde. [&hellip;]","og_url":"https:\/\/www.guardsmandogguards.co.uk\/de\/produktgarantie\/","og_site_name":"Guardsman Dog Guards","article_publisher":"https:\/\/www.facebook.com\/AthagGuardsman","article_modified_time":"2024-04-30T09:23:49+00:00","twitter_card":"summary_large_image","twitter_site":"@AthagGuardsman","twitter_misc":{"Gesch\u00e4tzte Lesezeit":"1\u00a0Minute"},"schema":{"@context":"https:\/\/schema.org","@graph":[{"@type":"WebPage","@id":"https:\/\/www.guardsmandogguards.co.uk\/de\/produktgarantie\/","url":"https:\/\/www.guardsmandogguards.co.uk\/de\/produktgarantie\/","name":"PRODUKTGARANTIE - Guardsman Dog Guards","isPartOf":{"@id":"https:\/\/www.guardsmandogguards.co.uk\/#website"},"datePublished":"2018-07-01T20:33:49+00:00","dateModified":"2024-04-30T09:23:49+00:00","breadcrumb":{"@id":"https:\/\/www.guardsmandogguards.co.uk\/de\/produktgarantie\/#breadcrumb"},"inLanguage":"de","potentialAction":[{"@type":"ReadAction","target":["https:\/\/www.guardsmandogguards.co.uk\/de\/produktgarantie\/"]}]},{"@type":"BreadcrumbList","@id":"https:\/\/www.guardsmandogguards.co.uk\/de\/produktgarantie\/#breadcrumb","itemListElement":[{"@type":"ListItem","position":1,"name":"Home","item":"https:\/\/www.guardsmandogguards.co.uk\/de\/"},{"@type":"ListItem","position":2,"name":"PRODUKTGARANTIE"}]},{"@type":"WebSite","@id":"https:\/\/www.guardsmandogguards.co.uk\/#website","url":"https:\/\/www.guardsmandogguards.co.uk\/","name":"Guardsman Dog Guards","description":"A full range of Dog Guards and Boot Dividers for all Car Brands and Models","publisher":{"@id":"https:\/\/www.guardsmandogguards.co.uk\/#organization"},"potentialAction":[{"@type":"SearchAction","target":{"@type":"EntryPoint","urlTemplate":"https:\/\/www.guardsmandogguards.co.uk\/?s={search_term_string}"},"query-input":{"@type":"PropertyValueSpecification","valueRequired":true,"valueName":"search_term_string"}}],"inLanguage":"de"},{"@type":"Organization","@id":"https:\/\/www.guardsmandogguards.co.uk\/#organization","name":"Guardsman Dog Guards","url":"https:\/\/www.guardsmandogguards.co.uk\/","logo":{"@type":"ImageObject","inLanguage":"de","@id":"https:\/\/www.guardsmandogguards.co.uk\/#\/schema\/logo\/image\/","url":"https:\/\/www.guardsmandogguards.co.uk\/wp-content\/uploads\/2017\/08\/guardsman.jpg","contentUrl":"https:\/\/www.guardsmandogguards.co.uk\/wp-content\/uploads\/2017\/08\/guardsman.jpg","width":235,"height":235,"caption":"Guardsman Dog Guards"},"image":{"@id":"https:\/\/www.guardsmandogguards.co.uk\/#\/schema\/logo\/image\/"},"sameAs":["https:\/\/www.facebook.com\/AthagGuardsman","https:\/\/x.com\/AthagGuardsman","https:\/\/www.linkedin.com\/in\/athag-guardsman-44a5699a\/"]}]}},"_links":{"self":[{"href":"https:\/\/www.guardsmandogguards.co.uk\/de\/wp-json\/wp\/v2\/pages\/4777","targetHints":{"allow":["GET"]}}],"collection":[{"href":"https:\/\/www.guardsmandogguards.co.uk\/de\/wp-json\/wp\/v2\/pages"}],"about":[{"href":"https:\/\/www.guardsmandogguards.co.uk\/de\/wp-json\/wp\/v2\/types\/page"}],"author":[{"embeddable":true,"href":"https:\/\/www.guardsmandogguards.co.uk\/de\/wp-json\/wp\/v2\/users\/1"}],"replies":[{"embeddable":true,"href":"https:\/\/www.guardsmandogguards.co.uk\/de\/wp-json\/wp\/v2\/comments?post=4777"}],"version-history":[{"count":2,"href":"https:\/\/www.guardsmandogguards.co.uk\/de\/wp-json\/wp\/v2\/pages\/4777\/revisions"}],"predecessor-version":[{"id":61746,"href":"https:\/\/www.guardsmandogguards.co.uk\/de\/wp-json\/wp\/v2\/pages\/4777\/revisions\/61746"}],"wp:attachment":[{"href":"https:\/\/www.guardsmandogguards.co.uk\/de\/wp-json\/wp\/v2\/media?parent=4777"}],"curies":[{"name":"wp","href":"https:\/\/api.w.org\/{rel}","templated":true}]}}