{"id":4774,"date":"2018-07-01T21:34:44","date_gmt":"2018-07-01T20:34:44","guid":{"rendered":"https:\/\/www.guardsmandogguards.co.uk\/?page_id=4774"},"modified":"2025-11-20T18:18:46","modified_gmt":"2025-11-20T18:18:46","slug":"geschaeftsbedingungen","status":"publish","type":"page","link":"https:\/\/www.guardsmandogguards.co.uk\/de\/geschaeftsbedingungen\/","title":{"rendered":"GESCH\u00c4FTSBEDINGUNGEN"},"content":{"rendered":"<p><b>Willkommen auf der \u00a0\u2018GUARDSMAN\u2019 Website und die Nutzungs- und Handlungsbedingungen.<\/b><\/p>\n<p><span style=\"font-weight: 400;\">Diese Nutzungs- und Handlungsbedingungen beziehen sich auf die Nutzung dieser Website und wenn Sie eine Bestellung machen, akzeptieren Sie sie als rechtlich bindend. \u00a0\u00a0<\/span><\/p>\n<p><span style=\"font-weight: 400;\">Alle Informationen auf dieser Website sind zum Zeitpunkt dieser Ver\u00f6ffentlichung korrekt aber, weil die Philosophie der Firma ist, st\u00e4ndige Verbesserungen zu machen, behalten wir das Recht vor, Spezifikationen und Preise zu \u00e4ndern. \u00a0Alle Ma\u00dfe und Spezifikationen sind approximativ.<\/span><\/p>\n<p><b>1.i Eine Bestellung abgeben<\/b><span style=\"font-weight: 400;\">\u00a0\u2013 Das Online-Gesch\u00e4ft f\u00fcr unsere Standardprodukte sollte benutzerfreundlich sein. Wir hoffen, dass Sie es ohne Schwierigkeiten benutzen k\u00f6nnen. \u00a0Falls Sie Probleme haben sollten, nehmen Sie einfach per E-mail Kontakt mit uns auf, bevor Sie Ihre Kreditkarte-Details oder Debitkarte-Details eingeben. \u00a0Sie d\u00fcrfen zu jeder Zeit die Details Ihrer Bestellung \u00e4ndern, bis zu dem Zeitpunkt, wenn Sie Ihre Karte-Details eingeben. Wenn Ihre Bestellung korrekt und fertig ist, drucken Sie bitte eine Kopie als zuk\u00fcnftige Referenz aus.<\/span><\/p>\n<p><b>ii. Bezahlung \u2013 <\/b><span style=\"font-weight: 400;\">Bezahlung kann mit Euros gemacht werden. Wir akzeptieren keine andere W\u00e4hrung, es sei denn durche vorherige Zustimmung. Akzeptable Zahlungsmethoden sind Visa, Mastercard, Maestro und Solo durch Paypal. \u00a0Bitte Beachten Sie, dass wenn eine Zahlung anderer Art vereinbart ist, kann Ihre Bestellung akzeptiert werden, erst nachdem wir die verf\u00fcgbaren Mittel akzeptiert haben.<\/span><\/p>\n<p><strong>iii. Auftragsbest\u00e4tigung<\/strong> &#8211; Nachdem Sie eine Bestellung aufgegeben haben, senden wir Ihnen eine E-Mail, in der mitgeteilt wird, dass Ihre Bestellung bei uns eingegangen ist.<\/p>\n<p>Wenn wir Ihnen Produkte nicht liefern k\u00f6nnen, zum Beispiel weil diese Produkte nicht verf\u00fcgbar sind, weil wir Ihren gew\u00fcnschten Liefertermin nicht einhalten k\u00f6nnen oder aufgrund eines Fehlers in den Preisen\/Kosten der Lieferung, werden wir Sie per E-Mail dar\u00fcber informieren sobald wir k\u00f6nnen.<\/p>\n<p>Wir behalten uns auch das Recht vor, Ihre Bestellung abzulehnen\/zu erstatten, wenn wir der Meinung sind, dass das bestellte Produkt auf unangemessene oder unsichere Weise verwendet oder montiert wird, was zu Verletzungen oder Sch\u00e4den f\u00fchren k\u00f6nnte. Wir haften nicht f\u00fcr finanzielle Verluste aufgrund der falschen Montage unserer Produkte. Dies schlie\u00dft den Versuch ein, sie mit Produkten anderer Hersteller zu verwenden oder nicht als Teil des Kits, f\u00fcr das sie speziell bestimmt sind.<\/p>\n<p>Wenn Sie die Produkte bereits bezahlt haben, erstatten wir Ihnen den vollen Betrag so schnell wie m\u00f6glich zur\u00fcck.<\/p>\n<p><strong>iv. Farbe und Aussehen<\/strong> &#8211; Bitte beachten Sie, dass es in Farbe und Aussehen unserer Produkte zu leichten Abweichungen kommen kann. Abbildungen unserer Produkte in allen Ver\u00f6ffentlichungen, einschlie\u00dflich dieser Website, sind nur Darstellungen.<\/p>\n<p><strong>v. Lieferzeiten<\/strong> &#8211; Wir versuchen, so viele Teile wie m\u00f6glich auf Lager zu halten.<\/p>\n<p>Wenn das von Ihnen bestellte Teil nicht auf Lager ist, bauen wir es f\u00fcr Sie. Dies gilt haupts\u00e4chlich f\u00fcr Trennw\u00e4nde, die speziell auf Ihre Bestellung hin angefertigt werden. Die Lieferzeit betr\u00e4gt zwischen 5 und 10 Werktagen.<\/p>\n<p>Wenn Sie Ihre Bestellung aufgeben, werden die Versandkosten an der Kasse auf den Preis aufgeschlagen.<\/p>\n<p>&nbsp;<\/p>\n<p><strong>2i.R\u00fccksendungen und R\u00fcckerstattungen <\/strong>-Falls Sie aus irgendeinem Grund Ihren unbenutzten Guardsman Hundegitter oder Hundegitter und Kofferraumtrennwand zur\u00fcckgeben m\u00f6chten, m\u00fcssen Sie uns dies innerhalb von 14 Tagen nach Lieferung mitteilen<strong>.<\/strong>\u00a0Nachdem Sie uns \u00fcber Ihre Absicht zur R\u00fccksendung Ihrer Bestellung informiert haben, haben Sie weitere 14 Kalendertage Zeit, um den Artikel unbenutzt, in der Originalverpackung und im Originalzustand an uns zur\u00fcckzusenden, um eine R\u00fcckerstattung zu erhalten. Sie sollten sich die Nummer der Quittung und den Versandnachweis f\u00fcr Ihre eigenen Unterlagen notieren.<\/p>\n<p>Sie tragen die Kosten f\u00fcr die R\u00fccksendung des Artikels. Wir erstatten Ihnen die Kosten Ihrer Bestellung abz\u00fcglich der anf\u00e4nglichen Lieferkosten, die Sie bezahlt haben und die wir an das Lieferunternehmen weitergegeben haben. Wir werden auch die Kosten f\u00fcr einen neuen Karton abziehen, da wir die Verpackung nicht wiederverwenden k\u00f6nnen (7 Euros pro Artikel).<\/p>\n<p>Alle anderen Betr\u00e4ge, die von Ihrer R\u00fcckerstattung abgebucht werden, werden nur zur Deckung der Reparaturarbeiten vorgenommen, die erforderlich sind, um das Teil wieder in einen wiederverkaufsf\u00e4higen Zustand zu versetzen wenn dies durch Sie oder Ihre Beauftragten in einer Weise verursacht wurde, die in einem Gesch\u00e4ft nicht zul\u00e4ssig w\u00e4re, oder ihnen Schaden zugef\u00fcgt wurde. Wenn das Teil in einem Zustand an uns zur\u00fcckgesendet wird, den wir f\u00fcr den Weiterverkauf nicht anbieten k\u00f6nnen, k\u00f6nnen wir die R\u00fcckerstattung verweigern.<\/p>\n<p>R\u00fcckerstattungen werden innerhalb von 3 Werktagen nach Erhalt des zur\u00fcckgegebenen Artikels bearbeitet.<\/p>\n<p>Nach 14 Tagen wird eine R\u00fcckgabe nach Ermessen des Unternehmens vereinbart.<\/p>\n<p>Gebrauchte Teile nehmen wir ohne vorherige Kenntnisnahme oder unsere ausdr\u00fcckliche vorherige schriftliche Zustimmung nicht zur\u00fcck. Auch mit dieser ausdr\u00fccklichen schriftlichen Vereinbarung k\u00f6nnen wir die R\u00fcckzahlung verweigern, wenn das Teil in einem Zustand zur\u00fcckgegeben wird, den wir f\u00fcr den Weiterverkauf nicht anbieten k\u00f6nnen. Alle Teile des Bausatzes, wie sie urspr\u00fcnglich gekauft wurden, m\u00fcssen zur\u00fcckgegeben werden.<br \/>\nWenn Sie den Artikel von au\u00dferhalb der britischen Steuerzone zur\u00fccksenden, erstatten wir keine lokalen Steuern oder Abgaben, die Sie m\u00f6glicherweise bezahlt haben.<\/p>\n<p><strong>ii. Teile nach Kundenma\u00dfen<\/strong> \u2013 Wenn wir ein Hundegitter oder einen Kofferraumteiler nach den von Ihnen bereitgestellten Ma\u00dfen angefertigt haben, nehmen wir die Teile nicht zur\u00fcck und leisten keine R\u00fcckerstattung. Nat\u00fcrlich werden wir versuchen, jedes Problem zu beheben, aber dies ist kostenpflichtig.<\/p>\n<p><strong>iii. Verdacht auf fehlerhafte Ware<\/strong> &#8211;\u00a0Wenn Sie vermuten, dass Ihr Artikel fehlerhaft ist, kontaktieren Sie uns bitte so schnell wie m\u00f6glich (maximal 14 Tage nach Erhalt), um Ihr Problem zu besprechen. Gerne besprechen wir jeden vermuteten Fehler oder Fehler. Versuchen Sie keine Installation ohne das vollst\u00e4ndige und funktionsf\u00e4hige Kit. Dies kann zu Sch\u00e4den an den von uns gelieferten Teilen oder an Ihrem Fahrzeug f\u00fchren und auch zu einer unsicheren Installation f\u00fchren. Wir \u00fcbernehmen keine Verantwortung f\u00fcr diese Ergebnisse. Wenn eine der Komponenten nach der Installation ausf\u00e4llt, entfernen Sie die gesamte Baugruppe.<\/p>\n<p>Im Zweifelsfall kontaktieren Sie uns &#8211;<a href=\"mailto:'info@athag.co.uk'\">&#8218;info@athag.co.uk&#8216;<\/a><\/p>\n<p>Damit wir Ihr Anliegen bearbeiten k\u00f6nnen, bitten wir Sie m\u00f6glicherweise auch um Fotos des Produkts im oder au\u00dferhalb des Fahrzeugs und zus\u00e4tzliche Fahrzeuginformationen, einschlie\u00dflich Innen- und Au\u00dfenfotos Ihres Fahrzeugs und Innenma\u00dfe.<\/p>\n<p>Diese Informationen erm\u00f6glichen es uns in den meisten F\u00e4llen, Einbauprobleme zu beheben oder festzustellen, dass sich das Fahrzeuglayout m\u00f6glicherweise ge\u00e4ndert hat. Wenn Sie die von uns angeforderten Informationen nicht bereitstellen k\u00f6nnen oder wollen, hat dies Auswirkungen auf die Art und Weise, wie Ihr Anspruch bearbeitet wird. iii. Verdacht auf fehlerhafte Ware &#8211;\u00a0Wenn Sie vermuten, dass Ihr Artikel fehlerhaft ist, kontaktieren Sie uns bitte so schnell wie m\u00f6glich (maximal 14 Tage nach Erhalt), um Ihr Problem zu besprechen. Gerne besprechen wir jeden vermuteten Fehler oder Fehler. Versuchen Sie keine Installation ohne das vollst\u00e4ndige und funktionsf\u00e4hige Kit. Dies kann zu Sch\u00e4den an den von uns gelieferten Teilen oder an Ihrem Fahrzeug f\u00fchren und auch zu einer unsicheren Installation f\u00fchren. Wir \u00fcbernehmen keine Verantwortung f\u00fcr diese Ergebnisse.<\/p>\n<p>Wenn eine der Komponenten ausf\u00e4llt, sind die Artikel fehlerhaft oder es liegt ein Fehler unsererseits vor.<\/p>\n<p>Wir werden:<\/p>\n<p>(a)\u00a0 Ihnen den Preis zur\u00fcckerstatten, den Sie f\u00fcr die Produkte bezahlt haben.<\/p>\n<p>(b)\u00a0alle von Ihnen bezahlten Versandkosten erstatten<\/p>\n<p>(c) die Abholung auf unsere Kosten veranlassen.<\/p>\n<p>Wir haften nicht f\u00fcr Verluste aufgrund einer falschen Montage des von uns gelieferten Teils. Dazu geh\u00f6ren der Einbau des Teils in das falsche Fahrzeug, die Verwendung mit falschen Anschl\u00fcssen, der Versuch, das Teil mit\/an einem Element von Komponenten eines anderen Herstellers zu montieren, das \u00dcberdrehen der Teile oder der Versuch, die Teile zum Einbau zu erzwingen.<\/p>\n<p>Wir haften nicht f\u00fcr Verluste im Zusammenhang mit Ihrer Bestellung, die den urspr\u00fcnglichen Bestellwert \u00fcberschreiten.<\/p>\n<p><strong>3. R\u00fcckgabe und R\u00fcckerstattungen &#8211;<\/strong><\/p>\n<p><strong>Kofferraumwannen auf Bestellung<\/strong> \u2013 Aufgrund der Komplexit\u00e4t der von uns hergestellten Produkte sind alle angegebenen Lieferzeiten nur ungef\u00e4hre Angaben. Wir empfehlen Ihnen, Ihre Bestellung so fr\u00fch wie m\u00f6glich aufzugeben. Bei der Bestellung ben\u00f6tigen wir alle Informationen zum Fahrzeug, d. h. Marke, Modell, Baujahr, Typ: Kombi oder Flie\u00dfheck. Je mehr Informationen Sie unserem Verkaufspersonal zur Verf\u00fcgung stellen, desto besser k\u00f6nnen wir Ihnen bei der Bereitstellung des am besten geeigneten Produkts helfen. Eine R\u00fcckerstattung der Kofferraumwannen (innerhalb von 12 Monaten nach Lieferung) kommt nur dann in Betracht, wenn nachgewiesen werden kann, dass sie mit einem Fehler geliefert wurden oder w\u00e4hrend des Transports besch\u00e4digt wurden (innerhalb von 1 Tag nach Lieferung).<\/p>\n<p><strong>4. Transportsch\u00e4den<\/strong> \u2013 Wenn Sie Ihre Bestellung aufgrund von Transportsch\u00e4den zur\u00fccksenden m\u00f6chten, kontaktieren Sie uns bitte innerhalb von 1 Werktag nach Erhalt, um den Lieferschaden mitzuteilen. Um sicherzustellen, dass Ihr Anspruch g\u00fcltig ist, m\u00fcssen Sie die Bestellung als Besch\u00e4digt unterschrieben haben.<\/p>\n<p>Anspr\u00fcche bestehen unter den folgenden Umst\u00e4nden nicht: &#8211;<\/p>\n<p>(a) Die Bestellung wurde nicht als besch\u00e4digt unterzeichnet.<br \/>\n(b) Wir wurden NICHT innerhalb von 1 Werktag nach Erhalt benachrichtigt.<\/p>\n<p>Sobald sichergestellt ist, dass der Transportschaden verursacht wurde, k\u00fcmmern wir uns umgehend um die Abholung \/ den Ersatz.<\/p>\n<p><strong>5. Preis \/ Mehrwertsteuer \/ Zoll<\/strong>\u00a0&#8211; der angezeigte Preis beinhaltet keine Mehrwertsteuer oder Lieferung.<\/p>\n<p>Athag Ltd. (Guardsman) \u00fcbernimmt keine Verantwortung f\u00fcr Mehrwertsteuer, Z\u00f6lle oder sonstige Geb\u00fchren, die von Regierungen oder Lieferunternehmen auf Lieferungen au\u00dferhalb Gro\u00dfbritanniens erhoben werden. Sollten Sie mit den von Dritten erhobenen Geb\u00fchren unzufrieden sein, empfehlen wir Ihnen, die Annahme des Teils zu verweigern.<\/p>\n<p><strong>6. Lieferung und Porto<\/strong> &#8211; Alle Bestellungen werden von Spediteuren geliefert, die normalerweise eine Unterschrift ben\u00f6tigen. Sollten bei der Lieferung Schwierigkeiten auftreten, eine Unterschrift zu erhalten, setzen Sie sich bitte mit uns in Verbindung, damit alternative Liefervereinbarungen getroffen werden k\u00f6nnen. Artikel k\u00f6nnen nicht versendet werden, bis wir eine best\u00e4tigte Lieferadresse haben. Sie m\u00fcssen uns bei der Anlieferung auf eventuelle Besch\u00e4digungen hinweisen und den Lieferschein entsprechend unterschreiben.<\/p>\n<p><strong>7. Datenschutz<\/strong>\u00a0\u2013 Wir geben keine K\u00e4uferdaten an Dritte weiter, au\u00dfer wenn Bestelldaten im Rahmen der Auftragserf\u00fcllung verarbeitet werden. In diesem Fall gibt der Dritte keine Daten an einen anderen Dritten weiter.<br \/>\nAuf dieser Shopping-Site k\u00f6nnen Cookies verwendet werden, um den Inhalt Ihres Warenkorbs zu verfolgen und die Lieferung zu speichern. Die von dieser Site gesammelten Daten werden verwendet, um:<\/p>\n<p>a) Kundenauftr\u00e4ge entgegenzunehmen und auszuf\u00fchren.<\/p>\n<p>b) Verwaltung und Verbesserung der Site und des Dienstes.<\/p>\n<p>c) Geben Sie Informationen nur zum Zwecke der Warenlieferung an Dritte weiter.<\/p>\n<p><strong>8. Urheberrecht,<\/strong> Warenzeichen, Patente und anderes geistiges Eigentum &#8211; Bitte beachten Sie, dass unsere Produkte und alle Ver\u00f6ffentlichungen zu unseren Produkten Urheberrechten, Warenzeichen, Patenten oder anderen geistigen Eigentumsrechten unterliegen, die bei uns, unseren Lizenzgebern oder den jeweiligen Eigent\u00fcmern verbleiben. und d\u00fcrfen ohne vorherige Ank\u00fcndigung und ausdr\u00fcckliche schriftliche Genehmigung nicht anders als eindeutig beabsichtigt verwendet werden.<\/p>\n<p><strong>9. Geltendes Recht und Gerichtsstand<\/strong> &#8211; Diese Allgemeinen Gesch\u00e4ftsbedingungen unterliegen den Gesetzen von England und Wales und werden in \u00dcbereinstimmung mit diesen ausgelegt. Au\u00dfer vor den Gerichten von England &amp; Wales k\u00f6nnen keine Anspr\u00fcche gegen Athag Limited geltend gemacht werden.<\/p>\n<p>&nbsp;<\/p>\n","protected":false},"excerpt":{"rendered":"<p>Willkommen auf der \u00a0\u2018GUARDSMAN\u2019 Website und die Nutzungs- und Handlungsbedingungen. Diese Nutzungs- und Handlungsbedingungen beziehen sich auf die Nutzung dieser Website und wenn Sie eine Bestellung machen, akzeptieren Sie sie als rechtlich bindend. \u00a0\u00a0 Alle Informationen auf dieser Website sind [&hellip;]<\/p>\n","protected":false},"author":1,"featured_media":0,"parent":0,"menu_order":0,"comment_status":"closed","ping_status":"closed","template":"full-width.php","meta":{"footnotes":""},"class_list":["post-4774","page","type-page","status-publish","hentry"],"yoast_head":"<!-- This site is optimized with the Yoast SEO plugin v26.0 - https:\/\/yoast.com\/wordpress\/plugins\/seo\/ -->\n<title>GESCH\u00c4FTSBEDINGUNGEN - Guardsman Dog Guards<\/title>\n<meta name=\"robots\" content=\"index, follow, max-snippet:-1, max-image-preview:large, max-video-preview:-1\" \/>\n<link rel=\"canonical\" href=\"https:\/\/www.guardsmandogguards.co.uk\/de\/geschaeftsbedingungen\/\" \/>\n<meta property=\"og:locale\" content=\"de_DE\" \/>\n<meta property=\"og:type\" content=\"article\" \/>\n<meta property=\"og:title\" content=\"GESCH\u00c4FTSBEDINGUNGEN - Guardsman Dog Guards\" \/>\n<meta property=\"og:description\" content=\"Willkommen auf der \u00a0\u2018GUARDSMAN\u2019 Website und die Nutzungs- und Handlungsbedingungen. Diese Nutzungs- und Handlungsbedingungen beziehen sich auf die Nutzung dieser Website und wenn Sie eine Bestellung machen, akzeptieren Sie sie als rechtlich bindend. \u00a0\u00a0 Alle Informationen auf dieser Website sind [&hellip;]\" \/>\n<meta property=\"og:url\" content=\"https:\/\/www.guardsmandogguards.co.uk\/de\/geschaeftsbedingungen\/\" \/>\n<meta property=\"og:site_name\" content=\"Guardsman Dog Guards\" \/>\n<meta property=\"article:publisher\" content=\"https:\/\/www.facebook.com\/AthagGuardsman\" \/>\n<meta property=\"article:modified_time\" content=\"2025-11-20T18:18:46+00:00\" \/>\n<meta name=\"twitter:card\" content=\"summary_large_image\" \/>\n<meta name=\"twitter:site\" content=\"@AthagGuardsman\" \/>\n<meta name=\"twitter:label1\" content=\"Gesch\u00e4tzte Lesezeit\" \/>\n\t<meta name=\"twitter:data1\" content=\"8\u00a0Minuten\" \/>\n<script type=\"application\/ld+json\" class=\"yoast-schema-graph\">{\"@context\":\"https:\/\/schema.org\",\"@graph\":[{\"@type\":\"WebPage\",\"@id\":\"https:\/\/www.guardsmandogguards.co.uk\/de\/geschaeftsbedingungen\/\",\"url\":\"https:\/\/www.guardsmandogguards.co.uk\/de\/geschaeftsbedingungen\/\",\"name\":\"GESCH\u00c4FTSBEDINGUNGEN - Guardsman Dog Guards\",\"isPartOf\":{\"@id\":\"https:\/\/www.guardsmandogguards.co.uk\/#website\"},\"datePublished\":\"2018-07-01T20:34:44+00:00\",\"dateModified\":\"2025-11-20T18:18:46+00:00\",\"breadcrumb\":{\"@id\":\"https:\/\/www.guardsmandogguards.co.uk\/de\/geschaeftsbedingungen\/#breadcrumb\"},\"inLanguage\":\"de\",\"potentialAction\":[{\"@type\":\"ReadAction\",\"target\":[\"https:\/\/www.guardsmandogguards.co.uk\/de\/geschaeftsbedingungen\/\"]}]},{\"@type\":\"BreadcrumbList\",\"@id\":\"https:\/\/www.guardsmandogguards.co.uk\/de\/geschaeftsbedingungen\/#breadcrumb\",\"itemListElement\":[{\"@type\":\"ListItem\",\"position\":1,\"name\":\"Home\",\"item\":\"https:\/\/www.guardsmandogguards.co.uk\/de\/\"},{\"@type\":\"ListItem\",\"position\":2,\"name\":\"GESCH\u00c4FTSBEDINGUNGEN\"}]},{\"@type\":\"WebSite\",\"@id\":\"https:\/\/www.guardsmandogguards.co.uk\/#website\",\"url\":\"https:\/\/www.guardsmandogguards.co.uk\/\",\"name\":\"Guardsman Dog Guards\",\"description\":\"A full range of Dog Guards and Boot Dividers for all Car Brands and Models\",\"publisher\":{\"@id\":\"https:\/\/www.guardsmandogguards.co.uk\/#organization\"},\"potentialAction\":[{\"@type\":\"SearchAction\",\"target\":{\"@type\":\"EntryPoint\",\"urlTemplate\":\"https:\/\/www.guardsmandogguards.co.uk\/?s={search_term_string}\"},\"query-input\":{\"@type\":\"PropertyValueSpecification\",\"valueRequired\":true,\"valueName\":\"search_term_string\"}}],\"inLanguage\":\"de\"},{\"@type\":\"Organization\",\"@id\":\"https:\/\/www.guardsmandogguards.co.uk\/#organization\",\"name\":\"Guardsman Dog Guards\",\"url\":\"https:\/\/www.guardsmandogguards.co.uk\/\",\"logo\":{\"@type\":\"ImageObject\",\"inLanguage\":\"de\",\"@id\":\"https:\/\/www.guardsmandogguards.co.uk\/#\/schema\/logo\/image\/\",\"url\":\"https:\/\/www.guardsmandogguards.co.uk\/wp-content\/uploads\/2017\/08\/guardsman.jpg\",\"contentUrl\":\"https:\/\/www.guardsmandogguards.co.uk\/wp-content\/uploads\/2017\/08\/guardsman.jpg\",\"width\":235,\"height\":235,\"caption\":\"Guardsman Dog Guards\"},\"image\":{\"@id\":\"https:\/\/www.guardsmandogguards.co.uk\/#\/schema\/logo\/image\/\"},\"sameAs\":[\"https:\/\/www.facebook.com\/AthagGuardsman\",\"https:\/\/x.com\/AthagGuardsman\",\"https:\/\/www.linkedin.com\/in\/athag-guardsman-44a5699a\/\"]}]}<\/script>\n<!-- \/ Yoast SEO plugin. -->","yoast_head_json":{"title":"GESCH\u00c4FTSBEDINGUNGEN - Guardsman Dog Guards","robots":{"index":"index","follow":"follow","max-snippet":"max-snippet:-1","max-image-preview":"max-image-preview:large","max-video-preview":"max-video-preview:-1"},"canonical":"https:\/\/www.guardsmandogguards.co.uk\/de\/geschaeftsbedingungen\/","og_locale":"de_DE","og_type":"article","og_title":"GESCH\u00c4FTSBEDINGUNGEN - Guardsman Dog Guards","og_description":"Willkommen auf der \u00a0\u2018GUARDSMAN\u2019 Website und die Nutzungs- und Handlungsbedingungen. Diese Nutzungs- und Handlungsbedingungen beziehen sich auf die Nutzung dieser Website und wenn Sie eine Bestellung machen, akzeptieren Sie sie als rechtlich bindend. \u00a0\u00a0 Alle Informationen auf dieser Website sind [&hellip;]","og_url":"https:\/\/www.guardsmandogguards.co.uk\/de\/geschaeftsbedingungen\/","og_site_name":"Guardsman Dog Guards","article_publisher":"https:\/\/www.facebook.com\/AthagGuardsman","article_modified_time":"2025-11-20T18:18:46+00:00","twitter_card":"summary_large_image","twitter_site":"@AthagGuardsman","twitter_misc":{"Gesch\u00e4tzte Lesezeit":"8\u00a0Minuten"},"schema":{"@context":"https:\/\/schema.org","@graph":[{"@type":"WebPage","@id":"https:\/\/www.guardsmandogguards.co.uk\/de\/geschaeftsbedingungen\/","url":"https:\/\/www.guardsmandogguards.co.uk\/de\/geschaeftsbedingungen\/","name":"GESCH\u00c4FTSBEDINGUNGEN - Guardsman Dog Guards","isPartOf":{"@id":"https:\/\/www.guardsmandogguards.co.uk\/#website"},"datePublished":"2018-07-01T20:34:44+00:00","dateModified":"2025-11-20T18:18:46+00:00","breadcrumb":{"@id":"https:\/\/www.guardsmandogguards.co.uk\/de\/geschaeftsbedingungen\/#breadcrumb"},"inLanguage":"de","potentialAction":[{"@type":"ReadAction","target":["https:\/\/www.guardsmandogguards.co.uk\/de\/geschaeftsbedingungen\/"]}]},{"@type":"BreadcrumbList","@id":"https:\/\/www.guardsmandogguards.co.uk\/de\/geschaeftsbedingungen\/#breadcrumb","itemListElement":[{"@type":"ListItem","position":1,"name":"Home","item":"https:\/\/www.guardsmandogguards.co.uk\/de\/"},{"@type":"ListItem","position":2,"name":"GESCH\u00c4FTSBEDINGUNGEN"}]},{"@type":"WebSite","@id":"https:\/\/www.guardsmandogguards.co.uk\/#website","url":"https:\/\/www.guardsmandogguards.co.uk\/","name":"Guardsman Dog Guards","description":"A full range of Dog Guards and Boot Dividers for all Car Brands and Models","publisher":{"@id":"https:\/\/www.guardsmandogguards.co.uk\/#organization"},"potentialAction":[{"@type":"SearchAction","target":{"@type":"EntryPoint","urlTemplate":"https:\/\/www.guardsmandogguards.co.uk\/?s={search_term_string}"},"query-input":{"@type":"PropertyValueSpecification","valueRequired":true,"valueName":"search_term_string"}}],"inLanguage":"de"},{"@type":"Organization","@id":"https:\/\/www.guardsmandogguards.co.uk\/#organization","name":"Guardsman Dog Guards","url":"https:\/\/www.guardsmandogguards.co.uk\/","logo":{"@type":"ImageObject","inLanguage":"de","@id":"https:\/\/www.guardsmandogguards.co.uk\/#\/schema\/logo\/image\/","url":"https:\/\/www.guardsmandogguards.co.uk\/wp-content\/uploads\/2017\/08\/guardsman.jpg","contentUrl":"https:\/\/www.guardsmandogguards.co.uk\/wp-content\/uploads\/2017\/08\/guardsman.jpg","width":235,"height":235,"caption":"Guardsman Dog Guards"},"image":{"@id":"https:\/\/www.guardsmandogguards.co.uk\/#\/schema\/logo\/image\/"},"sameAs":["https:\/\/www.facebook.com\/AthagGuardsman","https:\/\/x.com\/AthagGuardsman","https:\/\/www.linkedin.com\/in\/athag-guardsman-44a5699a\/"]}]}},"_links":{"self":[{"href":"https:\/\/www.guardsmandogguards.co.uk\/de\/wp-json\/wp\/v2\/pages\/4774","targetHints":{"allow":["GET"]}}],"collection":[{"href":"https:\/\/www.guardsmandogguards.co.uk\/de\/wp-json\/wp\/v2\/pages"}],"about":[{"href":"https:\/\/www.guardsmandogguards.co.uk\/de\/wp-json\/wp\/v2\/types\/page"}],"author":[{"embeddable":true,"href":"https:\/\/www.guardsmandogguards.co.uk\/de\/wp-json\/wp\/v2\/users\/1"}],"replies":[{"embeddable":true,"href":"https:\/\/www.guardsmandogguards.co.uk\/de\/wp-json\/wp\/v2\/comments?post=4774"}],"version-history":[{"count":22,"href":"https:\/\/www.guardsmandogguards.co.uk\/de\/wp-json\/wp\/v2\/pages\/4774\/revisions"}],"predecessor-version":[{"id":78974,"href":"https:\/\/www.guardsmandogguards.co.uk\/de\/wp-json\/wp\/v2\/pages\/4774\/revisions\/78974"}],"wp:attachment":[{"href":"https:\/\/www.guardsmandogguards.co.uk\/de\/wp-json\/wp\/v2\/media?parent=4774"}],"curies":[{"name":"wp","href":"https:\/\/api.w.org\/{rel}","templated":true}]}}