{"id":4717,"date":"2018-06-27T16:38:06","date_gmt":"2018-06-27T15:38:06","guid":{"rendered":"https:\/\/www.guardsmandogguards.co.uk\/?page_id=4717"},"modified":"2018-06-27T16:42:34","modified_gmt":"2018-06-27T15:42:34","slug":"faqs","status":"publish","type":"page","link":"https:\/\/www.guardsmandogguards.co.uk\/de\/faqs\/","title":{"rendered":"FAQs"},"content":{"rendered":"<p><strong>Wie leicht passen die Guardsman Hundegitter?<br \/>\n<\/strong>Jedes Guardsman Hundegitter wurde speziell f\u00fcr Ihr Auto entwickelt und wird zwischen 2 und 15 Minuten dauern, un einzubauen. Die Gitter wiegen etwa 5 Kilos und da Sie sich in den Kofferraum lehnen, um das Gitter einzupassen, wird ein zus\u00e4tzliches Paar H\u00e4nde das Leben erleichtern. Wir gehen davon aus, dass die meisten Kunden das Gitter in seinem Platz lassen. Jedoch wenn Sie es entfernen wollen, k\u00f6nnen Sie das ganz einfach tun. Bei der Montage m\u00fcssen Sie Ihr Auto in keener Weise bohren oder modifizieren, und alle unsere Teile passen unabh\u00e4ngig von den Kopfst\u00fctzen des Sitzes. Bei der Montage m\u00fcssen Sie Ihr Fahrzeug in keiner Weise bohren oder modifizieren, und alle Teile passen unabh\u00e4ngig von den Kopfst\u00fctzen des Sitzes. Alle Montageanleitungen warden mitgeliefert und alle Schrauben, die zur Montage des Hundegitters verwendet werden, werden mit einem Inbusschl\u00fcssel festgezogen, den wir im Bausatz mitgeliefert haben.<\/p>\n<p>&nbsp;<\/p>\n<p><strong>Ich habe ein Schiebedach in meinem Auto &#8211; passt das Hundegitter gut?<br \/>\n<\/strong>Ein normales Schiebedach bedeutet, dass der Dachhimmel etwas tiefer f\u00e4llt, um den Schiebedachmechanismus aufzunehmen. Bei vielen unserer Hundegitter macht das keinen Unterschied. Bei einigen liefern wir unterschiedliche Klammern und bei einigen haben wir die Wache komplett neu gestaltet. Wir haben dies in den Produktbeschreibungen behandelt, aber wenn Sie sich nicht sicher sind, rufen Sie uns an und wir werden das erkl\u00e4ren.<\/p>\n<p>&nbsp;<\/p>\n<p><strong>Wie lange dauert die Lieferung meiner Bestellung?<br \/>\n<\/strong>Wenn wir die Teile auf Lager haben (und wir haben sehr viele!), versenden wir noch am selben Tag, wenn die Bestellung Montag bis Freitag vor 14:00 Uhr GMT erfolgt. Lieferung in den meisten Teilen des Vereinigten K\u00f6nigreichs dauert 1-2 Arbeitstage, wobei die meisten von Europa ein paar Tage l\u00e4nger sind. Lieferungen in die USA dauern 3-5 Tage. Es kann Umst\u00e4nde geben, die au\u00dferhalb der Kontrolle des Lieferunternehmens liegen und die Lieferungen verz\u00f6gern, so dass dieser Service nicht garantiert ist.<\/p>\n<p>&nbsp;<\/p>\n<p><strong>Ich m\u00f6chte ein Guardsman Hundegitter kaufen, aber es gibt zwei verschiedene Fahrzeuge f\u00fcr<\/strong><br \/>\n<strong>mein Modelljahr, wie w\u00e4hle ich?<br \/>\n<\/strong>Autohersteller \u00fcberschneiden sich manchmal mit dem Verkauf von ausgehenden und eingehenden Modellen. Die Hundegitter und Kofferraumgitter sind fahrzeugspezifisch, daher ist es wichtig, das richtige Teil f\u00fcr Ihr Auto zu bestellen. Wenn Sie unsicher sind, schicken Sie uns ein paar Informationen und hoffentlich einige digitale Bilder und wir werden unser Bestes tun, um Sie in die richtige Richtung zu weisen<\/p>\n<p>&nbsp;<\/p>\n<p><strong>Passt ein Guardsman verstellbarer Kofferraumteiler zu einer anderen Hundegittermarke?<br \/>\n<\/strong>Unsere Kofferraumteiler passen nur zu den entsprechenden Guardsman Hundegittern. Sie warden definitiv nicht in die Teile anderer Hersteller passen. Unsere Kofferraumteiler\/gitter sind die einzigen auf dem Markt, die in verschiedenen Positionen (70\/30, 60\/40, 50\/50) montiert werden k\u00f6nnen, so dass Sie die Gr\u00f6\u00dfe des Abteils variieren k\u00f6nnen.<\/p>\n<p>&nbsp;<\/p>\n<p><strong>Kann ich irgendwie sehen, wie die Teile passen, bevor ich kaufe?<br \/>\n<\/strong>Viele der Hundegitter benutzen vorhandene Befestigungspunkte im Auto. Alle Produktseiten auf dieser Website haben druckbare Montageanleitungen.<\/p>\n<p>&nbsp;<\/p>\n<p><strong>Ich habe ein Guardsman-Hundegitter gekauft und habe ein Problem damit, was soll ich tun?<br \/>\n<\/strong>Senden Sie eine E-Mail an info@athag.co.uk unter Angabe der Teilenummer, Ihrer Bestellnummer und der Art des Problems. Digitale Fotos helfen und sollten es uns erm\u00f6glichen, das Problem schneller zu l\u00f6sen.<\/p>\n<p>&nbsp;<\/p>\n<p><strong>Ich habe eins der Teile, das mit meiner Bestellung geliefert wurde, verlegt. Kann ich das Teil<\/strong><br \/>\n<strong>von Ihnen separat bestellen?<br \/>\n<\/strong>Mailen Sie uns mit der Teilenummer und einer Beschreibung des Teils und wir werden sehen, was wir tun k\u00f6nnen, um Ihnen zu helfen.<\/p>\n","protected":false},"excerpt":{"rendered":"<p>Wie leicht passen die Guardsman Hundegitter? Jedes Guardsman Hundegitter wurde speziell f\u00fcr Ihr Auto entwickelt und wird zwischen 2 und 15 Minuten dauern, un einzubauen. Die Gitter wiegen etwa 5 Kilos und da Sie sich in den Kofferraum lehnen, um [&hellip;]<\/p>\n","protected":false},"author":276,"featured_media":0,"parent":0,"menu_order":0,"comment_status":"closed","ping_status":"closed","template":"full-width.php","meta":{"footnotes":""},"class_list":["post-4717","page","type-page","status-publish","hentry"],"yoast_head":"<!-- This site is optimized with the Yoast SEO plugin v26.0 - https:\/\/yoast.com\/wordpress\/plugins\/seo\/ -->\n<title>FAQs - Guardsman Dog Guards<\/title>\n<meta name=\"robots\" content=\"index, follow, max-snippet:-1, max-image-preview:large, max-video-preview:-1\" \/>\n<link rel=\"canonical\" href=\"https:\/\/www.guardsmandogguards.co.uk\/de\/faqs\/\" \/>\n<meta property=\"og:locale\" content=\"de_DE\" \/>\n<meta property=\"og:type\" content=\"article\" \/>\n<meta property=\"og:title\" content=\"FAQs - Guardsman Dog Guards\" \/>\n<meta property=\"og:description\" content=\"Wie leicht passen die Guardsman Hundegitter? Jedes Guardsman Hundegitter wurde speziell f\u00fcr Ihr Auto entwickelt und wird zwischen 2 und 15 Minuten dauern, un einzubauen. Die Gitter wiegen etwa 5 Kilos und da Sie sich in den Kofferraum lehnen, um [&hellip;]\" \/>\n<meta property=\"og:url\" content=\"https:\/\/www.guardsmandogguards.co.uk\/de\/faqs\/\" \/>\n<meta property=\"og:site_name\" content=\"Guardsman Dog Guards\" \/>\n<meta property=\"article:publisher\" content=\"https:\/\/www.facebook.com\/AthagGuardsman\" \/>\n<meta property=\"article:modified_time\" content=\"2018-06-27T15:42:34+00:00\" \/>\n<meta name=\"twitter:card\" content=\"summary_large_image\" \/>\n<meta name=\"twitter:site\" content=\"@AthagGuardsman\" \/>\n<meta name=\"twitter:label1\" content=\"Gesch\u00e4tzte Lesezeit\" \/>\n\t<meta name=\"twitter:data1\" content=\"3\u00a0Minuten\" \/>\n<script type=\"application\/ld+json\" class=\"yoast-schema-graph\">{\"@context\":\"https:\/\/schema.org\",\"@graph\":[{\"@type\":\"WebPage\",\"@id\":\"https:\/\/www.guardsmandogguards.co.uk\/de\/faqs\/\",\"url\":\"https:\/\/www.guardsmandogguards.co.uk\/de\/faqs\/\",\"name\":\"FAQs - Guardsman Dog Guards\",\"isPartOf\":{\"@id\":\"https:\/\/www.guardsmandogguards.co.uk\/#website\"},\"datePublished\":\"2018-06-27T15:38:06+00:00\",\"dateModified\":\"2018-06-27T15:42:34+00:00\",\"breadcrumb\":{\"@id\":\"https:\/\/www.guardsmandogguards.co.uk\/de\/faqs\/#breadcrumb\"},\"inLanguage\":\"de\",\"potentialAction\":[{\"@type\":\"ReadAction\",\"target\":[\"https:\/\/www.guardsmandogguards.co.uk\/de\/faqs\/\"]}]},{\"@type\":\"BreadcrumbList\",\"@id\":\"https:\/\/www.guardsmandogguards.co.uk\/de\/faqs\/#breadcrumb\",\"itemListElement\":[{\"@type\":\"ListItem\",\"position\":1,\"name\":\"Home\",\"item\":\"https:\/\/www.guardsmandogguards.co.uk\/de\/\"},{\"@type\":\"ListItem\",\"position\":2,\"name\":\"FAQs\"}]},{\"@type\":\"WebSite\",\"@id\":\"https:\/\/www.guardsmandogguards.co.uk\/#website\",\"url\":\"https:\/\/www.guardsmandogguards.co.uk\/\",\"name\":\"Guardsman Dog Guards\",\"description\":\"A full range of Dog Guards and Boot Dividers for all Car Brands and Models\",\"publisher\":{\"@id\":\"https:\/\/www.guardsmandogguards.co.uk\/#organization\"},\"potentialAction\":[{\"@type\":\"SearchAction\",\"target\":{\"@type\":\"EntryPoint\",\"urlTemplate\":\"https:\/\/www.guardsmandogguards.co.uk\/?s={search_term_string}\"},\"query-input\":{\"@type\":\"PropertyValueSpecification\",\"valueRequired\":true,\"valueName\":\"search_term_string\"}}],\"inLanguage\":\"de\"},{\"@type\":\"Organization\",\"@id\":\"https:\/\/www.guardsmandogguards.co.uk\/#organization\",\"name\":\"Guardsman Dog Guards\",\"url\":\"https:\/\/www.guardsmandogguards.co.uk\/\",\"logo\":{\"@type\":\"ImageObject\",\"inLanguage\":\"de\",\"@id\":\"https:\/\/www.guardsmandogguards.co.uk\/#\/schema\/logo\/image\/\",\"url\":\"https:\/\/www.guardsmandogguards.co.uk\/wp-content\/uploads\/2017\/08\/guardsman.jpg\",\"contentUrl\":\"https:\/\/www.guardsmandogguards.co.uk\/wp-content\/uploads\/2017\/08\/guardsman.jpg\",\"width\":235,\"height\":235,\"caption\":\"Guardsman Dog Guards\"},\"image\":{\"@id\":\"https:\/\/www.guardsmandogguards.co.uk\/#\/schema\/logo\/image\/\"},\"sameAs\":[\"https:\/\/www.facebook.com\/AthagGuardsman\",\"https:\/\/x.com\/AthagGuardsman\",\"https:\/\/www.linkedin.com\/in\/athag-guardsman-44a5699a\/\"]}]}<\/script>\n<!-- \/ Yoast SEO plugin. -->","yoast_head_json":{"title":"FAQs - Guardsman Dog Guards","robots":{"index":"index","follow":"follow","max-snippet":"max-snippet:-1","max-image-preview":"max-image-preview:large","max-video-preview":"max-video-preview:-1"},"canonical":"https:\/\/www.guardsmandogguards.co.uk\/de\/faqs\/","og_locale":"de_DE","og_type":"article","og_title":"FAQs - Guardsman Dog Guards","og_description":"Wie leicht passen die Guardsman Hundegitter? Jedes Guardsman Hundegitter wurde speziell f\u00fcr Ihr Auto entwickelt und wird zwischen 2 und 15 Minuten dauern, un einzubauen. Die Gitter wiegen etwa 5 Kilos und da Sie sich in den Kofferraum lehnen, um [&hellip;]","og_url":"https:\/\/www.guardsmandogguards.co.uk\/de\/faqs\/","og_site_name":"Guardsman Dog Guards","article_publisher":"https:\/\/www.facebook.com\/AthagGuardsman","article_modified_time":"2018-06-27T15:42:34+00:00","twitter_card":"summary_large_image","twitter_site":"@AthagGuardsman","twitter_misc":{"Gesch\u00e4tzte Lesezeit":"3\u00a0Minuten"},"schema":{"@context":"https:\/\/schema.org","@graph":[{"@type":"WebPage","@id":"https:\/\/www.guardsmandogguards.co.uk\/de\/faqs\/","url":"https:\/\/www.guardsmandogguards.co.uk\/de\/faqs\/","name":"FAQs - Guardsman Dog Guards","isPartOf":{"@id":"https:\/\/www.guardsmandogguards.co.uk\/#website"},"datePublished":"2018-06-27T15:38:06+00:00","dateModified":"2018-06-27T15:42:34+00:00","breadcrumb":{"@id":"https:\/\/www.guardsmandogguards.co.uk\/de\/faqs\/#breadcrumb"},"inLanguage":"de","potentialAction":[{"@type":"ReadAction","target":["https:\/\/www.guardsmandogguards.co.uk\/de\/faqs\/"]}]},{"@type":"BreadcrumbList","@id":"https:\/\/www.guardsmandogguards.co.uk\/de\/faqs\/#breadcrumb","itemListElement":[{"@type":"ListItem","position":1,"name":"Home","item":"https:\/\/www.guardsmandogguards.co.uk\/de\/"},{"@type":"ListItem","position":2,"name":"FAQs"}]},{"@type":"WebSite","@id":"https:\/\/www.guardsmandogguards.co.uk\/#website","url":"https:\/\/www.guardsmandogguards.co.uk\/","name":"Guardsman Dog Guards","description":"A full range of Dog Guards and Boot Dividers for all Car Brands and Models","publisher":{"@id":"https:\/\/www.guardsmandogguards.co.uk\/#organization"},"potentialAction":[{"@type":"SearchAction","target":{"@type":"EntryPoint","urlTemplate":"https:\/\/www.guardsmandogguards.co.uk\/?s={search_term_string}"},"query-input":{"@type":"PropertyValueSpecification","valueRequired":true,"valueName":"search_term_string"}}],"inLanguage":"de"},{"@type":"Organization","@id":"https:\/\/www.guardsmandogguards.co.uk\/#organization","name":"Guardsman Dog Guards","url":"https:\/\/www.guardsmandogguards.co.uk\/","logo":{"@type":"ImageObject","inLanguage":"de","@id":"https:\/\/www.guardsmandogguards.co.uk\/#\/schema\/logo\/image\/","url":"https:\/\/www.guardsmandogguards.co.uk\/wp-content\/uploads\/2017\/08\/guardsman.jpg","contentUrl":"https:\/\/www.guardsmandogguards.co.uk\/wp-content\/uploads\/2017\/08\/guardsman.jpg","width":235,"height":235,"caption":"Guardsman Dog Guards"},"image":{"@id":"https:\/\/www.guardsmandogguards.co.uk\/#\/schema\/logo\/image\/"},"sameAs":["https:\/\/www.facebook.com\/AthagGuardsman","https:\/\/x.com\/AthagGuardsman","https:\/\/www.linkedin.com\/in\/athag-guardsman-44a5699a\/"]}]}},"_links":{"self":[{"href":"https:\/\/www.guardsmandogguards.co.uk\/de\/wp-json\/wp\/v2\/pages\/4717","targetHints":{"allow":["GET"]}}],"collection":[{"href":"https:\/\/www.guardsmandogguards.co.uk\/de\/wp-json\/wp\/v2\/pages"}],"about":[{"href":"https:\/\/www.guardsmandogguards.co.uk\/de\/wp-json\/wp\/v2\/types\/page"}],"author":[{"embeddable":true,"href":"https:\/\/www.guardsmandogguards.co.uk\/de\/wp-json\/wp\/v2\/users\/276"}],"replies":[{"embeddable":true,"href":"https:\/\/www.guardsmandogguards.co.uk\/de\/wp-json\/wp\/v2\/comments?post=4717"}],"version-history":[{"count":3,"href":"https:\/\/www.guardsmandogguards.co.uk\/de\/wp-json\/wp\/v2\/pages\/4717\/revisions"}],"predecessor-version":[{"id":4720,"href":"https:\/\/www.guardsmandogguards.co.uk\/de\/wp-json\/wp\/v2\/pages\/4717\/revisions\/4720"}],"wp:attachment":[{"href":"https:\/\/www.guardsmandogguards.co.uk\/de\/wp-json\/wp\/v2\/media?parent=4717"}],"curies":[{"name":"wp","href":"https:\/\/api.w.org\/{rel}","templated":true}]}}